{"id":8476,"date":"2024-02-02T08:39:21","date_gmt":"2024-02-02T07:39:21","guid":{"rendered":"https:\/\/fornimedical.ch\/product\/forni-attelle-pour-le-genou-un-panneau-50-cm-inclinaison-20-avec-silicone\/"},"modified":"2025-10-30T09:42:09","modified_gmt":"2025-10-30T08:42:09","slug":"forni-attelle-pour-le-genou-un-panneau-50-cm-inclinaison-20-avec-silicone","status":"publish","type":"product","link":"https:\/\/fornimedical.ch\/fr\/produit\/forni-attelle-pour-le-genou-un-panneau-50-cm-inclinaison-20-avec-silicone\/","title":{"rendered":"Forni Attelle pour le genou un panneau, 50\u00a0cm, flexion 20\u00b0, avec silicone"},"content":{"rendered":"<p>Les attelles pour le genou un panneau Forni sont dot\u00e9es de deux attelles en aluminium de chaque c\u00f4t\u00e9 et de fermetures velcro. Mod\u00e8le antid\u00e9rapant avec bandes en silicone \u00e0 l\u2019int\u00e9rieur. Flexion 20\u00b0. Int\u00e9rieur 100 % coton, ext\u00e9rieur 100 % polyester. Couleur Frott\u00e9e bleu. Les attelles pour le genou se lavent \u00e0 30 \u00b0C, ne pas s\u00e9cher au s\u00e8che-linge.<\/p>\n<p>Pour d\u00e9terminer la circonf\u00e9rence de la cuisse, mesurer 15 cm au-dessus du centre de la rotule.<\/p>\n<p>Veuillez observer le mode d&#8217;emploi!<\/p>\n","protected":false},"excerpt":{"rendered":"<p>Un panneau, 2\u00a0attelles en aluminium, int\u00e9rieur 100\u00a0% coton, Frott\u00e9e bleu, lavable \u00e0 30\u00a0\u00b0C<\/p>\n","protected":false},"featured_media":1290,"comment_status":"closed","ping_status":"closed","template":"","meta":{"_acf_changed":false,"site-sidebar-layout":"default","site-content-layout":"","ast-site-content-layout":"default","site-content-style":"default","site-sidebar-style":"default","ast-global-header-display":"","ast-banner-title-visibility":"","ast-main-header-display":"","ast-hfb-above-header-display":"","ast-hfb-below-header-display":"","ast-hfb-mobile-header-display":"","site-post-title":"","ast-breadcrumbs-content":"","ast-featured-img":"","footer-sml-layout":"","theme-transparent-header-meta":"default","adv-header-id-meta":"","stick-header-meta":"","header-above-stick-meta":"","header-main-stick-meta":"","header-below-stick-meta":"","astra-migrate-meta-layouts":"set","ast-page-background-enabled":"default","ast-page-background-meta":{"desktop":{"background-color":"var(--ast-global-color-4)","background-image":"","background-repeat":"repeat","background-position":"center center","background-size":"auto","background-attachment":"scroll","background-type":"","background-media":"","overlay-type":"","overlay-color":"","overlay-opacity":"","overlay-gradient":""},"tablet":{"background-color":"","background-image":"","background-repeat":"repeat","background-position":"center center","background-size":"auto","background-attachment":"scroll","background-type":"","background-media":"","overlay-type":"","overlay-color":"","overlay-opacity":"","overlay-gradient":""},"mobile":{"background-color":"","background-image":"","background-repeat":"repeat","background-position":"center center","background-size":"auto","background-attachment":"scroll","background-type":"","background-media":"","overlay-type":"","overlay-color":"","overlay-opacity":"","overlay-gradient":""}},"ast-content-background-meta":{"desktop":{"background-color":"var(--ast-global-color-5)","background-image":"","background-repeat":"repeat","background-position":"center center","background-size":"auto","background-attachment":"scroll","background-type":"","background-media":"","overlay-type":"","overlay-color":"","overlay-opacity":"","overlay-gradient":""},"tablet":{"background-color":"var(--ast-global-color-5)","background-image":"","background-repeat":"repeat","background-position":"center center","background-size":"auto","background-attachment":"scroll","background-type":"","background-media":"","overlay-type":"","overlay-color":"","overlay-opacity":"","overlay-gradient":""},"mobile":{"background-color":"var(--ast-global-color-5)","background-image":"","background-repeat":"repeat","background-position":"center center","background-size":"auto","background-attachment":"scroll","background-type":"","background-media":"","overlay-type":"","overlay-color":"","overlay-opacity":"","overlay-gradient":""}}},"product_brand":[],"product_cat":[90],"product_tag":[],"class_list":{"0":"post-8476","1":"product","2":"type-product","3":"status-publish","4":"has-post-thumbnail","6":"product_cat-beinschienen","7":"desktop-align-left","8":"tablet-align-left","9":"mobile-align-left","11":"first","12":"instock","13":"taxable","14":"shipping-taxable","15":"purchasable","16":"product-type-variable","17":"has-default-attributes","18":"add-to-wishlist-before_image"},"acf":[],"yoast_head":"<!-- This site is optimized with the Yoast SEO plugin v26.5 - https:\/\/yoast.com\/wordpress\/plugins\/seo\/ -->\n<title>Forni Attelle pour le genou un panneau, 50\u00a0cm, inclinaison 20\u00b0, avec silicone<\/title>\n<meta name=\"description\" content=\"Avec deux attelles en aluminium de chaque c\u00f4t\u00e9 et fermetures velcro. Int\u00e9rieur 100\u00a0% coton, ext\u00e9rieur 100\u00a0% polyester.\" \/>\n<meta name=\"robots\" content=\"index, follow, max-snippet:-1, max-image-preview:large, max-video-preview:-1\" \/>\n<link rel=\"canonical\" href=\"https:\/\/fornimedical.ch\/fr\/produit\/forni-attelle-pour-le-genou-un-panneau-50-cm-inclinaison-20-avec-silicone\/\" \/>\n<meta property=\"og:locale\" content=\"fr_FR\" \/>\n<meta property=\"og:type\" content=\"article\" \/>\n<meta property=\"og:title\" content=\"Forni Attelle pour le genou un panneau, 50\u00a0cm, inclinaison 20\u00b0, avec silicone\" \/>\n<meta property=\"og:description\" content=\"Avec deux attelles en aluminium de chaque c\u00f4t\u00e9 et fermetures velcro. Int\u00e9rieur 100\u00a0% coton, ext\u00e9rieur 100\u00a0% polyester.\" \/>\n<meta property=\"og:url\" content=\"https:\/\/fornimedical.ch\/fr\/produit\/forni-attelle-pour-le-genou-un-panneau-50-cm-inclinaison-20-avec-silicone\/\" \/>\n<meta property=\"og:site_name\" content=\"Forni Medical GmbH\" \/>\n<meta property=\"article:modified_time\" content=\"2025-10-30T08:42:09+00:00\" \/>\n<meta property=\"og:image\" content=\"https:\/\/fornimedical.ch\/wp-content\/uploads\/2024\/01\/forni-beinschienen_2-aluschienen_innen-100-bw_blau_waschbar-30c.jpg\" \/>\n\t<meta property=\"og:image:width\" content=\"800\" \/>\n\t<meta property=\"og:image:height\" content=\"479\" \/>\n\t<meta property=\"og:image:type\" content=\"image\/jpeg\" \/>\n<meta name=\"twitter:card\" content=\"summary_large_image\" \/>\n<meta name=\"twitter:label1\" content=\"Dur\u00e9e de lecture estim\u00e9e\" \/>\n\t<meta name=\"twitter:data1\" content=\"1 minute\" \/>\n<script type=\"application\/ld+json\" class=\"yoast-schema-graph\">{\"@context\":\"https:\/\/schema.org\",\"@graph\":[{\"@type\":\"WebPage\",\"@id\":\"https:\/\/fornimedical.ch\/fr\/produit\/forni-attelle-pour-le-genou-un-panneau-50-cm-inclinaison-20-avec-silicone\/\",\"url\":\"https:\/\/fornimedical.ch\/fr\/produit\/forni-attelle-pour-le-genou-un-panneau-50-cm-inclinaison-20-avec-silicone\/\",\"name\":\"Forni Attelle pour le genou un panneau, 50\u00a0cm, inclinaison 20\u00b0, avec silicone\",\"isPartOf\":{\"@id\":\"https:\/\/fornimedical.ch\/fr\/#website\"},\"primaryImageOfPage\":{\"@id\":\"https:\/\/fornimedical.ch\/fr\/produit\/forni-attelle-pour-le-genou-un-panneau-50-cm-inclinaison-20-avec-silicone\/#primaryimage\"},\"image\":{\"@id\":\"https:\/\/fornimedical.ch\/fr\/produit\/forni-attelle-pour-le-genou-un-panneau-50-cm-inclinaison-20-avec-silicone\/#primaryimage\"},\"thumbnailUrl\":\"https:\/\/fornimedical.ch\/wp-content\/uploads\/2024\/01\/forni-beinschienen_2-aluschienen_innen-100-bw_blau_waschbar-30c.jpg\",\"datePublished\":\"2024-02-02T07:39:21+00:00\",\"dateModified\":\"2025-10-30T08:42:09+00:00\",\"description\":\"Avec deux attelles en aluminium de chaque c\u00f4t\u00e9 et fermetures velcro. Int\u00e9rieur 100\u00a0% coton, ext\u00e9rieur 100\u00a0% polyester.\",\"breadcrumb\":{\"@id\":\"https:\/\/fornimedical.ch\/fr\/produit\/forni-attelle-pour-le-genou-un-panneau-50-cm-inclinaison-20-avec-silicone\/#breadcrumb\"},\"inLanguage\":\"fr-FR\",\"potentialAction\":[{\"@type\":\"ReadAction\",\"target\":[\"https:\/\/fornimedical.ch\/fr\/produit\/forni-attelle-pour-le-genou-un-panneau-50-cm-inclinaison-20-avec-silicone\/\"]}]},{\"@type\":\"ImageObject\",\"inLanguage\":\"fr-FR\",\"@id\":\"https:\/\/fornimedical.ch\/fr\/produit\/forni-attelle-pour-le-genou-un-panneau-50-cm-inclinaison-20-avec-silicone\/#primaryimage\",\"url\":\"https:\/\/fornimedical.ch\/wp-content\/uploads\/2024\/01\/forni-beinschienen_2-aluschienen_innen-100-bw_blau_waschbar-30c.jpg\",\"contentUrl\":\"https:\/\/fornimedical.ch\/wp-content\/uploads\/2024\/01\/forni-beinschienen_2-aluschienen_innen-100-bw_blau_waschbar-30c.jpg\",\"width\":800,\"height\":479},{\"@type\":\"BreadcrumbList\",\"@id\":\"https:\/\/fornimedical.ch\/fr\/produit\/forni-attelle-pour-le-genou-un-panneau-50-cm-inclinaison-20-avec-silicone\/#breadcrumb\",\"itemListElement\":[{\"@type\":\"ListItem\",\"position\":1,\"name\":\"Home\",\"item\":\"https:\/\/fornimedical.ch\/fr\/\"},{\"@type\":\"ListItem\",\"position\":2,\"name\":\"Archives boutique en ligne\",\"item\":\"https:\/\/fornimedical.ch\/fr\/archives-boutique-en-ligne\/\"},{\"@type\":\"ListItem\",\"position\":3,\"name\":\"Forni Attelle pour le genou un panneau, 50\u00a0cm, flexion 20\u00b0, avec silicone\"}]},{\"@type\":\"WebSite\",\"@id\":\"https:\/\/fornimedical.ch\/fr\/#website\",\"url\":\"https:\/\/fornimedical.ch\/fr\/\",\"name\":\"Forni Medical GmbH\",\"description\":\"\",\"publisher\":{\"@id\":\"https:\/\/fornimedical.ch\/fr\/#organization\"},\"potentialAction\":[{\"@type\":\"SearchAction\",\"target\":{\"@type\":\"EntryPoint\",\"urlTemplate\":\"https:\/\/fornimedical.ch\/fr\/?s={search_term_string}\"},\"query-input\":{\"@type\":\"PropertyValueSpecification\",\"valueRequired\":true,\"valueName\":\"search_term_string\"}}],\"inLanguage\":\"fr-FR\"},{\"@type\":\"Organization\",\"@id\":\"https:\/\/fornimedical.ch\/fr\/#organization\",\"name\":\"Forni Medical GmbH\",\"url\":\"https:\/\/fornimedical.ch\/fr\/\",\"logo\":{\"@type\":\"ImageObject\",\"inLanguage\":\"fr-FR\",\"@id\":\"https:\/\/fornimedical.ch\/fr\/#\/schema\/logo\/image\/\",\"url\":\"https:\/\/fornimedical.ch\/wp-content\/uploads\/2023\/08\/logo.svg\",\"contentUrl\":\"https:\/\/fornimedical.ch\/wp-content\/uploads\/2023\/08\/logo.svg\",\"caption\":\"Forni Medical GmbH\"},\"image\":{\"@id\":\"https:\/\/fornimedical.ch\/fr\/#\/schema\/logo\/image\/\"}}]}<\/script>\n<!-- \/ Yoast SEO plugin. -->","yoast_head_json":{"title":"Forni Attelle pour le genou un panneau, 50\u00a0cm, inclinaison 20\u00b0, avec silicone","description":"Avec deux attelles en aluminium de chaque c\u00f4t\u00e9 et fermetures velcro. Int\u00e9rieur 100\u00a0% coton, ext\u00e9rieur 100\u00a0% polyester.","robots":{"index":"index","follow":"follow","max-snippet":"max-snippet:-1","max-image-preview":"max-image-preview:large","max-video-preview":"max-video-preview:-1"},"canonical":"https:\/\/fornimedical.ch\/fr\/produit\/forni-attelle-pour-le-genou-un-panneau-50-cm-inclinaison-20-avec-silicone\/","og_locale":"fr_FR","og_type":"article","og_title":"Forni Attelle pour le genou un panneau, 50\u00a0cm, inclinaison 20\u00b0, avec silicone","og_description":"Avec deux attelles en aluminium de chaque c\u00f4t\u00e9 et fermetures velcro. Int\u00e9rieur 100\u00a0% coton, ext\u00e9rieur 100\u00a0% polyester.","og_url":"https:\/\/fornimedical.ch\/fr\/produit\/forni-attelle-pour-le-genou-un-panneau-50-cm-inclinaison-20-avec-silicone\/","og_site_name":"Forni Medical GmbH","article_modified_time":"2025-10-30T08:42:09+00:00","og_image":[{"width":800,"height":479,"url":"https:\/\/fornimedical.ch\/wp-content\/uploads\/2024\/01\/forni-beinschienen_2-aluschienen_innen-100-bw_blau_waschbar-30c.jpg","type":"image\/jpeg"}],"twitter_card":"summary_large_image","twitter_misc":{"Dur\u00e9e de lecture estim\u00e9e":"1 minute"},"schema":{"@context":"https:\/\/schema.org","@graph":[{"@type":"WebPage","@id":"https:\/\/fornimedical.ch\/fr\/produit\/forni-attelle-pour-le-genou-un-panneau-50-cm-inclinaison-20-avec-silicone\/","url":"https:\/\/fornimedical.ch\/fr\/produit\/forni-attelle-pour-le-genou-un-panneau-50-cm-inclinaison-20-avec-silicone\/","name":"Forni Attelle pour le genou un panneau, 50\u00a0cm, inclinaison 20\u00b0, avec silicone","isPartOf":{"@id":"https:\/\/fornimedical.ch\/fr\/#website"},"primaryImageOfPage":{"@id":"https:\/\/fornimedical.ch\/fr\/produit\/forni-attelle-pour-le-genou-un-panneau-50-cm-inclinaison-20-avec-silicone\/#primaryimage"},"image":{"@id":"https:\/\/fornimedical.ch\/fr\/produit\/forni-attelle-pour-le-genou-un-panneau-50-cm-inclinaison-20-avec-silicone\/#primaryimage"},"thumbnailUrl":"https:\/\/fornimedical.ch\/wp-content\/uploads\/2024\/01\/forni-beinschienen_2-aluschienen_innen-100-bw_blau_waschbar-30c.jpg","datePublished":"2024-02-02T07:39:21+00:00","dateModified":"2025-10-30T08:42:09+00:00","description":"Avec deux attelles en aluminium de chaque c\u00f4t\u00e9 et fermetures velcro. Int\u00e9rieur 100\u00a0% coton, ext\u00e9rieur 100\u00a0% polyester.","breadcrumb":{"@id":"https:\/\/fornimedical.ch\/fr\/produit\/forni-attelle-pour-le-genou-un-panneau-50-cm-inclinaison-20-avec-silicone\/#breadcrumb"},"inLanguage":"fr-FR","potentialAction":[{"@type":"ReadAction","target":["https:\/\/fornimedical.ch\/fr\/produit\/forni-attelle-pour-le-genou-un-panneau-50-cm-inclinaison-20-avec-silicone\/"]}]},{"@type":"ImageObject","inLanguage":"fr-FR","@id":"https:\/\/fornimedical.ch\/fr\/produit\/forni-attelle-pour-le-genou-un-panneau-50-cm-inclinaison-20-avec-silicone\/#primaryimage","url":"https:\/\/fornimedical.ch\/wp-content\/uploads\/2024\/01\/forni-beinschienen_2-aluschienen_innen-100-bw_blau_waschbar-30c.jpg","contentUrl":"https:\/\/fornimedical.ch\/wp-content\/uploads\/2024\/01\/forni-beinschienen_2-aluschienen_innen-100-bw_blau_waschbar-30c.jpg","width":800,"height":479},{"@type":"BreadcrumbList","@id":"https:\/\/fornimedical.ch\/fr\/produit\/forni-attelle-pour-le-genou-un-panneau-50-cm-inclinaison-20-avec-silicone\/#breadcrumb","itemListElement":[{"@type":"ListItem","position":1,"name":"Home","item":"https:\/\/fornimedical.ch\/fr\/"},{"@type":"ListItem","position":2,"name":"Archives boutique en ligne","item":"https:\/\/fornimedical.ch\/fr\/archives-boutique-en-ligne\/"},{"@type":"ListItem","position":3,"name":"Forni Attelle pour le genou un panneau, 50\u00a0cm, flexion 20\u00b0, avec silicone"}]},{"@type":"WebSite","@id":"https:\/\/fornimedical.ch\/fr\/#website","url":"https:\/\/fornimedical.ch\/fr\/","name":"Forni Medical GmbH","description":"","publisher":{"@id":"https:\/\/fornimedical.ch\/fr\/#organization"},"potentialAction":[{"@type":"SearchAction","target":{"@type":"EntryPoint","urlTemplate":"https:\/\/fornimedical.ch\/fr\/?s={search_term_string}"},"query-input":{"@type":"PropertyValueSpecification","valueRequired":true,"valueName":"search_term_string"}}],"inLanguage":"fr-FR"},{"@type":"Organization","@id":"https:\/\/fornimedical.ch\/fr\/#organization","name":"Forni Medical GmbH","url":"https:\/\/fornimedical.ch\/fr\/","logo":{"@type":"ImageObject","inLanguage":"fr-FR","@id":"https:\/\/fornimedical.ch\/fr\/#\/schema\/logo\/image\/","url":"https:\/\/fornimedical.ch\/wp-content\/uploads\/2023\/08\/logo.svg","contentUrl":"https:\/\/fornimedical.ch\/wp-content\/uploads\/2023\/08\/logo.svg","caption":"Forni Medical GmbH"},"image":{"@id":"https:\/\/fornimedical.ch\/fr\/#\/schema\/logo\/image\/"}}]}},"_links":{"self":[{"href":"https:\/\/fornimedical.ch\/fr\/wp-json\/wp\/v2\/product\/8476","targetHints":{"allow":["GET"]}}],"collection":[{"href":"https:\/\/fornimedical.ch\/fr\/wp-json\/wp\/v2\/product"}],"about":[{"href":"https:\/\/fornimedical.ch\/fr\/wp-json\/wp\/v2\/types\/product"}],"replies":[{"embeddable":true,"href":"https:\/\/fornimedical.ch\/fr\/wp-json\/wp\/v2\/comments?post=8476"}],"wp:featuredmedia":[{"embeddable":true,"href":"https:\/\/fornimedical.ch\/fr\/wp-json\/wp\/v2\/media\/1290"}],"wp:attachment":[{"href":"https:\/\/fornimedical.ch\/fr\/wp-json\/wp\/v2\/media?parent=8476"}],"wp:term":[{"taxonomy":"product_brand","embeddable":true,"href":"https:\/\/fornimedical.ch\/fr\/wp-json\/wp\/v2\/product_brand?post=8476"},{"taxonomy":"product_cat","embeddable":true,"href":"https:\/\/fornimedical.ch\/fr\/wp-json\/wp\/v2\/product_cat?post=8476"},{"taxonomy":"product_tag","embeddable":true,"href":"https:\/\/fornimedical.ch\/fr\/wp-json\/wp\/v2\/product_tag?post=8476"}],"curies":[{"name":"wp","href":"https:\/\/api.w.org\/{rel}","templated":true}]}}