{"id":8400,"date":"2024-02-07T13:52:29","date_gmt":"2024-02-07T13:52:29","guid":{"rendered":"https:\/\/fornimedical.ch\/product\/ceinture-abdominale-avec-baleines-hauteur-25-cm-blanche\/"},"modified":"2024-07-18T11:32:30","modified_gmt":"2024-07-18T11:32:30","slug":"ceinture-abdominale-avec-baleines-hauteur-25-cm-blanche","status":"publish","type":"product","link":"https:\/\/fornimedical.ch\/fr\/produit\/ceinture-abdominale-avec-baleines-hauteur-25-cm-blanche\/","title":{"rendered":"Ceinture abdominale avec baleines, hauteur 25\u00a0cm, blanche"},"content":{"rendered":"<p>Soutien gr\u00e2ce \u00e0 une forte compression, l\u2019orth\u00e8se est facile \u00e0 mettre en place gr\u00e2ce \u00e0 des fermetures velcro. Les 2\u00a0baleines \u00e0 droite et \u00e0 gauche dans le dos assurent un maintien suppl\u00e9mentaire. Un morceau de mousse est cousu dans la partie avant. Int\u00e9rieur lisse, ext\u00e9rieur en velours pour que le velcro puisse adh\u00e9rer. Lavage \u00e0 la main \u00e0 30\u00a0\u00b0C. Toujours fermer tous les velcros avant de laver, ne pas s\u00e9cher au s\u00e8che-linge.<\/p>\n","protected":false},"excerpt":{"rendered":"<p>Ceinture abdominale avec baleines, hauteur 25\u00a0cm, blanche, sans latex<\/p>\n","protected":false},"featured_media":2931,"comment_status":"closed","ping_status":"closed","template":"","meta":{"_acf_changed":false,"site-sidebar-layout":"default","site-content-layout":"","ast-site-content-layout":"default","site-content-style":"default","site-sidebar-style":"default","ast-global-header-display":"","ast-banner-title-visibility":"","ast-main-header-display":"","ast-hfb-above-header-display":"","ast-hfb-below-header-display":"","ast-hfb-mobile-header-display":"","site-post-title":"","ast-breadcrumbs-content":"","ast-featured-img":"","footer-sml-layout":"","theme-transparent-header-meta":"default","adv-header-id-meta":"","stick-header-meta":"","header-above-stick-meta":"","header-main-stick-meta":"","header-below-stick-meta":"","astra-migrate-meta-layouts":"default","ast-page-background-enabled":"default","ast-page-background-meta":{"desktop":{"background-color":"var(--ast-global-color-4)","background-image":"","background-repeat":"repeat","background-position":"center center","background-size":"auto","background-attachment":"scroll","background-type":"","background-media":"","overlay-type":"","overlay-color":"","overlay-opacity":"","overlay-gradient":""},"tablet":{"background-color":"","background-image":"","background-repeat":"repeat","background-position":"center center","background-size":"auto","background-attachment":"scroll","background-type":"","background-media":"","overlay-type":"","overlay-color":"","overlay-opacity":"","overlay-gradient":""},"mobile":{"background-color":"","background-image":"","background-repeat":"repeat","background-position":"center center","background-size":"auto","background-attachment":"scroll","background-type":"","background-media":"","overlay-type":"","overlay-color":"","overlay-opacity":"","overlay-gradient":""}},"ast-content-background-meta":{"desktop":{"background-color":"var(--ast-global-color-5)","background-image":"","background-repeat":"repeat","background-position":"center center","background-size":"auto","background-attachment":"scroll","background-type":"","background-media":"","overlay-type":"","overlay-color":"","overlay-opacity":"","overlay-gradient":""},"tablet":{"background-color":"var(--ast-global-color-5)","background-image":"","background-repeat":"repeat","background-position":"center center","background-size":"auto","background-attachment":"scroll","background-type":"","background-media":"","overlay-type":"","overlay-color":"","overlay-opacity":"","overlay-gradient":""},"mobile":{"background-color":"var(--ast-global-color-5)","background-image":"","background-repeat":"repeat","background-position":"center center","background-size":"auto","background-attachment":"scroll","background-type":"","background-media":"","overlay-type":"","overlay-color":"","overlay-opacity":"","overlay-gradient":""}}},"product_brand":[],"product_cat":[532],"product_tag":[],"class_list":{"0":"post-8400","1":"product","2":"type-product","3":"status-publish","4":"has-post-thumbnail","6":"product_cat-ceintures-abdominales","7":"desktop-align-left","8":"tablet-align-left","9":"mobile-align-left","11":"first","12":"instock","13":"taxable","14":"shipping-taxable","15":"purchasable","16":"product-type-variable","17":"has-default-attributes","18":"add-to-wishlist-before_image"},"acf":[],"yoast_head":"<!-- This site is optimized with the Yoast SEO plugin v26.5 - https:\/\/yoast.com\/wordpress\/plugins\/seo\/ -->\n<title>Ceinture abdominale avec baleines, hauteur 25\u00a0cm, blanche, sans latex<\/title>\n<meta name=\"description\" content=\"Ceinture abdominale avec baleines, hauteur 25\u00a0cm, blanche, sans latex, 84\u00a0% coton, 16\u00a0% \u00e9lasthanne, avec fermeture velcro, lavage \u00e0 la main jusqu\u2019\u00e0 30\u00a0\u00b0C\" \/>\n<meta name=\"robots\" content=\"index, follow, max-snippet:-1, max-image-preview:large, max-video-preview:-1\" \/>\n<link rel=\"canonical\" href=\"https:\/\/fornimedical.ch\/fr\/produit\/ceinture-abdominale-avec-baleines-hauteur-25-cm-blanche\/\" \/>\n<meta property=\"og:locale\" content=\"fr_FR\" \/>\n<meta property=\"og:type\" content=\"article\" \/>\n<meta property=\"og:title\" content=\"Ceinture abdominale avec baleines, hauteur 25\u00a0cm, blanche, sans latex\" \/>\n<meta property=\"og:description\" content=\"Ceinture abdominale avec baleines, hauteur 25\u00a0cm, blanche, sans latex, 84\u00a0% coton, 16\u00a0% \u00e9lasthanne, avec fermeture velcro, lavage \u00e0 la main jusqu\u2019\u00e0 30\u00a0\u00b0C\" \/>\n<meta property=\"og:url\" content=\"https:\/\/fornimedical.ch\/fr\/produit\/ceinture-abdominale-avec-baleines-hauteur-25-cm-blanche\/\" \/>\n<meta property=\"og:site_name\" content=\"Forni Medical GmbH\" \/>\n<meta property=\"article:modified_time\" content=\"2024-07-18T11:32:30+00:00\" \/>\n<meta property=\"og:image\" content=\"https:\/\/fornimedical.ch\/wp-content\/uploads\/2024\/03\/forni-medical_bauchbandage_mit-staebchen_25-cm_weiss.jpg\" \/>\n\t<meta property=\"og:image:width\" content=\"2481\" \/>\n\t<meta property=\"og:image:height\" content=\"1487\" \/>\n\t<meta property=\"og:image:type\" content=\"image\/jpeg\" \/>\n<meta name=\"twitter:card\" content=\"summary_large_image\" \/>\n<script type=\"application\/ld+json\" class=\"yoast-schema-graph\">{\"@context\":\"https:\/\/schema.org\",\"@graph\":[{\"@type\":\"WebPage\",\"@id\":\"https:\/\/fornimedical.ch\/fr\/produit\/ceinture-abdominale-avec-baleines-hauteur-25-cm-blanche\/\",\"url\":\"https:\/\/fornimedical.ch\/fr\/produit\/ceinture-abdominale-avec-baleines-hauteur-25-cm-blanche\/\",\"name\":\"Ceinture abdominale avec baleines, hauteur 25\u00a0cm, blanche, sans latex\",\"isPartOf\":{\"@id\":\"https:\/\/fornimedical.ch\/fr\/#website\"},\"primaryImageOfPage\":{\"@id\":\"https:\/\/fornimedical.ch\/fr\/produit\/ceinture-abdominale-avec-baleines-hauteur-25-cm-blanche\/#primaryimage\"},\"image\":{\"@id\":\"https:\/\/fornimedical.ch\/fr\/produit\/ceinture-abdominale-avec-baleines-hauteur-25-cm-blanche\/#primaryimage\"},\"thumbnailUrl\":\"https:\/\/fornimedical.ch\/wp-content\/uploads\/2024\/03\/forni-medical_bauchbandage_mit-staebchen_25-cm_weiss.jpg\",\"datePublished\":\"2024-02-07T13:52:29+00:00\",\"dateModified\":\"2024-07-18T11:32:30+00:00\",\"description\":\"Ceinture abdominale avec baleines, hauteur 25\u00a0cm, blanche, sans latex, 84\u00a0% coton, 16\u00a0% \u00e9lasthanne, avec fermeture velcro, lavage \u00e0 la main jusqu\u2019\u00e0 30\u00a0\u00b0C\",\"breadcrumb\":{\"@id\":\"https:\/\/fornimedical.ch\/fr\/produit\/ceinture-abdominale-avec-baleines-hauteur-25-cm-blanche\/#breadcrumb\"},\"inLanguage\":\"fr-FR\",\"potentialAction\":[{\"@type\":\"ReadAction\",\"target\":[\"https:\/\/fornimedical.ch\/fr\/produit\/ceinture-abdominale-avec-baleines-hauteur-25-cm-blanche\/\"]}]},{\"@type\":\"ImageObject\",\"inLanguage\":\"fr-FR\",\"@id\":\"https:\/\/fornimedical.ch\/fr\/produit\/ceinture-abdominale-avec-baleines-hauteur-25-cm-blanche\/#primaryimage\",\"url\":\"https:\/\/fornimedical.ch\/wp-content\/uploads\/2024\/03\/forni-medical_bauchbandage_mit-staebchen_25-cm_weiss.jpg\",\"contentUrl\":\"https:\/\/fornimedical.ch\/wp-content\/uploads\/2024\/03\/forni-medical_bauchbandage_mit-staebchen_25-cm_weiss.jpg\",\"width\":2481,\"height\":1487,\"caption\":\"Forni Medical Bauchbandage mit St\u00e4bchen, 25 cm hoch, weiss\"},{\"@type\":\"BreadcrumbList\",\"@id\":\"https:\/\/fornimedical.ch\/fr\/produit\/ceinture-abdominale-avec-baleines-hauteur-25-cm-blanche\/#breadcrumb\",\"itemListElement\":[{\"@type\":\"ListItem\",\"position\":1,\"name\":\"Home\",\"item\":\"https:\/\/fornimedical.ch\/fr\/\"},{\"@type\":\"ListItem\",\"position\":2,\"name\":\"Archives boutique en ligne\",\"item\":\"https:\/\/fornimedical.ch\/fr\/archives-boutique-en-ligne\/\"},{\"@type\":\"ListItem\",\"position\":3,\"name\":\"Ceinture abdominale avec baleines, hauteur 25\u00a0cm, blanche\"}]},{\"@type\":\"WebSite\",\"@id\":\"https:\/\/fornimedical.ch\/fr\/#website\",\"url\":\"https:\/\/fornimedical.ch\/fr\/\",\"name\":\"Forni Medical GmbH\",\"description\":\"\",\"publisher\":{\"@id\":\"https:\/\/fornimedical.ch\/fr\/#organization\"},\"potentialAction\":[{\"@type\":\"SearchAction\",\"target\":{\"@type\":\"EntryPoint\",\"urlTemplate\":\"https:\/\/fornimedical.ch\/fr\/?s={search_term_string}\"},\"query-input\":{\"@type\":\"PropertyValueSpecification\",\"valueRequired\":true,\"valueName\":\"search_term_string\"}}],\"inLanguage\":\"fr-FR\"},{\"@type\":\"Organization\",\"@id\":\"https:\/\/fornimedical.ch\/fr\/#organization\",\"name\":\"Forni Medical GmbH\",\"url\":\"https:\/\/fornimedical.ch\/fr\/\",\"logo\":{\"@type\":\"ImageObject\",\"inLanguage\":\"fr-FR\",\"@id\":\"https:\/\/fornimedical.ch\/fr\/#\/schema\/logo\/image\/\",\"url\":\"https:\/\/fornimedical.ch\/wp-content\/uploads\/2023\/08\/logo.svg\",\"contentUrl\":\"https:\/\/fornimedical.ch\/wp-content\/uploads\/2023\/08\/logo.svg\",\"caption\":\"Forni Medical GmbH\"},\"image\":{\"@id\":\"https:\/\/fornimedical.ch\/fr\/#\/schema\/logo\/image\/\"}}]}<\/script>\n<!-- \/ Yoast SEO plugin. -->","yoast_head_json":{"title":"Ceinture abdominale avec baleines, hauteur 25\u00a0cm, blanche, sans latex","description":"Ceinture abdominale avec baleines, hauteur 25\u00a0cm, blanche, sans latex, 84\u00a0% coton, 16\u00a0% \u00e9lasthanne, avec fermeture velcro, lavage \u00e0 la main jusqu\u2019\u00e0 30\u00a0\u00b0C","robots":{"index":"index","follow":"follow","max-snippet":"max-snippet:-1","max-image-preview":"max-image-preview:large","max-video-preview":"max-video-preview:-1"},"canonical":"https:\/\/fornimedical.ch\/fr\/produit\/ceinture-abdominale-avec-baleines-hauteur-25-cm-blanche\/","og_locale":"fr_FR","og_type":"article","og_title":"Ceinture abdominale avec baleines, hauteur 25\u00a0cm, blanche, sans latex","og_description":"Ceinture abdominale avec baleines, hauteur 25\u00a0cm, blanche, sans latex, 84\u00a0% coton, 16\u00a0% \u00e9lasthanne, avec fermeture velcro, lavage \u00e0 la main jusqu\u2019\u00e0 30\u00a0\u00b0C","og_url":"https:\/\/fornimedical.ch\/fr\/produit\/ceinture-abdominale-avec-baleines-hauteur-25-cm-blanche\/","og_site_name":"Forni Medical GmbH","article_modified_time":"2024-07-18T11:32:30+00:00","og_image":[{"width":2481,"height":1487,"url":"https:\/\/fornimedical.ch\/wp-content\/uploads\/2024\/03\/forni-medical_bauchbandage_mit-staebchen_25-cm_weiss.jpg","type":"image\/jpeg"}],"twitter_card":"summary_large_image","schema":{"@context":"https:\/\/schema.org","@graph":[{"@type":"WebPage","@id":"https:\/\/fornimedical.ch\/fr\/produit\/ceinture-abdominale-avec-baleines-hauteur-25-cm-blanche\/","url":"https:\/\/fornimedical.ch\/fr\/produit\/ceinture-abdominale-avec-baleines-hauteur-25-cm-blanche\/","name":"Ceinture abdominale avec baleines, hauteur 25\u00a0cm, blanche, sans latex","isPartOf":{"@id":"https:\/\/fornimedical.ch\/fr\/#website"},"primaryImageOfPage":{"@id":"https:\/\/fornimedical.ch\/fr\/produit\/ceinture-abdominale-avec-baleines-hauteur-25-cm-blanche\/#primaryimage"},"image":{"@id":"https:\/\/fornimedical.ch\/fr\/produit\/ceinture-abdominale-avec-baleines-hauteur-25-cm-blanche\/#primaryimage"},"thumbnailUrl":"https:\/\/fornimedical.ch\/wp-content\/uploads\/2024\/03\/forni-medical_bauchbandage_mit-staebchen_25-cm_weiss.jpg","datePublished":"2024-02-07T13:52:29+00:00","dateModified":"2024-07-18T11:32:30+00:00","description":"Ceinture abdominale avec baleines, hauteur 25\u00a0cm, blanche, sans latex, 84\u00a0% coton, 16\u00a0% \u00e9lasthanne, avec fermeture velcro, lavage \u00e0 la main jusqu\u2019\u00e0 30\u00a0\u00b0C","breadcrumb":{"@id":"https:\/\/fornimedical.ch\/fr\/produit\/ceinture-abdominale-avec-baleines-hauteur-25-cm-blanche\/#breadcrumb"},"inLanguage":"fr-FR","potentialAction":[{"@type":"ReadAction","target":["https:\/\/fornimedical.ch\/fr\/produit\/ceinture-abdominale-avec-baleines-hauteur-25-cm-blanche\/"]}]},{"@type":"ImageObject","inLanguage":"fr-FR","@id":"https:\/\/fornimedical.ch\/fr\/produit\/ceinture-abdominale-avec-baleines-hauteur-25-cm-blanche\/#primaryimage","url":"https:\/\/fornimedical.ch\/wp-content\/uploads\/2024\/03\/forni-medical_bauchbandage_mit-staebchen_25-cm_weiss.jpg","contentUrl":"https:\/\/fornimedical.ch\/wp-content\/uploads\/2024\/03\/forni-medical_bauchbandage_mit-staebchen_25-cm_weiss.jpg","width":2481,"height":1487,"caption":"Forni Medical Bauchbandage mit St\u00e4bchen, 25 cm hoch, weiss"},{"@type":"BreadcrumbList","@id":"https:\/\/fornimedical.ch\/fr\/produit\/ceinture-abdominale-avec-baleines-hauteur-25-cm-blanche\/#breadcrumb","itemListElement":[{"@type":"ListItem","position":1,"name":"Home","item":"https:\/\/fornimedical.ch\/fr\/"},{"@type":"ListItem","position":2,"name":"Archives boutique en ligne","item":"https:\/\/fornimedical.ch\/fr\/archives-boutique-en-ligne\/"},{"@type":"ListItem","position":3,"name":"Ceinture abdominale avec baleines, hauteur 25\u00a0cm, blanche"}]},{"@type":"WebSite","@id":"https:\/\/fornimedical.ch\/fr\/#website","url":"https:\/\/fornimedical.ch\/fr\/","name":"Forni Medical GmbH","description":"","publisher":{"@id":"https:\/\/fornimedical.ch\/fr\/#organization"},"potentialAction":[{"@type":"SearchAction","target":{"@type":"EntryPoint","urlTemplate":"https:\/\/fornimedical.ch\/fr\/?s={search_term_string}"},"query-input":{"@type":"PropertyValueSpecification","valueRequired":true,"valueName":"search_term_string"}}],"inLanguage":"fr-FR"},{"@type":"Organization","@id":"https:\/\/fornimedical.ch\/fr\/#organization","name":"Forni Medical GmbH","url":"https:\/\/fornimedical.ch\/fr\/","logo":{"@type":"ImageObject","inLanguage":"fr-FR","@id":"https:\/\/fornimedical.ch\/fr\/#\/schema\/logo\/image\/","url":"https:\/\/fornimedical.ch\/wp-content\/uploads\/2023\/08\/logo.svg","contentUrl":"https:\/\/fornimedical.ch\/wp-content\/uploads\/2023\/08\/logo.svg","caption":"Forni Medical GmbH"},"image":{"@id":"https:\/\/fornimedical.ch\/fr\/#\/schema\/logo\/image\/"}}]}},"_links":{"self":[{"href":"https:\/\/fornimedical.ch\/fr\/wp-json\/wp\/v2\/product\/8400","targetHints":{"allow":["GET"]}}],"collection":[{"href":"https:\/\/fornimedical.ch\/fr\/wp-json\/wp\/v2\/product"}],"about":[{"href":"https:\/\/fornimedical.ch\/fr\/wp-json\/wp\/v2\/types\/product"}],"replies":[{"embeddable":true,"href":"https:\/\/fornimedical.ch\/fr\/wp-json\/wp\/v2\/comments?post=8400"}],"wp:featuredmedia":[{"embeddable":true,"href":"https:\/\/fornimedical.ch\/fr\/wp-json\/wp\/v2\/media\/2931"}],"wp:attachment":[{"href":"https:\/\/fornimedical.ch\/fr\/wp-json\/wp\/v2\/media?parent=8400"}],"wp:term":[{"taxonomy":"product_brand","embeddable":true,"href":"https:\/\/fornimedical.ch\/fr\/wp-json\/wp\/v2\/product_brand?post=8400"},{"taxonomy":"product_cat","embeddable":true,"href":"https:\/\/fornimedical.ch\/fr\/wp-json\/wp\/v2\/product_cat?post=8400"},{"taxonomy":"product_tag","embeddable":true,"href":"https:\/\/fornimedical.ch\/fr\/wp-json\/wp\/v2\/product_tag?post=8400"}],"curies":[{"name":"wp","href":"https:\/\/api.w.org\/{rel}","templated":true}]}}