{"id":8343,"date":"2024-02-09T14:30:16","date_gmt":"2024-02-09T14:30:16","guid":{"rendered":"https:\/\/fornimedical.ch\/product\/ceinture-de-grossesse-grise-sans-latex-materiau-respirant\/"},"modified":"2026-02-13T14:16:37","modified_gmt":"2026-02-13T13:16:37","slug":"ceinture-de-grossesse-grise-sans-latex-materiau-respirant","status":"publish","type":"product","link":"https:\/\/fornimedical.ch\/fr\/produit\/ceinture-de-grossesse-grise-sans-latex-materiau-respirant\/","title":{"rendered":"Ceinture de grossesse, sans latex, mat\u00e9riau respirant"},"content":{"rendered":"<p>Ceinture de grossesse en mat\u00e9riau respirant, dot\u00e9e d\u2019un dispositif de tension lat\u00e9ral qui permet un ajustement individuel. Avec syst\u00e8me d\u2019ouverture et de fermeture rapides (fermeture velcro). Avec tiges en plastique. Pour les derni\u00e8res semaines de grossesse. Lavage \u00e0 la main \u00e0 30\u00a0\u00b0C. Toujours fermer tous les velcros avant de laver, ne pas s\u00e9cher au s\u00e8che-linge.<\/p>\n","protected":false},"excerpt":{"rendered":"<p>grise ou blanche, sans latex, mat\u00e9riau respirant<\/p>\n","protected":false},"featured_media":2952,"comment_status":"closed","ping_status":"closed","template":"","meta":{"_acf_changed":false,"site-sidebar-layout":"default","site-content-layout":"","ast-site-content-layout":"default","site-content-style":"default","site-sidebar-style":"default","ast-global-header-display":"","ast-banner-title-visibility":"","ast-main-header-display":"","ast-hfb-above-header-display":"","ast-hfb-below-header-display":"","ast-hfb-mobile-header-display":"","site-post-title":"","ast-breadcrumbs-content":"","ast-featured-img":"","footer-sml-layout":"","theme-transparent-header-meta":"default","adv-header-id-meta":"","stick-header-meta":"","header-above-stick-meta":"","header-main-stick-meta":"","header-below-stick-meta":"","astra-migrate-meta-layouts":"set","ast-page-background-enabled":"default","ast-page-background-meta":{"desktop":{"background-color":"var(--ast-global-color-4)","background-image":"","background-repeat":"repeat","background-position":"center center","background-size":"auto","background-attachment":"scroll","background-type":"","background-media":"","overlay-type":"","overlay-color":"","overlay-opacity":"","overlay-gradient":""},"tablet":{"background-color":"","background-image":"","background-repeat":"repeat","background-position":"center center","background-size":"auto","background-attachment":"scroll","background-type":"","background-media":"","overlay-type":"","overlay-color":"","overlay-opacity":"","overlay-gradient":""},"mobile":{"background-color":"","background-image":"","background-repeat":"repeat","background-position":"center center","background-size":"auto","background-attachment":"scroll","background-type":"","background-media":"","overlay-type":"","overlay-color":"","overlay-opacity":"","overlay-gradient":""}},"ast-content-background-meta":{"desktop":{"background-color":"var(--ast-global-color-5)","background-image":"","background-repeat":"repeat","background-position":"center center","background-size":"auto","background-attachment":"scroll","background-type":"","background-media":"","overlay-type":"","overlay-color":"","overlay-opacity":"","overlay-gradient":""},"tablet":{"background-color":"var(--ast-global-color-5)","background-image":"","background-repeat":"repeat","background-position":"center center","background-size":"auto","background-attachment":"scroll","background-type":"","background-media":"","overlay-type":"","overlay-color":"","overlay-opacity":"","overlay-gradient":""},"mobile":{"background-color":"var(--ast-global-color-5)","background-image":"","background-repeat":"repeat","background-position":"center center","background-size":"auto","background-attachment":"scroll","background-type":"","background-media":"","overlay-type":"","overlay-color":"","overlay-opacity":"","overlay-gradient":""}}},"product_brand":[],"product_cat":[593],"product_tag":[],"class_list":{"0":"post-8343","1":"product","2":"type-product","3":"status-publish","4":"has-post-thumbnail","6":"product_cat-ceintures-de-grossesse","7":"desktop-align-left","8":"tablet-align-left","9":"mobile-align-left","11":"first","12":"instock","13":"taxable","14":"shipping-taxable","15":"purchasable","16":"product-type-variable","17":"has-default-attributes","18":"add-to-wishlist-before_image"},"acf":[],"yoast_head":"<!-- This site is optimized with the Yoast SEO plugin v26.5 - https:\/\/yoast.com\/wordpress\/plugins\/seo\/ -->\n<title>Ceinture de grossesse, grise, sans latex, mat\u00e9riau respirant<\/title>\n<meta name=\"description\" content=\"Ceinture de grossesse, grise, sans latex, mat\u00e9riau respirant, 77\u00a0% polyamide, 23\u00a0% \u00e9lasthanne, avec fermeture velcro, lavage \u00e0 la main jusqu\u2019\u00e0 30\u00a0\u00b0C\" \/>\n<meta name=\"robots\" content=\"index, follow, max-snippet:-1, max-image-preview:large, max-video-preview:-1\" \/>\n<link rel=\"canonical\" href=\"https:\/\/fornimedical.ch\/fr\/produit\/ceinture-de-grossesse-grise-sans-latex-materiau-respirant\/\" \/>\n<meta property=\"og:locale\" content=\"fr_FR\" \/>\n<meta property=\"og:type\" content=\"article\" \/>\n<meta property=\"og:title\" content=\"Ceinture de grossesse, grise, sans latex, mat\u00e9riau respirant\" \/>\n<meta property=\"og:description\" content=\"Ceinture de grossesse, grise, sans latex, mat\u00e9riau respirant, 77\u00a0% polyamide, 23\u00a0% \u00e9lasthanne, avec fermeture velcro, lavage \u00e0 la main jusqu\u2019\u00e0 30\u00a0\u00b0C\" \/>\n<meta property=\"og:url\" content=\"https:\/\/fornimedical.ch\/fr\/produit\/ceinture-de-grossesse-grise-sans-latex-materiau-respirant\/\" \/>\n<meta property=\"og:site_name\" content=\"Forni Medical GmbH\" \/>\n<meta property=\"article:modified_time\" content=\"2026-02-13T13:16:37+00:00\" \/>\n<meta property=\"og:image\" content=\"https:\/\/fornimedical.ch\/wp-content\/uploads\/2024\/03\/forni-medical_schwangerschaftsgurt_grau.jpg\" \/>\n\t<meta property=\"og:image:width\" content=\"2481\" \/>\n\t<meta property=\"og:image:height\" content=\"1487\" \/>\n\t<meta property=\"og:image:type\" content=\"image\/jpeg\" \/>\n<meta name=\"twitter:card\" content=\"summary_large_image\" \/>\n<meta name=\"twitter:label1\" content=\"Dur\u00e9e de lecture estim\u00e9e\" \/>\n\t<meta name=\"twitter:data1\" content=\"1 minute\" \/>\n<script type=\"application\/ld+json\" class=\"yoast-schema-graph\">{\"@context\":\"https:\/\/schema.org\",\"@graph\":[{\"@type\":\"WebPage\",\"@id\":\"https:\/\/fornimedical.ch\/fr\/produit\/ceinture-de-grossesse-grise-sans-latex-materiau-respirant\/\",\"url\":\"https:\/\/fornimedical.ch\/fr\/produit\/ceinture-de-grossesse-grise-sans-latex-materiau-respirant\/\",\"name\":\"Ceinture de grossesse, grise, sans latex, mat\u00e9riau respirant\",\"isPartOf\":{\"@id\":\"https:\/\/fornimedical.ch\/fr\/#website\"},\"primaryImageOfPage\":{\"@id\":\"https:\/\/fornimedical.ch\/fr\/produit\/ceinture-de-grossesse-grise-sans-latex-materiau-respirant\/#primaryimage\"},\"image\":{\"@id\":\"https:\/\/fornimedical.ch\/fr\/produit\/ceinture-de-grossesse-grise-sans-latex-materiau-respirant\/#primaryimage\"},\"thumbnailUrl\":\"https:\/\/fornimedical.ch\/wp-content\/uploads\/2024\/03\/forni-medical_schwangerschaftsgurt_grau.jpg\",\"datePublished\":\"2024-02-09T14:30:16+00:00\",\"dateModified\":\"2026-02-13T13:16:37+00:00\",\"description\":\"Ceinture de grossesse, grise, sans latex, mat\u00e9riau respirant, 77\u00a0% polyamide, 23\u00a0% \u00e9lasthanne, avec fermeture velcro, lavage \u00e0 la main jusqu\u2019\u00e0 30\u00a0\u00b0C\",\"breadcrumb\":{\"@id\":\"https:\/\/fornimedical.ch\/fr\/produit\/ceinture-de-grossesse-grise-sans-latex-materiau-respirant\/#breadcrumb\"},\"inLanguage\":\"fr-FR\",\"potentialAction\":[{\"@type\":\"ReadAction\",\"target\":[\"https:\/\/fornimedical.ch\/fr\/produit\/ceinture-de-grossesse-grise-sans-latex-materiau-respirant\/\"]}]},{\"@type\":\"ImageObject\",\"inLanguage\":\"fr-FR\",\"@id\":\"https:\/\/fornimedical.ch\/fr\/produit\/ceinture-de-grossesse-grise-sans-latex-materiau-respirant\/#primaryimage\",\"url\":\"https:\/\/fornimedical.ch\/wp-content\/uploads\/2024\/03\/forni-medical_schwangerschaftsgurt_grau.jpg\",\"contentUrl\":\"https:\/\/fornimedical.ch\/wp-content\/uploads\/2024\/03\/forni-medical_schwangerschaftsgurt_grau.jpg\",\"width\":2481,\"height\":1487,\"caption\":\"Forni Medical Schwangerschaftsgurt, grau, latexfrei, atmungsaktiv\"},{\"@type\":\"BreadcrumbList\",\"@id\":\"https:\/\/fornimedical.ch\/fr\/produit\/ceinture-de-grossesse-grise-sans-latex-materiau-respirant\/#breadcrumb\",\"itemListElement\":[{\"@type\":\"ListItem\",\"position\":1,\"name\":\"Home\",\"item\":\"https:\/\/fornimedical.ch\/fr\/\"},{\"@type\":\"ListItem\",\"position\":2,\"name\":\"Archives boutique en ligne\",\"item\":\"https:\/\/fornimedical.ch\/fr\/archives-boutique-en-ligne\/\"},{\"@type\":\"ListItem\",\"position\":3,\"name\":\"Ceinture de grossesse, sans latex, mat\u00e9riau respirant\"}]},{\"@type\":\"WebSite\",\"@id\":\"https:\/\/fornimedical.ch\/fr\/#website\",\"url\":\"https:\/\/fornimedical.ch\/fr\/\",\"name\":\"Forni Medical GmbH\",\"description\":\"\",\"publisher\":{\"@id\":\"https:\/\/fornimedical.ch\/fr\/#organization\"},\"potentialAction\":[{\"@type\":\"SearchAction\",\"target\":{\"@type\":\"EntryPoint\",\"urlTemplate\":\"https:\/\/fornimedical.ch\/fr\/?s={search_term_string}\"},\"query-input\":{\"@type\":\"PropertyValueSpecification\",\"valueRequired\":true,\"valueName\":\"search_term_string\"}}],\"inLanguage\":\"fr-FR\"},{\"@type\":\"Organization\",\"@id\":\"https:\/\/fornimedical.ch\/fr\/#organization\",\"name\":\"Forni Medical GmbH\",\"url\":\"https:\/\/fornimedical.ch\/fr\/\",\"logo\":{\"@type\":\"ImageObject\",\"inLanguage\":\"fr-FR\",\"@id\":\"https:\/\/fornimedical.ch\/fr\/#\/schema\/logo\/image\/\",\"url\":\"https:\/\/fornimedical.ch\/wp-content\/uploads\/2023\/08\/logo.svg\",\"contentUrl\":\"https:\/\/fornimedical.ch\/wp-content\/uploads\/2023\/08\/logo.svg\",\"caption\":\"Forni Medical GmbH\"},\"image\":{\"@id\":\"https:\/\/fornimedical.ch\/fr\/#\/schema\/logo\/image\/\"}}]}<\/script>\n<!-- \/ Yoast SEO plugin. -->","yoast_head_json":{"title":"Ceinture de grossesse, grise, sans latex, mat\u00e9riau respirant","description":"Ceinture de grossesse, grise, sans latex, mat\u00e9riau respirant, 77\u00a0% polyamide, 23\u00a0% \u00e9lasthanne, avec fermeture velcro, lavage \u00e0 la main jusqu\u2019\u00e0 30\u00a0\u00b0C","robots":{"index":"index","follow":"follow","max-snippet":"max-snippet:-1","max-image-preview":"max-image-preview:large","max-video-preview":"max-video-preview:-1"},"canonical":"https:\/\/fornimedical.ch\/fr\/produit\/ceinture-de-grossesse-grise-sans-latex-materiau-respirant\/","og_locale":"fr_FR","og_type":"article","og_title":"Ceinture de grossesse, grise, sans latex, mat\u00e9riau respirant","og_description":"Ceinture de grossesse, grise, sans latex, mat\u00e9riau respirant, 77\u00a0% polyamide, 23\u00a0% \u00e9lasthanne, avec fermeture velcro, lavage \u00e0 la main jusqu\u2019\u00e0 30\u00a0\u00b0C","og_url":"https:\/\/fornimedical.ch\/fr\/produit\/ceinture-de-grossesse-grise-sans-latex-materiau-respirant\/","og_site_name":"Forni Medical GmbH","article_modified_time":"2026-02-13T13:16:37+00:00","og_image":[{"width":2481,"height":1487,"url":"https:\/\/fornimedical.ch\/wp-content\/uploads\/2024\/03\/forni-medical_schwangerschaftsgurt_grau.jpg","type":"image\/jpeg"}],"twitter_card":"summary_large_image","twitter_misc":{"Dur\u00e9e de lecture estim\u00e9e":"1 minute"},"schema":{"@context":"https:\/\/schema.org","@graph":[{"@type":"WebPage","@id":"https:\/\/fornimedical.ch\/fr\/produit\/ceinture-de-grossesse-grise-sans-latex-materiau-respirant\/","url":"https:\/\/fornimedical.ch\/fr\/produit\/ceinture-de-grossesse-grise-sans-latex-materiau-respirant\/","name":"Ceinture de grossesse, grise, sans latex, mat\u00e9riau respirant","isPartOf":{"@id":"https:\/\/fornimedical.ch\/fr\/#website"},"primaryImageOfPage":{"@id":"https:\/\/fornimedical.ch\/fr\/produit\/ceinture-de-grossesse-grise-sans-latex-materiau-respirant\/#primaryimage"},"image":{"@id":"https:\/\/fornimedical.ch\/fr\/produit\/ceinture-de-grossesse-grise-sans-latex-materiau-respirant\/#primaryimage"},"thumbnailUrl":"https:\/\/fornimedical.ch\/wp-content\/uploads\/2024\/03\/forni-medical_schwangerschaftsgurt_grau.jpg","datePublished":"2024-02-09T14:30:16+00:00","dateModified":"2026-02-13T13:16:37+00:00","description":"Ceinture de grossesse, grise, sans latex, mat\u00e9riau respirant, 77\u00a0% polyamide, 23\u00a0% \u00e9lasthanne, avec fermeture velcro, lavage \u00e0 la main jusqu\u2019\u00e0 30\u00a0\u00b0C","breadcrumb":{"@id":"https:\/\/fornimedical.ch\/fr\/produit\/ceinture-de-grossesse-grise-sans-latex-materiau-respirant\/#breadcrumb"},"inLanguage":"fr-FR","potentialAction":[{"@type":"ReadAction","target":["https:\/\/fornimedical.ch\/fr\/produit\/ceinture-de-grossesse-grise-sans-latex-materiau-respirant\/"]}]},{"@type":"ImageObject","inLanguage":"fr-FR","@id":"https:\/\/fornimedical.ch\/fr\/produit\/ceinture-de-grossesse-grise-sans-latex-materiau-respirant\/#primaryimage","url":"https:\/\/fornimedical.ch\/wp-content\/uploads\/2024\/03\/forni-medical_schwangerschaftsgurt_grau.jpg","contentUrl":"https:\/\/fornimedical.ch\/wp-content\/uploads\/2024\/03\/forni-medical_schwangerschaftsgurt_grau.jpg","width":2481,"height":1487,"caption":"Forni Medical Schwangerschaftsgurt, grau, latexfrei, atmungsaktiv"},{"@type":"BreadcrumbList","@id":"https:\/\/fornimedical.ch\/fr\/produit\/ceinture-de-grossesse-grise-sans-latex-materiau-respirant\/#breadcrumb","itemListElement":[{"@type":"ListItem","position":1,"name":"Home","item":"https:\/\/fornimedical.ch\/fr\/"},{"@type":"ListItem","position":2,"name":"Archives boutique en ligne","item":"https:\/\/fornimedical.ch\/fr\/archives-boutique-en-ligne\/"},{"@type":"ListItem","position":3,"name":"Ceinture de grossesse, sans latex, mat\u00e9riau respirant"}]},{"@type":"WebSite","@id":"https:\/\/fornimedical.ch\/fr\/#website","url":"https:\/\/fornimedical.ch\/fr\/","name":"Forni Medical GmbH","description":"","publisher":{"@id":"https:\/\/fornimedical.ch\/fr\/#organization"},"potentialAction":[{"@type":"SearchAction","target":{"@type":"EntryPoint","urlTemplate":"https:\/\/fornimedical.ch\/fr\/?s={search_term_string}"},"query-input":{"@type":"PropertyValueSpecification","valueRequired":true,"valueName":"search_term_string"}}],"inLanguage":"fr-FR"},{"@type":"Organization","@id":"https:\/\/fornimedical.ch\/fr\/#organization","name":"Forni Medical GmbH","url":"https:\/\/fornimedical.ch\/fr\/","logo":{"@type":"ImageObject","inLanguage":"fr-FR","@id":"https:\/\/fornimedical.ch\/fr\/#\/schema\/logo\/image\/","url":"https:\/\/fornimedical.ch\/wp-content\/uploads\/2023\/08\/logo.svg","contentUrl":"https:\/\/fornimedical.ch\/wp-content\/uploads\/2023\/08\/logo.svg","caption":"Forni Medical GmbH"},"image":{"@id":"https:\/\/fornimedical.ch\/fr\/#\/schema\/logo\/image\/"}}]}},"_links":{"self":[{"href":"https:\/\/fornimedical.ch\/fr\/wp-json\/wp\/v2\/product\/8343","targetHints":{"allow":["GET"]}}],"collection":[{"href":"https:\/\/fornimedical.ch\/fr\/wp-json\/wp\/v2\/product"}],"about":[{"href":"https:\/\/fornimedical.ch\/fr\/wp-json\/wp\/v2\/types\/product"}],"replies":[{"embeddable":true,"href":"https:\/\/fornimedical.ch\/fr\/wp-json\/wp\/v2\/comments?post=8343"}],"wp:featuredmedia":[{"embeddable":true,"href":"https:\/\/fornimedical.ch\/fr\/wp-json\/wp\/v2\/media\/2952"}],"wp:attachment":[{"href":"https:\/\/fornimedical.ch\/fr\/wp-json\/wp\/v2\/media?parent=8343"}],"wp:term":[{"taxonomy":"product_brand","embeddable":true,"href":"https:\/\/fornimedical.ch\/fr\/wp-json\/wp\/v2\/product_brand?post=8343"},{"taxonomy":"product_cat","embeddable":true,"href":"https:\/\/fornimedical.ch\/fr\/wp-json\/wp\/v2\/product_cat?post=8343"},{"taxonomy":"product_tag","embeddable":true,"href":"https:\/\/fornimedical.ch\/fr\/wp-json\/wp\/v2\/product_tag?post=8343"}],"curies":[{"name":"wp","href":"https:\/\/api.w.org\/{rel}","templated":true}]}}