{"id":7584,"date":"2024-03-18T14:56:53","date_gmt":"2024-03-18T14:56:53","guid":{"rendered":"https:\/\/fornimedical.ch\/product\/compresses-de-gaze-steriles-double-emballage\/"},"modified":"2024-08-14T11:05:37","modified_gmt":"2024-08-14T11:05:37","slug":"compresses-de-gaze-steriles-double-emballage","status":"publish","type":"product","link":"https:\/\/fornimedical.ch\/fr\/produit\/compresses-de-gaze-steriles-double-emballage\/","title":{"rendered":"Compresses de gaze, st\u00e9riles, double emballage"},"content":{"rendered":"<p>Les compresses de gaze sont st\u00e9riles, \u00e0 double emballage. Elles sont 100\u00a0% coton, compos\u00e9es d\u2019un mat\u00e9riau tiss\u00e9 hydrophile. Les bords sont repli\u00e9s vers l\u2019int\u00e9rieur, pas de fils qui se d\u00e9tachent, disponibles avec ou sans fils RX. Disponible en diverses dimensions, diff\u00e9rents nombres de fils et de couches et unit\u00e9s par sachet.<\/p>\n","protected":false},"excerpt":{"rendered":"<p>100\u00a0% coton, mat\u00e9riau tiss\u00e9 hydrophile, bords repli\u00e9s vers l\u2019int\u00e9rieur, pas de fils qui se d\u00e9tachent<\/p>\n","protected":false},"featured_media":3726,"comment_status":"closed","ping_status":"closed","template":"","meta":{"_acf_changed":false,"site-sidebar-layout":"default","site-content-layout":"","ast-site-content-layout":"default","site-content-style":"default","site-sidebar-style":"default","ast-global-header-display":"","ast-banner-title-visibility":"","ast-main-header-display":"","ast-hfb-above-header-display":"","ast-hfb-below-header-display":"","ast-hfb-mobile-header-display":"","site-post-title":"","ast-breadcrumbs-content":"","ast-featured-img":"","footer-sml-layout":"","theme-transparent-header-meta":"default","adv-header-id-meta":"","stick-header-meta":"","header-above-stick-meta":"","header-main-stick-meta":"","header-below-stick-meta":"","astra-migrate-meta-layouts":"set","ast-page-background-enabled":"default","ast-page-background-meta":{"desktop":{"background-color":"var(--ast-global-color-4)","background-image":"","background-repeat":"repeat","background-position":"center center","background-size":"auto","background-attachment":"scroll","background-type":"","background-media":"","overlay-type":"","overlay-color":"","overlay-opacity":"","overlay-gradient":""},"tablet":{"background-color":"","background-image":"","background-repeat":"repeat","background-position":"center center","background-size":"auto","background-attachment":"scroll","background-type":"","background-media":"","overlay-type":"","overlay-color":"","overlay-opacity":"","overlay-gradient":""},"mobile":{"background-color":"","background-image":"","background-repeat":"repeat","background-position":"center center","background-size":"auto","background-attachment":"scroll","background-type":"","background-media":"","overlay-type":"","overlay-color":"","overlay-opacity":"","overlay-gradient":""}},"ast-content-background-meta":{"desktop":{"background-color":"var(--ast-global-color-5)","background-image":"","background-repeat":"repeat","background-position":"center center","background-size":"auto","background-attachment":"scroll","background-type":"","background-media":"","overlay-type":"","overlay-color":"","overlay-opacity":"","overlay-gradient":""},"tablet":{"background-color":"var(--ast-global-color-5)","background-image":"","background-repeat":"repeat","background-position":"center center","background-size":"auto","background-attachment":"scroll","background-type":"","background-media":"","overlay-type":"","overlay-color":"","overlay-opacity":"","overlay-gradient":""},"mobile":{"background-color":"var(--ast-global-color-5)","background-image":"","background-repeat":"repeat","background-position":"center center","background-size":"auto","background-attachment":"scroll","background-type":"","background-media":"","overlay-type":"","overlay-color":"","overlay-opacity":"","overlay-gradient":""}}},"product_brand":[],"product_cat":[176],"product_tag":[],"class_list":{"0":"post-7584","1":"product","2":"type-product","3":"status-publish","4":"has-post-thumbnail","6":"product_cat-kompressen","7":"pa_fadenzahl-260","8":"pa_fadenzahl-296","9":"desktop-align-left","10":"tablet-align-left","11":"mobile-align-left","13":"first","14":"instock","15":"taxable","16":"shipping-taxable","17":"purchasable","18":"product-type-variable","19":"has-default-attributes","20":"add-to-wishlist-before_image"},"acf":[],"yoast_head":"<!-- This site is optimized with the Yoast SEO plugin v26.5 - https:\/\/yoast.com\/wordpress\/plugins\/seo\/ -->\n<title>Compresses de gaze, st\u00e9riles, double emballage<\/title>\n<meta name=\"description\" content=\"Compresses de gaze st\u00e9riles, double emballage, avec ou sans fils RX, 100\u00a0% coton, mat\u00e9riau tiss\u00e9 hydrophile, bords repli\u00e9s vers l\u2019int\u00e9rieur, pas de fils qui se d\u00e9tachent\" \/>\n<meta name=\"robots\" content=\"index, follow, max-snippet:-1, max-image-preview:large, max-video-preview:-1\" \/>\n<link rel=\"canonical\" href=\"https:\/\/fornimedical.ch\/fr\/produit\/compresses-de-gaze-steriles-double-emballage\/\" \/>\n<meta property=\"og:locale\" content=\"fr_FR\" \/>\n<meta property=\"og:type\" content=\"article\" \/>\n<meta property=\"og:title\" content=\"Compresses de gaze, st\u00e9riles, double emballage\" \/>\n<meta property=\"og:description\" content=\"Compresses de gaze st\u00e9riles, double emballage, avec ou sans fils RX, 100\u00a0% coton, mat\u00e9riau tiss\u00e9 hydrophile, bords repli\u00e9s vers l\u2019int\u00e9rieur, pas de fils qui se d\u00e9tachent\" \/>\n<meta property=\"og:url\" content=\"https:\/\/fornimedical.ch\/fr\/produit\/compresses-de-gaze-steriles-double-emballage\/\" \/>\n<meta property=\"og:site_name\" content=\"Forni Medical GmbH\" \/>\n<meta property=\"article:modified_time\" content=\"2024-08-14T11:05:37+00:00\" \/>\n<meta property=\"og:image\" content=\"https:\/\/fornimedical.ch\/wp-content\/uploads\/2024\/03\/forni-medical_gazekompressen-steril-doppelt-verpackt.jpg\" \/>\n\t<meta property=\"og:image:width\" content=\"2481\" \/>\n\t<meta property=\"og:image:height\" content=\"1487\" \/>\n\t<meta property=\"og:image:type\" content=\"image\/jpeg\" \/>\n<meta name=\"twitter:card\" content=\"summary_large_image\" \/>\n<meta name=\"twitter:label1\" content=\"Dur\u00e9e de lecture estim\u00e9e\" \/>\n\t<meta name=\"twitter:data1\" content=\"1 minute\" \/>\n<script type=\"application\/ld+json\" class=\"yoast-schema-graph\">{\"@context\":\"https:\/\/schema.org\",\"@graph\":[{\"@type\":\"WebPage\",\"@id\":\"https:\/\/fornimedical.ch\/fr\/produit\/compresses-de-gaze-steriles-double-emballage\/\",\"url\":\"https:\/\/fornimedical.ch\/fr\/produit\/compresses-de-gaze-steriles-double-emballage\/\",\"name\":\"Compresses de gaze, st\u00e9riles, double emballage\",\"isPartOf\":{\"@id\":\"https:\/\/fornimedical.ch\/fr\/#website\"},\"primaryImageOfPage\":{\"@id\":\"https:\/\/fornimedical.ch\/fr\/produit\/compresses-de-gaze-steriles-double-emballage\/#primaryimage\"},\"image\":{\"@id\":\"https:\/\/fornimedical.ch\/fr\/produit\/compresses-de-gaze-steriles-double-emballage\/#primaryimage\"},\"thumbnailUrl\":\"https:\/\/fornimedical.ch\/wp-content\/uploads\/2024\/03\/forni-medical_gazekompressen-steril-doppelt-verpackt.jpg\",\"datePublished\":\"2024-03-18T14:56:53+00:00\",\"dateModified\":\"2024-08-14T11:05:37+00:00\",\"description\":\"Compresses de gaze st\u00e9riles, double emballage, avec ou sans fils RX, 100\u00a0% coton, mat\u00e9riau tiss\u00e9 hydrophile, bords repli\u00e9s vers l\u2019int\u00e9rieur, pas de fils qui se d\u00e9tachent\",\"breadcrumb\":{\"@id\":\"https:\/\/fornimedical.ch\/fr\/produit\/compresses-de-gaze-steriles-double-emballage\/#breadcrumb\"},\"inLanguage\":\"fr-FR\",\"potentialAction\":[{\"@type\":\"ReadAction\",\"target\":[\"https:\/\/fornimedical.ch\/fr\/produit\/compresses-de-gaze-steriles-double-emballage\/\"]}]},{\"@type\":\"ImageObject\",\"inLanguage\":\"fr-FR\",\"@id\":\"https:\/\/fornimedical.ch\/fr\/produit\/compresses-de-gaze-steriles-double-emballage\/#primaryimage\",\"url\":\"https:\/\/fornimedical.ch\/wp-content\/uploads\/2024\/03\/forni-medical_gazekompressen-steril-doppelt-verpackt.jpg\",\"contentUrl\":\"https:\/\/fornimedical.ch\/wp-content\/uploads\/2024\/03\/forni-medical_gazekompressen-steril-doppelt-verpackt.jpg\",\"width\":2481,\"height\":1487,\"caption\":\"Forni Medical Gazekompressen, steril, doppelt verpackt\"},{\"@type\":\"BreadcrumbList\",\"@id\":\"https:\/\/fornimedical.ch\/fr\/produit\/compresses-de-gaze-steriles-double-emballage\/#breadcrumb\",\"itemListElement\":[{\"@type\":\"ListItem\",\"position\":1,\"name\":\"Home\",\"item\":\"https:\/\/fornimedical.ch\/fr\/\"},{\"@type\":\"ListItem\",\"position\":2,\"name\":\"Archives boutique en ligne\",\"item\":\"https:\/\/fornimedical.ch\/fr\/archives-boutique-en-ligne\/\"},{\"@type\":\"ListItem\",\"position\":3,\"name\":\"Compresses de gaze, st\u00e9riles, double emballage\"}]},{\"@type\":\"WebSite\",\"@id\":\"https:\/\/fornimedical.ch\/fr\/#website\",\"url\":\"https:\/\/fornimedical.ch\/fr\/\",\"name\":\"Forni Medical GmbH\",\"description\":\"\",\"publisher\":{\"@id\":\"https:\/\/fornimedical.ch\/fr\/#organization\"},\"potentialAction\":[{\"@type\":\"SearchAction\",\"target\":{\"@type\":\"EntryPoint\",\"urlTemplate\":\"https:\/\/fornimedical.ch\/fr\/?s={search_term_string}\"},\"query-input\":{\"@type\":\"PropertyValueSpecification\",\"valueRequired\":true,\"valueName\":\"search_term_string\"}}],\"inLanguage\":\"fr-FR\"},{\"@type\":\"Organization\",\"@id\":\"https:\/\/fornimedical.ch\/fr\/#organization\",\"name\":\"Forni Medical GmbH\",\"url\":\"https:\/\/fornimedical.ch\/fr\/\",\"logo\":{\"@type\":\"ImageObject\",\"inLanguage\":\"fr-FR\",\"@id\":\"https:\/\/fornimedical.ch\/fr\/#\/schema\/logo\/image\/\",\"url\":\"https:\/\/fornimedical.ch\/wp-content\/uploads\/2023\/08\/logo.svg\",\"contentUrl\":\"https:\/\/fornimedical.ch\/wp-content\/uploads\/2023\/08\/logo.svg\",\"caption\":\"Forni Medical GmbH\"},\"image\":{\"@id\":\"https:\/\/fornimedical.ch\/fr\/#\/schema\/logo\/image\/\"}}]}<\/script>\n<!-- \/ Yoast SEO plugin. -->","yoast_head_json":{"title":"Compresses de gaze, st\u00e9riles, double emballage","description":"Compresses de gaze st\u00e9riles, double emballage, avec ou sans fils RX, 100\u00a0% coton, mat\u00e9riau tiss\u00e9 hydrophile, bords repli\u00e9s vers l\u2019int\u00e9rieur, pas de fils qui se d\u00e9tachent","robots":{"index":"index","follow":"follow","max-snippet":"max-snippet:-1","max-image-preview":"max-image-preview:large","max-video-preview":"max-video-preview:-1"},"canonical":"https:\/\/fornimedical.ch\/fr\/produit\/compresses-de-gaze-steriles-double-emballage\/","og_locale":"fr_FR","og_type":"article","og_title":"Compresses de gaze, st\u00e9riles, double emballage","og_description":"Compresses de gaze st\u00e9riles, double emballage, avec ou sans fils RX, 100\u00a0% coton, mat\u00e9riau tiss\u00e9 hydrophile, bords repli\u00e9s vers l\u2019int\u00e9rieur, pas de fils qui se d\u00e9tachent","og_url":"https:\/\/fornimedical.ch\/fr\/produit\/compresses-de-gaze-steriles-double-emballage\/","og_site_name":"Forni Medical GmbH","article_modified_time":"2024-08-14T11:05:37+00:00","og_image":[{"width":2481,"height":1487,"url":"https:\/\/fornimedical.ch\/wp-content\/uploads\/2024\/03\/forni-medical_gazekompressen-steril-doppelt-verpackt.jpg","type":"image\/jpeg"}],"twitter_card":"summary_large_image","twitter_misc":{"Dur\u00e9e de lecture estim\u00e9e":"1 minute"},"schema":{"@context":"https:\/\/schema.org","@graph":[{"@type":"WebPage","@id":"https:\/\/fornimedical.ch\/fr\/produit\/compresses-de-gaze-steriles-double-emballage\/","url":"https:\/\/fornimedical.ch\/fr\/produit\/compresses-de-gaze-steriles-double-emballage\/","name":"Compresses de gaze, st\u00e9riles, double emballage","isPartOf":{"@id":"https:\/\/fornimedical.ch\/fr\/#website"},"primaryImageOfPage":{"@id":"https:\/\/fornimedical.ch\/fr\/produit\/compresses-de-gaze-steriles-double-emballage\/#primaryimage"},"image":{"@id":"https:\/\/fornimedical.ch\/fr\/produit\/compresses-de-gaze-steriles-double-emballage\/#primaryimage"},"thumbnailUrl":"https:\/\/fornimedical.ch\/wp-content\/uploads\/2024\/03\/forni-medical_gazekompressen-steril-doppelt-verpackt.jpg","datePublished":"2024-03-18T14:56:53+00:00","dateModified":"2024-08-14T11:05:37+00:00","description":"Compresses de gaze st\u00e9riles, double emballage, avec ou sans fils RX, 100\u00a0% coton, mat\u00e9riau tiss\u00e9 hydrophile, bords repli\u00e9s vers l\u2019int\u00e9rieur, pas de fils qui se d\u00e9tachent","breadcrumb":{"@id":"https:\/\/fornimedical.ch\/fr\/produit\/compresses-de-gaze-steriles-double-emballage\/#breadcrumb"},"inLanguage":"fr-FR","potentialAction":[{"@type":"ReadAction","target":["https:\/\/fornimedical.ch\/fr\/produit\/compresses-de-gaze-steriles-double-emballage\/"]}]},{"@type":"ImageObject","inLanguage":"fr-FR","@id":"https:\/\/fornimedical.ch\/fr\/produit\/compresses-de-gaze-steriles-double-emballage\/#primaryimage","url":"https:\/\/fornimedical.ch\/wp-content\/uploads\/2024\/03\/forni-medical_gazekompressen-steril-doppelt-verpackt.jpg","contentUrl":"https:\/\/fornimedical.ch\/wp-content\/uploads\/2024\/03\/forni-medical_gazekompressen-steril-doppelt-verpackt.jpg","width":2481,"height":1487,"caption":"Forni Medical Gazekompressen, steril, doppelt verpackt"},{"@type":"BreadcrumbList","@id":"https:\/\/fornimedical.ch\/fr\/produit\/compresses-de-gaze-steriles-double-emballage\/#breadcrumb","itemListElement":[{"@type":"ListItem","position":1,"name":"Home","item":"https:\/\/fornimedical.ch\/fr\/"},{"@type":"ListItem","position":2,"name":"Archives boutique en ligne","item":"https:\/\/fornimedical.ch\/fr\/archives-boutique-en-ligne\/"},{"@type":"ListItem","position":3,"name":"Compresses de gaze, st\u00e9riles, double emballage"}]},{"@type":"WebSite","@id":"https:\/\/fornimedical.ch\/fr\/#website","url":"https:\/\/fornimedical.ch\/fr\/","name":"Forni Medical GmbH","description":"","publisher":{"@id":"https:\/\/fornimedical.ch\/fr\/#organization"},"potentialAction":[{"@type":"SearchAction","target":{"@type":"EntryPoint","urlTemplate":"https:\/\/fornimedical.ch\/fr\/?s={search_term_string}"},"query-input":{"@type":"PropertyValueSpecification","valueRequired":true,"valueName":"search_term_string"}}],"inLanguage":"fr-FR"},{"@type":"Organization","@id":"https:\/\/fornimedical.ch\/fr\/#organization","name":"Forni Medical GmbH","url":"https:\/\/fornimedical.ch\/fr\/","logo":{"@type":"ImageObject","inLanguage":"fr-FR","@id":"https:\/\/fornimedical.ch\/fr\/#\/schema\/logo\/image\/","url":"https:\/\/fornimedical.ch\/wp-content\/uploads\/2023\/08\/logo.svg","contentUrl":"https:\/\/fornimedical.ch\/wp-content\/uploads\/2023\/08\/logo.svg","caption":"Forni Medical GmbH"},"image":{"@id":"https:\/\/fornimedical.ch\/fr\/#\/schema\/logo\/image\/"}}]}},"_links":{"self":[{"href":"https:\/\/fornimedical.ch\/fr\/wp-json\/wp\/v2\/product\/7584","targetHints":{"allow":["GET"]}}],"collection":[{"href":"https:\/\/fornimedical.ch\/fr\/wp-json\/wp\/v2\/product"}],"about":[{"href":"https:\/\/fornimedical.ch\/fr\/wp-json\/wp\/v2\/types\/product"}],"replies":[{"embeddable":true,"href":"https:\/\/fornimedical.ch\/fr\/wp-json\/wp\/v2\/comments?post=7584"}],"wp:featuredmedia":[{"embeddable":true,"href":"https:\/\/fornimedical.ch\/fr\/wp-json\/wp\/v2\/media\/3726"}],"wp:attachment":[{"href":"https:\/\/fornimedical.ch\/fr\/wp-json\/wp\/v2\/media?parent=7584"}],"wp:term":[{"taxonomy":"product_brand","embeddable":true,"href":"https:\/\/fornimedical.ch\/fr\/wp-json\/wp\/v2\/product_brand?post=7584"},{"taxonomy":"product_cat","embeddable":true,"href":"https:\/\/fornimedical.ch\/fr\/wp-json\/wp\/v2\/product_cat?post=7584"},{"taxonomy":"product_tag","embeddable":true,"href":"https:\/\/fornimedical.ch\/fr\/wp-json\/wp\/v2\/product_tag?post=7584"}],"curies":[{"name":"wp","href":"https:\/\/api.w.org\/{rel}","templated":true}]}}