{"id":7580,"date":"2024-03-20T15:41:54","date_gmt":"2024-03-20T15:41:54","guid":{"rendered":"https:\/\/fornimedical.ch\/product\/assise-rotative-avec-face-inferieure-antiderapante\/"},"modified":"2024-07-29T08:11:15","modified_gmt":"2024-07-29T08:11:15","slug":"assise-rotative-avec-face-inferieure-antiderapante","status":"publish","type":"product","link":"https:\/\/fornimedical.ch\/fr\/produit\/assise-rotative-avec-face-inferieure-antiderapante\/","title":{"rendered":"Assise rotative, avec face inf\u00e9rieure antid\u00e9rapante"},"content":{"rendered":"<p>L\u2019assise rotative est la solution id\u00e9ale pour s\u2019asseoir ou se redresser facilement. Elle pivote \u00e0 360\u00b0 et accompagne ainsi chaque mouvement. Le mouvement de rotation permet de placer tout le haut du corps dans une position redress\u00e9e confortable, sans pour autant solliciter le dos. L\u2019assise rotative est adapt\u00e9e \u00e0 tous les si\u00e8ges courants. Elle offre \u00e0 la fois confort et soutien. La surface antid\u00e9rapante de la face inf\u00e9rieure du coussin maintient l\u2019assise rotative en position. Charge max.: 90 kg. \u00d8 44 cm, hauteur: 2 cm. Poids propre: 340 grammes. Veuillez observer le mode d&#8217;emploi!<\/p>\n","protected":false},"excerpt":{"rendered":"<p>L\u2019assise rotative avec face inf\u00e9rieure antid\u00e9rapante est parfaitement adapt\u00e9e aux personnes \u00e0 mobilit\u00e9 r\u00e9duite, p.\u00a0ex., pour les installer facilement dans une voiture. Pivote \u00e0 360\u00b0 pour un transfert facile.<\/p>\n","protected":false},"featured_media":3326,"comment_status":"closed","ping_status":"closed","template":"","meta":{"_acf_changed":false,"site-sidebar-layout":"default","site-content-layout":"","ast-site-content-layout":"default","site-content-style":"default","site-sidebar-style":"default","ast-global-header-display":"","ast-banner-title-visibility":"","ast-main-header-display":"","ast-hfb-above-header-display":"","ast-hfb-below-header-display":"","ast-hfb-mobile-header-display":"","site-post-title":"","ast-breadcrumbs-content":"","ast-featured-img":"","footer-sml-layout":"","theme-transparent-header-meta":"default","adv-header-id-meta":"","stick-header-meta":"","header-above-stick-meta":"","header-main-stick-meta":"","header-below-stick-meta":"","astra-migrate-meta-layouts":"set","ast-page-background-enabled":"default","ast-page-background-meta":{"desktop":{"background-color":"var(--ast-global-color-4)","background-image":"","background-repeat":"repeat","background-position":"center center","background-size":"auto","background-attachment":"scroll","background-type":"","background-media":"","overlay-type":"","overlay-color":"","overlay-opacity":"","overlay-gradient":""},"tablet":{"background-color":"","background-image":"","background-repeat":"repeat","background-position":"center center","background-size":"auto","background-attachment":"scroll","background-type":"","background-media":"","overlay-type":"","overlay-color":"","overlay-opacity":"","overlay-gradient":""},"mobile":{"background-color":"","background-image":"","background-repeat":"repeat","background-position":"center center","background-size":"auto","background-attachment":"scroll","background-type":"","background-media":"","overlay-type":"","overlay-color":"","overlay-opacity":"","overlay-gradient":""}},"ast-content-background-meta":{"desktop":{"background-color":"var(--ast-global-color-5)","background-image":"","background-repeat":"repeat","background-position":"center center","background-size":"auto","background-attachment":"scroll","background-type":"","background-media":"","overlay-type":"","overlay-color":"","overlay-opacity":"","overlay-gradient":""},"tablet":{"background-color":"var(--ast-global-color-5)","background-image":"","background-repeat":"repeat","background-position":"center center","background-size":"auto","background-attachment":"scroll","background-type":"","background-media":"","overlay-type":"","overlay-color":"","overlay-opacity":"","overlay-gradient":""},"mobile":{"background-color":"var(--ast-global-color-5)","background-image":"","background-repeat":"repeat","background-position":"center center","background-size":"auto","background-attachment":"scroll","background-type":"","background-media":"","overlay-type":"","overlay-color":"","overlay-opacity":"","overlay-gradient":""}}},"product_brand":[],"product_cat":[605],"product_tag":[],"class_list":{"0":"post-7580","1":"product","2":"type-product","3":"status-publish","4":"has-post-thumbnail","6":"product_cat-assise-rotative","7":"desktop-align-left","8":"tablet-align-left","9":"mobile-align-left","11":"first","12":"instock","13":"taxable","14":"shipping-taxable","15":"purchasable","16":"product-type-variable","17":"has-default-attributes","18":"add-to-wishlist-before_image"},"acf":[],"yoast_head":"<!-- This site is optimized with the Yoast SEO plugin v26.5 - https:\/\/yoast.com\/wordpress\/plugins\/seo\/ -->\n<title>Assise rotative, antid\u00e9rapante<\/title>\n<meta name=\"description\" content=\"Assise rotative, antid\u00e9rapante, bleu, diam\u00e8tre: 44\u00a0cm, hauteur: 2\u00a0cm. Poids propre 340\u00a0grammes, lavable jusqu\u2019\u00e0 40\u00a0\u00b0C, pivote \u00e0 360\u00b0\" \/>\n<meta name=\"robots\" content=\"index, follow, max-snippet:-1, max-image-preview:large, max-video-preview:-1\" \/>\n<link rel=\"canonical\" href=\"https:\/\/fornimedical.ch\/fr\/produit\/assise-rotative-avec-face-inferieure-antiderapante\/\" \/>\n<meta property=\"og:locale\" content=\"fr_FR\" \/>\n<meta property=\"og:type\" content=\"article\" \/>\n<meta property=\"og:title\" content=\"Assise rotative, antid\u00e9rapante\" \/>\n<meta property=\"og:description\" content=\"Assise rotative, antid\u00e9rapante, bleu, diam\u00e8tre: 44\u00a0cm, hauteur: 2\u00a0cm. Poids propre 340\u00a0grammes, lavable jusqu\u2019\u00e0 40\u00a0\u00b0C, pivote \u00e0 360\u00b0\" \/>\n<meta property=\"og:url\" content=\"https:\/\/fornimedical.ch\/fr\/produit\/assise-rotative-avec-face-inferieure-antiderapante\/\" \/>\n<meta property=\"og:site_name\" content=\"Forni Medical GmbH\" \/>\n<meta property=\"article:modified_time\" content=\"2024-07-29T08:11:15+00:00\" \/>\n<meta property=\"og:image\" content=\"https:\/\/fornimedical.ch\/wp-content\/uploads\/2024\/04\/forni-medical_herdegen_drehkissen-blau.jpg\" \/>\n\t<meta property=\"og:image:width\" content=\"2481\" \/>\n\t<meta property=\"og:image:height\" content=\"1487\" \/>\n\t<meta property=\"og:image:type\" content=\"image\/jpeg\" \/>\n<meta name=\"twitter:card\" content=\"summary_large_image\" \/>\n<meta name=\"twitter:label1\" content=\"Dur\u00e9e de lecture estim\u00e9e\" \/>\n\t<meta name=\"twitter:data1\" content=\"1 minute\" \/>\n<script type=\"application\/ld+json\" class=\"yoast-schema-graph\">{\"@context\":\"https:\/\/schema.org\",\"@graph\":[{\"@type\":\"WebPage\",\"@id\":\"https:\/\/fornimedical.ch\/fr\/produit\/assise-rotative-avec-face-inferieure-antiderapante\/\",\"url\":\"https:\/\/fornimedical.ch\/fr\/produit\/assise-rotative-avec-face-inferieure-antiderapante\/\",\"name\":\"Assise rotative, antid\u00e9rapante\",\"isPartOf\":{\"@id\":\"https:\/\/fornimedical.ch\/fr\/#website\"},\"primaryImageOfPage\":{\"@id\":\"https:\/\/fornimedical.ch\/fr\/produit\/assise-rotative-avec-face-inferieure-antiderapante\/#primaryimage\"},\"image\":{\"@id\":\"https:\/\/fornimedical.ch\/fr\/produit\/assise-rotative-avec-face-inferieure-antiderapante\/#primaryimage\"},\"thumbnailUrl\":\"https:\/\/fornimedical.ch\/wp-content\/uploads\/2024\/04\/forni-medical_herdegen_drehkissen-blau.jpg\",\"datePublished\":\"2024-03-20T15:41:54+00:00\",\"dateModified\":\"2024-07-29T08:11:15+00:00\",\"description\":\"Assise rotative, antid\u00e9rapante, bleu, diam\u00e8tre: 44\u00a0cm, hauteur: 2\u00a0cm. Poids propre 340\u00a0grammes, lavable jusqu\u2019\u00e0 40\u00a0\u00b0C, pivote \u00e0 360\u00b0\",\"breadcrumb\":{\"@id\":\"https:\/\/fornimedical.ch\/fr\/produit\/assise-rotative-avec-face-inferieure-antiderapante\/#breadcrumb\"},\"inLanguage\":\"fr-FR\",\"potentialAction\":[{\"@type\":\"ReadAction\",\"target\":[\"https:\/\/fornimedical.ch\/fr\/produit\/assise-rotative-avec-face-inferieure-antiderapante\/\"]}]},{\"@type\":\"ImageObject\",\"inLanguage\":\"fr-FR\",\"@id\":\"https:\/\/fornimedical.ch\/fr\/produit\/assise-rotative-avec-face-inferieure-antiderapante\/#primaryimage\",\"url\":\"https:\/\/fornimedical.ch\/wp-content\/uploads\/2024\/04\/forni-medical_herdegen_drehkissen-blau.jpg\",\"contentUrl\":\"https:\/\/fornimedical.ch\/wp-content\/uploads\/2024\/04\/forni-medical_herdegen_drehkissen-blau.jpg\",\"width\":2481,\"height\":1487,\"caption\":\"Forni Medical Herdegen Drehkissen blau\"},{\"@type\":\"BreadcrumbList\",\"@id\":\"https:\/\/fornimedical.ch\/fr\/produit\/assise-rotative-avec-face-inferieure-antiderapante\/#breadcrumb\",\"itemListElement\":[{\"@type\":\"ListItem\",\"position\":1,\"name\":\"Home\",\"item\":\"https:\/\/fornimedical.ch\/fr\/\"},{\"@type\":\"ListItem\",\"position\":2,\"name\":\"Archives boutique en ligne\",\"item\":\"https:\/\/fornimedical.ch\/fr\/archives-boutique-en-ligne\/\"},{\"@type\":\"ListItem\",\"position\":3,\"name\":\"Assise rotative, avec face inf\u00e9rieure antid\u00e9rapante\"}]},{\"@type\":\"WebSite\",\"@id\":\"https:\/\/fornimedical.ch\/fr\/#website\",\"url\":\"https:\/\/fornimedical.ch\/fr\/\",\"name\":\"Forni Medical GmbH\",\"description\":\"\",\"publisher\":{\"@id\":\"https:\/\/fornimedical.ch\/fr\/#organization\"},\"potentialAction\":[{\"@type\":\"SearchAction\",\"target\":{\"@type\":\"EntryPoint\",\"urlTemplate\":\"https:\/\/fornimedical.ch\/fr\/?s={search_term_string}\"},\"query-input\":{\"@type\":\"PropertyValueSpecification\",\"valueRequired\":true,\"valueName\":\"search_term_string\"}}],\"inLanguage\":\"fr-FR\"},{\"@type\":\"Organization\",\"@id\":\"https:\/\/fornimedical.ch\/fr\/#organization\",\"name\":\"Forni Medical GmbH\",\"url\":\"https:\/\/fornimedical.ch\/fr\/\",\"logo\":{\"@type\":\"ImageObject\",\"inLanguage\":\"fr-FR\",\"@id\":\"https:\/\/fornimedical.ch\/fr\/#\/schema\/logo\/image\/\",\"url\":\"https:\/\/fornimedical.ch\/wp-content\/uploads\/2023\/08\/logo.svg\",\"contentUrl\":\"https:\/\/fornimedical.ch\/wp-content\/uploads\/2023\/08\/logo.svg\",\"caption\":\"Forni Medical GmbH\"},\"image\":{\"@id\":\"https:\/\/fornimedical.ch\/fr\/#\/schema\/logo\/image\/\"}}]}<\/script>\n<!-- \/ Yoast SEO plugin. -->","yoast_head_json":{"title":"Assise rotative, antid\u00e9rapante","description":"Assise rotative, antid\u00e9rapante, bleu, diam\u00e8tre: 44\u00a0cm, hauteur: 2\u00a0cm. Poids propre 340\u00a0grammes, lavable jusqu\u2019\u00e0 40\u00a0\u00b0C, pivote \u00e0 360\u00b0","robots":{"index":"index","follow":"follow","max-snippet":"max-snippet:-1","max-image-preview":"max-image-preview:large","max-video-preview":"max-video-preview:-1"},"canonical":"https:\/\/fornimedical.ch\/fr\/produit\/assise-rotative-avec-face-inferieure-antiderapante\/","og_locale":"fr_FR","og_type":"article","og_title":"Assise rotative, antid\u00e9rapante","og_description":"Assise rotative, antid\u00e9rapante, bleu, diam\u00e8tre: 44\u00a0cm, hauteur: 2\u00a0cm. Poids propre 340\u00a0grammes, lavable jusqu\u2019\u00e0 40\u00a0\u00b0C, pivote \u00e0 360\u00b0","og_url":"https:\/\/fornimedical.ch\/fr\/produit\/assise-rotative-avec-face-inferieure-antiderapante\/","og_site_name":"Forni Medical GmbH","article_modified_time":"2024-07-29T08:11:15+00:00","og_image":[{"width":2481,"height":1487,"url":"https:\/\/fornimedical.ch\/wp-content\/uploads\/2024\/04\/forni-medical_herdegen_drehkissen-blau.jpg","type":"image\/jpeg"}],"twitter_card":"summary_large_image","twitter_misc":{"Dur\u00e9e de lecture estim\u00e9e":"1 minute"},"schema":{"@context":"https:\/\/schema.org","@graph":[{"@type":"WebPage","@id":"https:\/\/fornimedical.ch\/fr\/produit\/assise-rotative-avec-face-inferieure-antiderapante\/","url":"https:\/\/fornimedical.ch\/fr\/produit\/assise-rotative-avec-face-inferieure-antiderapante\/","name":"Assise rotative, antid\u00e9rapante","isPartOf":{"@id":"https:\/\/fornimedical.ch\/fr\/#website"},"primaryImageOfPage":{"@id":"https:\/\/fornimedical.ch\/fr\/produit\/assise-rotative-avec-face-inferieure-antiderapante\/#primaryimage"},"image":{"@id":"https:\/\/fornimedical.ch\/fr\/produit\/assise-rotative-avec-face-inferieure-antiderapante\/#primaryimage"},"thumbnailUrl":"https:\/\/fornimedical.ch\/wp-content\/uploads\/2024\/04\/forni-medical_herdegen_drehkissen-blau.jpg","datePublished":"2024-03-20T15:41:54+00:00","dateModified":"2024-07-29T08:11:15+00:00","description":"Assise rotative, antid\u00e9rapante, bleu, diam\u00e8tre: 44\u00a0cm, hauteur: 2\u00a0cm. Poids propre 340\u00a0grammes, lavable jusqu\u2019\u00e0 40\u00a0\u00b0C, pivote \u00e0 360\u00b0","breadcrumb":{"@id":"https:\/\/fornimedical.ch\/fr\/produit\/assise-rotative-avec-face-inferieure-antiderapante\/#breadcrumb"},"inLanguage":"fr-FR","potentialAction":[{"@type":"ReadAction","target":["https:\/\/fornimedical.ch\/fr\/produit\/assise-rotative-avec-face-inferieure-antiderapante\/"]}]},{"@type":"ImageObject","inLanguage":"fr-FR","@id":"https:\/\/fornimedical.ch\/fr\/produit\/assise-rotative-avec-face-inferieure-antiderapante\/#primaryimage","url":"https:\/\/fornimedical.ch\/wp-content\/uploads\/2024\/04\/forni-medical_herdegen_drehkissen-blau.jpg","contentUrl":"https:\/\/fornimedical.ch\/wp-content\/uploads\/2024\/04\/forni-medical_herdegen_drehkissen-blau.jpg","width":2481,"height":1487,"caption":"Forni Medical Herdegen Drehkissen blau"},{"@type":"BreadcrumbList","@id":"https:\/\/fornimedical.ch\/fr\/produit\/assise-rotative-avec-face-inferieure-antiderapante\/#breadcrumb","itemListElement":[{"@type":"ListItem","position":1,"name":"Home","item":"https:\/\/fornimedical.ch\/fr\/"},{"@type":"ListItem","position":2,"name":"Archives boutique en ligne","item":"https:\/\/fornimedical.ch\/fr\/archives-boutique-en-ligne\/"},{"@type":"ListItem","position":3,"name":"Assise rotative, avec face inf\u00e9rieure antid\u00e9rapante"}]},{"@type":"WebSite","@id":"https:\/\/fornimedical.ch\/fr\/#website","url":"https:\/\/fornimedical.ch\/fr\/","name":"Forni Medical GmbH","description":"","publisher":{"@id":"https:\/\/fornimedical.ch\/fr\/#organization"},"potentialAction":[{"@type":"SearchAction","target":{"@type":"EntryPoint","urlTemplate":"https:\/\/fornimedical.ch\/fr\/?s={search_term_string}"},"query-input":{"@type":"PropertyValueSpecification","valueRequired":true,"valueName":"search_term_string"}}],"inLanguage":"fr-FR"},{"@type":"Organization","@id":"https:\/\/fornimedical.ch\/fr\/#organization","name":"Forni Medical GmbH","url":"https:\/\/fornimedical.ch\/fr\/","logo":{"@type":"ImageObject","inLanguage":"fr-FR","@id":"https:\/\/fornimedical.ch\/fr\/#\/schema\/logo\/image\/","url":"https:\/\/fornimedical.ch\/wp-content\/uploads\/2023\/08\/logo.svg","contentUrl":"https:\/\/fornimedical.ch\/wp-content\/uploads\/2023\/08\/logo.svg","caption":"Forni Medical GmbH"},"image":{"@id":"https:\/\/fornimedical.ch\/fr\/#\/schema\/logo\/image\/"}}]}},"_links":{"self":[{"href":"https:\/\/fornimedical.ch\/fr\/wp-json\/wp\/v2\/product\/7580","targetHints":{"allow":["GET"]}}],"collection":[{"href":"https:\/\/fornimedical.ch\/fr\/wp-json\/wp\/v2\/product"}],"about":[{"href":"https:\/\/fornimedical.ch\/fr\/wp-json\/wp\/v2\/types\/product"}],"replies":[{"embeddable":true,"href":"https:\/\/fornimedical.ch\/fr\/wp-json\/wp\/v2\/comments?post=7580"}],"wp:featuredmedia":[{"embeddable":true,"href":"https:\/\/fornimedical.ch\/fr\/wp-json\/wp\/v2\/media\/3326"}],"wp:attachment":[{"href":"https:\/\/fornimedical.ch\/fr\/wp-json\/wp\/v2\/media?parent=7580"}],"wp:term":[{"taxonomy":"product_brand","embeddable":true,"href":"https:\/\/fornimedical.ch\/fr\/wp-json\/wp\/v2\/product_brand?post=7580"},{"taxonomy":"product_cat","embeddable":true,"href":"https:\/\/fornimedical.ch\/fr\/wp-json\/wp\/v2\/product_cat?post=7580"},{"taxonomy":"product_tag","embeddable":true,"href":"https:\/\/fornimedical.ch\/fr\/wp-json\/wp\/v2\/product_tag?post=7580"}],"curies":[{"name":"wp","href":"https:\/\/api.w.org\/{rel}","templated":true}]}}