{"id":7578,"date":"2024-03-21T14:47:01","date_gmt":"2024-03-21T14:47:01","guid":{"rendered":"https:\/\/fornimedical.ch\/product\/ceinture-abdominale-et-piece-perineale\/"},"modified":"2026-01-27T16:25:39","modified_gmt":"2026-01-27T15:25:39","slug":"ceinture-abdominale-et-piece-perineale","status":"publish","type":"product","link":"https:\/\/fornimedical.ch\/fr\/produit\/ceinture-abdominale-et-piece-perineale\/","title":{"rendered":"Ceinture abdominale et pi\u00e8ce p\u00e9rin\u00e9ale"},"content":{"rendered":"<p>Cette ceinture de soutien s\u00e9curise le patient dans le fauteuil roulant ou sur un autre si\u00e8ge\/une autre assise. Laisse en m\u00eame temps une totale libert\u00e9 de mouvement dans la zone dorsale des vert\u00e8bres cervicales. Ceintures de r\u00e9gulation et de fixation avec fermetures \u00e0 boucles \u00e0 code couleurs. Convient aux patients qui ont un bon contr\u00f4le ant\u00e9rolat\u00e9ral en position assise, mais qui ont tendance \u00e0 glisser hors du si\u00e8ge.<\/p>\n","protected":false},"excerpt":{"rendered":"<p>Ceinture de soutien bleue, s\u00e9curise le patient dans le fauteuil roulant ou sur un autre si\u00e8ge\/une autre assise<\/p>\n","protected":false},"featured_media":3333,"comment_status":"closed","ping_status":"closed","template":"","meta":{"_acf_changed":false,"site-sidebar-layout":"default","site-content-layout":"","ast-site-content-layout":"default","site-content-style":"default","site-sidebar-style":"default","ast-global-header-display":"","ast-banner-title-visibility":"","ast-main-header-display":"","ast-hfb-above-header-display":"","ast-hfb-below-header-display":"","ast-hfb-mobile-header-display":"","site-post-title":"","ast-breadcrumbs-content":"","ast-featured-img":"","footer-sml-layout":"","theme-transparent-header-meta":"default","adv-header-id-meta":"","stick-header-meta":"","header-above-stick-meta":"","header-main-stick-meta":"","header-below-stick-meta":"","astra-migrate-meta-layouts":"set","ast-page-background-enabled":"default","ast-page-background-meta":{"desktop":{"background-color":"var(--ast-global-color-4)","background-image":"","background-repeat":"repeat","background-position":"center center","background-size":"auto","background-attachment":"scroll","background-type":"","background-media":"","overlay-type":"","overlay-color":"","overlay-opacity":"","overlay-gradient":""},"tablet":{"background-color":"","background-image":"","background-repeat":"repeat","background-position":"center center","background-size":"auto","background-attachment":"scroll","background-type":"","background-media":"","overlay-type":"","overlay-color":"","overlay-opacity":"","overlay-gradient":""},"mobile":{"background-color":"","background-image":"","background-repeat":"repeat","background-position":"center center","background-size":"auto","background-attachment":"scroll","background-type":"","background-media":"","overlay-type":"","overlay-color":"","overlay-opacity":"","overlay-gradient":""}},"ast-content-background-meta":{"desktop":{"background-color":"var(--ast-global-color-5)","background-image":"","background-repeat":"repeat","background-position":"center center","background-size":"auto","background-attachment":"scroll","background-type":"","background-media":"","overlay-type":"","overlay-color":"","overlay-opacity":"","overlay-gradient":""},"tablet":{"background-color":"var(--ast-global-color-5)","background-image":"","background-repeat":"repeat","background-position":"center center","background-size":"auto","background-attachment":"scroll","background-type":"","background-media":"","overlay-type":"","overlay-color":"","overlay-opacity":"","overlay-gradient":""},"mobile":{"background-color":"var(--ast-global-color-5)","background-image":"","background-repeat":"repeat","background-position":"center center","background-size":"auto","background-attachment":"scroll","background-type":"","background-media":"","overlay-type":"","overlay-color":"","overlay-opacity":"","overlay-gradient":""}}},"product_brand":[],"product_cat":[160],"product_tag":[],"class_list":{"0":"post-7578","1":"product","2":"type-product","3":"status-publish","4":"has-post-thumbnail","6":"product_cat-leibguertel-und-perinealteil","7":"desktop-align-left","8":"tablet-align-left","9":"mobile-align-left","11":"first","12":"instock","13":"taxable","14":"shipping-taxable","15":"purchasable","16":"product-type-variable","17":"has-default-attributes","18":"add-to-wishlist-before_image"},"acf":[],"yoast_head":"<!-- This site is optimized with the Yoast SEO plugin v26.5 - https:\/\/yoast.com\/wordpress\/plugins\/seo\/ -->\n<title>Ceinture abdominale et pi\u00e8ce p\u00e9rin\u00e9ale<\/title>\n<meta name=\"description\" content=\"Ceinture abdominale et pi\u00e8ce p\u00e9rin\u00e9ale, taille\u00a0L (104-192\u00a0cm), bleue, s\u00e9curise le patient dans le fauteuil roulant ou sur un autre si\u00e8ge\/une autre assise\" \/>\n<meta name=\"robots\" content=\"index, follow, max-snippet:-1, max-image-preview:large, max-video-preview:-1\" \/>\n<link rel=\"canonical\" href=\"https:\/\/fornimedical.ch\/fr\/produit\/ceinture-abdominale-et-piece-perineale\/\" \/>\n<meta property=\"og:locale\" content=\"fr_FR\" \/>\n<meta property=\"og:type\" content=\"article\" \/>\n<meta property=\"og:title\" content=\"Ceinture abdominale et pi\u00e8ce p\u00e9rin\u00e9ale\" \/>\n<meta property=\"og:description\" content=\"Ceinture abdominale et pi\u00e8ce p\u00e9rin\u00e9ale, taille\u00a0L (104-192\u00a0cm), bleue, s\u00e9curise le patient dans le fauteuil roulant ou sur un autre si\u00e8ge\/une autre assise\" \/>\n<meta property=\"og:url\" content=\"https:\/\/fornimedical.ch\/fr\/produit\/ceinture-abdominale-et-piece-perineale\/\" \/>\n<meta property=\"og:site_name\" content=\"Forni Medical GmbH\" \/>\n<meta property=\"article:modified_time\" content=\"2026-01-27T15:25:39+00:00\" \/>\n<meta property=\"og:image\" content=\"https:\/\/fornimedical.ch\/wp-content\/uploads\/2024\/04\/forni-medical_orliman_leibguertel-und-perinealteil-blau.jpg\" \/>\n\t<meta property=\"og:image:width\" content=\"720\" \/>\n\t<meta property=\"og:image:height\" content=\"720\" \/>\n\t<meta property=\"og:image:type\" content=\"image\/jpeg\" \/>\n<meta name=\"twitter:card\" content=\"summary_large_image\" \/>\n<meta name=\"twitter:label1\" content=\"Dur\u00e9e de lecture estim\u00e9e\" \/>\n\t<meta name=\"twitter:data1\" content=\"1 minute\" \/>\n<script type=\"application\/ld+json\" class=\"yoast-schema-graph\">{\"@context\":\"https:\/\/schema.org\",\"@graph\":[{\"@type\":\"WebPage\",\"@id\":\"https:\/\/fornimedical.ch\/fr\/produit\/ceinture-abdominale-et-piece-perineale\/\",\"url\":\"https:\/\/fornimedical.ch\/fr\/produit\/ceinture-abdominale-et-piece-perineale\/\",\"name\":\"Ceinture abdominale et pi\u00e8ce p\u00e9rin\u00e9ale\",\"isPartOf\":{\"@id\":\"https:\/\/fornimedical.ch\/fr\/#website\"},\"primaryImageOfPage\":{\"@id\":\"https:\/\/fornimedical.ch\/fr\/produit\/ceinture-abdominale-et-piece-perineale\/#primaryimage\"},\"image\":{\"@id\":\"https:\/\/fornimedical.ch\/fr\/produit\/ceinture-abdominale-et-piece-perineale\/#primaryimage\"},\"thumbnailUrl\":\"https:\/\/fornimedical.ch\/wp-content\/uploads\/2024\/04\/forni-medical_orliman_leibguertel-und-perinealteil-blau.jpg\",\"datePublished\":\"2024-03-21T14:47:01+00:00\",\"dateModified\":\"2026-01-27T15:25:39+00:00\",\"description\":\"Ceinture abdominale et pi\u00e8ce p\u00e9rin\u00e9ale, taille\u00a0L (104-192\u00a0cm), bleue, s\u00e9curise le patient dans le fauteuil roulant ou sur un autre si\u00e8ge\/une autre assise\",\"breadcrumb\":{\"@id\":\"https:\/\/fornimedical.ch\/fr\/produit\/ceinture-abdominale-et-piece-perineale\/#breadcrumb\"},\"inLanguage\":\"fr-FR\",\"potentialAction\":[{\"@type\":\"ReadAction\",\"target\":[\"https:\/\/fornimedical.ch\/fr\/produit\/ceinture-abdominale-et-piece-perineale\/\"]}]},{\"@type\":\"ImageObject\",\"inLanguage\":\"fr-FR\",\"@id\":\"https:\/\/fornimedical.ch\/fr\/produit\/ceinture-abdominale-et-piece-perineale\/#primaryimage\",\"url\":\"https:\/\/fornimedical.ch\/wp-content\/uploads\/2024\/04\/forni-medical_orliman_leibguertel-und-perinealteil-blau.jpg\",\"contentUrl\":\"https:\/\/fornimedical.ch\/wp-content\/uploads\/2024\/04\/forni-medical_orliman_leibguertel-und-perinealteil-blau.jpg\",\"width\":720,\"height\":720,\"caption\":\"Forni Medical Orliman Leibg\u00fcrtel und Perinealteil blau\"},{\"@type\":\"BreadcrumbList\",\"@id\":\"https:\/\/fornimedical.ch\/fr\/produit\/ceinture-abdominale-et-piece-perineale\/#breadcrumb\",\"itemListElement\":[{\"@type\":\"ListItem\",\"position\":1,\"name\":\"Home\",\"item\":\"https:\/\/fornimedical.ch\/fr\/\"},{\"@type\":\"ListItem\",\"position\":2,\"name\":\"Archives boutique en ligne\",\"item\":\"https:\/\/fornimedical.ch\/fr\/archives-boutique-en-ligne\/\"},{\"@type\":\"ListItem\",\"position\":3,\"name\":\"Ceinture abdominale et pi\u00e8ce p\u00e9rin\u00e9ale\"}]},{\"@type\":\"WebSite\",\"@id\":\"https:\/\/fornimedical.ch\/fr\/#website\",\"url\":\"https:\/\/fornimedical.ch\/fr\/\",\"name\":\"Forni Medical GmbH\",\"description\":\"\",\"publisher\":{\"@id\":\"https:\/\/fornimedical.ch\/fr\/#organization\"},\"potentialAction\":[{\"@type\":\"SearchAction\",\"target\":{\"@type\":\"EntryPoint\",\"urlTemplate\":\"https:\/\/fornimedical.ch\/fr\/?s={search_term_string}\"},\"query-input\":{\"@type\":\"PropertyValueSpecification\",\"valueRequired\":true,\"valueName\":\"search_term_string\"}}],\"inLanguage\":\"fr-FR\"},{\"@type\":\"Organization\",\"@id\":\"https:\/\/fornimedical.ch\/fr\/#organization\",\"name\":\"Forni Medical GmbH\",\"url\":\"https:\/\/fornimedical.ch\/fr\/\",\"logo\":{\"@type\":\"ImageObject\",\"inLanguage\":\"fr-FR\",\"@id\":\"https:\/\/fornimedical.ch\/fr\/#\/schema\/logo\/image\/\",\"url\":\"https:\/\/fornimedical.ch\/wp-content\/uploads\/2023\/08\/logo.svg\",\"contentUrl\":\"https:\/\/fornimedical.ch\/wp-content\/uploads\/2023\/08\/logo.svg\",\"caption\":\"Forni Medical GmbH\"},\"image\":{\"@id\":\"https:\/\/fornimedical.ch\/fr\/#\/schema\/logo\/image\/\"}}]}<\/script>\n<!-- \/ Yoast SEO plugin. -->","yoast_head_json":{"title":"Ceinture abdominale et pi\u00e8ce p\u00e9rin\u00e9ale","description":"Ceinture abdominale et pi\u00e8ce p\u00e9rin\u00e9ale, taille\u00a0L (104-192\u00a0cm), bleue, s\u00e9curise le patient dans le fauteuil roulant ou sur un autre si\u00e8ge\/une autre assise","robots":{"index":"index","follow":"follow","max-snippet":"max-snippet:-1","max-image-preview":"max-image-preview:large","max-video-preview":"max-video-preview:-1"},"canonical":"https:\/\/fornimedical.ch\/fr\/produit\/ceinture-abdominale-et-piece-perineale\/","og_locale":"fr_FR","og_type":"article","og_title":"Ceinture abdominale et pi\u00e8ce p\u00e9rin\u00e9ale","og_description":"Ceinture abdominale et pi\u00e8ce p\u00e9rin\u00e9ale, taille\u00a0L (104-192\u00a0cm), bleue, s\u00e9curise le patient dans le fauteuil roulant ou sur un autre si\u00e8ge\/une autre assise","og_url":"https:\/\/fornimedical.ch\/fr\/produit\/ceinture-abdominale-et-piece-perineale\/","og_site_name":"Forni Medical GmbH","article_modified_time":"2026-01-27T15:25:39+00:00","og_image":[{"width":720,"height":720,"url":"https:\/\/fornimedical.ch\/wp-content\/uploads\/2024\/04\/forni-medical_orliman_leibguertel-und-perinealteil-blau.jpg","type":"image\/jpeg"}],"twitter_card":"summary_large_image","twitter_misc":{"Dur\u00e9e de lecture estim\u00e9e":"1 minute"},"schema":{"@context":"https:\/\/schema.org","@graph":[{"@type":"WebPage","@id":"https:\/\/fornimedical.ch\/fr\/produit\/ceinture-abdominale-et-piece-perineale\/","url":"https:\/\/fornimedical.ch\/fr\/produit\/ceinture-abdominale-et-piece-perineale\/","name":"Ceinture abdominale et pi\u00e8ce p\u00e9rin\u00e9ale","isPartOf":{"@id":"https:\/\/fornimedical.ch\/fr\/#website"},"primaryImageOfPage":{"@id":"https:\/\/fornimedical.ch\/fr\/produit\/ceinture-abdominale-et-piece-perineale\/#primaryimage"},"image":{"@id":"https:\/\/fornimedical.ch\/fr\/produit\/ceinture-abdominale-et-piece-perineale\/#primaryimage"},"thumbnailUrl":"https:\/\/fornimedical.ch\/wp-content\/uploads\/2024\/04\/forni-medical_orliman_leibguertel-und-perinealteil-blau.jpg","datePublished":"2024-03-21T14:47:01+00:00","dateModified":"2026-01-27T15:25:39+00:00","description":"Ceinture abdominale et pi\u00e8ce p\u00e9rin\u00e9ale, taille\u00a0L (104-192\u00a0cm), bleue, s\u00e9curise le patient dans le fauteuil roulant ou sur un autre si\u00e8ge\/une autre assise","breadcrumb":{"@id":"https:\/\/fornimedical.ch\/fr\/produit\/ceinture-abdominale-et-piece-perineale\/#breadcrumb"},"inLanguage":"fr-FR","potentialAction":[{"@type":"ReadAction","target":["https:\/\/fornimedical.ch\/fr\/produit\/ceinture-abdominale-et-piece-perineale\/"]}]},{"@type":"ImageObject","inLanguage":"fr-FR","@id":"https:\/\/fornimedical.ch\/fr\/produit\/ceinture-abdominale-et-piece-perineale\/#primaryimage","url":"https:\/\/fornimedical.ch\/wp-content\/uploads\/2024\/04\/forni-medical_orliman_leibguertel-und-perinealteil-blau.jpg","contentUrl":"https:\/\/fornimedical.ch\/wp-content\/uploads\/2024\/04\/forni-medical_orliman_leibguertel-und-perinealteil-blau.jpg","width":720,"height":720,"caption":"Forni Medical Orliman Leibg\u00fcrtel und Perinealteil blau"},{"@type":"BreadcrumbList","@id":"https:\/\/fornimedical.ch\/fr\/produit\/ceinture-abdominale-et-piece-perineale\/#breadcrumb","itemListElement":[{"@type":"ListItem","position":1,"name":"Home","item":"https:\/\/fornimedical.ch\/fr\/"},{"@type":"ListItem","position":2,"name":"Archives boutique en ligne","item":"https:\/\/fornimedical.ch\/fr\/archives-boutique-en-ligne\/"},{"@type":"ListItem","position":3,"name":"Ceinture abdominale et pi\u00e8ce p\u00e9rin\u00e9ale"}]},{"@type":"WebSite","@id":"https:\/\/fornimedical.ch\/fr\/#website","url":"https:\/\/fornimedical.ch\/fr\/","name":"Forni Medical GmbH","description":"","publisher":{"@id":"https:\/\/fornimedical.ch\/fr\/#organization"},"potentialAction":[{"@type":"SearchAction","target":{"@type":"EntryPoint","urlTemplate":"https:\/\/fornimedical.ch\/fr\/?s={search_term_string}"},"query-input":{"@type":"PropertyValueSpecification","valueRequired":true,"valueName":"search_term_string"}}],"inLanguage":"fr-FR"},{"@type":"Organization","@id":"https:\/\/fornimedical.ch\/fr\/#organization","name":"Forni Medical GmbH","url":"https:\/\/fornimedical.ch\/fr\/","logo":{"@type":"ImageObject","inLanguage":"fr-FR","@id":"https:\/\/fornimedical.ch\/fr\/#\/schema\/logo\/image\/","url":"https:\/\/fornimedical.ch\/wp-content\/uploads\/2023\/08\/logo.svg","contentUrl":"https:\/\/fornimedical.ch\/wp-content\/uploads\/2023\/08\/logo.svg","caption":"Forni Medical GmbH"},"image":{"@id":"https:\/\/fornimedical.ch\/fr\/#\/schema\/logo\/image\/"}}]}},"_links":{"self":[{"href":"https:\/\/fornimedical.ch\/fr\/wp-json\/wp\/v2\/product\/7578","targetHints":{"allow":["GET"]}}],"collection":[{"href":"https:\/\/fornimedical.ch\/fr\/wp-json\/wp\/v2\/product"}],"about":[{"href":"https:\/\/fornimedical.ch\/fr\/wp-json\/wp\/v2\/types\/product"}],"replies":[{"embeddable":true,"href":"https:\/\/fornimedical.ch\/fr\/wp-json\/wp\/v2\/comments?post=7578"}],"wp:featuredmedia":[{"embeddable":true,"href":"https:\/\/fornimedical.ch\/fr\/wp-json\/wp\/v2\/media\/3333"}],"wp:attachment":[{"href":"https:\/\/fornimedical.ch\/fr\/wp-json\/wp\/v2\/media?parent=7578"}],"wp:term":[{"taxonomy":"product_brand","embeddable":true,"href":"https:\/\/fornimedical.ch\/fr\/wp-json\/wp\/v2\/product_brand?post=7578"},{"taxonomy":"product_cat","embeddable":true,"href":"https:\/\/fornimedical.ch\/fr\/wp-json\/wp\/v2\/product_cat?post=7578"},{"taxonomy":"product_tag","embeddable":true,"href":"https:\/\/fornimedical.ch\/fr\/wp-json\/wp\/v2\/product_tag?post=7578"}],"curies":[{"name":"wp","href":"https:\/\/api.w.org\/{rel}","templated":true}]}}