{"id":7576,"date":"2024-03-21T15:41:03","date_gmt":"2024-03-21T14:41:03","guid":{"rendered":"https:\/\/fornimedical.ch\/product\/transatlantic-drap-de-transfert-avec-fonction-de-transport\/"},"modified":"2024-07-18T11:28:58","modified_gmt":"2024-07-18T11:28:58","slug":"transatlantic-drap-de-transfert-avec-fonction-de-transport","status":"publish","type":"product","link":"https:\/\/fornimedical.ch\/fr\/produit\/transatlantic-drap-de-transfert-avec-fonction-de-transport\/","title":{"rendered":"TRANSATLANTIC Drap de transfert avec fonction de transport"},"content":{"rendered":"<p>Drap de transfert avec fonction de transport XXL (107 x 210\u00a0cm), usage unique, absorbant jusqu\u2019\u00e0 3,8\u00a0litres, avec poign\u00e9es r\u00e9sistantes \u00e0 la d\u00e9chirure, capacit\u00e9 de charge jusqu\u2019\u00e0 360\u00a0kg. Poids propre 900\u00a0grammes. Id\u00e9al pour les ambulances. Transport de patients m\u00e9nageant le dos pour les interventions d\u2019urgence et les h\u00f4pitaux<\/p>\n","protected":false},"excerpt":{"rendered":"<p>TRANSATLANTIC Drap de transfert avec fonction de transport XXL (107 x 210\u00a0cm), usage unique<\/p>\n","protected":false},"featured_media":3720,"comment_status":"closed","ping_status":"closed","template":"","meta":{"_acf_changed":false,"site-sidebar-layout":"default","site-content-layout":"","ast-site-content-layout":"default","site-content-style":"default","site-sidebar-style":"default","ast-global-header-display":"","ast-banner-title-visibility":"","ast-main-header-display":"","ast-hfb-above-header-display":"","ast-hfb-below-header-display":"","ast-hfb-mobile-header-display":"","site-post-title":"","ast-breadcrumbs-content":"","ast-featured-img":"","footer-sml-layout":"","theme-transparent-header-meta":"default","adv-header-id-meta":"","stick-header-meta":"","header-above-stick-meta":"","header-main-stick-meta":"","header-below-stick-meta":"","astra-migrate-meta-layouts":"default","ast-page-background-enabled":"default","ast-page-background-meta":{"desktop":{"background-color":"var(--ast-global-color-4)","background-image":"","background-repeat":"repeat","background-position":"center center","background-size":"auto","background-attachment":"scroll","background-type":"","background-media":"","overlay-type":"","overlay-color":"","overlay-opacity":"","overlay-gradient":""},"tablet":{"background-color":"","background-image":"","background-repeat":"repeat","background-position":"center center","background-size":"auto","background-attachment":"scroll","background-type":"","background-media":"","overlay-type":"","overlay-color":"","overlay-opacity":"","overlay-gradient":""},"mobile":{"background-color":"","background-image":"","background-repeat":"repeat","background-position":"center center","background-size":"auto","background-attachment":"scroll","background-type":"","background-media":"","overlay-type":"","overlay-color":"","overlay-opacity":"","overlay-gradient":""}},"ast-content-background-meta":{"desktop":{"background-color":"var(--ast-global-color-5)","background-image":"","background-repeat":"repeat","background-position":"center center","background-size":"auto","background-attachment":"scroll","background-type":"","background-media":"","overlay-type":"","overlay-color":"","overlay-opacity":"","overlay-gradient":""},"tablet":{"background-color":"var(--ast-global-color-5)","background-image":"","background-repeat":"repeat","background-position":"center center","background-size":"auto","background-attachment":"scroll","background-type":"","background-media":"","overlay-type":"","overlay-color":"","overlay-opacity":"","overlay-gradient":""},"mobile":{"background-color":"var(--ast-global-color-5)","background-image":"","background-repeat":"repeat","background-position":"center center","background-size":"auto","background-attachment":"scroll","background-type":"","background-media":"","overlay-type":"","overlay-color":"","overlay-opacity":"","overlay-gradient":""}}},"product_brand":[],"product_cat":[634,658],"product_tag":[],"class_list":{"0":"post-7576","1":"product","2":"type-product","3":"status-publish","4":"has-post-thumbnail","6":"product_cat-drap-de-transfert-avec-fonction-de-transport","7":"product_cat-transfert-de-patients","8":"desktop-align-left","9":"tablet-align-left","10":"mobile-align-left","12":"first","13":"instock","14":"taxable","15":"shipping-taxable","16":"purchasable","17":"product-type-variable","18":"has-default-attributes","19":"add-to-wishlist-before_image"},"acf":[],"yoast_head":"<!-- This site is optimized with the Yoast SEO plugin v26.5 - https:\/\/yoast.com\/wordpress\/plugins\/seo\/ -->\n<title>TRANSATLANTIC Drap de transfert avec fonction de transport XXL<\/title>\n<meta name=\"description\" content=\"TRANSATLANTIC Drap de transfert avec fonction de transport XXL, usage unique, absorbant jusqu\u2019\u00e0 3,8\u00a0litres, avec poign\u00e9es r\u00e9sistantes \u00e0 la d\u00e9chirure, capacit\u00e9 de charge jusqu\u2019\u00e0 360\u00a0kg\" \/>\n<meta name=\"robots\" content=\"index, follow, max-snippet:-1, max-image-preview:large, max-video-preview:-1\" \/>\n<link rel=\"canonical\" href=\"https:\/\/fornimedical.ch\/fr\/produit\/transatlantic-drap-de-transfert-avec-fonction-de-transport\/\" \/>\n<meta property=\"og:locale\" content=\"fr_FR\" \/>\n<meta property=\"og:type\" content=\"article\" \/>\n<meta property=\"og:title\" content=\"TRANSATLANTIC Drap de transfert avec fonction de transport XXL\" \/>\n<meta property=\"og:description\" content=\"TRANSATLANTIC Drap de transfert avec fonction de transport XXL, usage unique, absorbant jusqu\u2019\u00e0 3,8\u00a0litres, avec poign\u00e9es r\u00e9sistantes \u00e0 la d\u00e9chirure, capacit\u00e9 de charge jusqu\u2019\u00e0 360\u00a0kg\" \/>\n<meta property=\"og:url\" content=\"https:\/\/fornimedical.ch\/fr\/produit\/transatlantic-drap-de-transfert-avec-fonction-de-transport\/\" \/>\n<meta property=\"og:site_name\" content=\"Forni Medical GmbH\" \/>\n<meta property=\"article:modified_time\" content=\"2024-07-18T11:28:58+00:00\" \/>\n<meta property=\"og:image\" content=\"https:\/\/fornimedical.ch\/wp-content\/uploads\/2024\/03\/forni-medical_transatlantic_transfertuch-mit-tragefunktion-XXL.jpg\" \/>\n\t<meta property=\"og:image:width\" content=\"2481\" \/>\n\t<meta property=\"og:image:height\" content=\"1487\" \/>\n\t<meta property=\"og:image:type\" content=\"image\/jpeg\" \/>\n<meta name=\"twitter:card\" content=\"summary_large_image\" \/>\n<script type=\"application\/ld+json\" class=\"yoast-schema-graph\">{\"@context\":\"https:\/\/schema.org\",\"@graph\":[{\"@type\":\"WebPage\",\"@id\":\"https:\/\/fornimedical.ch\/fr\/produit\/transatlantic-drap-de-transfert-avec-fonction-de-transport\/\",\"url\":\"https:\/\/fornimedical.ch\/fr\/produit\/transatlantic-drap-de-transfert-avec-fonction-de-transport\/\",\"name\":\"TRANSATLANTIC Drap de transfert avec fonction de transport XXL\",\"isPartOf\":{\"@id\":\"https:\/\/fornimedical.ch\/fr\/#website\"},\"primaryImageOfPage\":{\"@id\":\"https:\/\/fornimedical.ch\/fr\/produit\/transatlantic-drap-de-transfert-avec-fonction-de-transport\/#primaryimage\"},\"image\":{\"@id\":\"https:\/\/fornimedical.ch\/fr\/produit\/transatlantic-drap-de-transfert-avec-fonction-de-transport\/#primaryimage\"},\"thumbnailUrl\":\"https:\/\/fornimedical.ch\/wp-content\/uploads\/2024\/03\/forni-medical_transatlantic_transfertuch-mit-tragefunktion-XXL.jpg\",\"datePublished\":\"2024-03-21T14:41:03+00:00\",\"dateModified\":\"2024-07-18T11:28:58+00:00\",\"description\":\"TRANSATLANTIC Drap de transfert avec fonction de transport XXL, usage unique, absorbant jusqu\u2019\u00e0 3,8\u00a0litres, avec poign\u00e9es r\u00e9sistantes \u00e0 la d\u00e9chirure, capacit\u00e9 de charge jusqu\u2019\u00e0 360\u00a0kg\",\"breadcrumb\":{\"@id\":\"https:\/\/fornimedical.ch\/fr\/produit\/transatlantic-drap-de-transfert-avec-fonction-de-transport\/#breadcrumb\"},\"inLanguage\":\"fr-FR\",\"potentialAction\":[{\"@type\":\"ReadAction\",\"target\":[\"https:\/\/fornimedical.ch\/fr\/produit\/transatlantic-drap-de-transfert-avec-fonction-de-transport\/\"]}]},{\"@type\":\"ImageObject\",\"inLanguage\":\"fr-FR\",\"@id\":\"https:\/\/fornimedical.ch\/fr\/produit\/transatlantic-drap-de-transfert-avec-fonction-de-transport\/#primaryimage\",\"url\":\"https:\/\/fornimedical.ch\/wp-content\/uploads\/2024\/03\/forni-medical_transatlantic_transfertuch-mit-tragefunktion-XXL.jpg\",\"contentUrl\":\"https:\/\/fornimedical.ch\/wp-content\/uploads\/2024\/03\/forni-medical_transatlantic_transfertuch-mit-tragefunktion-XXL.jpg\",\"width\":2481,\"height\":1487,\"caption\":\"Forni Medical Transatlantic Transfertuch mit Tragefunktion XXL\"},{\"@type\":\"BreadcrumbList\",\"@id\":\"https:\/\/fornimedical.ch\/fr\/produit\/transatlantic-drap-de-transfert-avec-fonction-de-transport\/#breadcrumb\",\"itemListElement\":[{\"@type\":\"ListItem\",\"position\":1,\"name\":\"Home\",\"item\":\"https:\/\/fornimedical.ch\/fr\/\"},{\"@type\":\"ListItem\",\"position\":2,\"name\":\"Archives boutique en ligne\",\"item\":\"https:\/\/fornimedical.ch\/fr\/archives-boutique-en-ligne\/\"},{\"@type\":\"ListItem\",\"position\":3,\"name\":\"TRANSATLANTIC Drap de transfert avec fonction de transport\"}]},{\"@type\":\"WebSite\",\"@id\":\"https:\/\/fornimedical.ch\/fr\/#website\",\"url\":\"https:\/\/fornimedical.ch\/fr\/\",\"name\":\"Forni Medical GmbH\",\"description\":\"\",\"publisher\":{\"@id\":\"https:\/\/fornimedical.ch\/fr\/#organization\"},\"potentialAction\":[{\"@type\":\"SearchAction\",\"target\":{\"@type\":\"EntryPoint\",\"urlTemplate\":\"https:\/\/fornimedical.ch\/fr\/?s={search_term_string}\"},\"query-input\":{\"@type\":\"PropertyValueSpecification\",\"valueRequired\":true,\"valueName\":\"search_term_string\"}}],\"inLanguage\":\"fr-FR\"},{\"@type\":\"Organization\",\"@id\":\"https:\/\/fornimedical.ch\/fr\/#organization\",\"name\":\"Forni Medical GmbH\",\"url\":\"https:\/\/fornimedical.ch\/fr\/\",\"logo\":{\"@type\":\"ImageObject\",\"inLanguage\":\"fr-FR\",\"@id\":\"https:\/\/fornimedical.ch\/fr\/#\/schema\/logo\/image\/\",\"url\":\"https:\/\/fornimedical.ch\/wp-content\/uploads\/2023\/08\/logo.svg\",\"contentUrl\":\"https:\/\/fornimedical.ch\/wp-content\/uploads\/2023\/08\/logo.svg\",\"caption\":\"Forni Medical GmbH\"},\"image\":{\"@id\":\"https:\/\/fornimedical.ch\/fr\/#\/schema\/logo\/image\/\"}}]}<\/script>\n<!-- \/ Yoast SEO plugin. -->","yoast_head_json":{"title":"TRANSATLANTIC Drap de transfert avec fonction de transport XXL","description":"TRANSATLANTIC Drap de transfert avec fonction de transport XXL, usage unique, absorbant jusqu\u2019\u00e0 3,8\u00a0litres, avec poign\u00e9es r\u00e9sistantes \u00e0 la d\u00e9chirure, capacit\u00e9 de charge jusqu\u2019\u00e0 360\u00a0kg","robots":{"index":"index","follow":"follow","max-snippet":"max-snippet:-1","max-image-preview":"max-image-preview:large","max-video-preview":"max-video-preview:-1"},"canonical":"https:\/\/fornimedical.ch\/fr\/produit\/transatlantic-drap-de-transfert-avec-fonction-de-transport\/","og_locale":"fr_FR","og_type":"article","og_title":"TRANSATLANTIC Drap de transfert avec fonction de transport XXL","og_description":"TRANSATLANTIC Drap de transfert avec fonction de transport XXL, usage unique, absorbant jusqu\u2019\u00e0 3,8\u00a0litres, avec poign\u00e9es r\u00e9sistantes \u00e0 la d\u00e9chirure, capacit\u00e9 de charge jusqu\u2019\u00e0 360\u00a0kg","og_url":"https:\/\/fornimedical.ch\/fr\/produit\/transatlantic-drap-de-transfert-avec-fonction-de-transport\/","og_site_name":"Forni Medical GmbH","article_modified_time":"2024-07-18T11:28:58+00:00","og_image":[{"width":2481,"height":1487,"url":"https:\/\/fornimedical.ch\/wp-content\/uploads\/2024\/03\/forni-medical_transatlantic_transfertuch-mit-tragefunktion-XXL.jpg","type":"image\/jpeg"}],"twitter_card":"summary_large_image","schema":{"@context":"https:\/\/schema.org","@graph":[{"@type":"WebPage","@id":"https:\/\/fornimedical.ch\/fr\/produit\/transatlantic-drap-de-transfert-avec-fonction-de-transport\/","url":"https:\/\/fornimedical.ch\/fr\/produit\/transatlantic-drap-de-transfert-avec-fonction-de-transport\/","name":"TRANSATLANTIC Drap de transfert avec fonction de transport XXL","isPartOf":{"@id":"https:\/\/fornimedical.ch\/fr\/#website"},"primaryImageOfPage":{"@id":"https:\/\/fornimedical.ch\/fr\/produit\/transatlantic-drap-de-transfert-avec-fonction-de-transport\/#primaryimage"},"image":{"@id":"https:\/\/fornimedical.ch\/fr\/produit\/transatlantic-drap-de-transfert-avec-fonction-de-transport\/#primaryimage"},"thumbnailUrl":"https:\/\/fornimedical.ch\/wp-content\/uploads\/2024\/03\/forni-medical_transatlantic_transfertuch-mit-tragefunktion-XXL.jpg","datePublished":"2024-03-21T14:41:03+00:00","dateModified":"2024-07-18T11:28:58+00:00","description":"TRANSATLANTIC Drap de transfert avec fonction de transport XXL, usage unique, absorbant jusqu\u2019\u00e0 3,8\u00a0litres, avec poign\u00e9es r\u00e9sistantes \u00e0 la d\u00e9chirure, capacit\u00e9 de charge jusqu\u2019\u00e0 360\u00a0kg","breadcrumb":{"@id":"https:\/\/fornimedical.ch\/fr\/produit\/transatlantic-drap-de-transfert-avec-fonction-de-transport\/#breadcrumb"},"inLanguage":"fr-FR","potentialAction":[{"@type":"ReadAction","target":["https:\/\/fornimedical.ch\/fr\/produit\/transatlantic-drap-de-transfert-avec-fonction-de-transport\/"]}]},{"@type":"ImageObject","inLanguage":"fr-FR","@id":"https:\/\/fornimedical.ch\/fr\/produit\/transatlantic-drap-de-transfert-avec-fonction-de-transport\/#primaryimage","url":"https:\/\/fornimedical.ch\/wp-content\/uploads\/2024\/03\/forni-medical_transatlantic_transfertuch-mit-tragefunktion-XXL.jpg","contentUrl":"https:\/\/fornimedical.ch\/wp-content\/uploads\/2024\/03\/forni-medical_transatlantic_transfertuch-mit-tragefunktion-XXL.jpg","width":2481,"height":1487,"caption":"Forni Medical Transatlantic Transfertuch mit Tragefunktion XXL"},{"@type":"BreadcrumbList","@id":"https:\/\/fornimedical.ch\/fr\/produit\/transatlantic-drap-de-transfert-avec-fonction-de-transport\/#breadcrumb","itemListElement":[{"@type":"ListItem","position":1,"name":"Home","item":"https:\/\/fornimedical.ch\/fr\/"},{"@type":"ListItem","position":2,"name":"Archives boutique en ligne","item":"https:\/\/fornimedical.ch\/fr\/archives-boutique-en-ligne\/"},{"@type":"ListItem","position":3,"name":"TRANSATLANTIC Drap de transfert avec fonction de transport"}]},{"@type":"WebSite","@id":"https:\/\/fornimedical.ch\/fr\/#website","url":"https:\/\/fornimedical.ch\/fr\/","name":"Forni Medical GmbH","description":"","publisher":{"@id":"https:\/\/fornimedical.ch\/fr\/#organization"},"potentialAction":[{"@type":"SearchAction","target":{"@type":"EntryPoint","urlTemplate":"https:\/\/fornimedical.ch\/fr\/?s={search_term_string}"},"query-input":{"@type":"PropertyValueSpecification","valueRequired":true,"valueName":"search_term_string"}}],"inLanguage":"fr-FR"},{"@type":"Organization","@id":"https:\/\/fornimedical.ch\/fr\/#organization","name":"Forni Medical GmbH","url":"https:\/\/fornimedical.ch\/fr\/","logo":{"@type":"ImageObject","inLanguage":"fr-FR","@id":"https:\/\/fornimedical.ch\/fr\/#\/schema\/logo\/image\/","url":"https:\/\/fornimedical.ch\/wp-content\/uploads\/2023\/08\/logo.svg","contentUrl":"https:\/\/fornimedical.ch\/wp-content\/uploads\/2023\/08\/logo.svg","caption":"Forni Medical GmbH"},"image":{"@id":"https:\/\/fornimedical.ch\/fr\/#\/schema\/logo\/image\/"}}]}},"_links":{"self":[{"href":"https:\/\/fornimedical.ch\/fr\/wp-json\/wp\/v2\/product\/7576","targetHints":{"allow":["GET"]}}],"collection":[{"href":"https:\/\/fornimedical.ch\/fr\/wp-json\/wp\/v2\/product"}],"about":[{"href":"https:\/\/fornimedical.ch\/fr\/wp-json\/wp\/v2\/types\/product"}],"replies":[{"embeddable":true,"href":"https:\/\/fornimedical.ch\/fr\/wp-json\/wp\/v2\/comments?post=7576"}],"wp:featuredmedia":[{"embeddable":true,"href":"https:\/\/fornimedical.ch\/fr\/wp-json\/wp\/v2\/media\/3720"}],"wp:attachment":[{"href":"https:\/\/fornimedical.ch\/fr\/wp-json\/wp\/v2\/media?parent=7576"}],"wp:term":[{"taxonomy":"product_brand","embeddable":true,"href":"https:\/\/fornimedical.ch\/fr\/wp-json\/wp\/v2\/product_brand?post=7576"},{"taxonomy":"product_cat","embeddable":true,"href":"https:\/\/fornimedical.ch\/fr\/wp-json\/wp\/v2\/product_cat?post=7576"},{"taxonomy":"product_tag","embeddable":true,"href":"https:\/\/fornimedical.ch\/fr\/wp-json\/wp\/v2\/product_tag?post=7576"}],"curies":[{"name":"wp","href":"https:\/\/api.w.org\/{rel}","templated":true}]}}