{"id":7561,"date":"2024-03-29T13:44:35","date_gmt":"2024-03-29T13:44:35","guid":{"rendered":"https:\/\/fornimedical.ch\/product\/attelle-pour-le-pouce-avec-fermeture-velcro-utilisable-aux-deux-mains-couleur-chair\/"},"modified":"2024-07-18T11:28:35","modified_gmt":"2024-07-18T11:28:35","slug":"attelle-pour-le-pouce-avec-fermeture-velcro-utilisable-aux-deux-mains-couleur-chair","status":"publish","type":"product","link":"https:\/\/fornimedical.ch\/fr\/produit\/attelle-pour-le-pouce-avec-fermeture-velcro-utilisable-aux-deux-mains-couleur-chair\/","title":{"rendered":"Attelle pour le pouce, avec fermeture velcro, utilisable aux deux mains, couleur chair"},"content":{"rendered":"<p>Attelle pour le pouce, utilisable aux deux mains. Avec fermeture velcro pour main droite ou gauche, mod\u00e8le long avec attelle en aluminium ajustable et amovible. Lavage \u00e0 la main \u00e0 30\u00a0\u00b0C. Toujours fermer tous les velcros avant de laver, ne pas s\u00e9cher au s\u00e8che-linge. Pour pouce du skieur ou autres blessures au pouce, \u00e9tats postop\u00e9ratoires et arthrose. Convient \u00e9galement tr\u00e8s bien en cas d\u2019entorses ou de distorsions.<\/p>\n","protected":false},"excerpt":{"rendered":"<p>utilisable aux deux mains, couleur chair, 57\u00a0% polyamide, 31\u00a0% monofilament et 12\u00a0% \u00e9lasthanne, lavable \u00e0 30\u00a0\u00b0C, mod\u00e8le long avec attelle en aluminium ajustable et amovible<\/p>\n","protected":false},"featured_media":2960,"comment_status":"closed","ping_status":"closed","template":"","meta":{"_acf_changed":false,"site-sidebar-layout":"default","site-content-layout":"","ast-site-content-layout":"default","site-content-style":"default","site-sidebar-style":"default","ast-global-header-display":"","ast-banner-title-visibility":"","ast-main-header-display":"","ast-hfb-above-header-display":"","ast-hfb-below-header-display":"","ast-hfb-mobile-header-display":"","site-post-title":"","ast-breadcrumbs-content":"","ast-featured-img":"","footer-sml-layout":"","theme-transparent-header-meta":"default","adv-header-id-meta":"","stick-header-meta":"","header-above-stick-meta":"","header-main-stick-meta":"","header-below-stick-meta":"","astra-migrate-meta-layouts":"default","ast-page-background-enabled":"default","ast-page-background-meta":{"desktop":{"background-color":"var(--ast-global-color-4)","background-image":"","background-repeat":"repeat","background-position":"center center","background-size":"auto","background-attachment":"scroll","background-type":"","background-media":"","overlay-type":"","overlay-color":"","overlay-opacity":"","overlay-gradient":""},"tablet":{"background-color":"","background-image":"","background-repeat":"repeat","background-position":"center center","background-size":"auto","background-attachment":"scroll","background-type":"","background-media":"","overlay-type":"","overlay-color":"","overlay-opacity":"","overlay-gradient":""},"mobile":{"background-color":"","background-image":"","background-repeat":"repeat","background-position":"center center","background-size":"auto","background-attachment":"scroll","background-type":"","background-media":"","overlay-type":"","overlay-color":"","overlay-opacity":"","overlay-gradient":""}},"ast-content-background-meta":{"desktop":{"background-color":"var(--ast-global-color-5)","background-image":"","background-repeat":"repeat","background-position":"center center","background-size":"auto","background-attachment":"scroll","background-type":"","background-media":"","overlay-type":"","overlay-color":"","overlay-opacity":"","overlay-gradient":""},"tablet":{"background-color":"var(--ast-global-color-5)","background-image":"","background-repeat":"repeat","background-position":"center center","background-size":"auto","background-attachment":"scroll","background-type":"","background-media":"","overlay-type":"","overlay-color":"","overlay-opacity":"","overlay-gradient":""},"mobile":{"background-color":"var(--ast-global-color-5)","background-image":"","background-repeat":"repeat","background-position":"center center","background-size":"auto","background-attachment":"scroll","background-type":"","background-media":"","overlay-type":"","overlay-color":"","overlay-opacity":"","overlay-gradient":""}}},"product_brand":[],"product_cat":[585],"product_tag":[],"class_list":{"0":"post-7561","1":"product","2":"type-product","3":"status-publish","4":"has-post-thumbnail","6":"product_cat-attelles-pour-le-pouce","7":"desktop-align-left","8":"tablet-align-left","9":"mobile-align-left","11":"first","12":"instock","13":"taxable","14":"shipping-taxable","15":"purchasable","16":"product-type-variable","17":"has-default-attributes","18":"add-to-wishlist-before_image"},"acf":[],"yoast_head":"<!-- This site is optimized with the Yoast SEO plugin v26.5 - https:\/\/yoast.com\/wordpress\/plugins\/seo\/ -->\n<title>Attelle pour le pouce, avec fermeture velcro, utilisable aux deux mains<\/title>\n<meta name=\"description\" content=\"Attelle pour le pouce, avec fermeture velcro, utilisable aux deux mains, couleur chair, mod\u00e8le long avec attelle en aluminium ajustable et amovible\" \/>\n<meta name=\"robots\" content=\"index, follow, max-snippet:-1, max-image-preview:large, max-video-preview:-1\" \/>\n<link rel=\"canonical\" href=\"https:\/\/fornimedical.ch\/fr\/produit\/attelle-pour-le-pouce-avec-fermeture-velcro-utilisable-aux-deux-mains-couleur-chair\/\" \/>\n<meta property=\"og:locale\" content=\"fr_FR\" \/>\n<meta property=\"og:type\" content=\"article\" \/>\n<meta property=\"og:title\" content=\"Attelle pour le pouce, avec fermeture velcro, utilisable aux deux mains\" \/>\n<meta property=\"og:description\" content=\"Attelle pour le pouce, avec fermeture velcro, utilisable aux deux mains, couleur chair, mod\u00e8le long avec attelle en aluminium ajustable et amovible\" \/>\n<meta property=\"og:url\" content=\"https:\/\/fornimedical.ch\/fr\/produit\/attelle-pour-le-pouce-avec-fermeture-velcro-utilisable-aux-deux-mains-couleur-chair\/\" \/>\n<meta property=\"og:site_name\" content=\"Forni Medical GmbH\" \/>\n<meta property=\"article:modified_time\" content=\"2024-07-18T11:28:35+00:00\" \/>\n<meta property=\"og:image\" content=\"https:\/\/fornimedical.ch\/wp-content\/uploads\/2024\/03\/forni-medical_orliman_daumenbandage_hautfarbig.jpg\" \/>\n\t<meta property=\"og:image:width\" content=\"2481\" \/>\n\t<meta property=\"og:image:height\" content=\"1487\" \/>\n\t<meta property=\"og:image:type\" content=\"image\/jpeg\" \/>\n<meta name=\"twitter:card\" content=\"summary_large_image\" \/>\n<script type=\"application\/ld+json\" class=\"yoast-schema-graph\">{\"@context\":\"https:\/\/schema.org\",\"@graph\":[{\"@type\":\"WebPage\",\"@id\":\"https:\/\/fornimedical.ch\/fr\/produit\/attelle-pour-le-pouce-avec-fermeture-velcro-utilisable-aux-deux-mains-couleur-chair\/\",\"url\":\"https:\/\/fornimedical.ch\/fr\/produit\/attelle-pour-le-pouce-avec-fermeture-velcro-utilisable-aux-deux-mains-couleur-chair\/\",\"name\":\"Attelle pour le pouce, avec fermeture velcro, utilisable aux deux mains\",\"isPartOf\":{\"@id\":\"https:\/\/fornimedical.ch\/fr\/#website\"},\"primaryImageOfPage\":{\"@id\":\"https:\/\/fornimedical.ch\/fr\/produit\/attelle-pour-le-pouce-avec-fermeture-velcro-utilisable-aux-deux-mains-couleur-chair\/#primaryimage\"},\"image\":{\"@id\":\"https:\/\/fornimedical.ch\/fr\/produit\/attelle-pour-le-pouce-avec-fermeture-velcro-utilisable-aux-deux-mains-couleur-chair\/#primaryimage\"},\"thumbnailUrl\":\"https:\/\/fornimedical.ch\/wp-content\/uploads\/2024\/03\/forni-medical_orliman_daumenbandage_hautfarbig.jpg\",\"datePublished\":\"2024-03-29T13:44:35+00:00\",\"dateModified\":\"2024-07-18T11:28:35+00:00\",\"description\":\"Attelle pour le pouce, avec fermeture velcro, utilisable aux deux mains, couleur chair, mod\u00e8le long avec attelle en aluminium ajustable et amovible\",\"breadcrumb\":{\"@id\":\"https:\/\/fornimedical.ch\/fr\/produit\/attelle-pour-le-pouce-avec-fermeture-velcro-utilisable-aux-deux-mains-couleur-chair\/#breadcrumb\"},\"inLanguage\":\"fr-FR\",\"potentialAction\":[{\"@type\":\"ReadAction\",\"target\":[\"https:\/\/fornimedical.ch\/fr\/produit\/attelle-pour-le-pouce-avec-fermeture-velcro-utilisable-aux-deux-mains-couleur-chair\/\"]}]},{\"@type\":\"ImageObject\",\"inLanguage\":\"fr-FR\",\"@id\":\"https:\/\/fornimedical.ch\/fr\/produit\/attelle-pour-le-pouce-avec-fermeture-velcro-utilisable-aux-deux-mains-couleur-chair\/#primaryimage\",\"url\":\"https:\/\/fornimedical.ch\/wp-content\/uploads\/2024\/03\/forni-medical_orliman_daumenbandage_hautfarbig.jpg\",\"contentUrl\":\"https:\/\/fornimedical.ch\/wp-content\/uploads\/2024\/03\/forni-medical_orliman_daumenbandage_hautfarbig.jpg\",\"width\":2481,\"height\":1487,\"caption\":\"Forni Medical Daumenbandage, mit Klettverschluss, beidseitig verwendbar, hautfarbig\"},{\"@type\":\"BreadcrumbList\",\"@id\":\"https:\/\/fornimedical.ch\/fr\/produit\/attelle-pour-le-pouce-avec-fermeture-velcro-utilisable-aux-deux-mains-couleur-chair\/#breadcrumb\",\"itemListElement\":[{\"@type\":\"ListItem\",\"position\":1,\"name\":\"Home\",\"item\":\"https:\/\/fornimedical.ch\/fr\/\"},{\"@type\":\"ListItem\",\"position\":2,\"name\":\"Archives boutique en ligne\",\"item\":\"https:\/\/fornimedical.ch\/fr\/archives-boutique-en-ligne\/\"},{\"@type\":\"ListItem\",\"position\":3,\"name\":\"Attelle pour le pouce, avec fermeture velcro, utilisable aux deux mains, couleur chair\"}]},{\"@type\":\"WebSite\",\"@id\":\"https:\/\/fornimedical.ch\/fr\/#website\",\"url\":\"https:\/\/fornimedical.ch\/fr\/\",\"name\":\"Forni Medical GmbH\",\"description\":\"\",\"publisher\":{\"@id\":\"https:\/\/fornimedical.ch\/fr\/#organization\"},\"potentialAction\":[{\"@type\":\"SearchAction\",\"target\":{\"@type\":\"EntryPoint\",\"urlTemplate\":\"https:\/\/fornimedical.ch\/fr\/?s={search_term_string}\"},\"query-input\":{\"@type\":\"PropertyValueSpecification\",\"valueRequired\":true,\"valueName\":\"search_term_string\"}}],\"inLanguage\":\"fr-FR\"},{\"@type\":\"Organization\",\"@id\":\"https:\/\/fornimedical.ch\/fr\/#organization\",\"name\":\"Forni Medical GmbH\",\"url\":\"https:\/\/fornimedical.ch\/fr\/\",\"logo\":{\"@type\":\"ImageObject\",\"inLanguage\":\"fr-FR\",\"@id\":\"https:\/\/fornimedical.ch\/fr\/#\/schema\/logo\/image\/\",\"url\":\"https:\/\/fornimedical.ch\/wp-content\/uploads\/2023\/08\/logo.svg\",\"contentUrl\":\"https:\/\/fornimedical.ch\/wp-content\/uploads\/2023\/08\/logo.svg\",\"caption\":\"Forni Medical GmbH\"},\"image\":{\"@id\":\"https:\/\/fornimedical.ch\/fr\/#\/schema\/logo\/image\/\"}}]}<\/script>\n<!-- \/ Yoast SEO plugin. -->","yoast_head_json":{"title":"Attelle pour le pouce, avec fermeture velcro, utilisable aux deux mains","description":"Attelle pour le pouce, avec fermeture velcro, utilisable aux deux mains, couleur chair, mod\u00e8le long avec attelle en aluminium ajustable et amovible","robots":{"index":"index","follow":"follow","max-snippet":"max-snippet:-1","max-image-preview":"max-image-preview:large","max-video-preview":"max-video-preview:-1"},"canonical":"https:\/\/fornimedical.ch\/fr\/produit\/attelle-pour-le-pouce-avec-fermeture-velcro-utilisable-aux-deux-mains-couleur-chair\/","og_locale":"fr_FR","og_type":"article","og_title":"Attelle pour le pouce, avec fermeture velcro, utilisable aux deux mains","og_description":"Attelle pour le pouce, avec fermeture velcro, utilisable aux deux mains, couleur chair, mod\u00e8le long avec attelle en aluminium ajustable et amovible","og_url":"https:\/\/fornimedical.ch\/fr\/produit\/attelle-pour-le-pouce-avec-fermeture-velcro-utilisable-aux-deux-mains-couleur-chair\/","og_site_name":"Forni Medical GmbH","article_modified_time":"2024-07-18T11:28:35+00:00","og_image":[{"width":2481,"height":1487,"url":"https:\/\/fornimedical.ch\/wp-content\/uploads\/2024\/03\/forni-medical_orliman_daumenbandage_hautfarbig.jpg","type":"image\/jpeg"}],"twitter_card":"summary_large_image","schema":{"@context":"https:\/\/schema.org","@graph":[{"@type":"WebPage","@id":"https:\/\/fornimedical.ch\/fr\/produit\/attelle-pour-le-pouce-avec-fermeture-velcro-utilisable-aux-deux-mains-couleur-chair\/","url":"https:\/\/fornimedical.ch\/fr\/produit\/attelle-pour-le-pouce-avec-fermeture-velcro-utilisable-aux-deux-mains-couleur-chair\/","name":"Attelle pour le pouce, avec fermeture velcro, utilisable aux deux mains","isPartOf":{"@id":"https:\/\/fornimedical.ch\/fr\/#website"},"primaryImageOfPage":{"@id":"https:\/\/fornimedical.ch\/fr\/produit\/attelle-pour-le-pouce-avec-fermeture-velcro-utilisable-aux-deux-mains-couleur-chair\/#primaryimage"},"image":{"@id":"https:\/\/fornimedical.ch\/fr\/produit\/attelle-pour-le-pouce-avec-fermeture-velcro-utilisable-aux-deux-mains-couleur-chair\/#primaryimage"},"thumbnailUrl":"https:\/\/fornimedical.ch\/wp-content\/uploads\/2024\/03\/forni-medical_orliman_daumenbandage_hautfarbig.jpg","datePublished":"2024-03-29T13:44:35+00:00","dateModified":"2024-07-18T11:28:35+00:00","description":"Attelle pour le pouce, avec fermeture velcro, utilisable aux deux mains, couleur chair, mod\u00e8le long avec attelle en aluminium ajustable et amovible","breadcrumb":{"@id":"https:\/\/fornimedical.ch\/fr\/produit\/attelle-pour-le-pouce-avec-fermeture-velcro-utilisable-aux-deux-mains-couleur-chair\/#breadcrumb"},"inLanguage":"fr-FR","potentialAction":[{"@type":"ReadAction","target":["https:\/\/fornimedical.ch\/fr\/produit\/attelle-pour-le-pouce-avec-fermeture-velcro-utilisable-aux-deux-mains-couleur-chair\/"]}]},{"@type":"ImageObject","inLanguage":"fr-FR","@id":"https:\/\/fornimedical.ch\/fr\/produit\/attelle-pour-le-pouce-avec-fermeture-velcro-utilisable-aux-deux-mains-couleur-chair\/#primaryimage","url":"https:\/\/fornimedical.ch\/wp-content\/uploads\/2024\/03\/forni-medical_orliman_daumenbandage_hautfarbig.jpg","contentUrl":"https:\/\/fornimedical.ch\/wp-content\/uploads\/2024\/03\/forni-medical_orliman_daumenbandage_hautfarbig.jpg","width":2481,"height":1487,"caption":"Forni Medical Daumenbandage, mit Klettverschluss, beidseitig verwendbar, hautfarbig"},{"@type":"BreadcrumbList","@id":"https:\/\/fornimedical.ch\/fr\/produit\/attelle-pour-le-pouce-avec-fermeture-velcro-utilisable-aux-deux-mains-couleur-chair\/#breadcrumb","itemListElement":[{"@type":"ListItem","position":1,"name":"Home","item":"https:\/\/fornimedical.ch\/fr\/"},{"@type":"ListItem","position":2,"name":"Archives boutique en ligne","item":"https:\/\/fornimedical.ch\/fr\/archives-boutique-en-ligne\/"},{"@type":"ListItem","position":3,"name":"Attelle pour le pouce, avec fermeture velcro, utilisable aux deux mains, couleur chair"}]},{"@type":"WebSite","@id":"https:\/\/fornimedical.ch\/fr\/#website","url":"https:\/\/fornimedical.ch\/fr\/","name":"Forni Medical GmbH","description":"","publisher":{"@id":"https:\/\/fornimedical.ch\/fr\/#organization"},"potentialAction":[{"@type":"SearchAction","target":{"@type":"EntryPoint","urlTemplate":"https:\/\/fornimedical.ch\/fr\/?s={search_term_string}"},"query-input":{"@type":"PropertyValueSpecification","valueRequired":true,"valueName":"search_term_string"}}],"inLanguage":"fr-FR"},{"@type":"Organization","@id":"https:\/\/fornimedical.ch\/fr\/#organization","name":"Forni Medical GmbH","url":"https:\/\/fornimedical.ch\/fr\/","logo":{"@type":"ImageObject","inLanguage":"fr-FR","@id":"https:\/\/fornimedical.ch\/fr\/#\/schema\/logo\/image\/","url":"https:\/\/fornimedical.ch\/wp-content\/uploads\/2023\/08\/logo.svg","contentUrl":"https:\/\/fornimedical.ch\/wp-content\/uploads\/2023\/08\/logo.svg","caption":"Forni Medical GmbH"},"image":{"@id":"https:\/\/fornimedical.ch\/fr\/#\/schema\/logo\/image\/"}}]}},"_links":{"self":[{"href":"https:\/\/fornimedical.ch\/fr\/wp-json\/wp\/v2\/product\/7561","targetHints":{"allow":["GET"]}}],"collection":[{"href":"https:\/\/fornimedical.ch\/fr\/wp-json\/wp\/v2\/product"}],"about":[{"href":"https:\/\/fornimedical.ch\/fr\/wp-json\/wp\/v2\/types\/product"}],"replies":[{"embeddable":true,"href":"https:\/\/fornimedical.ch\/fr\/wp-json\/wp\/v2\/comments?post=7561"}],"wp:featuredmedia":[{"embeddable":true,"href":"https:\/\/fornimedical.ch\/fr\/wp-json\/wp\/v2\/media\/2960"}],"wp:attachment":[{"href":"https:\/\/fornimedical.ch\/fr\/wp-json\/wp\/v2\/media?parent=7561"}],"wp:term":[{"taxonomy":"product_brand","embeddable":true,"href":"https:\/\/fornimedical.ch\/fr\/wp-json\/wp\/v2\/product_brand?post=7561"},{"taxonomy":"product_cat","embeddable":true,"href":"https:\/\/fornimedical.ch\/fr\/wp-json\/wp\/v2\/product_cat?post=7561"},{"taxonomy":"product_tag","embeddable":true,"href":"https:\/\/fornimedical.ch\/fr\/wp-json\/wp\/v2\/product_tag?post=7561"}],"curies":[{"name":"wp","href":"https:\/\/api.w.org\/{rel}","templated":true}]}}