{"id":7396,"date":"2024-04-05T07:03:55","date_gmt":"2024-04-05T05:03:55","guid":{"rendered":"https:\/\/fornimedical.ch\/product\/forni-bande-ideal-special-elastique-tension-moyenne-blanche-avec-rebord-soude\/"},"modified":"2024-08-16T11:27:35","modified_gmt":"2024-08-16T11:27:35","slug":"forni-bande-ideal-special-elastique-tension-moyenne-blanche-avec-rebord-soude","status":"publish","type":"product","link":"https:\/\/fornimedical.ch\/fr\/produit\/forni-bande-ideal-special-elastique-tension-moyenne-blanche-avec-rebord-soude\/","title":{"rendered":"Forni Bande \u00abIdeal\u00bb Special, \u00e9lastique, tension moyenne, blanche, avec rebord soud\u00e9"},"content":{"rendered":"<p>Forni Bande \u00abIdeal\u00bb Special, \u00e9lastique, tension moyenne, blanche, avec rebord soud\u00e9 et agrafe, sans latex ni PHT, s\u2019utilise comme pansement pour toutes les extr\u00e9mit\u00e9s, \u00e9galement comme fixation de pansements. Lavage \u00e0 la main, faire s\u00e9cher \u00e0 l\u2019air libre.<\/p>\n","protected":false},"excerpt":{"rendered":"<p>Bande \u00e0 tension moyenne avec rebord soud\u00e9 et agrafe, \u00e9lasticit\u00e9 160 %<\/p>\n","protected":false},"featured_media":3138,"comment_status":"closed","ping_status":"closed","template":"","meta":{"_acf_changed":false,"site-sidebar-layout":"default","site-content-layout":"","ast-site-content-layout":"default","site-content-style":"default","site-sidebar-style":"default","ast-global-header-display":"","ast-banner-title-visibility":"","ast-main-header-display":"","ast-hfb-above-header-display":"","ast-hfb-below-header-display":"","ast-hfb-mobile-header-display":"","site-post-title":"","ast-breadcrumbs-content":"","ast-featured-img":"","footer-sml-layout":"","theme-transparent-header-meta":"default","adv-header-id-meta":"","stick-header-meta":"","header-above-stick-meta":"","header-main-stick-meta":"","header-below-stick-meta":"","astra-migrate-meta-layouts":"set","ast-page-background-enabled":"default","ast-page-background-meta":{"desktop":{"background-color":"var(--ast-global-color-4)","background-image":"","background-repeat":"repeat","background-position":"center center","background-size":"auto","background-attachment":"scroll","background-type":"","background-media":"","overlay-type":"","overlay-color":"","overlay-opacity":"","overlay-gradient":""},"tablet":{"background-color":"","background-image":"","background-repeat":"repeat","background-position":"center center","background-size":"auto","background-attachment":"scroll","background-type":"","background-media":"","overlay-type":"","overlay-color":"","overlay-opacity":"","overlay-gradient":""},"mobile":{"background-color":"","background-image":"","background-repeat":"repeat","background-position":"center center","background-size":"auto","background-attachment":"scroll","background-type":"","background-media":"","overlay-type":"","overlay-color":"","overlay-opacity":"","overlay-gradient":""}},"ast-content-background-meta":{"desktop":{"background-color":"var(--ast-global-color-5)","background-image":"","background-repeat":"repeat","background-position":"center center","background-size":"auto","background-attachment":"scroll","background-type":"","background-media":"","overlay-type":"","overlay-color":"","overlay-opacity":"","overlay-gradient":""},"tablet":{"background-color":"var(--ast-global-color-5)","background-image":"","background-repeat":"repeat","background-position":"center center","background-size":"auto","background-attachment":"scroll","background-type":"","background-media":"","overlay-type":"","overlay-color":"","overlay-opacity":"","overlay-gradient":""},"mobile":{"background-color":"var(--ast-global-color-5)","background-image":"","background-repeat":"repeat","background-position":"center center","background-size":"auto","background-attachment":"scroll","background-type":"","background-media":"","overlay-type":"","overlay-color":"","overlay-opacity":"","overlay-gradient":""}}},"product_brand":[],"product_cat":[608],"product_tag":[],"class_list":{"0":"post-7396","1":"product","2":"type-product","3":"status-publish","4":"has-post-thumbnail","6":"product_cat-bandes-ideal-elastiques","7":"desktop-align-left","8":"tablet-align-left","9":"mobile-align-left","11":"first","12":"instock","13":"taxable","14":"shipping-taxable","15":"purchasable","16":"product-type-variable","17":"has-default-attributes","18":"add-to-wishlist-before_image"},"acf":[],"yoast_head":"<!-- This site is optimized with the Yoast SEO plugin v26.5 - https:\/\/yoast.com\/wordpress\/plugins\/seo\/ -->\n<title>Forni Bande \u00abIdeal\u00bb Special, \u00e9lastique, tension moyenne, blanche<\/title>\n<meta name=\"description\" content=\"Forni Bande \u00abIdeal\u00bb Special, \u00e9lastique, tension moyenne, blanche, avec rebord soud\u00e9 et attache, \u00e9lasticit\u00e9 160\u00a0%, lavage \u00e0 la main, faire s\u00e9cher \u00e0 l\u2019air libre\" \/>\n<meta name=\"robots\" content=\"index, follow, max-snippet:-1, max-image-preview:large, max-video-preview:-1\" \/>\n<link rel=\"canonical\" href=\"https:\/\/fornimedical.ch\/fr\/produit\/forni-bande-ideal-special-elastique-tension-moyenne-blanche-avec-rebord-soude\/\" \/>\n<meta property=\"og:locale\" content=\"fr_FR\" \/>\n<meta property=\"og:type\" content=\"article\" \/>\n<meta property=\"og:title\" content=\"Forni Bande \u00abIdeal\u00bb Special, \u00e9lastique, tension moyenne, blanche\" \/>\n<meta property=\"og:description\" content=\"Forni Bande \u00abIdeal\u00bb Special, \u00e9lastique, tension moyenne, blanche, avec rebord soud\u00e9 et attache, \u00e9lasticit\u00e9 160\u00a0%, lavage \u00e0 la main, faire s\u00e9cher \u00e0 l\u2019air libre\" \/>\n<meta property=\"og:url\" content=\"https:\/\/fornimedical.ch\/fr\/produit\/forni-bande-ideal-special-elastique-tension-moyenne-blanche-avec-rebord-soude\/\" \/>\n<meta property=\"og:site_name\" content=\"Forni Medical GmbH\" \/>\n<meta property=\"article:modified_time\" content=\"2024-08-16T11:27:35+00:00\" \/>\n<meta property=\"og:image\" content=\"https:\/\/fornimedical.ch\/wp-content\/uploads\/2024\/04\/forni-medical_idealbinde-spezial_elastisch_mittelzug_weiss_mit-schweissnaht.jpg\" \/>\n\t<meta property=\"og:image:width\" content=\"2481\" \/>\n\t<meta property=\"og:image:height\" content=\"1487\" \/>\n\t<meta property=\"og:image:type\" content=\"image\/jpeg\" \/>\n<meta name=\"twitter:card\" content=\"summary_large_image\" \/>\n<meta name=\"twitter:label1\" content=\"Dur\u00e9e de lecture estim\u00e9e\" \/>\n\t<meta name=\"twitter:data1\" content=\"1 minute\" \/>\n<script type=\"application\/ld+json\" class=\"yoast-schema-graph\">{\"@context\":\"https:\/\/schema.org\",\"@graph\":[{\"@type\":\"WebPage\",\"@id\":\"https:\/\/fornimedical.ch\/fr\/produit\/forni-bande-ideal-special-elastique-tension-moyenne-blanche-avec-rebord-soude\/\",\"url\":\"https:\/\/fornimedical.ch\/fr\/produit\/forni-bande-ideal-special-elastique-tension-moyenne-blanche-avec-rebord-soude\/\",\"name\":\"Forni Bande \u00abIdeal\u00bb Special, \u00e9lastique, tension moyenne, blanche\",\"isPartOf\":{\"@id\":\"https:\/\/fornimedical.ch\/fr\/#website\"},\"primaryImageOfPage\":{\"@id\":\"https:\/\/fornimedical.ch\/fr\/produit\/forni-bande-ideal-special-elastique-tension-moyenne-blanche-avec-rebord-soude\/#primaryimage\"},\"image\":{\"@id\":\"https:\/\/fornimedical.ch\/fr\/produit\/forni-bande-ideal-special-elastique-tension-moyenne-blanche-avec-rebord-soude\/#primaryimage\"},\"thumbnailUrl\":\"https:\/\/fornimedical.ch\/wp-content\/uploads\/2024\/04\/forni-medical_idealbinde-spezial_elastisch_mittelzug_weiss_mit-schweissnaht.jpg\",\"datePublished\":\"2024-04-05T05:03:55+00:00\",\"dateModified\":\"2024-08-16T11:27:35+00:00\",\"description\":\"Forni Bande \u00abIdeal\u00bb Special, \u00e9lastique, tension moyenne, blanche, avec rebord soud\u00e9 et attache, \u00e9lasticit\u00e9 160\u00a0%, lavage \u00e0 la main, faire s\u00e9cher \u00e0 l\u2019air libre\",\"breadcrumb\":{\"@id\":\"https:\/\/fornimedical.ch\/fr\/produit\/forni-bande-ideal-special-elastique-tension-moyenne-blanche-avec-rebord-soude\/#breadcrumb\"},\"inLanguage\":\"fr-FR\",\"potentialAction\":[{\"@type\":\"ReadAction\",\"target\":[\"https:\/\/fornimedical.ch\/fr\/produit\/forni-bande-ideal-special-elastique-tension-moyenne-blanche-avec-rebord-soude\/\"]}]},{\"@type\":\"ImageObject\",\"inLanguage\":\"fr-FR\",\"@id\":\"https:\/\/fornimedical.ch\/fr\/produit\/forni-bande-ideal-special-elastique-tension-moyenne-blanche-avec-rebord-soude\/#primaryimage\",\"url\":\"https:\/\/fornimedical.ch\/wp-content\/uploads\/2024\/04\/forni-medical_idealbinde-spezial_elastisch_mittelzug_weiss_mit-schweissnaht.jpg\",\"contentUrl\":\"https:\/\/fornimedical.ch\/wp-content\/uploads\/2024\/04\/forni-medical_idealbinde-spezial_elastisch_mittelzug_weiss_mit-schweissnaht.jpg\",\"width\":2481,\"height\":1487,\"caption\":\"Forni Medical Idealbinde \\\"Spezial\\\", elastisch, Mittelzug, weiss, mit Schweissnaht\"},{\"@type\":\"BreadcrumbList\",\"@id\":\"https:\/\/fornimedical.ch\/fr\/produit\/forni-bande-ideal-special-elastique-tension-moyenne-blanche-avec-rebord-soude\/#breadcrumb\",\"itemListElement\":[{\"@type\":\"ListItem\",\"position\":1,\"name\":\"Home\",\"item\":\"https:\/\/fornimedical.ch\/fr\/\"},{\"@type\":\"ListItem\",\"position\":2,\"name\":\"Archives boutique en ligne\",\"item\":\"https:\/\/fornimedical.ch\/fr\/archives-boutique-en-ligne\/\"},{\"@type\":\"ListItem\",\"position\":3,\"name\":\"Forni Bande \u00abIdeal\u00bb Special, \u00e9lastique, tension moyenne, blanche, avec rebord soud\u00e9\"}]},{\"@type\":\"WebSite\",\"@id\":\"https:\/\/fornimedical.ch\/fr\/#website\",\"url\":\"https:\/\/fornimedical.ch\/fr\/\",\"name\":\"Forni Medical GmbH\",\"description\":\"\",\"publisher\":{\"@id\":\"https:\/\/fornimedical.ch\/fr\/#organization\"},\"potentialAction\":[{\"@type\":\"SearchAction\",\"target\":{\"@type\":\"EntryPoint\",\"urlTemplate\":\"https:\/\/fornimedical.ch\/fr\/?s={search_term_string}\"},\"query-input\":{\"@type\":\"PropertyValueSpecification\",\"valueRequired\":true,\"valueName\":\"search_term_string\"}}],\"inLanguage\":\"fr-FR\"},{\"@type\":\"Organization\",\"@id\":\"https:\/\/fornimedical.ch\/fr\/#organization\",\"name\":\"Forni Medical GmbH\",\"url\":\"https:\/\/fornimedical.ch\/fr\/\",\"logo\":{\"@type\":\"ImageObject\",\"inLanguage\":\"fr-FR\",\"@id\":\"https:\/\/fornimedical.ch\/fr\/#\/schema\/logo\/image\/\",\"url\":\"https:\/\/fornimedical.ch\/wp-content\/uploads\/2023\/08\/logo.svg\",\"contentUrl\":\"https:\/\/fornimedical.ch\/wp-content\/uploads\/2023\/08\/logo.svg\",\"caption\":\"Forni Medical GmbH\"},\"image\":{\"@id\":\"https:\/\/fornimedical.ch\/fr\/#\/schema\/logo\/image\/\"}}]}<\/script>\n<!-- \/ Yoast SEO plugin. -->","yoast_head_json":{"title":"Forni Bande \u00abIdeal\u00bb Special, \u00e9lastique, tension moyenne, blanche","description":"Forni Bande \u00abIdeal\u00bb Special, \u00e9lastique, tension moyenne, blanche, avec rebord soud\u00e9 et attache, \u00e9lasticit\u00e9 160\u00a0%, lavage \u00e0 la main, faire s\u00e9cher \u00e0 l\u2019air libre","robots":{"index":"index","follow":"follow","max-snippet":"max-snippet:-1","max-image-preview":"max-image-preview:large","max-video-preview":"max-video-preview:-1"},"canonical":"https:\/\/fornimedical.ch\/fr\/produit\/forni-bande-ideal-special-elastique-tension-moyenne-blanche-avec-rebord-soude\/","og_locale":"fr_FR","og_type":"article","og_title":"Forni Bande \u00abIdeal\u00bb Special, \u00e9lastique, tension moyenne, blanche","og_description":"Forni Bande \u00abIdeal\u00bb Special, \u00e9lastique, tension moyenne, blanche, avec rebord soud\u00e9 et attache, \u00e9lasticit\u00e9 160\u00a0%, lavage \u00e0 la main, faire s\u00e9cher \u00e0 l\u2019air libre","og_url":"https:\/\/fornimedical.ch\/fr\/produit\/forni-bande-ideal-special-elastique-tension-moyenne-blanche-avec-rebord-soude\/","og_site_name":"Forni Medical GmbH","article_modified_time":"2024-08-16T11:27:35+00:00","og_image":[{"width":2481,"height":1487,"url":"https:\/\/fornimedical.ch\/wp-content\/uploads\/2024\/04\/forni-medical_idealbinde-spezial_elastisch_mittelzug_weiss_mit-schweissnaht.jpg","type":"image\/jpeg"}],"twitter_card":"summary_large_image","twitter_misc":{"Dur\u00e9e de lecture estim\u00e9e":"1 minute"},"schema":{"@context":"https:\/\/schema.org","@graph":[{"@type":"WebPage","@id":"https:\/\/fornimedical.ch\/fr\/produit\/forni-bande-ideal-special-elastique-tension-moyenne-blanche-avec-rebord-soude\/","url":"https:\/\/fornimedical.ch\/fr\/produit\/forni-bande-ideal-special-elastique-tension-moyenne-blanche-avec-rebord-soude\/","name":"Forni Bande \u00abIdeal\u00bb Special, \u00e9lastique, tension moyenne, blanche","isPartOf":{"@id":"https:\/\/fornimedical.ch\/fr\/#website"},"primaryImageOfPage":{"@id":"https:\/\/fornimedical.ch\/fr\/produit\/forni-bande-ideal-special-elastique-tension-moyenne-blanche-avec-rebord-soude\/#primaryimage"},"image":{"@id":"https:\/\/fornimedical.ch\/fr\/produit\/forni-bande-ideal-special-elastique-tension-moyenne-blanche-avec-rebord-soude\/#primaryimage"},"thumbnailUrl":"https:\/\/fornimedical.ch\/wp-content\/uploads\/2024\/04\/forni-medical_idealbinde-spezial_elastisch_mittelzug_weiss_mit-schweissnaht.jpg","datePublished":"2024-04-05T05:03:55+00:00","dateModified":"2024-08-16T11:27:35+00:00","description":"Forni Bande \u00abIdeal\u00bb Special, \u00e9lastique, tension moyenne, blanche, avec rebord soud\u00e9 et attache, \u00e9lasticit\u00e9 160\u00a0%, lavage \u00e0 la main, faire s\u00e9cher \u00e0 l\u2019air libre","breadcrumb":{"@id":"https:\/\/fornimedical.ch\/fr\/produit\/forni-bande-ideal-special-elastique-tension-moyenne-blanche-avec-rebord-soude\/#breadcrumb"},"inLanguage":"fr-FR","potentialAction":[{"@type":"ReadAction","target":["https:\/\/fornimedical.ch\/fr\/produit\/forni-bande-ideal-special-elastique-tension-moyenne-blanche-avec-rebord-soude\/"]}]},{"@type":"ImageObject","inLanguage":"fr-FR","@id":"https:\/\/fornimedical.ch\/fr\/produit\/forni-bande-ideal-special-elastique-tension-moyenne-blanche-avec-rebord-soude\/#primaryimage","url":"https:\/\/fornimedical.ch\/wp-content\/uploads\/2024\/04\/forni-medical_idealbinde-spezial_elastisch_mittelzug_weiss_mit-schweissnaht.jpg","contentUrl":"https:\/\/fornimedical.ch\/wp-content\/uploads\/2024\/04\/forni-medical_idealbinde-spezial_elastisch_mittelzug_weiss_mit-schweissnaht.jpg","width":2481,"height":1487,"caption":"Forni Medical Idealbinde \"Spezial\", elastisch, Mittelzug, weiss, mit Schweissnaht"},{"@type":"BreadcrumbList","@id":"https:\/\/fornimedical.ch\/fr\/produit\/forni-bande-ideal-special-elastique-tension-moyenne-blanche-avec-rebord-soude\/#breadcrumb","itemListElement":[{"@type":"ListItem","position":1,"name":"Home","item":"https:\/\/fornimedical.ch\/fr\/"},{"@type":"ListItem","position":2,"name":"Archives boutique en ligne","item":"https:\/\/fornimedical.ch\/fr\/archives-boutique-en-ligne\/"},{"@type":"ListItem","position":3,"name":"Forni Bande \u00abIdeal\u00bb Special, \u00e9lastique, tension moyenne, blanche, avec rebord soud\u00e9"}]},{"@type":"WebSite","@id":"https:\/\/fornimedical.ch\/fr\/#website","url":"https:\/\/fornimedical.ch\/fr\/","name":"Forni Medical GmbH","description":"","publisher":{"@id":"https:\/\/fornimedical.ch\/fr\/#organization"},"potentialAction":[{"@type":"SearchAction","target":{"@type":"EntryPoint","urlTemplate":"https:\/\/fornimedical.ch\/fr\/?s={search_term_string}"},"query-input":{"@type":"PropertyValueSpecification","valueRequired":true,"valueName":"search_term_string"}}],"inLanguage":"fr-FR"},{"@type":"Organization","@id":"https:\/\/fornimedical.ch\/fr\/#organization","name":"Forni Medical GmbH","url":"https:\/\/fornimedical.ch\/fr\/","logo":{"@type":"ImageObject","inLanguage":"fr-FR","@id":"https:\/\/fornimedical.ch\/fr\/#\/schema\/logo\/image\/","url":"https:\/\/fornimedical.ch\/wp-content\/uploads\/2023\/08\/logo.svg","contentUrl":"https:\/\/fornimedical.ch\/wp-content\/uploads\/2023\/08\/logo.svg","caption":"Forni Medical GmbH"},"image":{"@id":"https:\/\/fornimedical.ch\/fr\/#\/schema\/logo\/image\/"}}]}},"_links":{"self":[{"href":"https:\/\/fornimedical.ch\/fr\/wp-json\/wp\/v2\/product\/7396","targetHints":{"allow":["GET"]}}],"collection":[{"href":"https:\/\/fornimedical.ch\/fr\/wp-json\/wp\/v2\/product"}],"about":[{"href":"https:\/\/fornimedical.ch\/fr\/wp-json\/wp\/v2\/types\/product"}],"replies":[{"embeddable":true,"href":"https:\/\/fornimedical.ch\/fr\/wp-json\/wp\/v2\/comments?post=7396"}],"wp:featuredmedia":[{"embeddable":true,"href":"https:\/\/fornimedical.ch\/fr\/wp-json\/wp\/v2\/media\/3138"}],"wp:attachment":[{"href":"https:\/\/fornimedical.ch\/fr\/wp-json\/wp\/v2\/media?parent=7396"}],"wp:term":[{"taxonomy":"product_brand","embeddable":true,"href":"https:\/\/fornimedical.ch\/fr\/wp-json\/wp\/v2\/product_brand?post=7396"},{"taxonomy":"product_cat","embeddable":true,"href":"https:\/\/fornimedical.ch\/fr\/wp-json\/wp\/v2\/product_cat?post=7396"},{"taxonomy":"product_tag","embeddable":true,"href":"https:\/\/fornimedical.ch\/fr\/wp-json\/wp\/v2\/product_tag?post=7396"}],"curies":[{"name":"wp","href":"https:\/\/api.w.org\/{rel}","templated":true}]}}