{"id":7384,"date":"2024-04-05T08:24:27","date_gmt":"2024-04-05T08:24:27","guid":{"rendered":"https:\/\/fornimedical.ch\/product\/miro-tape-bande-de-pansement-bord-dentele-blanche\/"},"modified":"2024-08-13T13:49:06","modified_gmt":"2024-08-13T13:49:06","slug":"miro-tape-bande-de-pansement-bord-dentele-blanche","status":"publish","type":"product","link":"https:\/\/fornimedical.ch\/fr\/produit\/miro-tape-bande-de-pansement-bord-dentele-blanche\/","title":{"rendered":"Miro tape, bande de pansement, bord dentel\u00e9, blanche"},"content":{"rendered":"<p>miro-tape est une bande de pansement non \u00e9lastique, particuli\u00e8rement r\u00e9sistante \u00e0 la traction 100\u00a0% coton. Le support est enduit d\u2019une colle forte \u00e0 base d\u2019oxyde de zinc et de caoutchouc, et adh\u00e8re de mani\u00e8re fiable \u00e0 la peau et aux bandes de traction (p.\u00a0ex., miro-pretape). D\u00e9chirable dans le sens de la largeur et de la longueur. Pour les soins des contusions, distorsions, luxations et certaines fractures ainsi que pour renforcer les pansements compressifs. En m\u00e9decine du sport: prophylaxie, soins aigus \u00e0 la suite d\u2019accidents et r\u00e9\u00e9ducation.<\/p>\n","protected":false},"excerpt":{"rendered":"<p>Bande de pansement non \u00e9lastique, bord dentel\u00e9, d\u00e9chirable dans le sens de la largeur et de la longueur<\/p>\n","protected":false},"featured_media":3165,"comment_status":"closed","ping_status":"closed","template":"","meta":{"_acf_changed":false,"site-sidebar-layout":"default","site-content-layout":"","ast-site-content-layout":"default","site-content-style":"default","site-sidebar-style":"default","ast-global-header-display":"","ast-banner-title-visibility":"","ast-main-header-display":"","ast-hfb-above-header-display":"","ast-hfb-below-header-display":"","ast-hfb-mobile-header-display":"","site-post-title":"","ast-breadcrumbs-content":"","ast-featured-img":"","footer-sml-layout":"","theme-transparent-header-meta":"default","adv-header-id-meta":"","stick-header-meta":"","header-above-stick-meta":"","header-main-stick-meta":"","header-below-stick-meta":"","astra-migrate-meta-layouts":"set","ast-page-background-enabled":"default","ast-page-background-meta":{"desktop":{"background-color":"var(--ast-global-color-4)","background-image":"","background-repeat":"repeat","background-position":"center center","background-size":"auto","background-attachment":"scroll","background-type":"","background-media":"","overlay-type":"","overlay-color":"","overlay-opacity":"","overlay-gradient":""},"tablet":{"background-color":"","background-image":"","background-repeat":"repeat","background-position":"center center","background-size":"auto","background-attachment":"scroll","background-type":"","background-media":"","overlay-type":"","overlay-color":"","overlay-opacity":"","overlay-gradient":""},"mobile":{"background-color":"","background-image":"","background-repeat":"repeat","background-position":"center center","background-size":"auto","background-attachment":"scroll","background-type":"","background-media":"","overlay-type":"","overlay-color":"","overlay-opacity":"","overlay-gradient":""}},"ast-content-background-meta":{"desktop":{"background-color":"var(--ast-global-color-5)","background-image":"","background-repeat":"repeat","background-position":"center center","background-size":"auto","background-attachment":"scroll","background-type":"","background-media":"","overlay-type":"","overlay-color":"","overlay-opacity":"","overlay-gradient":""},"tablet":{"background-color":"var(--ast-global-color-5)","background-image":"","background-repeat":"repeat","background-position":"center center","background-size":"auto","background-attachment":"scroll","background-type":"","background-media":"","overlay-type":"","overlay-color":"","overlay-opacity":"","overlay-gradient":""},"mobile":{"background-color":"var(--ast-global-color-5)","background-image":"","background-repeat":"repeat","background-position":"center center","background-size":"auto","background-attachment":"scroll","background-type":"","background-media":"","overlay-type":"","overlay-color":"","overlay-opacity":"","overlay-gradient":""}}},"product_brand":[],"product_cat":[617],"product_tag":[],"class_list":{"0":"post-7384","1":"product","2":"type-product","3":"status-publish","4":"has-post-thumbnail","6":"product_cat-bandes-de-pansement","7":"desktop-align-left","8":"tablet-align-left","9":"mobile-align-left","11":"first","12":"instock","13":"taxable","14":"shipping-taxable","15":"purchasable","16":"product-type-variable","17":"has-default-attributes","18":"add-to-wishlist-before_image"},"acf":[],"yoast_head":"<!-- This site is optimized with the Yoast SEO plugin v26.5 - https:\/\/yoast.com\/wordpress\/plugins\/seo\/ -->\n<title>Miro tape, bande de pansement, bord dentel\u00e9, blanche<\/title>\n<meta name=\"description\" content=\"Miro tape, bande de pansement, bord dentel\u00e9, blanche, d\u00e9chirable dans le sens de la largeur et de la longueur, non \u00e9lastique, particuli\u00e8rement r\u00e9sistante \u00e0 la traction, disponible dans diff\u00e9rentes couleurs\" \/>\n<meta name=\"robots\" content=\"index, follow, max-snippet:-1, max-image-preview:large, max-video-preview:-1\" \/>\n<link rel=\"canonical\" href=\"https:\/\/fornimedical.ch\/fr\/produit\/miro-tape-bande-de-pansement-bord-dentele-blanche\/\" \/>\n<meta property=\"og:locale\" content=\"fr_FR\" \/>\n<meta property=\"og:type\" content=\"article\" \/>\n<meta property=\"og:title\" content=\"Miro tape, bande de pansement, bord dentel\u00e9, blanche\" \/>\n<meta property=\"og:description\" content=\"Miro tape, bande de pansement, bord dentel\u00e9, blanche, d\u00e9chirable dans le sens de la largeur et de la longueur, non \u00e9lastique, particuli\u00e8rement r\u00e9sistante \u00e0 la traction, disponible dans diff\u00e9rentes couleurs\" \/>\n<meta property=\"og:url\" content=\"https:\/\/fornimedical.ch\/fr\/produit\/miro-tape-bande-de-pansement-bord-dentele-blanche\/\" \/>\n<meta property=\"og:site_name\" content=\"Forni Medical GmbH\" \/>\n<meta property=\"article:modified_time\" content=\"2024-08-13T13:49:06+00:00\" \/>\n<meta property=\"og:image\" content=\"https:\/\/fornimedical.ch\/wp-content\/uploads\/2024\/04\/forni-medical_miro_pflasterbinden_gezackter-Rand-weiss.jpg\" \/>\n\t<meta property=\"og:image:width\" content=\"2481\" \/>\n\t<meta property=\"og:image:height\" content=\"1487\" \/>\n\t<meta property=\"og:image:type\" content=\"image\/jpeg\" \/>\n<meta name=\"twitter:card\" content=\"summary_large_image\" \/>\n<meta name=\"twitter:label1\" content=\"Dur\u00e9e de lecture estim\u00e9e\" \/>\n\t<meta name=\"twitter:data1\" content=\"1 minute\" \/>\n<script type=\"application\/ld+json\" class=\"yoast-schema-graph\">{\"@context\":\"https:\/\/schema.org\",\"@graph\":[{\"@type\":\"WebPage\",\"@id\":\"https:\/\/fornimedical.ch\/fr\/produit\/miro-tape-bande-de-pansement-bord-dentele-blanche\/\",\"url\":\"https:\/\/fornimedical.ch\/fr\/produit\/miro-tape-bande-de-pansement-bord-dentele-blanche\/\",\"name\":\"Miro tape, bande de pansement, bord dentel\u00e9, blanche\",\"isPartOf\":{\"@id\":\"https:\/\/fornimedical.ch\/fr\/#website\"},\"primaryImageOfPage\":{\"@id\":\"https:\/\/fornimedical.ch\/fr\/produit\/miro-tape-bande-de-pansement-bord-dentele-blanche\/#primaryimage\"},\"image\":{\"@id\":\"https:\/\/fornimedical.ch\/fr\/produit\/miro-tape-bande-de-pansement-bord-dentele-blanche\/#primaryimage\"},\"thumbnailUrl\":\"https:\/\/fornimedical.ch\/wp-content\/uploads\/2024\/04\/forni-medical_miro_pflasterbinden_gezackter-Rand-weiss.jpg\",\"datePublished\":\"2024-04-05T08:24:27+00:00\",\"dateModified\":\"2024-08-13T13:49:06+00:00\",\"description\":\"Miro tape, bande de pansement, bord dentel\u00e9, blanche, d\u00e9chirable dans le sens de la largeur et de la longueur, non \u00e9lastique, particuli\u00e8rement r\u00e9sistante \u00e0 la traction, disponible dans diff\u00e9rentes couleurs\",\"breadcrumb\":{\"@id\":\"https:\/\/fornimedical.ch\/fr\/produit\/miro-tape-bande-de-pansement-bord-dentele-blanche\/#breadcrumb\"},\"inLanguage\":\"fr-FR\",\"potentialAction\":[{\"@type\":\"ReadAction\",\"target\":[\"https:\/\/fornimedical.ch\/fr\/produit\/miro-tape-bande-de-pansement-bord-dentele-blanche\/\"]}]},{\"@type\":\"ImageObject\",\"inLanguage\":\"fr-FR\",\"@id\":\"https:\/\/fornimedical.ch\/fr\/produit\/miro-tape-bande-de-pansement-bord-dentele-blanche\/#primaryimage\",\"url\":\"https:\/\/fornimedical.ch\/wp-content\/uploads\/2024\/04\/forni-medical_miro_pflasterbinden_gezackter-Rand-weiss.jpg\",\"contentUrl\":\"https:\/\/fornimedical.ch\/wp-content\/uploads\/2024\/04\/forni-medical_miro_pflasterbinden_gezackter-Rand-weiss.jpg\",\"width\":2481,\"height\":1487,\"caption\":\"Forni Medical Miro tape, Pflasterbinde, gezackter Rand, weiss\"},{\"@type\":\"BreadcrumbList\",\"@id\":\"https:\/\/fornimedical.ch\/fr\/produit\/miro-tape-bande-de-pansement-bord-dentele-blanche\/#breadcrumb\",\"itemListElement\":[{\"@type\":\"ListItem\",\"position\":1,\"name\":\"Home\",\"item\":\"https:\/\/fornimedical.ch\/fr\/\"},{\"@type\":\"ListItem\",\"position\":2,\"name\":\"Archives boutique en ligne\",\"item\":\"https:\/\/fornimedical.ch\/fr\/archives-boutique-en-ligne\/\"},{\"@type\":\"ListItem\",\"position\":3,\"name\":\"Miro tape, bande de pansement, bord dentel\u00e9, blanche\"}]},{\"@type\":\"WebSite\",\"@id\":\"https:\/\/fornimedical.ch\/fr\/#website\",\"url\":\"https:\/\/fornimedical.ch\/fr\/\",\"name\":\"Forni Medical GmbH\",\"description\":\"\",\"publisher\":{\"@id\":\"https:\/\/fornimedical.ch\/fr\/#organization\"},\"potentialAction\":[{\"@type\":\"SearchAction\",\"target\":{\"@type\":\"EntryPoint\",\"urlTemplate\":\"https:\/\/fornimedical.ch\/fr\/?s={search_term_string}\"},\"query-input\":{\"@type\":\"PropertyValueSpecification\",\"valueRequired\":true,\"valueName\":\"search_term_string\"}}],\"inLanguage\":\"fr-FR\"},{\"@type\":\"Organization\",\"@id\":\"https:\/\/fornimedical.ch\/fr\/#organization\",\"name\":\"Forni Medical GmbH\",\"url\":\"https:\/\/fornimedical.ch\/fr\/\",\"logo\":{\"@type\":\"ImageObject\",\"inLanguage\":\"fr-FR\",\"@id\":\"https:\/\/fornimedical.ch\/fr\/#\/schema\/logo\/image\/\",\"url\":\"https:\/\/fornimedical.ch\/wp-content\/uploads\/2023\/08\/logo.svg\",\"contentUrl\":\"https:\/\/fornimedical.ch\/wp-content\/uploads\/2023\/08\/logo.svg\",\"caption\":\"Forni Medical GmbH\"},\"image\":{\"@id\":\"https:\/\/fornimedical.ch\/fr\/#\/schema\/logo\/image\/\"}}]}<\/script>\n<!-- \/ Yoast SEO plugin. -->","yoast_head_json":{"title":"Miro tape, bande de pansement, bord dentel\u00e9, blanche","description":"Miro tape, bande de pansement, bord dentel\u00e9, blanche, d\u00e9chirable dans le sens de la largeur et de la longueur, non \u00e9lastique, particuli\u00e8rement r\u00e9sistante \u00e0 la traction, disponible dans diff\u00e9rentes couleurs","robots":{"index":"index","follow":"follow","max-snippet":"max-snippet:-1","max-image-preview":"max-image-preview:large","max-video-preview":"max-video-preview:-1"},"canonical":"https:\/\/fornimedical.ch\/fr\/produit\/miro-tape-bande-de-pansement-bord-dentele-blanche\/","og_locale":"fr_FR","og_type":"article","og_title":"Miro tape, bande de pansement, bord dentel\u00e9, blanche","og_description":"Miro tape, bande de pansement, bord dentel\u00e9, blanche, d\u00e9chirable dans le sens de la largeur et de la longueur, non \u00e9lastique, particuli\u00e8rement r\u00e9sistante \u00e0 la traction, disponible dans diff\u00e9rentes couleurs","og_url":"https:\/\/fornimedical.ch\/fr\/produit\/miro-tape-bande-de-pansement-bord-dentele-blanche\/","og_site_name":"Forni Medical GmbH","article_modified_time":"2024-08-13T13:49:06+00:00","og_image":[{"width":2481,"height":1487,"url":"https:\/\/fornimedical.ch\/wp-content\/uploads\/2024\/04\/forni-medical_miro_pflasterbinden_gezackter-Rand-weiss.jpg","type":"image\/jpeg"}],"twitter_card":"summary_large_image","twitter_misc":{"Dur\u00e9e de lecture estim\u00e9e":"1 minute"},"schema":{"@context":"https:\/\/schema.org","@graph":[{"@type":"WebPage","@id":"https:\/\/fornimedical.ch\/fr\/produit\/miro-tape-bande-de-pansement-bord-dentele-blanche\/","url":"https:\/\/fornimedical.ch\/fr\/produit\/miro-tape-bande-de-pansement-bord-dentele-blanche\/","name":"Miro tape, bande de pansement, bord dentel\u00e9, blanche","isPartOf":{"@id":"https:\/\/fornimedical.ch\/fr\/#website"},"primaryImageOfPage":{"@id":"https:\/\/fornimedical.ch\/fr\/produit\/miro-tape-bande-de-pansement-bord-dentele-blanche\/#primaryimage"},"image":{"@id":"https:\/\/fornimedical.ch\/fr\/produit\/miro-tape-bande-de-pansement-bord-dentele-blanche\/#primaryimage"},"thumbnailUrl":"https:\/\/fornimedical.ch\/wp-content\/uploads\/2024\/04\/forni-medical_miro_pflasterbinden_gezackter-Rand-weiss.jpg","datePublished":"2024-04-05T08:24:27+00:00","dateModified":"2024-08-13T13:49:06+00:00","description":"Miro tape, bande de pansement, bord dentel\u00e9, blanche, d\u00e9chirable dans le sens de la largeur et de la longueur, non \u00e9lastique, particuli\u00e8rement r\u00e9sistante \u00e0 la traction, disponible dans diff\u00e9rentes couleurs","breadcrumb":{"@id":"https:\/\/fornimedical.ch\/fr\/produit\/miro-tape-bande-de-pansement-bord-dentele-blanche\/#breadcrumb"},"inLanguage":"fr-FR","potentialAction":[{"@type":"ReadAction","target":["https:\/\/fornimedical.ch\/fr\/produit\/miro-tape-bande-de-pansement-bord-dentele-blanche\/"]}]},{"@type":"ImageObject","inLanguage":"fr-FR","@id":"https:\/\/fornimedical.ch\/fr\/produit\/miro-tape-bande-de-pansement-bord-dentele-blanche\/#primaryimage","url":"https:\/\/fornimedical.ch\/wp-content\/uploads\/2024\/04\/forni-medical_miro_pflasterbinden_gezackter-Rand-weiss.jpg","contentUrl":"https:\/\/fornimedical.ch\/wp-content\/uploads\/2024\/04\/forni-medical_miro_pflasterbinden_gezackter-Rand-weiss.jpg","width":2481,"height":1487,"caption":"Forni Medical Miro tape, Pflasterbinde, gezackter Rand, weiss"},{"@type":"BreadcrumbList","@id":"https:\/\/fornimedical.ch\/fr\/produit\/miro-tape-bande-de-pansement-bord-dentele-blanche\/#breadcrumb","itemListElement":[{"@type":"ListItem","position":1,"name":"Home","item":"https:\/\/fornimedical.ch\/fr\/"},{"@type":"ListItem","position":2,"name":"Archives boutique en ligne","item":"https:\/\/fornimedical.ch\/fr\/archives-boutique-en-ligne\/"},{"@type":"ListItem","position":3,"name":"Miro tape, bande de pansement, bord dentel\u00e9, blanche"}]},{"@type":"WebSite","@id":"https:\/\/fornimedical.ch\/fr\/#website","url":"https:\/\/fornimedical.ch\/fr\/","name":"Forni Medical GmbH","description":"","publisher":{"@id":"https:\/\/fornimedical.ch\/fr\/#organization"},"potentialAction":[{"@type":"SearchAction","target":{"@type":"EntryPoint","urlTemplate":"https:\/\/fornimedical.ch\/fr\/?s={search_term_string}"},"query-input":{"@type":"PropertyValueSpecification","valueRequired":true,"valueName":"search_term_string"}}],"inLanguage":"fr-FR"},{"@type":"Organization","@id":"https:\/\/fornimedical.ch\/fr\/#organization","name":"Forni Medical GmbH","url":"https:\/\/fornimedical.ch\/fr\/","logo":{"@type":"ImageObject","inLanguage":"fr-FR","@id":"https:\/\/fornimedical.ch\/fr\/#\/schema\/logo\/image\/","url":"https:\/\/fornimedical.ch\/wp-content\/uploads\/2023\/08\/logo.svg","contentUrl":"https:\/\/fornimedical.ch\/wp-content\/uploads\/2023\/08\/logo.svg","caption":"Forni Medical GmbH"},"image":{"@id":"https:\/\/fornimedical.ch\/fr\/#\/schema\/logo\/image\/"}}]}},"_links":{"self":[{"href":"https:\/\/fornimedical.ch\/fr\/wp-json\/wp\/v2\/product\/7384","targetHints":{"allow":["GET"]}}],"collection":[{"href":"https:\/\/fornimedical.ch\/fr\/wp-json\/wp\/v2\/product"}],"about":[{"href":"https:\/\/fornimedical.ch\/fr\/wp-json\/wp\/v2\/types\/product"}],"replies":[{"embeddable":true,"href":"https:\/\/fornimedical.ch\/fr\/wp-json\/wp\/v2\/comments?post=7384"}],"wp:featuredmedia":[{"embeddable":true,"href":"https:\/\/fornimedical.ch\/fr\/wp-json\/wp\/v2\/media\/3165"}],"wp:attachment":[{"href":"https:\/\/fornimedical.ch\/fr\/wp-json\/wp\/v2\/media?parent=7384"}],"wp:term":[{"taxonomy":"product_brand","embeddable":true,"href":"https:\/\/fornimedical.ch\/fr\/wp-json\/wp\/v2\/product_brand?post=7384"},{"taxonomy":"product_cat","embeddable":true,"href":"https:\/\/fornimedical.ch\/fr\/wp-json\/wp\/v2\/product_cat?post=7384"},{"taxonomy":"product_tag","embeddable":true,"href":"https:\/\/fornimedical.ch\/fr\/wp-json\/wp\/v2\/product_tag?post=7384"}],"curies":[{"name":"wp","href":"https:\/\/api.w.org\/{rel}","templated":true}]}}