{"id":7358,"date":"2024-04-06T05:01:50","date_gmt":"2024-04-06T05:01:50","guid":{"rendered":"https:\/\/fornimedical.ch\/product\/miro-fixorip-bande-elastique-cohesive\/"},"modified":"2024-07-30T12:42:43","modified_gmt":"2024-07-30T12:42:43","slug":"miro-fixorip-bande-elastique-cohesive","status":"publish","type":"product","link":"https:\/\/fornimedical.ch\/fr\/produit\/miro-fixorip-bande-elastique-cohesive\/","title":{"rendered":"miro-fixorip, bande \u00e9lastique coh\u00e9sive"},"content":{"rendered":"<p>miro-fixorip est une bande \u00e9lastique coh\u00e9sive d\u2019utilisation universelle. Elle se met en place sans la plier (bien ajustable), assure une compression contr\u00f4l\u00e9e sans se serrer ni glisser. La bande est \u00e9conomique, car elle ne n\u00e9cessite que peu de tours. miro-fixorip se d\u00e9chire simplement et en ligne droite, pas besoin d\u2019utiliser des ciseaux. La bande adh\u00e8re \u00e0 elle-m\u00eame, mais pas \u00e0 la peau ni aux cheveux, elle a une tr\u00e8s bonne perm\u00e9abilit\u00e9 \u00e0 l\u2019air, elle est hydrofuge, l\u00e9g\u00e8re et confortable.<\/p>\n","protected":false},"excerpt":{"rendered":"<p>\u00c9tirable (\u00e0 env. 100\u00a0%), coh\u00e9sive, d\u00e9chirable, perm\u00e9able \u00e0 l\u2019air et hydrofuge, sans latex, bleu, emballage individuel sous cellophane<\/p>\n","protected":false},"featured_media":3236,"comment_status":"closed","ping_status":"closed","template":"","meta":{"_acf_changed":false,"site-sidebar-layout":"default","site-content-layout":"","ast-site-content-layout":"default","site-content-style":"default","site-sidebar-style":"default","ast-global-header-display":"","ast-banner-title-visibility":"","ast-main-header-display":"","ast-hfb-above-header-display":"","ast-hfb-below-header-display":"","ast-hfb-mobile-header-display":"","site-post-title":"","ast-breadcrumbs-content":"","ast-featured-img":"","footer-sml-layout":"","theme-transparent-header-meta":"default","adv-header-id-meta":"","stick-header-meta":"","header-above-stick-meta":"","header-main-stick-meta":"","header-below-stick-meta":"","astra-migrate-meta-layouts":"set","ast-page-background-enabled":"default","ast-page-background-meta":{"desktop":{"background-color":"var(--ast-global-color-4)","background-image":"","background-repeat":"repeat","background-position":"center center","background-size":"auto","background-attachment":"scroll","background-type":"","background-media":"","overlay-type":"","overlay-color":"","overlay-opacity":"","overlay-gradient":""},"tablet":{"background-color":"","background-image":"","background-repeat":"repeat","background-position":"center center","background-size":"auto","background-attachment":"scroll","background-type":"","background-media":"","overlay-type":"","overlay-color":"","overlay-opacity":"","overlay-gradient":""},"mobile":{"background-color":"","background-image":"","background-repeat":"repeat","background-position":"center center","background-size":"auto","background-attachment":"scroll","background-type":"","background-media":"","overlay-type":"","overlay-color":"","overlay-opacity":"","overlay-gradient":""}},"ast-content-background-meta":{"desktop":{"background-color":"var(--ast-global-color-5)","background-image":"","background-repeat":"repeat","background-position":"center center","background-size":"auto","background-attachment":"scroll","background-type":"","background-media":"","overlay-type":"","overlay-color":"","overlay-opacity":"","overlay-gradient":""},"tablet":{"background-color":"var(--ast-global-color-5)","background-image":"","background-repeat":"repeat","background-position":"center center","background-size":"auto","background-attachment":"scroll","background-type":"","background-media":"","overlay-type":"","overlay-color":"","overlay-opacity":"","overlay-gradient":""},"mobile":{"background-color":"var(--ast-global-color-5)","background-image":"","background-repeat":"repeat","background-position":"center center","background-size":"auto","background-attachment":"scroll","background-type":"","background-media":"","overlay-type":"","overlay-color":"","overlay-opacity":"","overlay-gradient":""}}},"product_brand":[],"product_cat":[513,609],"product_tag":[],"class_list":{"0":"post-7358","1":"product","2":"type-product","3":"status-publish","4":"has-post-thumbnail","6":"product_cat-materiel-dexamen","7":"product_cat-bandes-de-gaze-elastiques-cohesives","8":"desktop-align-left","9":"tablet-align-left","10":"mobile-align-left","12":"first","13":"instock","14":"taxable","15":"shipping-taxable","16":"purchasable","17":"product-type-variable","18":"has-default-attributes","19":"add-to-wishlist-before_image"},"acf":[],"yoast_head":"<!-- This site is optimized with the Yoast SEO plugin v26.5 - https:\/\/yoast.com\/wordpress\/plugins\/seo\/ -->\n<title>miro-fixorip, bande \u00e9lastique coh\u00e9sive<\/title>\n<meta name=\"description\" content=\"miro-fixorip, bande \u00e9lastique coh\u00e9sive, d\u00e9chirable, sans latex, bleu, emballage individuel sous cellophane, \u00e9tirable (\u00e0 env. 100\u00a0%), perm\u00e9able \u00e0 l\u2019air\" \/>\n<meta name=\"robots\" content=\"index, follow, max-snippet:-1, max-image-preview:large, max-video-preview:-1\" \/>\n<link rel=\"canonical\" href=\"https:\/\/fornimedical.ch\/fr\/produit\/miro-fixorip-bande-elastique-cohesive\/\" \/>\n<meta property=\"og:locale\" content=\"fr_FR\" \/>\n<meta property=\"og:type\" content=\"article\" \/>\n<meta property=\"og:title\" content=\"miro-fixorip, bande \u00e9lastique coh\u00e9sive\" \/>\n<meta property=\"og:description\" content=\"miro-fixorip, bande \u00e9lastique coh\u00e9sive, d\u00e9chirable, sans latex, bleu, emballage individuel sous cellophane, \u00e9tirable (\u00e0 env. 100\u00a0%), perm\u00e9able \u00e0 l\u2019air\" \/>\n<meta property=\"og:url\" content=\"https:\/\/fornimedical.ch\/fr\/produit\/miro-fixorip-bande-elastique-cohesive\/\" \/>\n<meta property=\"og:site_name\" content=\"Forni Medical GmbH\" \/>\n<meta property=\"article:modified_time\" content=\"2024-07-30T12:42:43+00:00\" \/>\n<meta property=\"og:image\" content=\"https:\/\/fornimedical.ch\/wp-content\/uploads\/2024\/04\/forni-medical_miro_fixorip-elastische-kohaesive-fixierbindebinde-1024x614.jpg\" \/>\n\t<meta property=\"og:image:width\" content=\"1024\" \/>\n\t<meta property=\"og:image:height\" content=\"614\" \/>\n\t<meta property=\"og:image:type\" content=\"image\/jpeg\" \/>\n<meta name=\"twitter:card\" content=\"summary_large_image\" \/>\n<meta name=\"twitter:label1\" content=\"Dur\u00e9e de lecture estim\u00e9e\" \/>\n\t<meta name=\"twitter:data1\" content=\"1 minute\" \/>\n<script type=\"application\/ld+json\" class=\"yoast-schema-graph\">{\"@context\":\"https:\/\/schema.org\",\"@graph\":[{\"@type\":\"WebPage\",\"@id\":\"https:\/\/fornimedical.ch\/fr\/produit\/miro-fixorip-bande-elastique-cohesive\/\",\"url\":\"https:\/\/fornimedical.ch\/fr\/produit\/miro-fixorip-bande-elastique-cohesive\/\",\"name\":\"miro-fixorip, bande \u00e9lastique coh\u00e9sive\",\"isPartOf\":{\"@id\":\"https:\/\/fornimedical.ch\/fr\/#website\"},\"primaryImageOfPage\":{\"@id\":\"https:\/\/fornimedical.ch\/fr\/produit\/miro-fixorip-bande-elastique-cohesive\/#primaryimage\"},\"image\":{\"@id\":\"https:\/\/fornimedical.ch\/fr\/produit\/miro-fixorip-bande-elastique-cohesive\/#primaryimage\"},\"thumbnailUrl\":\"https:\/\/fornimedical.ch\/wp-content\/uploads\/2024\/04\/forni-medical_miro_fixorip-elastische-kohaesive-fixierbindebinde.jpg\",\"datePublished\":\"2024-04-06T05:01:50+00:00\",\"dateModified\":\"2024-07-30T12:42:43+00:00\",\"description\":\"miro-fixorip, bande \u00e9lastique coh\u00e9sive, d\u00e9chirable, sans latex, bleu, emballage individuel sous cellophane, \u00e9tirable (\u00e0 env. 100\u00a0%), perm\u00e9able \u00e0 l\u2019air\",\"breadcrumb\":{\"@id\":\"https:\/\/fornimedical.ch\/fr\/produit\/miro-fixorip-bande-elastique-cohesive\/#breadcrumb\"},\"inLanguage\":\"fr-FR\",\"potentialAction\":[{\"@type\":\"ReadAction\",\"target\":[\"https:\/\/fornimedical.ch\/fr\/produit\/miro-fixorip-bande-elastique-cohesive\/\"]}]},{\"@type\":\"ImageObject\",\"inLanguage\":\"fr-FR\",\"@id\":\"https:\/\/fornimedical.ch\/fr\/produit\/miro-fixorip-bande-elastique-cohesive\/#primaryimage\",\"url\":\"https:\/\/fornimedical.ch\/wp-content\/uploads\/2024\/04\/forni-medical_miro_fixorip-elastische-kohaesive-fixierbindebinde.jpg\",\"contentUrl\":\"https:\/\/fornimedical.ch\/wp-content\/uploads\/2024\/04\/forni-medical_miro_fixorip-elastische-kohaesive-fixierbindebinde.jpg\",\"width\":2481,\"height\":1487,\"caption\":\"Forni Medical miro-fixorip, koh\u00e4sive, elastische Fixierbinde\"},{\"@type\":\"BreadcrumbList\",\"@id\":\"https:\/\/fornimedical.ch\/fr\/produit\/miro-fixorip-bande-elastique-cohesive\/#breadcrumb\",\"itemListElement\":[{\"@type\":\"ListItem\",\"position\":1,\"name\":\"Home\",\"item\":\"https:\/\/fornimedical.ch\/fr\/\"},{\"@type\":\"ListItem\",\"position\":2,\"name\":\"Archives boutique en ligne\",\"item\":\"https:\/\/fornimedical.ch\/fr\/archives-boutique-en-ligne\/\"},{\"@type\":\"ListItem\",\"position\":3,\"name\":\"miro-fixorip, bande \u00e9lastique coh\u00e9sive\"}]},{\"@type\":\"WebSite\",\"@id\":\"https:\/\/fornimedical.ch\/fr\/#website\",\"url\":\"https:\/\/fornimedical.ch\/fr\/\",\"name\":\"Forni Medical GmbH\",\"description\":\"\",\"publisher\":{\"@id\":\"https:\/\/fornimedical.ch\/fr\/#organization\"},\"potentialAction\":[{\"@type\":\"SearchAction\",\"target\":{\"@type\":\"EntryPoint\",\"urlTemplate\":\"https:\/\/fornimedical.ch\/fr\/?s={search_term_string}\"},\"query-input\":{\"@type\":\"PropertyValueSpecification\",\"valueRequired\":true,\"valueName\":\"search_term_string\"}}],\"inLanguage\":\"fr-FR\"},{\"@type\":\"Organization\",\"@id\":\"https:\/\/fornimedical.ch\/fr\/#organization\",\"name\":\"Forni Medical GmbH\",\"url\":\"https:\/\/fornimedical.ch\/fr\/\",\"logo\":{\"@type\":\"ImageObject\",\"inLanguage\":\"fr-FR\",\"@id\":\"https:\/\/fornimedical.ch\/fr\/#\/schema\/logo\/image\/\",\"url\":\"https:\/\/fornimedical.ch\/wp-content\/uploads\/2023\/08\/logo.svg\",\"contentUrl\":\"https:\/\/fornimedical.ch\/wp-content\/uploads\/2023\/08\/logo.svg\",\"caption\":\"Forni Medical GmbH\"},\"image\":{\"@id\":\"https:\/\/fornimedical.ch\/fr\/#\/schema\/logo\/image\/\"}}]}<\/script>\n<!-- \/ Yoast SEO plugin. -->","yoast_head_json":{"title":"miro-fixorip, bande \u00e9lastique coh\u00e9sive","description":"miro-fixorip, bande \u00e9lastique coh\u00e9sive, d\u00e9chirable, sans latex, bleu, emballage individuel sous cellophane, \u00e9tirable (\u00e0 env. 100\u00a0%), perm\u00e9able \u00e0 l\u2019air","robots":{"index":"index","follow":"follow","max-snippet":"max-snippet:-1","max-image-preview":"max-image-preview:large","max-video-preview":"max-video-preview:-1"},"canonical":"https:\/\/fornimedical.ch\/fr\/produit\/miro-fixorip-bande-elastique-cohesive\/","og_locale":"fr_FR","og_type":"article","og_title":"miro-fixorip, bande \u00e9lastique coh\u00e9sive","og_description":"miro-fixorip, bande \u00e9lastique coh\u00e9sive, d\u00e9chirable, sans latex, bleu, emballage individuel sous cellophane, \u00e9tirable (\u00e0 env. 100\u00a0%), perm\u00e9able \u00e0 l\u2019air","og_url":"https:\/\/fornimedical.ch\/fr\/produit\/miro-fixorip-bande-elastique-cohesive\/","og_site_name":"Forni Medical GmbH","article_modified_time":"2024-07-30T12:42:43+00:00","og_image":[{"width":1024,"height":614,"url":"https:\/\/fornimedical.ch\/wp-content\/uploads\/2024\/04\/forni-medical_miro_fixorip-elastische-kohaesive-fixierbindebinde-1024x614.jpg","type":"image\/jpeg"}],"twitter_card":"summary_large_image","twitter_misc":{"Dur\u00e9e de lecture estim\u00e9e":"1 minute"},"schema":{"@context":"https:\/\/schema.org","@graph":[{"@type":"WebPage","@id":"https:\/\/fornimedical.ch\/fr\/produit\/miro-fixorip-bande-elastique-cohesive\/","url":"https:\/\/fornimedical.ch\/fr\/produit\/miro-fixorip-bande-elastique-cohesive\/","name":"miro-fixorip, bande \u00e9lastique coh\u00e9sive","isPartOf":{"@id":"https:\/\/fornimedical.ch\/fr\/#website"},"primaryImageOfPage":{"@id":"https:\/\/fornimedical.ch\/fr\/produit\/miro-fixorip-bande-elastique-cohesive\/#primaryimage"},"image":{"@id":"https:\/\/fornimedical.ch\/fr\/produit\/miro-fixorip-bande-elastique-cohesive\/#primaryimage"},"thumbnailUrl":"https:\/\/fornimedical.ch\/wp-content\/uploads\/2024\/04\/forni-medical_miro_fixorip-elastische-kohaesive-fixierbindebinde.jpg","datePublished":"2024-04-06T05:01:50+00:00","dateModified":"2024-07-30T12:42:43+00:00","description":"miro-fixorip, bande \u00e9lastique coh\u00e9sive, d\u00e9chirable, sans latex, bleu, emballage individuel sous cellophane, \u00e9tirable (\u00e0 env. 100\u00a0%), perm\u00e9able \u00e0 l\u2019air","breadcrumb":{"@id":"https:\/\/fornimedical.ch\/fr\/produit\/miro-fixorip-bande-elastique-cohesive\/#breadcrumb"},"inLanguage":"fr-FR","potentialAction":[{"@type":"ReadAction","target":["https:\/\/fornimedical.ch\/fr\/produit\/miro-fixorip-bande-elastique-cohesive\/"]}]},{"@type":"ImageObject","inLanguage":"fr-FR","@id":"https:\/\/fornimedical.ch\/fr\/produit\/miro-fixorip-bande-elastique-cohesive\/#primaryimage","url":"https:\/\/fornimedical.ch\/wp-content\/uploads\/2024\/04\/forni-medical_miro_fixorip-elastische-kohaesive-fixierbindebinde.jpg","contentUrl":"https:\/\/fornimedical.ch\/wp-content\/uploads\/2024\/04\/forni-medical_miro_fixorip-elastische-kohaesive-fixierbindebinde.jpg","width":2481,"height":1487,"caption":"Forni Medical miro-fixorip, koh\u00e4sive, elastische Fixierbinde"},{"@type":"BreadcrumbList","@id":"https:\/\/fornimedical.ch\/fr\/produit\/miro-fixorip-bande-elastique-cohesive\/#breadcrumb","itemListElement":[{"@type":"ListItem","position":1,"name":"Home","item":"https:\/\/fornimedical.ch\/fr\/"},{"@type":"ListItem","position":2,"name":"Archives boutique en ligne","item":"https:\/\/fornimedical.ch\/fr\/archives-boutique-en-ligne\/"},{"@type":"ListItem","position":3,"name":"miro-fixorip, bande \u00e9lastique coh\u00e9sive"}]},{"@type":"WebSite","@id":"https:\/\/fornimedical.ch\/fr\/#website","url":"https:\/\/fornimedical.ch\/fr\/","name":"Forni Medical GmbH","description":"","publisher":{"@id":"https:\/\/fornimedical.ch\/fr\/#organization"},"potentialAction":[{"@type":"SearchAction","target":{"@type":"EntryPoint","urlTemplate":"https:\/\/fornimedical.ch\/fr\/?s={search_term_string}"},"query-input":{"@type":"PropertyValueSpecification","valueRequired":true,"valueName":"search_term_string"}}],"inLanguage":"fr-FR"},{"@type":"Organization","@id":"https:\/\/fornimedical.ch\/fr\/#organization","name":"Forni Medical GmbH","url":"https:\/\/fornimedical.ch\/fr\/","logo":{"@type":"ImageObject","inLanguage":"fr-FR","@id":"https:\/\/fornimedical.ch\/fr\/#\/schema\/logo\/image\/","url":"https:\/\/fornimedical.ch\/wp-content\/uploads\/2023\/08\/logo.svg","contentUrl":"https:\/\/fornimedical.ch\/wp-content\/uploads\/2023\/08\/logo.svg","caption":"Forni Medical GmbH"},"image":{"@id":"https:\/\/fornimedical.ch\/fr\/#\/schema\/logo\/image\/"}}]}},"_links":{"self":[{"href":"https:\/\/fornimedical.ch\/fr\/wp-json\/wp\/v2\/product\/7358","targetHints":{"allow":["GET"]}}],"collection":[{"href":"https:\/\/fornimedical.ch\/fr\/wp-json\/wp\/v2\/product"}],"about":[{"href":"https:\/\/fornimedical.ch\/fr\/wp-json\/wp\/v2\/types\/product"}],"replies":[{"embeddable":true,"href":"https:\/\/fornimedical.ch\/fr\/wp-json\/wp\/v2\/comments?post=7358"}],"wp:featuredmedia":[{"embeddable":true,"href":"https:\/\/fornimedical.ch\/fr\/wp-json\/wp\/v2\/media\/3236"}],"wp:attachment":[{"href":"https:\/\/fornimedical.ch\/fr\/wp-json\/wp\/v2\/media?parent=7358"}],"wp:term":[{"taxonomy":"product_brand","embeddable":true,"href":"https:\/\/fornimedical.ch\/fr\/wp-json\/wp\/v2\/product_brand?post=7358"},{"taxonomy":"product_cat","embeddable":true,"href":"https:\/\/fornimedical.ch\/fr\/wp-json\/wp\/v2\/product_cat?post=7358"},{"taxonomy":"product_tag","embeddable":true,"href":"https:\/\/fornimedical.ch\/fr\/wp-json\/wp\/v2\/product_tag?post=7358"}],"curies":[{"name":"wp","href":"https:\/\/api.w.org\/{rel}","templated":true}]}}