{"id":7320,"date":"2024-04-07T15:09:51","date_gmt":"2024-04-07T15:09:51","guid":{"rendered":"https:\/\/fornimedical.ch\/product\/pahsco-sac-a-urine-pour-la-jambe-sterile-avec-valve-anti-retour-avec-sortie-sortie-en-croix\/"},"modified":"2024-08-29T10:15:23","modified_gmt":"2024-08-29T10:15:23","slug":"pahsco-sac-a-urine-pour-la-jambe-sterile-avec-valve-anti-retour-avec-sortie-sortie-en-croix","status":"publish","type":"product","link":"https:\/\/fornimedical.ch\/fr\/produit\/pahsco-sac-a-urine-pour-la-jambe-sterile-avec-valve-anti-retour-avec-sortie-sortie-en-croix\/","title":{"rendered":"PAHSCO Sac \u00e0 urine pour la jambe st\u00e9rile, avec valve anti-retour, avec sortie (sortie en croix)"},"content":{"rendered":"<p>PAHSCO Sac \u00e0 urine pour la jambe st\u00e9rile, longueur du tuyau 10 cm. Attache \u00e9lastique pour fixer le sac \u00e0 la jambe (5 unit\u00e9s\/bo\u00eete). Indication du niveau \u00e0 partir de 50 ml, par traits bleus tous les 100 ml (indication approximative). Le sac \u00e0 urine pour la jambe est dot\u00e9 d\u2019un rev\u00eatement agr\u00e9able respectueux de la peau. Il dispose de doubles soudures qui sont scell\u00e9es au moyen d\u2019un appareil \u00e0 pression de soudage tr\u00e8s chaud. Sans latex. Apr\u00e8s interventions chirurgicales ou en cas d\u2019incontinence urinaire.<\/p>\n","protected":false},"excerpt":{"rendered":"<p>Sac \u00e0 urine pour la jambe, st\u00e9rile avec pi\u00e8ce de raccordement au sac pour le lit, sortie en croix, arri\u00e8re en non tiss\u00e9 (5 \u00e9lastiques de fixation pour sac \u00e0 urine pour la jambe par carton), longueur du tuyau 10 cm<\/p>\n","protected":false},"featured_media":3455,"comment_status":"closed","ping_status":"closed","template":"","meta":{"_acf_changed":false,"site-sidebar-layout":"default","site-content-layout":"","ast-site-content-layout":"default","site-content-style":"default","site-sidebar-style":"default","ast-global-header-display":"","ast-banner-title-visibility":"","ast-main-header-display":"","ast-hfb-above-header-display":"","ast-hfb-below-header-display":"","ast-hfb-mobile-header-display":"","site-post-title":"","ast-breadcrumbs-content":"","ast-featured-img":"","footer-sml-layout":"","theme-transparent-header-meta":"default","adv-header-id-meta":"","stick-header-meta":"","header-above-stick-meta":"","header-main-stick-meta":"","header-below-stick-meta":"","astra-migrate-meta-layouts":"set","ast-page-background-enabled":"default","ast-page-background-meta":{"desktop":{"background-color":"var(--ast-global-color-4)","background-image":"","background-repeat":"repeat","background-position":"center center","background-size":"auto","background-attachment":"scroll","background-type":"","background-media":"","overlay-type":"","overlay-color":"","overlay-opacity":"","overlay-gradient":""},"tablet":{"background-color":"","background-image":"","background-repeat":"repeat","background-position":"center center","background-size":"auto","background-attachment":"scroll","background-type":"","background-media":"","overlay-type":"","overlay-color":"","overlay-opacity":"","overlay-gradient":""},"mobile":{"background-color":"","background-image":"","background-repeat":"repeat","background-position":"center center","background-size":"auto","background-attachment":"scroll","background-type":"","background-media":"","overlay-type":"","overlay-color":"","overlay-opacity":"","overlay-gradient":""}},"ast-content-background-meta":{"desktop":{"background-color":"var(--ast-global-color-5)","background-image":"","background-repeat":"repeat","background-position":"center center","background-size":"auto","background-attachment":"scroll","background-type":"","background-media":"","overlay-type":"","overlay-color":"","overlay-opacity":"","overlay-gradient":""},"tablet":{"background-color":"var(--ast-global-color-5)","background-image":"","background-repeat":"repeat","background-position":"center center","background-size":"auto","background-attachment":"scroll","background-type":"","background-media":"","overlay-type":"","overlay-color":"","overlay-opacity":"","overlay-gradient":""},"mobile":{"background-color":"var(--ast-global-color-5)","background-image":"","background-repeat":"repeat","background-position":"center center","background-size":"auto","background-attachment":"scroll","background-type":"","background-media":"","overlay-type":"","overlay-color":"","overlay-opacity":"","overlay-gradient":""}}},"product_brand":[],"product_cat":[650],"product_tag":[],"class_list":{"0":"post-7320","1":"product","2":"type-product","3":"status-publish","4":"has-post-thumbnail","6":"product_cat-sac-a-urine-sterile","7":"desktop-align-left","8":"tablet-align-left","9":"mobile-align-left","11":"first","12":"instock","13":"taxable","14":"shipping-taxable","15":"purchasable","16":"product-type-variable","17":"has-default-attributes","18":"add-to-wishlist-before_image"},"acf":[],"yoast_head":"<!-- This site is optimized with the Yoast SEO plugin v26.5 - https:\/\/yoast.com\/wordpress\/plugins\/seo\/ -->\n<title>PAHSCO Sac \u00e0 urine pour la jambe st\u00e9rile avec sortie (sortie en croix)<\/title>\n<meta name=\"description\" content=\"PAHSCO Sac \u00e0 urine pour la jambe st\u00e9rile, avec valve anti-retour, avec sortie, arri\u00e8re en non tiss\u00e9 (5\u00a0\u00e9lastiques de fixation pour sac \u00e0 urine pour la jambe par carton)\" \/>\n<meta name=\"robots\" content=\"index, follow, max-snippet:-1, max-image-preview:large, max-video-preview:-1\" \/>\n<link rel=\"canonical\" href=\"https:\/\/fornimedical.ch\/fr\/produit\/pahsco-sac-a-urine-pour-la-jambe-sterile-avec-valve-anti-retour-avec-sortie-sortie-en-croix\/\" \/>\n<meta property=\"og:locale\" content=\"fr_FR\" \/>\n<meta property=\"og:type\" content=\"article\" \/>\n<meta property=\"og:title\" content=\"PAHSCO Sac \u00e0 urine pour la jambe st\u00e9rile avec sortie (sortie en croix)\" \/>\n<meta property=\"og:description\" content=\"PAHSCO Sac \u00e0 urine pour la jambe st\u00e9rile, avec valve anti-retour, avec sortie, arri\u00e8re en non tiss\u00e9 (5\u00a0\u00e9lastiques de fixation pour sac \u00e0 urine pour la jambe par carton)\" \/>\n<meta property=\"og:url\" content=\"https:\/\/fornimedical.ch\/fr\/produit\/pahsco-sac-a-urine-pour-la-jambe-sterile-avec-valve-anti-retour-avec-sortie-sortie-en-croix\/\" \/>\n<meta property=\"og:site_name\" content=\"Forni Medical GmbH\" \/>\n<meta property=\"article:modified_time\" content=\"2024-08-29T10:15:23+00:00\" \/>\n<meta property=\"og:image\" content=\"https:\/\/fornimedical.ch\/wp-content\/uploads\/2024\/04\/forni-medical_pahsco_urinbeutel-bein-steril-mit-ablauf.jpg\" \/>\n\t<meta property=\"og:image:width\" content=\"2481\" \/>\n\t<meta property=\"og:image:height\" content=\"1487\" \/>\n\t<meta property=\"og:image:type\" content=\"image\/jpeg\" \/>\n<meta name=\"twitter:card\" content=\"summary_large_image\" \/>\n<meta name=\"twitter:label1\" content=\"Dur\u00e9e de lecture estim\u00e9e\" \/>\n\t<meta name=\"twitter:data1\" content=\"1 minute\" \/>\n<script type=\"application\/ld+json\" class=\"yoast-schema-graph\">{\"@context\":\"https:\/\/schema.org\",\"@graph\":[{\"@type\":\"WebPage\",\"@id\":\"https:\/\/fornimedical.ch\/fr\/produit\/pahsco-sac-a-urine-pour-la-jambe-sterile-avec-valve-anti-retour-avec-sortie-sortie-en-croix\/\",\"url\":\"https:\/\/fornimedical.ch\/fr\/produit\/pahsco-sac-a-urine-pour-la-jambe-sterile-avec-valve-anti-retour-avec-sortie-sortie-en-croix\/\",\"name\":\"PAHSCO Sac \u00e0 urine pour la jambe st\u00e9rile avec sortie (sortie en croix)\",\"isPartOf\":{\"@id\":\"https:\/\/fornimedical.ch\/fr\/#website\"},\"primaryImageOfPage\":{\"@id\":\"https:\/\/fornimedical.ch\/fr\/produit\/pahsco-sac-a-urine-pour-la-jambe-sterile-avec-valve-anti-retour-avec-sortie-sortie-en-croix\/#primaryimage\"},\"image\":{\"@id\":\"https:\/\/fornimedical.ch\/fr\/produit\/pahsco-sac-a-urine-pour-la-jambe-sterile-avec-valve-anti-retour-avec-sortie-sortie-en-croix\/#primaryimage\"},\"thumbnailUrl\":\"https:\/\/fornimedical.ch\/wp-content\/uploads\/2024\/04\/forni-medical_pahsco_urinbeutel-bein-steril-mit-ablauf.jpg\",\"datePublished\":\"2024-04-07T15:09:51+00:00\",\"dateModified\":\"2024-08-29T10:15:23+00:00\",\"description\":\"PAHSCO Sac \u00e0 urine pour la jambe st\u00e9rile, avec valve anti-retour, avec sortie, arri\u00e8re en non tiss\u00e9 (5\u00a0\u00e9lastiques de fixation pour sac \u00e0 urine pour la jambe par carton)\",\"breadcrumb\":{\"@id\":\"https:\/\/fornimedical.ch\/fr\/produit\/pahsco-sac-a-urine-pour-la-jambe-sterile-avec-valve-anti-retour-avec-sortie-sortie-en-croix\/#breadcrumb\"},\"inLanguage\":\"fr-FR\",\"potentialAction\":[{\"@type\":\"ReadAction\",\"target\":[\"https:\/\/fornimedical.ch\/fr\/produit\/pahsco-sac-a-urine-pour-la-jambe-sterile-avec-valve-anti-retour-avec-sortie-sortie-en-croix\/\"]}]},{\"@type\":\"ImageObject\",\"inLanguage\":\"fr-FR\",\"@id\":\"https:\/\/fornimedical.ch\/fr\/produit\/pahsco-sac-a-urine-pour-la-jambe-sterile-avec-valve-anti-retour-avec-sortie-sortie-en-croix\/#primaryimage\",\"url\":\"https:\/\/fornimedical.ch\/wp-content\/uploads\/2024\/04\/forni-medical_pahsco_urinbeutel-bein-steril-mit-ablauf.jpg\",\"contentUrl\":\"https:\/\/fornimedical.ch\/wp-content\/uploads\/2024\/04\/forni-medical_pahsco_urinbeutel-bein-steril-mit-ablauf.jpg\",\"width\":2481,\"height\":1487,\"caption\":\"Forni Medical Pahsco Bein-Urinbeutel steril mit Ablauf\"},{\"@type\":\"BreadcrumbList\",\"@id\":\"https:\/\/fornimedical.ch\/fr\/produit\/pahsco-sac-a-urine-pour-la-jambe-sterile-avec-valve-anti-retour-avec-sortie-sortie-en-croix\/#breadcrumb\",\"itemListElement\":[{\"@type\":\"ListItem\",\"position\":1,\"name\":\"Home\",\"item\":\"https:\/\/fornimedical.ch\/fr\/\"},{\"@type\":\"ListItem\",\"position\":2,\"name\":\"Archives boutique en ligne\",\"item\":\"https:\/\/fornimedical.ch\/fr\/archives-boutique-en-ligne\/\"},{\"@type\":\"ListItem\",\"position\":3,\"name\":\"PAHSCO Sac \u00e0 urine pour la jambe st\u00e9rile, avec valve anti-retour, avec sortie (sortie en croix)\"}]},{\"@type\":\"WebSite\",\"@id\":\"https:\/\/fornimedical.ch\/fr\/#website\",\"url\":\"https:\/\/fornimedical.ch\/fr\/\",\"name\":\"Forni Medical GmbH\",\"description\":\"\",\"publisher\":{\"@id\":\"https:\/\/fornimedical.ch\/fr\/#organization\"},\"potentialAction\":[{\"@type\":\"SearchAction\",\"target\":{\"@type\":\"EntryPoint\",\"urlTemplate\":\"https:\/\/fornimedical.ch\/fr\/?s={search_term_string}\"},\"query-input\":{\"@type\":\"PropertyValueSpecification\",\"valueRequired\":true,\"valueName\":\"search_term_string\"}}],\"inLanguage\":\"fr-FR\"},{\"@type\":\"Organization\",\"@id\":\"https:\/\/fornimedical.ch\/fr\/#organization\",\"name\":\"Forni Medical GmbH\",\"url\":\"https:\/\/fornimedical.ch\/fr\/\",\"logo\":{\"@type\":\"ImageObject\",\"inLanguage\":\"fr-FR\",\"@id\":\"https:\/\/fornimedical.ch\/fr\/#\/schema\/logo\/image\/\",\"url\":\"https:\/\/fornimedical.ch\/wp-content\/uploads\/2023\/08\/logo.svg\",\"contentUrl\":\"https:\/\/fornimedical.ch\/wp-content\/uploads\/2023\/08\/logo.svg\",\"caption\":\"Forni Medical GmbH\"},\"image\":{\"@id\":\"https:\/\/fornimedical.ch\/fr\/#\/schema\/logo\/image\/\"}}]}<\/script>\n<!-- \/ Yoast SEO plugin. -->","yoast_head_json":{"title":"PAHSCO Sac \u00e0 urine pour la jambe st\u00e9rile avec sortie (sortie en croix)","description":"PAHSCO Sac \u00e0 urine pour la jambe st\u00e9rile, avec valve anti-retour, avec sortie, arri\u00e8re en non tiss\u00e9 (5\u00a0\u00e9lastiques de fixation pour sac \u00e0 urine pour la jambe par carton)","robots":{"index":"index","follow":"follow","max-snippet":"max-snippet:-1","max-image-preview":"max-image-preview:large","max-video-preview":"max-video-preview:-1"},"canonical":"https:\/\/fornimedical.ch\/fr\/produit\/pahsco-sac-a-urine-pour-la-jambe-sterile-avec-valve-anti-retour-avec-sortie-sortie-en-croix\/","og_locale":"fr_FR","og_type":"article","og_title":"PAHSCO Sac \u00e0 urine pour la jambe st\u00e9rile avec sortie (sortie en croix)","og_description":"PAHSCO Sac \u00e0 urine pour la jambe st\u00e9rile, avec valve anti-retour, avec sortie, arri\u00e8re en non tiss\u00e9 (5\u00a0\u00e9lastiques de fixation pour sac \u00e0 urine pour la jambe par carton)","og_url":"https:\/\/fornimedical.ch\/fr\/produit\/pahsco-sac-a-urine-pour-la-jambe-sterile-avec-valve-anti-retour-avec-sortie-sortie-en-croix\/","og_site_name":"Forni Medical GmbH","article_modified_time":"2024-08-29T10:15:23+00:00","og_image":[{"width":2481,"height":1487,"url":"https:\/\/fornimedical.ch\/wp-content\/uploads\/2024\/04\/forni-medical_pahsco_urinbeutel-bein-steril-mit-ablauf.jpg","type":"image\/jpeg"}],"twitter_card":"summary_large_image","twitter_misc":{"Dur\u00e9e de lecture estim\u00e9e":"1 minute"},"schema":{"@context":"https:\/\/schema.org","@graph":[{"@type":"WebPage","@id":"https:\/\/fornimedical.ch\/fr\/produit\/pahsco-sac-a-urine-pour-la-jambe-sterile-avec-valve-anti-retour-avec-sortie-sortie-en-croix\/","url":"https:\/\/fornimedical.ch\/fr\/produit\/pahsco-sac-a-urine-pour-la-jambe-sterile-avec-valve-anti-retour-avec-sortie-sortie-en-croix\/","name":"PAHSCO Sac \u00e0 urine pour la jambe st\u00e9rile avec sortie (sortie en croix)","isPartOf":{"@id":"https:\/\/fornimedical.ch\/fr\/#website"},"primaryImageOfPage":{"@id":"https:\/\/fornimedical.ch\/fr\/produit\/pahsco-sac-a-urine-pour-la-jambe-sterile-avec-valve-anti-retour-avec-sortie-sortie-en-croix\/#primaryimage"},"image":{"@id":"https:\/\/fornimedical.ch\/fr\/produit\/pahsco-sac-a-urine-pour-la-jambe-sterile-avec-valve-anti-retour-avec-sortie-sortie-en-croix\/#primaryimage"},"thumbnailUrl":"https:\/\/fornimedical.ch\/wp-content\/uploads\/2024\/04\/forni-medical_pahsco_urinbeutel-bein-steril-mit-ablauf.jpg","datePublished":"2024-04-07T15:09:51+00:00","dateModified":"2024-08-29T10:15:23+00:00","description":"PAHSCO Sac \u00e0 urine pour la jambe st\u00e9rile, avec valve anti-retour, avec sortie, arri\u00e8re en non tiss\u00e9 (5\u00a0\u00e9lastiques de fixation pour sac \u00e0 urine pour la jambe par carton)","breadcrumb":{"@id":"https:\/\/fornimedical.ch\/fr\/produit\/pahsco-sac-a-urine-pour-la-jambe-sterile-avec-valve-anti-retour-avec-sortie-sortie-en-croix\/#breadcrumb"},"inLanguage":"fr-FR","potentialAction":[{"@type":"ReadAction","target":["https:\/\/fornimedical.ch\/fr\/produit\/pahsco-sac-a-urine-pour-la-jambe-sterile-avec-valve-anti-retour-avec-sortie-sortie-en-croix\/"]}]},{"@type":"ImageObject","inLanguage":"fr-FR","@id":"https:\/\/fornimedical.ch\/fr\/produit\/pahsco-sac-a-urine-pour-la-jambe-sterile-avec-valve-anti-retour-avec-sortie-sortie-en-croix\/#primaryimage","url":"https:\/\/fornimedical.ch\/wp-content\/uploads\/2024\/04\/forni-medical_pahsco_urinbeutel-bein-steril-mit-ablauf.jpg","contentUrl":"https:\/\/fornimedical.ch\/wp-content\/uploads\/2024\/04\/forni-medical_pahsco_urinbeutel-bein-steril-mit-ablauf.jpg","width":2481,"height":1487,"caption":"Forni Medical Pahsco Bein-Urinbeutel steril mit Ablauf"},{"@type":"BreadcrumbList","@id":"https:\/\/fornimedical.ch\/fr\/produit\/pahsco-sac-a-urine-pour-la-jambe-sterile-avec-valve-anti-retour-avec-sortie-sortie-en-croix\/#breadcrumb","itemListElement":[{"@type":"ListItem","position":1,"name":"Home","item":"https:\/\/fornimedical.ch\/fr\/"},{"@type":"ListItem","position":2,"name":"Archives boutique en ligne","item":"https:\/\/fornimedical.ch\/fr\/archives-boutique-en-ligne\/"},{"@type":"ListItem","position":3,"name":"PAHSCO Sac \u00e0 urine pour la jambe st\u00e9rile, avec valve anti-retour, avec sortie (sortie en croix)"}]},{"@type":"WebSite","@id":"https:\/\/fornimedical.ch\/fr\/#website","url":"https:\/\/fornimedical.ch\/fr\/","name":"Forni Medical GmbH","description":"","publisher":{"@id":"https:\/\/fornimedical.ch\/fr\/#organization"},"potentialAction":[{"@type":"SearchAction","target":{"@type":"EntryPoint","urlTemplate":"https:\/\/fornimedical.ch\/fr\/?s={search_term_string}"},"query-input":{"@type":"PropertyValueSpecification","valueRequired":true,"valueName":"search_term_string"}}],"inLanguage":"fr-FR"},{"@type":"Organization","@id":"https:\/\/fornimedical.ch\/fr\/#organization","name":"Forni Medical GmbH","url":"https:\/\/fornimedical.ch\/fr\/","logo":{"@type":"ImageObject","inLanguage":"fr-FR","@id":"https:\/\/fornimedical.ch\/fr\/#\/schema\/logo\/image\/","url":"https:\/\/fornimedical.ch\/wp-content\/uploads\/2023\/08\/logo.svg","contentUrl":"https:\/\/fornimedical.ch\/wp-content\/uploads\/2023\/08\/logo.svg","caption":"Forni Medical GmbH"},"image":{"@id":"https:\/\/fornimedical.ch\/fr\/#\/schema\/logo\/image\/"}}]}},"_links":{"self":[{"href":"https:\/\/fornimedical.ch\/fr\/wp-json\/wp\/v2\/product\/7320","targetHints":{"allow":["GET"]}}],"collection":[{"href":"https:\/\/fornimedical.ch\/fr\/wp-json\/wp\/v2\/product"}],"about":[{"href":"https:\/\/fornimedical.ch\/fr\/wp-json\/wp\/v2\/types\/product"}],"replies":[{"embeddable":true,"href":"https:\/\/fornimedical.ch\/fr\/wp-json\/wp\/v2\/comments?post=7320"}],"wp:featuredmedia":[{"embeddable":true,"href":"https:\/\/fornimedical.ch\/fr\/wp-json\/wp\/v2\/media\/3455"}],"wp:attachment":[{"href":"https:\/\/fornimedical.ch\/fr\/wp-json\/wp\/v2\/media?parent=7320"}],"wp:term":[{"taxonomy":"product_brand","embeddable":true,"href":"https:\/\/fornimedical.ch\/fr\/wp-json\/wp\/v2\/product_brand?post=7320"},{"taxonomy":"product_cat","embeddable":true,"href":"https:\/\/fornimedical.ch\/fr\/wp-json\/wp\/v2\/product_cat?post=7320"},{"taxonomy":"product_tag","embeddable":true,"href":"https:\/\/fornimedical.ch\/fr\/wp-json\/wp\/v2\/product_tag?post=7320"}],"curies":[{"name":"wp","href":"https:\/\/api.w.org\/{rel}","templated":true}]}}