{"id":7318,"date":"2024-04-07T15:21:47","date_gmt":"2024-04-07T15:21:47","guid":{"rendered":"https:\/\/fornimedical.ch\/product\/pahsco-urimetre-450-ml-sterile\/"},"modified":"2024-07-18T11:24:36","modified_gmt":"2024-07-18T11:24:36","slug":"pahsco-urimetre-450-ml-sterile","status":"publish","type":"product","link":"https:\/\/fornimedical.ch\/fr\/produit\/pahsco-urimetre-450-ml-sterile\/","title":{"rendered":"PAHSCO Urim\u00e8tre 450\u00a0ml, st\u00e9rile"},"content":{"rendered":"<p>Pahsco Urim\u00e8tre avec r\u00e9cipient gradu\u00e9 450\u00a0ml st\u00e9rile, avec syst\u00e8me ferm\u00e9 et tuyau d\u2019\u00e9vacuation horizontal, poche de recueil 2\u00a0000\u00a0ml, tuyau 150\u00a0cm avec collier de serrage, connecteur pour la prise d\u2019urine sans aiguille, crochet en plastique pour accrocher au lit, et cordon dans le rare cas o\u00f9 le crochet ne s\u2019adapterait pas au cadre du lit. Sans latex<\/p>\n<ul>\n<li>Poche en PVC transparente \u00e0 l\u2019avant et PVC blanc \u00e0 l\u2019arri\u00e8re<\/li>\n<li>R\u00e9cipient gradu\u00e9 tous les millim\u00e8tres jusqu\u2019\u00e0 40\u00a0ml, puis incr\u00e9ments de mesure de 5\u00a0ml jusqu\u2019\u00e0 110\u00a0ml, 10\u00a0ml jusqu\u2019\u00e0 120\u00a0ml, puis 20\u00a0ml jusqu\u2019\u00e0 450\u00a0ml<\/li>\n<li>Syst\u00e8me d\u2019a\u00e9ration: r\u00e9gule le d\u00e9bit d\u2019air constant dans le syst\u00e8me<\/li>\n<li>Valve anti-retour, emp\u00eache le reflux d\u2019urine dans le cath\u00e9ter<\/li>\n<li>Port sans aiguille pour une prise d\u2019urine aseptique<\/li>\n<li>Vidange facile de l\u2019urine au moyen d\u2019un tuyau \u00e0 l\u2019extr\u00e9mit\u00e9 de la poche, vidange rapide<\/li>\n<\/ul>\n","protected":false},"excerpt":{"rendered":"<p>Urim\u00e8tre avec valve anti-retour, syst\u00e8me ferm\u00e9 et tuyau d\u2019\u00e9vacuation horizontal, poche de recueil 2\u00a0000\u00a0ml, tuyau 150\u00a0cm<\/p>\n","protected":false},"featured_media":3464,"comment_status":"closed","ping_status":"closed","template":"","meta":{"_acf_changed":false,"site-sidebar-layout":"default","site-content-layout":"","ast-site-content-layout":"default","site-content-style":"default","site-sidebar-style":"default","ast-global-header-display":"","ast-banner-title-visibility":"","ast-main-header-display":"","ast-hfb-above-header-display":"","ast-hfb-below-header-display":"","ast-hfb-mobile-header-display":"","site-post-title":"","ast-breadcrumbs-content":"","ast-featured-img":"","footer-sml-layout":"","theme-transparent-header-meta":"default","adv-header-id-meta":"","stick-header-meta":"","header-above-stick-meta":"","header-main-stick-meta":"","header-below-stick-meta":"","astra-migrate-meta-layouts":"default","ast-page-background-enabled":"default","ast-page-background-meta":{"desktop":{"background-color":"var(--ast-global-color-4)","background-image":"","background-repeat":"repeat","background-position":"center center","background-size":"auto","background-attachment":"scroll","background-type":"","background-media":"","overlay-type":"","overlay-color":"","overlay-opacity":"","overlay-gradient":""},"tablet":{"background-color":"","background-image":"","background-repeat":"repeat","background-position":"center center","background-size":"auto","background-attachment":"scroll","background-type":"","background-media":"","overlay-type":"","overlay-color":"","overlay-opacity":"","overlay-gradient":""},"mobile":{"background-color":"","background-image":"","background-repeat":"repeat","background-position":"center center","background-size":"auto","background-attachment":"scroll","background-type":"","background-media":"","overlay-type":"","overlay-color":"","overlay-opacity":"","overlay-gradient":""}},"ast-content-background-meta":{"desktop":{"background-color":"var(--ast-global-color-5)","background-image":"","background-repeat":"repeat","background-position":"center center","background-size":"auto","background-attachment":"scroll","background-type":"","background-media":"","overlay-type":"","overlay-color":"","overlay-opacity":"","overlay-gradient":""},"tablet":{"background-color":"var(--ast-global-color-5)","background-image":"","background-repeat":"repeat","background-position":"center center","background-size":"auto","background-attachment":"scroll","background-type":"","background-media":"","overlay-type":"","overlay-color":"","overlay-opacity":"","overlay-gradient":""},"mobile":{"background-color":"var(--ast-global-color-5)","background-image":"","background-repeat":"repeat","background-position":"center center","background-size":"auto","background-attachment":"scroll","background-type":"","background-media":"","overlay-type":"","overlay-color":"","overlay-opacity":"","overlay-gradient":""}}},"product_brand":[],"product_cat":[119],"product_tag":[],"class_list":{"0":"post-7318","1":"product","2":"type-product","3":"status-publish","4":"has-post-thumbnail","6":"product_cat-urinmesser","7":"desktop-align-left","8":"tablet-align-left","9":"mobile-align-left","11":"first","12":"instock","13":"taxable","14":"shipping-taxable","15":"purchasable","16":"product-type-variable","17":"has-default-attributes","18":"add-to-wishlist-before_image"},"acf":[],"yoast_head":"<!-- This site is optimized with the Yoast SEO plugin v26.5 - https:\/\/yoast.com\/wordpress\/plugins\/seo\/ -->\n<title>PAHSCO Urim\u00e8tre 450\u00a0ml, st\u00e9rile<\/title>\n<meta name=\"description\" content=\"PAHSCO Urim\u00e8tre, st\u00e9rile, avec syst\u00e8me ferm\u00e9; poche avec \u00e9coulement en position horizontale, r\u00e9cipient gradu\u00e9 de 450\u00a0ml, poche de recueil 2\u00a0000\u00a0ml, tuyau 150\u00a0cm\" \/>\n<meta name=\"robots\" content=\"index, follow, max-snippet:-1, max-image-preview:large, max-video-preview:-1\" \/>\n<link rel=\"canonical\" href=\"https:\/\/fornimedical.ch\/fr\/produit\/pahsco-urimetre-450-ml-sterile\/\" \/>\n<meta property=\"og:locale\" content=\"fr_FR\" \/>\n<meta property=\"og:type\" content=\"article\" \/>\n<meta property=\"og:title\" content=\"PAHSCO Urim\u00e8tre 450\u00a0ml, st\u00e9rile\" \/>\n<meta property=\"og:description\" content=\"PAHSCO Urim\u00e8tre, st\u00e9rile, avec syst\u00e8me ferm\u00e9; poche avec \u00e9coulement en position horizontale, r\u00e9cipient gradu\u00e9 de 450\u00a0ml, poche de recueil 2\u00a0000\u00a0ml, tuyau 150\u00a0cm\" \/>\n<meta property=\"og:url\" content=\"https:\/\/fornimedical.ch\/fr\/produit\/pahsco-urimetre-450-ml-sterile\/\" \/>\n<meta property=\"og:site_name\" content=\"Forni Medical GmbH\" \/>\n<meta property=\"article:modified_time\" content=\"2024-07-18T11:24:36+00:00\" \/>\n<meta property=\"og:image\" content=\"https:\/\/fornimedical.ch\/wp-content\/uploads\/2024\/04\/forni-medical_pahsco_urinmesser_steril.jpg\" \/>\n\t<meta property=\"og:image:width\" content=\"2481\" \/>\n\t<meta property=\"og:image:height\" content=\"1487\" \/>\n\t<meta property=\"og:image:type\" content=\"image\/jpeg\" \/>\n<meta name=\"twitter:card\" content=\"summary_large_image\" \/>\n<meta name=\"twitter:label1\" content=\"Dur\u00e9e de lecture estim\u00e9e\" \/>\n\t<meta name=\"twitter:data1\" content=\"1 minute\" \/>\n<script type=\"application\/ld+json\" class=\"yoast-schema-graph\">{\"@context\":\"https:\/\/schema.org\",\"@graph\":[{\"@type\":\"WebPage\",\"@id\":\"https:\/\/fornimedical.ch\/fr\/produit\/pahsco-urimetre-450-ml-sterile\/\",\"url\":\"https:\/\/fornimedical.ch\/fr\/produit\/pahsco-urimetre-450-ml-sterile\/\",\"name\":\"PAHSCO Urim\u00e8tre 450\u00a0ml, st\u00e9rile\",\"isPartOf\":{\"@id\":\"https:\/\/fornimedical.ch\/fr\/#website\"},\"primaryImageOfPage\":{\"@id\":\"https:\/\/fornimedical.ch\/fr\/produit\/pahsco-urimetre-450-ml-sterile\/#primaryimage\"},\"image\":{\"@id\":\"https:\/\/fornimedical.ch\/fr\/produit\/pahsco-urimetre-450-ml-sterile\/#primaryimage\"},\"thumbnailUrl\":\"https:\/\/fornimedical.ch\/wp-content\/uploads\/2024\/04\/forni-medical_pahsco_urinmesser_steril.jpg\",\"datePublished\":\"2024-04-07T15:21:47+00:00\",\"dateModified\":\"2024-07-18T11:24:36+00:00\",\"description\":\"PAHSCO Urim\u00e8tre, st\u00e9rile, avec syst\u00e8me ferm\u00e9; poche avec \u00e9coulement en position horizontale, r\u00e9cipient gradu\u00e9 de 450\u00a0ml, poche de recueil 2\u00a0000\u00a0ml, tuyau 150\u00a0cm\",\"breadcrumb\":{\"@id\":\"https:\/\/fornimedical.ch\/fr\/produit\/pahsco-urimetre-450-ml-sterile\/#breadcrumb\"},\"inLanguage\":\"fr-FR\",\"potentialAction\":[{\"@type\":\"ReadAction\",\"target\":[\"https:\/\/fornimedical.ch\/fr\/produit\/pahsco-urimetre-450-ml-sterile\/\"]}]},{\"@type\":\"ImageObject\",\"inLanguage\":\"fr-FR\",\"@id\":\"https:\/\/fornimedical.ch\/fr\/produit\/pahsco-urimetre-450-ml-sterile\/#primaryimage\",\"url\":\"https:\/\/fornimedical.ch\/wp-content\/uploads\/2024\/04\/forni-medical_pahsco_urinmesser_steril.jpg\",\"contentUrl\":\"https:\/\/fornimedical.ch\/wp-content\/uploads\/2024\/04\/forni-medical_pahsco_urinmesser_steril.jpg\",\"width\":2481,\"height\":1487,\"caption\":\"Forni Medical PAHSCO Urinmesser 450 ml, steril\"},{\"@type\":\"BreadcrumbList\",\"@id\":\"https:\/\/fornimedical.ch\/fr\/produit\/pahsco-urimetre-450-ml-sterile\/#breadcrumb\",\"itemListElement\":[{\"@type\":\"ListItem\",\"position\":1,\"name\":\"Home\",\"item\":\"https:\/\/fornimedical.ch\/fr\/\"},{\"@type\":\"ListItem\",\"position\":2,\"name\":\"Archives boutique en ligne\",\"item\":\"https:\/\/fornimedical.ch\/fr\/archives-boutique-en-ligne\/\"},{\"@type\":\"ListItem\",\"position\":3,\"name\":\"PAHSCO Urim\u00e8tre 450\u00a0ml, st\u00e9rile\"}]},{\"@type\":\"WebSite\",\"@id\":\"https:\/\/fornimedical.ch\/fr\/#website\",\"url\":\"https:\/\/fornimedical.ch\/fr\/\",\"name\":\"Forni Medical GmbH\",\"description\":\"\",\"publisher\":{\"@id\":\"https:\/\/fornimedical.ch\/fr\/#organization\"},\"potentialAction\":[{\"@type\":\"SearchAction\",\"target\":{\"@type\":\"EntryPoint\",\"urlTemplate\":\"https:\/\/fornimedical.ch\/fr\/?s={search_term_string}\"},\"query-input\":{\"@type\":\"PropertyValueSpecification\",\"valueRequired\":true,\"valueName\":\"search_term_string\"}}],\"inLanguage\":\"fr-FR\"},{\"@type\":\"Organization\",\"@id\":\"https:\/\/fornimedical.ch\/fr\/#organization\",\"name\":\"Forni Medical GmbH\",\"url\":\"https:\/\/fornimedical.ch\/fr\/\",\"logo\":{\"@type\":\"ImageObject\",\"inLanguage\":\"fr-FR\",\"@id\":\"https:\/\/fornimedical.ch\/fr\/#\/schema\/logo\/image\/\",\"url\":\"https:\/\/fornimedical.ch\/wp-content\/uploads\/2023\/08\/logo.svg\",\"contentUrl\":\"https:\/\/fornimedical.ch\/wp-content\/uploads\/2023\/08\/logo.svg\",\"caption\":\"Forni Medical GmbH\"},\"image\":{\"@id\":\"https:\/\/fornimedical.ch\/fr\/#\/schema\/logo\/image\/\"}}]}<\/script>\n<!-- \/ Yoast SEO plugin. -->","yoast_head_json":{"title":"PAHSCO Urim\u00e8tre 450\u00a0ml, st\u00e9rile","description":"PAHSCO Urim\u00e8tre, st\u00e9rile, avec syst\u00e8me ferm\u00e9; poche avec \u00e9coulement en position horizontale, r\u00e9cipient gradu\u00e9 de 450\u00a0ml, poche de recueil 2\u00a0000\u00a0ml, tuyau 150\u00a0cm","robots":{"index":"index","follow":"follow","max-snippet":"max-snippet:-1","max-image-preview":"max-image-preview:large","max-video-preview":"max-video-preview:-1"},"canonical":"https:\/\/fornimedical.ch\/fr\/produit\/pahsco-urimetre-450-ml-sterile\/","og_locale":"fr_FR","og_type":"article","og_title":"PAHSCO Urim\u00e8tre 450\u00a0ml, st\u00e9rile","og_description":"PAHSCO Urim\u00e8tre, st\u00e9rile, avec syst\u00e8me ferm\u00e9; poche avec \u00e9coulement en position horizontale, r\u00e9cipient gradu\u00e9 de 450\u00a0ml, poche de recueil 2\u00a0000\u00a0ml, tuyau 150\u00a0cm","og_url":"https:\/\/fornimedical.ch\/fr\/produit\/pahsco-urimetre-450-ml-sterile\/","og_site_name":"Forni Medical GmbH","article_modified_time":"2024-07-18T11:24:36+00:00","og_image":[{"width":2481,"height":1487,"url":"https:\/\/fornimedical.ch\/wp-content\/uploads\/2024\/04\/forni-medical_pahsco_urinmesser_steril.jpg","type":"image\/jpeg"}],"twitter_card":"summary_large_image","twitter_misc":{"Dur\u00e9e de lecture estim\u00e9e":"1 minute"},"schema":{"@context":"https:\/\/schema.org","@graph":[{"@type":"WebPage","@id":"https:\/\/fornimedical.ch\/fr\/produit\/pahsco-urimetre-450-ml-sterile\/","url":"https:\/\/fornimedical.ch\/fr\/produit\/pahsco-urimetre-450-ml-sterile\/","name":"PAHSCO Urim\u00e8tre 450\u00a0ml, st\u00e9rile","isPartOf":{"@id":"https:\/\/fornimedical.ch\/fr\/#website"},"primaryImageOfPage":{"@id":"https:\/\/fornimedical.ch\/fr\/produit\/pahsco-urimetre-450-ml-sterile\/#primaryimage"},"image":{"@id":"https:\/\/fornimedical.ch\/fr\/produit\/pahsco-urimetre-450-ml-sterile\/#primaryimage"},"thumbnailUrl":"https:\/\/fornimedical.ch\/wp-content\/uploads\/2024\/04\/forni-medical_pahsco_urinmesser_steril.jpg","datePublished":"2024-04-07T15:21:47+00:00","dateModified":"2024-07-18T11:24:36+00:00","description":"PAHSCO Urim\u00e8tre, st\u00e9rile, avec syst\u00e8me ferm\u00e9; poche avec \u00e9coulement en position horizontale, r\u00e9cipient gradu\u00e9 de 450\u00a0ml, poche de recueil 2\u00a0000\u00a0ml, tuyau 150\u00a0cm","breadcrumb":{"@id":"https:\/\/fornimedical.ch\/fr\/produit\/pahsco-urimetre-450-ml-sterile\/#breadcrumb"},"inLanguage":"fr-FR","potentialAction":[{"@type":"ReadAction","target":["https:\/\/fornimedical.ch\/fr\/produit\/pahsco-urimetre-450-ml-sterile\/"]}]},{"@type":"ImageObject","inLanguage":"fr-FR","@id":"https:\/\/fornimedical.ch\/fr\/produit\/pahsco-urimetre-450-ml-sterile\/#primaryimage","url":"https:\/\/fornimedical.ch\/wp-content\/uploads\/2024\/04\/forni-medical_pahsco_urinmesser_steril.jpg","contentUrl":"https:\/\/fornimedical.ch\/wp-content\/uploads\/2024\/04\/forni-medical_pahsco_urinmesser_steril.jpg","width":2481,"height":1487,"caption":"Forni Medical PAHSCO Urinmesser 450 ml, steril"},{"@type":"BreadcrumbList","@id":"https:\/\/fornimedical.ch\/fr\/produit\/pahsco-urimetre-450-ml-sterile\/#breadcrumb","itemListElement":[{"@type":"ListItem","position":1,"name":"Home","item":"https:\/\/fornimedical.ch\/fr\/"},{"@type":"ListItem","position":2,"name":"Archives boutique en ligne","item":"https:\/\/fornimedical.ch\/fr\/archives-boutique-en-ligne\/"},{"@type":"ListItem","position":3,"name":"PAHSCO Urim\u00e8tre 450\u00a0ml, st\u00e9rile"}]},{"@type":"WebSite","@id":"https:\/\/fornimedical.ch\/fr\/#website","url":"https:\/\/fornimedical.ch\/fr\/","name":"Forni Medical GmbH","description":"","publisher":{"@id":"https:\/\/fornimedical.ch\/fr\/#organization"},"potentialAction":[{"@type":"SearchAction","target":{"@type":"EntryPoint","urlTemplate":"https:\/\/fornimedical.ch\/fr\/?s={search_term_string}"},"query-input":{"@type":"PropertyValueSpecification","valueRequired":true,"valueName":"search_term_string"}}],"inLanguage":"fr-FR"},{"@type":"Organization","@id":"https:\/\/fornimedical.ch\/fr\/#organization","name":"Forni Medical GmbH","url":"https:\/\/fornimedical.ch\/fr\/","logo":{"@type":"ImageObject","inLanguage":"fr-FR","@id":"https:\/\/fornimedical.ch\/fr\/#\/schema\/logo\/image\/","url":"https:\/\/fornimedical.ch\/wp-content\/uploads\/2023\/08\/logo.svg","contentUrl":"https:\/\/fornimedical.ch\/wp-content\/uploads\/2023\/08\/logo.svg","caption":"Forni Medical GmbH"},"image":{"@id":"https:\/\/fornimedical.ch\/fr\/#\/schema\/logo\/image\/"}}]}},"_links":{"self":[{"href":"https:\/\/fornimedical.ch\/fr\/wp-json\/wp\/v2\/product\/7318","targetHints":{"allow":["GET"]}}],"collection":[{"href":"https:\/\/fornimedical.ch\/fr\/wp-json\/wp\/v2\/product"}],"about":[{"href":"https:\/\/fornimedical.ch\/fr\/wp-json\/wp\/v2\/types\/product"}],"replies":[{"embeddable":true,"href":"https:\/\/fornimedical.ch\/fr\/wp-json\/wp\/v2\/comments?post=7318"}],"wp:featuredmedia":[{"embeddable":true,"href":"https:\/\/fornimedical.ch\/fr\/wp-json\/wp\/v2\/media\/3464"}],"wp:attachment":[{"href":"https:\/\/fornimedical.ch\/fr\/wp-json\/wp\/v2\/media?parent=7318"}],"wp:term":[{"taxonomy":"product_brand","embeddable":true,"href":"https:\/\/fornimedical.ch\/fr\/wp-json\/wp\/v2\/product_brand?post=7318"},{"taxonomy":"product_cat","embeddable":true,"href":"https:\/\/fornimedical.ch\/fr\/wp-json\/wp\/v2\/product_cat?post=7318"},{"taxonomy":"product_tag","embeddable":true,"href":"https:\/\/fornimedical.ch\/fr\/wp-json\/wp\/v2\/product_tag?post=7318"}],"curies":[{"name":"wp","href":"https:\/\/api.w.org\/{rel}","templated":true}]}}