{"id":7316,"date":"2024-04-07T15:34:35","date_gmt":"2024-04-07T13:34:35","guid":{"rendered":"https:\/\/fornimedical.ch\/product\/forni-dispositif-de-suspension-pour-sac-a-urine-pour-le-lit-bleu-fonce\/"},"modified":"2024-08-29T10:10:10","modified_gmt":"2024-08-29T10:10:10","slug":"forni-dispositif-de-suspension-pour-sac-a-urine-pour-le-lit-bleu-fonce","status":"publish","type":"product","link":"https:\/\/fornimedical.ch\/fr\/produit\/forni-dispositif-de-suspension-pour-sac-a-urine-pour-le-lit-bleu-fonce\/","title":{"rendered":"Forni Dispositif de suspension pour sac \u00e0 urine pour le lit, bleu fonc\u00e9"},"content":{"rendered":"<p>Afin que les sacs \u00e0 urine ne reposent pas au sol, ils sont suspendus au lit ou \u00e0 un endroit appropri\u00e9 au moyen d\u2019un dispositif de suspension pour sac \u00e0 urine. Le tuyau est mis dans la bonne position de sorte qu\u2019il ne s\u2019enroule pas et qu\u2019il n\u2019y ait pas de refoulement.<\/p>\n","protected":false},"excerpt":{"rendered":"<p>Taille universelle, lavage au savon ou nettoyer avec un produit d\u00e9sinfectant<\/p>\n","protected":false},"featured_media":3471,"comment_status":"closed","ping_status":"closed","template":"","meta":{"_acf_changed":false,"site-sidebar-layout":"default","site-content-layout":"","ast-site-content-layout":"default","site-content-style":"default","site-sidebar-style":"default","ast-global-header-display":"","ast-banner-title-visibility":"","ast-main-header-display":"","ast-hfb-above-header-display":"","ast-hfb-below-header-display":"","ast-hfb-mobile-header-display":"","site-post-title":"","ast-breadcrumbs-content":"","ast-featured-img":"","footer-sml-layout":"","theme-transparent-header-meta":"default","adv-header-id-meta":"","stick-header-meta":"","header-above-stick-meta":"","header-main-stick-meta":"","header-below-stick-meta":"","astra-migrate-meta-layouts":"set","ast-page-background-enabled":"default","ast-page-background-meta":{"desktop":{"background-color":"var(--ast-global-color-4)","background-image":"","background-repeat":"repeat","background-position":"center center","background-size":"auto","background-attachment":"scroll","background-type":"","background-media":"","overlay-type":"","overlay-color":"","overlay-opacity":"","overlay-gradient":""},"tablet":{"background-color":"","background-image":"","background-repeat":"repeat","background-position":"center center","background-size":"auto","background-attachment":"scroll","background-type":"","background-media":"","overlay-type":"","overlay-color":"","overlay-opacity":"","overlay-gradient":""},"mobile":{"background-color":"","background-image":"","background-repeat":"repeat","background-position":"center center","background-size":"auto","background-attachment":"scroll","background-type":"","background-media":"","overlay-type":"","overlay-color":"","overlay-opacity":"","overlay-gradient":""}},"ast-content-background-meta":{"desktop":{"background-color":"var(--ast-global-color-5)","background-image":"","background-repeat":"repeat","background-position":"center center","background-size":"auto","background-attachment":"scroll","background-type":"","background-media":"","overlay-type":"","overlay-color":"","overlay-opacity":"","overlay-gradient":""},"tablet":{"background-color":"var(--ast-global-color-5)","background-image":"","background-repeat":"repeat","background-position":"center center","background-size":"auto","background-attachment":"scroll","background-type":"","background-media":"","overlay-type":"","overlay-color":"","overlay-opacity":"","overlay-gradient":""},"mobile":{"background-color":"var(--ast-global-color-5)","background-image":"","background-repeat":"repeat","background-position":"center center","background-size":"auto","background-attachment":"scroll","background-type":"","background-media":"","overlay-type":"","overlay-color":"","overlay-opacity":"","overlay-gradient":""}}},"product_brand":[],"product_cat":[648],"product_tag":[],"class_list":{"0":"post-7316","1":"product","2":"type-product","3":"status-publish","4":"has-post-thumbnail","6":"product_cat-dispositif-de-suspension-pour-sac-a-urine","7":"desktop-align-left","8":"tablet-align-left","9":"mobile-align-left","11":"first","12":"instock","13":"taxable","14":"shipping-taxable","15":"purchasable","16":"product-type-variable","17":"has-default-attributes","18":"add-to-wishlist-before_image"},"acf":[],"yoast_head":"<!-- This site is optimized with the Yoast SEO plugin v26.5 - https:\/\/yoast.com\/wordpress\/plugins\/seo\/ -->\n<title>Forni Dispositif de suspension pour sac \u00e0 urine pour le lit, bleu fonc\u00e9<\/title>\n<meta name=\"description\" content=\"Forni Dispositif de suspension pour sac \u00e0 urine pour le lit, bleu fonc\u00e9, composition: PVC, lavage au savon ou nettoyer avec un produit d\u00e9sinfectant\" \/>\n<meta name=\"robots\" content=\"index, follow, max-snippet:-1, max-image-preview:large, max-video-preview:-1\" \/>\n<link rel=\"canonical\" href=\"https:\/\/fornimedical.ch\/fr\/produit\/forni-dispositif-de-suspension-pour-sac-a-urine-pour-le-lit-bleu-fonce\/\" \/>\n<meta property=\"og:locale\" content=\"fr_FR\" \/>\n<meta property=\"og:type\" content=\"article\" \/>\n<meta property=\"og:title\" content=\"Forni Dispositif de suspension pour sac \u00e0 urine pour le lit, bleu fonc\u00e9\" \/>\n<meta property=\"og:description\" content=\"Forni Dispositif de suspension pour sac \u00e0 urine pour le lit, bleu fonc\u00e9, composition: PVC, lavage au savon ou nettoyer avec un produit d\u00e9sinfectant\" \/>\n<meta property=\"og:url\" content=\"https:\/\/fornimedical.ch\/fr\/produit\/forni-dispositif-de-suspension-pour-sac-a-urine-pour-le-lit-bleu-fonce\/\" \/>\n<meta property=\"og:site_name\" content=\"Forni Medical GmbH\" \/>\n<meta property=\"article:modified_time\" content=\"2024-08-29T10:10:10+00:00\" \/>\n<meta property=\"og:image\" content=\"https:\/\/fornimedical.ch\/wp-content\/uploads\/2024\/04\/forni_medical_urinbeutelaufhaenger_dunkelblau.jpg\" \/>\n\t<meta property=\"og:image:width\" content=\"2481\" \/>\n\t<meta property=\"og:image:height\" content=\"1487\" \/>\n\t<meta property=\"og:image:type\" content=\"image\/jpeg\" \/>\n<meta name=\"twitter:card\" content=\"summary_large_image\" \/>\n<meta name=\"twitter:label1\" content=\"Dur\u00e9e de lecture estim\u00e9e\" \/>\n\t<meta name=\"twitter:data1\" content=\"1 minute\" \/>\n<script type=\"application\/ld+json\" class=\"yoast-schema-graph\">{\"@context\":\"https:\/\/schema.org\",\"@graph\":[{\"@type\":\"WebPage\",\"@id\":\"https:\/\/fornimedical.ch\/fr\/produit\/forni-dispositif-de-suspension-pour-sac-a-urine-pour-le-lit-bleu-fonce\/\",\"url\":\"https:\/\/fornimedical.ch\/fr\/produit\/forni-dispositif-de-suspension-pour-sac-a-urine-pour-le-lit-bleu-fonce\/\",\"name\":\"Forni Dispositif de suspension pour sac \u00e0 urine pour le lit, bleu fonc\u00e9\",\"isPartOf\":{\"@id\":\"https:\/\/fornimedical.ch\/fr\/#website\"},\"primaryImageOfPage\":{\"@id\":\"https:\/\/fornimedical.ch\/fr\/produit\/forni-dispositif-de-suspension-pour-sac-a-urine-pour-le-lit-bleu-fonce\/#primaryimage\"},\"image\":{\"@id\":\"https:\/\/fornimedical.ch\/fr\/produit\/forni-dispositif-de-suspension-pour-sac-a-urine-pour-le-lit-bleu-fonce\/#primaryimage\"},\"thumbnailUrl\":\"https:\/\/fornimedical.ch\/wp-content\/uploads\/2024\/04\/forni_medical_urinbeutelaufhaenger_dunkelblau.jpg\",\"datePublished\":\"2024-04-07T13:34:35+00:00\",\"dateModified\":\"2024-08-29T10:10:10+00:00\",\"description\":\"Forni Dispositif de suspension pour sac \u00e0 urine pour le lit, bleu fonc\u00e9, composition: PVC, lavage au savon ou nettoyer avec un produit d\u00e9sinfectant\",\"breadcrumb\":{\"@id\":\"https:\/\/fornimedical.ch\/fr\/produit\/forni-dispositif-de-suspension-pour-sac-a-urine-pour-le-lit-bleu-fonce\/#breadcrumb\"},\"inLanguage\":\"fr-FR\",\"potentialAction\":[{\"@type\":\"ReadAction\",\"target\":[\"https:\/\/fornimedical.ch\/fr\/produit\/forni-dispositif-de-suspension-pour-sac-a-urine-pour-le-lit-bleu-fonce\/\"]}]},{\"@type\":\"ImageObject\",\"inLanguage\":\"fr-FR\",\"@id\":\"https:\/\/fornimedical.ch\/fr\/produit\/forni-dispositif-de-suspension-pour-sac-a-urine-pour-le-lit-bleu-fonce\/#primaryimage\",\"url\":\"https:\/\/fornimedical.ch\/wp-content\/uploads\/2024\/04\/forni_medical_urinbeutelaufhaenger_dunkelblau.jpg\",\"contentUrl\":\"https:\/\/fornimedical.ch\/wp-content\/uploads\/2024\/04\/forni_medical_urinbeutelaufhaenger_dunkelblau.jpg\",\"width\":2481,\"height\":1487,\"caption\":\"Forni Medical Urinbeutelaufh\u00e4nger f\u00fcr das Bett, dunkelblau\"},{\"@type\":\"BreadcrumbList\",\"@id\":\"https:\/\/fornimedical.ch\/fr\/produit\/forni-dispositif-de-suspension-pour-sac-a-urine-pour-le-lit-bleu-fonce\/#breadcrumb\",\"itemListElement\":[{\"@type\":\"ListItem\",\"position\":1,\"name\":\"Home\",\"item\":\"https:\/\/fornimedical.ch\/fr\/\"},{\"@type\":\"ListItem\",\"position\":2,\"name\":\"Archives boutique en ligne\",\"item\":\"https:\/\/fornimedical.ch\/fr\/archives-boutique-en-ligne\/\"},{\"@type\":\"ListItem\",\"position\":3,\"name\":\"Forni Dispositif de suspension pour sac \u00e0 urine pour le lit, bleu fonc\u00e9\"}]},{\"@type\":\"WebSite\",\"@id\":\"https:\/\/fornimedical.ch\/fr\/#website\",\"url\":\"https:\/\/fornimedical.ch\/fr\/\",\"name\":\"Forni Medical GmbH\",\"description\":\"\",\"publisher\":{\"@id\":\"https:\/\/fornimedical.ch\/fr\/#organization\"},\"potentialAction\":[{\"@type\":\"SearchAction\",\"target\":{\"@type\":\"EntryPoint\",\"urlTemplate\":\"https:\/\/fornimedical.ch\/fr\/?s={search_term_string}\"},\"query-input\":{\"@type\":\"PropertyValueSpecification\",\"valueRequired\":true,\"valueName\":\"search_term_string\"}}],\"inLanguage\":\"fr-FR\"},{\"@type\":\"Organization\",\"@id\":\"https:\/\/fornimedical.ch\/fr\/#organization\",\"name\":\"Forni Medical GmbH\",\"url\":\"https:\/\/fornimedical.ch\/fr\/\",\"logo\":{\"@type\":\"ImageObject\",\"inLanguage\":\"fr-FR\",\"@id\":\"https:\/\/fornimedical.ch\/fr\/#\/schema\/logo\/image\/\",\"url\":\"https:\/\/fornimedical.ch\/wp-content\/uploads\/2023\/08\/logo.svg\",\"contentUrl\":\"https:\/\/fornimedical.ch\/wp-content\/uploads\/2023\/08\/logo.svg\",\"caption\":\"Forni Medical GmbH\"},\"image\":{\"@id\":\"https:\/\/fornimedical.ch\/fr\/#\/schema\/logo\/image\/\"}}]}<\/script>\n<!-- \/ Yoast SEO plugin. -->","yoast_head_json":{"title":"Forni Dispositif de suspension pour sac \u00e0 urine pour le lit, bleu fonc\u00e9","description":"Forni Dispositif de suspension pour sac \u00e0 urine pour le lit, bleu fonc\u00e9, composition: PVC, lavage au savon ou nettoyer avec un produit d\u00e9sinfectant","robots":{"index":"index","follow":"follow","max-snippet":"max-snippet:-1","max-image-preview":"max-image-preview:large","max-video-preview":"max-video-preview:-1"},"canonical":"https:\/\/fornimedical.ch\/fr\/produit\/forni-dispositif-de-suspension-pour-sac-a-urine-pour-le-lit-bleu-fonce\/","og_locale":"fr_FR","og_type":"article","og_title":"Forni Dispositif de suspension pour sac \u00e0 urine pour le lit, bleu fonc\u00e9","og_description":"Forni Dispositif de suspension pour sac \u00e0 urine pour le lit, bleu fonc\u00e9, composition: PVC, lavage au savon ou nettoyer avec un produit d\u00e9sinfectant","og_url":"https:\/\/fornimedical.ch\/fr\/produit\/forni-dispositif-de-suspension-pour-sac-a-urine-pour-le-lit-bleu-fonce\/","og_site_name":"Forni Medical GmbH","article_modified_time":"2024-08-29T10:10:10+00:00","og_image":[{"width":2481,"height":1487,"url":"https:\/\/fornimedical.ch\/wp-content\/uploads\/2024\/04\/forni_medical_urinbeutelaufhaenger_dunkelblau.jpg","type":"image\/jpeg"}],"twitter_card":"summary_large_image","twitter_misc":{"Dur\u00e9e de lecture estim\u00e9e":"1 minute"},"schema":{"@context":"https:\/\/schema.org","@graph":[{"@type":"WebPage","@id":"https:\/\/fornimedical.ch\/fr\/produit\/forni-dispositif-de-suspension-pour-sac-a-urine-pour-le-lit-bleu-fonce\/","url":"https:\/\/fornimedical.ch\/fr\/produit\/forni-dispositif-de-suspension-pour-sac-a-urine-pour-le-lit-bleu-fonce\/","name":"Forni Dispositif de suspension pour sac \u00e0 urine pour le lit, bleu fonc\u00e9","isPartOf":{"@id":"https:\/\/fornimedical.ch\/fr\/#website"},"primaryImageOfPage":{"@id":"https:\/\/fornimedical.ch\/fr\/produit\/forni-dispositif-de-suspension-pour-sac-a-urine-pour-le-lit-bleu-fonce\/#primaryimage"},"image":{"@id":"https:\/\/fornimedical.ch\/fr\/produit\/forni-dispositif-de-suspension-pour-sac-a-urine-pour-le-lit-bleu-fonce\/#primaryimage"},"thumbnailUrl":"https:\/\/fornimedical.ch\/wp-content\/uploads\/2024\/04\/forni_medical_urinbeutelaufhaenger_dunkelblau.jpg","datePublished":"2024-04-07T13:34:35+00:00","dateModified":"2024-08-29T10:10:10+00:00","description":"Forni Dispositif de suspension pour sac \u00e0 urine pour le lit, bleu fonc\u00e9, composition: PVC, lavage au savon ou nettoyer avec un produit d\u00e9sinfectant","breadcrumb":{"@id":"https:\/\/fornimedical.ch\/fr\/produit\/forni-dispositif-de-suspension-pour-sac-a-urine-pour-le-lit-bleu-fonce\/#breadcrumb"},"inLanguage":"fr-FR","potentialAction":[{"@type":"ReadAction","target":["https:\/\/fornimedical.ch\/fr\/produit\/forni-dispositif-de-suspension-pour-sac-a-urine-pour-le-lit-bleu-fonce\/"]}]},{"@type":"ImageObject","inLanguage":"fr-FR","@id":"https:\/\/fornimedical.ch\/fr\/produit\/forni-dispositif-de-suspension-pour-sac-a-urine-pour-le-lit-bleu-fonce\/#primaryimage","url":"https:\/\/fornimedical.ch\/wp-content\/uploads\/2024\/04\/forni_medical_urinbeutelaufhaenger_dunkelblau.jpg","contentUrl":"https:\/\/fornimedical.ch\/wp-content\/uploads\/2024\/04\/forni_medical_urinbeutelaufhaenger_dunkelblau.jpg","width":2481,"height":1487,"caption":"Forni Medical Urinbeutelaufh\u00e4nger f\u00fcr das Bett, dunkelblau"},{"@type":"BreadcrumbList","@id":"https:\/\/fornimedical.ch\/fr\/produit\/forni-dispositif-de-suspension-pour-sac-a-urine-pour-le-lit-bleu-fonce\/#breadcrumb","itemListElement":[{"@type":"ListItem","position":1,"name":"Home","item":"https:\/\/fornimedical.ch\/fr\/"},{"@type":"ListItem","position":2,"name":"Archives boutique en ligne","item":"https:\/\/fornimedical.ch\/fr\/archives-boutique-en-ligne\/"},{"@type":"ListItem","position":3,"name":"Forni Dispositif de suspension pour sac \u00e0 urine pour le lit, bleu fonc\u00e9"}]},{"@type":"WebSite","@id":"https:\/\/fornimedical.ch\/fr\/#website","url":"https:\/\/fornimedical.ch\/fr\/","name":"Forni Medical GmbH","description":"","publisher":{"@id":"https:\/\/fornimedical.ch\/fr\/#organization"},"potentialAction":[{"@type":"SearchAction","target":{"@type":"EntryPoint","urlTemplate":"https:\/\/fornimedical.ch\/fr\/?s={search_term_string}"},"query-input":{"@type":"PropertyValueSpecification","valueRequired":true,"valueName":"search_term_string"}}],"inLanguage":"fr-FR"},{"@type":"Organization","@id":"https:\/\/fornimedical.ch\/fr\/#organization","name":"Forni Medical GmbH","url":"https:\/\/fornimedical.ch\/fr\/","logo":{"@type":"ImageObject","inLanguage":"fr-FR","@id":"https:\/\/fornimedical.ch\/fr\/#\/schema\/logo\/image\/","url":"https:\/\/fornimedical.ch\/wp-content\/uploads\/2023\/08\/logo.svg","contentUrl":"https:\/\/fornimedical.ch\/wp-content\/uploads\/2023\/08\/logo.svg","caption":"Forni Medical GmbH"},"image":{"@id":"https:\/\/fornimedical.ch\/fr\/#\/schema\/logo\/image\/"}}]}},"_links":{"self":[{"href":"https:\/\/fornimedical.ch\/fr\/wp-json\/wp\/v2\/product\/7316","targetHints":{"allow":["GET"]}}],"collection":[{"href":"https:\/\/fornimedical.ch\/fr\/wp-json\/wp\/v2\/product"}],"about":[{"href":"https:\/\/fornimedical.ch\/fr\/wp-json\/wp\/v2\/types\/product"}],"replies":[{"embeddable":true,"href":"https:\/\/fornimedical.ch\/fr\/wp-json\/wp\/v2\/comments?post=7316"}],"wp:featuredmedia":[{"embeddable":true,"href":"https:\/\/fornimedical.ch\/fr\/wp-json\/wp\/v2\/media\/3471"}],"wp:attachment":[{"href":"https:\/\/fornimedical.ch\/fr\/wp-json\/wp\/v2\/media?parent=7316"}],"wp:term":[{"taxonomy":"product_brand","embeddable":true,"href":"https:\/\/fornimedical.ch\/fr\/wp-json\/wp\/v2\/product_brand?post=7316"},{"taxonomy":"product_cat","embeddable":true,"href":"https:\/\/fornimedical.ch\/fr\/wp-json\/wp\/v2\/product_cat?post=7316"},{"taxonomy":"product_tag","embeddable":true,"href":"https:\/\/fornimedical.ch\/fr\/wp-json\/wp\/v2\/product_tag?post=7316"}],"curies":[{"name":"wp","href":"https:\/\/api.w.org\/{rel}","templated":true}]}}