{"id":7302,"date":"2024-04-08T13:43:13","date_gmt":"2024-04-08T11:43:13","guid":{"rendered":"https:\/\/fornimedical.ch\/product\/novasovan-ag-soft-touch-ligne-argent-pansement-pour-fistule-avec-argent-et-silicone-non-tisse-sterile\/"},"modified":"2024-08-27T10:38:18","modified_gmt":"2024-08-27T10:38:18","slug":"novasovan-ag-soft-touch-ligne-argent-pansement-pour-fistule-avec-argent-et-silicone-non-tisse-sterile","status":"publish","type":"product","link":"https:\/\/fornimedical.ch\/fr\/produit\/novasovan-ag-soft-touch-ligne-argent-pansement-pour-fistule-avec-argent-et-silicone-non-tisse-sterile\/","title":{"rendered":"NOVASOVAN AG SOFT\u00a0TOUCH (ligne argent), pansement pour fistule avec argent et silicone, non tiss\u00e9, st\u00e9rile"},"content":{"rendered":"<p>NOVASOVAN AG SOFT TOUCH est un pansement absorbant, non adh\u00e9rent et lib\u00e9rant des ions argent en non-tiss\u00e9 dot\u00e9 de la technologie \u00abSoftTouch\u00bb.<\/p>\n<ul>\n<li>Pour l\u2019h\u00e9mostase compressive des acc\u00e8s vasculaires et pour contenir les exsudats \u00e0 la fin des traitements de dialyse, des traitements intraveineux ou des transfusions.<\/li>\n<li>Particuli\u00e8rement adapt\u00e9 aux soins des patients n\u00e9cessitant des pansements fr\u00e9quents au niveau des points de piq\u00fbre et pr\u00e9sentant des probl\u00e8mes de MARSI (Medical Adhesive Related Skin Injuries).<\/li>\n<li>Solution optimale pour les peaux s\u00e8ches ou squameuses, typiques des patients sous dialyse ou sous traitement oncologique, par exemple.<\/li>\n<\/ul>\n","protected":false},"excerpt":{"rendered":"<p>Pansement absorbant (2,8\u00a0x\u00a02,8\u00a0cm) avec film lib\u00e9rant des ions argent, non adh\u00e9rent (5\u00a0x\u00a07,2\u00a0cm) en non-tiss\u00e9<\/p>\n","protected":false},"featured_media":3545,"comment_status":"closed","ping_status":"closed","template":"","meta":{"_acf_changed":false,"site-sidebar-layout":"default","site-content-layout":"","ast-site-content-layout":"default","site-content-style":"default","site-sidebar-style":"default","ast-global-header-display":"","ast-banner-title-visibility":"","ast-main-header-display":"","ast-hfb-above-header-display":"","ast-hfb-below-header-display":"","ast-hfb-mobile-header-display":"","site-post-title":"","ast-breadcrumbs-content":"","ast-featured-img":"","footer-sml-layout":"","theme-transparent-header-meta":"default","adv-header-id-meta":"","stick-header-meta":"","header-above-stick-meta":"","header-main-stick-meta":"","header-below-stick-meta":"","astra-migrate-meta-layouts":"set","ast-page-background-enabled":"default","ast-page-background-meta":{"desktop":{"background-color":"var(--ast-global-color-4)","background-image":"","background-repeat":"repeat","background-position":"center center","background-size":"auto","background-attachment":"scroll","background-type":"","background-media":"","overlay-type":"","overlay-color":"","overlay-opacity":"","overlay-gradient":""},"tablet":{"background-color":"","background-image":"","background-repeat":"repeat","background-position":"center center","background-size":"auto","background-attachment":"scroll","background-type":"","background-media":"","overlay-type":"","overlay-color":"","overlay-opacity":"","overlay-gradient":""},"mobile":{"background-color":"","background-image":"","background-repeat":"repeat","background-position":"center center","background-size":"auto","background-attachment":"scroll","background-type":"","background-media":"","overlay-type":"","overlay-color":"","overlay-opacity":"","overlay-gradient":""}},"ast-content-background-meta":{"desktop":{"background-color":"var(--ast-global-color-5)","background-image":"","background-repeat":"repeat","background-position":"center center","background-size":"auto","background-attachment":"scroll","background-type":"","background-media":"","overlay-type":"","overlay-color":"","overlay-opacity":"","overlay-gradient":""},"tablet":{"background-color":"var(--ast-global-color-5)","background-image":"","background-repeat":"repeat","background-position":"center center","background-size":"auto","background-attachment":"scroll","background-type":"","background-media":"","overlay-type":"","overlay-color":"","overlay-opacity":"","overlay-gradient":""},"mobile":{"background-color":"var(--ast-global-color-5)","background-image":"","background-repeat":"repeat","background-position":"center center","background-size":"auto","background-attachment":"scroll","background-type":"","background-media":"","overlay-type":"","overlay-color":"","overlay-opacity":"","overlay-gradient":""}}},"product_brand":[],"product_cat":[100],"product_tag":[],"class_list":{"0":"post-7302","1":"product","2":"type-product","3":"status-publish","4":"has-post-thumbnail","6":"product_cat-fistelpflaster-mit-silber-und-silikon","7":"desktop-align-left","8":"tablet-align-left","9":"mobile-align-left","11":"first","12":"instock","13":"taxable","14":"shipping-taxable","15":"purchasable","16":"product-type-variable","17":"has-default-attributes","18":"add-to-wishlist-before_image"},"acf":[],"yoast_head":"<!-- This site is optimized with the Yoast SEO plugin v26.5 - https:\/\/yoast.com\/wordpress\/plugins\/seo\/ -->\n<title>NOVASOVAN AG SOFT TOUCH, pansement pour fistule, argent et silicone<\/title>\n<meta name=\"description\" content=\"NOVASOVAN AG (ligne argent), pansement absorbant (2,8 x 2,8\u00a0cm) avec film lib\u00e9rant des ions argent, non adh\u00e9rent (5 x 7,2\u00a0cm) en non-tiss\u00e9\" \/>\n<meta name=\"robots\" content=\"index, follow, max-snippet:-1, max-image-preview:large, max-video-preview:-1\" \/>\n<link rel=\"canonical\" href=\"https:\/\/fornimedical.ch\/fr\/produit\/novasovan-ag-soft-touch-ligne-argent-pansement-pour-fistule-avec-argent-et-silicone-non-tisse-sterile\/\" \/>\n<meta property=\"og:locale\" content=\"fr_FR\" \/>\n<meta property=\"og:type\" content=\"article\" \/>\n<meta property=\"og:title\" content=\"NOVASOVAN AG SOFT TOUCH, pansement pour fistule, argent et silicone\" \/>\n<meta property=\"og:description\" content=\"NOVASOVAN AG (ligne argent), pansement absorbant (2,8 x 2,8\u00a0cm) avec film lib\u00e9rant des ions argent, non adh\u00e9rent (5 x 7,2\u00a0cm) en non-tiss\u00e9\" \/>\n<meta property=\"og:url\" content=\"https:\/\/fornimedical.ch\/fr\/produit\/novasovan-ag-soft-touch-ligne-argent-pansement-pour-fistule-avec-argent-et-silicone-non-tisse-sterile\/\" \/>\n<meta property=\"og:site_name\" content=\"Forni Medical GmbH\" \/>\n<meta property=\"article:modified_time\" content=\"2024-08-27T10:38:18+00:00\" \/>\n<meta property=\"og:image\" content=\"https:\/\/fornimedical.ch\/wp-content\/uploads\/2024\/04\/forni-medical_emodial_novasovan-ag-softouch_fistelpflaster-mit-silber-und-silikon_steril.jpg\" \/>\n\t<meta property=\"og:image:width\" content=\"2481\" \/>\n\t<meta property=\"og:image:height\" content=\"1487\" \/>\n\t<meta property=\"og:image:type\" content=\"image\/jpeg\" \/>\n<meta name=\"twitter:card\" content=\"summary_large_image\" \/>\n<meta name=\"twitter:label1\" content=\"Dur\u00e9e de lecture estim\u00e9e\" \/>\n\t<meta name=\"twitter:data1\" content=\"1 minute\" \/>\n<script type=\"application\/ld+json\" class=\"yoast-schema-graph\">{\"@context\":\"https:\/\/schema.org\",\"@graph\":[{\"@type\":\"WebPage\",\"@id\":\"https:\/\/fornimedical.ch\/fr\/produit\/novasovan-ag-soft-touch-ligne-argent-pansement-pour-fistule-avec-argent-et-silicone-non-tisse-sterile\/\",\"url\":\"https:\/\/fornimedical.ch\/fr\/produit\/novasovan-ag-soft-touch-ligne-argent-pansement-pour-fistule-avec-argent-et-silicone-non-tisse-sterile\/\",\"name\":\"NOVASOVAN AG SOFT TOUCH, pansement pour fistule, argent et silicone\",\"isPartOf\":{\"@id\":\"https:\/\/fornimedical.ch\/fr\/#website\"},\"primaryImageOfPage\":{\"@id\":\"https:\/\/fornimedical.ch\/fr\/produit\/novasovan-ag-soft-touch-ligne-argent-pansement-pour-fistule-avec-argent-et-silicone-non-tisse-sterile\/#primaryimage\"},\"image\":{\"@id\":\"https:\/\/fornimedical.ch\/fr\/produit\/novasovan-ag-soft-touch-ligne-argent-pansement-pour-fistule-avec-argent-et-silicone-non-tisse-sterile\/#primaryimage\"},\"thumbnailUrl\":\"https:\/\/fornimedical.ch\/wp-content\/uploads\/2024\/04\/forni-medical_emodial_novasovan-ag-softouch_fistelpflaster-mit-silber-und-silikon_steril.jpg\",\"datePublished\":\"2024-04-08T11:43:13+00:00\",\"dateModified\":\"2024-08-27T10:38:18+00:00\",\"description\":\"NOVASOVAN AG (ligne argent), pansement absorbant (2,8 x 2,8\u00a0cm) avec film lib\u00e9rant des ions argent, non adh\u00e9rent (5 x 7,2\u00a0cm) en non-tiss\u00e9\",\"breadcrumb\":{\"@id\":\"https:\/\/fornimedical.ch\/fr\/produit\/novasovan-ag-soft-touch-ligne-argent-pansement-pour-fistule-avec-argent-et-silicone-non-tisse-sterile\/#breadcrumb\"},\"inLanguage\":\"fr-FR\",\"potentialAction\":[{\"@type\":\"ReadAction\",\"target\":[\"https:\/\/fornimedical.ch\/fr\/produit\/novasovan-ag-soft-touch-ligne-argent-pansement-pour-fistule-avec-argent-et-silicone-non-tisse-sterile\/\"]}]},{\"@type\":\"ImageObject\",\"inLanguage\":\"fr-FR\",\"@id\":\"https:\/\/fornimedical.ch\/fr\/produit\/novasovan-ag-soft-touch-ligne-argent-pansement-pour-fistule-avec-argent-et-silicone-non-tisse-sterile\/#primaryimage\",\"url\":\"https:\/\/fornimedical.ch\/wp-content\/uploads\/2024\/04\/forni-medical_emodial_novasovan-ag-softouch_fistelpflaster-mit-silber-und-silikon_steril.jpg\",\"contentUrl\":\"https:\/\/fornimedical.ch\/wp-content\/uploads\/2024\/04\/forni-medical_emodial_novasovan-ag-softouch_fistelpflaster-mit-silber-und-silikon_steril.jpg\",\"width\":2481,\"height\":1487,\"caption\":\"Forni Medical Emodial NOVASOVAN AG SOFT TOUCH (Silverline), Fistelpflaster mit Silber und Silikon, Vlies, steril\"},{\"@type\":\"BreadcrumbList\",\"@id\":\"https:\/\/fornimedical.ch\/fr\/produit\/novasovan-ag-soft-touch-ligne-argent-pansement-pour-fistule-avec-argent-et-silicone-non-tisse-sterile\/#breadcrumb\",\"itemListElement\":[{\"@type\":\"ListItem\",\"position\":1,\"name\":\"Home\",\"item\":\"https:\/\/fornimedical.ch\/fr\/\"},{\"@type\":\"ListItem\",\"position\":2,\"name\":\"Archives boutique en ligne\",\"item\":\"https:\/\/fornimedical.ch\/fr\/archives-boutique-en-ligne\/\"},{\"@type\":\"ListItem\",\"position\":3,\"name\":\"NOVASOVAN AG SOFT\u00a0TOUCH (ligne argent), pansement pour fistule avec argent et silicone, non tiss\u00e9, st\u00e9rile\"}]},{\"@type\":\"WebSite\",\"@id\":\"https:\/\/fornimedical.ch\/fr\/#website\",\"url\":\"https:\/\/fornimedical.ch\/fr\/\",\"name\":\"Forni Medical GmbH\",\"description\":\"\",\"publisher\":{\"@id\":\"https:\/\/fornimedical.ch\/fr\/#organization\"},\"potentialAction\":[{\"@type\":\"SearchAction\",\"target\":{\"@type\":\"EntryPoint\",\"urlTemplate\":\"https:\/\/fornimedical.ch\/fr\/?s={search_term_string}\"},\"query-input\":{\"@type\":\"PropertyValueSpecification\",\"valueRequired\":true,\"valueName\":\"search_term_string\"}}],\"inLanguage\":\"fr-FR\"},{\"@type\":\"Organization\",\"@id\":\"https:\/\/fornimedical.ch\/fr\/#organization\",\"name\":\"Forni Medical GmbH\",\"url\":\"https:\/\/fornimedical.ch\/fr\/\",\"logo\":{\"@type\":\"ImageObject\",\"inLanguage\":\"fr-FR\",\"@id\":\"https:\/\/fornimedical.ch\/fr\/#\/schema\/logo\/image\/\",\"url\":\"https:\/\/fornimedical.ch\/wp-content\/uploads\/2023\/08\/logo.svg\",\"contentUrl\":\"https:\/\/fornimedical.ch\/wp-content\/uploads\/2023\/08\/logo.svg\",\"caption\":\"Forni Medical GmbH\"},\"image\":{\"@id\":\"https:\/\/fornimedical.ch\/fr\/#\/schema\/logo\/image\/\"}}]}<\/script>\n<!-- \/ Yoast SEO plugin. -->","yoast_head_json":{"title":"NOVASOVAN AG SOFT TOUCH, pansement pour fistule, argent et silicone","description":"NOVASOVAN AG (ligne argent), pansement absorbant (2,8 x 2,8\u00a0cm) avec film lib\u00e9rant des ions argent, non adh\u00e9rent (5 x 7,2\u00a0cm) en non-tiss\u00e9","robots":{"index":"index","follow":"follow","max-snippet":"max-snippet:-1","max-image-preview":"max-image-preview:large","max-video-preview":"max-video-preview:-1"},"canonical":"https:\/\/fornimedical.ch\/fr\/produit\/novasovan-ag-soft-touch-ligne-argent-pansement-pour-fistule-avec-argent-et-silicone-non-tisse-sterile\/","og_locale":"fr_FR","og_type":"article","og_title":"NOVASOVAN AG SOFT TOUCH, pansement pour fistule, argent et silicone","og_description":"NOVASOVAN AG (ligne argent), pansement absorbant (2,8 x 2,8\u00a0cm) avec film lib\u00e9rant des ions argent, non adh\u00e9rent (5 x 7,2\u00a0cm) en non-tiss\u00e9","og_url":"https:\/\/fornimedical.ch\/fr\/produit\/novasovan-ag-soft-touch-ligne-argent-pansement-pour-fistule-avec-argent-et-silicone-non-tisse-sterile\/","og_site_name":"Forni Medical GmbH","article_modified_time":"2024-08-27T10:38:18+00:00","og_image":[{"width":2481,"height":1487,"url":"https:\/\/fornimedical.ch\/wp-content\/uploads\/2024\/04\/forni-medical_emodial_novasovan-ag-softouch_fistelpflaster-mit-silber-und-silikon_steril.jpg","type":"image\/jpeg"}],"twitter_card":"summary_large_image","twitter_misc":{"Dur\u00e9e de lecture estim\u00e9e":"1 minute"},"schema":{"@context":"https:\/\/schema.org","@graph":[{"@type":"WebPage","@id":"https:\/\/fornimedical.ch\/fr\/produit\/novasovan-ag-soft-touch-ligne-argent-pansement-pour-fistule-avec-argent-et-silicone-non-tisse-sterile\/","url":"https:\/\/fornimedical.ch\/fr\/produit\/novasovan-ag-soft-touch-ligne-argent-pansement-pour-fistule-avec-argent-et-silicone-non-tisse-sterile\/","name":"NOVASOVAN AG SOFT TOUCH, pansement pour fistule, argent et silicone","isPartOf":{"@id":"https:\/\/fornimedical.ch\/fr\/#website"},"primaryImageOfPage":{"@id":"https:\/\/fornimedical.ch\/fr\/produit\/novasovan-ag-soft-touch-ligne-argent-pansement-pour-fistule-avec-argent-et-silicone-non-tisse-sterile\/#primaryimage"},"image":{"@id":"https:\/\/fornimedical.ch\/fr\/produit\/novasovan-ag-soft-touch-ligne-argent-pansement-pour-fistule-avec-argent-et-silicone-non-tisse-sterile\/#primaryimage"},"thumbnailUrl":"https:\/\/fornimedical.ch\/wp-content\/uploads\/2024\/04\/forni-medical_emodial_novasovan-ag-softouch_fistelpflaster-mit-silber-und-silikon_steril.jpg","datePublished":"2024-04-08T11:43:13+00:00","dateModified":"2024-08-27T10:38:18+00:00","description":"NOVASOVAN AG (ligne argent), pansement absorbant (2,8 x 2,8\u00a0cm) avec film lib\u00e9rant des ions argent, non adh\u00e9rent (5 x 7,2\u00a0cm) en non-tiss\u00e9","breadcrumb":{"@id":"https:\/\/fornimedical.ch\/fr\/produit\/novasovan-ag-soft-touch-ligne-argent-pansement-pour-fistule-avec-argent-et-silicone-non-tisse-sterile\/#breadcrumb"},"inLanguage":"fr-FR","potentialAction":[{"@type":"ReadAction","target":["https:\/\/fornimedical.ch\/fr\/produit\/novasovan-ag-soft-touch-ligne-argent-pansement-pour-fistule-avec-argent-et-silicone-non-tisse-sterile\/"]}]},{"@type":"ImageObject","inLanguage":"fr-FR","@id":"https:\/\/fornimedical.ch\/fr\/produit\/novasovan-ag-soft-touch-ligne-argent-pansement-pour-fistule-avec-argent-et-silicone-non-tisse-sterile\/#primaryimage","url":"https:\/\/fornimedical.ch\/wp-content\/uploads\/2024\/04\/forni-medical_emodial_novasovan-ag-softouch_fistelpflaster-mit-silber-und-silikon_steril.jpg","contentUrl":"https:\/\/fornimedical.ch\/wp-content\/uploads\/2024\/04\/forni-medical_emodial_novasovan-ag-softouch_fistelpflaster-mit-silber-und-silikon_steril.jpg","width":2481,"height":1487,"caption":"Forni Medical Emodial NOVASOVAN AG SOFT TOUCH (Silverline), Fistelpflaster mit Silber und Silikon, Vlies, steril"},{"@type":"BreadcrumbList","@id":"https:\/\/fornimedical.ch\/fr\/produit\/novasovan-ag-soft-touch-ligne-argent-pansement-pour-fistule-avec-argent-et-silicone-non-tisse-sterile\/#breadcrumb","itemListElement":[{"@type":"ListItem","position":1,"name":"Home","item":"https:\/\/fornimedical.ch\/fr\/"},{"@type":"ListItem","position":2,"name":"Archives boutique en ligne","item":"https:\/\/fornimedical.ch\/fr\/archives-boutique-en-ligne\/"},{"@type":"ListItem","position":3,"name":"NOVASOVAN AG SOFT\u00a0TOUCH (ligne argent), pansement pour fistule avec argent et silicone, non tiss\u00e9, st\u00e9rile"}]},{"@type":"WebSite","@id":"https:\/\/fornimedical.ch\/fr\/#website","url":"https:\/\/fornimedical.ch\/fr\/","name":"Forni Medical GmbH","description":"","publisher":{"@id":"https:\/\/fornimedical.ch\/fr\/#organization"},"potentialAction":[{"@type":"SearchAction","target":{"@type":"EntryPoint","urlTemplate":"https:\/\/fornimedical.ch\/fr\/?s={search_term_string}"},"query-input":{"@type":"PropertyValueSpecification","valueRequired":true,"valueName":"search_term_string"}}],"inLanguage":"fr-FR"},{"@type":"Organization","@id":"https:\/\/fornimedical.ch\/fr\/#organization","name":"Forni Medical GmbH","url":"https:\/\/fornimedical.ch\/fr\/","logo":{"@type":"ImageObject","inLanguage":"fr-FR","@id":"https:\/\/fornimedical.ch\/fr\/#\/schema\/logo\/image\/","url":"https:\/\/fornimedical.ch\/wp-content\/uploads\/2023\/08\/logo.svg","contentUrl":"https:\/\/fornimedical.ch\/wp-content\/uploads\/2023\/08\/logo.svg","caption":"Forni Medical GmbH"},"image":{"@id":"https:\/\/fornimedical.ch\/fr\/#\/schema\/logo\/image\/"}}]}},"_links":{"self":[{"href":"https:\/\/fornimedical.ch\/fr\/wp-json\/wp\/v2\/product\/7302","targetHints":{"allow":["GET"]}}],"collection":[{"href":"https:\/\/fornimedical.ch\/fr\/wp-json\/wp\/v2\/product"}],"about":[{"href":"https:\/\/fornimedical.ch\/fr\/wp-json\/wp\/v2\/types\/product"}],"replies":[{"embeddable":true,"href":"https:\/\/fornimedical.ch\/fr\/wp-json\/wp\/v2\/comments?post=7302"}],"wp:featuredmedia":[{"embeddable":true,"href":"https:\/\/fornimedical.ch\/fr\/wp-json\/wp\/v2\/media\/3545"}],"wp:attachment":[{"href":"https:\/\/fornimedical.ch\/fr\/wp-json\/wp\/v2\/media?parent=7302"}],"wp:term":[{"taxonomy":"product_brand","embeddable":true,"href":"https:\/\/fornimedical.ch\/fr\/wp-json\/wp\/v2\/product_brand?post=7302"},{"taxonomy":"product_cat","embeddable":true,"href":"https:\/\/fornimedical.ch\/fr\/wp-json\/wp\/v2\/product_cat?post=7302"},{"taxonomy":"product_tag","embeddable":true,"href":"https:\/\/fornimedical.ch\/fr\/wp-json\/wp\/v2\/product_tag?post=7302"}],"curies":[{"name":"wp","href":"https:\/\/api.w.org\/{rel}","templated":true}]}}