{"id":7280,"date":"2024-04-09T14:14:43","date_gmt":"2024-04-09T14:14:43","guid":{"rendered":"https:\/\/fornimedical.ch\/product\/exit-pocket-wp-pochette-de-protection-pour-catheter-impermeable-hydrocolloide-non-sterile\/"},"modified":"2025-03-04T18:47:24","modified_gmt":"2025-03-04T17:47:24","slug":"exit-pocket-wp-pochette-de-protection-pour-catheter-impermeable-hydrocolloide-non-sterile","status":"publish","type":"product","link":"https:\/\/fornimedical.ch\/fr\/produit\/exit-pocket-wp-pochette-de-protection-pour-catheter-impermeable-hydrocolloide-non-sterile\/","title":{"rendered":"Exit-Pocket WP, pochette de protection pour cath\u00e9ter imperm\u00e9able (hydrocollo\u00efde), non st\u00e9rile"},"content":{"rendered":"<p>Exit-Pocket WP est une poche \u00e9tanche, ferm\u00e9e sur quatre c\u00f4t\u00e9s, avec une ouverture adh\u00e9sive pour la fixer sur la peau. Elle sert \u00e0 confiner les extr\u00e9mit\u00e9s du cath\u00e9ter lors des soins d\u2019hygi\u00e8ne du patient (bain et douche) et lors d\u2019activit\u00e9s aquatiques (plong\u00e9e en mer ou en piscine). Veuillez observer le mode d&#8217;emploi. Apr\u00e8s avoir plac\u00e9 la poche, attendre 10 minutes avant de prendre une douche ou d\u2019aller dans l\u2019eau. La poche ne peut rester sur la peau que pendant 4 heures.<\/p>\n","protected":false},"excerpt":{"rendered":"<p>pour dialyse h\u00e9mo- et p\u00e9riton\u00e9ale, pour la douche et le bain, \u00e0 usage unique<\/p>\n","protected":false},"featured_media":3597,"comment_status":"closed","ping_status":"closed","template":"","meta":{"_acf_changed":false,"site-sidebar-layout":"default","site-content-layout":"","ast-site-content-layout":"default","site-content-style":"default","site-sidebar-style":"default","ast-global-header-display":"","ast-banner-title-visibility":"","ast-main-header-display":"","ast-hfb-above-header-display":"","ast-hfb-below-header-display":"","ast-hfb-mobile-header-display":"","site-post-title":"","ast-breadcrumbs-content":"","ast-featured-img":"","footer-sml-layout":"","theme-transparent-header-meta":"default","adv-header-id-meta":"","stick-header-meta":"","header-above-stick-meta":"","header-main-stick-meta":"","header-below-stick-meta":"","astra-migrate-meta-layouts":"set","ast-page-background-enabled":"default","ast-page-background-meta":{"desktop":{"background-color":"var(--ast-global-color-4)","background-image":"","background-repeat":"repeat","background-position":"center center","background-size":"auto","background-attachment":"scroll","background-type":"","background-media":"","overlay-type":"","overlay-color":"","overlay-opacity":"","overlay-gradient":""},"tablet":{"background-color":"","background-image":"","background-repeat":"repeat","background-position":"center center","background-size":"auto","background-attachment":"scroll","background-type":"","background-media":"","overlay-type":"","overlay-color":"","overlay-opacity":"","overlay-gradient":""},"mobile":{"background-color":"","background-image":"","background-repeat":"repeat","background-position":"center center","background-size":"auto","background-attachment":"scroll","background-type":"","background-media":"","overlay-type":"","overlay-color":"","overlay-opacity":"","overlay-gradient":""}},"ast-content-background-meta":{"desktop":{"background-color":"var(--ast-global-color-5)","background-image":"","background-repeat":"repeat","background-position":"center center","background-size":"auto","background-attachment":"scroll","background-type":"","background-media":"","overlay-type":"","overlay-color":"","overlay-opacity":"","overlay-gradient":""},"tablet":{"background-color":"var(--ast-global-color-5)","background-image":"","background-repeat":"repeat","background-position":"center center","background-size":"auto","background-attachment":"scroll","background-type":"","background-media":"","overlay-type":"","overlay-color":"","overlay-opacity":"","overlay-gradient":""},"mobile":{"background-color":"var(--ast-global-color-5)","background-image":"","background-repeat":"repeat","background-position":"center center","background-size":"auto","background-attachment":"scroll","background-type":"","background-media":"","overlay-type":"","overlay-color":"","overlay-opacity":"","overlay-gradient":""}}},"product_brand":[],"product_cat":[105],"product_tag":[],"class_list":{"0":"post-7280","1":"product","2":"type-product","3":"status-publish","4":"has-post-thumbnail","6":"product_cat-katheter-schutzbeutel","7":"desktop-align-left","8":"tablet-align-left","9":"mobile-align-left","11":"first","12":"instock","13":"taxable","14":"shipping-taxable","15":"purchasable","16":"product-type-variable","17":"add-to-wishlist-before_image"},"acf":[],"yoast_head":"<!-- This site is optimized with the Yoast SEO plugin v26.5 - https:\/\/yoast.com\/wordpress\/plugins\/seo\/ -->\n<title>Exit-Pocket WP, pochette de protection pour cath\u00e9ter imperm\u00e9able, non st\u00e9rile<\/title>\n<meta name=\"description\" content=\"Exit-Pocket WP, pochette de protection pour cath\u00e9ter imperm\u00e9able (hydrocollo\u00efde) pour dialyse h\u00e9mo- et p\u00e9riton\u00e9ale, non st\u00e9rile, \u00e0 usage unique\" \/>\n<meta name=\"robots\" content=\"index, follow, max-snippet:-1, max-image-preview:large, max-video-preview:-1\" \/>\n<link rel=\"canonical\" href=\"https:\/\/fornimedical.ch\/fr\/produit\/exit-pocket-wp-pochette-de-protection-pour-catheter-impermeable-hydrocolloide-non-sterile\/\" \/>\n<meta property=\"og:locale\" content=\"fr_FR\" \/>\n<meta property=\"og:type\" content=\"article\" \/>\n<meta property=\"og:title\" content=\"Exit-Pocket WP, pochette de protection pour cath\u00e9ter imperm\u00e9able, non st\u00e9rile\" \/>\n<meta property=\"og:description\" content=\"Exit-Pocket WP, pochette de protection pour cath\u00e9ter imperm\u00e9able (hydrocollo\u00efde) pour dialyse h\u00e9mo- et p\u00e9riton\u00e9ale, non st\u00e9rile, \u00e0 usage unique\" \/>\n<meta property=\"og:url\" content=\"https:\/\/fornimedical.ch\/fr\/produit\/exit-pocket-wp-pochette-de-protection-pour-catheter-impermeable-hydrocolloide-non-sterile\/\" \/>\n<meta property=\"og:site_name\" content=\"Forni Medical GmbH\" \/>\n<meta property=\"article:modified_time\" content=\"2025-03-04T17:47:24+00:00\" \/>\n<meta property=\"og:image\" content=\"https:\/\/fornimedical.ch\/wp-content\/uploads\/2024\/04\/forni-medical_emodial_exit-pocket-wp_katheterschutzbeutel.jpg\" \/>\n\t<meta property=\"og:image:width\" content=\"2481\" \/>\n\t<meta property=\"og:image:height\" content=\"1487\" \/>\n\t<meta property=\"og:image:type\" content=\"image\/jpeg\" \/>\n<meta name=\"twitter:card\" content=\"summary_large_image\" \/>\n<meta name=\"twitter:label1\" content=\"Dur\u00e9e de lecture estim\u00e9e\" \/>\n\t<meta name=\"twitter:data1\" content=\"1 minute\" \/>\n<script type=\"application\/ld+json\" class=\"yoast-schema-graph\">{\"@context\":\"https:\/\/schema.org\",\"@graph\":[{\"@type\":\"WebPage\",\"@id\":\"https:\/\/fornimedical.ch\/fr\/produit\/exit-pocket-wp-pochette-de-protection-pour-catheter-impermeable-hydrocolloide-non-sterile\/\",\"url\":\"https:\/\/fornimedical.ch\/fr\/produit\/exit-pocket-wp-pochette-de-protection-pour-catheter-impermeable-hydrocolloide-non-sterile\/\",\"name\":\"Exit-Pocket WP, pochette de protection pour cath\u00e9ter imperm\u00e9able, non st\u00e9rile\",\"isPartOf\":{\"@id\":\"https:\/\/fornimedical.ch\/fr\/#website\"},\"primaryImageOfPage\":{\"@id\":\"https:\/\/fornimedical.ch\/fr\/produit\/exit-pocket-wp-pochette-de-protection-pour-catheter-impermeable-hydrocolloide-non-sterile\/#primaryimage\"},\"image\":{\"@id\":\"https:\/\/fornimedical.ch\/fr\/produit\/exit-pocket-wp-pochette-de-protection-pour-catheter-impermeable-hydrocolloide-non-sterile\/#primaryimage\"},\"thumbnailUrl\":\"https:\/\/fornimedical.ch\/wp-content\/uploads\/2024\/04\/forni-medical_emodial_exit-pocket-wp_katheterschutzbeutel.jpg\",\"datePublished\":\"2024-04-09T14:14:43+00:00\",\"dateModified\":\"2025-03-04T17:47:24+00:00\",\"description\":\"Exit-Pocket WP, pochette de protection pour cath\u00e9ter imperm\u00e9able (hydrocollo\u00efde) pour dialyse h\u00e9mo- et p\u00e9riton\u00e9ale, non st\u00e9rile, \u00e0 usage unique\",\"breadcrumb\":{\"@id\":\"https:\/\/fornimedical.ch\/fr\/produit\/exit-pocket-wp-pochette-de-protection-pour-catheter-impermeable-hydrocolloide-non-sterile\/#breadcrumb\"},\"inLanguage\":\"fr-FR\",\"potentialAction\":[{\"@type\":\"ReadAction\",\"target\":[\"https:\/\/fornimedical.ch\/fr\/produit\/exit-pocket-wp-pochette-de-protection-pour-catheter-impermeable-hydrocolloide-non-sterile\/\"]}]},{\"@type\":\"ImageObject\",\"inLanguage\":\"fr-FR\",\"@id\":\"https:\/\/fornimedical.ch\/fr\/produit\/exit-pocket-wp-pochette-de-protection-pour-catheter-impermeable-hydrocolloide-non-sterile\/#primaryimage\",\"url\":\"https:\/\/fornimedical.ch\/wp-content\/uploads\/2024\/04\/forni-medical_emodial_exit-pocket-wp_katheterschutzbeutel.jpg\",\"contentUrl\":\"https:\/\/fornimedical.ch\/wp-content\/uploads\/2024\/04\/forni-medical_emodial_exit-pocket-wp_katheterschutzbeutel.jpg\",\"width\":2481,\"height\":1487,\"caption\":\"Forni Medical Emodial Exit-Pocket WP, wasserdichter Katheter-Schutzbeutel (Hydrokolloid), unsteril\"},{\"@type\":\"BreadcrumbList\",\"@id\":\"https:\/\/fornimedical.ch\/fr\/produit\/exit-pocket-wp-pochette-de-protection-pour-catheter-impermeable-hydrocolloide-non-sterile\/#breadcrumb\",\"itemListElement\":[{\"@type\":\"ListItem\",\"position\":1,\"name\":\"Home\",\"item\":\"https:\/\/fornimedical.ch\/fr\/\"},{\"@type\":\"ListItem\",\"position\":2,\"name\":\"Archives boutique en ligne\",\"item\":\"https:\/\/fornimedical.ch\/fr\/archives-boutique-en-ligne\/\"},{\"@type\":\"ListItem\",\"position\":3,\"name\":\"Exit-Pocket WP, pochette de protection pour cath\u00e9ter imperm\u00e9able (hydrocollo\u00efde), non st\u00e9rile\"}]},{\"@type\":\"WebSite\",\"@id\":\"https:\/\/fornimedical.ch\/fr\/#website\",\"url\":\"https:\/\/fornimedical.ch\/fr\/\",\"name\":\"Forni Medical GmbH\",\"description\":\"\",\"publisher\":{\"@id\":\"https:\/\/fornimedical.ch\/fr\/#organization\"},\"potentialAction\":[{\"@type\":\"SearchAction\",\"target\":{\"@type\":\"EntryPoint\",\"urlTemplate\":\"https:\/\/fornimedical.ch\/fr\/?s={search_term_string}\"},\"query-input\":{\"@type\":\"PropertyValueSpecification\",\"valueRequired\":true,\"valueName\":\"search_term_string\"}}],\"inLanguage\":\"fr-FR\"},{\"@type\":\"Organization\",\"@id\":\"https:\/\/fornimedical.ch\/fr\/#organization\",\"name\":\"Forni Medical GmbH\",\"url\":\"https:\/\/fornimedical.ch\/fr\/\",\"logo\":{\"@type\":\"ImageObject\",\"inLanguage\":\"fr-FR\",\"@id\":\"https:\/\/fornimedical.ch\/fr\/#\/schema\/logo\/image\/\",\"url\":\"https:\/\/fornimedical.ch\/wp-content\/uploads\/2023\/08\/logo.svg\",\"contentUrl\":\"https:\/\/fornimedical.ch\/wp-content\/uploads\/2023\/08\/logo.svg\",\"caption\":\"Forni Medical GmbH\"},\"image\":{\"@id\":\"https:\/\/fornimedical.ch\/fr\/#\/schema\/logo\/image\/\"}}]}<\/script>\n<!-- \/ Yoast SEO plugin. -->","yoast_head_json":{"title":"Exit-Pocket WP, pochette de protection pour cath\u00e9ter imperm\u00e9able, non st\u00e9rile","description":"Exit-Pocket WP, pochette de protection pour cath\u00e9ter imperm\u00e9able (hydrocollo\u00efde) pour dialyse h\u00e9mo- et p\u00e9riton\u00e9ale, non st\u00e9rile, \u00e0 usage unique","robots":{"index":"index","follow":"follow","max-snippet":"max-snippet:-1","max-image-preview":"max-image-preview:large","max-video-preview":"max-video-preview:-1"},"canonical":"https:\/\/fornimedical.ch\/fr\/produit\/exit-pocket-wp-pochette-de-protection-pour-catheter-impermeable-hydrocolloide-non-sterile\/","og_locale":"fr_FR","og_type":"article","og_title":"Exit-Pocket WP, pochette de protection pour cath\u00e9ter imperm\u00e9able, non st\u00e9rile","og_description":"Exit-Pocket WP, pochette de protection pour cath\u00e9ter imperm\u00e9able (hydrocollo\u00efde) pour dialyse h\u00e9mo- et p\u00e9riton\u00e9ale, non st\u00e9rile, \u00e0 usage unique","og_url":"https:\/\/fornimedical.ch\/fr\/produit\/exit-pocket-wp-pochette-de-protection-pour-catheter-impermeable-hydrocolloide-non-sterile\/","og_site_name":"Forni Medical GmbH","article_modified_time":"2025-03-04T17:47:24+00:00","og_image":[{"width":2481,"height":1487,"url":"https:\/\/fornimedical.ch\/wp-content\/uploads\/2024\/04\/forni-medical_emodial_exit-pocket-wp_katheterschutzbeutel.jpg","type":"image\/jpeg"}],"twitter_card":"summary_large_image","twitter_misc":{"Dur\u00e9e de lecture estim\u00e9e":"1 minute"},"schema":{"@context":"https:\/\/schema.org","@graph":[{"@type":"WebPage","@id":"https:\/\/fornimedical.ch\/fr\/produit\/exit-pocket-wp-pochette-de-protection-pour-catheter-impermeable-hydrocolloide-non-sterile\/","url":"https:\/\/fornimedical.ch\/fr\/produit\/exit-pocket-wp-pochette-de-protection-pour-catheter-impermeable-hydrocolloide-non-sterile\/","name":"Exit-Pocket WP, pochette de protection pour cath\u00e9ter imperm\u00e9able, non st\u00e9rile","isPartOf":{"@id":"https:\/\/fornimedical.ch\/fr\/#website"},"primaryImageOfPage":{"@id":"https:\/\/fornimedical.ch\/fr\/produit\/exit-pocket-wp-pochette-de-protection-pour-catheter-impermeable-hydrocolloide-non-sterile\/#primaryimage"},"image":{"@id":"https:\/\/fornimedical.ch\/fr\/produit\/exit-pocket-wp-pochette-de-protection-pour-catheter-impermeable-hydrocolloide-non-sterile\/#primaryimage"},"thumbnailUrl":"https:\/\/fornimedical.ch\/wp-content\/uploads\/2024\/04\/forni-medical_emodial_exit-pocket-wp_katheterschutzbeutel.jpg","datePublished":"2024-04-09T14:14:43+00:00","dateModified":"2025-03-04T17:47:24+00:00","description":"Exit-Pocket WP, pochette de protection pour cath\u00e9ter imperm\u00e9able (hydrocollo\u00efde) pour dialyse h\u00e9mo- et p\u00e9riton\u00e9ale, non st\u00e9rile, \u00e0 usage unique","breadcrumb":{"@id":"https:\/\/fornimedical.ch\/fr\/produit\/exit-pocket-wp-pochette-de-protection-pour-catheter-impermeable-hydrocolloide-non-sterile\/#breadcrumb"},"inLanguage":"fr-FR","potentialAction":[{"@type":"ReadAction","target":["https:\/\/fornimedical.ch\/fr\/produit\/exit-pocket-wp-pochette-de-protection-pour-catheter-impermeable-hydrocolloide-non-sterile\/"]}]},{"@type":"ImageObject","inLanguage":"fr-FR","@id":"https:\/\/fornimedical.ch\/fr\/produit\/exit-pocket-wp-pochette-de-protection-pour-catheter-impermeable-hydrocolloide-non-sterile\/#primaryimage","url":"https:\/\/fornimedical.ch\/wp-content\/uploads\/2024\/04\/forni-medical_emodial_exit-pocket-wp_katheterschutzbeutel.jpg","contentUrl":"https:\/\/fornimedical.ch\/wp-content\/uploads\/2024\/04\/forni-medical_emodial_exit-pocket-wp_katheterschutzbeutel.jpg","width":2481,"height":1487,"caption":"Forni Medical Emodial Exit-Pocket WP, wasserdichter Katheter-Schutzbeutel (Hydrokolloid), unsteril"},{"@type":"BreadcrumbList","@id":"https:\/\/fornimedical.ch\/fr\/produit\/exit-pocket-wp-pochette-de-protection-pour-catheter-impermeable-hydrocolloide-non-sterile\/#breadcrumb","itemListElement":[{"@type":"ListItem","position":1,"name":"Home","item":"https:\/\/fornimedical.ch\/fr\/"},{"@type":"ListItem","position":2,"name":"Archives boutique en ligne","item":"https:\/\/fornimedical.ch\/fr\/archives-boutique-en-ligne\/"},{"@type":"ListItem","position":3,"name":"Exit-Pocket WP, pochette de protection pour cath\u00e9ter imperm\u00e9able (hydrocollo\u00efde), non st\u00e9rile"}]},{"@type":"WebSite","@id":"https:\/\/fornimedical.ch\/fr\/#website","url":"https:\/\/fornimedical.ch\/fr\/","name":"Forni Medical GmbH","description":"","publisher":{"@id":"https:\/\/fornimedical.ch\/fr\/#organization"},"potentialAction":[{"@type":"SearchAction","target":{"@type":"EntryPoint","urlTemplate":"https:\/\/fornimedical.ch\/fr\/?s={search_term_string}"},"query-input":{"@type":"PropertyValueSpecification","valueRequired":true,"valueName":"search_term_string"}}],"inLanguage":"fr-FR"},{"@type":"Organization","@id":"https:\/\/fornimedical.ch\/fr\/#organization","name":"Forni Medical GmbH","url":"https:\/\/fornimedical.ch\/fr\/","logo":{"@type":"ImageObject","inLanguage":"fr-FR","@id":"https:\/\/fornimedical.ch\/fr\/#\/schema\/logo\/image\/","url":"https:\/\/fornimedical.ch\/wp-content\/uploads\/2023\/08\/logo.svg","contentUrl":"https:\/\/fornimedical.ch\/wp-content\/uploads\/2023\/08\/logo.svg","caption":"Forni Medical GmbH"},"image":{"@id":"https:\/\/fornimedical.ch\/fr\/#\/schema\/logo\/image\/"}}]}},"_links":{"self":[{"href":"https:\/\/fornimedical.ch\/fr\/wp-json\/wp\/v2\/product\/7280","targetHints":{"allow":["GET"]}}],"collection":[{"href":"https:\/\/fornimedical.ch\/fr\/wp-json\/wp\/v2\/product"}],"about":[{"href":"https:\/\/fornimedical.ch\/fr\/wp-json\/wp\/v2\/types\/product"}],"replies":[{"embeddable":true,"href":"https:\/\/fornimedical.ch\/fr\/wp-json\/wp\/v2\/comments?post=7280"}],"wp:featuredmedia":[{"embeddable":true,"href":"https:\/\/fornimedical.ch\/fr\/wp-json\/wp\/v2\/media\/3597"}],"wp:attachment":[{"href":"https:\/\/fornimedical.ch\/fr\/wp-json\/wp\/v2\/media?parent=7280"}],"wp:term":[{"taxonomy":"product_brand","embeddable":true,"href":"https:\/\/fornimedical.ch\/fr\/wp-json\/wp\/v2\/product_brand?post=7280"},{"taxonomy":"product_cat","embeddable":true,"href":"https:\/\/fornimedical.ch\/fr\/wp-json\/wp\/v2\/product_cat?post=7280"},{"taxonomy":"product_tag","embeddable":true,"href":"https:\/\/fornimedical.ch\/fr\/wp-json\/wp\/v2\/product_tag?post=7280"}],"curies":[{"name":"wp","href":"https:\/\/api.w.org\/{rel}","templated":true}]}}