{"id":7220,"date":"2024-04-13T05:24:02","date_gmt":"2024-04-13T05:24:02","guid":{"rendered":"https:\/\/fornimedical.ch\/product\/compresses-tricotees-steriles\/"},"modified":"2024-07-18T11:23:22","modified_gmt":"2024-07-18T11:23:22","slug":"compresses-tricotees-steriles","status":"publish","type":"product","link":"https:\/\/fornimedical.ch\/fr\/produit\/compresses-tricotees-steriles\/","title":{"rendered":"Compresses tricot\u00e9es, st\u00e9riles"},"content":{"rendered":"<p>Compresses tricot\u00e9es en gaze tricot\u00e9e, 24\u00a0plis, 18\u00a0fils, st\u00e9riles, tr\u00e8s absorbantes, pas de fils qui se d\u00e9tachent, ne glissent pas, ne collent pas \u00e0 la plaie. En fibres naturelles hydrophiles (100\u00a0% coton) avec tissage en mailles brevet\u00e9. Grande capacit\u00e9 d\u2019absorption neuf\u00a0fois le poids de la compresse. Recommand\u00e9 pour les patients \u00e0 la peau sensible.<\/p>\n","protected":false},"excerpt":{"rendered":"<p>Compresse tricot\u00e9e en gaze tricot\u00e9e, 10 x 20\u00a0cm, 24\u00a0plis, 18\u00a0fils, st\u00e9rile. En fibres naturelles hydrophiles (100\u00a0% coton) avec tissage en mailles brevet\u00e9. Grande capacit\u00e9 d\u2019absorption neuf\u00a0fois le poids de la compresse.<\/p>\n","protected":false},"featured_media":3754,"comment_status":"closed","ping_status":"closed","template":"","meta":{"_acf_changed":false,"site-sidebar-layout":"default","site-content-layout":"","ast-site-content-layout":"default","site-content-style":"default","site-sidebar-style":"default","ast-global-header-display":"","ast-banner-title-visibility":"","ast-main-header-display":"","ast-hfb-above-header-display":"","ast-hfb-below-header-display":"","ast-hfb-mobile-header-display":"","site-post-title":"","ast-breadcrumbs-content":"","ast-featured-img":"","footer-sml-layout":"","theme-transparent-header-meta":"default","adv-header-id-meta":"","stick-header-meta":"","header-above-stick-meta":"","header-main-stick-meta":"","header-below-stick-meta":"","astra-migrate-meta-layouts":"default","ast-page-background-enabled":"default","ast-page-background-meta":{"desktop":{"background-color":"var(--ast-global-color-4)","background-image":"","background-repeat":"repeat","background-position":"center center","background-size":"auto","background-attachment":"scroll","background-type":"","background-media":"","overlay-type":"","overlay-color":"","overlay-opacity":"","overlay-gradient":""},"tablet":{"background-color":"","background-image":"","background-repeat":"repeat","background-position":"center center","background-size":"auto","background-attachment":"scroll","background-type":"","background-media":"","overlay-type":"","overlay-color":"","overlay-opacity":"","overlay-gradient":""},"mobile":{"background-color":"","background-image":"","background-repeat":"repeat","background-position":"center center","background-size":"auto","background-attachment":"scroll","background-type":"","background-media":"","overlay-type":"","overlay-color":"","overlay-opacity":"","overlay-gradient":""}},"ast-content-background-meta":{"desktop":{"background-color":"var(--ast-global-color-5)","background-image":"","background-repeat":"repeat","background-position":"center center","background-size":"auto","background-attachment":"scroll","background-type":"","background-media":"","overlay-type":"","overlay-color":"","overlay-opacity":"","overlay-gradient":""},"tablet":{"background-color":"var(--ast-global-color-5)","background-image":"","background-repeat":"repeat","background-position":"center center","background-size":"auto","background-attachment":"scroll","background-type":"","background-media":"","overlay-type":"","overlay-color":"","overlay-opacity":"","overlay-gradient":""},"mobile":{"background-color":"var(--ast-global-color-5)","background-image":"","background-repeat":"repeat","background-position":"center center","background-size":"auto","background-attachment":"scroll","background-type":"","background-media":"","overlay-type":"","overlay-color":"","overlay-opacity":"","overlay-gradient":""}}},"product_brand":[],"product_cat":[176],"product_tag":[],"class_list":{"0":"post-7220","1":"product","2":"type-product","3":"status-publish","4":"has-post-thumbnail","6":"product_cat-kompressen","7":"desktop-align-left","8":"tablet-align-left","9":"mobile-align-left","11":"first","12":"instock","13":"taxable","14":"shipping-taxable","15":"purchasable","16":"product-type-variable","17":"has-default-attributes","18":"add-to-wishlist-before_image"},"acf":[],"yoast_head":"<!-- This site is optimized with the Yoast SEO plugin v26.5 - https:\/\/yoast.com\/wordpress\/plugins\/seo\/ -->\n<title>Compresses tricot\u00e9es, st\u00e9riles<\/title>\n<meta name=\"description\" content=\"Compresse tricot\u00e9e en gaze tricot\u00e9e, 10 x 20\u00a0cm, 24\u00a0plis, 18\u00a0fils, st\u00e9rile. En fibres naturelles hydrophiles (100\u00a0% coton) avec tissage en mailles brevet\u00e9\" \/>\n<meta name=\"robots\" content=\"index, follow, max-snippet:-1, max-image-preview:large, max-video-preview:-1\" \/>\n<link rel=\"canonical\" href=\"https:\/\/fornimedical.ch\/fr\/produit\/compresses-tricotees-steriles\/\" \/>\n<meta property=\"og:locale\" content=\"fr_FR\" \/>\n<meta property=\"og:type\" content=\"article\" \/>\n<meta property=\"og:title\" content=\"Compresses tricot\u00e9es, st\u00e9riles\" \/>\n<meta property=\"og:description\" content=\"Compresse tricot\u00e9e en gaze tricot\u00e9e, 10 x 20\u00a0cm, 24\u00a0plis, 18\u00a0fils, st\u00e9rile. En fibres naturelles hydrophiles (100\u00a0% coton) avec tissage en mailles brevet\u00e9\" \/>\n<meta property=\"og:url\" content=\"https:\/\/fornimedical.ch\/fr\/produit\/compresses-tricotees-steriles\/\" \/>\n<meta property=\"og:site_name\" content=\"Forni Medical GmbH\" \/>\n<meta property=\"article:modified_time\" content=\"2024-07-18T11:23:22+00:00\" \/>\n<meta property=\"og:image\" content=\"https:\/\/fornimedical.ch\/wp-content\/uploads\/2024\/04\/forni-medical_tricotkompressen_gestrickt.jpg\" \/>\n\t<meta property=\"og:image:width\" content=\"2481\" \/>\n\t<meta property=\"og:image:height\" content=\"1487\" \/>\n\t<meta property=\"og:image:type\" content=\"image\/jpeg\" \/>\n<meta name=\"twitter:card\" content=\"summary_large_image\" \/>\n<script type=\"application\/ld+json\" class=\"yoast-schema-graph\">{\"@context\":\"https:\/\/schema.org\",\"@graph\":[{\"@type\":\"WebPage\",\"@id\":\"https:\/\/fornimedical.ch\/fr\/produit\/compresses-tricotees-steriles\/\",\"url\":\"https:\/\/fornimedical.ch\/fr\/produit\/compresses-tricotees-steriles\/\",\"name\":\"Compresses tricot\u00e9es, st\u00e9riles\",\"isPartOf\":{\"@id\":\"https:\/\/fornimedical.ch\/fr\/#website\"},\"primaryImageOfPage\":{\"@id\":\"https:\/\/fornimedical.ch\/fr\/produit\/compresses-tricotees-steriles\/#primaryimage\"},\"image\":{\"@id\":\"https:\/\/fornimedical.ch\/fr\/produit\/compresses-tricotees-steriles\/#primaryimage\"},\"thumbnailUrl\":\"https:\/\/fornimedical.ch\/wp-content\/uploads\/2024\/04\/forni-medical_tricotkompressen_gestrickt.jpg\",\"datePublished\":\"2024-04-13T05:24:02+00:00\",\"dateModified\":\"2024-07-18T11:23:22+00:00\",\"description\":\"Compresse tricot\u00e9e en gaze tricot\u00e9e, 10 x 20\u00a0cm, 24\u00a0plis, 18\u00a0fils, st\u00e9rile. En fibres naturelles hydrophiles (100\u00a0% coton) avec tissage en mailles brevet\u00e9\",\"breadcrumb\":{\"@id\":\"https:\/\/fornimedical.ch\/fr\/produit\/compresses-tricotees-steriles\/#breadcrumb\"},\"inLanguage\":\"fr-FR\",\"potentialAction\":[{\"@type\":\"ReadAction\",\"target\":[\"https:\/\/fornimedical.ch\/fr\/produit\/compresses-tricotees-steriles\/\"]}]},{\"@type\":\"ImageObject\",\"inLanguage\":\"fr-FR\",\"@id\":\"https:\/\/fornimedical.ch\/fr\/produit\/compresses-tricotees-steriles\/#primaryimage\",\"url\":\"https:\/\/fornimedical.ch\/wp-content\/uploads\/2024\/04\/forni-medical_tricotkompressen_gestrickt.jpg\",\"contentUrl\":\"https:\/\/fornimedical.ch\/wp-content\/uploads\/2024\/04\/forni-medical_tricotkompressen_gestrickt.jpg\",\"width\":2481,\"height\":1487,\"caption\":\"Forni Medical Strickkompressen\"},{\"@type\":\"BreadcrumbList\",\"@id\":\"https:\/\/fornimedical.ch\/fr\/produit\/compresses-tricotees-steriles\/#breadcrumb\",\"itemListElement\":[{\"@type\":\"ListItem\",\"position\":1,\"name\":\"Home\",\"item\":\"https:\/\/fornimedical.ch\/fr\/\"},{\"@type\":\"ListItem\",\"position\":2,\"name\":\"Archives boutique en ligne\",\"item\":\"https:\/\/fornimedical.ch\/fr\/archives-boutique-en-ligne\/\"},{\"@type\":\"ListItem\",\"position\":3,\"name\":\"Compresses tricot\u00e9es, st\u00e9riles\"}]},{\"@type\":\"WebSite\",\"@id\":\"https:\/\/fornimedical.ch\/fr\/#website\",\"url\":\"https:\/\/fornimedical.ch\/fr\/\",\"name\":\"Forni Medical GmbH\",\"description\":\"\",\"publisher\":{\"@id\":\"https:\/\/fornimedical.ch\/fr\/#organization\"},\"potentialAction\":[{\"@type\":\"SearchAction\",\"target\":{\"@type\":\"EntryPoint\",\"urlTemplate\":\"https:\/\/fornimedical.ch\/fr\/?s={search_term_string}\"},\"query-input\":{\"@type\":\"PropertyValueSpecification\",\"valueRequired\":true,\"valueName\":\"search_term_string\"}}],\"inLanguage\":\"fr-FR\"},{\"@type\":\"Organization\",\"@id\":\"https:\/\/fornimedical.ch\/fr\/#organization\",\"name\":\"Forni Medical GmbH\",\"url\":\"https:\/\/fornimedical.ch\/fr\/\",\"logo\":{\"@type\":\"ImageObject\",\"inLanguage\":\"fr-FR\",\"@id\":\"https:\/\/fornimedical.ch\/fr\/#\/schema\/logo\/image\/\",\"url\":\"https:\/\/fornimedical.ch\/wp-content\/uploads\/2023\/08\/logo.svg\",\"contentUrl\":\"https:\/\/fornimedical.ch\/wp-content\/uploads\/2023\/08\/logo.svg\",\"caption\":\"Forni Medical GmbH\"},\"image\":{\"@id\":\"https:\/\/fornimedical.ch\/fr\/#\/schema\/logo\/image\/\"}}]}<\/script>\n<!-- \/ Yoast SEO plugin. -->","yoast_head_json":{"title":"Compresses tricot\u00e9es, st\u00e9riles","description":"Compresse tricot\u00e9e en gaze tricot\u00e9e, 10 x 20\u00a0cm, 24\u00a0plis, 18\u00a0fils, st\u00e9rile. En fibres naturelles hydrophiles (100\u00a0% coton) avec tissage en mailles brevet\u00e9","robots":{"index":"index","follow":"follow","max-snippet":"max-snippet:-1","max-image-preview":"max-image-preview:large","max-video-preview":"max-video-preview:-1"},"canonical":"https:\/\/fornimedical.ch\/fr\/produit\/compresses-tricotees-steriles\/","og_locale":"fr_FR","og_type":"article","og_title":"Compresses tricot\u00e9es, st\u00e9riles","og_description":"Compresse tricot\u00e9e en gaze tricot\u00e9e, 10 x 20\u00a0cm, 24\u00a0plis, 18\u00a0fils, st\u00e9rile. En fibres naturelles hydrophiles (100\u00a0% coton) avec tissage en mailles brevet\u00e9","og_url":"https:\/\/fornimedical.ch\/fr\/produit\/compresses-tricotees-steriles\/","og_site_name":"Forni Medical GmbH","article_modified_time":"2024-07-18T11:23:22+00:00","og_image":[{"width":2481,"height":1487,"url":"https:\/\/fornimedical.ch\/wp-content\/uploads\/2024\/04\/forni-medical_tricotkompressen_gestrickt.jpg","type":"image\/jpeg"}],"twitter_card":"summary_large_image","schema":{"@context":"https:\/\/schema.org","@graph":[{"@type":"WebPage","@id":"https:\/\/fornimedical.ch\/fr\/produit\/compresses-tricotees-steriles\/","url":"https:\/\/fornimedical.ch\/fr\/produit\/compresses-tricotees-steriles\/","name":"Compresses tricot\u00e9es, st\u00e9riles","isPartOf":{"@id":"https:\/\/fornimedical.ch\/fr\/#website"},"primaryImageOfPage":{"@id":"https:\/\/fornimedical.ch\/fr\/produit\/compresses-tricotees-steriles\/#primaryimage"},"image":{"@id":"https:\/\/fornimedical.ch\/fr\/produit\/compresses-tricotees-steriles\/#primaryimage"},"thumbnailUrl":"https:\/\/fornimedical.ch\/wp-content\/uploads\/2024\/04\/forni-medical_tricotkompressen_gestrickt.jpg","datePublished":"2024-04-13T05:24:02+00:00","dateModified":"2024-07-18T11:23:22+00:00","description":"Compresse tricot\u00e9e en gaze tricot\u00e9e, 10 x 20\u00a0cm, 24\u00a0plis, 18\u00a0fils, st\u00e9rile. En fibres naturelles hydrophiles (100\u00a0% coton) avec tissage en mailles brevet\u00e9","breadcrumb":{"@id":"https:\/\/fornimedical.ch\/fr\/produit\/compresses-tricotees-steriles\/#breadcrumb"},"inLanguage":"fr-FR","potentialAction":[{"@type":"ReadAction","target":["https:\/\/fornimedical.ch\/fr\/produit\/compresses-tricotees-steriles\/"]}]},{"@type":"ImageObject","inLanguage":"fr-FR","@id":"https:\/\/fornimedical.ch\/fr\/produit\/compresses-tricotees-steriles\/#primaryimage","url":"https:\/\/fornimedical.ch\/wp-content\/uploads\/2024\/04\/forni-medical_tricotkompressen_gestrickt.jpg","contentUrl":"https:\/\/fornimedical.ch\/wp-content\/uploads\/2024\/04\/forni-medical_tricotkompressen_gestrickt.jpg","width":2481,"height":1487,"caption":"Forni Medical Strickkompressen"},{"@type":"BreadcrumbList","@id":"https:\/\/fornimedical.ch\/fr\/produit\/compresses-tricotees-steriles\/#breadcrumb","itemListElement":[{"@type":"ListItem","position":1,"name":"Home","item":"https:\/\/fornimedical.ch\/fr\/"},{"@type":"ListItem","position":2,"name":"Archives boutique en ligne","item":"https:\/\/fornimedical.ch\/fr\/archives-boutique-en-ligne\/"},{"@type":"ListItem","position":3,"name":"Compresses tricot\u00e9es, st\u00e9riles"}]},{"@type":"WebSite","@id":"https:\/\/fornimedical.ch\/fr\/#website","url":"https:\/\/fornimedical.ch\/fr\/","name":"Forni Medical GmbH","description":"","publisher":{"@id":"https:\/\/fornimedical.ch\/fr\/#organization"},"potentialAction":[{"@type":"SearchAction","target":{"@type":"EntryPoint","urlTemplate":"https:\/\/fornimedical.ch\/fr\/?s={search_term_string}"},"query-input":{"@type":"PropertyValueSpecification","valueRequired":true,"valueName":"search_term_string"}}],"inLanguage":"fr-FR"},{"@type":"Organization","@id":"https:\/\/fornimedical.ch\/fr\/#organization","name":"Forni Medical GmbH","url":"https:\/\/fornimedical.ch\/fr\/","logo":{"@type":"ImageObject","inLanguage":"fr-FR","@id":"https:\/\/fornimedical.ch\/fr\/#\/schema\/logo\/image\/","url":"https:\/\/fornimedical.ch\/wp-content\/uploads\/2023\/08\/logo.svg","contentUrl":"https:\/\/fornimedical.ch\/wp-content\/uploads\/2023\/08\/logo.svg","caption":"Forni Medical GmbH"},"image":{"@id":"https:\/\/fornimedical.ch\/fr\/#\/schema\/logo\/image\/"}}]}},"_links":{"self":[{"href":"https:\/\/fornimedical.ch\/fr\/wp-json\/wp\/v2\/product\/7220","targetHints":{"allow":["GET"]}}],"collection":[{"href":"https:\/\/fornimedical.ch\/fr\/wp-json\/wp\/v2\/product"}],"about":[{"href":"https:\/\/fornimedical.ch\/fr\/wp-json\/wp\/v2\/types\/product"}],"replies":[{"embeddable":true,"href":"https:\/\/fornimedical.ch\/fr\/wp-json\/wp\/v2\/comments?post=7220"}],"wp:featuredmedia":[{"embeddable":true,"href":"https:\/\/fornimedical.ch\/fr\/wp-json\/wp\/v2\/media\/3754"}],"wp:attachment":[{"href":"https:\/\/fornimedical.ch\/fr\/wp-json\/wp\/v2\/media?parent=7220"}],"wp:term":[{"taxonomy":"product_brand","embeddable":true,"href":"https:\/\/fornimedical.ch\/fr\/wp-json\/wp\/v2\/product_brand?post=7220"},{"taxonomy":"product_cat","embeddable":true,"href":"https:\/\/fornimedical.ch\/fr\/wp-json\/wp\/v2\/product_cat?post=7220"},{"taxonomy":"product_tag","embeddable":true,"href":"https:\/\/fornimedical.ch\/fr\/wp-json\/wp\/v2\/product_tag?post=7220"}],"curies":[{"name":"wp","href":"https:\/\/api.w.org\/{rel}","templated":true}]}}