{"id":7199,"date":"2024-04-14T06:22:05","date_gmt":"2024-04-14T04:22:05","guid":{"rendered":"https:\/\/fornimedical.ch\/product\/transatlantic-transafix-bande-de-fixation-n-2-pour-la-fixation-de-sondes-gpe-et-dpca-non-sterile-avec-languette-velcro\/"},"modified":"2024-04-14T06:22:05","modified_gmt":"2024-04-14T06:22:05","slug":"transatlantic-transafix-bande-de-fixation-n-2-pour-la-fixation-de-sondes-gpe-et-dpca-non-sterile-avec-languette-velcro","status":"publish","type":"product","link":"https:\/\/fornimedical.ch\/fr\/produit\/transatlantic-transafix-bande-de-fixation-n-2-pour-la-fixation-de-sondes-gpe-et-dpca-non-sterile-avec-languette-velcro\/","title":{"rendered":"TRANSATLANTIC Transafix Bande de fixation n\u00b0 2, pour la fixation de sondes GPE et DPCA, non st\u00e9rile, avec languette velcro"},"content":{"rendered":"<p>Fixation parfaite de sondes GPE et DPCA ou autres volumes moyens. Convient pour une utilisation longue dur\u00e9e. La bande de fixation NE doit PAS \u00eatre chang\u00e9e lors du changement de sonde, ou autre, gr\u00e2ce \u00e0 la fermeture velcro refermable.<\/p>\n<ul>\n<li>D\u00e9placement libre ou fixation solide du tube dans la languette velcro.<\/li>\n<li>Respecte la peau, m\u00eame en cas de peau sensible<\/li>\n<li>Convient parfaitement aux sondes GPE et DPCA<\/li>\n<li>Convient pour un traitement longue dur\u00e9e<\/li>\n<li>Confort maximal du patient<\/li>\n<li>Norme de qualit\u00e9 la plus \u00e9lev\u00e9e<\/li>\n<li>Ouverture et fermeture de la languette velcro autant de fois que possible<\/li>\n<\/ul>\n","protected":false},"excerpt":{"rendered":"<p>9 x 3,0\u00a0cm. Pour la fixation de sondes GPE et DPCA, perfusions, etc.<\/p>\n","protected":false},"featured_media":3817,"comment_status":"closed","ping_status":"closed","template":"","meta":{"_acf_changed":false,"site-sidebar-layout":"default","site-content-layout":"","ast-site-content-layout":"default","site-content-style":"default","site-sidebar-style":"default","ast-global-header-display":"","ast-banner-title-visibility":"","ast-main-header-display":"","ast-hfb-above-header-display":"","ast-hfb-below-header-display":"","ast-hfb-mobile-header-display":"","site-post-title":"","ast-breadcrumbs-content":"","ast-featured-img":"","footer-sml-layout":"","theme-transparent-header-meta":"default","adv-header-id-meta":"","stick-header-meta":"","header-above-stick-meta":"","header-main-stick-meta":"","header-below-stick-meta":"","astra-migrate-meta-layouts":"default","ast-page-background-enabled":"default","ast-page-background-meta":{"desktop":{"background-color":"var(--ast-global-color-4)","background-image":"","background-repeat":"repeat","background-position":"center center","background-size":"auto","background-attachment":"scroll","background-type":"","background-media":"","overlay-type":"","overlay-color":"","overlay-opacity":"","overlay-gradient":""},"tablet":{"background-color":"","background-image":"","background-repeat":"repeat","background-position":"center center","background-size":"auto","background-attachment":"scroll","background-type":"","background-media":"","overlay-type":"","overlay-color":"","overlay-opacity":"","overlay-gradient":""},"mobile":{"background-color":"","background-image":"","background-repeat":"repeat","background-position":"center center","background-size":"auto","background-attachment":"scroll","background-type":"","background-media":"","overlay-type":"","overlay-color":"","overlay-opacity":"","overlay-gradient":""}},"ast-content-background-meta":{"desktop":{"background-color":"var(--ast-global-color-5)","background-image":"","background-repeat":"repeat","background-position":"center center","background-size":"auto","background-attachment":"scroll","background-type":"","background-media":"","overlay-type":"","overlay-color":"","overlay-opacity":"","overlay-gradient":""},"tablet":{"background-color":"var(--ast-global-color-5)","background-image":"","background-repeat":"repeat","background-position":"center center","background-size":"auto","background-attachment":"scroll","background-type":"","background-media":"","overlay-type":"","overlay-color":"","overlay-opacity":"","overlay-gradient":""},"mobile":{"background-color":"var(--ast-global-color-5)","background-image":"","background-repeat":"repeat","background-position":"center center","background-size":"auto","background-attachment":"scroll","background-type":"","background-media":"","overlay-type":"","overlay-color":"","overlay-opacity":"","overlay-gradient":""}}},"product_brand":[],"product_cat":[536,537,656],"product_tag":[],"class_list":{"0":"post-7199","1":"product","2":"type-product","3":"status-publish","4":"has-post-thumbnail","6":"product_cat-bandes-de-fixation","7":"product_cat-systemes-de-fixation","8":"product_cat-sos","9":"desktop-align-left","10":"tablet-align-left","11":"mobile-align-left","13":"first","14":"instock","15":"taxable","16":"shipping-taxable","17":"purchasable","18":"product-type-variable","19":"has-default-attributes","20":"add-to-wishlist-before_image"},"acf":[],"yoast_head":"<!-- This site is optimized with the Yoast SEO plugin v26.5 - https:\/\/yoast.com\/wordpress\/plugins\/seo\/ -->\n<title>TRANSATLANTIC Transafix Bande de fixation n\u00b0 2, non st\u00e9rile<\/title>\n<meta name=\"description\" content=\"TRANSATLANTIC Transafix Bande de fixation n\u00b0 2, pour la fixation de sondes GPE et DPCA, perfusions, etc., non st\u00e9rile avec languette velcro\" \/>\n<meta name=\"robots\" content=\"index, follow, max-snippet:-1, max-image-preview:large, max-video-preview:-1\" \/>\n<link rel=\"canonical\" href=\"https:\/\/fornimedical.ch\/fr\/produit\/transatlantic-transafix-bande-de-fixation-n-2-pour-la-fixation-de-sondes-gpe-et-dpca-non-sterile-avec-languette-velcro\/\" \/>\n<meta property=\"og:locale\" content=\"fr_FR\" \/>\n<meta property=\"og:type\" content=\"article\" \/>\n<meta property=\"og:title\" content=\"TRANSATLANTIC Transafix Bande de fixation n\u00b0 2, non st\u00e9rile\" \/>\n<meta property=\"og:description\" content=\"TRANSATLANTIC Transafix Bande de fixation n\u00b0 2, pour la fixation de sondes GPE et DPCA, perfusions, etc., non st\u00e9rile avec languette velcro\" \/>\n<meta property=\"og:url\" content=\"https:\/\/fornimedical.ch\/fr\/produit\/transatlantic-transafix-bande-de-fixation-n-2-pour-la-fixation-de-sondes-gpe-et-dpca-non-sterile-avec-languette-velcro\/\" \/>\n<meta property=\"og:site_name\" content=\"Forni Medical GmbH\" \/>\n<meta property=\"article:modified_time\" content=\"2024-04-14T06:22:05+00:00\" \/>\n<meta property=\"og:image\" content=\"https:\/\/fornimedical.ch\/wp-content\/uploads\/2024\/04\/forni-medical_transatlantic-transafix_fixierstreifen-nr-2_unsteril.jpg\" \/>\n\t<meta property=\"og:image:width\" content=\"2481\" \/>\n\t<meta property=\"og:image:height\" content=\"1487\" \/>\n\t<meta property=\"og:image:type\" content=\"image\/jpeg\" \/>\n<meta name=\"twitter:card\" content=\"summary_large_image\" \/>\n<meta name=\"twitter:label1\" content=\"Dur\u00e9e de lecture estim\u00e9e\" \/>\n\t<meta name=\"twitter:data1\" content=\"1 minute\" \/>\n<script type=\"application\/ld+json\" class=\"yoast-schema-graph\">{\"@context\":\"https:\/\/schema.org\",\"@graph\":[{\"@type\":\"WebPage\",\"@id\":\"https:\/\/fornimedical.ch\/fr\/produit\/transatlantic-transafix-bande-de-fixation-n-2-pour-la-fixation-de-sondes-gpe-et-dpca-non-sterile-avec-languette-velcro\/\",\"url\":\"https:\/\/fornimedical.ch\/fr\/produit\/transatlantic-transafix-bande-de-fixation-n-2-pour-la-fixation-de-sondes-gpe-et-dpca-non-sterile-avec-languette-velcro\/\",\"name\":\"TRANSATLANTIC Transafix Bande de fixation n\u00b0 2, non st\u00e9rile\",\"isPartOf\":{\"@id\":\"https:\/\/fornimedical.ch\/fr\/#website\"},\"primaryImageOfPage\":{\"@id\":\"https:\/\/fornimedical.ch\/fr\/produit\/transatlantic-transafix-bande-de-fixation-n-2-pour-la-fixation-de-sondes-gpe-et-dpca-non-sterile-avec-languette-velcro\/#primaryimage\"},\"image\":{\"@id\":\"https:\/\/fornimedical.ch\/fr\/produit\/transatlantic-transafix-bande-de-fixation-n-2-pour-la-fixation-de-sondes-gpe-et-dpca-non-sterile-avec-languette-velcro\/#primaryimage\"},\"thumbnailUrl\":\"https:\/\/fornimedical.ch\/wp-content\/uploads\/2024\/04\/forni-medical_transatlantic-transafix_fixierstreifen-nr-2_unsteril.jpg\",\"datePublished\":\"2024-04-14T04:22:05+00:00\",\"dateModified\":\"2024-04-14T06:22:05+00:00\",\"description\":\"TRANSATLANTIC Transafix Bande de fixation n\u00b0 2, pour la fixation de sondes GPE et DPCA, perfusions, etc., non st\u00e9rile avec languette velcro\",\"breadcrumb\":{\"@id\":\"https:\/\/fornimedical.ch\/fr\/produit\/transatlantic-transafix-bande-de-fixation-n-2-pour-la-fixation-de-sondes-gpe-et-dpca-non-sterile-avec-languette-velcro\/#breadcrumb\"},\"inLanguage\":\"fr-FR\",\"potentialAction\":[{\"@type\":\"ReadAction\",\"target\":[\"https:\/\/fornimedical.ch\/fr\/produit\/transatlantic-transafix-bande-de-fixation-n-2-pour-la-fixation-de-sondes-gpe-et-dpca-non-sterile-avec-languette-velcro\/\"]}]},{\"@type\":\"ImageObject\",\"inLanguage\":\"fr-FR\",\"@id\":\"https:\/\/fornimedical.ch\/fr\/produit\/transatlantic-transafix-bande-de-fixation-n-2-pour-la-fixation-de-sondes-gpe-et-dpca-non-sterile-avec-languette-velcro\/#primaryimage\",\"url\":\"https:\/\/fornimedical.ch\/wp-content\/uploads\/2024\/04\/forni-medical_transatlantic-transafix_fixierstreifen-nr-2_unsteril.jpg\",\"contentUrl\":\"https:\/\/fornimedical.ch\/wp-content\/uploads\/2024\/04\/forni-medical_transatlantic-transafix_fixierstreifen-nr-2_unsteril.jpg\",\"width\":2481,\"height\":1487,\"caption\":\"Forni Medical TRANSATLANTIC\"},{\"@type\":\"BreadcrumbList\",\"@id\":\"https:\/\/fornimedical.ch\/fr\/produit\/transatlantic-transafix-bande-de-fixation-n-2-pour-la-fixation-de-sondes-gpe-et-dpca-non-sterile-avec-languette-velcro\/#breadcrumb\",\"itemListElement\":[{\"@type\":\"ListItem\",\"position\":1,\"name\":\"Home\",\"item\":\"https:\/\/fornimedical.ch\/fr\/\"},{\"@type\":\"ListItem\",\"position\":2,\"name\":\"Archives boutique en ligne\",\"item\":\"https:\/\/fornimedical.ch\/fr\/archives-boutique-en-ligne\/\"},{\"@type\":\"ListItem\",\"position\":3,\"name\":\"TRANSATLANTIC Transafix Bande de fixation n\u00b0 2, pour la fixation de sondes GPE et DPCA, non st\u00e9rile, avec languette velcro\"}]},{\"@type\":\"WebSite\",\"@id\":\"https:\/\/fornimedical.ch\/fr\/#website\",\"url\":\"https:\/\/fornimedical.ch\/fr\/\",\"name\":\"Forni Medical GmbH\",\"description\":\"\",\"publisher\":{\"@id\":\"https:\/\/fornimedical.ch\/fr\/#organization\"},\"potentialAction\":[{\"@type\":\"SearchAction\",\"target\":{\"@type\":\"EntryPoint\",\"urlTemplate\":\"https:\/\/fornimedical.ch\/fr\/?s={search_term_string}\"},\"query-input\":{\"@type\":\"PropertyValueSpecification\",\"valueRequired\":true,\"valueName\":\"search_term_string\"}}],\"inLanguage\":\"fr-FR\"},{\"@type\":\"Organization\",\"@id\":\"https:\/\/fornimedical.ch\/fr\/#organization\",\"name\":\"Forni Medical GmbH\",\"url\":\"https:\/\/fornimedical.ch\/fr\/\",\"logo\":{\"@type\":\"ImageObject\",\"inLanguage\":\"fr-FR\",\"@id\":\"https:\/\/fornimedical.ch\/fr\/#\/schema\/logo\/image\/\",\"url\":\"https:\/\/fornimedical.ch\/wp-content\/uploads\/2023\/08\/logo.svg\",\"contentUrl\":\"https:\/\/fornimedical.ch\/wp-content\/uploads\/2023\/08\/logo.svg\",\"caption\":\"Forni Medical GmbH\"},\"image\":{\"@id\":\"https:\/\/fornimedical.ch\/fr\/#\/schema\/logo\/image\/\"}}]}<\/script>\n<!-- \/ Yoast SEO plugin. -->","yoast_head_json":{"title":"TRANSATLANTIC Transafix Bande de fixation n\u00b0 2, non st\u00e9rile","description":"TRANSATLANTIC Transafix Bande de fixation n\u00b0 2, pour la fixation de sondes GPE et DPCA, perfusions, etc., non st\u00e9rile avec languette velcro","robots":{"index":"index","follow":"follow","max-snippet":"max-snippet:-1","max-image-preview":"max-image-preview:large","max-video-preview":"max-video-preview:-1"},"canonical":"https:\/\/fornimedical.ch\/fr\/produit\/transatlantic-transafix-bande-de-fixation-n-2-pour-la-fixation-de-sondes-gpe-et-dpca-non-sterile-avec-languette-velcro\/","og_locale":"fr_FR","og_type":"article","og_title":"TRANSATLANTIC Transafix Bande de fixation n\u00b0 2, non st\u00e9rile","og_description":"TRANSATLANTIC Transafix Bande de fixation n\u00b0 2, pour la fixation de sondes GPE et DPCA, perfusions, etc., non st\u00e9rile avec languette velcro","og_url":"https:\/\/fornimedical.ch\/fr\/produit\/transatlantic-transafix-bande-de-fixation-n-2-pour-la-fixation-de-sondes-gpe-et-dpca-non-sterile-avec-languette-velcro\/","og_site_name":"Forni Medical GmbH","article_modified_time":"2024-04-14T06:22:05+00:00","og_image":[{"width":2481,"height":1487,"url":"https:\/\/fornimedical.ch\/wp-content\/uploads\/2024\/04\/forni-medical_transatlantic-transafix_fixierstreifen-nr-2_unsteril.jpg","type":"image\/jpeg"}],"twitter_card":"summary_large_image","twitter_misc":{"Dur\u00e9e de lecture estim\u00e9e":"1 minute"},"schema":{"@context":"https:\/\/schema.org","@graph":[{"@type":"WebPage","@id":"https:\/\/fornimedical.ch\/fr\/produit\/transatlantic-transafix-bande-de-fixation-n-2-pour-la-fixation-de-sondes-gpe-et-dpca-non-sterile-avec-languette-velcro\/","url":"https:\/\/fornimedical.ch\/fr\/produit\/transatlantic-transafix-bande-de-fixation-n-2-pour-la-fixation-de-sondes-gpe-et-dpca-non-sterile-avec-languette-velcro\/","name":"TRANSATLANTIC Transafix Bande de fixation n\u00b0 2, non st\u00e9rile","isPartOf":{"@id":"https:\/\/fornimedical.ch\/fr\/#website"},"primaryImageOfPage":{"@id":"https:\/\/fornimedical.ch\/fr\/produit\/transatlantic-transafix-bande-de-fixation-n-2-pour-la-fixation-de-sondes-gpe-et-dpca-non-sterile-avec-languette-velcro\/#primaryimage"},"image":{"@id":"https:\/\/fornimedical.ch\/fr\/produit\/transatlantic-transafix-bande-de-fixation-n-2-pour-la-fixation-de-sondes-gpe-et-dpca-non-sterile-avec-languette-velcro\/#primaryimage"},"thumbnailUrl":"https:\/\/fornimedical.ch\/wp-content\/uploads\/2024\/04\/forni-medical_transatlantic-transafix_fixierstreifen-nr-2_unsteril.jpg","datePublished":"2024-04-14T04:22:05+00:00","dateModified":"2024-04-14T06:22:05+00:00","description":"TRANSATLANTIC Transafix Bande de fixation n\u00b0 2, pour la fixation de sondes GPE et DPCA, perfusions, etc., non st\u00e9rile avec languette velcro","breadcrumb":{"@id":"https:\/\/fornimedical.ch\/fr\/produit\/transatlantic-transafix-bande-de-fixation-n-2-pour-la-fixation-de-sondes-gpe-et-dpca-non-sterile-avec-languette-velcro\/#breadcrumb"},"inLanguage":"fr-FR","potentialAction":[{"@type":"ReadAction","target":["https:\/\/fornimedical.ch\/fr\/produit\/transatlantic-transafix-bande-de-fixation-n-2-pour-la-fixation-de-sondes-gpe-et-dpca-non-sterile-avec-languette-velcro\/"]}]},{"@type":"ImageObject","inLanguage":"fr-FR","@id":"https:\/\/fornimedical.ch\/fr\/produit\/transatlantic-transafix-bande-de-fixation-n-2-pour-la-fixation-de-sondes-gpe-et-dpca-non-sterile-avec-languette-velcro\/#primaryimage","url":"https:\/\/fornimedical.ch\/wp-content\/uploads\/2024\/04\/forni-medical_transatlantic-transafix_fixierstreifen-nr-2_unsteril.jpg","contentUrl":"https:\/\/fornimedical.ch\/wp-content\/uploads\/2024\/04\/forni-medical_transatlantic-transafix_fixierstreifen-nr-2_unsteril.jpg","width":2481,"height":1487,"caption":"Forni Medical TRANSATLANTIC"},{"@type":"BreadcrumbList","@id":"https:\/\/fornimedical.ch\/fr\/produit\/transatlantic-transafix-bande-de-fixation-n-2-pour-la-fixation-de-sondes-gpe-et-dpca-non-sterile-avec-languette-velcro\/#breadcrumb","itemListElement":[{"@type":"ListItem","position":1,"name":"Home","item":"https:\/\/fornimedical.ch\/fr\/"},{"@type":"ListItem","position":2,"name":"Archives boutique en ligne","item":"https:\/\/fornimedical.ch\/fr\/archives-boutique-en-ligne\/"},{"@type":"ListItem","position":3,"name":"TRANSATLANTIC Transafix Bande de fixation n\u00b0 2, pour la fixation de sondes GPE et DPCA, non st\u00e9rile, avec languette velcro"}]},{"@type":"WebSite","@id":"https:\/\/fornimedical.ch\/fr\/#website","url":"https:\/\/fornimedical.ch\/fr\/","name":"Forni Medical GmbH","description":"","publisher":{"@id":"https:\/\/fornimedical.ch\/fr\/#organization"},"potentialAction":[{"@type":"SearchAction","target":{"@type":"EntryPoint","urlTemplate":"https:\/\/fornimedical.ch\/fr\/?s={search_term_string}"},"query-input":{"@type":"PropertyValueSpecification","valueRequired":true,"valueName":"search_term_string"}}],"inLanguage":"fr-FR"},{"@type":"Organization","@id":"https:\/\/fornimedical.ch\/fr\/#organization","name":"Forni Medical GmbH","url":"https:\/\/fornimedical.ch\/fr\/","logo":{"@type":"ImageObject","inLanguage":"fr-FR","@id":"https:\/\/fornimedical.ch\/fr\/#\/schema\/logo\/image\/","url":"https:\/\/fornimedical.ch\/wp-content\/uploads\/2023\/08\/logo.svg","contentUrl":"https:\/\/fornimedical.ch\/wp-content\/uploads\/2023\/08\/logo.svg","caption":"Forni Medical GmbH"},"image":{"@id":"https:\/\/fornimedical.ch\/fr\/#\/schema\/logo\/image\/"}}]}},"_links":{"self":[{"href":"https:\/\/fornimedical.ch\/fr\/wp-json\/wp\/v2\/product\/7199","targetHints":{"allow":["GET"]}}],"collection":[{"href":"https:\/\/fornimedical.ch\/fr\/wp-json\/wp\/v2\/product"}],"about":[{"href":"https:\/\/fornimedical.ch\/fr\/wp-json\/wp\/v2\/types\/product"}],"replies":[{"embeddable":true,"href":"https:\/\/fornimedical.ch\/fr\/wp-json\/wp\/v2\/comments?post=7199"}],"wp:featuredmedia":[{"embeddable":true,"href":"https:\/\/fornimedical.ch\/fr\/wp-json\/wp\/v2\/media\/3817"}],"wp:attachment":[{"href":"https:\/\/fornimedical.ch\/fr\/wp-json\/wp\/v2\/media?parent=7199"}],"wp:term":[{"taxonomy":"product_brand","embeddable":true,"href":"https:\/\/fornimedical.ch\/fr\/wp-json\/wp\/v2\/product_brand?post=7199"},{"taxonomy":"product_cat","embeddable":true,"href":"https:\/\/fornimedical.ch\/fr\/wp-json\/wp\/v2\/product_cat?post=7199"},{"taxonomy":"product_tag","embeddable":true,"href":"https:\/\/fornimedical.ch\/fr\/wp-json\/wp\/v2\/product_tag?post=7199"}],"curies":[{"name":"wp","href":"https:\/\/api.w.org\/{rel}","templated":true}]}}