{"id":7186,"date":"2024-04-20T05:12:56","date_gmt":"2024-04-20T03:12:56","guid":{"rendered":"https:\/\/fornimedical.ch\/product\/transatlantic-housse-glissante-a-usage-unique-verte\/"},"modified":"2024-07-30T13:12:44","modified_gmt":"2024-07-30T13:12:44","slug":"transatlantic-housse-glissante-a-usage-unique-verte","status":"publish","type":"product","link":"https:\/\/fornimedical.ch\/fr\/produit\/transatlantic-housse-glissante-a-usage-unique-verte\/","title":{"rendered":"TRANSATLANTIC Housse glissante \u00e0 usage unique, verte"},"content":{"rendered":"<p>Housse pour une utilisation rapide et hygi\u00e9nique. Accessoire pour les planches de transfert TRANSATLANTIC. Gr\u00e2ce \u00e0 ses excellentes propri\u00e9t\u00e9s glissantes, la housse est \u00e9galement adapt\u00e9e \u00e0 la manipulation du patient dans le lit sans planche de transfert. La housse glissante \u00e0 usage unique Transa est un film tubulaire, bien tol\u00e9r\u00e9 par la peau, r\u00e9sistant \u00e0 la d\u00e9chirure, sans latex et de qualit\u00e9 alimentaire. Elle peut \u00eatre utilis\u00e9e pour diff\u00e9rents changements de position et transferts de patients. La composition sp\u00e9ciale du mat\u00e9riau favorise la grande capacit\u00e9 de glissement lors de l\u2019utilisation pour les soins quotidiens. Veuillez observer le mode d&#8217;emploi!<\/p>\n","protected":false},"excerpt":{"rendered":"<p>60\u00a0cm x 100\u00a0m. Rouleau \u00e0 usage unique (au m\u00e8tre, peut \u00eatre d\u00e9coup\u00e9), non perfor\u00e9. Sans latex.<\/p>\n","protected":false},"featured_media":3895,"comment_status":"closed","ping_status":"closed","template":"","meta":{"_acf_changed":false,"site-sidebar-layout":"default","site-content-layout":"","ast-site-content-layout":"default","site-content-style":"default","site-sidebar-style":"default","ast-global-header-display":"","ast-banner-title-visibility":"","ast-main-header-display":"","ast-hfb-above-header-display":"","ast-hfb-below-header-display":"","ast-hfb-mobile-header-display":"","site-post-title":"","ast-breadcrumbs-content":"","ast-featured-img":"","footer-sml-layout":"","theme-transparent-header-meta":"default","adv-header-id-meta":"","stick-header-meta":"","header-above-stick-meta":"","header-main-stick-meta":"","header-below-stick-meta":"","astra-migrate-meta-layouts":"set","ast-page-background-enabled":"default","ast-page-background-meta":{"desktop":{"background-color":"var(--ast-global-color-4)","background-image":"","background-repeat":"repeat","background-position":"center center","background-size":"auto","background-attachment":"scroll","background-type":"","background-media":"","overlay-type":"","overlay-color":"","overlay-opacity":"","overlay-gradient":""},"tablet":{"background-color":"","background-image":"","background-repeat":"repeat","background-position":"center center","background-size":"auto","background-attachment":"scroll","background-type":"","background-media":"","overlay-type":"","overlay-color":"","overlay-opacity":"","overlay-gradient":""},"mobile":{"background-color":"","background-image":"","background-repeat":"repeat","background-position":"center center","background-size":"auto","background-attachment":"scroll","background-type":"","background-media":"","overlay-type":"","overlay-color":"","overlay-opacity":"","overlay-gradient":""}},"ast-content-background-meta":{"desktop":{"background-color":"var(--ast-global-color-5)","background-image":"","background-repeat":"repeat","background-position":"center center","background-size":"auto","background-attachment":"scroll","background-type":"","background-media":"","overlay-type":"","overlay-color":"","overlay-opacity":"","overlay-gradient":""},"tablet":{"background-color":"var(--ast-global-color-5)","background-image":"","background-repeat":"repeat","background-position":"center center","background-size":"auto","background-attachment":"scroll","background-type":"","background-media":"","overlay-type":"","overlay-color":"","overlay-opacity":"","overlay-gradient":""},"mobile":{"background-color":"var(--ast-global-color-5)","background-image":"","background-repeat":"repeat","background-position":"center center","background-size":"auto","background-attachment":"scroll","background-type":"","background-media":"","overlay-type":"","overlay-color":"","overlay-opacity":"","overlay-gradient":""}}},"product_brand":[],"product_cat":[632],"product_tag":[],"class_list":{"0":"post-7186","1":"product","2":"type-product","3":"status-publish","4":"has-post-thumbnail","6":"product_cat-housses-glissantes","7":"desktop-align-left","8":"tablet-align-left","9":"mobile-align-left","11":"first","12":"instock","13":"taxable","14":"shipping-taxable","15":"purchasable","16":"product-type-variable","17":"has-default-attributes","18":"add-to-wishlist-before_image"},"acf":[],"yoast_head":"<!-- This site is optimized with the Yoast SEO plugin v26.5 - https:\/\/yoast.com\/wordpress\/plugins\/seo\/ -->\n<title>TRANSATLANTIC Housse glissante \u00e0 usage unique, verte<\/title>\n<meta name=\"description\" content=\"Housse glissante \u00e0 usage unique, verte. 60\u00a0cm x 100\u00a0m. Rouleau \u00e0 usage unique (au m\u00e8tre, peut \u00eatre d\u00e9coup\u00e9), non perfor\u00e9. Sans latex.\" \/>\n<meta name=\"robots\" content=\"index, follow, max-snippet:-1, max-image-preview:large, max-video-preview:-1\" \/>\n<link rel=\"canonical\" href=\"https:\/\/fornimedical.ch\/fr\/produit\/transatlantic-housse-glissante-a-usage-unique-verte\/\" \/>\n<meta property=\"og:locale\" content=\"fr_FR\" \/>\n<meta property=\"og:type\" content=\"article\" \/>\n<meta property=\"og:title\" content=\"TRANSATLANTIC Housse glissante \u00e0 usage unique, verte\" \/>\n<meta property=\"og:description\" content=\"Housse glissante \u00e0 usage unique, verte. 60\u00a0cm x 100\u00a0m. Rouleau \u00e0 usage unique (au m\u00e8tre, peut \u00eatre d\u00e9coup\u00e9), non perfor\u00e9. Sans latex.\" \/>\n<meta property=\"og:url\" content=\"https:\/\/fornimedical.ch\/fr\/produit\/transatlantic-housse-glissante-a-usage-unique-verte\/\" \/>\n<meta property=\"og:site_name\" content=\"Forni Medical GmbH\" \/>\n<meta property=\"article:modified_time\" content=\"2024-07-30T13:12:44+00:00\" \/>\n<meta property=\"og:image\" content=\"https:\/\/fornimedical.ch\/wp-content\/uploads\/2024\/04\/forni-medical_transatlantic_gleitfolie-gruen.jpg\" \/>\n\t<meta property=\"og:image:width\" content=\"2481\" \/>\n\t<meta property=\"og:image:height\" content=\"1487\" \/>\n\t<meta property=\"og:image:type\" content=\"image\/jpeg\" \/>\n<meta name=\"twitter:card\" content=\"summary_large_image\" \/>\n<meta name=\"twitter:label1\" content=\"Dur\u00e9e de lecture estim\u00e9e\" \/>\n\t<meta name=\"twitter:data1\" content=\"1 minute\" \/>\n<script type=\"application\/ld+json\" class=\"yoast-schema-graph\">{\"@context\":\"https:\/\/schema.org\",\"@graph\":[{\"@type\":\"WebPage\",\"@id\":\"https:\/\/fornimedical.ch\/fr\/produit\/transatlantic-housse-glissante-a-usage-unique-verte\/\",\"url\":\"https:\/\/fornimedical.ch\/fr\/produit\/transatlantic-housse-glissante-a-usage-unique-verte\/\",\"name\":\"TRANSATLANTIC Housse glissante \u00e0 usage unique, verte\",\"isPartOf\":{\"@id\":\"https:\/\/fornimedical.ch\/fr\/#website\"},\"primaryImageOfPage\":{\"@id\":\"https:\/\/fornimedical.ch\/fr\/produit\/transatlantic-housse-glissante-a-usage-unique-verte\/#primaryimage\"},\"image\":{\"@id\":\"https:\/\/fornimedical.ch\/fr\/produit\/transatlantic-housse-glissante-a-usage-unique-verte\/#primaryimage\"},\"thumbnailUrl\":\"https:\/\/fornimedical.ch\/wp-content\/uploads\/2024\/04\/forni-medical_transatlantic_gleitfolie-gruen.jpg\",\"datePublished\":\"2024-04-20T03:12:56+00:00\",\"dateModified\":\"2024-07-30T13:12:44+00:00\",\"description\":\"Housse glissante \u00e0 usage unique, verte. 60\u00a0cm x 100\u00a0m. Rouleau \u00e0 usage unique (au m\u00e8tre, peut \u00eatre d\u00e9coup\u00e9), non perfor\u00e9. Sans latex.\",\"breadcrumb\":{\"@id\":\"https:\/\/fornimedical.ch\/fr\/produit\/transatlantic-housse-glissante-a-usage-unique-verte\/#breadcrumb\"},\"inLanguage\":\"fr-FR\",\"potentialAction\":[{\"@type\":\"ReadAction\",\"target\":[\"https:\/\/fornimedical.ch\/fr\/produit\/transatlantic-housse-glissante-a-usage-unique-verte\/\"]}]},{\"@type\":\"ImageObject\",\"inLanguage\":\"fr-FR\",\"@id\":\"https:\/\/fornimedical.ch\/fr\/produit\/transatlantic-housse-glissante-a-usage-unique-verte\/#primaryimage\",\"url\":\"https:\/\/fornimedical.ch\/wp-content\/uploads\/2024\/04\/forni-medical_transatlantic_gleitfolie-gruen.jpg\",\"contentUrl\":\"https:\/\/fornimedical.ch\/wp-content\/uploads\/2024\/04\/forni-medical_transatlantic_gleitfolie-gruen.jpg\",\"width\":2481,\"height\":1487,\"caption\":\"Forni Medical TRANSATLANTIC Einweggleitfolie, gr\u00fcn\"},{\"@type\":\"BreadcrumbList\",\"@id\":\"https:\/\/fornimedical.ch\/fr\/produit\/transatlantic-housse-glissante-a-usage-unique-verte\/#breadcrumb\",\"itemListElement\":[{\"@type\":\"ListItem\",\"position\":1,\"name\":\"Home\",\"item\":\"https:\/\/fornimedical.ch\/fr\/\"},{\"@type\":\"ListItem\",\"position\":2,\"name\":\"Archives boutique en ligne\",\"item\":\"https:\/\/fornimedical.ch\/fr\/archives-boutique-en-ligne\/\"},{\"@type\":\"ListItem\",\"position\":3,\"name\":\"TRANSATLANTIC Housse glissante \u00e0 usage unique, verte\"}]},{\"@type\":\"WebSite\",\"@id\":\"https:\/\/fornimedical.ch\/fr\/#website\",\"url\":\"https:\/\/fornimedical.ch\/fr\/\",\"name\":\"Forni Medical GmbH\",\"description\":\"\",\"publisher\":{\"@id\":\"https:\/\/fornimedical.ch\/fr\/#organization\"},\"potentialAction\":[{\"@type\":\"SearchAction\",\"target\":{\"@type\":\"EntryPoint\",\"urlTemplate\":\"https:\/\/fornimedical.ch\/fr\/?s={search_term_string}\"},\"query-input\":{\"@type\":\"PropertyValueSpecification\",\"valueRequired\":true,\"valueName\":\"search_term_string\"}}],\"inLanguage\":\"fr-FR\"},{\"@type\":\"Organization\",\"@id\":\"https:\/\/fornimedical.ch\/fr\/#organization\",\"name\":\"Forni Medical GmbH\",\"url\":\"https:\/\/fornimedical.ch\/fr\/\",\"logo\":{\"@type\":\"ImageObject\",\"inLanguage\":\"fr-FR\",\"@id\":\"https:\/\/fornimedical.ch\/fr\/#\/schema\/logo\/image\/\",\"url\":\"https:\/\/fornimedical.ch\/wp-content\/uploads\/2023\/08\/logo.svg\",\"contentUrl\":\"https:\/\/fornimedical.ch\/wp-content\/uploads\/2023\/08\/logo.svg\",\"caption\":\"Forni Medical GmbH\"},\"image\":{\"@id\":\"https:\/\/fornimedical.ch\/fr\/#\/schema\/logo\/image\/\"}}]}<\/script>\n<!-- \/ Yoast SEO plugin. -->","yoast_head_json":{"title":"TRANSATLANTIC Housse glissante \u00e0 usage unique, verte","description":"Housse glissante \u00e0 usage unique, verte. 60\u00a0cm x 100\u00a0m. Rouleau \u00e0 usage unique (au m\u00e8tre, peut \u00eatre d\u00e9coup\u00e9), non perfor\u00e9. Sans latex.","robots":{"index":"index","follow":"follow","max-snippet":"max-snippet:-1","max-image-preview":"max-image-preview:large","max-video-preview":"max-video-preview:-1"},"canonical":"https:\/\/fornimedical.ch\/fr\/produit\/transatlantic-housse-glissante-a-usage-unique-verte\/","og_locale":"fr_FR","og_type":"article","og_title":"TRANSATLANTIC Housse glissante \u00e0 usage unique, verte","og_description":"Housse glissante \u00e0 usage unique, verte. 60\u00a0cm x 100\u00a0m. Rouleau \u00e0 usage unique (au m\u00e8tre, peut \u00eatre d\u00e9coup\u00e9), non perfor\u00e9. Sans latex.","og_url":"https:\/\/fornimedical.ch\/fr\/produit\/transatlantic-housse-glissante-a-usage-unique-verte\/","og_site_name":"Forni Medical GmbH","article_modified_time":"2024-07-30T13:12:44+00:00","og_image":[{"width":2481,"height":1487,"url":"https:\/\/fornimedical.ch\/wp-content\/uploads\/2024\/04\/forni-medical_transatlantic_gleitfolie-gruen.jpg","type":"image\/jpeg"}],"twitter_card":"summary_large_image","twitter_misc":{"Dur\u00e9e de lecture estim\u00e9e":"1 minute"},"schema":{"@context":"https:\/\/schema.org","@graph":[{"@type":"WebPage","@id":"https:\/\/fornimedical.ch\/fr\/produit\/transatlantic-housse-glissante-a-usage-unique-verte\/","url":"https:\/\/fornimedical.ch\/fr\/produit\/transatlantic-housse-glissante-a-usage-unique-verte\/","name":"TRANSATLANTIC Housse glissante \u00e0 usage unique, verte","isPartOf":{"@id":"https:\/\/fornimedical.ch\/fr\/#website"},"primaryImageOfPage":{"@id":"https:\/\/fornimedical.ch\/fr\/produit\/transatlantic-housse-glissante-a-usage-unique-verte\/#primaryimage"},"image":{"@id":"https:\/\/fornimedical.ch\/fr\/produit\/transatlantic-housse-glissante-a-usage-unique-verte\/#primaryimage"},"thumbnailUrl":"https:\/\/fornimedical.ch\/wp-content\/uploads\/2024\/04\/forni-medical_transatlantic_gleitfolie-gruen.jpg","datePublished":"2024-04-20T03:12:56+00:00","dateModified":"2024-07-30T13:12:44+00:00","description":"Housse glissante \u00e0 usage unique, verte. 60\u00a0cm x 100\u00a0m. Rouleau \u00e0 usage unique (au m\u00e8tre, peut \u00eatre d\u00e9coup\u00e9), non perfor\u00e9. Sans latex.","breadcrumb":{"@id":"https:\/\/fornimedical.ch\/fr\/produit\/transatlantic-housse-glissante-a-usage-unique-verte\/#breadcrumb"},"inLanguage":"fr-FR","potentialAction":[{"@type":"ReadAction","target":["https:\/\/fornimedical.ch\/fr\/produit\/transatlantic-housse-glissante-a-usage-unique-verte\/"]}]},{"@type":"ImageObject","inLanguage":"fr-FR","@id":"https:\/\/fornimedical.ch\/fr\/produit\/transatlantic-housse-glissante-a-usage-unique-verte\/#primaryimage","url":"https:\/\/fornimedical.ch\/wp-content\/uploads\/2024\/04\/forni-medical_transatlantic_gleitfolie-gruen.jpg","contentUrl":"https:\/\/fornimedical.ch\/wp-content\/uploads\/2024\/04\/forni-medical_transatlantic_gleitfolie-gruen.jpg","width":2481,"height":1487,"caption":"Forni Medical TRANSATLANTIC Einweggleitfolie, gr\u00fcn"},{"@type":"BreadcrumbList","@id":"https:\/\/fornimedical.ch\/fr\/produit\/transatlantic-housse-glissante-a-usage-unique-verte\/#breadcrumb","itemListElement":[{"@type":"ListItem","position":1,"name":"Home","item":"https:\/\/fornimedical.ch\/fr\/"},{"@type":"ListItem","position":2,"name":"Archives boutique en ligne","item":"https:\/\/fornimedical.ch\/fr\/archives-boutique-en-ligne\/"},{"@type":"ListItem","position":3,"name":"TRANSATLANTIC Housse glissante \u00e0 usage unique, verte"}]},{"@type":"WebSite","@id":"https:\/\/fornimedical.ch\/fr\/#website","url":"https:\/\/fornimedical.ch\/fr\/","name":"Forni Medical GmbH","description":"","publisher":{"@id":"https:\/\/fornimedical.ch\/fr\/#organization"},"potentialAction":[{"@type":"SearchAction","target":{"@type":"EntryPoint","urlTemplate":"https:\/\/fornimedical.ch\/fr\/?s={search_term_string}"},"query-input":{"@type":"PropertyValueSpecification","valueRequired":true,"valueName":"search_term_string"}}],"inLanguage":"fr-FR"},{"@type":"Organization","@id":"https:\/\/fornimedical.ch\/fr\/#organization","name":"Forni Medical GmbH","url":"https:\/\/fornimedical.ch\/fr\/","logo":{"@type":"ImageObject","inLanguage":"fr-FR","@id":"https:\/\/fornimedical.ch\/fr\/#\/schema\/logo\/image\/","url":"https:\/\/fornimedical.ch\/wp-content\/uploads\/2023\/08\/logo.svg","contentUrl":"https:\/\/fornimedical.ch\/wp-content\/uploads\/2023\/08\/logo.svg","caption":"Forni Medical GmbH"},"image":{"@id":"https:\/\/fornimedical.ch\/fr\/#\/schema\/logo\/image\/"}}]}},"_links":{"self":[{"href":"https:\/\/fornimedical.ch\/fr\/wp-json\/wp\/v2\/product\/7186","targetHints":{"allow":["GET"]}}],"collection":[{"href":"https:\/\/fornimedical.ch\/fr\/wp-json\/wp\/v2\/product"}],"about":[{"href":"https:\/\/fornimedical.ch\/fr\/wp-json\/wp\/v2\/types\/product"}],"replies":[{"embeddable":true,"href":"https:\/\/fornimedical.ch\/fr\/wp-json\/wp\/v2\/comments?post=7186"}],"wp:featuredmedia":[{"embeddable":true,"href":"https:\/\/fornimedical.ch\/fr\/wp-json\/wp\/v2\/media\/3895"}],"wp:attachment":[{"href":"https:\/\/fornimedical.ch\/fr\/wp-json\/wp\/v2\/media?parent=7186"}],"wp:term":[{"taxonomy":"product_brand","embeddable":true,"href":"https:\/\/fornimedical.ch\/fr\/wp-json\/wp\/v2\/product_brand?post=7186"},{"taxonomy":"product_cat","embeddable":true,"href":"https:\/\/fornimedical.ch\/fr\/wp-json\/wp\/v2\/product_cat?post=7186"},{"taxonomy":"product_tag","embeddable":true,"href":"https:\/\/fornimedical.ch\/fr\/wp-json\/wp\/v2\/product_tag?post=7186"}],"curies":[{"name":"wp","href":"https:\/\/api.w.org\/{rel}","templated":true}]}}