{"id":7180,"date":"2024-04-20T05:47:36","date_gmt":"2024-04-20T05:47:36","guid":{"rendered":"https:\/\/fornimedical.ch\/product\/petermann-alpha-ceinture-de-soutien-rouge\/"},"modified":"2024-08-27T08:52:52","modified_gmt":"2024-08-27T08:52:52","slug":"petermann-alpha-ceinture-de-soutien-rouge","status":"publish","type":"product","link":"https:\/\/fornimedical.ch\/fr\/produit\/petermann-alpha-ceinture-de-soutien-rouge\/","title":{"rendered":"Petermann Alpha Ceinture de soutien, rouge"},"content":{"rendered":"<p>La ceinture de soutien est constitu\u00e9e d\u2019un mat\u00e9riau en nylon r\u00e9sistant \u00e0 l\u2019humidit\u00e9, rembourr\u00e9, anti-d\u00e9rapant sur la zone int\u00e9rieure. La ceinture peut \u00eatre utilis\u00e9e de diff\u00e9rentes mani\u00e8res.Soit elle est plac\u00e9e autour de l\u2019abdomen du patient, fix\u00e9e \u00e0 l&rsquo;aide d\u2019une boucle. Ainsi, le personnel soignant peut ma\u00eetriser les mouvements du patient \u00e0 l\u2019aide des poign\u00e9es plac\u00e9es tout autour, par exemple, pendant la marche ou le transfert sur une chaise. La ceinture peut aussi \u00eatre port\u00e9e par le personnel. Utilis\u00e9e de cette fa\u00e7on la ceinture offre un soutien aux patients instables qui peuvent se tenir aux poign\u00e9es de la ceinture et avoir une meilleure stabilit\u00e9. Veuillez observer le mode d&#8217;emploi!<\/p>\n","protected":false},"excerpt":{"rendered":"<p>Permet la manipulation en toute s\u00e9curit\u00e9 avec une seule personne. Peut \u00eatre utilis\u00e9e en association avec les aides au lever. Capacit\u00e9 de charge max.: 200\u00a0kg.<\/p>\n","protected":false},"featured_media":3905,"comment_status":"closed","ping_status":"closed","template":"","meta":{"_acf_changed":false,"site-sidebar-layout":"default","site-content-layout":"","ast-site-content-layout":"default","site-content-style":"default","site-sidebar-style":"default","ast-global-header-display":"","ast-banner-title-visibility":"","ast-main-header-display":"","ast-hfb-above-header-display":"","ast-hfb-below-header-display":"","ast-hfb-mobile-header-display":"","site-post-title":"","ast-breadcrumbs-content":"","ast-featured-img":"","footer-sml-layout":"","theme-transparent-header-meta":"default","adv-header-id-meta":"","stick-header-meta":"","header-above-stick-meta":"","header-main-stick-meta":"","header-below-stick-meta":"","astra-migrate-meta-layouts":"set","ast-page-background-enabled":"default","ast-page-background-meta":{"desktop":{"background-color":"var(--ast-global-color-4)","background-image":"","background-repeat":"repeat","background-position":"center center","background-size":"auto","background-attachment":"scroll","background-type":"","background-media":"","overlay-type":"","overlay-color":"","overlay-opacity":"","overlay-gradient":""},"tablet":{"background-color":"","background-image":"","background-repeat":"repeat","background-position":"center center","background-size":"auto","background-attachment":"scroll","background-type":"","background-media":"","overlay-type":"","overlay-color":"","overlay-opacity":"","overlay-gradient":""},"mobile":{"background-color":"","background-image":"","background-repeat":"repeat","background-position":"center center","background-size":"auto","background-attachment":"scroll","background-type":"","background-media":"","overlay-type":"","overlay-color":"","overlay-opacity":"","overlay-gradient":""}},"ast-content-background-meta":{"desktop":{"background-color":"var(--ast-global-color-5)","background-image":"","background-repeat":"repeat","background-position":"center center","background-size":"auto","background-attachment":"scroll","background-type":"","background-media":"","overlay-type":"","overlay-color":"","overlay-opacity":"","overlay-gradient":""},"tablet":{"background-color":"var(--ast-global-color-5)","background-image":"","background-repeat":"repeat","background-position":"center center","background-size":"auto","background-attachment":"scroll","background-type":"","background-media":"","overlay-type":"","overlay-color":"","overlay-opacity":"","overlay-gradient":""},"mobile":{"background-color":"var(--ast-global-color-5)","background-image":"","background-repeat":"repeat","background-position":"center center","background-size":"auto","background-attachment":"scroll","background-type":"","background-media":"","overlay-type":"","overlay-color":"","overlay-opacity":"","overlay-gradient":""}}},"product_brand":[],"product_cat":[633],"product_tag":[],"class_list":{"0":"post-7180","1":"product","2":"type-product","3":"status-publish","4":"has-post-thumbnail","6":"product_cat-aides-au-transfert-fr","7":"desktop-align-left","8":"tablet-align-left","9":"mobile-align-left","11":"first","12":"instock","13":"taxable","14":"shipping-taxable","15":"purchasable","16":"product-type-variable","17":"has-default-attributes","18":"add-to-wishlist-before_image"},"acf":[],"yoast_head":"<!-- This site is optimized with the Yoast SEO plugin v26.5 - https:\/\/yoast.com\/wordpress\/plugins\/seo\/ -->\n<title>Petermann Alpha Ceinture de soutien<\/title>\n<meta name=\"description\" content=\"Petermann Alpha Ceinture de soutien, sans latex. Permet la manipulation en toute s\u00e9curit\u00e9 avec une seule personne. Capacit\u00e9 de charge max.: 200\u00a0kg. Polyamide, sans latex\" \/>\n<meta name=\"robots\" content=\"index, follow, max-snippet:-1, max-image-preview:large, max-video-preview:-1\" \/>\n<link rel=\"canonical\" href=\"https:\/\/fornimedical.ch\/fr\/produit\/petermann-alpha-ceinture-de-soutien-rouge\/\" \/>\n<meta property=\"og:locale\" content=\"fr_FR\" \/>\n<meta property=\"og:type\" content=\"article\" \/>\n<meta property=\"og:title\" content=\"Petermann Alpha Ceinture de soutien\" \/>\n<meta property=\"og:description\" content=\"Petermann Alpha Ceinture de soutien, sans latex. Permet la manipulation en toute s\u00e9curit\u00e9 avec une seule personne. Capacit\u00e9 de charge max.: 200\u00a0kg. Polyamide, sans latex\" \/>\n<meta property=\"og:url\" content=\"https:\/\/fornimedical.ch\/fr\/produit\/petermann-alpha-ceinture-de-soutien-rouge\/\" \/>\n<meta property=\"og:site_name\" content=\"Forni Medical GmbH\" \/>\n<meta property=\"article:modified_time\" content=\"2024-08-27T08:52:52+00:00\" \/>\n<meta property=\"og:image\" content=\"https:\/\/fornimedical.ch\/wp-content\/uploads\/2024\/04\/forni-medical_petermann_alpha-halteguertel.jpg\" \/>\n\t<meta property=\"og:image:width\" content=\"2481\" \/>\n\t<meta property=\"og:image:height\" content=\"1487\" \/>\n\t<meta property=\"og:image:type\" content=\"image\/jpeg\" \/>\n<meta name=\"twitter:card\" content=\"summary_large_image\" \/>\n<meta name=\"twitter:label1\" content=\"Dur\u00e9e de lecture estim\u00e9e\" \/>\n\t<meta name=\"twitter:data1\" content=\"1 minute\" \/>\n<script type=\"application\/ld+json\" class=\"yoast-schema-graph\">{\"@context\":\"https:\/\/schema.org\",\"@graph\":[{\"@type\":\"WebPage\",\"@id\":\"https:\/\/fornimedical.ch\/fr\/produit\/petermann-alpha-ceinture-de-soutien-rouge\/\",\"url\":\"https:\/\/fornimedical.ch\/fr\/produit\/petermann-alpha-ceinture-de-soutien-rouge\/\",\"name\":\"Petermann Alpha Ceinture de soutien\",\"isPartOf\":{\"@id\":\"https:\/\/fornimedical.ch\/fr\/#website\"},\"primaryImageOfPage\":{\"@id\":\"https:\/\/fornimedical.ch\/fr\/produit\/petermann-alpha-ceinture-de-soutien-rouge\/#primaryimage\"},\"image\":{\"@id\":\"https:\/\/fornimedical.ch\/fr\/produit\/petermann-alpha-ceinture-de-soutien-rouge\/#primaryimage\"},\"thumbnailUrl\":\"https:\/\/fornimedical.ch\/wp-content\/uploads\/2024\/04\/forni-medical_petermann_alpha-halteguertel.jpg\",\"datePublished\":\"2024-04-20T05:47:36+00:00\",\"dateModified\":\"2024-08-27T08:52:52+00:00\",\"description\":\"Petermann Alpha Ceinture de soutien, sans latex. Permet la manipulation en toute s\u00e9curit\u00e9 avec une seule personne. Capacit\u00e9 de charge max.: 200\u00a0kg. Polyamide, sans latex\",\"breadcrumb\":{\"@id\":\"https:\/\/fornimedical.ch\/fr\/produit\/petermann-alpha-ceinture-de-soutien-rouge\/#breadcrumb\"},\"inLanguage\":\"fr-FR\",\"potentialAction\":[{\"@type\":\"ReadAction\",\"target\":[\"https:\/\/fornimedical.ch\/fr\/produit\/petermann-alpha-ceinture-de-soutien-rouge\/\"]}]},{\"@type\":\"ImageObject\",\"inLanguage\":\"fr-FR\",\"@id\":\"https:\/\/fornimedical.ch\/fr\/produit\/petermann-alpha-ceinture-de-soutien-rouge\/#primaryimage\",\"url\":\"https:\/\/fornimedical.ch\/wp-content\/uploads\/2024\/04\/forni-medical_petermann_alpha-halteguertel.jpg\",\"contentUrl\":\"https:\/\/fornimedical.ch\/wp-content\/uploads\/2024\/04\/forni-medical_petermann_alpha-halteguertel.jpg\",\"width\":2481,\"height\":1487,\"caption\":\"Forni Medical Halteg\u00fcrtel Alpha Petermann\"},{\"@type\":\"BreadcrumbList\",\"@id\":\"https:\/\/fornimedical.ch\/fr\/produit\/petermann-alpha-ceinture-de-soutien-rouge\/#breadcrumb\",\"itemListElement\":[{\"@type\":\"ListItem\",\"position\":1,\"name\":\"Home\",\"item\":\"https:\/\/fornimedical.ch\/fr\/\"},{\"@type\":\"ListItem\",\"position\":2,\"name\":\"Archives boutique en ligne\",\"item\":\"https:\/\/fornimedical.ch\/fr\/archives-boutique-en-ligne\/\"},{\"@type\":\"ListItem\",\"position\":3,\"name\":\"Petermann Alpha Ceinture de soutien, rouge\"}]},{\"@type\":\"WebSite\",\"@id\":\"https:\/\/fornimedical.ch\/fr\/#website\",\"url\":\"https:\/\/fornimedical.ch\/fr\/\",\"name\":\"Forni Medical GmbH\",\"description\":\"\",\"publisher\":{\"@id\":\"https:\/\/fornimedical.ch\/fr\/#organization\"},\"potentialAction\":[{\"@type\":\"SearchAction\",\"target\":{\"@type\":\"EntryPoint\",\"urlTemplate\":\"https:\/\/fornimedical.ch\/fr\/?s={search_term_string}\"},\"query-input\":{\"@type\":\"PropertyValueSpecification\",\"valueRequired\":true,\"valueName\":\"search_term_string\"}}],\"inLanguage\":\"fr-FR\"},{\"@type\":\"Organization\",\"@id\":\"https:\/\/fornimedical.ch\/fr\/#organization\",\"name\":\"Forni Medical GmbH\",\"url\":\"https:\/\/fornimedical.ch\/fr\/\",\"logo\":{\"@type\":\"ImageObject\",\"inLanguage\":\"fr-FR\",\"@id\":\"https:\/\/fornimedical.ch\/fr\/#\/schema\/logo\/image\/\",\"url\":\"https:\/\/fornimedical.ch\/wp-content\/uploads\/2023\/08\/logo.svg\",\"contentUrl\":\"https:\/\/fornimedical.ch\/wp-content\/uploads\/2023\/08\/logo.svg\",\"caption\":\"Forni Medical GmbH\"},\"image\":{\"@id\":\"https:\/\/fornimedical.ch\/fr\/#\/schema\/logo\/image\/\"}}]}<\/script>\n<!-- \/ Yoast SEO plugin. -->","yoast_head_json":{"title":"Petermann Alpha Ceinture de soutien","description":"Petermann Alpha Ceinture de soutien, sans latex. Permet la manipulation en toute s\u00e9curit\u00e9 avec une seule personne. Capacit\u00e9 de charge max.: 200\u00a0kg. Polyamide, sans latex","robots":{"index":"index","follow":"follow","max-snippet":"max-snippet:-1","max-image-preview":"max-image-preview:large","max-video-preview":"max-video-preview:-1"},"canonical":"https:\/\/fornimedical.ch\/fr\/produit\/petermann-alpha-ceinture-de-soutien-rouge\/","og_locale":"fr_FR","og_type":"article","og_title":"Petermann Alpha Ceinture de soutien","og_description":"Petermann Alpha Ceinture de soutien, sans latex. Permet la manipulation en toute s\u00e9curit\u00e9 avec une seule personne. Capacit\u00e9 de charge max.: 200\u00a0kg. Polyamide, sans latex","og_url":"https:\/\/fornimedical.ch\/fr\/produit\/petermann-alpha-ceinture-de-soutien-rouge\/","og_site_name":"Forni Medical GmbH","article_modified_time":"2024-08-27T08:52:52+00:00","og_image":[{"width":2481,"height":1487,"url":"https:\/\/fornimedical.ch\/wp-content\/uploads\/2024\/04\/forni-medical_petermann_alpha-halteguertel.jpg","type":"image\/jpeg"}],"twitter_card":"summary_large_image","twitter_misc":{"Dur\u00e9e de lecture estim\u00e9e":"1 minute"},"schema":{"@context":"https:\/\/schema.org","@graph":[{"@type":"WebPage","@id":"https:\/\/fornimedical.ch\/fr\/produit\/petermann-alpha-ceinture-de-soutien-rouge\/","url":"https:\/\/fornimedical.ch\/fr\/produit\/petermann-alpha-ceinture-de-soutien-rouge\/","name":"Petermann Alpha Ceinture de soutien","isPartOf":{"@id":"https:\/\/fornimedical.ch\/fr\/#website"},"primaryImageOfPage":{"@id":"https:\/\/fornimedical.ch\/fr\/produit\/petermann-alpha-ceinture-de-soutien-rouge\/#primaryimage"},"image":{"@id":"https:\/\/fornimedical.ch\/fr\/produit\/petermann-alpha-ceinture-de-soutien-rouge\/#primaryimage"},"thumbnailUrl":"https:\/\/fornimedical.ch\/wp-content\/uploads\/2024\/04\/forni-medical_petermann_alpha-halteguertel.jpg","datePublished":"2024-04-20T05:47:36+00:00","dateModified":"2024-08-27T08:52:52+00:00","description":"Petermann Alpha Ceinture de soutien, sans latex. Permet la manipulation en toute s\u00e9curit\u00e9 avec une seule personne. Capacit\u00e9 de charge max.: 200\u00a0kg. Polyamide, sans latex","breadcrumb":{"@id":"https:\/\/fornimedical.ch\/fr\/produit\/petermann-alpha-ceinture-de-soutien-rouge\/#breadcrumb"},"inLanguage":"fr-FR","potentialAction":[{"@type":"ReadAction","target":["https:\/\/fornimedical.ch\/fr\/produit\/petermann-alpha-ceinture-de-soutien-rouge\/"]}]},{"@type":"ImageObject","inLanguage":"fr-FR","@id":"https:\/\/fornimedical.ch\/fr\/produit\/petermann-alpha-ceinture-de-soutien-rouge\/#primaryimage","url":"https:\/\/fornimedical.ch\/wp-content\/uploads\/2024\/04\/forni-medical_petermann_alpha-halteguertel.jpg","contentUrl":"https:\/\/fornimedical.ch\/wp-content\/uploads\/2024\/04\/forni-medical_petermann_alpha-halteguertel.jpg","width":2481,"height":1487,"caption":"Forni Medical Halteg\u00fcrtel Alpha Petermann"},{"@type":"BreadcrumbList","@id":"https:\/\/fornimedical.ch\/fr\/produit\/petermann-alpha-ceinture-de-soutien-rouge\/#breadcrumb","itemListElement":[{"@type":"ListItem","position":1,"name":"Home","item":"https:\/\/fornimedical.ch\/fr\/"},{"@type":"ListItem","position":2,"name":"Archives boutique en ligne","item":"https:\/\/fornimedical.ch\/fr\/archives-boutique-en-ligne\/"},{"@type":"ListItem","position":3,"name":"Petermann Alpha Ceinture de soutien, rouge"}]},{"@type":"WebSite","@id":"https:\/\/fornimedical.ch\/fr\/#website","url":"https:\/\/fornimedical.ch\/fr\/","name":"Forni Medical GmbH","description":"","publisher":{"@id":"https:\/\/fornimedical.ch\/fr\/#organization"},"potentialAction":[{"@type":"SearchAction","target":{"@type":"EntryPoint","urlTemplate":"https:\/\/fornimedical.ch\/fr\/?s={search_term_string}"},"query-input":{"@type":"PropertyValueSpecification","valueRequired":true,"valueName":"search_term_string"}}],"inLanguage":"fr-FR"},{"@type":"Organization","@id":"https:\/\/fornimedical.ch\/fr\/#organization","name":"Forni Medical GmbH","url":"https:\/\/fornimedical.ch\/fr\/","logo":{"@type":"ImageObject","inLanguage":"fr-FR","@id":"https:\/\/fornimedical.ch\/fr\/#\/schema\/logo\/image\/","url":"https:\/\/fornimedical.ch\/wp-content\/uploads\/2023\/08\/logo.svg","contentUrl":"https:\/\/fornimedical.ch\/wp-content\/uploads\/2023\/08\/logo.svg","caption":"Forni Medical GmbH"},"image":{"@id":"https:\/\/fornimedical.ch\/fr\/#\/schema\/logo\/image\/"}}]}},"_links":{"self":[{"href":"https:\/\/fornimedical.ch\/fr\/wp-json\/wp\/v2\/product\/7180","targetHints":{"allow":["GET"]}}],"collection":[{"href":"https:\/\/fornimedical.ch\/fr\/wp-json\/wp\/v2\/product"}],"about":[{"href":"https:\/\/fornimedical.ch\/fr\/wp-json\/wp\/v2\/types\/product"}],"replies":[{"embeddable":true,"href":"https:\/\/fornimedical.ch\/fr\/wp-json\/wp\/v2\/comments?post=7180"}],"wp:featuredmedia":[{"embeddable":true,"href":"https:\/\/fornimedical.ch\/fr\/wp-json\/wp\/v2\/media\/3905"}],"wp:attachment":[{"href":"https:\/\/fornimedical.ch\/fr\/wp-json\/wp\/v2\/media?parent=7180"}],"wp:term":[{"taxonomy":"product_brand","embeddable":true,"href":"https:\/\/fornimedical.ch\/fr\/wp-json\/wp\/v2\/product_brand?post=7180"},{"taxonomy":"product_cat","embeddable":true,"href":"https:\/\/fornimedical.ch\/fr\/wp-json\/wp\/v2\/product_cat?post=7180"},{"taxonomy":"product_tag","embeddable":true,"href":"https:\/\/fornimedical.ch\/fr\/wp-json\/wp\/v2\/product_tag?post=7180"}],"curies":[{"name":"wp","href":"https:\/\/api.w.org\/{rel}","templated":true}]}}