{"id":7096,"date":"2024-04-20T06:46:02","date_gmt":"2024-04-20T04:46:02","guid":{"rendered":"https:\/\/fornimedical.ch\/product\/planche-de-transfert-transatlantic-beasy-glider\/"},"modified":"2024-07-17T17:50:35","modified_gmt":"2024-07-17T17:50:35","slug":"planche-de-transfert-transatlantic-beasy-glider","status":"publish","type":"product","link":"https:\/\/fornimedical.ch\/fr\/produit\/planche-de-transfert-transatlantic-beasy-glider\/","title":{"rendered":"Planche de transfert TRANSATLANTIC Beasy Glider"},"content":{"rendered":"<p>Pour \u00e9viter les forces de cisaillement et de frottement, le patient est toujours assis \u00e0 la m\u00eame place sur les mod\u00e8les Beasy: le disque de transfert. Le disque glisse et tourne sur lui-m\u00eame quelque soit le poids qui lui est appliqu\u00e9. Le Beasy Glider est fabriqu\u00e9 en polym\u00e8re DuPont hygi\u00e9nique et tr\u00e8s r\u00e9sistant. Il supporte une charge allant jusqu\u2019\u00e0 200\u00a0kg et est incassable. Le Beasy Glider peut \u00eatre utilis\u00e9, par\u00a0exemple, pour le transfert du fauteuil roulant dans la voiture.<\/p>\n","protected":false},"excerpt":{"rendered":"<p>Planche de transfert 80 x 25,5\u00a0cm. Syst\u00e8me de transfert du patient, avec si\u00e8ge pivotant int\u00e9gr\u00e9<\/p>\n","protected":false},"featured_media":3929,"comment_status":"closed","ping_status":"closed","template":"","meta":{"_acf_changed":false,"site-sidebar-layout":"default","site-content-layout":"","ast-site-content-layout":"default","site-content-style":"default","site-sidebar-style":"default","ast-global-header-display":"","ast-banner-title-visibility":"","ast-main-header-display":"","ast-hfb-above-header-display":"","ast-hfb-below-header-display":"","ast-hfb-mobile-header-display":"","site-post-title":"","ast-breadcrumbs-content":"","ast-featured-img":"","footer-sml-layout":"","theme-transparent-header-meta":"default","adv-header-id-meta":"","stick-header-meta":"","header-above-stick-meta":"","header-main-stick-meta":"","header-below-stick-meta":"","astra-migrate-meta-layouts":"default","ast-page-background-enabled":"default","ast-page-background-meta":{"desktop":{"background-color":"var(--ast-global-color-4)","background-image":"","background-repeat":"repeat","background-position":"center center","background-size":"auto","background-attachment":"scroll","background-type":"","background-media":"","overlay-type":"","overlay-color":"","overlay-opacity":"","overlay-gradient":""},"tablet":{"background-color":"","background-image":"","background-repeat":"repeat","background-position":"center center","background-size":"auto","background-attachment":"scroll","background-type":"","background-media":"","overlay-type":"","overlay-color":"","overlay-opacity":"","overlay-gradient":""},"mobile":{"background-color":"","background-image":"","background-repeat":"repeat","background-position":"center center","background-size":"auto","background-attachment":"scroll","background-type":"","background-media":"","overlay-type":"","overlay-color":"","overlay-opacity":"","overlay-gradient":""}},"ast-content-background-meta":{"desktop":{"background-color":"var(--ast-global-color-5)","background-image":"","background-repeat":"repeat","background-position":"center center","background-size":"auto","background-attachment":"scroll","background-type":"","background-media":"","overlay-type":"","overlay-color":"","overlay-opacity":"","overlay-gradient":""},"tablet":{"background-color":"var(--ast-global-color-5)","background-image":"","background-repeat":"repeat","background-position":"center center","background-size":"auto","background-attachment":"scroll","background-type":"","background-media":"","overlay-type":"","overlay-color":"","overlay-opacity":"","overlay-gradient":""},"mobile":{"background-color":"var(--ast-global-color-5)","background-image":"","background-repeat":"repeat","background-position":"center center","background-size":"auto","background-attachment":"scroll","background-type":"","background-media":"","overlay-type":"","overlay-color":"","overlay-opacity":"","overlay-gradient":""}}},"product_brand":[],"product_cat":[633],"product_tag":[],"class_list":{"0":"post-7096","1":"product","2":"type-product","3":"status-publish","4":"has-post-thumbnail","6":"product_cat-aides-au-transfert-fr","7":"desktop-align-left","8":"tablet-align-left","9":"mobile-align-left","11":"first","12":"instock","13":"taxable","14":"shipping-taxable","15":"purchasable","16":"product-type-variable","17":"has-default-attributes","18":"add-to-wishlist-before_image"},"acf":[],"yoast_head":"<!-- This site is optimized with the Yoast SEO plugin v26.5 - https:\/\/yoast.com\/wordpress\/plugins\/seo\/ -->\n<title>Planche de transfert TRANSATLANTIC Beasy Glider<\/title>\n<meta name=\"description\" content=\"Planche de transfert TRANSATLANTIC Beasy Glider 80 x 25,5\u00a0cm, syst\u00e8me de transfert du patient, avec si\u00e8ge pivotant int\u00e9gr\u00e9. Composition: DuPont MINLON %\" \/>\n<meta name=\"robots\" content=\"index, follow, max-snippet:-1, max-image-preview:large, max-video-preview:-1\" \/>\n<link rel=\"canonical\" href=\"https:\/\/fornimedical.ch\/fr\/produit\/planche-de-transfert-transatlantic-beasy-glider\/\" \/>\n<meta property=\"og:locale\" content=\"fr_FR\" \/>\n<meta property=\"og:type\" content=\"article\" \/>\n<meta property=\"og:title\" content=\"Planche de transfert TRANSATLANTIC Beasy Glider\" \/>\n<meta property=\"og:description\" content=\"Planche de transfert TRANSATLANTIC Beasy Glider 80 x 25,5\u00a0cm, syst\u00e8me de transfert du patient, avec si\u00e8ge pivotant int\u00e9gr\u00e9. Composition: DuPont MINLON %\" \/>\n<meta property=\"og:url\" content=\"https:\/\/fornimedical.ch\/fr\/produit\/planche-de-transfert-transatlantic-beasy-glider\/\" \/>\n<meta property=\"og:site_name\" content=\"Forni Medical GmbH\" \/>\n<meta property=\"article:modified_time\" content=\"2024-07-17T17:50:35+00:00\" \/>\n<meta property=\"og:image\" content=\"https:\/\/fornimedical.ch\/wp-content\/uploads\/2024\/04\/forni-medical_transatlantic_beasy-glider_rutschbrett.jpg\" \/>\n\t<meta property=\"og:image:width\" content=\"2481\" \/>\n\t<meta property=\"og:image:height\" content=\"1487\" \/>\n\t<meta property=\"og:image:type\" content=\"image\/jpeg\" \/>\n<meta name=\"twitter:card\" content=\"summary_large_image\" \/>\n<script type=\"application\/ld+json\" class=\"yoast-schema-graph\">{\"@context\":\"https:\/\/schema.org\",\"@graph\":[{\"@type\":\"WebPage\",\"@id\":\"https:\/\/fornimedical.ch\/fr\/produit\/planche-de-transfert-transatlantic-beasy-glider\/\",\"url\":\"https:\/\/fornimedical.ch\/fr\/produit\/planche-de-transfert-transatlantic-beasy-glider\/\",\"name\":\"Planche de transfert TRANSATLANTIC Beasy Glider\",\"isPartOf\":{\"@id\":\"https:\/\/fornimedical.ch\/fr\/#website\"},\"primaryImageOfPage\":{\"@id\":\"https:\/\/fornimedical.ch\/fr\/produit\/planche-de-transfert-transatlantic-beasy-glider\/#primaryimage\"},\"image\":{\"@id\":\"https:\/\/fornimedical.ch\/fr\/produit\/planche-de-transfert-transatlantic-beasy-glider\/#primaryimage\"},\"thumbnailUrl\":\"https:\/\/fornimedical.ch\/wp-content\/uploads\/2024\/04\/forni-medical_transatlantic_beasy-glider_rutschbrett.jpg\",\"datePublished\":\"2024-04-20T04:46:02+00:00\",\"dateModified\":\"2024-07-17T17:50:35+00:00\",\"description\":\"Planche de transfert TRANSATLANTIC Beasy Glider 80 x 25,5\u00a0cm, syst\u00e8me de transfert du patient, avec si\u00e8ge pivotant int\u00e9gr\u00e9. Composition: DuPont MINLON %\",\"breadcrumb\":{\"@id\":\"https:\/\/fornimedical.ch\/fr\/produit\/planche-de-transfert-transatlantic-beasy-glider\/#breadcrumb\"},\"inLanguage\":\"fr-FR\",\"potentialAction\":[{\"@type\":\"ReadAction\",\"target\":[\"https:\/\/fornimedical.ch\/fr\/produit\/planche-de-transfert-transatlantic-beasy-glider\/\"]}]},{\"@type\":\"ImageObject\",\"inLanguage\":\"fr-FR\",\"@id\":\"https:\/\/fornimedical.ch\/fr\/produit\/planche-de-transfert-transatlantic-beasy-glider\/#primaryimage\",\"url\":\"https:\/\/fornimedical.ch\/wp-content\/uploads\/2024\/04\/forni-medical_transatlantic_beasy-glider_rutschbrett.jpg\",\"contentUrl\":\"https:\/\/fornimedical.ch\/wp-content\/uploads\/2024\/04\/forni-medical_transatlantic_beasy-glider_rutschbrett.jpg\",\"width\":2481,\"height\":1487,\"caption\":\"Forni Medical TRANSATLANTIC Rutschbrett Beasy Glider\"},{\"@type\":\"BreadcrumbList\",\"@id\":\"https:\/\/fornimedical.ch\/fr\/produit\/planche-de-transfert-transatlantic-beasy-glider\/#breadcrumb\",\"itemListElement\":[{\"@type\":\"ListItem\",\"position\":1,\"name\":\"Home\",\"item\":\"https:\/\/fornimedical.ch\/fr\/\"},{\"@type\":\"ListItem\",\"position\":2,\"name\":\"Archives boutique en ligne\",\"item\":\"https:\/\/fornimedical.ch\/fr\/archives-boutique-en-ligne\/\"},{\"@type\":\"ListItem\",\"position\":3,\"name\":\"Planche de transfert TRANSATLANTIC Beasy Glider\"}]},{\"@type\":\"WebSite\",\"@id\":\"https:\/\/fornimedical.ch\/fr\/#website\",\"url\":\"https:\/\/fornimedical.ch\/fr\/\",\"name\":\"Forni Medical GmbH\",\"description\":\"\",\"publisher\":{\"@id\":\"https:\/\/fornimedical.ch\/fr\/#organization\"},\"potentialAction\":[{\"@type\":\"SearchAction\",\"target\":{\"@type\":\"EntryPoint\",\"urlTemplate\":\"https:\/\/fornimedical.ch\/fr\/?s={search_term_string}\"},\"query-input\":{\"@type\":\"PropertyValueSpecification\",\"valueRequired\":true,\"valueName\":\"search_term_string\"}}],\"inLanguage\":\"fr-FR\"},{\"@type\":\"Organization\",\"@id\":\"https:\/\/fornimedical.ch\/fr\/#organization\",\"name\":\"Forni Medical GmbH\",\"url\":\"https:\/\/fornimedical.ch\/fr\/\",\"logo\":{\"@type\":\"ImageObject\",\"inLanguage\":\"fr-FR\",\"@id\":\"https:\/\/fornimedical.ch\/fr\/#\/schema\/logo\/image\/\",\"url\":\"https:\/\/fornimedical.ch\/wp-content\/uploads\/2023\/08\/logo.svg\",\"contentUrl\":\"https:\/\/fornimedical.ch\/wp-content\/uploads\/2023\/08\/logo.svg\",\"caption\":\"Forni Medical GmbH\"},\"image\":{\"@id\":\"https:\/\/fornimedical.ch\/fr\/#\/schema\/logo\/image\/\"}}]}<\/script>\n<!-- \/ Yoast SEO plugin. -->","yoast_head_json":{"title":"Planche de transfert TRANSATLANTIC Beasy Glider","description":"Planche de transfert TRANSATLANTIC Beasy Glider 80 x 25,5\u00a0cm, syst\u00e8me de transfert du patient, avec si\u00e8ge pivotant int\u00e9gr\u00e9. Composition: DuPont MINLON %","robots":{"index":"index","follow":"follow","max-snippet":"max-snippet:-1","max-image-preview":"max-image-preview:large","max-video-preview":"max-video-preview:-1"},"canonical":"https:\/\/fornimedical.ch\/fr\/produit\/planche-de-transfert-transatlantic-beasy-glider\/","og_locale":"fr_FR","og_type":"article","og_title":"Planche de transfert TRANSATLANTIC Beasy Glider","og_description":"Planche de transfert TRANSATLANTIC Beasy Glider 80 x 25,5\u00a0cm, syst\u00e8me de transfert du patient, avec si\u00e8ge pivotant int\u00e9gr\u00e9. Composition: DuPont MINLON %","og_url":"https:\/\/fornimedical.ch\/fr\/produit\/planche-de-transfert-transatlantic-beasy-glider\/","og_site_name":"Forni Medical GmbH","article_modified_time":"2024-07-17T17:50:35+00:00","og_image":[{"width":2481,"height":1487,"url":"https:\/\/fornimedical.ch\/wp-content\/uploads\/2024\/04\/forni-medical_transatlantic_beasy-glider_rutschbrett.jpg","type":"image\/jpeg"}],"twitter_card":"summary_large_image","schema":{"@context":"https:\/\/schema.org","@graph":[{"@type":"WebPage","@id":"https:\/\/fornimedical.ch\/fr\/produit\/planche-de-transfert-transatlantic-beasy-glider\/","url":"https:\/\/fornimedical.ch\/fr\/produit\/planche-de-transfert-transatlantic-beasy-glider\/","name":"Planche de transfert TRANSATLANTIC Beasy Glider","isPartOf":{"@id":"https:\/\/fornimedical.ch\/fr\/#website"},"primaryImageOfPage":{"@id":"https:\/\/fornimedical.ch\/fr\/produit\/planche-de-transfert-transatlantic-beasy-glider\/#primaryimage"},"image":{"@id":"https:\/\/fornimedical.ch\/fr\/produit\/planche-de-transfert-transatlantic-beasy-glider\/#primaryimage"},"thumbnailUrl":"https:\/\/fornimedical.ch\/wp-content\/uploads\/2024\/04\/forni-medical_transatlantic_beasy-glider_rutschbrett.jpg","datePublished":"2024-04-20T04:46:02+00:00","dateModified":"2024-07-17T17:50:35+00:00","description":"Planche de transfert TRANSATLANTIC Beasy Glider 80 x 25,5\u00a0cm, syst\u00e8me de transfert du patient, avec si\u00e8ge pivotant int\u00e9gr\u00e9. Composition: DuPont MINLON %","breadcrumb":{"@id":"https:\/\/fornimedical.ch\/fr\/produit\/planche-de-transfert-transatlantic-beasy-glider\/#breadcrumb"},"inLanguage":"fr-FR","potentialAction":[{"@type":"ReadAction","target":["https:\/\/fornimedical.ch\/fr\/produit\/planche-de-transfert-transatlantic-beasy-glider\/"]}]},{"@type":"ImageObject","inLanguage":"fr-FR","@id":"https:\/\/fornimedical.ch\/fr\/produit\/planche-de-transfert-transatlantic-beasy-glider\/#primaryimage","url":"https:\/\/fornimedical.ch\/wp-content\/uploads\/2024\/04\/forni-medical_transatlantic_beasy-glider_rutschbrett.jpg","contentUrl":"https:\/\/fornimedical.ch\/wp-content\/uploads\/2024\/04\/forni-medical_transatlantic_beasy-glider_rutschbrett.jpg","width":2481,"height":1487,"caption":"Forni Medical TRANSATLANTIC Rutschbrett Beasy Glider"},{"@type":"BreadcrumbList","@id":"https:\/\/fornimedical.ch\/fr\/produit\/planche-de-transfert-transatlantic-beasy-glider\/#breadcrumb","itemListElement":[{"@type":"ListItem","position":1,"name":"Home","item":"https:\/\/fornimedical.ch\/fr\/"},{"@type":"ListItem","position":2,"name":"Archives boutique en ligne","item":"https:\/\/fornimedical.ch\/fr\/archives-boutique-en-ligne\/"},{"@type":"ListItem","position":3,"name":"Planche de transfert TRANSATLANTIC Beasy Glider"}]},{"@type":"WebSite","@id":"https:\/\/fornimedical.ch\/fr\/#website","url":"https:\/\/fornimedical.ch\/fr\/","name":"Forni Medical GmbH","description":"","publisher":{"@id":"https:\/\/fornimedical.ch\/fr\/#organization"},"potentialAction":[{"@type":"SearchAction","target":{"@type":"EntryPoint","urlTemplate":"https:\/\/fornimedical.ch\/fr\/?s={search_term_string}"},"query-input":{"@type":"PropertyValueSpecification","valueRequired":true,"valueName":"search_term_string"}}],"inLanguage":"fr-FR"},{"@type":"Organization","@id":"https:\/\/fornimedical.ch\/fr\/#organization","name":"Forni Medical GmbH","url":"https:\/\/fornimedical.ch\/fr\/","logo":{"@type":"ImageObject","inLanguage":"fr-FR","@id":"https:\/\/fornimedical.ch\/fr\/#\/schema\/logo\/image\/","url":"https:\/\/fornimedical.ch\/wp-content\/uploads\/2023\/08\/logo.svg","contentUrl":"https:\/\/fornimedical.ch\/wp-content\/uploads\/2023\/08\/logo.svg","caption":"Forni Medical GmbH"},"image":{"@id":"https:\/\/fornimedical.ch\/fr\/#\/schema\/logo\/image\/"}}]}},"_links":{"self":[{"href":"https:\/\/fornimedical.ch\/fr\/wp-json\/wp\/v2\/product\/7096","targetHints":{"allow":["GET"]}}],"collection":[{"href":"https:\/\/fornimedical.ch\/fr\/wp-json\/wp\/v2\/product"}],"about":[{"href":"https:\/\/fornimedical.ch\/fr\/wp-json\/wp\/v2\/types\/product"}],"replies":[{"embeddable":true,"href":"https:\/\/fornimedical.ch\/fr\/wp-json\/wp\/v2\/comments?post=7096"}],"wp:featuredmedia":[{"embeddable":true,"href":"https:\/\/fornimedical.ch\/fr\/wp-json\/wp\/v2\/media\/3929"}],"wp:attachment":[{"href":"https:\/\/fornimedical.ch\/fr\/wp-json\/wp\/v2\/media?parent=7096"}],"wp:term":[{"taxonomy":"product_brand","embeddable":true,"href":"https:\/\/fornimedical.ch\/fr\/wp-json\/wp\/v2\/product_brand?post=7096"},{"taxonomy":"product_cat","embeddable":true,"href":"https:\/\/fornimedical.ch\/fr\/wp-json\/wp\/v2\/product_cat?post=7096"},{"taxonomy":"product_tag","embeddable":true,"href":"https:\/\/fornimedical.ch\/fr\/wp-json\/wp\/v2\/product_tag?post=7096"}],"curies":[{"name":"wp","href":"https:\/\/api.w.org\/{rel}","templated":true}]}}