{"id":7094,"date":"2024-04-20T06:54:40","date_gmt":"2024-04-20T04:54:40","guid":{"rendered":"https:\/\/fornimedical.ch\/product\/transatlantic-planche-de-transfert-argent-coulisseau-m\/"},"modified":"2024-07-30T13:09:44","modified_gmt":"2024-07-30T13:09:44","slug":"transatlantic-planche-de-transfert-silver-glider-m","status":"publish","type":"product","link":"https:\/\/fornimedical.ch\/fr\/produit\/transatlantic-planche-de-transfert-silver-glider-m\/","title":{"rendered":"TRANSATLANTIC Planche de transfert Silver Glider M"},"content":{"rendered":"<p>La forme \u00e9prouv\u00e9e des planches de transfert Silver Glider M et L a \u00e9t\u00e9 con\u00e7ue avec l\u2019aide de th\u00e9rapeutes. Gr\u00e2ce \u00e0 leur surface tr\u00e8s lisse, les planches de transfert minimisent la r\u00e9sistance \u00e0 la friction tandis que les supports antid\u00e9rapants emp\u00eachent la planche de glisser sur le support. Convient notamment pour les personnes en fauteuil roulant.<\/p>\n<ul>\n<li>Manipulation simple gr\u00e2ce \u00e0 la grande poign\u00e9e<\/li>\n<li>Extr\u00eamement hygi\u00e9nique gr\u00e2ce \u00e0 une surface de glisse lisse sans rainures<\/li>\n<li>Peut \u00eatre d\u00e9sinfect\u00e9e facilement avec tous les produits de nettoyage courants<\/li>\n<li>Design sobre et discret<\/li>\n<li>Capacit\u00e9 de charge jusqu\u2019\u00e0 180\u00a0kg<\/li>\n<li>Coussins anti-glissement presque pas visibles, faciles \u00e0 remplacer sans laisser de traces<\/li>\n<\/ul>\n","protected":false},"excerpt":{"rendered":"<p>Planche de transfert 67 x 22\u00a0cm, pour des transferts fauteuil roulant-auto-lit faciles.<\/p>\n","protected":false},"featured_media":3935,"comment_status":"closed","ping_status":"closed","template":"","meta":{"_acf_changed":false,"site-sidebar-layout":"default","site-content-layout":"","ast-site-content-layout":"default","site-content-style":"default","site-sidebar-style":"default","ast-global-header-display":"","ast-banner-title-visibility":"","ast-main-header-display":"","ast-hfb-above-header-display":"","ast-hfb-below-header-display":"","ast-hfb-mobile-header-display":"","site-post-title":"","ast-breadcrumbs-content":"","ast-featured-img":"","footer-sml-layout":"","theme-transparent-header-meta":"default","adv-header-id-meta":"","stick-header-meta":"","header-above-stick-meta":"","header-main-stick-meta":"","header-below-stick-meta":"","astra-migrate-meta-layouts":"set","ast-page-background-enabled":"default","ast-page-background-meta":{"desktop":{"background-color":"var(--ast-global-color-4)","background-image":"","background-repeat":"repeat","background-position":"center center","background-size":"auto","background-attachment":"scroll","background-type":"","background-media":"","overlay-type":"","overlay-color":"","overlay-opacity":"","overlay-gradient":""},"tablet":{"background-color":"","background-image":"","background-repeat":"repeat","background-position":"center center","background-size":"auto","background-attachment":"scroll","background-type":"","background-media":"","overlay-type":"","overlay-color":"","overlay-opacity":"","overlay-gradient":""},"mobile":{"background-color":"","background-image":"","background-repeat":"repeat","background-position":"center center","background-size":"auto","background-attachment":"scroll","background-type":"","background-media":"","overlay-type":"","overlay-color":"","overlay-opacity":"","overlay-gradient":""}},"ast-content-background-meta":{"desktop":{"background-color":"var(--ast-global-color-5)","background-image":"","background-repeat":"repeat","background-position":"center center","background-size":"auto","background-attachment":"scroll","background-type":"","background-media":"","overlay-type":"","overlay-color":"","overlay-opacity":"","overlay-gradient":""},"tablet":{"background-color":"var(--ast-global-color-5)","background-image":"","background-repeat":"repeat","background-position":"center center","background-size":"auto","background-attachment":"scroll","background-type":"","background-media":"","overlay-type":"","overlay-color":"","overlay-opacity":"","overlay-gradient":""},"mobile":{"background-color":"var(--ast-global-color-5)","background-image":"","background-repeat":"repeat","background-position":"center center","background-size":"auto","background-attachment":"scroll","background-type":"","background-media":"","overlay-type":"","overlay-color":"","overlay-opacity":"","overlay-gradient":""}}},"product_brand":[],"product_cat":[633],"product_tag":[],"class_list":{"0":"post-7094","1":"product","2":"type-product","3":"status-publish","4":"has-post-thumbnail","6":"product_cat-aides-au-transfert-fr","7":"desktop-align-left","8":"tablet-align-left","9":"mobile-align-left","11":"first","12":"instock","13":"taxable","14":"shipping-taxable","15":"purchasable","16":"product-type-variable","17":"has-default-attributes","18":"add-to-wishlist-before_image"},"acf":[],"yoast_head":"<!-- This site is optimized with the Yoast SEO plugin v26.5 - https:\/\/yoast.com\/wordpress\/plugins\/seo\/ -->\n<title>TRANSATLANTIC Planche de transfert Silver Glider\u00a0M<\/title>\n<meta name=\"description\" content=\"TRANSATLANTIC Planche de transfert Silver Glider\u00a0M, 67 x 22\u00a0cm Pour les transferts fauteuil roulant-auto-lit. Composition: HDPE\" \/>\n<meta name=\"robots\" content=\"index, follow, max-snippet:-1, max-image-preview:large, max-video-preview:-1\" \/>\n<link rel=\"canonical\" href=\"https:\/\/fornimedical.ch\/fr\/produit\/transatlantic-planche-de-transfert-silver-glider-m\/\" \/>\n<meta property=\"og:locale\" content=\"fr_FR\" \/>\n<meta property=\"og:type\" content=\"article\" \/>\n<meta property=\"og:title\" content=\"TRANSATLANTIC Planche de transfert Silver Glider\u00a0M\" \/>\n<meta property=\"og:description\" content=\"TRANSATLANTIC Planche de transfert Silver Glider\u00a0M, 67 x 22\u00a0cm Pour les transferts fauteuil roulant-auto-lit. Composition: HDPE\" \/>\n<meta property=\"og:url\" content=\"https:\/\/fornimedical.ch\/fr\/produit\/transatlantic-planche-de-transfert-silver-glider-m\/\" \/>\n<meta property=\"og:site_name\" content=\"Forni Medical GmbH\" \/>\n<meta property=\"article:modified_time\" content=\"2024-07-30T13:09:44+00:00\" \/>\n<meta property=\"og:image\" content=\"https:\/\/fornimedical.ch\/wp-content\/uploads\/2024\/04\/forni-medical_transatlantic_silber-gleiter-m_rutschbrett.jpg\" \/>\n\t<meta property=\"og:image:width\" content=\"2481\" \/>\n\t<meta property=\"og:image:height\" content=\"1487\" \/>\n\t<meta property=\"og:image:type\" content=\"image\/jpeg\" \/>\n<meta name=\"twitter:card\" content=\"summary_large_image\" \/>\n<meta name=\"twitter:label1\" content=\"Dur\u00e9e de lecture estim\u00e9e\" \/>\n\t<meta name=\"twitter:data1\" content=\"1 minute\" \/>\n<script type=\"application\/ld+json\" class=\"yoast-schema-graph\">{\"@context\":\"https:\/\/schema.org\",\"@graph\":[{\"@type\":\"WebPage\",\"@id\":\"https:\/\/fornimedical.ch\/fr\/produit\/transatlantic-planche-de-transfert-silver-glider-m\/\",\"url\":\"https:\/\/fornimedical.ch\/fr\/produit\/transatlantic-planche-de-transfert-silver-glider-m\/\",\"name\":\"TRANSATLANTIC Planche de transfert Silver Glider\u00a0M\",\"isPartOf\":{\"@id\":\"https:\/\/fornimedical.ch\/fr\/#website\"},\"primaryImageOfPage\":{\"@id\":\"https:\/\/fornimedical.ch\/fr\/produit\/transatlantic-planche-de-transfert-silver-glider-m\/#primaryimage\"},\"image\":{\"@id\":\"https:\/\/fornimedical.ch\/fr\/produit\/transatlantic-planche-de-transfert-silver-glider-m\/#primaryimage\"},\"thumbnailUrl\":\"https:\/\/fornimedical.ch\/wp-content\/uploads\/2024\/04\/forni-medical_transatlantic_silber-gleiter-m_rutschbrett.jpg\",\"datePublished\":\"2024-04-20T04:54:40+00:00\",\"dateModified\":\"2024-07-30T13:09:44+00:00\",\"description\":\"TRANSATLANTIC Planche de transfert Silver Glider\u00a0M, 67 x 22\u00a0cm Pour les transferts fauteuil roulant-auto-lit. Composition: HDPE\",\"breadcrumb\":{\"@id\":\"https:\/\/fornimedical.ch\/fr\/produit\/transatlantic-planche-de-transfert-silver-glider-m\/#breadcrumb\"},\"inLanguage\":\"fr-FR\",\"potentialAction\":[{\"@type\":\"ReadAction\",\"target\":[\"https:\/\/fornimedical.ch\/fr\/produit\/transatlantic-planche-de-transfert-silver-glider-m\/\"]}]},{\"@type\":\"ImageObject\",\"inLanguage\":\"fr-FR\",\"@id\":\"https:\/\/fornimedical.ch\/fr\/produit\/transatlantic-planche-de-transfert-silver-glider-m\/#primaryimage\",\"url\":\"https:\/\/fornimedical.ch\/wp-content\/uploads\/2024\/04\/forni-medical_transatlantic_silber-gleiter-m_rutschbrett.jpg\",\"contentUrl\":\"https:\/\/fornimedical.ch\/wp-content\/uploads\/2024\/04\/forni-medical_transatlantic_silber-gleiter-m_rutschbrett.jpg\",\"width\":2481,\"height\":1487,\"caption\":\"Forni Mecial TRANSATLANTIC Rutschbrett Silber Gleiter M\"},{\"@type\":\"BreadcrumbList\",\"@id\":\"https:\/\/fornimedical.ch\/fr\/produit\/transatlantic-planche-de-transfert-silver-glider-m\/#breadcrumb\",\"itemListElement\":[{\"@type\":\"ListItem\",\"position\":1,\"name\":\"Home\",\"item\":\"https:\/\/fornimedical.ch\/fr\/\"},{\"@type\":\"ListItem\",\"position\":2,\"name\":\"Archives boutique en ligne\",\"item\":\"https:\/\/fornimedical.ch\/fr\/archives-boutique-en-ligne\/\"},{\"@type\":\"ListItem\",\"position\":3,\"name\":\"TRANSATLANTIC Planche de transfert Silver Glider M\"}]},{\"@type\":\"WebSite\",\"@id\":\"https:\/\/fornimedical.ch\/fr\/#website\",\"url\":\"https:\/\/fornimedical.ch\/fr\/\",\"name\":\"Forni Medical GmbH\",\"description\":\"\",\"publisher\":{\"@id\":\"https:\/\/fornimedical.ch\/fr\/#organization\"},\"potentialAction\":[{\"@type\":\"SearchAction\",\"target\":{\"@type\":\"EntryPoint\",\"urlTemplate\":\"https:\/\/fornimedical.ch\/fr\/?s={search_term_string}\"},\"query-input\":{\"@type\":\"PropertyValueSpecification\",\"valueRequired\":true,\"valueName\":\"search_term_string\"}}],\"inLanguage\":\"fr-FR\"},{\"@type\":\"Organization\",\"@id\":\"https:\/\/fornimedical.ch\/fr\/#organization\",\"name\":\"Forni Medical GmbH\",\"url\":\"https:\/\/fornimedical.ch\/fr\/\",\"logo\":{\"@type\":\"ImageObject\",\"inLanguage\":\"fr-FR\",\"@id\":\"https:\/\/fornimedical.ch\/fr\/#\/schema\/logo\/image\/\",\"url\":\"https:\/\/fornimedical.ch\/wp-content\/uploads\/2023\/08\/logo.svg\",\"contentUrl\":\"https:\/\/fornimedical.ch\/wp-content\/uploads\/2023\/08\/logo.svg\",\"caption\":\"Forni Medical GmbH\"},\"image\":{\"@id\":\"https:\/\/fornimedical.ch\/fr\/#\/schema\/logo\/image\/\"}}]}<\/script>\n<!-- \/ Yoast SEO plugin. -->","yoast_head_json":{"title":"TRANSATLANTIC Planche de transfert Silver Glider\u00a0M","description":"TRANSATLANTIC Planche de transfert Silver Glider\u00a0M, 67 x 22\u00a0cm Pour les transferts fauteuil roulant-auto-lit. Composition: HDPE","robots":{"index":"index","follow":"follow","max-snippet":"max-snippet:-1","max-image-preview":"max-image-preview:large","max-video-preview":"max-video-preview:-1"},"canonical":"https:\/\/fornimedical.ch\/fr\/produit\/transatlantic-planche-de-transfert-silver-glider-m\/","og_locale":"fr_FR","og_type":"article","og_title":"TRANSATLANTIC Planche de transfert Silver Glider\u00a0M","og_description":"TRANSATLANTIC Planche de transfert Silver Glider\u00a0M, 67 x 22\u00a0cm Pour les transferts fauteuil roulant-auto-lit. Composition: HDPE","og_url":"https:\/\/fornimedical.ch\/fr\/produit\/transatlantic-planche-de-transfert-silver-glider-m\/","og_site_name":"Forni Medical GmbH","article_modified_time":"2024-07-30T13:09:44+00:00","og_image":[{"width":2481,"height":1487,"url":"https:\/\/fornimedical.ch\/wp-content\/uploads\/2024\/04\/forni-medical_transatlantic_silber-gleiter-m_rutschbrett.jpg","type":"image\/jpeg"}],"twitter_card":"summary_large_image","twitter_misc":{"Dur\u00e9e de lecture estim\u00e9e":"1 minute"},"schema":{"@context":"https:\/\/schema.org","@graph":[{"@type":"WebPage","@id":"https:\/\/fornimedical.ch\/fr\/produit\/transatlantic-planche-de-transfert-silver-glider-m\/","url":"https:\/\/fornimedical.ch\/fr\/produit\/transatlantic-planche-de-transfert-silver-glider-m\/","name":"TRANSATLANTIC Planche de transfert Silver Glider\u00a0M","isPartOf":{"@id":"https:\/\/fornimedical.ch\/fr\/#website"},"primaryImageOfPage":{"@id":"https:\/\/fornimedical.ch\/fr\/produit\/transatlantic-planche-de-transfert-silver-glider-m\/#primaryimage"},"image":{"@id":"https:\/\/fornimedical.ch\/fr\/produit\/transatlantic-planche-de-transfert-silver-glider-m\/#primaryimage"},"thumbnailUrl":"https:\/\/fornimedical.ch\/wp-content\/uploads\/2024\/04\/forni-medical_transatlantic_silber-gleiter-m_rutschbrett.jpg","datePublished":"2024-04-20T04:54:40+00:00","dateModified":"2024-07-30T13:09:44+00:00","description":"TRANSATLANTIC Planche de transfert Silver Glider\u00a0M, 67 x 22\u00a0cm Pour les transferts fauteuil roulant-auto-lit. Composition: HDPE","breadcrumb":{"@id":"https:\/\/fornimedical.ch\/fr\/produit\/transatlantic-planche-de-transfert-silver-glider-m\/#breadcrumb"},"inLanguage":"fr-FR","potentialAction":[{"@type":"ReadAction","target":["https:\/\/fornimedical.ch\/fr\/produit\/transatlantic-planche-de-transfert-silver-glider-m\/"]}]},{"@type":"ImageObject","inLanguage":"fr-FR","@id":"https:\/\/fornimedical.ch\/fr\/produit\/transatlantic-planche-de-transfert-silver-glider-m\/#primaryimage","url":"https:\/\/fornimedical.ch\/wp-content\/uploads\/2024\/04\/forni-medical_transatlantic_silber-gleiter-m_rutschbrett.jpg","contentUrl":"https:\/\/fornimedical.ch\/wp-content\/uploads\/2024\/04\/forni-medical_transatlantic_silber-gleiter-m_rutschbrett.jpg","width":2481,"height":1487,"caption":"Forni Mecial TRANSATLANTIC Rutschbrett Silber Gleiter M"},{"@type":"BreadcrumbList","@id":"https:\/\/fornimedical.ch\/fr\/produit\/transatlantic-planche-de-transfert-silver-glider-m\/#breadcrumb","itemListElement":[{"@type":"ListItem","position":1,"name":"Home","item":"https:\/\/fornimedical.ch\/fr\/"},{"@type":"ListItem","position":2,"name":"Archives boutique en ligne","item":"https:\/\/fornimedical.ch\/fr\/archives-boutique-en-ligne\/"},{"@type":"ListItem","position":3,"name":"TRANSATLANTIC Planche de transfert Silver Glider M"}]},{"@type":"WebSite","@id":"https:\/\/fornimedical.ch\/fr\/#website","url":"https:\/\/fornimedical.ch\/fr\/","name":"Forni Medical GmbH","description":"","publisher":{"@id":"https:\/\/fornimedical.ch\/fr\/#organization"},"potentialAction":[{"@type":"SearchAction","target":{"@type":"EntryPoint","urlTemplate":"https:\/\/fornimedical.ch\/fr\/?s={search_term_string}"},"query-input":{"@type":"PropertyValueSpecification","valueRequired":true,"valueName":"search_term_string"}}],"inLanguage":"fr-FR"},{"@type":"Organization","@id":"https:\/\/fornimedical.ch\/fr\/#organization","name":"Forni Medical GmbH","url":"https:\/\/fornimedical.ch\/fr\/","logo":{"@type":"ImageObject","inLanguage":"fr-FR","@id":"https:\/\/fornimedical.ch\/fr\/#\/schema\/logo\/image\/","url":"https:\/\/fornimedical.ch\/wp-content\/uploads\/2023\/08\/logo.svg","contentUrl":"https:\/\/fornimedical.ch\/wp-content\/uploads\/2023\/08\/logo.svg","caption":"Forni Medical GmbH"},"image":{"@id":"https:\/\/fornimedical.ch\/fr\/#\/schema\/logo\/image\/"}}]}},"_links":{"self":[{"href":"https:\/\/fornimedical.ch\/fr\/wp-json\/wp\/v2\/product\/7094","targetHints":{"allow":["GET"]}}],"collection":[{"href":"https:\/\/fornimedical.ch\/fr\/wp-json\/wp\/v2\/product"}],"about":[{"href":"https:\/\/fornimedical.ch\/fr\/wp-json\/wp\/v2\/types\/product"}],"replies":[{"embeddable":true,"href":"https:\/\/fornimedical.ch\/fr\/wp-json\/wp\/v2\/comments?post=7094"}],"wp:featuredmedia":[{"embeddable":true,"href":"https:\/\/fornimedical.ch\/fr\/wp-json\/wp\/v2\/media\/3935"}],"wp:attachment":[{"href":"https:\/\/fornimedical.ch\/fr\/wp-json\/wp\/v2\/media?parent=7094"}],"wp:term":[{"taxonomy":"product_brand","embeddable":true,"href":"https:\/\/fornimedical.ch\/fr\/wp-json\/wp\/v2\/product_brand?post=7094"},{"taxonomy":"product_cat","embeddable":true,"href":"https:\/\/fornimedical.ch\/fr\/wp-json\/wp\/v2\/product_cat?post=7094"},{"taxonomy":"product_tag","embeddable":true,"href":"https:\/\/fornimedical.ch\/fr\/wp-json\/wp\/v2\/product_tag?post=7094"}],"curies":[{"name":"wp","href":"https:\/\/api.w.org\/{rel}","templated":true}]}}