{"id":7088,"date":"2024-04-20T07:09:41","date_gmt":"2024-04-20T05:09:41","guid":{"rendered":"https:\/\/fornimedical.ch\/product\/alese-de-transfert-translide-mobi-tools-doublee-rouge\/"},"modified":"2024-12-27T13:51:16","modified_gmt":"2024-12-27T12:51:16","slug":"alese-de-transfert-translide-mobi-tools-doublee-rouge","status":"publish","type":"product","link":"https:\/\/fornimedical.ch\/fr\/produit\/alese-de-transfert-translide-mobi-tools-doublee-rouge\/","title":{"rendered":"Al\u00e8se de transfert Translide mobi-tools, doubl\u00e9e, rouge"},"content":{"rendered":"<p>Les al\u00e8ses de transfert doubl\u00e9es Translide peuvent \u00eatre utilis\u00e9es aussi bien pour la manipulation du patient qu\u2019en compl\u00e9ment de planches glissantes. L\u2019utilisation d\u2019al\u00e8ses facilite le travail du personnel soignant et augmente la s\u00e9curit\u00e9 du patient, car cela \u00e9vite notamment les blessures dues \u00e0 des forces de cisaillement trop \u00e9lev\u00e9es.<\/p>\n","protected":false},"excerpt":{"rendered":"<p>Al\u00e8se de transfert disponible en diff\u00e9rentes tailles, convient pour le changement de position et le transfert dans le lit, polyamide. Sans latex, rouge.<\/p>\n","protected":false},"featured_media":3939,"comment_status":"closed","ping_status":"closed","template":"","meta":{"_acf_changed":false,"site-sidebar-layout":"default","site-content-layout":"","ast-site-content-layout":"default","site-content-style":"default","site-sidebar-style":"default","ast-global-header-display":"","ast-banner-title-visibility":"","ast-main-header-display":"","ast-hfb-above-header-display":"","ast-hfb-below-header-display":"","ast-hfb-mobile-header-display":"","site-post-title":"","ast-breadcrumbs-content":"","ast-featured-img":"","footer-sml-layout":"","theme-transparent-header-meta":"default","adv-header-id-meta":"","stick-header-meta":"","header-above-stick-meta":"","header-main-stick-meta":"","header-below-stick-meta":"","astra-migrate-meta-layouts":"set","ast-page-background-enabled":"default","ast-page-background-meta":{"desktop":{"background-color":"var(--ast-global-color-4)","background-image":"","background-repeat":"repeat","background-position":"center center","background-size":"auto","background-attachment":"scroll","background-type":"","background-media":"","overlay-type":"","overlay-color":"","overlay-opacity":"","overlay-gradient":""},"tablet":{"background-color":"","background-image":"","background-repeat":"repeat","background-position":"center center","background-size":"auto","background-attachment":"scroll","background-type":"","background-media":"","overlay-type":"","overlay-color":"","overlay-opacity":"","overlay-gradient":""},"mobile":{"background-color":"","background-image":"","background-repeat":"repeat","background-position":"center center","background-size":"auto","background-attachment":"scroll","background-type":"","background-media":"","overlay-type":"","overlay-color":"","overlay-opacity":"","overlay-gradient":""}},"ast-content-background-meta":{"desktop":{"background-color":"var(--ast-global-color-5)","background-image":"","background-repeat":"repeat","background-position":"center center","background-size":"auto","background-attachment":"scroll","background-type":"","background-media":"","overlay-type":"","overlay-color":"","overlay-opacity":"","overlay-gradient":""},"tablet":{"background-color":"var(--ast-global-color-5)","background-image":"","background-repeat":"repeat","background-position":"center center","background-size":"auto","background-attachment":"scroll","background-type":"","background-media":"","overlay-type":"","overlay-color":"","overlay-opacity":"","overlay-gradient":""},"mobile":{"background-color":"var(--ast-global-color-5)","background-image":"","background-repeat":"repeat","background-position":"center center","background-size":"auto","background-attachment":"scroll","background-type":"","background-media":"","overlay-type":"","overlay-color":"","overlay-opacity":"","overlay-gradient":""}}},"product_brand":[],"product_cat":[633,659],"product_tag":[],"class_list":{"0":"post-7088","1":"product","2":"type-product","3":"status-publish","4":"has-post-thumbnail","6":"product_cat-aides-au-transfert-fr","7":"product_cat-aides-au-transfert-fr-2","8":"desktop-align-left","9":"tablet-align-left","10":"mobile-align-left","12":"first","13":"instock","14":"taxable","15":"shipping-taxable","16":"purchasable","17":"product-type-variable","18":"has-default-attributes","19":"add-to-wishlist-before_image"},"acf":[],"yoast_head":"<!-- This site is optimized with the Yoast SEO plugin v26.5 - https:\/\/yoast.com\/wordpress\/plugins\/seo\/ -->\n<title>Al\u00e8se de transfert Translide mobi-tools, doubl\u00e9e, rouge<\/title>\n<meta name=\"description\" content=\"Al\u00e8se de transfert Translide mobi-tools, doubl\u00e9e, rouge. Composition: polyamide, sans latex. Pour le changement de position et le transfert dans le lit.\" \/>\n<meta name=\"robots\" content=\"index, follow, max-snippet:-1, max-image-preview:large, max-video-preview:-1\" \/>\n<link rel=\"canonical\" href=\"https:\/\/fornimedical.ch\/fr\/produit\/alese-de-transfert-translide-mobi-tools-doublee-rouge\/\" \/>\n<meta property=\"og:locale\" content=\"fr_FR\" \/>\n<meta property=\"og:type\" content=\"article\" \/>\n<meta property=\"og:title\" content=\"Al\u00e8se de transfert Translide mobi-tools, doubl\u00e9e, rouge\" \/>\n<meta property=\"og:description\" content=\"Al\u00e8se de transfert Translide mobi-tools, doubl\u00e9e, rouge. Composition: polyamide, sans latex. Pour le changement de position et le transfert dans le lit.\" \/>\n<meta property=\"og:url\" content=\"https:\/\/fornimedical.ch\/fr\/produit\/alese-de-transfert-translide-mobi-tools-doublee-rouge\/\" \/>\n<meta property=\"og:site_name\" content=\"Forni Medical GmbH\" \/>\n<meta property=\"article:modified_time\" content=\"2024-12-27T12:51:16+00:00\" \/>\n<meta property=\"og:image\" content=\"https:\/\/fornimedical.ch\/wp-content\/uploads\/2024\/04\/forni-medical_medicare_translide_gleitmatte.jpg\" \/>\n\t<meta property=\"og:image:width\" content=\"2481\" \/>\n\t<meta property=\"og:image:height\" content=\"1487\" \/>\n\t<meta property=\"og:image:type\" content=\"image\/jpeg\" \/>\n<meta name=\"twitter:card\" content=\"summary_large_image\" \/>\n<meta name=\"twitter:label1\" content=\"Dur\u00e9e de lecture estim\u00e9e\" \/>\n\t<meta name=\"twitter:data1\" content=\"1 minute\" \/>\n<script type=\"application\/ld+json\" class=\"yoast-schema-graph\">{\"@context\":\"https:\/\/schema.org\",\"@graph\":[{\"@type\":\"WebPage\",\"@id\":\"https:\/\/fornimedical.ch\/fr\/produit\/alese-de-transfert-translide-mobi-tools-doublee-rouge\/\",\"url\":\"https:\/\/fornimedical.ch\/fr\/produit\/alese-de-transfert-translide-mobi-tools-doublee-rouge\/\",\"name\":\"Al\u00e8se de transfert Translide mobi-tools, doubl\u00e9e, rouge\",\"isPartOf\":{\"@id\":\"https:\/\/fornimedical.ch\/fr\/#website\"},\"primaryImageOfPage\":{\"@id\":\"https:\/\/fornimedical.ch\/fr\/produit\/alese-de-transfert-translide-mobi-tools-doublee-rouge\/#primaryimage\"},\"image\":{\"@id\":\"https:\/\/fornimedical.ch\/fr\/produit\/alese-de-transfert-translide-mobi-tools-doublee-rouge\/#primaryimage\"},\"thumbnailUrl\":\"https:\/\/fornimedical.ch\/wp-content\/uploads\/2024\/04\/forni-medical_medicare_translide_gleitmatte.jpg\",\"datePublished\":\"2024-04-20T05:09:41+00:00\",\"dateModified\":\"2024-12-27T12:51:16+00:00\",\"description\":\"Al\u00e8se de transfert Translide mobi-tools, doubl\u00e9e, rouge. Composition: polyamide, sans latex. Pour le changement de position et le transfert dans le lit.\",\"breadcrumb\":{\"@id\":\"https:\/\/fornimedical.ch\/fr\/produit\/alese-de-transfert-translide-mobi-tools-doublee-rouge\/#breadcrumb\"},\"inLanguage\":\"fr-FR\",\"potentialAction\":[{\"@type\":\"ReadAction\",\"target\":[\"https:\/\/fornimedical.ch\/fr\/produit\/alese-de-transfert-translide-mobi-tools-doublee-rouge\/\"]}]},{\"@type\":\"ImageObject\",\"inLanguage\":\"fr-FR\",\"@id\":\"https:\/\/fornimedical.ch\/fr\/produit\/alese-de-transfert-translide-mobi-tools-doublee-rouge\/#primaryimage\",\"url\":\"https:\/\/fornimedical.ch\/wp-content\/uploads\/2024\/04\/forni-medical_medicare_translide_gleitmatte.jpg\",\"contentUrl\":\"https:\/\/fornimedical.ch\/wp-content\/uploads\/2024\/04\/forni-medical_medicare_translide_gleitmatte.jpg\",\"width\":2481,\"height\":1487,\"caption\":\"Forni Medical Medicare Gleitmatte Translide mobi-tools, doppelwandig, rot\"},{\"@type\":\"BreadcrumbList\",\"@id\":\"https:\/\/fornimedical.ch\/fr\/produit\/alese-de-transfert-translide-mobi-tools-doublee-rouge\/#breadcrumb\",\"itemListElement\":[{\"@type\":\"ListItem\",\"position\":1,\"name\":\"Home\",\"item\":\"https:\/\/fornimedical.ch\/fr\/\"},{\"@type\":\"ListItem\",\"position\":2,\"name\":\"Archives boutique en ligne\",\"item\":\"https:\/\/fornimedical.ch\/fr\/archives-boutique-en-ligne\/\"},{\"@type\":\"ListItem\",\"position\":3,\"name\":\"Al\u00e8se de transfert Translide mobi-tools, doubl\u00e9e, rouge\"}]},{\"@type\":\"WebSite\",\"@id\":\"https:\/\/fornimedical.ch\/fr\/#website\",\"url\":\"https:\/\/fornimedical.ch\/fr\/\",\"name\":\"Forni Medical GmbH\",\"description\":\"\",\"publisher\":{\"@id\":\"https:\/\/fornimedical.ch\/fr\/#organization\"},\"potentialAction\":[{\"@type\":\"SearchAction\",\"target\":{\"@type\":\"EntryPoint\",\"urlTemplate\":\"https:\/\/fornimedical.ch\/fr\/?s={search_term_string}\"},\"query-input\":{\"@type\":\"PropertyValueSpecification\",\"valueRequired\":true,\"valueName\":\"search_term_string\"}}],\"inLanguage\":\"fr-FR\"},{\"@type\":\"Organization\",\"@id\":\"https:\/\/fornimedical.ch\/fr\/#organization\",\"name\":\"Forni Medical GmbH\",\"url\":\"https:\/\/fornimedical.ch\/fr\/\",\"logo\":{\"@type\":\"ImageObject\",\"inLanguage\":\"fr-FR\",\"@id\":\"https:\/\/fornimedical.ch\/fr\/#\/schema\/logo\/image\/\",\"url\":\"https:\/\/fornimedical.ch\/wp-content\/uploads\/2023\/08\/logo.svg\",\"contentUrl\":\"https:\/\/fornimedical.ch\/wp-content\/uploads\/2023\/08\/logo.svg\",\"caption\":\"Forni Medical GmbH\"},\"image\":{\"@id\":\"https:\/\/fornimedical.ch\/fr\/#\/schema\/logo\/image\/\"}}]}<\/script>\n<!-- \/ Yoast SEO plugin. -->","yoast_head_json":{"title":"Al\u00e8se de transfert Translide mobi-tools, doubl\u00e9e, rouge","description":"Al\u00e8se de transfert Translide mobi-tools, doubl\u00e9e, rouge. Composition: polyamide, sans latex. Pour le changement de position et le transfert dans le lit.","robots":{"index":"index","follow":"follow","max-snippet":"max-snippet:-1","max-image-preview":"max-image-preview:large","max-video-preview":"max-video-preview:-1"},"canonical":"https:\/\/fornimedical.ch\/fr\/produit\/alese-de-transfert-translide-mobi-tools-doublee-rouge\/","og_locale":"fr_FR","og_type":"article","og_title":"Al\u00e8se de transfert Translide mobi-tools, doubl\u00e9e, rouge","og_description":"Al\u00e8se de transfert Translide mobi-tools, doubl\u00e9e, rouge. Composition: polyamide, sans latex. Pour le changement de position et le transfert dans le lit.","og_url":"https:\/\/fornimedical.ch\/fr\/produit\/alese-de-transfert-translide-mobi-tools-doublee-rouge\/","og_site_name":"Forni Medical GmbH","article_modified_time":"2024-12-27T12:51:16+00:00","og_image":[{"width":2481,"height":1487,"url":"https:\/\/fornimedical.ch\/wp-content\/uploads\/2024\/04\/forni-medical_medicare_translide_gleitmatte.jpg","type":"image\/jpeg"}],"twitter_card":"summary_large_image","twitter_misc":{"Dur\u00e9e de lecture estim\u00e9e":"1 minute"},"schema":{"@context":"https:\/\/schema.org","@graph":[{"@type":"WebPage","@id":"https:\/\/fornimedical.ch\/fr\/produit\/alese-de-transfert-translide-mobi-tools-doublee-rouge\/","url":"https:\/\/fornimedical.ch\/fr\/produit\/alese-de-transfert-translide-mobi-tools-doublee-rouge\/","name":"Al\u00e8se de transfert Translide mobi-tools, doubl\u00e9e, rouge","isPartOf":{"@id":"https:\/\/fornimedical.ch\/fr\/#website"},"primaryImageOfPage":{"@id":"https:\/\/fornimedical.ch\/fr\/produit\/alese-de-transfert-translide-mobi-tools-doublee-rouge\/#primaryimage"},"image":{"@id":"https:\/\/fornimedical.ch\/fr\/produit\/alese-de-transfert-translide-mobi-tools-doublee-rouge\/#primaryimage"},"thumbnailUrl":"https:\/\/fornimedical.ch\/wp-content\/uploads\/2024\/04\/forni-medical_medicare_translide_gleitmatte.jpg","datePublished":"2024-04-20T05:09:41+00:00","dateModified":"2024-12-27T12:51:16+00:00","description":"Al\u00e8se de transfert Translide mobi-tools, doubl\u00e9e, rouge. Composition: polyamide, sans latex. Pour le changement de position et le transfert dans le lit.","breadcrumb":{"@id":"https:\/\/fornimedical.ch\/fr\/produit\/alese-de-transfert-translide-mobi-tools-doublee-rouge\/#breadcrumb"},"inLanguage":"fr-FR","potentialAction":[{"@type":"ReadAction","target":["https:\/\/fornimedical.ch\/fr\/produit\/alese-de-transfert-translide-mobi-tools-doublee-rouge\/"]}]},{"@type":"ImageObject","inLanguage":"fr-FR","@id":"https:\/\/fornimedical.ch\/fr\/produit\/alese-de-transfert-translide-mobi-tools-doublee-rouge\/#primaryimage","url":"https:\/\/fornimedical.ch\/wp-content\/uploads\/2024\/04\/forni-medical_medicare_translide_gleitmatte.jpg","contentUrl":"https:\/\/fornimedical.ch\/wp-content\/uploads\/2024\/04\/forni-medical_medicare_translide_gleitmatte.jpg","width":2481,"height":1487,"caption":"Forni Medical Medicare Gleitmatte Translide mobi-tools, doppelwandig, rot"},{"@type":"BreadcrumbList","@id":"https:\/\/fornimedical.ch\/fr\/produit\/alese-de-transfert-translide-mobi-tools-doublee-rouge\/#breadcrumb","itemListElement":[{"@type":"ListItem","position":1,"name":"Home","item":"https:\/\/fornimedical.ch\/fr\/"},{"@type":"ListItem","position":2,"name":"Archives boutique en ligne","item":"https:\/\/fornimedical.ch\/fr\/archives-boutique-en-ligne\/"},{"@type":"ListItem","position":3,"name":"Al\u00e8se de transfert Translide mobi-tools, doubl\u00e9e, rouge"}]},{"@type":"WebSite","@id":"https:\/\/fornimedical.ch\/fr\/#website","url":"https:\/\/fornimedical.ch\/fr\/","name":"Forni Medical GmbH","description":"","publisher":{"@id":"https:\/\/fornimedical.ch\/fr\/#organization"},"potentialAction":[{"@type":"SearchAction","target":{"@type":"EntryPoint","urlTemplate":"https:\/\/fornimedical.ch\/fr\/?s={search_term_string}"},"query-input":{"@type":"PropertyValueSpecification","valueRequired":true,"valueName":"search_term_string"}}],"inLanguage":"fr-FR"},{"@type":"Organization","@id":"https:\/\/fornimedical.ch\/fr\/#organization","name":"Forni Medical GmbH","url":"https:\/\/fornimedical.ch\/fr\/","logo":{"@type":"ImageObject","inLanguage":"fr-FR","@id":"https:\/\/fornimedical.ch\/fr\/#\/schema\/logo\/image\/","url":"https:\/\/fornimedical.ch\/wp-content\/uploads\/2023\/08\/logo.svg","contentUrl":"https:\/\/fornimedical.ch\/wp-content\/uploads\/2023\/08\/logo.svg","caption":"Forni Medical GmbH"},"image":{"@id":"https:\/\/fornimedical.ch\/fr\/#\/schema\/logo\/image\/"}}]}},"_links":{"self":[{"href":"https:\/\/fornimedical.ch\/fr\/wp-json\/wp\/v2\/product\/7088","targetHints":{"allow":["GET"]}}],"collection":[{"href":"https:\/\/fornimedical.ch\/fr\/wp-json\/wp\/v2\/product"}],"about":[{"href":"https:\/\/fornimedical.ch\/fr\/wp-json\/wp\/v2\/types\/product"}],"replies":[{"embeddable":true,"href":"https:\/\/fornimedical.ch\/fr\/wp-json\/wp\/v2\/comments?post=7088"}],"wp:featuredmedia":[{"embeddable":true,"href":"https:\/\/fornimedical.ch\/fr\/wp-json\/wp\/v2\/media\/3939"}],"wp:attachment":[{"href":"https:\/\/fornimedical.ch\/fr\/wp-json\/wp\/v2\/media?parent=7088"}],"wp:term":[{"taxonomy":"product_brand","embeddable":true,"href":"https:\/\/fornimedical.ch\/fr\/wp-json\/wp\/v2\/product_brand?post=7088"},{"taxonomy":"product_cat","embeddable":true,"href":"https:\/\/fornimedical.ch\/fr\/wp-json\/wp\/v2\/product_cat?post=7088"},{"taxonomy":"product_tag","embeddable":true,"href":"https:\/\/fornimedical.ch\/fr\/wp-json\/wp\/v2\/product_tag?post=7088"}],"curies":[{"name":"wp","href":"https:\/\/api.w.org\/{rel}","templated":true}]}}