{"id":7084,"date":"2024-04-20T07:41:34","date_gmt":"2024-04-20T05:41:34","guid":{"rendered":"https:\/\/fornimedical.ch\/product\/transatlantic-transaroll-silberboard-planche-de-transfert-speciale-pliable-et-non-pliable\/"},"modified":"2024-08-09T12:24:27","modified_gmt":"2024-08-09T12:24:27","slug":"transatlantic-transaroll-silberboard-planche-de-transfert-speciale-pliable-et-non-pliable","status":"publish","type":"product","link":"https:\/\/fornimedical.ch\/fr\/produit\/transatlantic-transaroll-silberboard-planche-de-transfert-speciale-pliable-et-non-pliable\/","title":{"rendered":"TRANSATLANTIC Transaroll Silberboard\u00a0\u2013 planche de transfert sp\u00e9ciale pliable et non pliable"},"content":{"rendered":"<ul>\n<li>Structure de base massive en poly\u00e9thyl\u00e8ne<\/li>\n<li>Poign\u00e9es int\u00e9gr\u00e9es, stabilit\u00e9 extr\u00eame.<\/li>\n<li>Drap glissant hygi\u00e9nique et antibact\u00e9rien<\/li>\n<li>Capacit\u00e9 de charge max.: 350\u00a0kg.<\/li>\n<\/ul>\n<p>Utilisation dans le domaine des soins pour la manipulation de personnes ayant besoin d\u2019assistance. Peut \u00eatre d\u00e9sinfect\u00e9e avec tous les produits de nettoyage courants. Veuillez observer le mode d&#8217;emploi!<\/p>\n","protected":false},"excerpt":{"rendered":"<p>Une seule pi\u00e8ce, tr\u00e8s glissante et hygi\u00e9nique, utilisable en radiologie. Housse: argent\u00e9e. Capacit\u00e9 de charge max.: 350\u00a0kg.<\/p>\n","protected":false},"featured_media":3954,"comment_status":"closed","ping_status":"closed","template":"","meta":{"_acf_changed":false,"site-sidebar-layout":"default","site-content-layout":"","ast-site-content-layout":"default","site-content-style":"default","site-sidebar-style":"default","ast-global-header-display":"","ast-banner-title-visibility":"","ast-main-header-display":"","ast-hfb-above-header-display":"","ast-hfb-below-header-display":"","ast-hfb-mobile-header-display":"","site-post-title":"","ast-breadcrumbs-content":"","ast-featured-img":"","footer-sml-layout":"","theme-transparent-header-meta":"default","adv-header-id-meta":"","stick-header-meta":"","header-above-stick-meta":"","header-main-stick-meta":"","header-below-stick-meta":"","astra-migrate-meta-layouts":"set","ast-page-background-enabled":"default","ast-page-background-meta":{"desktop":{"background-color":"var(--ast-global-color-4)","background-image":"","background-repeat":"repeat","background-position":"center center","background-size":"auto","background-attachment":"scroll","background-type":"","background-media":"","overlay-type":"","overlay-color":"","overlay-opacity":"","overlay-gradient":""},"tablet":{"background-color":"","background-image":"","background-repeat":"repeat","background-position":"center center","background-size":"auto","background-attachment":"scroll","background-type":"","background-media":"","overlay-type":"","overlay-color":"","overlay-opacity":"","overlay-gradient":""},"mobile":{"background-color":"","background-image":"","background-repeat":"repeat","background-position":"center center","background-size":"auto","background-attachment":"scroll","background-type":"","background-media":"","overlay-type":"","overlay-color":"","overlay-opacity":"","overlay-gradient":""}},"ast-content-background-meta":{"desktop":{"background-color":"var(--ast-global-color-5)","background-image":"","background-repeat":"repeat","background-position":"center center","background-size":"auto","background-attachment":"scroll","background-type":"","background-media":"","overlay-type":"","overlay-color":"","overlay-opacity":"","overlay-gradient":""},"tablet":{"background-color":"var(--ast-global-color-5)","background-image":"","background-repeat":"repeat","background-position":"center center","background-size":"auto","background-attachment":"scroll","background-type":"","background-media":"","overlay-type":"","overlay-color":"","overlay-opacity":"","overlay-gradient":""},"mobile":{"background-color":"var(--ast-global-color-5)","background-image":"","background-repeat":"repeat","background-position":"center center","background-size":"auto","background-attachment":"scroll","background-type":"","background-media":"","overlay-type":"","overlay-color":"","overlay-opacity":"","overlay-gradient":""}}},"product_brand":[],"product_cat":[153],"product_tag":[],"class_list":{"0":"post-7084","1":"product","2":"type-product","3":"status-publish","4":"has-post-thumbnail","6":"product_cat-transferhilfen","7":"desktop-align-left","8":"tablet-align-left","9":"mobile-align-left","11":"first","12":"instock","13":"taxable","14":"shipping-taxable","15":"purchasable","16":"product-type-variable","17":"has-default-attributes","18":"add-to-wishlist-before_image"},"acf":[],"yoast_head":"<!-- This site is optimized with the Yoast SEO plugin v26.5 - https:\/\/yoast.com\/wordpress\/plugins\/seo\/ -->\n<title>TRANSATLANTIC Transaroll Silberboard, planche de transfert pliable et non pliable<\/title>\n<meta name=\"description\" content=\"TRANSATLANTIC Transaroll Silberboard\u00a0\u2013 planche de transfert sp\u00e9ciale, pliable et non pliable, tr\u00e8s glissante et hygi\u00e9nique, utilisable en radiologie, une seule pi\u00e8ce\" \/>\n<meta name=\"robots\" content=\"index, follow, max-snippet:-1, max-image-preview:large, max-video-preview:-1\" \/>\n<link rel=\"canonical\" href=\"https:\/\/fornimedical.ch\/fr\/produit\/transatlantic-transaroll-silberboard-planche-de-transfert-speciale-pliable-et-non-pliable\/\" \/>\n<meta property=\"og:locale\" content=\"fr_FR\" \/>\n<meta property=\"og:type\" content=\"article\" \/>\n<meta property=\"og:title\" content=\"TRANSATLANTIC Transaroll Silberboard, planche de transfert pliable et non pliable\" \/>\n<meta property=\"og:description\" content=\"TRANSATLANTIC Transaroll Silberboard\u00a0\u2013 planche de transfert sp\u00e9ciale, pliable et non pliable, tr\u00e8s glissante et hygi\u00e9nique, utilisable en radiologie, une seule pi\u00e8ce\" \/>\n<meta property=\"og:url\" content=\"https:\/\/fornimedical.ch\/fr\/produit\/transatlantic-transaroll-silberboard-planche-de-transfert-speciale-pliable-et-non-pliable\/\" \/>\n<meta property=\"og:site_name\" content=\"Forni Medical GmbH\" \/>\n<meta property=\"article:modified_time\" content=\"2024-08-09T12:24:27+00:00\" \/>\n<meta property=\"og:image\" content=\"https:\/\/fornimedical.ch\/wp-content\/uploads\/2024\/04\/forni-medical_transatlantic_transaroll-silberboard-sonderedition-rollboard.jpg\" \/>\n\t<meta property=\"og:image:width\" content=\"2481\" \/>\n\t<meta property=\"og:image:height\" content=\"1487\" \/>\n\t<meta property=\"og:image:type\" content=\"image\/jpeg\" \/>\n<meta name=\"twitter:card\" content=\"summary_large_image\" \/>\n<meta name=\"twitter:label1\" content=\"Dur\u00e9e de lecture estim\u00e9e\" \/>\n\t<meta name=\"twitter:data1\" content=\"1 minute\" \/>\n<script type=\"application\/ld+json\" class=\"yoast-schema-graph\">{\"@context\":\"https:\/\/schema.org\",\"@graph\":[{\"@type\":\"WebPage\",\"@id\":\"https:\/\/fornimedical.ch\/fr\/produit\/transatlantic-transaroll-silberboard-planche-de-transfert-speciale-pliable-et-non-pliable\/\",\"url\":\"https:\/\/fornimedical.ch\/fr\/produit\/transatlantic-transaroll-silberboard-planche-de-transfert-speciale-pliable-et-non-pliable\/\",\"name\":\"TRANSATLANTIC Transaroll Silberboard, planche de transfert pliable et non pliable\",\"isPartOf\":{\"@id\":\"https:\/\/fornimedical.ch\/fr\/#website\"},\"primaryImageOfPage\":{\"@id\":\"https:\/\/fornimedical.ch\/fr\/produit\/transatlantic-transaroll-silberboard-planche-de-transfert-speciale-pliable-et-non-pliable\/#primaryimage\"},\"image\":{\"@id\":\"https:\/\/fornimedical.ch\/fr\/produit\/transatlantic-transaroll-silberboard-planche-de-transfert-speciale-pliable-et-non-pliable\/#primaryimage\"},\"thumbnailUrl\":\"https:\/\/fornimedical.ch\/wp-content\/uploads\/2024\/04\/forni-medical_transatlantic_transaroll-silberboard-sonderedition-rollboard.jpg\",\"datePublished\":\"2024-04-20T05:41:34+00:00\",\"dateModified\":\"2024-08-09T12:24:27+00:00\",\"description\":\"TRANSATLANTIC Transaroll Silberboard\u00a0\u2013 planche de transfert sp\u00e9ciale, pliable et non pliable, tr\u00e8s glissante et hygi\u00e9nique, utilisable en radiologie, une seule pi\u00e8ce\",\"breadcrumb\":{\"@id\":\"https:\/\/fornimedical.ch\/fr\/produit\/transatlantic-transaroll-silberboard-planche-de-transfert-speciale-pliable-et-non-pliable\/#breadcrumb\"},\"inLanguage\":\"fr-FR\",\"potentialAction\":[{\"@type\":\"ReadAction\",\"target\":[\"https:\/\/fornimedical.ch\/fr\/produit\/transatlantic-transaroll-silberboard-planche-de-transfert-speciale-pliable-et-non-pliable\/\"]}]},{\"@type\":\"ImageObject\",\"inLanguage\":\"fr-FR\",\"@id\":\"https:\/\/fornimedical.ch\/fr\/produit\/transatlantic-transaroll-silberboard-planche-de-transfert-speciale-pliable-et-non-pliable\/#primaryimage\",\"url\":\"https:\/\/fornimedical.ch\/wp-content\/uploads\/2024\/04\/forni-medical_transatlantic_transaroll-silberboard-sonderedition-rollboard.jpg\",\"contentUrl\":\"https:\/\/fornimedical.ch\/wp-content\/uploads\/2024\/04\/forni-medical_transatlantic_transaroll-silberboard-sonderedition-rollboard.jpg\",\"width\":2481,\"height\":1487,\"caption\":\"Forni Medical TRANSATLANTIC Transaroll Silberboard \u2013 Sonderedition, faltbar und nicht faltbar\"},{\"@type\":\"BreadcrumbList\",\"@id\":\"https:\/\/fornimedical.ch\/fr\/produit\/transatlantic-transaroll-silberboard-planche-de-transfert-speciale-pliable-et-non-pliable\/#breadcrumb\",\"itemListElement\":[{\"@type\":\"ListItem\",\"position\":1,\"name\":\"Home\",\"item\":\"https:\/\/fornimedical.ch\/fr\/\"},{\"@type\":\"ListItem\",\"position\":2,\"name\":\"Archives boutique en ligne\",\"item\":\"https:\/\/fornimedical.ch\/fr\/archives-boutique-en-ligne\/\"},{\"@type\":\"ListItem\",\"position\":3,\"name\":\"TRANSATLANTIC Transaroll Silberboard\u00a0\u2013 planche de transfert sp\u00e9ciale pliable et non pliable\"}]},{\"@type\":\"WebSite\",\"@id\":\"https:\/\/fornimedical.ch\/fr\/#website\",\"url\":\"https:\/\/fornimedical.ch\/fr\/\",\"name\":\"Forni Medical GmbH\",\"description\":\"\",\"publisher\":{\"@id\":\"https:\/\/fornimedical.ch\/fr\/#organization\"},\"potentialAction\":[{\"@type\":\"SearchAction\",\"target\":{\"@type\":\"EntryPoint\",\"urlTemplate\":\"https:\/\/fornimedical.ch\/fr\/?s={search_term_string}\"},\"query-input\":{\"@type\":\"PropertyValueSpecification\",\"valueRequired\":true,\"valueName\":\"search_term_string\"}}],\"inLanguage\":\"fr-FR\"},{\"@type\":\"Organization\",\"@id\":\"https:\/\/fornimedical.ch\/fr\/#organization\",\"name\":\"Forni Medical GmbH\",\"url\":\"https:\/\/fornimedical.ch\/fr\/\",\"logo\":{\"@type\":\"ImageObject\",\"inLanguage\":\"fr-FR\",\"@id\":\"https:\/\/fornimedical.ch\/fr\/#\/schema\/logo\/image\/\",\"url\":\"https:\/\/fornimedical.ch\/wp-content\/uploads\/2023\/08\/logo.svg\",\"contentUrl\":\"https:\/\/fornimedical.ch\/wp-content\/uploads\/2023\/08\/logo.svg\",\"caption\":\"Forni Medical GmbH\"},\"image\":{\"@id\":\"https:\/\/fornimedical.ch\/fr\/#\/schema\/logo\/image\/\"}}]}<\/script>\n<!-- \/ Yoast SEO plugin. -->","yoast_head_json":{"title":"TRANSATLANTIC Transaroll Silberboard, planche de transfert pliable et non pliable","description":"TRANSATLANTIC Transaroll Silberboard\u00a0\u2013 planche de transfert sp\u00e9ciale, pliable et non pliable, tr\u00e8s glissante et hygi\u00e9nique, utilisable en radiologie, une seule pi\u00e8ce","robots":{"index":"index","follow":"follow","max-snippet":"max-snippet:-1","max-image-preview":"max-image-preview:large","max-video-preview":"max-video-preview:-1"},"canonical":"https:\/\/fornimedical.ch\/fr\/produit\/transatlantic-transaroll-silberboard-planche-de-transfert-speciale-pliable-et-non-pliable\/","og_locale":"fr_FR","og_type":"article","og_title":"TRANSATLANTIC Transaroll Silberboard, planche de transfert pliable et non pliable","og_description":"TRANSATLANTIC Transaroll Silberboard\u00a0\u2013 planche de transfert sp\u00e9ciale, pliable et non pliable, tr\u00e8s glissante et hygi\u00e9nique, utilisable en radiologie, une seule pi\u00e8ce","og_url":"https:\/\/fornimedical.ch\/fr\/produit\/transatlantic-transaroll-silberboard-planche-de-transfert-speciale-pliable-et-non-pliable\/","og_site_name":"Forni Medical GmbH","article_modified_time":"2024-08-09T12:24:27+00:00","og_image":[{"width":2481,"height":1487,"url":"https:\/\/fornimedical.ch\/wp-content\/uploads\/2024\/04\/forni-medical_transatlantic_transaroll-silberboard-sonderedition-rollboard.jpg","type":"image\/jpeg"}],"twitter_card":"summary_large_image","twitter_misc":{"Dur\u00e9e de lecture estim\u00e9e":"1 minute"},"schema":{"@context":"https:\/\/schema.org","@graph":[{"@type":"WebPage","@id":"https:\/\/fornimedical.ch\/fr\/produit\/transatlantic-transaroll-silberboard-planche-de-transfert-speciale-pliable-et-non-pliable\/","url":"https:\/\/fornimedical.ch\/fr\/produit\/transatlantic-transaroll-silberboard-planche-de-transfert-speciale-pliable-et-non-pliable\/","name":"TRANSATLANTIC Transaroll Silberboard, planche de transfert pliable et non pliable","isPartOf":{"@id":"https:\/\/fornimedical.ch\/fr\/#website"},"primaryImageOfPage":{"@id":"https:\/\/fornimedical.ch\/fr\/produit\/transatlantic-transaroll-silberboard-planche-de-transfert-speciale-pliable-et-non-pliable\/#primaryimage"},"image":{"@id":"https:\/\/fornimedical.ch\/fr\/produit\/transatlantic-transaroll-silberboard-planche-de-transfert-speciale-pliable-et-non-pliable\/#primaryimage"},"thumbnailUrl":"https:\/\/fornimedical.ch\/wp-content\/uploads\/2024\/04\/forni-medical_transatlantic_transaroll-silberboard-sonderedition-rollboard.jpg","datePublished":"2024-04-20T05:41:34+00:00","dateModified":"2024-08-09T12:24:27+00:00","description":"TRANSATLANTIC Transaroll Silberboard\u00a0\u2013 planche de transfert sp\u00e9ciale, pliable et non pliable, tr\u00e8s glissante et hygi\u00e9nique, utilisable en radiologie, une seule pi\u00e8ce","breadcrumb":{"@id":"https:\/\/fornimedical.ch\/fr\/produit\/transatlantic-transaroll-silberboard-planche-de-transfert-speciale-pliable-et-non-pliable\/#breadcrumb"},"inLanguage":"fr-FR","potentialAction":[{"@type":"ReadAction","target":["https:\/\/fornimedical.ch\/fr\/produit\/transatlantic-transaroll-silberboard-planche-de-transfert-speciale-pliable-et-non-pliable\/"]}]},{"@type":"ImageObject","inLanguage":"fr-FR","@id":"https:\/\/fornimedical.ch\/fr\/produit\/transatlantic-transaroll-silberboard-planche-de-transfert-speciale-pliable-et-non-pliable\/#primaryimage","url":"https:\/\/fornimedical.ch\/wp-content\/uploads\/2024\/04\/forni-medical_transatlantic_transaroll-silberboard-sonderedition-rollboard.jpg","contentUrl":"https:\/\/fornimedical.ch\/wp-content\/uploads\/2024\/04\/forni-medical_transatlantic_transaroll-silberboard-sonderedition-rollboard.jpg","width":2481,"height":1487,"caption":"Forni Medical TRANSATLANTIC Transaroll Silberboard \u2013 Sonderedition, faltbar und nicht faltbar"},{"@type":"BreadcrumbList","@id":"https:\/\/fornimedical.ch\/fr\/produit\/transatlantic-transaroll-silberboard-planche-de-transfert-speciale-pliable-et-non-pliable\/#breadcrumb","itemListElement":[{"@type":"ListItem","position":1,"name":"Home","item":"https:\/\/fornimedical.ch\/fr\/"},{"@type":"ListItem","position":2,"name":"Archives boutique en ligne","item":"https:\/\/fornimedical.ch\/fr\/archives-boutique-en-ligne\/"},{"@type":"ListItem","position":3,"name":"TRANSATLANTIC Transaroll Silberboard\u00a0\u2013 planche de transfert sp\u00e9ciale pliable et non pliable"}]},{"@type":"WebSite","@id":"https:\/\/fornimedical.ch\/fr\/#website","url":"https:\/\/fornimedical.ch\/fr\/","name":"Forni Medical GmbH","description":"","publisher":{"@id":"https:\/\/fornimedical.ch\/fr\/#organization"},"potentialAction":[{"@type":"SearchAction","target":{"@type":"EntryPoint","urlTemplate":"https:\/\/fornimedical.ch\/fr\/?s={search_term_string}"},"query-input":{"@type":"PropertyValueSpecification","valueRequired":true,"valueName":"search_term_string"}}],"inLanguage":"fr-FR"},{"@type":"Organization","@id":"https:\/\/fornimedical.ch\/fr\/#organization","name":"Forni Medical GmbH","url":"https:\/\/fornimedical.ch\/fr\/","logo":{"@type":"ImageObject","inLanguage":"fr-FR","@id":"https:\/\/fornimedical.ch\/fr\/#\/schema\/logo\/image\/","url":"https:\/\/fornimedical.ch\/wp-content\/uploads\/2023\/08\/logo.svg","contentUrl":"https:\/\/fornimedical.ch\/wp-content\/uploads\/2023\/08\/logo.svg","caption":"Forni Medical GmbH"},"image":{"@id":"https:\/\/fornimedical.ch\/fr\/#\/schema\/logo\/image\/"}}]}},"_links":{"self":[{"href":"https:\/\/fornimedical.ch\/fr\/wp-json\/wp\/v2\/product\/7084","targetHints":{"allow":["GET"]}}],"collection":[{"href":"https:\/\/fornimedical.ch\/fr\/wp-json\/wp\/v2\/product"}],"about":[{"href":"https:\/\/fornimedical.ch\/fr\/wp-json\/wp\/v2\/types\/product"}],"replies":[{"embeddable":true,"href":"https:\/\/fornimedical.ch\/fr\/wp-json\/wp\/v2\/comments?post=7084"}],"wp:featuredmedia":[{"embeddable":true,"href":"https:\/\/fornimedical.ch\/fr\/wp-json\/wp\/v2\/media\/3954"}],"wp:attachment":[{"href":"https:\/\/fornimedical.ch\/fr\/wp-json\/wp\/v2\/media?parent=7084"}],"wp:term":[{"taxonomy":"product_brand","embeddable":true,"href":"https:\/\/fornimedical.ch\/fr\/wp-json\/wp\/v2\/product_brand?post=7084"},{"taxonomy":"product_cat","embeddable":true,"href":"https:\/\/fornimedical.ch\/fr\/wp-json\/wp\/v2\/product_cat?post=7084"},{"taxonomy":"product_tag","embeddable":true,"href":"https:\/\/fornimedical.ch\/fr\/wp-json\/wp\/v2\/product_tag?post=7084"}],"curies":[{"name":"wp","href":"https:\/\/api.w.org\/{rel}","templated":true}]}}