{"id":6941,"date":"2024-04-24T04:23:52","date_gmt":"2024-04-24T04:23:52","guid":{"rendered":"https:\/\/fornimedical.ch\/product\/lunettes-de-protection-transparentes-fermees-de-cote-en-166\/"},"modified":"2024-08-07T07:43:49","modified_gmt":"2024-08-07T07:43:49","slug":"lunettes-de-protection-transparentes-fermees-de-cote-en-166","status":"publish","type":"product","link":"https:\/\/fornimedical.ch\/fr\/produit\/lunettes-de-protection-transparentes-fermees-de-cote-en-166\/","title":{"rendered":"Lunettes de protection transparentes, ferm\u00e9es de c\u00f4t\u00e9 EN 166"},"content":{"rendered":"<p>Les lunettes de protection EN 166 sont ferm\u00e9es sur les c\u00f4t\u00e9s, sont transparentes et prot\u00e8gent les yeux des rayonnements optiques, des gouttelettes et des projections, de la poussi\u00e8re et des courts-circuits \u00e9lectriques, etc. Elles peuvent \u00eatre nettoy\u00e9es avec de l\u2019eau, du savon liquide ou un produit d\u00e9sinfectant. Dimensions: Largeur 160\u00a0mm \/ hauteur 56\u00a0mm \/ longueur des branches 130\u00a0mm.<\/p>\n","protected":false},"excerpt":{"rendered":"<p>Lunettes de protection EN 166, ferm\u00e9es sur les c\u00f4t\u00e9s, transparentes, r\u00e9utilisables apr\u00e8s d\u00e9sinfection, mod\u00e8le 186<\/p>\n","protected":false},"featured_media":4198,"comment_status":"closed","ping_status":"closed","template":"","meta":{"_acf_changed":false,"site-sidebar-layout":"default","site-content-layout":"","ast-site-content-layout":"default","site-content-style":"default","site-sidebar-style":"default","ast-global-header-display":"","ast-banner-title-visibility":"","ast-main-header-display":"","ast-hfb-above-header-display":"","ast-hfb-below-header-display":"","ast-hfb-mobile-header-display":"","site-post-title":"","ast-breadcrumbs-content":"","ast-featured-img":"","footer-sml-layout":"","theme-transparent-header-meta":"default","adv-header-id-meta":"","stick-header-meta":"","header-above-stick-meta":"","header-main-stick-meta":"","header-below-stick-meta":"","astra-migrate-meta-layouts":"default","ast-page-background-enabled":"default","ast-page-background-meta":{"desktop":{"background-color":"var(--ast-global-color-4)","background-image":"","background-repeat":"repeat","background-position":"center center","background-size":"auto","background-attachment":"scroll","background-type":"","background-media":"","overlay-type":"","overlay-color":"","overlay-opacity":"","overlay-gradient":""},"tablet":{"background-color":"","background-image":"","background-repeat":"repeat","background-position":"center center","background-size":"auto","background-attachment":"scroll","background-type":"","background-media":"","overlay-type":"","overlay-color":"","overlay-opacity":"","overlay-gradient":""},"mobile":{"background-color":"","background-image":"","background-repeat":"repeat","background-position":"center center","background-size":"auto","background-attachment":"scroll","background-type":"","background-media":"","overlay-type":"","overlay-color":"","overlay-opacity":"","overlay-gradient":""}},"ast-content-background-meta":{"desktop":{"background-color":"var(--ast-global-color-5)","background-image":"","background-repeat":"repeat","background-position":"center center","background-size":"auto","background-attachment":"scroll","background-type":"","background-media":"","overlay-type":"","overlay-color":"","overlay-opacity":"","overlay-gradient":""},"tablet":{"background-color":"var(--ast-global-color-5)","background-image":"","background-repeat":"repeat","background-position":"center center","background-size":"auto","background-attachment":"scroll","background-type":"","background-media":"","overlay-type":"","overlay-color":"","overlay-opacity":"","overlay-gradient":""},"mobile":{"background-color":"var(--ast-global-color-5)","background-image":"","background-repeat":"repeat","background-position":"center center","background-size":"auto","background-attachment":"scroll","background-type":"","background-media":"","overlay-type":"","overlay-color":"","overlay-opacity":"","overlay-gradient":""}}},"product_brand":[],"product_cat":[640],"product_tag":[],"class_list":{"0":"post-6941","1":"product","2":"type-product","3":"status-publish","4":"has-post-thumbnail","6":"product_cat-materiel-de-protection","7":"desktop-align-left","8":"tablet-align-left","9":"mobile-align-left","11":"first","12":"instock","13":"taxable","14":"shipping-taxable","15":"purchasable","16":"product-type-variable","17":"has-default-attributes","18":"add-to-wishlist-before_image"},"acf":[],"yoast_head":"<!-- This site is optimized with the Yoast SEO plugin v26.5 - https:\/\/yoast.com\/wordpress\/plugins\/seo\/ -->\n<title>Lunettes de protection transparentes, ferm\u00e9es de c\u00f4t\u00e9 EN 166<\/title>\n<meta name=\"description\" content=\"Lunettes de protection transparentes, ferm\u00e9es de c\u00f4t\u00e9 EN 166, prot\u00e8gent les yeux des rayonnements optiques, des gouttelettes et des projections, de la poussi\u00e8re, etc.\" \/>\n<meta name=\"robots\" content=\"index, follow, max-snippet:-1, max-image-preview:large, max-video-preview:-1\" \/>\n<link rel=\"canonical\" href=\"https:\/\/fornimedical.ch\/fr\/produit\/lunettes-de-protection-transparentes-fermees-de-cote-en-166\/\" \/>\n<meta property=\"og:locale\" content=\"fr_FR\" \/>\n<meta property=\"og:type\" content=\"article\" \/>\n<meta property=\"og:title\" content=\"Lunettes de protection transparentes, ferm\u00e9es de c\u00f4t\u00e9 EN 166\" \/>\n<meta property=\"og:description\" content=\"Lunettes de protection transparentes, ferm\u00e9es de c\u00f4t\u00e9 EN 166, prot\u00e8gent les yeux des rayonnements optiques, des gouttelettes et des projections, de la poussi\u00e8re, etc.\" \/>\n<meta property=\"og:url\" content=\"https:\/\/fornimedical.ch\/fr\/produit\/lunettes-de-protection-transparentes-fermees-de-cote-en-166\/\" \/>\n<meta property=\"og:site_name\" content=\"Forni Medical GmbH\" \/>\n<meta property=\"article:modified_time\" content=\"2024-08-07T07:43:49+00:00\" \/>\n<meta property=\"og:image\" content=\"https:\/\/fornimedical.ch\/wp-content\/uploads\/2024\/04\/forni-medical_schutzbrille_durchsichtig_-seitlich-geschlossen_EN166-.jpg\" \/>\n\t<meta property=\"og:image:width\" content=\"1920\" \/>\n\t<meta property=\"og:image:height\" content=\"1080\" \/>\n\t<meta property=\"og:image:type\" content=\"image\/jpeg\" \/>\n<meta name=\"twitter:card\" content=\"summary_large_image\" \/>\n<script type=\"application\/ld+json\" class=\"yoast-schema-graph\">{\"@context\":\"https:\/\/schema.org\",\"@graph\":[{\"@type\":\"WebPage\",\"@id\":\"https:\/\/fornimedical.ch\/fr\/produit\/lunettes-de-protection-transparentes-fermees-de-cote-en-166\/\",\"url\":\"https:\/\/fornimedical.ch\/fr\/produit\/lunettes-de-protection-transparentes-fermees-de-cote-en-166\/\",\"name\":\"Lunettes de protection transparentes, ferm\u00e9es de c\u00f4t\u00e9 EN 166\",\"isPartOf\":{\"@id\":\"https:\/\/fornimedical.ch\/fr\/#website\"},\"primaryImageOfPage\":{\"@id\":\"https:\/\/fornimedical.ch\/fr\/produit\/lunettes-de-protection-transparentes-fermees-de-cote-en-166\/#primaryimage\"},\"image\":{\"@id\":\"https:\/\/fornimedical.ch\/fr\/produit\/lunettes-de-protection-transparentes-fermees-de-cote-en-166\/#primaryimage\"},\"thumbnailUrl\":\"https:\/\/fornimedical.ch\/wp-content\/uploads\/2024\/04\/forni-medical_schutzbrille_durchsichtig_-seitlich-geschlossen_EN166-.jpg\",\"datePublished\":\"2024-04-24T04:23:52+00:00\",\"dateModified\":\"2024-08-07T07:43:49+00:00\",\"description\":\"Lunettes de protection transparentes, ferm\u00e9es de c\u00f4t\u00e9 EN 166, prot\u00e8gent les yeux des rayonnements optiques, des gouttelettes et des projections, de la poussi\u00e8re, etc.\",\"breadcrumb\":{\"@id\":\"https:\/\/fornimedical.ch\/fr\/produit\/lunettes-de-protection-transparentes-fermees-de-cote-en-166\/#breadcrumb\"},\"inLanguage\":\"fr-FR\",\"potentialAction\":[{\"@type\":\"ReadAction\",\"target\":[\"https:\/\/fornimedical.ch\/fr\/produit\/lunettes-de-protection-transparentes-fermees-de-cote-en-166\/\"]}]},{\"@type\":\"ImageObject\",\"inLanguage\":\"fr-FR\",\"@id\":\"https:\/\/fornimedical.ch\/fr\/produit\/lunettes-de-protection-transparentes-fermees-de-cote-en-166\/#primaryimage\",\"url\":\"https:\/\/fornimedical.ch\/wp-content\/uploads\/2024\/04\/forni-medical_schutzbrille_durchsichtig_-seitlich-geschlossen_EN166-.jpg\",\"contentUrl\":\"https:\/\/fornimedical.ch\/wp-content\/uploads\/2024\/04\/forni-medical_schutzbrille_durchsichtig_-seitlich-geschlossen_EN166-.jpg\",\"width\":1920,\"height\":1080,\"caption\":\"Forni Medical Schutzbrille, durchsichtig, seitlich geschlossen EN 166\"},{\"@type\":\"BreadcrumbList\",\"@id\":\"https:\/\/fornimedical.ch\/fr\/produit\/lunettes-de-protection-transparentes-fermees-de-cote-en-166\/#breadcrumb\",\"itemListElement\":[{\"@type\":\"ListItem\",\"position\":1,\"name\":\"Home\",\"item\":\"https:\/\/fornimedical.ch\/fr\/\"},{\"@type\":\"ListItem\",\"position\":2,\"name\":\"Archives boutique en ligne\",\"item\":\"https:\/\/fornimedical.ch\/fr\/archives-boutique-en-ligne\/\"},{\"@type\":\"ListItem\",\"position\":3,\"name\":\"Lunettes de protection transparentes, ferm\u00e9es de c\u00f4t\u00e9 EN 166\"}]},{\"@type\":\"WebSite\",\"@id\":\"https:\/\/fornimedical.ch\/fr\/#website\",\"url\":\"https:\/\/fornimedical.ch\/fr\/\",\"name\":\"Forni Medical GmbH\",\"description\":\"\",\"publisher\":{\"@id\":\"https:\/\/fornimedical.ch\/fr\/#organization\"},\"potentialAction\":[{\"@type\":\"SearchAction\",\"target\":{\"@type\":\"EntryPoint\",\"urlTemplate\":\"https:\/\/fornimedical.ch\/fr\/?s={search_term_string}\"},\"query-input\":{\"@type\":\"PropertyValueSpecification\",\"valueRequired\":true,\"valueName\":\"search_term_string\"}}],\"inLanguage\":\"fr-FR\"},{\"@type\":\"Organization\",\"@id\":\"https:\/\/fornimedical.ch\/fr\/#organization\",\"name\":\"Forni Medical GmbH\",\"url\":\"https:\/\/fornimedical.ch\/fr\/\",\"logo\":{\"@type\":\"ImageObject\",\"inLanguage\":\"fr-FR\",\"@id\":\"https:\/\/fornimedical.ch\/fr\/#\/schema\/logo\/image\/\",\"url\":\"https:\/\/fornimedical.ch\/wp-content\/uploads\/2023\/08\/logo.svg\",\"contentUrl\":\"https:\/\/fornimedical.ch\/wp-content\/uploads\/2023\/08\/logo.svg\",\"caption\":\"Forni Medical GmbH\"},\"image\":{\"@id\":\"https:\/\/fornimedical.ch\/fr\/#\/schema\/logo\/image\/\"}}]}<\/script>\n<!-- \/ Yoast SEO plugin. -->","yoast_head_json":{"title":"Lunettes de protection transparentes, ferm\u00e9es de c\u00f4t\u00e9 EN 166","description":"Lunettes de protection transparentes, ferm\u00e9es de c\u00f4t\u00e9 EN 166, prot\u00e8gent les yeux des rayonnements optiques, des gouttelettes et des projections, de la poussi\u00e8re, etc.","robots":{"index":"index","follow":"follow","max-snippet":"max-snippet:-1","max-image-preview":"max-image-preview:large","max-video-preview":"max-video-preview:-1"},"canonical":"https:\/\/fornimedical.ch\/fr\/produit\/lunettes-de-protection-transparentes-fermees-de-cote-en-166\/","og_locale":"fr_FR","og_type":"article","og_title":"Lunettes de protection transparentes, ferm\u00e9es de c\u00f4t\u00e9 EN 166","og_description":"Lunettes de protection transparentes, ferm\u00e9es de c\u00f4t\u00e9 EN 166, prot\u00e8gent les yeux des rayonnements optiques, des gouttelettes et des projections, de la poussi\u00e8re, etc.","og_url":"https:\/\/fornimedical.ch\/fr\/produit\/lunettes-de-protection-transparentes-fermees-de-cote-en-166\/","og_site_name":"Forni Medical GmbH","article_modified_time":"2024-08-07T07:43:49+00:00","og_image":[{"width":1920,"height":1080,"url":"https:\/\/fornimedical.ch\/wp-content\/uploads\/2024\/04\/forni-medical_schutzbrille_durchsichtig_-seitlich-geschlossen_EN166-.jpg","type":"image\/jpeg"}],"twitter_card":"summary_large_image","schema":{"@context":"https:\/\/schema.org","@graph":[{"@type":"WebPage","@id":"https:\/\/fornimedical.ch\/fr\/produit\/lunettes-de-protection-transparentes-fermees-de-cote-en-166\/","url":"https:\/\/fornimedical.ch\/fr\/produit\/lunettes-de-protection-transparentes-fermees-de-cote-en-166\/","name":"Lunettes de protection transparentes, ferm\u00e9es de c\u00f4t\u00e9 EN 166","isPartOf":{"@id":"https:\/\/fornimedical.ch\/fr\/#website"},"primaryImageOfPage":{"@id":"https:\/\/fornimedical.ch\/fr\/produit\/lunettes-de-protection-transparentes-fermees-de-cote-en-166\/#primaryimage"},"image":{"@id":"https:\/\/fornimedical.ch\/fr\/produit\/lunettes-de-protection-transparentes-fermees-de-cote-en-166\/#primaryimage"},"thumbnailUrl":"https:\/\/fornimedical.ch\/wp-content\/uploads\/2024\/04\/forni-medical_schutzbrille_durchsichtig_-seitlich-geschlossen_EN166-.jpg","datePublished":"2024-04-24T04:23:52+00:00","dateModified":"2024-08-07T07:43:49+00:00","description":"Lunettes de protection transparentes, ferm\u00e9es de c\u00f4t\u00e9 EN 166, prot\u00e8gent les yeux des rayonnements optiques, des gouttelettes et des projections, de la poussi\u00e8re, etc.","breadcrumb":{"@id":"https:\/\/fornimedical.ch\/fr\/produit\/lunettes-de-protection-transparentes-fermees-de-cote-en-166\/#breadcrumb"},"inLanguage":"fr-FR","potentialAction":[{"@type":"ReadAction","target":["https:\/\/fornimedical.ch\/fr\/produit\/lunettes-de-protection-transparentes-fermees-de-cote-en-166\/"]}]},{"@type":"ImageObject","inLanguage":"fr-FR","@id":"https:\/\/fornimedical.ch\/fr\/produit\/lunettes-de-protection-transparentes-fermees-de-cote-en-166\/#primaryimage","url":"https:\/\/fornimedical.ch\/wp-content\/uploads\/2024\/04\/forni-medical_schutzbrille_durchsichtig_-seitlich-geschlossen_EN166-.jpg","contentUrl":"https:\/\/fornimedical.ch\/wp-content\/uploads\/2024\/04\/forni-medical_schutzbrille_durchsichtig_-seitlich-geschlossen_EN166-.jpg","width":1920,"height":1080,"caption":"Forni Medical Schutzbrille, durchsichtig, seitlich geschlossen EN 166"},{"@type":"BreadcrumbList","@id":"https:\/\/fornimedical.ch\/fr\/produit\/lunettes-de-protection-transparentes-fermees-de-cote-en-166\/#breadcrumb","itemListElement":[{"@type":"ListItem","position":1,"name":"Home","item":"https:\/\/fornimedical.ch\/fr\/"},{"@type":"ListItem","position":2,"name":"Archives boutique en ligne","item":"https:\/\/fornimedical.ch\/fr\/archives-boutique-en-ligne\/"},{"@type":"ListItem","position":3,"name":"Lunettes de protection transparentes, ferm\u00e9es de c\u00f4t\u00e9 EN 166"}]},{"@type":"WebSite","@id":"https:\/\/fornimedical.ch\/fr\/#website","url":"https:\/\/fornimedical.ch\/fr\/","name":"Forni Medical GmbH","description":"","publisher":{"@id":"https:\/\/fornimedical.ch\/fr\/#organization"},"potentialAction":[{"@type":"SearchAction","target":{"@type":"EntryPoint","urlTemplate":"https:\/\/fornimedical.ch\/fr\/?s={search_term_string}"},"query-input":{"@type":"PropertyValueSpecification","valueRequired":true,"valueName":"search_term_string"}}],"inLanguage":"fr-FR"},{"@type":"Organization","@id":"https:\/\/fornimedical.ch\/fr\/#organization","name":"Forni Medical GmbH","url":"https:\/\/fornimedical.ch\/fr\/","logo":{"@type":"ImageObject","inLanguage":"fr-FR","@id":"https:\/\/fornimedical.ch\/fr\/#\/schema\/logo\/image\/","url":"https:\/\/fornimedical.ch\/wp-content\/uploads\/2023\/08\/logo.svg","contentUrl":"https:\/\/fornimedical.ch\/wp-content\/uploads\/2023\/08\/logo.svg","caption":"Forni Medical GmbH"},"image":{"@id":"https:\/\/fornimedical.ch\/fr\/#\/schema\/logo\/image\/"}}]}},"_links":{"self":[{"href":"https:\/\/fornimedical.ch\/fr\/wp-json\/wp\/v2\/product\/6941","targetHints":{"allow":["GET"]}}],"collection":[{"href":"https:\/\/fornimedical.ch\/fr\/wp-json\/wp\/v2\/product"}],"about":[{"href":"https:\/\/fornimedical.ch\/fr\/wp-json\/wp\/v2\/types\/product"}],"replies":[{"embeddable":true,"href":"https:\/\/fornimedical.ch\/fr\/wp-json\/wp\/v2\/comments?post=6941"}],"wp:featuredmedia":[{"embeddable":true,"href":"https:\/\/fornimedical.ch\/fr\/wp-json\/wp\/v2\/media\/4198"}],"wp:attachment":[{"href":"https:\/\/fornimedical.ch\/fr\/wp-json\/wp\/v2\/media?parent=6941"}],"wp:term":[{"taxonomy":"product_brand","embeddable":true,"href":"https:\/\/fornimedical.ch\/fr\/wp-json\/wp\/v2\/product_brand?post=6941"},{"taxonomy":"product_cat","embeddable":true,"href":"https:\/\/fornimedical.ch\/fr\/wp-json\/wp\/v2\/product_cat?post=6941"},{"taxonomy":"product_tag","embeddable":true,"href":"https:\/\/fornimedical.ch\/fr\/wp-json\/wp\/v2\/product_tag?post=6941"}],"curies":[{"name":"wp","href":"https:\/\/api.w.org\/{rel}","templated":true}]}}