{"id":6908,"date":"2024-04-24T14:40:17","date_gmt":"2024-04-24T12:40:17","guid":{"rendered":"https:\/\/fornimedical.ch\/product\/pavis-genouillere-pour-instabilite-ligamentaire-gauche\/"},"modified":"2025-10-20T15:45:48","modified_gmt":"2025-10-20T13:45:48","slug":"pavis-genouillere-pour-instabilite-ligamentaire-gauche","status":"publish","type":"product","link":"https:\/\/fornimedical.ch\/fr\/produit\/pavis-genouillere-pour-instabilite-ligamentaire-gauche\/","title":{"rendered":"Pavis Genouill\u00e8re pour instabilit\u00e9 ligamentaire, gauche"},"content":{"rendered":"<p>L\u2019orth\u00e8se a \u00e9t\u00e9 con\u00e7ue pour garder l\u2019articulation du genou dans la position physiologique pendant les mouvements d\u2019extension et de flexion. Deux fixations anatomiques et \u00e0 ouverture totale (l\u2019une au niveau du mollet, l\u2019autre au niveau de la cuisse) rendent l\u2019orth\u00e8se facile \u00e0 porter. Les genouill\u00e8res se composent d\u2019un tissu \u00ab3D Spacer\u00bb sp\u00e9cial, tr\u00e8s respirant et qui maximise le confort. 4\u00a0bandes rigides ferm\u00e9es par \u00abmouvement d\u2019\u00e9tau\u00bb permettent une fixation simple et efficace de l\u2019orth\u00e8se. Les deux syst\u00e8mes d\u2019arr\u00eat moul\u00e9s (m\u00e9dial et lat\u00e9ral) offrent une stabilit\u00e9 lat\u00e9rale au genou. Les genouill\u00e8res sont pourvues d\u2019un centre de rotation variable pour reproduire parfaitement le mouvement naturel du genou. Tant l\u2019extension que la flexion peuvent \u00eatre limit\u00e9es, ou bien un angle de genou souhait\u00e9 peut \u00eatre d\u00e9fini. Ouverture au genou (pour faciliter le traitement et ne pas solliciter les zones sensibles).<\/p>\n<p><strong>INDICATIONS:<\/strong><\/p>\n<ul>\n<li>Fracture ou reconstruction ACL\/PCL; traitement LC postop\u00e9ratoire<\/li>\n<li>Traumatismes du genou (distorsions ou luxations), hyperlaxit\u00e9 du genou, instabilit\u00e9 lat\u00e9rale. Soutien en cas de gonarthroses l\u00e9g\u00e8res ou mod\u00e9r\u00e9es<\/li>\n<li>Pour soutenir et renforcer la confiance en soi lors de la r\u00e9\u00e9ducation<\/li>\n<\/ul>\n","protected":false},"excerpt":{"rendered":"<p>Hauteur: 40\u00a0cm. Stabilise l\u2019articulation du genou dans sa position physiologique et emp\u00eache les mouvements lat\u00e9raux accidentels<\/p>\n","protected":false},"featured_media":4268,"comment_status":"closed","ping_status":"closed","template":"","meta":{"_acf_changed":false,"site-sidebar-layout":"default","site-content-layout":"","ast-site-content-layout":"default","site-content-style":"default","site-sidebar-style":"default","ast-global-header-display":"","ast-banner-title-visibility":"","ast-main-header-display":"","ast-hfb-above-header-display":"","ast-hfb-below-header-display":"","ast-hfb-mobile-header-display":"","site-post-title":"","ast-breadcrumbs-content":"","ast-featured-img":"","footer-sml-layout":"","theme-transparent-header-meta":"default","adv-header-id-meta":"","stick-header-meta":"","header-above-stick-meta":"","header-main-stick-meta":"","header-below-stick-meta":"","astra-migrate-meta-layouts":"set","ast-page-background-enabled":"default","ast-page-background-meta":{"desktop":{"background-color":"var(--ast-global-color-4)","background-image":"","background-repeat":"repeat","background-position":"center center","background-size":"auto","background-attachment":"scroll","background-type":"","background-media":"","overlay-type":"","overlay-color":"","overlay-opacity":"","overlay-gradient":""},"tablet":{"background-color":"","background-image":"","background-repeat":"repeat","background-position":"center center","background-size":"auto","background-attachment":"scroll","background-type":"","background-media":"","overlay-type":"","overlay-color":"","overlay-opacity":"","overlay-gradient":""},"mobile":{"background-color":"","background-image":"","background-repeat":"repeat","background-position":"center center","background-size":"auto","background-attachment":"scroll","background-type":"","background-media":"","overlay-type":"","overlay-color":"","overlay-opacity":"","overlay-gradient":""}},"ast-content-background-meta":{"desktop":{"background-color":"var(--ast-global-color-5)","background-image":"","background-repeat":"repeat","background-position":"center center","background-size":"auto","background-attachment":"scroll","background-type":"","background-media":"","overlay-type":"","overlay-color":"","overlay-opacity":"","overlay-gradient":""},"tablet":{"background-color":"var(--ast-global-color-5)","background-image":"","background-repeat":"repeat","background-position":"center center","background-size":"auto","background-attachment":"scroll","background-type":"","background-media":"","overlay-type":"","overlay-color":"","overlay-opacity":"","overlay-gradient":""},"mobile":{"background-color":"var(--ast-global-color-5)","background-image":"","background-repeat":"repeat","background-position":"center center","background-size":"auto","background-attachment":"scroll","background-type":"","background-media":"","overlay-type":"","overlay-color":"","overlay-opacity":"","overlay-gradient":""}}},"product_brand":[],"product_cat":[88],"product_tag":[],"class_list":{"0":"post-6908","1":"product","2":"type-product","3":"status-publish","4":"has-post-thumbnail","6":"product_cat-knieschienen","7":"desktop-align-left","8":"tablet-align-left","9":"mobile-align-left","11":"first","12":"instock","13":"taxable","14":"shipping-taxable","15":"purchasable","16":"product-type-variable","17":"has-default-attributes","18":"add-to-wishlist-before_image"},"acf":[],"yoast_head":"<!-- This site is optimized with the Yoast SEO plugin v26.5 - https:\/\/yoast.com\/wordpress\/plugins\/seo\/ -->\n<title>Pavis Genouill\u00e8re pour instabilit\u00e9 ligamentaire, gauche<\/title>\n<meta name=\"description\" content=\"Genouill\u00e8re pour instabilit\u00e9 ligamentaire. Hauteur: 40\u00a0cm. Stabilise l\u2019articulation du genou dans sa position physiologique et emp\u00eache les mouvements lat\u00e9raux accidentels\" \/>\n<meta name=\"robots\" content=\"index, follow, max-snippet:-1, max-image-preview:large, max-video-preview:-1\" \/>\n<link rel=\"canonical\" href=\"https:\/\/fornimedical.ch\/fr\/produit\/pavis-genouillere-pour-instabilite-ligamentaire-gauche\/\" \/>\n<meta property=\"og:locale\" content=\"fr_FR\" \/>\n<meta property=\"og:type\" content=\"article\" \/>\n<meta property=\"og:title\" content=\"Pavis Genouill\u00e8re pour instabilit\u00e9 ligamentaire, gauche\" \/>\n<meta property=\"og:description\" content=\"Genouill\u00e8re pour instabilit\u00e9 ligamentaire. Hauteur: 40\u00a0cm. Stabilise l\u2019articulation du genou dans sa position physiologique et emp\u00eache les mouvements lat\u00e9raux accidentels\" \/>\n<meta property=\"og:url\" content=\"https:\/\/fornimedical.ch\/fr\/produit\/pavis-genouillere-pour-instabilite-ligamentaire-gauche\/\" \/>\n<meta property=\"og:site_name\" content=\"Forni Medical GmbH\" \/>\n<meta property=\"article:modified_time\" content=\"2025-10-20T13:45:48+00:00\" \/>\n<meta property=\"og:image\" content=\"https:\/\/fornimedical.ch\/wp-content\/uploads\/2024\/04\/forni-medical_pavis_knieschiene.jpg\" \/>\n\t<meta property=\"og:image:width\" content=\"2481\" \/>\n\t<meta property=\"og:image:height\" content=\"1487\" \/>\n\t<meta property=\"og:image:type\" content=\"image\/jpeg\" \/>\n<meta name=\"twitter:card\" content=\"summary_large_image\" \/>\n<meta name=\"twitter:label1\" content=\"Dur\u00e9e de lecture estim\u00e9e\" \/>\n\t<meta name=\"twitter:data1\" content=\"1 minute\" \/>\n<script type=\"application\/ld+json\" class=\"yoast-schema-graph\">{\"@context\":\"https:\/\/schema.org\",\"@graph\":[{\"@type\":\"WebPage\",\"@id\":\"https:\/\/fornimedical.ch\/fr\/produit\/pavis-genouillere-pour-instabilite-ligamentaire-gauche\/\",\"url\":\"https:\/\/fornimedical.ch\/fr\/produit\/pavis-genouillere-pour-instabilite-ligamentaire-gauche\/\",\"name\":\"Pavis Genouill\u00e8re pour instabilit\u00e9 ligamentaire, gauche\",\"isPartOf\":{\"@id\":\"https:\/\/fornimedical.ch\/fr\/#website\"},\"primaryImageOfPage\":{\"@id\":\"https:\/\/fornimedical.ch\/fr\/produit\/pavis-genouillere-pour-instabilite-ligamentaire-gauche\/#primaryimage\"},\"image\":{\"@id\":\"https:\/\/fornimedical.ch\/fr\/produit\/pavis-genouillere-pour-instabilite-ligamentaire-gauche\/#primaryimage\"},\"thumbnailUrl\":\"https:\/\/fornimedical.ch\/wp-content\/uploads\/2024\/04\/forni-medical_pavis_knieschiene.jpg\",\"datePublished\":\"2024-04-24T12:40:17+00:00\",\"dateModified\":\"2025-10-20T13:45:48+00:00\",\"description\":\"Genouill\u00e8re pour instabilit\u00e9 ligamentaire. Hauteur: 40\u00a0cm. Stabilise l\u2019articulation du genou dans sa position physiologique et emp\u00eache les mouvements lat\u00e9raux accidentels\",\"breadcrumb\":{\"@id\":\"https:\/\/fornimedical.ch\/fr\/produit\/pavis-genouillere-pour-instabilite-ligamentaire-gauche\/#breadcrumb\"},\"inLanguage\":\"fr-FR\",\"potentialAction\":[{\"@type\":\"ReadAction\",\"target\":[\"https:\/\/fornimedical.ch\/fr\/produit\/pavis-genouillere-pour-instabilite-ligamentaire-gauche\/\"]}]},{\"@type\":\"ImageObject\",\"inLanguage\":\"fr-FR\",\"@id\":\"https:\/\/fornimedical.ch\/fr\/produit\/pavis-genouillere-pour-instabilite-ligamentaire-gauche\/#primaryimage\",\"url\":\"https:\/\/fornimedical.ch\/wp-content\/uploads\/2024\/04\/forni-medical_pavis_knieschiene.jpg\",\"contentUrl\":\"https:\/\/fornimedical.ch\/wp-content\/uploads\/2024\/04\/forni-medical_pavis_knieschiene.jpg\",\"width\":2481,\"height\":1487,\"caption\":\"Forni Medical Knieschiene bei Bandinstabilit\u00e4t\"},{\"@type\":\"BreadcrumbList\",\"@id\":\"https:\/\/fornimedical.ch\/fr\/produit\/pavis-genouillere-pour-instabilite-ligamentaire-gauche\/#breadcrumb\",\"itemListElement\":[{\"@type\":\"ListItem\",\"position\":1,\"name\":\"Home\",\"item\":\"https:\/\/fornimedical.ch\/fr\/\"},{\"@type\":\"ListItem\",\"position\":2,\"name\":\"Archives boutique en ligne\",\"item\":\"https:\/\/fornimedical.ch\/fr\/archives-boutique-en-ligne\/\"},{\"@type\":\"ListItem\",\"position\":3,\"name\":\"Pavis Genouill\u00e8re pour instabilit\u00e9 ligamentaire, gauche\"}]},{\"@type\":\"WebSite\",\"@id\":\"https:\/\/fornimedical.ch\/fr\/#website\",\"url\":\"https:\/\/fornimedical.ch\/fr\/\",\"name\":\"Forni Medical GmbH\",\"description\":\"\",\"publisher\":{\"@id\":\"https:\/\/fornimedical.ch\/fr\/#organization\"},\"potentialAction\":[{\"@type\":\"SearchAction\",\"target\":{\"@type\":\"EntryPoint\",\"urlTemplate\":\"https:\/\/fornimedical.ch\/fr\/?s={search_term_string}\"},\"query-input\":{\"@type\":\"PropertyValueSpecification\",\"valueRequired\":true,\"valueName\":\"search_term_string\"}}],\"inLanguage\":\"fr-FR\"},{\"@type\":\"Organization\",\"@id\":\"https:\/\/fornimedical.ch\/fr\/#organization\",\"name\":\"Forni Medical GmbH\",\"url\":\"https:\/\/fornimedical.ch\/fr\/\",\"logo\":{\"@type\":\"ImageObject\",\"inLanguage\":\"fr-FR\",\"@id\":\"https:\/\/fornimedical.ch\/fr\/#\/schema\/logo\/image\/\",\"url\":\"https:\/\/fornimedical.ch\/wp-content\/uploads\/2023\/08\/logo.svg\",\"contentUrl\":\"https:\/\/fornimedical.ch\/wp-content\/uploads\/2023\/08\/logo.svg\",\"caption\":\"Forni Medical GmbH\"},\"image\":{\"@id\":\"https:\/\/fornimedical.ch\/fr\/#\/schema\/logo\/image\/\"}}]}<\/script>\n<!-- \/ Yoast SEO plugin. -->","yoast_head_json":{"title":"Pavis Genouill\u00e8re pour instabilit\u00e9 ligamentaire, gauche","description":"Genouill\u00e8re pour instabilit\u00e9 ligamentaire. Hauteur: 40\u00a0cm. Stabilise l\u2019articulation du genou dans sa position physiologique et emp\u00eache les mouvements lat\u00e9raux accidentels","robots":{"index":"index","follow":"follow","max-snippet":"max-snippet:-1","max-image-preview":"max-image-preview:large","max-video-preview":"max-video-preview:-1"},"canonical":"https:\/\/fornimedical.ch\/fr\/produit\/pavis-genouillere-pour-instabilite-ligamentaire-gauche\/","og_locale":"fr_FR","og_type":"article","og_title":"Pavis Genouill\u00e8re pour instabilit\u00e9 ligamentaire, gauche","og_description":"Genouill\u00e8re pour instabilit\u00e9 ligamentaire. Hauteur: 40\u00a0cm. Stabilise l\u2019articulation du genou dans sa position physiologique et emp\u00eache les mouvements lat\u00e9raux accidentels","og_url":"https:\/\/fornimedical.ch\/fr\/produit\/pavis-genouillere-pour-instabilite-ligamentaire-gauche\/","og_site_name":"Forni Medical GmbH","article_modified_time":"2025-10-20T13:45:48+00:00","og_image":[{"width":2481,"height":1487,"url":"https:\/\/fornimedical.ch\/wp-content\/uploads\/2024\/04\/forni-medical_pavis_knieschiene.jpg","type":"image\/jpeg"}],"twitter_card":"summary_large_image","twitter_misc":{"Dur\u00e9e de lecture estim\u00e9e":"1 minute"},"schema":{"@context":"https:\/\/schema.org","@graph":[{"@type":"WebPage","@id":"https:\/\/fornimedical.ch\/fr\/produit\/pavis-genouillere-pour-instabilite-ligamentaire-gauche\/","url":"https:\/\/fornimedical.ch\/fr\/produit\/pavis-genouillere-pour-instabilite-ligamentaire-gauche\/","name":"Pavis Genouill\u00e8re pour instabilit\u00e9 ligamentaire, gauche","isPartOf":{"@id":"https:\/\/fornimedical.ch\/fr\/#website"},"primaryImageOfPage":{"@id":"https:\/\/fornimedical.ch\/fr\/produit\/pavis-genouillere-pour-instabilite-ligamentaire-gauche\/#primaryimage"},"image":{"@id":"https:\/\/fornimedical.ch\/fr\/produit\/pavis-genouillere-pour-instabilite-ligamentaire-gauche\/#primaryimage"},"thumbnailUrl":"https:\/\/fornimedical.ch\/wp-content\/uploads\/2024\/04\/forni-medical_pavis_knieschiene.jpg","datePublished":"2024-04-24T12:40:17+00:00","dateModified":"2025-10-20T13:45:48+00:00","description":"Genouill\u00e8re pour instabilit\u00e9 ligamentaire. Hauteur: 40\u00a0cm. Stabilise l\u2019articulation du genou dans sa position physiologique et emp\u00eache les mouvements lat\u00e9raux accidentels","breadcrumb":{"@id":"https:\/\/fornimedical.ch\/fr\/produit\/pavis-genouillere-pour-instabilite-ligamentaire-gauche\/#breadcrumb"},"inLanguage":"fr-FR","potentialAction":[{"@type":"ReadAction","target":["https:\/\/fornimedical.ch\/fr\/produit\/pavis-genouillere-pour-instabilite-ligamentaire-gauche\/"]}]},{"@type":"ImageObject","inLanguage":"fr-FR","@id":"https:\/\/fornimedical.ch\/fr\/produit\/pavis-genouillere-pour-instabilite-ligamentaire-gauche\/#primaryimage","url":"https:\/\/fornimedical.ch\/wp-content\/uploads\/2024\/04\/forni-medical_pavis_knieschiene.jpg","contentUrl":"https:\/\/fornimedical.ch\/wp-content\/uploads\/2024\/04\/forni-medical_pavis_knieschiene.jpg","width":2481,"height":1487,"caption":"Forni Medical Knieschiene bei Bandinstabilit\u00e4t"},{"@type":"BreadcrumbList","@id":"https:\/\/fornimedical.ch\/fr\/produit\/pavis-genouillere-pour-instabilite-ligamentaire-gauche\/#breadcrumb","itemListElement":[{"@type":"ListItem","position":1,"name":"Home","item":"https:\/\/fornimedical.ch\/fr\/"},{"@type":"ListItem","position":2,"name":"Archives boutique en ligne","item":"https:\/\/fornimedical.ch\/fr\/archives-boutique-en-ligne\/"},{"@type":"ListItem","position":3,"name":"Pavis Genouill\u00e8re pour instabilit\u00e9 ligamentaire, gauche"}]},{"@type":"WebSite","@id":"https:\/\/fornimedical.ch\/fr\/#website","url":"https:\/\/fornimedical.ch\/fr\/","name":"Forni Medical GmbH","description":"","publisher":{"@id":"https:\/\/fornimedical.ch\/fr\/#organization"},"potentialAction":[{"@type":"SearchAction","target":{"@type":"EntryPoint","urlTemplate":"https:\/\/fornimedical.ch\/fr\/?s={search_term_string}"},"query-input":{"@type":"PropertyValueSpecification","valueRequired":true,"valueName":"search_term_string"}}],"inLanguage":"fr-FR"},{"@type":"Organization","@id":"https:\/\/fornimedical.ch\/fr\/#organization","name":"Forni Medical GmbH","url":"https:\/\/fornimedical.ch\/fr\/","logo":{"@type":"ImageObject","inLanguage":"fr-FR","@id":"https:\/\/fornimedical.ch\/fr\/#\/schema\/logo\/image\/","url":"https:\/\/fornimedical.ch\/wp-content\/uploads\/2023\/08\/logo.svg","contentUrl":"https:\/\/fornimedical.ch\/wp-content\/uploads\/2023\/08\/logo.svg","caption":"Forni Medical GmbH"},"image":{"@id":"https:\/\/fornimedical.ch\/fr\/#\/schema\/logo\/image\/"}}]}},"_links":{"self":[{"href":"https:\/\/fornimedical.ch\/fr\/wp-json\/wp\/v2\/product\/6908","targetHints":{"allow":["GET"]}}],"collection":[{"href":"https:\/\/fornimedical.ch\/fr\/wp-json\/wp\/v2\/product"}],"about":[{"href":"https:\/\/fornimedical.ch\/fr\/wp-json\/wp\/v2\/types\/product"}],"replies":[{"embeddable":true,"href":"https:\/\/fornimedical.ch\/fr\/wp-json\/wp\/v2\/comments?post=6908"}],"wp:featuredmedia":[{"embeddable":true,"href":"https:\/\/fornimedical.ch\/fr\/wp-json\/wp\/v2\/media\/4268"}],"wp:attachment":[{"href":"https:\/\/fornimedical.ch\/fr\/wp-json\/wp\/v2\/media?parent=6908"}],"wp:term":[{"taxonomy":"product_brand","embeddable":true,"href":"https:\/\/fornimedical.ch\/fr\/wp-json\/wp\/v2\/product_brand?post=6908"},{"taxonomy":"product_cat","embeddable":true,"href":"https:\/\/fornimedical.ch\/fr\/wp-json\/wp\/v2\/product_cat?post=6908"},{"taxonomy":"product_tag","embeddable":true,"href":"https:\/\/fornimedical.ch\/fr\/wp-json\/wp\/v2\/product_tag?post=6908"}],"curies":[{"name":"wp","href":"https:\/\/api.w.org\/{rel}","templated":true}]}}