{"id":6879,"date":"2024-04-25T09:36:07","date_gmt":"2024-04-25T09:36:07","guid":{"rendered":"https:\/\/fornimedical.ch\/product\/pansement-pour-le-nez-miro-nosepad-avec-elastique-pour-les-oreilles\/"},"modified":"2024-07-18T11:21:30","modified_gmt":"2024-07-18T11:21:30","slug":"pansement-pour-le-nez-miro-nosepad-avec-elastique-pour-les-oreilles","status":"publish","type":"product","link":"https:\/\/fornimedical.ch\/fr\/produit\/pansement-pour-le-nez-miro-nosepad-avec-elastique-pour-les-oreilles\/","title":{"rendered":"Pansement pour le nez miro-nosepad avec \u00e9lastique pour les oreilles"},"content":{"rendered":"<p>Le miro-nosepad se compose d\u2019un filet tubulaire \u00e9lastique en longueur et en largeur avec une compresse absorbante int\u00e9gr\u00e9e au milieu. Facile \u00e0 mettre en place gr\u00e2ce aux \u00e9lastiques pour les oreilles d\u00e9j\u00e0 pr\u00e9sentes. La compresse s\u2019adapte \u00e0 la l\u00e8vre sup\u00e9rieure et poss\u00e8de une grande capacit\u00e9 d\u2019absorption. Le liquide absorb\u00e9 est agglom\u00e9r\u00e9 \u00e0 l\u2019int\u00e9rieur de la compresse. Champs d\u2019application: domaine ORL apr\u00e8s une op\u00e9ration du nez avec \u00e9coulement de s\u00e9cr\u00e9tions.<\/p>\n","protected":false},"excerpt":{"rendered":"<p>Pansement pour le nez pour une utilisation dans le domaine ORL apr\u00e8s une op\u00e9ration du nez avec \u00e9coulement de s\u00e9cr\u00e9tions<\/p>\n","protected":false},"featured_media":4325,"comment_status":"closed","ping_status":"closed","template":"","meta":{"_acf_changed":false,"site-sidebar-layout":"default","site-content-layout":"","ast-site-content-layout":"default","site-content-style":"default","site-sidebar-style":"default","ast-global-header-display":"","ast-banner-title-visibility":"","ast-main-header-display":"","ast-hfb-above-header-display":"","ast-hfb-below-header-display":"","ast-hfb-mobile-header-display":"","site-post-title":"","ast-breadcrumbs-content":"","ast-featured-img":"","footer-sml-layout":"","theme-transparent-header-meta":"default","adv-header-id-meta":"","stick-header-meta":"","header-above-stick-meta":"","header-main-stick-meta":"","header-below-stick-meta":"","astra-migrate-meta-layouts":"default","ast-page-background-enabled":"default","ast-page-background-meta":{"desktop":{"background-color":"var(--ast-global-color-4)","background-image":"","background-repeat":"repeat","background-position":"center center","background-size":"auto","background-attachment":"scroll","background-type":"","background-media":"","overlay-type":"","overlay-color":"","overlay-opacity":"","overlay-gradient":""},"tablet":{"background-color":"","background-image":"","background-repeat":"repeat","background-position":"center center","background-size":"auto","background-attachment":"scroll","background-type":"","background-media":"","overlay-type":"","overlay-color":"","overlay-opacity":"","overlay-gradient":""},"mobile":{"background-color":"","background-image":"","background-repeat":"repeat","background-position":"center center","background-size":"auto","background-attachment":"scroll","background-type":"","background-media":"","overlay-type":"","overlay-color":"","overlay-opacity":"","overlay-gradient":""}},"ast-content-background-meta":{"desktop":{"background-color":"var(--ast-global-color-5)","background-image":"","background-repeat":"repeat","background-position":"center center","background-size":"auto","background-attachment":"scroll","background-type":"","background-media":"","overlay-type":"","overlay-color":"","overlay-opacity":"","overlay-gradient":""},"tablet":{"background-color":"var(--ast-global-color-5)","background-image":"","background-repeat":"repeat","background-position":"center center","background-size":"auto","background-attachment":"scroll","background-type":"","background-media":"","overlay-type":"","overlay-color":"","overlay-opacity":"","overlay-gradient":""},"mobile":{"background-color":"var(--ast-global-color-5)","background-image":"","background-repeat":"repeat","background-position":"center center","background-size":"auto","background-attachment":"scroll","background-type":"","background-media":"","overlay-type":"","overlay-color":"","overlay-opacity":"","overlay-gradient":""}}},"product_brand":[],"product_cat":[615],"product_tag":[],"class_list":{"0":"post-6879","1":"product","2":"type-product","3":"status-publish","4":"has-post-thumbnail","6":"product_cat-pansement-pour-le-nez","7":"desktop-align-left","8":"tablet-align-left","9":"mobile-align-left","11":"first","12":"instock","13":"taxable","14":"shipping-taxable","15":"purchasable","16":"product-type-variable","17":"has-default-attributes","18":"add-to-wishlist-before_image"},"acf":[],"yoast_head":"<!-- This site is optimized with the Yoast SEO plugin v26.5 - https:\/\/yoast.com\/wordpress\/plugins\/seo\/ -->\n<title>Pansement pour le nez miro-nosepad avec \u00e9lastique pour les oreilles<\/title>\n<meta name=\"description\" content=\"Pansement pour le nez miro-nosepad avec \u00e9lastique pour les oreilles, taille universelle. Polyamide, coton. Domaine ORL apr\u00e8s une op\u00e9ration du nez avec \u00e9coulement de s\u00e9cr\u00e9tions\" \/>\n<meta name=\"robots\" content=\"index, follow, max-snippet:-1, max-image-preview:large, max-video-preview:-1\" \/>\n<link rel=\"canonical\" href=\"https:\/\/fornimedical.ch\/fr\/produit\/pansement-pour-le-nez-miro-nosepad-avec-elastique-pour-les-oreilles\/\" \/>\n<meta property=\"og:locale\" content=\"fr_FR\" \/>\n<meta property=\"og:type\" content=\"article\" \/>\n<meta property=\"og:title\" content=\"Pansement pour le nez miro-nosepad avec \u00e9lastique pour les oreilles\" \/>\n<meta property=\"og:description\" content=\"Pansement pour le nez miro-nosepad avec \u00e9lastique pour les oreilles, taille universelle. Polyamide, coton. Domaine ORL apr\u00e8s une op\u00e9ration du nez avec \u00e9coulement de s\u00e9cr\u00e9tions\" \/>\n<meta property=\"og:url\" content=\"https:\/\/fornimedical.ch\/fr\/produit\/pansement-pour-le-nez-miro-nosepad-avec-elastique-pour-les-oreilles\/\" \/>\n<meta property=\"og:site_name\" content=\"Forni Medical GmbH\" \/>\n<meta property=\"article:modified_time\" content=\"2024-07-18T11:21:30+00:00\" \/>\n<meta property=\"og:image\" content=\"https:\/\/fornimedical.ch\/wp-content\/uploads\/2024\/04\/forni-medical_miro-nasenverband_nosepad.jpg\" \/>\n\t<meta property=\"og:image:width\" content=\"1332\" \/>\n\t<meta property=\"og:image:height\" content=\"1110\" \/>\n\t<meta property=\"og:image:type\" content=\"image\/jpeg\" \/>\n<meta name=\"twitter:card\" content=\"summary_large_image\" \/>\n<script type=\"application\/ld+json\" class=\"yoast-schema-graph\">{\"@context\":\"https:\/\/schema.org\",\"@graph\":[{\"@type\":\"WebPage\",\"@id\":\"https:\/\/fornimedical.ch\/fr\/produit\/pansement-pour-le-nez-miro-nosepad-avec-elastique-pour-les-oreilles\/\",\"url\":\"https:\/\/fornimedical.ch\/fr\/produit\/pansement-pour-le-nez-miro-nosepad-avec-elastique-pour-les-oreilles\/\",\"name\":\"Pansement pour le nez miro-nosepad avec \u00e9lastique pour les oreilles\",\"isPartOf\":{\"@id\":\"https:\/\/fornimedical.ch\/fr\/#website\"},\"primaryImageOfPage\":{\"@id\":\"https:\/\/fornimedical.ch\/fr\/produit\/pansement-pour-le-nez-miro-nosepad-avec-elastique-pour-les-oreilles\/#primaryimage\"},\"image\":{\"@id\":\"https:\/\/fornimedical.ch\/fr\/produit\/pansement-pour-le-nez-miro-nosepad-avec-elastique-pour-les-oreilles\/#primaryimage\"},\"thumbnailUrl\":\"https:\/\/fornimedical.ch\/wp-content\/uploads\/2024\/04\/forni-medical_miro-nasenverband_nosepad.jpg\",\"datePublished\":\"2024-04-25T09:36:07+00:00\",\"dateModified\":\"2024-07-18T11:21:30+00:00\",\"description\":\"Pansement pour le nez miro-nosepad avec \u00e9lastique pour les oreilles, taille universelle. Polyamide, coton. Domaine ORL apr\u00e8s une op\u00e9ration du nez avec \u00e9coulement de s\u00e9cr\u00e9tions\",\"breadcrumb\":{\"@id\":\"https:\/\/fornimedical.ch\/fr\/produit\/pansement-pour-le-nez-miro-nosepad-avec-elastique-pour-les-oreilles\/#breadcrumb\"},\"inLanguage\":\"fr-FR\",\"potentialAction\":[{\"@type\":\"ReadAction\",\"target\":[\"https:\/\/fornimedical.ch\/fr\/produit\/pansement-pour-le-nez-miro-nosepad-avec-elastique-pour-les-oreilles\/\"]}]},{\"@type\":\"ImageObject\",\"inLanguage\":\"fr-FR\",\"@id\":\"https:\/\/fornimedical.ch\/fr\/produit\/pansement-pour-le-nez-miro-nosepad-avec-elastique-pour-les-oreilles\/#primaryimage\",\"url\":\"https:\/\/fornimedical.ch\/wp-content\/uploads\/2024\/04\/forni-medical_miro-nasenverband_nosepad.jpg\",\"contentUrl\":\"https:\/\/fornimedical.ch\/wp-content\/uploads\/2024\/04\/forni-medical_miro-nasenverband_nosepad.jpg\",\"width\":1332,\"height\":1110,\"caption\":\"Forni Medical miro-nosepad Nasenverband mit Ohrschlaufen\"},{\"@type\":\"BreadcrumbList\",\"@id\":\"https:\/\/fornimedical.ch\/fr\/produit\/pansement-pour-le-nez-miro-nosepad-avec-elastique-pour-les-oreilles\/#breadcrumb\",\"itemListElement\":[{\"@type\":\"ListItem\",\"position\":1,\"name\":\"Home\",\"item\":\"https:\/\/fornimedical.ch\/fr\/\"},{\"@type\":\"ListItem\",\"position\":2,\"name\":\"Archives boutique en ligne\",\"item\":\"https:\/\/fornimedical.ch\/fr\/archives-boutique-en-ligne\/\"},{\"@type\":\"ListItem\",\"position\":3,\"name\":\"Pansement pour le nez miro-nosepad avec \u00e9lastique pour les oreilles\"}]},{\"@type\":\"WebSite\",\"@id\":\"https:\/\/fornimedical.ch\/fr\/#website\",\"url\":\"https:\/\/fornimedical.ch\/fr\/\",\"name\":\"Forni Medical GmbH\",\"description\":\"\",\"publisher\":{\"@id\":\"https:\/\/fornimedical.ch\/fr\/#organization\"},\"potentialAction\":[{\"@type\":\"SearchAction\",\"target\":{\"@type\":\"EntryPoint\",\"urlTemplate\":\"https:\/\/fornimedical.ch\/fr\/?s={search_term_string}\"},\"query-input\":{\"@type\":\"PropertyValueSpecification\",\"valueRequired\":true,\"valueName\":\"search_term_string\"}}],\"inLanguage\":\"fr-FR\"},{\"@type\":\"Organization\",\"@id\":\"https:\/\/fornimedical.ch\/fr\/#organization\",\"name\":\"Forni Medical GmbH\",\"url\":\"https:\/\/fornimedical.ch\/fr\/\",\"logo\":{\"@type\":\"ImageObject\",\"inLanguage\":\"fr-FR\",\"@id\":\"https:\/\/fornimedical.ch\/fr\/#\/schema\/logo\/image\/\",\"url\":\"https:\/\/fornimedical.ch\/wp-content\/uploads\/2023\/08\/logo.svg\",\"contentUrl\":\"https:\/\/fornimedical.ch\/wp-content\/uploads\/2023\/08\/logo.svg\",\"caption\":\"Forni Medical GmbH\"},\"image\":{\"@id\":\"https:\/\/fornimedical.ch\/fr\/#\/schema\/logo\/image\/\"}}]}<\/script>\n<!-- \/ Yoast SEO plugin. -->","yoast_head_json":{"title":"Pansement pour le nez miro-nosepad avec \u00e9lastique pour les oreilles","description":"Pansement pour le nez miro-nosepad avec \u00e9lastique pour les oreilles, taille universelle. Polyamide, coton. Domaine ORL apr\u00e8s une op\u00e9ration du nez avec \u00e9coulement de s\u00e9cr\u00e9tions","robots":{"index":"index","follow":"follow","max-snippet":"max-snippet:-1","max-image-preview":"max-image-preview:large","max-video-preview":"max-video-preview:-1"},"canonical":"https:\/\/fornimedical.ch\/fr\/produit\/pansement-pour-le-nez-miro-nosepad-avec-elastique-pour-les-oreilles\/","og_locale":"fr_FR","og_type":"article","og_title":"Pansement pour le nez miro-nosepad avec \u00e9lastique pour les oreilles","og_description":"Pansement pour le nez miro-nosepad avec \u00e9lastique pour les oreilles, taille universelle. Polyamide, coton. Domaine ORL apr\u00e8s une op\u00e9ration du nez avec \u00e9coulement de s\u00e9cr\u00e9tions","og_url":"https:\/\/fornimedical.ch\/fr\/produit\/pansement-pour-le-nez-miro-nosepad-avec-elastique-pour-les-oreilles\/","og_site_name":"Forni Medical GmbH","article_modified_time":"2024-07-18T11:21:30+00:00","og_image":[{"width":1332,"height":1110,"url":"https:\/\/fornimedical.ch\/wp-content\/uploads\/2024\/04\/forni-medical_miro-nasenverband_nosepad.jpg","type":"image\/jpeg"}],"twitter_card":"summary_large_image","schema":{"@context":"https:\/\/schema.org","@graph":[{"@type":"WebPage","@id":"https:\/\/fornimedical.ch\/fr\/produit\/pansement-pour-le-nez-miro-nosepad-avec-elastique-pour-les-oreilles\/","url":"https:\/\/fornimedical.ch\/fr\/produit\/pansement-pour-le-nez-miro-nosepad-avec-elastique-pour-les-oreilles\/","name":"Pansement pour le nez miro-nosepad avec \u00e9lastique pour les oreilles","isPartOf":{"@id":"https:\/\/fornimedical.ch\/fr\/#website"},"primaryImageOfPage":{"@id":"https:\/\/fornimedical.ch\/fr\/produit\/pansement-pour-le-nez-miro-nosepad-avec-elastique-pour-les-oreilles\/#primaryimage"},"image":{"@id":"https:\/\/fornimedical.ch\/fr\/produit\/pansement-pour-le-nez-miro-nosepad-avec-elastique-pour-les-oreilles\/#primaryimage"},"thumbnailUrl":"https:\/\/fornimedical.ch\/wp-content\/uploads\/2024\/04\/forni-medical_miro-nasenverband_nosepad.jpg","datePublished":"2024-04-25T09:36:07+00:00","dateModified":"2024-07-18T11:21:30+00:00","description":"Pansement pour le nez miro-nosepad avec \u00e9lastique pour les oreilles, taille universelle. Polyamide, coton. Domaine ORL apr\u00e8s une op\u00e9ration du nez avec \u00e9coulement de s\u00e9cr\u00e9tions","breadcrumb":{"@id":"https:\/\/fornimedical.ch\/fr\/produit\/pansement-pour-le-nez-miro-nosepad-avec-elastique-pour-les-oreilles\/#breadcrumb"},"inLanguage":"fr-FR","potentialAction":[{"@type":"ReadAction","target":["https:\/\/fornimedical.ch\/fr\/produit\/pansement-pour-le-nez-miro-nosepad-avec-elastique-pour-les-oreilles\/"]}]},{"@type":"ImageObject","inLanguage":"fr-FR","@id":"https:\/\/fornimedical.ch\/fr\/produit\/pansement-pour-le-nez-miro-nosepad-avec-elastique-pour-les-oreilles\/#primaryimage","url":"https:\/\/fornimedical.ch\/wp-content\/uploads\/2024\/04\/forni-medical_miro-nasenverband_nosepad.jpg","contentUrl":"https:\/\/fornimedical.ch\/wp-content\/uploads\/2024\/04\/forni-medical_miro-nasenverband_nosepad.jpg","width":1332,"height":1110,"caption":"Forni Medical miro-nosepad Nasenverband mit Ohrschlaufen"},{"@type":"BreadcrumbList","@id":"https:\/\/fornimedical.ch\/fr\/produit\/pansement-pour-le-nez-miro-nosepad-avec-elastique-pour-les-oreilles\/#breadcrumb","itemListElement":[{"@type":"ListItem","position":1,"name":"Home","item":"https:\/\/fornimedical.ch\/fr\/"},{"@type":"ListItem","position":2,"name":"Archives boutique en ligne","item":"https:\/\/fornimedical.ch\/fr\/archives-boutique-en-ligne\/"},{"@type":"ListItem","position":3,"name":"Pansement pour le nez miro-nosepad avec \u00e9lastique pour les oreilles"}]},{"@type":"WebSite","@id":"https:\/\/fornimedical.ch\/fr\/#website","url":"https:\/\/fornimedical.ch\/fr\/","name":"Forni Medical GmbH","description":"","publisher":{"@id":"https:\/\/fornimedical.ch\/fr\/#organization"},"potentialAction":[{"@type":"SearchAction","target":{"@type":"EntryPoint","urlTemplate":"https:\/\/fornimedical.ch\/fr\/?s={search_term_string}"},"query-input":{"@type":"PropertyValueSpecification","valueRequired":true,"valueName":"search_term_string"}}],"inLanguage":"fr-FR"},{"@type":"Organization","@id":"https:\/\/fornimedical.ch\/fr\/#organization","name":"Forni Medical GmbH","url":"https:\/\/fornimedical.ch\/fr\/","logo":{"@type":"ImageObject","inLanguage":"fr-FR","@id":"https:\/\/fornimedical.ch\/fr\/#\/schema\/logo\/image\/","url":"https:\/\/fornimedical.ch\/wp-content\/uploads\/2023\/08\/logo.svg","contentUrl":"https:\/\/fornimedical.ch\/wp-content\/uploads\/2023\/08\/logo.svg","caption":"Forni Medical GmbH"},"image":{"@id":"https:\/\/fornimedical.ch\/fr\/#\/schema\/logo\/image\/"}}]}},"_links":{"self":[{"href":"https:\/\/fornimedical.ch\/fr\/wp-json\/wp\/v2\/product\/6879","targetHints":{"allow":["GET"]}}],"collection":[{"href":"https:\/\/fornimedical.ch\/fr\/wp-json\/wp\/v2\/product"}],"about":[{"href":"https:\/\/fornimedical.ch\/fr\/wp-json\/wp\/v2\/types\/product"}],"replies":[{"embeddable":true,"href":"https:\/\/fornimedical.ch\/fr\/wp-json\/wp\/v2\/comments?post=6879"}],"wp:featuredmedia":[{"embeddable":true,"href":"https:\/\/fornimedical.ch\/fr\/wp-json\/wp\/v2\/media\/4325"}],"wp:attachment":[{"href":"https:\/\/fornimedical.ch\/fr\/wp-json\/wp\/v2\/media?parent=6879"}],"wp:term":[{"taxonomy":"product_brand","embeddable":true,"href":"https:\/\/fornimedical.ch\/fr\/wp-json\/wp\/v2\/product_brand?post=6879"},{"taxonomy":"product_cat","embeddable":true,"href":"https:\/\/fornimedical.ch\/fr\/wp-json\/wp\/v2\/product_cat?post=6879"},{"taxonomy":"product_tag","embeddable":true,"href":"https:\/\/fornimedical.ch\/fr\/wp-json\/wp\/v2\/product_tag?post=6879"}],"curies":[{"name":"wp","href":"https:\/\/api.w.org\/{rel}","templated":true}]}}