{"id":6644,"date":"2024-04-21T14:15:43","date_gmt":"2024-04-21T12:15:43","guid":{"rendered":"https:\/\/fornimedical.ch\/product\/transatlantic-transafix-set-de-support-de-fixation-non-tisse-non-sterile\/"},"modified":"2024-07-18T11:22:00","modified_gmt":"2024-07-18T11:22:00","slug":"transatlantic-transafix-set-de-support-de-fixation-non-tisse-non-sterile","status":"publish","type":"product","link":"https:\/\/fornimedical.ch\/fr\/produit\/transatlantic-transafix-set-de-support-de-fixation-non-tisse-non-sterile\/","title":{"rendered":"TRANSATLANTIC Transafix Set de support de fixation non tiss\u00e9, non st\u00e9rile"},"content":{"rendered":"<ul>\n<li>Fixation simple et s\u00fbre par fermeture velcro sur les papillons et la bande de fixation<\/li>\n<li>Norme de qualit\u00e9 la plus \u00e9lev\u00e9e<\/li>\n<li>Respecte la peau, m\u00eame en cas de peau sensible<\/li>\n<li>Permet un nettoyage rapide et simple de la bouche<\/li>\n<li>Plus efficace que les solutions traditionnelles<\/li>\n<li>Ne laisse pas de r\u00e9sidus sur le tube<\/li>\n<li>Fixation possible sans lever la t\u00eate<\/li>\n<\/ul>\n<p>Dimensions: Papillon: 65 (\u00b12)\u00a0mm x 56 (\u00b12)\u00a0mm Bande de fixation: 110\u00a0mm (\u00b1 5\u00a0mm) x 8\u00a0mm (+ 2\u00a0mm; &#8211; 1\u00a0mm)<\/p>\n","protected":false},"excerpt":{"rendered":"<p>Set de support de fixation en non tiss\u00e9 pour la fixation de sondes d\u2019intubation trach\u00e9ales et de sondes nasales. Compos\u00e9 de deux papillons et d\u2019une bande de fixation (1\u00a0set par sachet). Sans latex\u00a0\u2013 sans DEHP.<\/p>\n","protected":false},"featured_media":4108,"comment_status":"closed","ping_status":"closed","template":"","meta":{"_acf_changed":false,"site-sidebar-layout":"default","site-content-layout":"","ast-site-content-layout":"default","site-content-style":"default","site-sidebar-style":"default","ast-global-header-display":"","ast-banner-title-visibility":"","ast-main-header-display":"","ast-hfb-above-header-display":"","ast-hfb-below-header-display":"","ast-hfb-mobile-header-display":"","site-post-title":"","ast-breadcrumbs-content":"","ast-featured-img":"","footer-sml-layout":"","theme-transparent-header-meta":"default","adv-header-id-meta":"","stick-header-meta":"","header-above-stick-meta":"","header-main-stick-meta":"","header-below-stick-meta":"","astra-migrate-meta-layouts":"default","ast-page-background-enabled":"default","ast-page-background-meta":{"desktop":{"background-color":"var(--ast-global-color-4)","background-image":"","background-repeat":"repeat","background-position":"center center","background-size":"auto","background-attachment":"scroll","background-type":"","background-media":"","overlay-type":"","overlay-color":"","overlay-opacity":"","overlay-gradient":""},"tablet":{"background-color":"","background-image":"","background-repeat":"repeat","background-position":"center center","background-size":"auto","background-attachment":"scroll","background-type":"","background-media":"","overlay-type":"","overlay-color":"","overlay-opacity":"","overlay-gradient":""},"mobile":{"background-color":"","background-image":"","background-repeat":"repeat","background-position":"center center","background-size":"auto","background-attachment":"scroll","background-type":"","background-media":"","overlay-type":"","overlay-color":"","overlay-opacity":"","overlay-gradient":""}},"ast-content-background-meta":{"desktop":{"background-color":"var(--ast-global-color-5)","background-image":"","background-repeat":"repeat","background-position":"center center","background-size":"auto","background-attachment":"scroll","background-type":"","background-media":"","overlay-type":"","overlay-color":"","overlay-opacity":"","overlay-gradient":""},"tablet":{"background-color":"var(--ast-global-color-5)","background-image":"","background-repeat":"repeat","background-position":"center center","background-size":"auto","background-attachment":"scroll","background-type":"","background-media":"","overlay-type":"","overlay-color":"","overlay-opacity":"","overlay-gradient":""},"mobile":{"background-color":"var(--ast-global-color-5)","background-image":"","background-repeat":"repeat","background-position":"center center","background-size":"auto","background-attachment":"scroll","background-type":"","background-media":"","overlay-type":"","overlay-color":"","overlay-opacity":"","overlay-gradient":""}}},"product_brand":[],"product_cat":[174,175],"product_tag":[],"class_list":{"0":"post-6644","1":"product","2":"type-product","3":"status-publish","4":"has-post-thumbnail","6":"product_cat-tubusfixierung","7":"product_cat-fixierhalter-set","8":"desktop-align-left","9":"tablet-align-left","10":"mobile-align-left","12":"first","13":"instock","14":"taxable","15":"shipping-taxable","16":"purchasable","17":"product-type-variable","18":"has-default-attributes","19":"add-to-wishlist-before_image"},"acf":[],"yoast_head":"<!-- This site is optimized with the Yoast SEO plugin v26.5 - https:\/\/yoast.com\/wordpress\/plugins\/seo\/ -->\n<title>TRANSATLANTIC Transafix Set de support de fixation non tiss\u00e9, non st\u00e9rile<\/title>\n<meta name=\"description\" content=\"Set de support de fixation en non tiss\u00e9 pour la fixation de sondes d\u2019intubation trach\u00e9ales et de sondes nasales, compos\u00e9 de deux papillons et d\u2019une bande de fixation, sans latex\u00a0\u2013 sans DEHP\" \/>\n<meta name=\"robots\" content=\"index, follow, max-snippet:-1, max-image-preview:large, max-video-preview:-1\" \/>\n<link rel=\"canonical\" href=\"https:\/\/fornimedical.ch\/fr\/produit\/transatlantic-transafix-set-de-support-de-fixation-non-tisse-non-sterile\/\" \/>\n<meta property=\"og:locale\" content=\"fr_FR\" \/>\n<meta property=\"og:type\" content=\"article\" \/>\n<meta property=\"og:title\" content=\"TRANSATLANTIC Transafix Set de support de fixation non tiss\u00e9, non st\u00e9rile\" \/>\n<meta property=\"og:description\" content=\"Set de support de fixation en non tiss\u00e9 pour la fixation de sondes d\u2019intubation trach\u00e9ales et de sondes nasales, compos\u00e9 de deux papillons et d\u2019une bande de fixation, sans latex\u00a0\u2013 sans DEHP\" \/>\n<meta property=\"og:url\" content=\"https:\/\/fornimedical.ch\/fr\/produit\/transatlantic-transafix-set-de-support-de-fixation-non-tisse-non-sterile\/\" \/>\n<meta property=\"og:site_name\" content=\"Forni Medical GmbH\" \/>\n<meta property=\"article:modified_time\" content=\"2024-07-18T11:22:00+00:00\" \/>\n<meta property=\"og:image\" content=\"https:\/\/fornimedical.ch\/wp-content\/uploads\/2024\/04\/forni-medical_transatlantic_fixierhalter-set_unsteril.jpg\" \/>\n\t<meta property=\"og:image:width\" content=\"2481\" \/>\n\t<meta property=\"og:image:height\" content=\"1487\" \/>\n\t<meta property=\"og:image:type\" content=\"image\/jpeg\" \/>\n<meta name=\"twitter:card\" content=\"summary_large_image\" \/>\n<script type=\"application\/ld+json\" class=\"yoast-schema-graph\">{\"@context\":\"https:\/\/schema.org\",\"@graph\":[{\"@type\":\"WebPage\",\"@id\":\"https:\/\/fornimedical.ch\/fr\/produit\/transatlantic-transafix-set-de-support-de-fixation-non-tisse-non-sterile\/\",\"url\":\"https:\/\/fornimedical.ch\/fr\/produit\/transatlantic-transafix-set-de-support-de-fixation-non-tisse-non-sterile\/\",\"name\":\"TRANSATLANTIC Transafix Set de support de fixation non tiss\u00e9, non st\u00e9rile\",\"isPartOf\":{\"@id\":\"https:\/\/fornimedical.ch\/fr\/#website\"},\"primaryImageOfPage\":{\"@id\":\"https:\/\/fornimedical.ch\/fr\/produit\/transatlantic-transafix-set-de-support-de-fixation-non-tisse-non-sterile\/#primaryimage\"},\"image\":{\"@id\":\"https:\/\/fornimedical.ch\/fr\/produit\/transatlantic-transafix-set-de-support-de-fixation-non-tisse-non-sterile\/#primaryimage\"},\"thumbnailUrl\":\"https:\/\/fornimedical.ch\/wp-content\/uploads\/2024\/04\/forni-medical_transatlantic_fixierhalter-set_unsteril.jpg\",\"datePublished\":\"2024-04-21T12:15:43+00:00\",\"dateModified\":\"2024-07-18T11:22:00+00:00\",\"description\":\"Set de support de fixation en non tiss\u00e9 pour la fixation de sondes d\u2019intubation trach\u00e9ales et de sondes nasales, compos\u00e9 de deux papillons et d\u2019une bande de fixation, sans latex\u00a0\u2013 sans DEHP\",\"breadcrumb\":{\"@id\":\"https:\/\/fornimedical.ch\/fr\/produit\/transatlantic-transafix-set-de-support-de-fixation-non-tisse-non-sterile\/#breadcrumb\"},\"inLanguage\":\"fr-FR\",\"potentialAction\":[{\"@type\":\"ReadAction\",\"target\":[\"https:\/\/fornimedical.ch\/fr\/produit\/transatlantic-transafix-set-de-support-de-fixation-non-tisse-non-sterile\/\"]}]},{\"@type\":\"ImageObject\",\"inLanguage\":\"fr-FR\",\"@id\":\"https:\/\/fornimedical.ch\/fr\/produit\/transatlantic-transafix-set-de-support-de-fixation-non-tisse-non-sterile\/#primaryimage\",\"url\":\"https:\/\/fornimedical.ch\/wp-content\/uploads\/2024\/04\/forni-medical_transatlantic_fixierhalter-set_unsteril.jpg\",\"contentUrl\":\"https:\/\/fornimedical.ch\/wp-content\/uploads\/2024\/04\/forni-medical_transatlantic_fixierhalter-set_unsteril.jpg\",\"width\":2481,\"height\":1487,\"caption\":\"Forni Medical\"},{\"@type\":\"BreadcrumbList\",\"@id\":\"https:\/\/fornimedical.ch\/fr\/produit\/transatlantic-transafix-set-de-support-de-fixation-non-tisse-non-sterile\/#breadcrumb\",\"itemListElement\":[{\"@type\":\"ListItem\",\"position\":1,\"name\":\"Home\",\"item\":\"https:\/\/fornimedical.ch\/fr\/\"},{\"@type\":\"ListItem\",\"position\":2,\"name\":\"Archives boutique en ligne\",\"item\":\"https:\/\/fornimedical.ch\/fr\/archives-boutique-en-ligne\/\"},{\"@type\":\"ListItem\",\"position\":3,\"name\":\"TRANSATLANTIC Transafix Set de support de fixation non tiss\u00e9, non st\u00e9rile\"}]},{\"@type\":\"WebSite\",\"@id\":\"https:\/\/fornimedical.ch\/fr\/#website\",\"url\":\"https:\/\/fornimedical.ch\/fr\/\",\"name\":\"Forni Medical GmbH\",\"description\":\"\",\"publisher\":{\"@id\":\"https:\/\/fornimedical.ch\/fr\/#organization\"},\"potentialAction\":[{\"@type\":\"SearchAction\",\"target\":{\"@type\":\"EntryPoint\",\"urlTemplate\":\"https:\/\/fornimedical.ch\/fr\/?s={search_term_string}\"},\"query-input\":{\"@type\":\"PropertyValueSpecification\",\"valueRequired\":true,\"valueName\":\"search_term_string\"}}],\"inLanguage\":\"fr-FR\"},{\"@type\":\"Organization\",\"@id\":\"https:\/\/fornimedical.ch\/fr\/#organization\",\"name\":\"Forni Medical GmbH\",\"url\":\"https:\/\/fornimedical.ch\/fr\/\",\"logo\":{\"@type\":\"ImageObject\",\"inLanguage\":\"fr-FR\",\"@id\":\"https:\/\/fornimedical.ch\/fr\/#\/schema\/logo\/image\/\",\"url\":\"https:\/\/fornimedical.ch\/wp-content\/uploads\/2023\/08\/logo.svg\",\"contentUrl\":\"https:\/\/fornimedical.ch\/wp-content\/uploads\/2023\/08\/logo.svg\",\"caption\":\"Forni Medical GmbH\"},\"image\":{\"@id\":\"https:\/\/fornimedical.ch\/fr\/#\/schema\/logo\/image\/\"}}]}<\/script>\n<!-- \/ Yoast SEO plugin. -->","yoast_head_json":{"title":"TRANSATLANTIC Transafix Set de support de fixation non tiss\u00e9, non st\u00e9rile","description":"Set de support de fixation en non tiss\u00e9 pour la fixation de sondes d\u2019intubation trach\u00e9ales et de sondes nasales, compos\u00e9 de deux papillons et d\u2019une bande de fixation, sans latex\u00a0\u2013 sans DEHP","robots":{"index":"index","follow":"follow","max-snippet":"max-snippet:-1","max-image-preview":"max-image-preview:large","max-video-preview":"max-video-preview:-1"},"canonical":"https:\/\/fornimedical.ch\/fr\/produit\/transatlantic-transafix-set-de-support-de-fixation-non-tisse-non-sterile\/","og_locale":"fr_FR","og_type":"article","og_title":"TRANSATLANTIC Transafix Set de support de fixation non tiss\u00e9, non st\u00e9rile","og_description":"Set de support de fixation en non tiss\u00e9 pour la fixation de sondes d\u2019intubation trach\u00e9ales et de sondes nasales, compos\u00e9 de deux papillons et d\u2019une bande de fixation, sans latex\u00a0\u2013 sans DEHP","og_url":"https:\/\/fornimedical.ch\/fr\/produit\/transatlantic-transafix-set-de-support-de-fixation-non-tisse-non-sterile\/","og_site_name":"Forni Medical GmbH","article_modified_time":"2024-07-18T11:22:00+00:00","og_image":[{"width":2481,"height":1487,"url":"https:\/\/fornimedical.ch\/wp-content\/uploads\/2024\/04\/forni-medical_transatlantic_fixierhalter-set_unsteril.jpg","type":"image\/jpeg"}],"twitter_card":"summary_large_image","schema":{"@context":"https:\/\/schema.org","@graph":[{"@type":"WebPage","@id":"https:\/\/fornimedical.ch\/fr\/produit\/transatlantic-transafix-set-de-support-de-fixation-non-tisse-non-sterile\/","url":"https:\/\/fornimedical.ch\/fr\/produit\/transatlantic-transafix-set-de-support-de-fixation-non-tisse-non-sterile\/","name":"TRANSATLANTIC Transafix Set de support de fixation non tiss\u00e9, non st\u00e9rile","isPartOf":{"@id":"https:\/\/fornimedical.ch\/fr\/#website"},"primaryImageOfPage":{"@id":"https:\/\/fornimedical.ch\/fr\/produit\/transatlantic-transafix-set-de-support-de-fixation-non-tisse-non-sterile\/#primaryimage"},"image":{"@id":"https:\/\/fornimedical.ch\/fr\/produit\/transatlantic-transafix-set-de-support-de-fixation-non-tisse-non-sterile\/#primaryimage"},"thumbnailUrl":"https:\/\/fornimedical.ch\/wp-content\/uploads\/2024\/04\/forni-medical_transatlantic_fixierhalter-set_unsteril.jpg","datePublished":"2024-04-21T12:15:43+00:00","dateModified":"2024-07-18T11:22:00+00:00","description":"Set de support de fixation en non tiss\u00e9 pour la fixation de sondes d\u2019intubation trach\u00e9ales et de sondes nasales, compos\u00e9 de deux papillons et d\u2019une bande de fixation, sans latex\u00a0\u2013 sans DEHP","breadcrumb":{"@id":"https:\/\/fornimedical.ch\/fr\/produit\/transatlantic-transafix-set-de-support-de-fixation-non-tisse-non-sterile\/#breadcrumb"},"inLanguage":"fr-FR","potentialAction":[{"@type":"ReadAction","target":["https:\/\/fornimedical.ch\/fr\/produit\/transatlantic-transafix-set-de-support-de-fixation-non-tisse-non-sterile\/"]}]},{"@type":"ImageObject","inLanguage":"fr-FR","@id":"https:\/\/fornimedical.ch\/fr\/produit\/transatlantic-transafix-set-de-support-de-fixation-non-tisse-non-sterile\/#primaryimage","url":"https:\/\/fornimedical.ch\/wp-content\/uploads\/2024\/04\/forni-medical_transatlantic_fixierhalter-set_unsteril.jpg","contentUrl":"https:\/\/fornimedical.ch\/wp-content\/uploads\/2024\/04\/forni-medical_transatlantic_fixierhalter-set_unsteril.jpg","width":2481,"height":1487,"caption":"Forni Medical"},{"@type":"BreadcrumbList","@id":"https:\/\/fornimedical.ch\/fr\/produit\/transatlantic-transafix-set-de-support-de-fixation-non-tisse-non-sterile\/#breadcrumb","itemListElement":[{"@type":"ListItem","position":1,"name":"Home","item":"https:\/\/fornimedical.ch\/fr\/"},{"@type":"ListItem","position":2,"name":"Archives boutique en ligne","item":"https:\/\/fornimedical.ch\/fr\/archives-boutique-en-ligne\/"},{"@type":"ListItem","position":3,"name":"TRANSATLANTIC Transafix Set de support de fixation non tiss\u00e9, non st\u00e9rile"}]},{"@type":"WebSite","@id":"https:\/\/fornimedical.ch\/fr\/#website","url":"https:\/\/fornimedical.ch\/fr\/","name":"Forni Medical GmbH","description":"","publisher":{"@id":"https:\/\/fornimedical.ch\/fr\/#organization"},"potentialAction":[{"@type":"SearchAction","target":{"@type":"EntryPoint","urlTemplate":"https:\/\/fornimedical.ch\/fr\/?s={search_term_string}"},"query-input":{"@type":"PropertyValueSpecification","valueRequired":true,"valueName":"search_term_string"}}],"inLanguage":"fr-FR"},{"@type":"Organization","@id":"https:\/\/fornimedical.ch\/fr\/#organization","name":"Forni Medical GmbH","url":"https:\/\/fornimedical.ch\/fr\/","logo":{"@type":"ImageObject","inLanguage":"fr-FR","@id":"https:\/\/fornimedical.ch\/fr\/#\/schema\/logo\/image\/","url":"https:\/\/fornimedical.ch\/wp-content\/uploads\/2023\/08\/logo.svg","contentUrl":"https:\/\/fornimedical.ch\/wp-content\/uploads\/2023\/08\/logo.svg","caption":"Forni Medical GmbH"},"image":{"@id":"https:\/\/fornimedical.ch\/fr\/#\/schema\/logo\/image\/"}}]}},"_links":{"self":[{"href":"https:\/\/fornimedical.ch\/fr\/wp-json\/wp\/v2\/product\/6644","targetHints":{"allow":["GET"]}}],"collection":[{"href":"https:\/\/fornimedical.ch\/fr\/wp-json\/wp\/v2\/product"}],"about":[{"href":"https:\/\/fornimedical.ch\/fr\/wp-json\/wp\/v2\/types\/product"}],"replies":[{"embeddable":true,"href":"https:\/\/fornimedical.ch\/fr\/wp-json\/wp\/v2\/comments?post=6644"}],"wp:featuredmedia":[{"embeddable":true,"href":"https:\/\/fornimedical.ch\/fr\/wp-json\/wp\/v2\/media\/4108"}],"wp:attachment":[{"href":"https:\/\/fornimedical.ch\/fr\/wp-json\/wp\/v2\/media?parent=6644"}],"wp:term":[{"taxonomy":"product_brand","embeddable":true,"href":"https:\/\/fornimedical.ch\/fr\/wp-json\/wp\/v2\/product_brand?post=6644"},{"taxonomy":"product_cat","embeddable":true,"href":"https:\/\/fornimedical.ch\/fr\/wp-json\/wp\/v2\/product_cat?post=6644"},{"taxonomy":"product_tag","embeddable":true,"href":"https:\/\/fornimedical.ch\/fr\/wp-json\/wp\/v2\/product_tag?post=6644"}],"curies":[{"name":"wp","href":"https:\/\/api.w.org\/{rel}","templated":true}]}}