{"id":6640,"date":"2024-04-21T15:40:31","date_gmt":"2024-04-21T13:40:31","guid":{"rendered":"https:\/\/fornimedical.ch\/product\/transatlantic-transafix-bande-de-fixation-non-sterile\/"},"modified":"2024-07-18T11:21:58","modified_gmt":"2024-07-18T11:21:58","slug":"transatlantic-transafix-bande-de-fixation-non-sterile","status":"publish","type":"product","link":"https:\/\/fornimedical.ch\/fr\/produit\/transatlantic-transafix-bande-de-fixation-non-sterile\/","title":{"rendered":"TRANSATLANTIC Transafix Bande de fixation, non st\u00e9rile"},"content":{"rendered":"<ul>\n<li>Norme de qualit\u00e9 la plus \u00e9lev\u00e9e<\/li>\n<li>Manipulation simple<\/li>\n<li>Respecte la peau, m\u00eame en cas de peau sensible<\/li>\n<li>Permet un nettoyage rapide et simple de la bouche<\/li>\n<li>Fixation possible sans lever la t\u00eate<\/li>\n<li>Plus efficace que les solutions traditionnelles<\/li>\n<li>Ne laisse pas de r\u00e9sidus<\/li>\n<li>Sans latex\u00a0\u2013 sans DEHP<\/li>\n<\/ul>\n","protected":false},"excerpt":{"rendered":"<p>La bande de fixation est utilis\u00e9e comme dispositif m\u00e9dical non invasif pour la fixation d\u2019accessoires m\u00e9dicaux, tels que des sondes, des cath\u00e9ters, des tubes et des syst\u00e8mes de drainage sur le corps du patient. Dimensions: 110\u00a0mm (\u00b1 5\u00a0mm) x 8\u00a0mm (+ 2\u00a0mm; &#8211; 1\u00a0mm).<\/p>\n","protected":false},"featured_media":4119,"comment_status":"closed","ping_status":"closed","template":"","meta":{"_acf_changed":false,"site-sidebar-layout":"default","site-content-layout":"","ast-site-content-layout":"default","site-content-style":"default","site-sidebar-style":"default","ast-global-header-display":"","ast-banner-title-visibility":"","ast-main-header-display":"","ast-hfb-above-header-display":"","ast-hfb-below-header-display":"","ast-hfb-mobile-header-display":"","site-post-title":"","ast-breadcrumbs-content":"","ast-featured-img":"","footer-sml-layout":"","theme-transparent-header-meta":"default","adv-header-id-meta":"","stick-header-meta":"","header-above-stick-meta":"","header-main-stick-meta":"","header-below-stick-meta":"","astra-migrate-meta-layouts":"default","ast-page-background-enabled":"default","ast-page-background-meta":{"desktop":{"background-color":"var(--ast-global-color-4)","background-image":"","background-repeat":"repeat","background-position":"center center","background-size":"auto","background-attachment":"scroll","background-type":"","background-media":"","overlay-type":"","overlay-color":"","overlay-opacity":"","overlay-gradient":""},"tablet":{"background-color":"","background-image":"","background-repeat":"repeat","background-position":"center center","background-size":"auto","background-attachment":"scroll","background-type":"","background-media":"","overlay-type":"","overlay-color":"","overlay-opacity":"","overlay-gradient":""},"mobile":{"background-color":"","background-image":"","background-repeat":"repeat","background-position":"center center","background-size":"auto","background-attachment":"scroll","background-type":"","background-media":"","overlay-type":"","overlay-color":"","overlay-opacity":"","overlay-gradient":""}},"ast-content-background-meta":{"desktop":{"background-color":"var(--ast-global-color-5)","background-image":"","background-repeat":"repeat","background-position":"center center","background-size":"auto","background-attachment":"scroll","background-type":"","background-media":"","overlay-type":"","overlay-color":"","overlay-opacity":"","overlay-gradient":""},"tablet":{"background-color":"var(--ast-global-color-5)","background-image":"","background-repeat":"repeat","background-position":"center center","background-size":"auto","background-attachment":"scroll","background-type":"","background-media":"","overlay-type":"","overlay-color":"","overlay-opacity":"","overlay-gradient":""},"mobile":{"background-color":"var(--ast-global-color-5)","background-image":"","background-repeat":"repeat","background-position":"center center","background-size":"auto","background-attachment":"scroll","background-type":"","background-media":"","overlay-type":"","overlay-color":"","overlay-opacity":"","overlay-gradient":""}}},"product_brand":[],"product_cat":[174],"product_tag":[],"class_list":{"0":"post-6640","1":"product","2":"type-product","3":"status-publish","4":"has-post-thumbnail","6":"product_cat-tubusfixierung","7":"desktop-align-left","8":"tablet-align-left","9":"mobile-align-left","11":"first","12":"instock","13":"taxable","14":"shipping-taxable","15":"purchasable","16":"product-type-variable","17":"has-default-attributes","18":"add-to-wishlist-before_image"},"acf":[],"yoast_head":"<!-- This site is optimized with the Yoast SEO plugin v26.5 - https:\/\/yoast.com\/wordpress\/plugins\/seo\/ -->\n<title>TRANSATLANTIC Transafix Bande de fixation, non st\u00e9rile<\/title>\n<meta name=\"description\" content=\"TRANSATLANTIC Transafix Bande de fixation, non st\u00e9rile. Sans latex\u00a0\u2013 sans DEHP. Pour la fixation, entre autres, de sondes, de cath\u00e9ters, de tubes et de syst\u00e8mes de drainage sur le corps\" \/>\n<meta name=\"robots\" content=\"index, follow, max-snippet:-1, max-image-preview:large, max-video-preview:-1\" \/>\n<link rel=\"canonical\" href=\"https:\/\/fornimedical.ch\/fr\/produit\/transatlantic-transafix-bande-de-fixation-non-sterile\/\" \/>\n<meta property=\"og:locale\" content=\"fr_FR\" \/>\n<meta property=\"og:type\" content=\"article\" \/>\n<meta property=\"og:title\" content=\"TRANSATLANTIC Transafix Bande de fixation, non st\u00e9rile\" \/>\n<meta property=\"og:description\" content=\"TRANSATLANTIC Transafix Bande de fixation, non st\u00e9rile. Sans latex\u00a0\u2013 sans DEHP. Pour la fixation, entre autres, de sondes, de cath\u00e9ters, de tubes et de syst\u00e8mes de drainage sur le corps\" \/>\n<meta property=\"og:url\" content=\"https:\/\/fornimedical.ch\/fr\/produit\/transatlantic-transafix-bande-de-fixation-non-sterile\/\" \/>\n<meta property=\"og:site_name\" content=\"Forni Medical GmbH\" \/>\n<meta property=\"article:modified_time\" content=\"2024-07-18T11:21:58+00:00\" \/>\n<meta property=\"og:image\" content=\"https:\/\/fornimedical.ch\/wp-content\/uploads\/2024\/04\/forni-medical_transatlantic_tubusfixierung-nasalband-unsteril.jpg\" \/>\n\t<meta property=\"og:image:width\" content=\"2481\" \/>\n\t<meta property=\"og:image:height\" content=\"1487\" \/>\n\t<meta property=\"og:image:type\" content=\"image\/jpeg\" \/>\n<meta name=\"twitter:card\" content=\"summary_large_image\" \/>\n<script type=\"application\/ld+json\" class=\"yoast-schema-graph\">{\"@context\":\"https:\/\/schema.org\",\"@graph\":[{\"@type\":\"WebPage\",\"@id\":\"https:\/\/fornimedical.ch\/fr\/produit\/transatlantic-transafix-bande-de-fixation-non-sterile\/\",\"url\":\"https:\/\/fornimedical.ch\/fr\/produit\/transatlantic-transafix-bande-de-fixation-non-sterile\/\",\"name\":\"TRANSATLANTIC Transafix Bande de fixation, non st\u00e9rile\",\"isPartOf\":{\"@id\":\"https:\/\/fornimedical.ch\/fr\/#website\"},\"primaryImageOfPage\":{\"@id\":\"https:\/\/fornimedical.ch\/fr\/produit\/transatlantic-transafix-bande-de-fixation-non-sterile\/#primaryimage\"},\"image\":{\"@id\":\"https:\/\/fornimedical.ch\/fr\/produit\/transatlantic-transafix-bande-de-fixation-non-sterile\/#primaryimage\"},\"thumbnailUrl\":\"https:\/\/fornimedical.ch\/wp-content\/uploads\/2024\/04\/forni-medical_transatlantic_tubusfixierung-nasalband-unsteril.jpg\",\"datePublished\":\"2024-04-21T13:40:31+00:00\",\"dateModified\":\"2024-07-18T11:21:58+00:00\",\"description\":\"TRANSATLANTIC Transafix Bande de fixation, non st\u00e9rile. Sans latex\u00a0\u2013 sans DEHP. Pour la fixation, entre autres, de sondes, de cath\u00e9ters, de tubes et de syst\u00e8mes de drainage sur le corps\",\"breadcrumb\":{\"@id\":\"https:\/\/fornimedical.ch\/fr\/produit\/transatlantic-transafix-bande-de-fixation-non-sterile\/#breadcrumb\"},\"inLanguage\":\"fr-FR\",\"potentialAction\":[{\"@type\":\"ReadAction\",\"target\":[\"https:\/\/fornimedical.ch\/fr\/produit\/transatlantic-transafix-bande-de-fixation-non-sterile\/\"]}]},{\"@type\":\"ImageObject\",\"inLanguage\":\"fr-FR\",\"@id\":\"https:\/\/fornimedical.ch\/fr\/produit\/transatlantic-transafix-bande-de-fixation-non-sterile\/#primaryimage\",\"url\":\"https:\/\/fornimedical.ch\/wp-content\/uploads\/2024\/04\/forni-medical_transatlantic_tubusfixierung-nasalband-unsteril.jpg\",\"contentUrl\":\"https:\/\/fornimedical.ch\/wp-content\/uploads\/2024\/04\/forni-medical_transatlantic_tubusfixierung-nasalband-unsteril.jpg\",\"width\":2481,\"height\":1487,\"caption\":\"Forni Medical TRANSATLANTIC Transafix Fixierband, unsteril\"},{\"@type\":\"BreadcrumbList\",\"@id\":\"https:\/\/fornimedical.ch\/fr\/produit\/transatlantic-transafix-bande-de-fixation-non-sterile\/#breadcrumb\",\"itemListElement\":[{\"@type\":\"ListItem\",\"position\":1,\"name\":\"Home\",\"item\":\"https:\/\/fornimedical.ch\/fr\/\"},{\"@type\":\"ListItem\",\"position\":2,\"name\":\"Archives boutique en ligne\",\"item\":\"https:\/\/fornimedical.ch\/fr\/archives-boutique-en-ligne\/\"},{\"@type\":\"ListItem\",\"position\":3,\"name\":\"TRANSATLANTIC Transafix Bande de fixation, non st\u00e9rile\"}]},{\"@type\":\"WebSite\",\"@id\":\"https:\/\/fornimedical.ch\/fr\/#website\",\"url\":\"https:\/\/fornimedical.ch\/fr\/\",\"name\":\"Forni Medical GmbH\",\"description\":\"\",\"publisher\":{\"@id\":\"https:\/\/fornimedical.ch\/fr\/#organization\"},\"potentialAction\":[{\"@type\":\"SearchAction\",\"target\":{\"@type\":\"EntryPoint\",\"urlTemplate\":\"https:\/\/fornimedical.ch\/fr\/?s={search_term_string}\"},\"query-input\":{\"@type\":\"PropertyValueSpecification\",\"valueRequired\":true,\"valueName\":\"search_term_string\"}}],\"inLanguage\":\"fr-FR\"},{\"@type\":\"Organization\",\"@id\":\"https:\/\/fornimedical.ch\/fr\/#organization\",\"name\":\"Forni Medical GmbH\",\"url\":\"https:\/\/fornimedical.ch\/fr\/\",\"logo\":{\"@type\":\"ImageObject\",\"inLanguage\":\"fr-FR\",\"@id\":\"https:\/\/fornimedical.ch\/fr\/#\/schema\/logo\/image\/\",\"url\":\"https:\/\/fornimedical.ch\/wp-content\/uploads\/2023\/08\/logo.svg\",\"contentUrl\":\"https:\/\/fornimedical.ch\/wp-content\/uploads\/2023\/08\/logo.svg\",\"caption\":\"Forni Medical GmbH\"},\"image\":{\"@id\":\"https:\/\/fornimedical.ch\/fr\/#\/schema\/logo\/image\/\"}}]}<\/script>\n<!-- \/ Yoast SEO plugin. -->","yoast_head_json":{"title":"TRANSATLANTIC Transafix Bande de fixation, non st\u00e9rile","description":"TRANSATLANTIC Transafix Bande de fixation, non st\u00e9rile. Sans latex\u00a0\u2013 sans DEHP. Pour la fixation, entre autres, de sondes, de cath\u00e9ters, de tubes et de syst\u00e8mes de drainage sur le corps","robots":{"index":"index","follow":"follow","max-snippet":"max-snippet:-1","max-image-preview":"max-image-preview:large","max-video-preview":"max-video-preview:-1"},"canonical":"https:\/\/fornimedical.ch\/fr\/produit\/transatlantic-transafix-bande-de-fixation-non-sterile\/","og_locale":"fr_FR","og_type":"article","og_title":"TRANSATLANTIC Transafix Bande de fixation, non st\u00e9rile","og_description":"TRANSATLANTIC Transafix Bande de fixation, non st\u00e9rile. Sans latex\u00a0\u2013 sans DEHP. Pour la fixation, entre autres, de sondes, de cath\u00e9ters, de tubes et de syst\u00e8mes de drainage sur le corps","og_url":"https:\/\/fornimedical.ch\/fr\/produit\/transatlantic-transafix-bande-de-fixation-non-sterile\/","og_site_name":"Forni Medical GmbH","article_modified_time":"2024-07-18T11:21:58+00:00","og_image":[{"width":2481,"height":1487,"url":"https:\/\/fornimedical.ch\/wp-content\/uploads\/2024\/04\/forni-medical_transatlantic_tubusfixierung-nasalband-unsteril.jpg","type":"image\/jpeg"}],"twitter_card":"summary_large_image","schema":{"@context":"https:\/\/schema.org","@graph":[{"@type":"WebPage","@id":"https:\/\/fornimedical.ch\/fr\/produit\/transatlantic-transafix-bande-de-fixation-non-sterile\/","url":"https:\/\/fornimedical.ch\/fr\/produit\/transatlantic-transafix-bande-de-fixation-non-sterile\/","name":"TRANSATLANTIC Transafix Bande de fixation, non st\u00e9rile","isPartOf":{"@id":"https:\/\/fornimedical.ch\/fr\/#website"},"primaryImageOfPage":{"@id":"https:\/\/fornimedical.ch\/fr\/produit\/transatlantic-transafix-bande-de-fixation-non-sterile\/#primaryimage"},"image":{"@id":"https:\/\/fornimedical.ch\/fr\/produit\/transatlantic-transafix-bande-de-fixation-non-sterile\/#primaryimage"},"thumbnailUrl":"https:\/\/fornimedical.ch\/wp-content\/uploads\/2024\/04\/forni-medical_transatlantic_tubusfixierung-nasalband-unsteril.jpg","datePublished":"2024-04-21T13:40:31+00:00","dateModified":"2024-07-18T11:21:58+00:00","description":"TRANSATLANTIC Transafix Bande de fixation, non st\u00e9rile. Sans latex\u00a0\u2013 sans DEHP. Pour la fixation, entre autres, de sondes, de cath\u00e9ters, de tubes et de syst\u00e8mes de drainage sur le corps","breadcrumb":{"@id":"https:\/\/fornimedical.ch\/fr\/produit\/transatlantic-transafix-bande-de-fixation-non-sterile\/#breadcrumb"},"inLanguage":"fr-FR","potentialAction":[{"@type":"ReadAction","target":["https:\/\/fornimedical.ch\/fr\/produit\/transatlantic-transafix-bande-de-fixation-non-sterile\/"]}]},{"@type":"ImageObject","inLanguage":"fr-FR","@id":"https:\/\/fornimedical.ch\/fr\/produit\/transatlantic-transafix-bande-de-fixation-non-sterile\/#primaryimage","url":"https:\/\/fornimedical.ch\/wp-content\/uploads\/2024\/04\/forni-medical_transatlantic_tubusfixierung-nasalband-unsteril.jpg","contentUrl":"https:\/\/fornimedical.ch\/wp-content\/uploads\/2024\/04\/forni-medical_transatlantic_tubusfixierung-nasalband-unsteril.jpg","width":2481,"height":1487,"caption":"Forni Medical TRANSATLANTIC Transafix Fixierband, unsteril"},{"@type":"BreadcrumbList","@id":"https:\/\/fornimedical.ch\/fr\/produit\/transatlantic-transafix-bande-de-fixation-non-sterile\/#breadcrumb","itemListElement":[{"@type":"ListItem","position":1,"name":"Home","item":"https:\/\/fornimedical.ch\/fr\/"},{"@type":"ListItem","position":2,"name":"Archives boutique en ligne","item":"https:\/\/fornimedical.ch\/fr\/archives-boutique-en-ligne\/"},{"@type":"ListItem","position":3,"name":"TRANSATLANTIC Transafix Bande de fixation, non st\u00e9rile"}]},{"@type":"WebSite","@id":"https:\/\/fornimedical.ch\/fr\/#website","url":"https:\/\/fornimedical.ch\/fr\/","name":"Forni Medical GmbH","description":"","publisher":{"@id":"https:\/\/fornimedical.ch\/fr\/#organization"},"potentialAction":[{"@type":"SearchAction","target":{"@type":"EntryPoint","urlTemplate":"https:\/\/fornimedical.ch\/fr\/?s={search_term_string}"},"query-input":{"@type":"PropertyValueSpecification","valueRequired":true,"valueName":"search_term_string"}}],"inLanguage":"fr-FR"},{"@type":"Organization","@id":"https:\/\/fornimedical.ch\/fr\/#organization","name":"Forni Medical GmbH","url":"https:\/\/fornimedical.ch\/fr\/","logo":{"@type":"ImageObject","inLanguage":"fr-FR","@id":"https:\/\/fornimedical.ch\/fr\/#\/schema\/logo\/image\/","url":"https:\/\/fornimedical.ch\/wp-content\/uploads\/2023\/08\/logo.svg","contentUrl":"https:\/\/fornimedical.ch\/wp-content\/uploads\/2023\/08\/logo.svg","caption":"Forni Medical GmbH"},"image":{"@id":"https:\/\/fornimedical.ch\/fr\/#\/schema\/logo\/image\/"}}]}},"_links":{"self":[{"href":"https:\/\/fornimedical.ch\/fr\/wp-json\/wp\/v2\/product\/6640","targetHints":{"allow":["GET"]}}],"collection":[{"href":"https:\/\/fornimedical.ch\/fr\/wp-json\/wp\/v2\/product"}],"about":[{"href":"https:\/\/fornimedical.ch\/fr\/wp-json\/wp\/v2\/types\/product"}],"replies":[{"embeddable":true,"href":"https:\/\/fornimedical.ch\/fr\/wp-json\/wp\/v2\/comments?post=6640"}],"wp:featuredmedia":[{"embeddable":true,"href":"https:\/\/fornimedical.ch\/fr\/wp-json\/wp\/v2\/media\/4119"}],"wp:attachment":[{"href":"https:\/\/fornimedical.ch\/fr\/wp-json\/wp\/v2\/media?parent=6640"}],"wp:term":[{"taxonomy":"product_brand","embeddable":true,"href":"https:\/\/fornimedical.ch\/fr\/wp-json\/wp\/v2\/product_brand?post=6640"},{"taxonomy":"product_cat","embeddable":true,"href":"https:\/\/fornimedical.ch\/fr\/wp-json\/wp\/v2\/product_cat?post=6640"},{"taxonomy":"product_tag","embeddable":true,"href":"https:\/\/fornimedical.ch\/fr\/wp-json\/wp\/v2\/product_tag?post=6640"}],"curies":[{"name":"wp","href":"https:\/\/api.w.org\/{rel}","templated":true}]}}