{"id":6636,"date":"2024-04-22T11:36:25","date_gmt":"2024-04-22T11:36:25","guid":{"rendered":"https:\/\/fornimedical.ch\/product\/pavis-stod-posture-trainer-noir-hauteur-40-cm\/"},"modified":"2024-08-28T07:18:13","modified_gmt":"2024-08-28T07:18:13","slug":"pavis-stod-posture-trainer-noir-hauteur-40-cm","status":"publish","type":"product","link":"https:\/\/fornimedical.ch\/fr\/produit\/pavis-stod-posture-trainer-noir-hauteur-40-cm\/","title":{"rendered":"Pavis STOD Posture Trainer, noir, hauteur 40\u00a0cm"},"content":{"rendered":"<p>Le \u00abDynamic Orthopaedic Technical Support\u00bb de Pavis convient \u00e0 tout un chacun. Les bretelles se croisent au dos par une fermeture velcro, qui peut \u00eatre ajust\u00e9e en fonction de la taille de l\u2019utilisateur. Deux positions de fermeture des bandes possibles pour garantir une EFFICACIT\u00c9 quelle que soit l\u2019anatomie du patient. La longueur de la ceinture abdominale peut \u00eatre raccourcie avec des ciseaux. Pour maximiser le CONFORT, deux bretelles de largeur diff\u00e9rente sont pr\u00e9vues. RESPIRANT et BACT\u00c9RIOSTATIQUE gr\u00e2ce au textile Pavis.<\/p>\n<p><strong>INDICATIONS:<\/strong><\/p>\n<ul>\n<li>Mauvaises postures: Mauvaises postures, mauvaises habitudes posturales qui provoquent des douleurs lombaires ou cervicales<\/li>\n<li>Fausse tenue<\/li>\n<li>Scoliose non structurale<\/li>\n<li>Adjuvant en cas de lombalgies posturales<\/li>\n<\/ul>\n","protected":false},"excerpt":{"rendered":"<p>Id\u00e9al pour corriger les mauvaises postures.<\/p>\n","protected":false},"featured_media":4125,"comment_status":"closed","ping_status":"closed","template":"","meta":{"_acf_changed":false,"site-sidebar-layout":"default","site-content-layout":"","ast-site-content-layout":"default","site-content-style":"default","site-sidebar-style":"default","ast-global-header-display":"","ast-banner-title-visibility":"","ast-main-header-display":"","ast-hfb-above-header-display":"","ast-hfb-below-header-display":"","ast-hfb-mobile-header-display":"","site-post-title":"","ast-breadcrumbs-content":"","ast-featured-img":"","footer-sml-layout":"","theme-transparent-header-meta":"default","adv-header-id-meta":"","stick-header-meta":"","header-above-stick-meta":"","header-main-stick-meta":"","header-below-stick-meta":"","astra-migrate-meta-layouts":"set","ast-page-background-enabled":"default","ast-page-background-meta":{"desktop":{"background-color":"var(--ast-global-color-4)","background-image":"","background-repeat":"repeat","background-position":"center center","background-size":"auto","background-attachment":"scroll","background-type":"","background-media":"","overlay-type":"","overlay-color":"","overlay-opacity":"","overlay-gradient":""},"tablet":{"background-color":"","background-image":"","background-repeat":"repeat","background-position":"center center","background-size":"auto","background-attachment":"scroll","background-type":"","background-media":"","overlay-type":"","overlay-color":"","overlay-opacity":"","overlay-gradient":""},"mobile":{"background-color":"","background-image":"","background-repeat":"repeat","background-position":"center center","background-size":"auto","background-attachment":"scroll","background-type":"","background-media":"","overlay-type":"","overlay-color":"","overlay-opacity":"","overlay-gradient":""}},"ast-content-background-meta":{"desktop":{"background-color":"var(--ast-global-color-5)","background-image":"","background-repeat":"repeat","background-position":"center center","background-size":"auto","background-attachment":"scroll","background-type":"","background-media":"","overlay-type":"","overlay-color":"","overlay-opacity":"","overlay-gradient":""},"tablet":{"background-color":"var(--ast-global-color-5)","background-image":"","background-repeat":"repeat","background-position":"center center","background-size":"auto","background-attachment":"scroll","background-type":"","background-media":"","overlay-type":"","overlay-color":"","overlay-opacity":"","overlay-gradient":""},"mobile":{"background-color":"var(--ast-global-color-5)","background-image":"","background-repeat":"repeat","background-position":"center center","background-size":"auto","background-attachment":"scroll","background-type":"","background-media":"","overlay-type":"","overlay-color":"","overlay-opacity":"","overlay-gradient":""}}},"product_brand":[],"product_cat":[591],"product_tag":[],"class_list":{"0":"post-6636","1":"product","2":"type-product","3":"status-publish","4":"has-post-thumbnail","6":"product_cat-bandages-pour-le-dos","7":"desktop-align-left","8":"tablet-align-left","9":"mobile-align-left","11":"first","12":"instock","13":"taxable","14":"shipping-taxable","15":"purchasable","16":"product-type-variable","17":"has-default-attributes","18":"add-to-wishlist-before_image"},"acf":[],"yoast_head":"<!-- This site is optimized with the Yoast SEO plugin v26.5 - https:\/\/yoast.com\/wordpress\/plugins\/seo\/ -->\n<title>Pavis STOD Posture Trainer, noir, hauteur 40\u00a0cm<\/title>\n<meta name=\"description\" content=\"Pavis STOD Posture Trainer, noir, hauteur 40\u00a0cm, id\u00e9al pour corriger les mauvaises postures. RESPIRANT et BACT\u00c9RIOSTATIQUE gr\u00e2ce au textile Pavis\" \/>\n<meta name=\"robots\" content=\"index, follow, max-snippet:-1, max-image-preview:large, max-video-preview:-1\" \/>\n<link rel=\"canonical\" href=\"https:\/\/fornimedical.ch\/fr\/produit\/pavis-stod-posture-trainer-noir-hauteur-40-cm\/\" \/>\n<meta property=\"og:locale\" content=\"fr_FR\" \/>\n<meta property=\"og:type\" content=\"article\" \/>\n<meta property=\"og:title\" content=\"Pavis STOD Posture Trainer, noir, hauteur 40\u00a0cm\" \/>\n<meta property=\"og:description\" content=\"Pavis STOD Posture Trainer, noir, hauteur 40\u00a0cm, id\u00e9al pour corriger les mauvaises postures. RESPIRANT et BACT\u00c9RIOSTATIQUE gr\u00e2ce au textile Pavis\" \/>\n<meta property=\"og:url\" content=\"https:\/\/fornimedical.ch\/fr\/produit\/pavis-stod-posture-trainer-noir-hauteur-40-cm\/\" \/>\n<meta property=\"og:site_name\" content=\"Forni Medical GmbH\" \/>\n<meta property=\"article:modified_time\" content=\"2024-08-28T07:18:13+00:00\" \/>\n<meta property=\"og:image\" content=\"https:\/\/fornimedical.ch\/wp-content\/uploads\/2024\/04\/forni-medical_pavis_stod-posture-trainer_40-cm.jpg\" \/>\n\t<meta property=\"og:image:width\" content=\"2481\" \/>\n\t<meta property=\"og:image:height\" content=\"1487\" \/>\n\t<meta property=\"og:image:type\" content=\"image\/jpeg\" \/>\n<meta name=\"twitter:card\" content=\"summary_large_image\" \/>\n<meta name=\"twitter:label1\" content=\"Dur\u00e9e de lecture estim\u00e9e\" \/>\n\t<meta name=\"twitter:data1\" content=\"1 minute\" \/>\n<script type=\"application\/ld+json\" class=\"yoast-schema-graph\">{\"@context\":\"https:\/\/schema.org\",\"@graph\":[{\"@type\":\"WebPage\",\"@id\":\"https:\/\/fornimedical.ch\/fr\/produit\/pavis-stod-posture-trainer-noir-hauteur-40-cm\/\",\"url\":\"https:\/\/fornimedical.ch\/fr\/produit\/pavis-stod-posture-trainer-noir-hauteur-40-cm\/\",\"name\":\"Pavis STOD Posture Trainer, noir, hauteur 40\u00a0cm\",\"isPartOf\":{\"@id\":\"https:\/\/fornimedical.ch\/fr\/#website\"},\"primaryImageOfPage\":{\"@id\":\"https:\/\/fornimedical.ch\/fr\/produit\/pavis-stod-posture-trainer-noir-hauteur-40-cm\/#primaryimage\"},\"image\":{\"@id\":\"https:\/\/fornimedical.ch\/fr\/produit\/pavis-stod-posture-trainer-noir-hauteur-40-cm\/#primaryimage\"},\"thumbnailUrl\":\"https:\/\/fornimedical.ch\/wp-content\/uploads\/2024\/04\/forni-medical_pavis_stod-posture-trainer_40-cm.jpg\",\"datePublished\":\"2024-04-22T11:36:25+00:00\",\"dateModified\":\"2024-08-28T07:18:13+00:00\",\"description\":\"Pavis STOD Posture Trainer, noir, hauteur 40\u00a0cm, id\u00e9al pour corriger les mauvaises postures. RESPIRANT et BACT\u00c9RIOSTATIQUE gr\u00e2ce au textile Pavis\",\"breadcrumb\":{\"@id\":\"https:\/\/fornimedical.ch\/fr\/produit\/pavis-stod-posture-trainer-noir-hauteur-40-cm\/#breadcrumb\"},\"inLanguage\":\"fr-FR\",\"potentialAction\":[{\"@type\":\"ReadAction\",\"target\":[\"https:\/\/fornimedical.ch\/fr\/produit\/pavis-stod-posture-trainer-noir-hauteur-40-cm\/\"]}]},{\"@type\":\"ImageObject\",\"inLanguage\":\"fr-FR\",\"@id\":\"https:\/\/fornimedical.ch\/fr\/produit\/pavis-stod-posture-trainer-noir-hauteur-40-cm\/#primaryimage\",\"url\":\"https:\/\/fornimedical.ch\/wp-content\/uploads\/2024\/04\/forni-medical_pavis_stod-posture-trainer_40-cm.jpg\",\"contentUrl\":\"https:\/\/fornimedical.ch\/wp-content\/uploads\/2024\/04\/forni-medical_pavis_stod-posture-trainer_40-cm.jpg\",\"width\":2481,\"height\":1487,\"caption\":\"Forni Medical Pavis STOD Posture Trainer, schwarz, 40 cm hoch\"},{\"@type\":\"BreadcrumbList\",\"@id\":\"https:\/\/fornimedical.ch\/fr\/produit\/pavis-stod-posture-trainer-noir-hauteur-40-cm\/#breadcrumb\",\"itemListElement\":[{\"@type\":\"ListItem\",\"position\":1,\"name\":\"Home\",\"item\":\"https:\/\/fornimedical.ch\/fr\/\"},{\"@type\":\"ListItem\",\"position\":2,\"name\":\"Archives boutique en ligne\",\"item\":\"https:\/\/fornimedical.ch\/fr\/archives-boutique-en-ligne\/\"},{\"@type\":\"ListItem\",\"position\":3,\"name\":\"Pavis STOD Posture Trainer, noir, hauteur 40\u00a0cm\"}]},{\"@type\":\"WebSite\",\"@id\":\"https:\/\/fornimedical.ch\/fr\/#website\",\"url\":\"https:\/\/fornimedical.ch\/fr\/\",\"name\":\"Forni Medical GmbH\",\"description\":\"\",\"publisher\":{\"@id\":\"https:\/\/fornimedical.ch\/fr\/#organization\"},\"potentialAction\":[{\"@type\":\"SearchAction\",\"target\":{\"@type\":\"EntryPoint\",\"urlTemplate\":\"https:\/\/fornimedical.ch\/fr\/?s={search_term_string}\"},\"query-input\":{\"@type\":\"PropertyValueSpecification\",\"valueRequired\":true,\"valueName\":\"search_term_string\"}}],\"inLanguage\":\"fr-FR\"},{\"@type\":\"Organization\",\"@id\":\"https:\/\/fornimedical.ch\/fr\/#organization\",\"name\":\"Forni Medical GmbH\",\"url\":\"https:\/\/fornimedical.ch\/fr\/\",\"logo\":{\"@type\":\"ImageObject\",\"inLanguage\":\"fr-FR\",\"@id\":\"https:\/\/fornimedical.ch\/fr\/#\/schema\/logo\/image\/\",\"url\":\"https:\/\/fornimedical.ch\/wp-content\/uploads\/2023\/08\/logo.svg\",\"contentUrl\":\"https:\/\/fornimedical.ch\/wp-content\/uploads\/2023\/08\/logo.svg\",\"caption\":\"Forni Medical GmbH\"},\"image\":{\"@id\":\"https:\/\/fornimedical.ch\/fr\/#\/schema\/logo\/image\/\"}}]}<\/script>\n<!-- \/ Yoast SEO plugin. -->","yoast_head_json":{"title":"Pavis STOD Posture Trainer, noir, hauteur 40\u00a0cm","description":"Pavis STOD Posture Trainer, noir, hauteur 40\u00a0cm, id\u00e9al pour corriger les mauvaises postures. RESPIRANT et BACT\u00c9RIOSTATIQUE gr\u00e2ce au textile Pavis","robots":{"index":"index","follow":"follow","max-snippet":"max-snippet:-1","max-image-preview":"max-image-preview:large","max-video-preview":"max-video-preview:-1"},"canonical":"https:\/\/fornimedical.ch\/fr\/produit\/pavis-stod-posture-trainer-noir-hauteur-40-cm\/","og_locale":"fr_FR","og_type":"article","og_title":"Pavis STOD Posture Trainer, noir, hauteur 40\u00a0cm","og_description":"Pavis STOD Posture Trainer, noir, hauteur 40\u00a0cm, id\u00e9al pour corriger les mauvaises postures. RESPIRANT et BACT\u00c9RIOSTATIQUE gr\u00e2ce au textile Pavis","og_url":"https:\/\/fornimedical.ch\/fr\/produit\/pavis-stod-posture-trainer-noir-hauteur-40-cm\/","og_site_name":"Forni Medical GmbH","article_modified_time":"2024-08-28T07:18:13+00:00","og_image":[{"width":2481,"height":1487,"url":"https:\/\/fornimedical.ch\/wp-content\/uploads\/2024\/04\/forni-medical_pavis_stod-posture-trainer_40-cm.jpg","type":"image\/jpeg"}],"twitter_card":"summary_large_image","twitter_misc":{"Dur\u00e9e de lecture estim\u00e9e":"1 minute"},"schema":{"@context":"https:\/\/schema.org","@graph":[{"@type":"WebPage","@id":"https:\/\/fornimedical.ch\/fr\/produit\/pavis-stod-posture-trainer-noir-hauteur-40-cm\/","url":"https:\/\/fornimedical.ch\/fr\/produit\/pavis-stod-posture-trainer-noir-hauteur-40-cm\/","name":"Pavis STOD Posture Trainer, noir, hauteur 40\u00a0cm","isPartOf":{"@id":"https:\/\/fornimedical.ch\/fr\/#website"},"primaryImageOfPage":{"@id":"https:\/\/fornimedical.ch\/fr\/produit\/pavis-stod-posture-trainer-noir-hauteur-40-cm\/#primaryimage"},"image":{"@id":"https:\/\/fornimedical.ch\/fr\/produit\/pavis-stod-posture-trainer-noir-hauteur-40-cm\/#primaryimage"},"thumbnailUrl":"https:\/\/fornimedical.ch\/wp-content\/uploads\/2024\/04\/forni-medical_pavis_stod-posture-trainer_40-cm.jpg","datePublished":"2024-04-22T11:36:25+00:00","dateModified":"2024-08-28T07:18:13+00:00","description":"Pavis STOD Posture Trainer, noir, hauteur 40\u00a0cm, id\u00e9al pour corriger les mauvaises postures. RESPIRANT et BACT\u00c9RIOSTATIQUE gr\u00e2ce au textile Pavis","breadcrumb":{"@id":"https:\/\/fornimedical.ch\/fr\/produit\/pavis-stod-posture-trainer-noir-hauteur-40-cm\/#breadcrumb"},"inLanguage":"fr-FR","potentialAction":[{"@type":"ReadAction","target":["https:\/\/fornimedical.ch\/fr\/produit\/pavis-stod-posture-trainer-noir-hauteur-40-cm\/"]}]},{"@type":"ImageObject","inLanguage":"fr-FR","@id":"https:\/\/fornimedical.ch\/fr\/produit\/pavis-stod-posture-trainer-noir-hauteur-40-cm\/#primaryimage","url":"https:\/\/fornimedical.ch\/wp-content\/uploads\/2024\/04\/forni-medical_pavis_stod-posture-trainer_40-cm.jpg","contentUrl":"https:\/\/fornimedical.ch\/wp-content\/uploads\/2024\/04\/forni-medical_pavis_stod-posture-trainer_40-cm.jpg","width":2481,"height":1487,"caption":"Forni Medical Pavis STOD Posture Trainer, schwarz, 40 cm hoch"},{"@type":"BreadcrumbList","@id":"https:\/\/fornimedical.ch\/fr\/produit\/pavis-stod-posture-trainer-noir-hauteur-40-cm\/#breadcrumb","itemListElement":[{"@type":"ListItem","position":1,"name":"Home","item":"https:\/\/fornimedical.ch\/fr\/"},{"@type":"ListItem","position":2,"name":"Archives boutique en ligne","item":"https:\/\/fornimedical.ch\/fr\/archives-boutique-en-ligne\/"},{"@type":"ListItem","position":3,"name":"Pavis STOD Posture Trainer, noir, hauteur 40\u00a0cm"}]},{"@type":"WebSite","@id":"https:\/\/fornimedical.ch\/fr\/#website","url":"https:\/\/fornimedical.ch\/fr\/","name":"Forni Medical GmbH","description":"","publisher":{"@id":"https:\/\/fornimedical.ch\/fr\/#organization"},"potentialAction":[{"@type":"SearchAction","target":{"@type":"EntryPoint","urlTemplate":"https:\/\/fornimedical.ch\/fr\/?s={search_term_string}"},"query-input":{"@type":"PropertyValueSpecification","valueRequired":true,"valueName":"search_term_string"}}],"inLanguage":"fr-FR"},{"@type":"Organization","@id":"https:\/\/fornimedical.ch\/fr\/#organization","name":"Forni Medical GmbH","url":"https:\/\/fornimedical.ch\/fr\/","logo":{"@type":"ImageObject","inLanguage":"fr-FR","@id":"https:\/\/fornimedical.ch\/fr\/#\/schema\/logo\/image\/","url":"https:\/\/fornimedical.ch\/wp-content\/uploads\/2023\/08\/logo.svg","contentUrl":"https:\/\/fornimedical.ch\/wp-content\/uploads\/2023\/08\/logo.svg","caption":"Forni Medical GmbH"},"image":{"@id":"https:\/\/fornimedical.ch\/fr\/#\/schema\/logo\/image\/"}}]}},"_links":{"self":[{"href":"https:\/\/fornimedical.ch\/fr\/wp-json\/wp\/v2\/product\/6636","targetHints":{"allow":["GET"]}}],"collection":[{"href":"https:\/\/fornimedical.ch\/fr\/wp-json\/wp\/v2\/product"}],"about":[{"href":"https:\/\/fornimedical.ch\/fr\/wp-json\/wp\/v2\/types\/product"}],"replies":[{"embeddable":true,"href":"https:\/\/fornimedical.ch\/fr\/wp-json\/wp\/v2\/comments?post=6636"}],"wp:featuredmedia":[{"embeddable":true,"href":"https:\/\/fornimedical.ch\/fr\/wp-json\/wp\/v2\/media\/4125"}],"wp:attachment":[{"href":"https:\/\/fornimedical.ch\/fr\/wp-json\/wp\/v2\/media?parent=6636"}],"wp:term":[{"taxonomy":"product_brand","embeddable":true,"href":"https:\/\/fornimedical.ch\/fr\/wp-json\/wp\/v2\/product_brand?post=6636"},{"taxonomy":"product_cat","embeddable":true,"href":"https:\/\/fornimedical.ch\/fr\/wp-json\/wp\/v2\/product_cat?post=6636"},{"taxonomy":"product_tag","embeddable":true,"href":"https:\/\/fornimedical.ch\/fr\/wp-json\/wp\/v2\/product_tag?post=6636"}],"curies":[{"name":"wp","href":"https:\/\/api.w.org\/{rel}","templated":true}]}}