{"id":6629,"date":"2024-04-22T12:02:51","date_gmt":"2024-04-22T12:02:51","guid":{"rendered":"https:\/\/fornimedical.ch\/product\/pavis-corset-dorso-lombo-sacre-hauteur-60-cm\/"},"modified":"2024-08-28T07:07:55","modified_gmt":"2024-08-28T07:07:55","slug":"pavis-corset-dorso-lombo-sacre-hauteur-60-cm","status":"publish","type":"product","link":"https:\/\/fornimedical.ch\/fr\/produit\/pavis-corset-dorso-lombo-sacre-hauteur-60-cm\/","title":{"rendered":"Pavis Corset dorso-lombo-sacr\u00e9, hauteur 60\u00a0cm"},"content":{"rendered":"<p>Nouveau design dans la zone scapulaire pour un meilleur ajustement. Les ailettes en aluminium semi-rigides et amovibles assurent un soutien efficace de la zone dorsale, lombaire et sacrale de la colonne vert\u00e9brale. L\u2019arri\u00e8re est dot\u00e9 d\u2019une section dorsale renforc\u00e9e afin d\u2019\u00e9viter que les ailettes ne s\u2019\u00e9loignent de la zone paravert\u00e9brale. Le prolongement \u00e0 la base du produit offre davantage de confort. Les bretelles s\u2019adaptent \u00e0 l\u2019anatomie et sont doubl\u00e9es d\u2019un tissu Radyarn souple pour garantir un confort optimal. Une boucle \u00e9lastique \u00e0 l\u2019arri\u00e8re facilite l\u2019enfilage des sangles. La face avant semi-circulaire et la petite poche facilitent la fixation et l\u2019ajustement sur le bas-ventre. L\u00e9ger et agr\u00e9able \u00e0 porter. Disponible en 2\u00a0couleurs (gris fonc\u00e9 et cr\u00e8me).<\/p>\n<p><strong>INDICATIONS:<\/strong><\/p>\n<ul>\n<li>Traitement post-traumatique de la r\u00e9gion dorso-lombosacr\u00e9e<\/li>\n<li>Ost\u00e9oporose, ost\u00e9olyse, ost\u00e9omalacie de la r\u00e9gion dorsale<\/li>\n<li>Protection de la r\u00e9gion dorso-lombaire avec prise uniforme au bassin<\/li>\n<\/ul>\n","protected":false},"excerpt":{"rendered":"<p>Traitement post-traumatique de la r\u00e9gion dorso-lombosacr\u00e9e de la colonne vert\u00e9brale. Effet protecteur de la r\u00e9gion dorso-lombaire avec prise uniforme au bassin.<\/p>\n","protected":false},"featured_media":4133,"comment_status":"closed","ping_status":"closed","template":"","meta":{"_acf_changed":false,"site-sidebar-layout":"default","site-content-layout":"","ast-site-content-layout":"default","site-content-style":"default","site-sidebar-style":"default","ast-global-header-display":"","ast-banner-title-visibility":"","ast-main-header-display":"","ast-hfb-above-header-display":"","ast-hfb-below-header-display":"","ast-hfb-mobile-header-display":"","site-post-title":"","ast-breadcrumbs-content":"","ast-featured-img":"","footer-sml-layout":"","theme-transparent-header-meta":"default","adv-header-id-meta":"","stick-header-meta":"","header-above-stick-meta":"","header-main-stick-meta":"","header-below-stick-meta":"","astra-migrate-meta-layouts":"set","ast-page-background-enabled":"default","ast-page-background-meta":{"desktop":{"background-color":"var(--ast-global-color-4)","background-image":"","background-repeat":"repeat","background-position":"center center","background-size":"auto","background-attachment":"scroll","background-type":"","background-media":"","overlay-type":"","overlay-color":"","overlay-opacity":"","overlay-gradient":""},"tablet":{"background-color":"","background-image":"","background-repeat":"repeat","background-position":"center center","background-size":"auto","background-attachment":"scroll","background-type":"","background-media":"","overlay-type":"","overlay-color":"","overlay-opacity":"","overlay-gradient":""},"mobile":{"background-color":"","background-image":"","background-repeat":"repeat","background-position":"center center","background-size":"auto","background-attachment":"scroll","background-type":"","background-media":"","overlay-type":"","overlay-color":"","overlay-opacity":"","overlay-gradient":""}},"ast-content-background-meta":{"desktop":{"background-color":"var(--ast-global-color-5)","background-image":"","background-repeat":"repeat","background-position":"center center","background-size":"auto","background-attachment":"scroll","background-type":"","background-media":"","overlay-type":"","overlay-color":"","overlay-opacity":"","overlay-gradient":""},"tablet":{"background-color":"var(--ast-global-color-5)","background-image":"","background-repeat":"repeat","background-position":"center center","background-size":"auto","background-attachment":"scroll","background-type":"","background-media":"","overlay-type":"","overlay-color":"","overlay-opacity":"","overlay-gradient":""},"mobile":{"background-color":"var(--ast-global-color-5)","background-image":"","background-repeat":"repeat","background-position":"center center","background-size":"auto","background-attachment":"scroll","background-type":"","background-media":"","overlay-type":"","overlay-color":"","overlay-opacity":"","overlay-gradient":""}}},"product_brand":[],"product_cat":[591],"product_tag":[],"class_list":{"0":"post-6629","1":"product","2":"type-product","3":"status-publish","4":"has-post-thumbnail","6":"product_cat-bandages-pour-le-dos","7":"desktop-align-left","8":"tablet-align-left","9":"mobile-align-left","11":"first","12":"instock","13":"taxable","14":"shipping-taxable","15":"purchasable","16":"product-type-variable","17":"has-default-attributes","18":"add-to-wishlist-before_image"},"acf":[],"yoast_head":"<!-- This site is optimized with the Yoast SEO plugin v26.5 - https:\/\/yoast.com\/wordpress\/plugins\/seo\/ -->\n<title>Pavis Corset dorso-lombo-sacr\u00e9, hauteur 60\u00a0cm<\/title>\n<meta name=\"description\" content=\"Pavis Corset dorso-lombo-sacr\u00e9, hauteur 60\u00a0cm. Traitement post-traumatique de la r\u00e9gion dorso-lombosacr\u00e9e.\" \/>\n<meta name=\"robots\" content=\"index, follow, max-snippet:-1, max-image-preview:large, max-video-preview:-1\" \/>\n<link rel=\"canonical\" href=\"https:\/\/fornimedical.ch\/fr\/produit\/pavis-corset-dorso-lombo-sacre-hauteur-60-cm\/\" \/>\n<meta property=\"og:locale\" content=\"fr_FR\" \/>\n<meta property=\"og:type\" content=\"article\" \/>\n<meta property=\"og:title\" content=\"Pavis Corset dorso-lombo-sacr\u00e9, hauteur 60\u00a0cm\" \/>\n<meta property=\"og:description\" content=\"Pavis Corset dorso-lombo-sacr\u00e9, hauteur 60\u00a0cm. Traitement post-traumatique de la r\u00e9gion dorso-lombosacr\u00e9e.\" \/>\n<meta property=\"og:url\" content=\"https:\/\/fornimedical.ch\/fr\/produit\/pavis-corset-dorso-lombo-sacre-hauteur-60-cm\/\" \/>\n<meta property=\"og:site_name\" content=\"Forni Medical GmbH\" \/>\n<meta property=\"article:modified_time\" content=\"2024-08-28T07:07:55+00:00\" \/>\n<meta property=\"og:image\" content=\"https:\/\/fornimedical.ch\/wp-content\/uploads\/2024\/04\/forni-medical_pavis_dorsal-lumbo-sacral-korset_60-cm.jpg\" \/>\n\t<meta property=\"og:image:width\" content=\"2481\" \/>\n\t<meta property=\"og:image:height\" content=\"1487\" \/>\n\t<meta property=\"og:image:type\" content=\"image\/jpeg\" \/>\n<meta name=\"twitter:card\" content=\"summary_large_image\" \/>\n<meta name=\"twitter:label1\" content=\"Dur\u00e9e de lecture estim\u00e9e\" \/>\n\t<meta name=\"twitter:data1\" content=\"1 minute\" \/>\n<script type=\"application\/ld+json\" class=\"yoast-schema-graph\">{\"@context\":\"https:\/\/schema.org\",\"@graph\":[{\"@type\":\"WebPage\",\"@id\":\"https:\/\/fornimedical.ch\/fr\/produit\/pavis-corset-dorso-lombo-sacre-hauteur-60-cm\/\",\"url\":\"https:\/\/fornimedical.ch\/fr\/produit\/pavis-corset-dorso-lombo-sacre-hauteur-60-cm\/\",\"name\":\"Pavis Corset dorso-lombo-sacr\u00e9, hauteur 60\u00a0cm\",\"isPartOf\":{\"@id\":\"https:\/\/fornimedical.ch\/fr\/#website\"},\"primaryImageOfPage\":{\"@id\":\"https:\/\/fornimedical.ch\/fr\/produit\/pavis-corset-dorso-lombo-sacre-hauteur-60-cm\/#primaryimage\"},\"image\":{\"@id\":\"https:\/\/fornimedical.ch\/fr\/produit\/pavis-corset-dorso-lombo-sacre-hauteur-60-cm\/#primaryimage\"},\"thumbnailUrl\":\"https:\/\/fornimedical.ch\/wp-content\/uploads\/2024\/04\/forni-medical_pavis_dorsal-lumbo-sacral-korset_60-cm.jpg\",\"datePublished\":\"2024-04-22T12:02:51+00:00\",\"dateModified\":\"2024-08-28T07:07:55+00:00\",\"description\":\"Pavis Corset dorso-lombo-sacr\u00e9, hauteur 60\u00a0cm. Traitement post-traumatique de la r\u00e9gion dorso-lombosacr\u00e9e.\",\"breadcrumb\":{\"@id\":\"https:\/\/fornimedical.ch\/fr\/produit\/pavis-corset-dorso-lombo-sacre-hauteur-60-cm\/#breadcrumb\"},\"inLanguage\":\"fr-FR\",\"potentialAction\":[{\"@type\":\"ReadAction\",\"target\":[\"https:\/\/fornimedical.ch\/fr\/produit\/pavis-corset-dorso-lombo-sacre-hauteur-60-cm\/\"]}]},{\"@type\":\"ImageObject\",\"inLanguage\":\"fr-FR\",\"@id\":\"https:\/\/fornimedical.ch\/fr\/produit\/pavis-corset-dorso-lombo-sacre-hauteur-60-cm\/#primaryimage\",\"url\":\"https:\/\/fornimedical.ch\/wp-content\/uploads\/2024\/04\/forni-medical_pavis_dorsal-lumbo-sacral-korset_60-cm.jpg\",\"contentUrl\":\"https:\/\/fornimedical.ch\/wp-content\/uploads\/2024\/04\/forni-medical_pavis_dorsal-lumbo-sacral-korset_60-cm.jpg\",\"width\":2481,\"height\":1487,\"caption\":\"Forni Medical Pavis Dorsal-Lumbo-Sacral Korsett, 60 cm hoch\"},{\"@type\":\"BreadcrumbList\",\"@id\":\"https:\/\/fornimedical.ch\/fr\/produit\/pavis-corset-dorso-lombo-sacre-hauteur-60-cm\/#breadcrumb\",\"itemListElement\":[{\"@type\":\"ListItem\",\"position\":1,\"name\":\"Home\",\"item\":\"https:\/\/fornimedical.ch\/fr\/\"},{\"@type\":\"ListItem\",\"position\":2,\"name\":\"Archives boutique en ligne\",\"item\":\"https:\/\/fornimedical.ch\/fr\/archives-boutique-en-ligne\/\"},{\"@type\":\"ListItem\",\"position\":3,\"name\":\"Pavis Corset dorso-lombo-sacr\u00e9, hauteur 60\u00a0cm\"}]},{\"@type\":\"WebSite\",\"@id\":\"https:\/\/fornimedical.ch\/fr\/#website\",\"url\":\"https:\/\/fornimedical.ch\/fr\/\",\"name\":\"Forni Medical GmbH\",\"description\":\"\",\"publisher\":{\"@id\":\"https:\/\/fornimedical.ch\/fr\/#organization\"},\"potentialAction\":[{\"@type\":\"SearchAction\",\"target\":{\"@type\":\"EntryPoint\",\"urlTemplate\":\"https:\/\/fornimedical.ch\/fr\/?s={search_term_string}\"},\"query-input\":{\"@type\":\"PropertyValueSpecification\",\"valueRequired\":true,\"valueName\":\"search_term_string\"}}],\"inLanguage\":\"fr-FR\"},{\"@type\":\"Organization\",\"@id\":\"https:\/\/fornimedical.ch\/fr\/#organization\",\"name\":\"Forni Medical GmbH\",\"url\":\"https:\/\/fornimedical.ch\/fr\/\",\"logo\":{\"@type\":\"ImageObject\",\"inLanguage\":\"fr-FR\",\"@id\":\"https:\/\/fornimedical.ch\/fr\/#\/schema\/logo\/image\/\",\"url\":\"https:\/\/fornimedical.ch\/wp-content\/uploads\/2023\/08\/logo.svg\",\"contentUrl\":\"https:\/\/fornimedical.ch\/wp-content\/uploads\/2023\/08\/logo.svg\",\"caption\":\"Forni Medical GmbH\"},\"image\":{\"@id\":\"https:\/\/fornimedical.ch\/fr\/#\/schema\/logo\/image\/\"}}]}<\/script>\n<!-- \/ Yoast SEO plugin. -->","yoast_head_json":{"title":"Pavis Corset dorso-lombo-sacr\u00e9, hauteur 60\u00a0cm","description":"Pavis Corset dorso-lombo-sacr\u00e9, hauteur 60\u00a0cm. Traitement post-traumatique de la r\u00e9gion dorso-lombosacr\u00e9e.","robots":{"index":"index","follow":"follow","max-snippet":"max-snippet:-1","max-image-preview":"max-image-preview:large","max-video-preview":"max-video-preview:-1"},"canonical":"https:\/\/fornimedical.ch\/fr\/produit\/pavis-corset-dorso-lombo-sacre-hauteur-60-cm\/","og_locale":"fr_FR","og_type":"article","og_title":"Pavis Corset dorso-lombo-sacr\u00e9, hauteur 60\u00a0cm","og_description":"Pavis Corset dorso-lombo-sacr\u00e9, hauteur 60\u00a0cm. Traitement post-traumatique de la r\u00e9gion dorso-lombosacr\u00e9e.","og_url":"https:\/\/fornimedical.ch\/fr\/produit\/pavis-corset-dorso-lombo-sacre-hauteur-60-cm\/","og_site_name":"Forni Medical GmbH","article_modified_time":"2024-08-28T07:07:55+00:00","og_image":[{"width":2481,"height":1487,"url":"https:\/\/fornimedical.ch\/wp-content\/uploads\/2024\/04\/forni-medical_pavis_dorsal-lumbo-sacral-korset_60-cm.jpg","type":"image\/jpeg"}],"twitter_card":"summary_large_image","twitter_misc":{"Dur\u00e9e de lecture estim\u00e9e":"1 minute"},"schema":{"@context":"https:\/\/schema.org","@graph":[{"@type":"WebPage","@id":"https:\/\/fornimedical.ch\/fr\/produit\/pavis-corset-dorso-lombo-sacre-hauteur-60-cm\/","url":"https:\/\/fornimedical.ch\/fr\/produit\/pavis-corset-dorso-lombo-sacre-hauteur-60-cm\/","name":"Pavis Corset dorso-lombo-sacr\u00e9, hauteur 60\u00a0cm","isPartOf":{"@id":"https:\/\/fornimedical.ch\/fr\/#website"},"primaryImageOfPage":{"@id":"https:\/\/fornimedical.ch\/fr\/produit\/pavis-corset-dorso-lombo-sacre-hauteur-60-cm\/#primaryimage"},"image":{"@id":"https:\/\/fornimedical.ch\/fr\/produit\/pavis-corset-dorso-lombo-sacre-hauteur-60-cm\/#primaryimage"},"thumbnailUrl":"https:\/\/fornimedical.ch\/wp-content\/uploads\/2024\/04\/forni-medical_pavis_dorsal-lumbo-sacral-korset_60-cm.jpg","datePublished":"2024-04-22T12:02:51+00:00","dateModified":"2024-08-28T07:07:55+00:00","description":"Pavis Corset dorso-lombo-sacr\u00e9, hauteur 60\u00a0cm. Traitement post-traumatique de la r\u00e9gion dorso-lombosacr\u00e9e.","breadcrumb":{"@id":"https:\/\/fornimedical.ch\/fr\/produit\/pavis-corset-dorso-lombo-sacre-hauteur-60-cm\/#breadcrumb"},"inLanguage":"fr-FR","potentialAction":[{"@type":"ReadAction","target":["https:\/\/fornimedical.ch\/fr\/produit\/pavis-corset-dorso-lombo-sacre-hauteur-60-cm\/"]}]},{"@type":"ImageObject","inLanguage":"fr-FR","@id":"https:\/\/fornimedical.ch\/fr\/produit\/pavis-corset-dorso-lombo-sacre-hauteur-60-cm\/#primaryimage","url":"https:\/\/fornimedical.ch\/wp-content\/uploads\/2024\/04\/forni-medical_pavis_dorsal-lumbo-sacral-korset_60-cm.jpg","contentUrl":"https:\/\/fornimedical.ch\/wp-content\/uploads\/2024\/04\/forni-medical_pavis_dorsal-lumbo-sacral-korset_60-cm.jpg","width":2481,"height":1487,"caption":"Forni Medical Pavis Dorsal-Lumbo-Sacral Korsett, 60 cm hoch"},{"@type":"BreadcrumbList","@id":"https:\/\/fornimedical.ch\/fr\/produit\/pavis-corset-dorso-lombo-sacre-hauteur-60-cm\/#breadcrumb","itemListElement":[{"@type":"ListItem","position":1,"name":"Home","item":"https:\/\/fornimedical.ch\/fr\/"},{"@type":"ListItem","position":2,"name":"Archives boutique en ligne","item":"https:\/\/fornimedical.ch\/fr\/archives-boutique-en-ligne\/"},{"@type":"ListItem","position":3,"name":"Pavis Corset dorso-lombo-sacr\u00e9, hauteur 60\u00a0cm"}]},{"@type":"WebSite","@id":"https:\/\/fornimedical.ch\/fr\/#website","url":"https:\/\/fornimedical.ch\/fr\/","name":"Forni Medical GmbH","description":"","publisher":{"@id":"https:\/\/fornimedical.ch\/fr\/#organization"},"potentialAction":[{"@type":"SearchAction","target":{"@type":"EntryPoint","urlTemplate":"https:\/\/fornimedical.ch\/fr\/?s={search_term_string}"},"query-input":{"@type":"PropertyValueSpecification","valueRequired":true,"valueName":"search_term_string"}}],"inLanguage":"fr-FR"},{"@type":"Organization","@id":"https:\/\/fornimedical.ch\/fr\/#organization","name":"Forni Medical GmbH","url":"https:\/\/fornimedical.ch\/fr\/","logo":{"@type":"ImageObject","inLanguage":"fr-FR","@id":"https:\/\/fornimedical.ch\/fr\/#\/schema\/logo\/image\/","url":"https:\/\/fornimedical.ch\/wp-content\/uploads\/2023\/08\/logo.svg","contentUrl":"https:\/\/fornimedical.ch\/wp-content\/uploads\/2023\/08\/logo.svg","caption":"Forni Medical GmbH"},"image":{"@id":"https:\/\/fornimedical.ch\/fr\/#\/schema\/logo\/image\/"}}]}},"_links":{"self":[{"href":"https:\/\/fornimedical.ch\/fr\/wp-json\/wp\/v2\/product\/6629","targetHints":{"allow":["GET"]}}],"collection":[{"href":"https:\/\/fornimedical.ch\/fr\/wp-json\/wp\/v2\/product"}],"about":[{"href":"https:\/\/fornimedical.ch\/fr\/wp-json\/wp\/v2\/types\/product"}],"replies":[{"embeddable":true,"href":"https:\/\/fornimedical.ch\/fr\/wp-json\/wp\/v2\/comments?post=6629"}],"wp:featuredmedia":[{"embeddable":true,"href":"https:\/\/fornimedical.ch\/fr\/wp-json\/wp\/v2\/media\/4133"}],"wp:attachment":[{"href":"https:\/\/fornimedical.ch\/fr\/wp-json\/wp\/v2\/media?parent=6629"}],"wp:term":[{"taxonomy":"product_brand","embeddable":true,"href":"https:\/\/fornimedical.ch\/fr\/wp-json\/wp\/v2\/product_brand?post=6629"},{"taxonomy":"product_cat","embeddable":true,"href":"https:\/\/fornimedical.ch\/fr\/wp-json\/wp\/v2\/product_cat?post=6629"},{"taxonomy":"product_tag","embeddable":true,"href":"https:\/\/fornimedical.ch\/fr\/wp-json\/wp\/v2\/product_tag?post=6629"}],"curies":[{"name":"wp","href":"https:\/\/api.w.org\/{rel}","templated":true}]}}