{"id":6604,"date":"2024-04-22T14:39:58","date_gmt":"2024-04-22T12:39:58","guid":{"rendered":"https:\/\/fornimedical.ch\/product\/pavis-ceinture-abdominale-grise-hauteur-18-cm-24-cm-et-30-cm\/"},"modified":"2024-08-28T06:56:43","modified_gmt":"2024-08-28T06:56:43","slug":"pavis-ceinture-abdominale-grise-hauteur-18-cm-24-cm-et-30-cm","status":"publish","type":"product","link":"https:\/\/fornimedical.ch\/fr\/produit\/pavis-ceinture-abdominale-grise-hauteur-18-cm-24-cm-et-30-cm\/","title":{"rendered":"Pavis Ceinture abdominale, grise, hauteur 18\u00a0cm, 24\u00a0cm et 30\u00a0cm"},"content":{"rendered":"<p>Aide \u00e0 se r\u00e9tablir le plus rapidement et le mieux possible: Double sangle frontale crois\u00e9e et r\u00e9glable pour une bonne fermeture progressive et confortable, ind\u00e9pendamment de l\u2019anatomie du patient. Deux tiges dorsales pour un l\u00e9ger soutien de la zone lombaire. Facile \u00e0 utiliser: Unisexe. Confort: Tissu respirant et \u00e9lastique. Hygi\u00e9nique: 100\u00a0% coton souple sur la peau, tissu hypoallerg\u00e9nique. LE MOD\u00c8LE 18\u00a0CM PEUT \u00c9GALEMENT \u00caTRE UTILIS\u00c9 COMME CEINTURE PECTORALE \u00c0 UNE SEULE BANDE. Si besoin, laver soigneusement la ceinture abdominale \u00e0 l\u2019eau ti\u00e8de. Avant le lavage, relier les deux c\u00f4t\u00e9s des bandes velcro ensemble. Ne pas utiliser de produits nettoyants contenant du chlore.<\/p>\n","protected":false},"excerpt":{"rendered":"<p>Double sangle frontale crois\u00e9e et r\u00e9glable pour une bonne fermeture progressive et confortable, ind\u00e9pendamment de l\u2019anatomie du patient<\/p>\n","protected":false},"featured_media":4164,"comment_status":"closed","ping_status":"closed","template":"","meta":{"_acf_changed":false,"site-sidebar-layout":"default","site-content-layout":"","ast-site-content-layout":"default","site-content-style":"default","site-sidebar-style":"default","ast-global-header-display":"","ast-banner-title-visibility":"","ast-main-header-display":"","ast-hfb-above-header-display":"","ast-hfb-below-header-display":"","ast-hfb-mobile-header-display":"","site-post-title":"","ast-breadcrumbs-content":"","ast-featured-img":"","footer-sml-layout":"","theme-transparent-header-meta":"default","adv-header-id-meta":"","stick-header-meta":"","header-above-stick-meta":"","header-main-stick-meta":"","header-below-stick-meta":"","astra-migrate-meta-layouts":"set","ast-page-background-enabled":"default","ast-page-background-meta":{"desktop":{"background-color":"var(--ast-global-color-4)","background-image":"","background-repeat":"repeat","background-position":"center center","background-size":"auto","background-attachment":"scroll","background-type":"","background-media":"","overlay-type":"","overlay-color":"","overlay-opacity":"","overlay-gradient":""},"tablet":{"background-color":"","background-image":"","background-repeat":"repeat","background-position":"center center","background-size":"auto","background-attachment":"scroll","background-type":"","background-media":"","overlay-type":"","overlay-color":"","overlay-opacity":"","overlay-gradient":""},"mobile":{"background-color":"","background-image":"","background-repeat":"repeat","background-position":"center center","background-size":"auto","background-attachment":"scroll","background-type":"","background-media":"","overlay-type":"","overlay-color":"","overlay-opacity":"","overlay-gradient":""}},"ast-content-background-meta":{"desktop":{"background-color":"var(--ast-global-color-5)","background-image":"","background-repeat":"repeat","background-position":"center center","background-size":"auto","background-attachment":"scroll","background-type":"","background-media":"","overlay-type":"","overlay-color":"","overlay-opacity":"","overlay-gradient":""},"tablet":{"background-color":"var(--ast-global-color-5)","background-image":"","background-repeat":"repeat","background-position":"center center","background-size":"auto","background-attachment":"scroll","background-type":"","background-media":"","overlay-type":"","overlay-color":"","overlay-opacity":"","overlay-gradient":""},"mobile":{"background-color":"var(--ast-global-color-5)","background-image":"","background-repeat":"repeat","background-position":"center center","background-size":"auto","background-attachment":"scroll","background-type":"","background-media":"","overlay-type":"","overlay-color":"","overlay-opacity":"","overlay-gradient":""}}},"product_brand":[],"product_cat":[532],"product_tag":[],"class_list":{"0":"post-6604","1":"product","2":"type-product","3":"status-publish","4":"has-post-thumbnail","6":"product_cat-ceintures-abdominales","7":"desktop-align-left","8":"tablet-align-left","9":"mobile-align-left","11":"first","12":"instock","13":"taxable","14":"shipping-taxable","15":"purchasable","16":"product-type-variable","17":"has-default-attributes","18":"add-to-wishlist-before_image"},"acf":[],"yoast_head":"<!-- This site is optimized with the Yoast SEO plugin v26.5 - https:\/\/yoast.com\/wordpress\/plugins\/seo\/ -->\n<title>Pavis Ceinture abdominale, grise, hauteur 18\u00a0cm, 24\u00a0cm et 30\u00a0cm<\/title>\n<meta name=\"description\" content=\"Pavis Ceinture abdominale, grise, hauteur 18\u00a0cm, 24\u00a0cm et 30\u00a0cm, avec double sangle frontale crois\u00e9e et r\u00e9glable, 80\u00a0% coton, 20\u00a0% \u00e9lasthanne\" \/>\n<meta name=\"robots\" content=\"index, follow, max-snippet:-1, max-image-preview:large, max-video-preview:-1\" \/>\n<link rel=\"canonical\" href=\"https:\/\/fornimedical.ch\/fr\/produit\/pavis-ceinture-abdominale-grise-hauteur-18-cm-24-cm-et-30-cm\/\" \/>\n<meta property=\"og:locale\" content=\"fr_FR\" \/>\n<meta property=\"og:type\" content=\"article\" \/>\n<meta property=\"og:title\" content=\"Pavis Ceinture abdominale, grise, hauteur 18\u00a0cm, 24\u00a0cm et 30\u00a0cm\" \/>\n<meta property=\"og:description\" content=\"Pavis Ceinture abdominale, grise, hauteur 18\u00a0cm, 24\u00a0cm et 30\u00a0cm, avec double sangle frontale crois\u00e9e et r\u00e9glable, 80\u00a0% coton, 20\u00a0% \u00e9lasthanne\" \/>\n<meta property=\"og:url\" content=\"https:\/\/fornimedical.ch\/fr\/produit\/pavis-ceinture-abdominale-grise-hauteur-18-cm-24-cm-et-30-cm\/\" \/>\n<meta property=\"og:site_name\" content=\"Forni Medical GmbH\" \/>\n<meta property=\"article:modified_time\" content=\"2024-08-28T06:56:43+00:00\" \/>\n<meta property=\"og:image\" content=\"https:\/\/fornimedical.ch\/wp-content\/uploads\/2024\/04\/forni-medical_pavis_bauchbandage_18-24-30-cm_grau.jpg\" \/>\n\t<meta property=\"og:image:width\" content=\"2481\" \/>\n\t<meta property=\"og:image:height\" content=\"1487\" \/>\n\t<meta property=\"og:image:type\" content=\"image\/jpeg\" \/>\n<meta name=\"twitter:card\" content=\"summary_large_image\" \/>\n<meta name=\"twitter:label1\" content=\"Dur\u00e9e de lecture estim\u00e9e\" \/>\n\t<meta name=\"twitter:data1\" content=\"1 minute\" \/>\n<script type=\"application\/ld+json\" class=\"yoast-schema-graph\">{\"@context\":\"https:\/\/schema.org\",\"@graph\":[{\"@type\":\"WebPage\",\"@id\":\"https:\/\/fornimedical.ch\/fr\/produit\/pavis-ceinture-abdominale-grise-hauteur-18-cm-24-cm-et-30-cm\/\",\"url\":\"https:\/\/fornimedical.ch\/fr\/produit\/pavis-ceinture-abdominale-grise-hauteur-18-cm-24-cm-et-30-cm\/\",\"name\":\"Pavis Ceinture abdominale, grise, hauteur 18\u00a0cm, 24\u00a0cm et 30\u00a0cm\",\"isPartOf\":{\"@id\":\"https:\/\/fornimedical.ch\/fr\/#website\"},\"primaryImageOfPage\":{\"@id\":\"https:\/\/fornimedical.ch\/fr\/produit\/pavis-ceinture-abdominale-grise-hauteur-18-cm-24-cm-et-30-cm\/#primaryimage\"},\"image\":{\"@id\":\"https:\/\/fornimedical.ch\/fr\/produit\/pavis-ceinture-abdominale-grise-hauteur-18-cm-24-cm-et-30-cm\/#primaryimage\"},\"thumbnailUrl\":\"https:\/\/fornimedical.ch\/wp-content\/uploads\/2024\/04\/forni-medical_pavis_bauchbandage_18-24-30-cm_grau.jpg\",\"datePublished\":\"2024-04-22T12:39:58+00:00\",\"dateModified\":\"2024-08-28T06:56:43+00:00\",\"description\":\"Pavis Ceinture abdominale, grise, hauteur 18\u00a0cm, 24\u00a0cm et 30\u00a0cm, avec double sangle frontale crois\u00e9e et r\u00e9glable, 80\u00a0% coton, 20\u00a0% \u00e9lasthanne\",\"breadcrumb\":{\"@id\":\"https:\/\/fornimedical.ch\/fr\/produit\/pavis-ceinture-abdominale-grise-hauteur-18-cm-24-cm-et-30-cm\/#breadcrumb\"},\"inLanguage\":\"fr-FR\",\"potentialAction\":[{\"@type\":\"ReadAction\",\"target\":[\"https:\/\/fornimedical.ch\/fr\/produit\/pavis-ceinture-abdominale-grise-hauteur-18-cm-24-cm-et-30-cm\/\"]}]},{\"@type\":\"ImageObject\",\"inLanguage\":\"fr-FR\",\"@id\":\"https:\/\/fornimedical.ch\/fr\/produit\/pavis-ceinture-abdominale-grise-hauteur-18-cm-24-cm-et-30-cm\/#primaryimage\",\"url\":\"https:\/\/fornimedical.ch\/wp-content\/uploads\/2024\/04\/forni-medical_pavis_bauchbandage_18-24-30-cm_grau.jpg\",\"contentUrl\":\"https:\/\/fornimedical.ch\/wp-content\/uploads\/2024\/04\/forni-medical_pavis_bauchbandage_18-24-30-cm_grau.jpg\",\"width\":2481,\"height\":1487,\"caption\":\"Pavis Bauchbandage, grau, 18 cm, 24 cm und 30 cm H\u00f6he\"},{\"@type\":\"BreadcrumbList\",\"@id\":\"https:\/\/fornimedical.ch\/fr\/produit\/pavis-ceinture-abdominale-grise-hauteur-18-cm-24-cm-et-30-cm\/#breadcrumb\",\"itemListElement\":[{\"@type\":\"ListItem\",\"position\":1,\"name\":\"Home\",\"item\":\"https:\/\/fornimedical.ch\/fr\/\"},{\"@type\":\"ListItem\",\"position\":2,\"name\":\"Archives boutique en ligne\",\"item\":\"https:\/\/fornimedical.ch\/fr\/archives-boutique-en-ligne\/\"},{\"@type\":\"ListItem\",\"position\":3,\"name\":\"Pavis Ceinture abdominale, grise, hauteur 18\u00a0cm, 24\u00a0cm et 30\u00a0cm\"}]},{\"@type\":\"WebSite\",\"@id\":\"https:\/\/fornimedical.ch\/fr\/#website\",\"url\":\"https:\/\/fornimedical.ch\/fr\/\",\"name\":\"Forni Medical GmbH\",\"description\":\"\",\"publisher\":{\"@id\":\"https:\/\/fornimedical.ch\/fr\/#organization\"},\"potentialAction\":[{\"@type\":\"SearchAction\",\"target\":{\"@type\":\"EntryPoint\",\"urlTemplate\":\"https:\/\/fornimedical.ch\/fr\/?s={search_term_string}\"},\"query-input\":{\"@type\":\"PropertyValueSpecification\",\"valueRequired\":true,\"valueName\":\"search_term_string\"}}],\"inLanguage\":\"fr-FR\"},{\"@type\":\"Organization\",\"@id\":\"https:\/\/fornimedical.ch\/fr\/#organization\",\"name\":\"Forni Medical GmbH\",\"url\":\"https:\/\/fornimedical.ch\/fr\/\",\"logo\":{\"@type\":\"ImageObject\",\"inLanguage\":\"fr-FR\",\"@id\":\"https:\/\/fornimedical.ch\/fr\/#\/schema\/logo\/image\/\",\"url\":\"https:\/\/fornimedical.ch\/wp-content\/uploads\/2023\/08\/logo.svg\",\"contentUrl\":\"https:\/\/fornimedical.ch\/wp-content\/uploads\/2023\/08\/logo.svg\",\"caption\":\"Forni Medical GmbH\"},\"image\":{\"@id\":\"https:\/\/fornimedical.ch\/fr\/#\/schema\/logo\/image\/\"}}]}<\/script>\n<!-- \/ Yoast SEO plugin. -->","yoast_head_json":{"title":"Pavis Ceinture abdominale, grise, hauteur 18\u00a0cm, 24\u00a0cm et 30\u00a0cm","description":"Pavis Ceinture abdominale, grise, hauteur 18\u00a0cm, 24\u00a0cm et 30\u00a0cm, avec double sangle frontale crois\u00e9e et r\u00e9glable, 80\u00a0% coton, 20\u00a0% \u00e9lasthanne","robots":{"index":"index","follow":"follow","max-snippet":"max-snippet:-1","max-image-preview":"max-image-preview:large","max-video-preview":"max-video-preview:-1"},"canonical":"https:\/\/fornimedical.ch\/fr\/produit\/pavis-ceinture-abdominale-grise-hauteur-18-cm-24-cm-et-30-cm\/","og_locale":"fr_FR","og_type":"article","og_title":"Pavis Ceinture abdominale, grise, hauteur 18\u00a0cm, 24\u00a0cm et 30\u00a0cm","og_description":"Pavis Ceinture abdominale, grise, hauteur 18\u00a0cm, 24\u00a0cm et 30\u00a0cm, avec double sangle frontale crois\u00e9e et r\u00e9glable, 80\u00a0% coton, 20\u00a0% \u00e9lasthanne","og_url":"https:\/\/fornimedical.ch\/fr\/produit\/pavis-ceinture-abdominale-grise-hauteur-18-cm-24-cm-et-30-cm\/","og_site_name":"Forni Medical GmbH","article_modified_time":"2024-08-28T06:56:43+00:00","og_image":[{"width":2481,"height":1487,"url":"https:\/\/fornimedical.ch\/wp-content\/uploads\/2024\/04\/forni-medical_pavis_bauchbandage_18-24-30-cm_grau.jpg","type":"image\/jpeg"}],"twitter_card":"summary_large_image","twitter_misc":{"Dur\u00e9e de lecture estim\u00e9e":"1 minute"},"schema":{"@context":"https:\/\/schema.org","@graph":[{"@type":"WebPage","@id":"https:\/\/fornimedical.ch\/fr\/produit\/pavis-ceinture-abdominale-grise-hauteur-18-cm-24-cm-et-30-cm\/","url":"https:\/\/fornimedical.ch\/fr\/produit\/pavis-ceinture-abdominale-grise-hauteur-18-cm-24-cm-et-30-cm\/","name":"Pavis Ceinture abdominale, grise, hauteur 18\u00a0cm, 24\u00a0cm et 30\u00a0cm","isPartOf":{"@id":"https:\/\/fornimedical.ch\/fr\/#website"},"primaryImageOfPage":{"@id":"https:\/\/fornimedical.ch\/fr\/produit\/pavis-ceinture-abdominale-grise-hauteur-18-cm-24-cm-et-30-cm\/#primaryimage"},"image":{"@id":"https:\/\/fornimedical.ch\/fr\/produit\/pavis-ceinture-abdominale-grise-hauteur-18-cm-24-cm-et-30-cm\/#primaryimage"},"thumbnailUrl":"https:\/\/fornimedical.ch\/wp-content\/uploads\/2024\/04\/forni-medical_pavis_bauchbandage_18-24-30-cm_grau.jpg","datePublished":"2024-04-22T12:39:58+00:00","dateModified":"2024-08-28T06:56:43+00:00","description":"Pavis Ceinture abdominale, grise, hauteur 18\u00a0cm, 24\u00a0cm et 30\u00a0cm, avec double sangle frontale crois\u00e9e et r\u00e9glable, 80\u00a0% coton, 20\u00a0% \u00e9lasthanne","breadcrumb":{"@id":"https:\/\/fornimedical.ch\/fr\/produit\/pavis-ceinture-abdominale-grise-hauteur-18-cm-24-cm-et-30-cm\/#breadcrumb"},"inLanguage":"fr-FR","potentialAction":[{"@type":"ReadAction","target":["https:\/\/fornimedical.ch\/fr\/produit\/pavis-ceinture-abdominale-grise-hauteur-18-cm-24-cm-et-30-cm\/"]}]},{"@type":"ImageObject","inLanguage":"fr-FR","@id":"https:\/\/fornimedical.ch\/fr\/produit\/pavis-ceinture-abdominale-grise-hauteur-18-cm-24-cm-et-30-cm\/#primaryimage","url":"https:\/\/fornimedical.ch\/wp-content\/uploads\/2024\/04\/forni-medical_pavis_bauchbandage_18-24-30-cm_grau.jpg","contentUrl":"https:\/\/fornimedical.ch\/wp-content\/uploads\/2024\/04\/forni-medical_pavis_bauchbandage_18-24-30-cm_grau.jpg","width":2481,"height":1487,"caption":"Pavis Bauchbandage, grau, 18 cm, 24 cm und 30 cm H\u00f6he"},{"@type":"BreadcrumbList","@id":"https:\/\/fornimedical.ch\/fr\/produit\/pavis-ceinture-abdominale-grise-hauteur-18-cm-24-cm-et-30-cm\/#breadcrumb","itemListElement":[{"@type":"ListItem","position":1,"name":"Home","item":"https:\/\/fornimedical.ch\/fr\/"},{"@type":"ListItem","position":2,"name":"Archives boutique en ligne","item":"https:\/\/fornimedical.ch\/fr\/archives-boutique-en-ligne\/"},{"@type":"ListItem","position":3,"name":"Pavis Ceinture abdominale, grise, hauteur 18\u00a0cm, 24\u00a0cm et 30\u00a0cm"}]},{"@type":"WebSite","@id":"https:\/\/fornimedical.ch\/fr\/#website","url":"https:\/\/fornimedical.ch\/fr\/","name":"Forni Medical GmbH","description":"","publisher":{"@id":"https:\/\/fornimedical.ch\/fr\/#organization"},"potentialAction":[{"@type":"SearchAction","target":{"@type":"EntryPoint","urlTemplate":"https:\/\/fornimedical.ch\/fr\/?s={search_term_string}"},"query-input":{"@type":"PropertyValueSpecification","valueRequired":true,"valueName":"search_term_string"}}],"inLanguage":"fr-FR"},{"@type":"Organization","@id":"https:\/\/fornimedical.ch\/fr\/#organization","name":"Forni Medical GmbH","url":"https:\/\/fornimedical.ch\/fr\/","logo":{"@type":"ImageObject","inLanguage":"fr-FR","@id":"https:\/\/fornimedical.ch\/fr\/#\/schema\/logo\/image\/","url":"https:\/\/fornimedical.ch\/wp-content\/uploads\/2023\/08\/logo.svg","contentUrl":"https:\/\/fornimedical.ch\/wp-content\/uploads\/2023\/08\/logo.svg","caption":"Forni Medical GmbH"},"image":{"@id":"https:\/\/fornimedical.ch\/fr\/#\/schema\/logo\/image\/"}}]}},"_links":{"self":[{"href":"https:\/\/fornimedical.ch\/fr\/wp-json\/wp\/v2\/product\/6604","targetHints":{"allow":["GET"]}}],"collection":[{"href":"https:\/\/fornimedical.ch\/fr\/wp-json\/wp\/v2\/product"}],"about":[{"href":"https:\/\/fornimedical.ch\/fr\/wp-json\/wp\/v2\/types\/product"}],"replies":[{"embeddable":true,"href":"https:\/\/fornimedical.ch\/fr\/wp-json\/wp\/v2\/comments?post=6604"}],"wp:featuredmedia":[{"embeddable":true,"href":"https:\/\/fornimedical.ch\/fr\/wp-json\/wp\/v2\/media\/4164"}],"wp:attachment":[{"href":"https:\/\/fornimedical.ch\/fr\/wp-json\/wp\/v2\/media?parent=6604"}],"wp:term":[{"taxonomy":"product_brand","embeddable":true,"href":"https:\/\/fornimedical.ch\/fr\/wp-json\/wp\/v2\/product_brand?post=6604"},{"taxonomy":"product_cat","embeddable":true,"href":"https:\/\/fornimedical.ch\/fr\/wp-json\/wp\/v2\/product_cat?post=6604"},{"taxonomy":"product_tag","embeddable":true,"href":"https:\/\/fornimedical.ch\/fr\/wp-json\/wp\/v2\/product_tag?post=6604"}],"curies":[{"name":"wp","href":"https:\/\/api.w.org\/{rel}","templated":true}]}}