{"id":5625,"date":"2024-04-25T13:40:43","date_gmt":"2024-04-25T13:40:43","guid":{"rendered":"https:\/\/fornimedical.ch\/product\/touchmed-silicone-rouleau-scotch-en-silicone\/"},"modified":"2025-01-14T15:58:11","modified_gmt":"2025-01-14T14:58:11","slug":"touchmed-silicone-rouleau-scotch-en-silicone","status":"publish","type":"product","link":"https:\/\/fornimedical.ch\/fr\/produit\/touchmed-silicone-rouleau-scotch-en-silicone\/","title":{"rendered":"Touchmed Silicone Rouleau scotch en silicone"},"content":{"rendered":"<p>Touchmed\u00ae Silicone Tape est un pansement en silicone dot\u00e9 de la technologie Softouch, qui adh\u00e8re soigneusement \u00e0 la peau et s\u2019enl\u00e8ve ensuite en douceur et sans douleur. Il est indiqu\u00e9 pour toutes les situations dans lesquelles les pansements normaux seraient trop agressifs. La surface de contact en silicone permet de r\u00e9ajuster le pansement de mani\u00e8re atraumatique. Il convient ainsi \u00e0 tous les types de peaux sensibles, p.\u00a0ex., chez les personnes \u00e2g\u00e9es et les enfants. Convient pour les pansements, la fixation de sondes et de tubes. Pour peaux sensibles, s\u2019enl\u00e8ve sans douleur.<\/p>\n","protected":false},"excerpt":{"rendered":"<p>Sparadrap adh\u00e9sif en silicone avec technologie Softtouch. Hypoallerg\u00e9nique, \u00e9tanche, sans latex, r\u00e9ajustable, perm\u00e9able \u00e0 la vapeur d\u2019eau, radio-transparent.<\/p>\n","protected":false},"featured_media":4332,"comment_status":"closed","ping_status":"closed","template":"","meta":{"_acf_changed":false,"site-sidebar-layout":"default","site-content-layout":"","ast-site-content-layout":"default","site-content-style":"default","site-sidebar-style":"default","ast-global-header-display":"","ast-banner-title-visibility":"","ast-main-header-display":"","ast-hfb-above-header-display":"","ast-hfb-below-header-display":"","ast-hfb-mobile-header-display":"","site-post-title":"","ast-breadcrumbs-content":"","ast-featured-img":"","footer-sml-layout":"","theme-transparent-header-meta":"default","adv-header-id-meta":"","stick-header-meta":"","header-above-stick-meta":"","header-main-stick-meta":"","header-below-stick-meta":"","astra-migrate-meta-layouts":"set","ast-page-background-enabled":"default","ast-page-background-meta":{"desktop":{"background-color":"var(--ast-global-color-4)","background-image":"","background-repeat":"repeat","background-position":"center center","background-size":"auto","background-attachment":"scroll","background-type":"","background-media":"","overlay-type":"","overlay-color":"","overlay-opacity":"","overlay-gradient":""},"tablet":{"background-color":"","background-image":"","background-repeat":"repeat","background-position":"center center","background-size":"auto","background-attachment":"scroll","background-type":"","background-media":"","overlay-type":"","overlay-color":"","overlay-opacity":"","overlay-gradient":""},"mobile":{"background-color":"","background-image":"","background-repeat":"repeat","background-position":"center center","background-size":"auto","background-attachment":"scroll","background-type":"","background-media":"","overlay-type":"","overlay-color":"","overlay-opacity":"","overlay-gradient":""}},"ast-content-background-meta":{"desktop":{"background-color":"var(--ast-global-color-5)","background-image":"","background-repeat":"repeat","background-position":"center center","background-size":"auto","background-attachment":"scroll","background-type":"","background-media":"","overlay-type":"","overlay-color":"","overlay-opacity":"","overlay-gradient":""},"tablet":{"background-color":"var(--ast-global-color-5)","background-image":"","background-repeat":"repeat","background-position":"center center","background-size":"auto","background-attachment":"scroll","background-type":"","background-media":"","overlay-type":"","overlay-color":"","overlay-opacity":"","overlay-gradient":""},"mobile":{"background-color":"var(--ast-global-color-5)","background-image":"","background-repeat":"repeat","background-position":"center center","background-size":"auto","background-attachment":"scroll","background-type":"","background-media":"","overlay-type":"","overlay-color":"","overlay-opacity":"","overlay-gradient":""}}},"product_brand":[],"product_cat":[626,657],"product_tag":[],"class_list":{"0":"post-5625","1":"product","2":"type-product","3":"status-publish","4":"has-post-thumbnail","6":"product_cat-pansements-en-silicone","7":"product_cat-pansements-therapeutiques-fr","8":"desktop-align-left","9":"tablet-align-left","10":"mobile-align-left","12":"first","13":"instock","14":"taxable","15":"shipping-taxable","16":"purchasable","17":"product-type-variable","18":"has-default-attributes","19":"add-to-wishlist-before_image"},"acf":[],"yoast_head":"<!-- This site is optimized with the Yoast SEO plugin v26.5 - https:\/\/yoast.com\/wordpress\/plugins\/seo\/ -->\n<title>Touchmed Silicone Rouleau scotch en silicone<\/title>\n<meta name=\"description\" content=\"Touchmed Silicone Rouleau scotch en silicone, hypoallerg\u00e9nique, \u00e9tanche, sans latex, r\u00e9ajustable, perm\u00e9able \u00e0 la vapeur d\u2019eau, radio-transparent.\" \/>\n<meta name=\"robots\" content=\"index, follow, max-snippet:-1, max-image-preview:large, max-video-preview:-1\" \/>\n<link rel=\"canonical\" href=\"https:\/\/fornimedical.ch\/fr\/produit\/touchmed-silicone-rouleau-scotch-en-silicone\/\" \/>\n<meta property=\"og:locale\" content=\"fr_FR\" \/>\n<meta property=\"og:type\" content=\"article\" \/>\n<meta property=\"og:title\" content=\"Touchmed Silicone Rouleau scotch en silicone\" \/>\n<meta property=\"og:description\" content=\"Touchmed Silicone Rouleau scotch en silicone, hypoallerg\u00e9nique, \u00e9tanche, sans latex, r\u00e9ajustable, perm\u00e9able \u00e0 la vapeur d\u2019eau, radio-transparent.\" \/>\n<meta property=\"og:url\" content=\"https:\/\/fornimedical.ch\/fr\/produit\/touchmed-silicone-rouleau-scotch-en-silicone\/\" \/>\n<meta property=\"og:site_name\" content=\"Forni Medical GmbH\" \/>\n<meta property=\"article:modified_time\" content=\"2025-01-14T14:58:11+00:00\" \/>\n<meta property=\"og:image\" content=\"https:\/\/fornimedical.ch\/wp-content\/uploads\/2024\/04\/forni-medical_dealfa_touchmed-silicone-pflasterrolle-aus-silikon.jpg\" \/>\n\t<meta property=\"og:image:width\" content=\"2481\" \/>\n\t<meta property=\"og:image:height\" content=\"1487\" \/>\n\t<meta property=\"og:image:type\" content=\"image\/jpeg\" \/>\n<meta name=\"twitter:card\" content=\"summary_large_image\" \/>\n<meta name=\"twitter:label1\" content=\"Dur\u00e9e de lecture estim\u00e9e\" \/>\n\t<meta name=\"twitter:data1\" content=\"1 minute\" \/>\n<script type=\"application\/ld+json\" class=\"yoast-schema-graph\">{\"@context\":\"https:\/\/schema.org\",\"@graph\":[{\"@type\":\"WebPage\",\"@id\":\"https:\/\/fornimedical.ch\/fr\/produit\/touchmed-silicone-rouleau-scotch-en-silicone\/\",\"url\":\"https:\/\/fornimedical.ch\/fr\/produit\/touchmed-silicone-rouleau-scotch-en-silicone\/\",\"name\":\"Touchmed Silicone Rouleau scotch en silicone\",\"isPartOf\":{\"@id\":\"https:\/\/fornimedical.ch\/fr\/#website\"},\"primaryImageOfPage\":{\"@id\":\"https:\/\/fornimedical.ch\/fr\/produit\/touchmed-silicone-rouleau-scotch-en-silicone\/#primaryimage\"},\"image\":{\"@id\":\"https:\/\/fornimedical.ch\/fr\/produit\/touchmed-silicone-rouleau-scotch-en-silicone\/#primaryimage\"},\"thumbnailUrl\":\"https:\/\/fornimedical.ch\/wp-content\/uploads\/2024\/04\/forni-medical_dealfa_touchmed-silicone-pflasterrolle-aus-silikon.jpg\",\"datePublished\":\"2024-04-25T13:40:43+00:00\",\"dateModified\":\"2025-01-14T14:58:11+00:00\",\"description\":\"Touchmed Silicone Rouleau scotch en silicone, hypoallerg\u00e9nique, \u00e9tanche, sans latex, r\u00e9ajustable, perm\u00e9able \u00e0 la vapeur d\u2019eau, radio-transparent.\",\"breadcrumb\":{\"@id\":\"https:\/\/fornimedical.ch\/fr\/produit\/touchmed-silicone-rouleau-scotch-en-silicone\/#breadcrumb\"},\"inLanguage\":\"fr-FR\",\"potentialAction\":[{\"@type\":\"ReadAction\",\"target\":[\"https:\/\/fornimedical.ch\/fr\/produit\/touchmed-silicone-rouleau-scotch-en-silicone\/\"]}]},{\"@type\":\"ImageObject\",\"inLanguage\":\"fr-FR\",\"@id\":\"https:\/\/fornimedical.ch\/fr\/produit\/touchmed-silicone-rouleau-scotch-en-silicone\/#primaryimage\",\"url\":\"https:\/\/fornimedical.ch\/wp-content\/uploads\/2024\/04\/forni-medical_dealfa_touchmed-silicone-pflasterrolle-aus-silikon.jpg\",\"contentUrl\":\"https:\/\/fornimedical.ch\/wp-content\/uploads\/2024\/04\/forni-medical_dealfa_touchmed-silicone-pflasterrolle-aus-silikon.jpg\",\"width\":2481,\"height\":1487,\"caption\":\"Forni Medical Dealfa Touchmed Silicone Silikon-P\ufb02asterrolle\"},{\"@type\":\"BreadcrumbList\",\"@id\":\"https:\/\/fornimedical.ch\/fr\/produit\/touchmed-silicone-rouleau-scotch-en-silicone\/#breadcrumb\",\"itemListElement\":[{\"@type\":\"ListItem\",\"position\":1,\"name\":\"Home\",\"item\":\"https:\/\/fornimedical.ch\/fr\/\"},{\"@type\":\"ListItem\",\"position\":2,\"name\":\"Archives boutique en ligne\",\"item\":\"https:\/\/fornimedical.ch\/fr\/archives-boutique-en-ligne\/\"},{\"@type\":\"ListItem\",\"position\":3,\"name\":\"Touchmed Silicone Rouleau scotch en silicone\"}]},{\"@type\":\"WebSite\",\"@id\":\"https:\/\/fornimedical.ch\/fr\/#website\",\"url\":\"https:\/\/fornimedical.ch\/fr\/\",\"name\":\"Forni Medical GmbH\",\"description\":\"\",\"publisher\":{\"@id\":\"https:\/\/fornimedical.ch\/fr\/#organization\"},\"potentialAction\":[{\"@type\":\"SearchAction\",\"target\":{\"@type\":\"EntryPoint\",\"urlTemplate\":\"https:\/\/fornimedical.ch\/fr\/?s={search_term_string}\"},\"query-input\":{\"@type\":\"PropertyValueSpecification\",\"valueRequired\":true,\"valueName\":\"search_term_string\"}}],\"inLanguage\":\"fr-FR\"},{\"@type\":\"Organization\",\"@id\":\"https:\/\/fornimedical.ch\/fr\/#organization\",\"name\":\"Forni Medical GmbH\",\"url\":\"https:\/\/fornimedical.ch\/fr\/\",\"logo\":{\"@type\":\"ImageObject\",\"inLanguage\":\"fr-FR\",\"@id\":\"https:\/\/fornimedical.ch\/fr\/#\/schema\/logo\/image\/\",\"url\":\"https:\/\/fornimedical.ch\/wp-content\/uploads\/2023\/08\/logo.svg\",\"contentUrl\":\"https:\/\/fornimedical.ch\/wp-content\/uploads\/2023\/08\/logo.svg\",\"caption\":\"Forni Medical GmbH\"},\"image\":{\"@id\":\"https:\/\/fornimedical.ch\/fr\/#\/schema\/logo\/image\/\"}}]}<\/script>\n<!-- \/ Yoast SEO plugin. -->","yoast_head_json":{"title":"Touchmed Silicone Rouleau scotch en silicone","description":"Touchmed Silicone Rouleau scotch en silicone, hypoallerg\u00e9nique, \u00e9tanche, sans latex, r\u00e9ajustable, perm\u00e9able \u00e0 la vapeur d\u2019eau, radio-transparent.","robots":{"index":"index","follow":"follow","max-snippet":"max-snippet:-1","max-image-preview":"max-image-preview:large","max-video-preview":"max-video-preview:-1"},"canonical":"https:\/\/fornimedical.ch\/fr\/produit\/touchmed-silicone-rouleau-scotch-en-silicone\/","og_locale":"fr_FR","og_type":"article","og_title":"Touchmed Silicone Rouleau scotch en silicone","og_description":"Touchmed Silicone Rouleau scotch en silicone, hypoallerg\u00e9nique, \u00e9tanche, sans latex, r\u00e9ajustable, perm\u00e9able \u00e0 la vapeur d\u2019eau, radio-transparent.","og_url":"https:\/\/fornimedical.ch\/fr\/produit\/touchmed-silicone-rouleau-scotch-en-silicone\/","og_site_name":"Forni Medical GmbH","article_modified_time":"2025-01-14T14:58:11+00:00","og_image":[{"width":2481,"height":1487,"url":"https:\/\/fornimedical.ch\/wp-content\/uploads\/2024\/04\/forni-medical_dealfa_touchmed-silicone-pflasterrolle-aus-silikon.jpg","type":"image\/jpeg"}],"twitter_card":"summary_large_image","twitter_misc":{"Dur\u00e9e de lecture estim\u00e9e":"1 minute"},"schema":{"@context":"https:\/\/schema.org","@graph":[{"@type":"WebPage","@id":"https:\/\/fornimedical.ch\/fr\/produit\/touchmed-silicone-rouleau-scotch-en-silicone\/","url":"https:\/\/fornimedical.ch\/fr\/produit\/touchmed-silicone-rouleau-scotch-en-silicone\/","name":"Touchmed Silicone Rouleau scotch en silicone","isPartOf":{"@id":"https:\/\/fornimedical.ch\/fr\/#website"},"primaryImageOfPage":{"@id":"https:\/\/fornimedical.ch\/fr\/produit\/touchmed-silicone-rouleau-scotch-en-silicone\/#primaryimage"},"image":{"@id":"https:\/\/fornimedical.ch\/fr\/produit\/touchmed-silicone-rouleau-scotch-en-silicone\/#primaryimage"},"thumbnailUrl":"https:\/\/fornimedical.ch\/wp-content\/uploads\/2024\/04\/forni-medical_dealfa_touchmed-silicone-pflasterrolle-aus-silikon.jpg","datePublished":"2024-04-25T13:40:43+00:00","dateModified":"2025-01-14T14:58:11+00:00","description":"Touchmed Silicone Rouleau scotch en silicone, hypoallerg\u00e9nique, \u00e9tanche, sans latex, r\u00e9ajustable, perm\u00e9able \u00e0 la vapeur d\u2019eau, radio-transparent.","breadcrumb":{"@id":"https:\/\/fornimedical.ch\/fr\/produit\/touchmed-silicone-rouleau-scotch-en-silicone\/#breadcrumb"},"inLanguage":"fr-FR","potentialAction":[{"@type":"ReadAction","target":["https:\/\/fornimedical.ch\/fr\/produit\/touchmed-silicone-rouleau-scotch-en-silicone\/"]}]},{"@type":"ImageObject","inLanguage":"fr-FR","@id":"https:\/\/fornimedical.ch\/fr\/produit\/touchmed-silicone-rouleau-scotch-en-silicone\/#primaryimage","url":"https:\/\/fornimedical.ch\/wp-content\/uploads\/2024\/04\/forni-medical_dealfa_touchmed-silicone-pflasterrolle-aus-silikon.jpg","contentUrl":"https:\/\/fornimedical.ch\/wp-content\/uploads\/2024\/04\/forni-medical_dealfa_touchmed-silicone-pflasterrolle-aus-silikon.jpg","width":2481,"height":1487,"caption":"Forni Medical Dealfa Touchmed Silicone Silikon-P\ufb02asterrolle"},{"@type":"BreadcrumbList","@id":"https:\/\/fornimedical.ch\/fr\/produit\/touchmed-silicone-rouleau-scotch-en-silicone\/#breadcrumb","itemListElement":[{"@type":"ListItem","position":1,"name":"Home","item":"https:\/\/fornimedical.ch\/fr\/"},{"@type":"ListItem","position":2,"name":"Archives boutique en ligne","item":"https:\/\/fornimedical.ch\/fr\/archives-boutique-en-ligne\/"},{"@type":"ListItem","position":3,"name":"Touchmed Silicone Rouleau scotch en silicone"}]},{"@type":"WebSite","@id":"https:\/\/fornimedical.ch\/fr\/#website","url":"https:\/\/fornimedical.ch\/fr\/","name":"Forni Medical GmbH","description":"","publisher":{"@id":"https:\/\/fornimedical.ch\/fr\/#organization"},"potentialAction":[{"@type":"SearchAction","target":{"@type":"EntryPoint","urlTemplate":"https:\/\/fornimedical.ch\/fr\/?s={search_term_string}"},"query-input":{"@type":"PropertyValueSpecification","valueRequired":true,"valueName":"search_term_string"}}],"inLanguage":"fr-FR"},{"@type":"Organization","@id":"https:\/\/fornimedical.ch\/fr\/#organization","name":"Forni Medical GmbH","url":"https:\/\/fornimedical.ch\/fr\/","logo":{"@type":"ImageObject","inLanguage":"fr-FR","@id":"https:\/\/fornimedical.ch\/fr\/#\/schema\/logo\/image\/","url":"https:\/\/fornimedical.ch\/wp-content\/uploads\/2023\/08\/logo.svg","contentUrl":"https:\/\/fornimedical.ch\/wp-content\/uploads\/2023\/08\/logo.svg","caption":"Forni Medical GmbH"},"image":{"@id":"https:\/\/fornimedical.ch\/fr\/#\/schema\/logo\/image\/"}}]}},"_links":{"self":[{"href":"https:\/\/fornimedical.ch\/fr\/wp-json\/wp\/v2\/product\/5625","targetHints":{"allow":["GET"]}}],"collection":[{"href":"https:\/\/fornimedical.ch\/fr\/wp-json\/wp\/v2\/product"}],"about":[{"href":"https:\/\/fornimedical.ch\/fr\/wp-json\/wp\/v2\/types\/product"}],"replies":[{"embeddable":true,"href":"https:\/\/fornimedical.ch\/fr\/wp-json\/wp\/v2\/comments?post=5625"}],"wp:featuredmedia":[{"embeddable":true,"href":"https:\/\/fornimedical.ch\/fr\/wp-json\/wp\/v2\/media\/4332"}],"wp:attachment":[{"href":"https:\/\/fornimedical.ch\/fr\/wp-json\/wp\/v2\/media?parent=5625"}],"wp:term":[{"taxonomy":"product_brand","embeddable":true,"href":"https:\/\/fornimedical.ch\/fr\/wp-json\/wp\/v2\/product_brand?post=5625"},{"taxonomy":"product_cat","embeddable":true,"href":"https:\/\/fornimedical.ch\/fr\/wp-json\/wp\/v2\/product_cat?post=5625"},{"taxonomy":"product_tag","embeddable":true,"href":"https:\/\/fornimedical.ch\/fr\/wp-json\/wp\/v2\/product_tag?post=5625"}],"curies":[{"name":"wp","href":"https:\/\/api.w.org\/{rel}","templated":true}]}}