{"id":5624,"date":"2024-04-25T14:38:39","date_gmt":"2024-04-25T14:38:39","guid":{"rendered":"https:\/\/fornimedical.ch\/product\/touchmed-foam-silicone-pansement-a-bordure-fine-sterile\/"},"modified":"2024-08-29T13:10:39","modified_gmt":"2024-08-29T13:10:39","slug":"touchmed-foam-silicone-pansement-a-bordure-fine-sterile","status":"publish","type":"product","link":"https:\/\/fornimedical.ch\/fr\/produit\/touchmed-foam-silicone-pansement-a-bordure-fine-sterile\/","title":{"rendered":"Touchmed Foam Silicone Pansement \u00e0 bordure fine, st\u00e9rile"},"content":{"rendered":"<p>Touchmed\u00ae Foam Silicone est un pansement hydroactif compos\u00e9 de mousse de polyur\u00e9thane absorbante \u00e0 cellules m\u00e9lang\u00e9es et \u00e0 technologie silicone Softouch. Le pansement est adapt\u00e9 \u00e0 toutes les plaies o\u00f9 l\u2019exsudat doit \u00eatre \u00e9vacu\u00e9 sans compromettre la gu\u00e9rison en environnement humide. La surface de contact Softouch offre une protection au nouveau tissu et \u00e0 la peau p\u00e9ril\u00e9sionnelle tout en favorisant la cicatrisation naturelle. Le film externe en polyur\u00e9thane semi-perm\u00e9able offre une protection contre les influences ext\u00e9rieures telles que les liquides et les bact\u00e9ries.<\/p>\n","protected":false},"excerpt":{"rendered":"<p>Pansement hydroactif en mousse de polyur\u00e9thane indiqu\u00e9 pour le traitement de diverses l\u00e9sions chroniques et aigu\u00ebs. Doux et souple. Retrait atraumatique. Gu\u00e9rison en environnement humide. Peut \u00eatre d\u00e9coup\u00e9. L\u2019exsudat ne retourne pas dans la plaie. Grande capacit\u00e9 d\u2019absorption.<\/p>\n","protected":false},"featured_media":4763,"comment_status":"closed","ping_status":"closed","template":"","meta":{"_acf_changed":false,"site-sidebar-layout":"default","site-content-layout":"","ast-site-content-layout":"default","site-content-style":"default","site-sidebar-style":"default","ast-global-header-display":"","ast-banner-title-visibility":"","ast-main-header-display":"","ast-hfb-above-header-display":"","ast-hfb-below-header-display":"","ast-hfb-mobile-header-display":"","site-post-title":"","ast-breadcrumbs-content":"","ast-featured-img":"","footer-sml-layout":"","theme-transparent-header-meta":"default","adv-header-id-meta":"","stick-header-meta":"","header-above-stick-meta":"","header-main-stick-meta":"","header-below-stick-meta":"","astra-migrate-meta-layouts":"set","ast-page-background-enabled":"default","ast-page-background-meta":{"desktop":{"background-color":"var(--ast-global-color-4)","background-image":"","background-repeat":"repeat","background-position":"center center","background-size":"auto","background-attachment":"scroll","background-type":"","background-media":"","overlay-type":"","overlay-color":"","overlay-opacity":"","overlay-gradient":""},"tablet":{"background-color":"","background-image":"","background-repeat":"repeat","background-position":"center center","background-size":"auto","background-attachment":"scroll","background-type":"","background-media":"","overlay-type":"","overlay-color":"","overlay-opacity":"","overlay-gradient":""},"mobile":{"background-color":"","background-image":"","background-repeat":"repeat","background-position":"center center","background-size":"auto","background-attachment":"scroll","background-type":"","background-media":"","overlay-type":"","overlay-color":"","overlay-opacity":"","overlay-gradient":""}},"ast-content-background-meta":{"desktop":{"background-color":"var(--ast-global-color-5)","background-image":"","background-repeat":"repeat","background-position":"center center","background-size":"auto","background-attachment":"scroll","background-type":"","background-media":"","overlay-type":"","overlay-color":"","overlay-opacity":"","overlay-gradient":""},"tablet":{"background-color":"var(--ast-global-color-5)","background-image":"","background-repeat":"repeat","background-position":"center center","background-size":"auto","background-attachment":"scroll","background-type":"","background-media":"","overlay-type":"","overlay-color":"","overlay-opacity":"","overlay-gradient":""},"mobile":{"background-color":"var(--ast-global-color-5)","background-image":"","background-repeat":"repeat","background-position":"center center","background-size":"auto","background-attachment":"scroll","background-type":"","background-media":"","overlay-type":"","overlay-color":"","overlay-opacity":"","overlay-gradient":""}}},"product_brand":[],"product_cat":[625],"product_tag":[],"class_list":{"0":"post-5624","1":"product","2":"type-product","3":"status-publish","4":"has-post-thumbnail","6":"product_cat-pansements-en-mousse-de-polyurethane-avec-silicone","7":"desktop-align-left","8":"tablet-align-left","9":"mobile-align-left","11":"first","12":"instock","13":"taxable","14":"shipping-taxable","15":"purchasable","16":"product-type-variable","17":"has-default-attributes","18":"add-to-wishlist-before_image"},"acf":[],"yoast_head":"<!-- This site is optimized with the Yoast SEO plugin v26.5 - https:\/\/yoast.com\/wordpress\/plugins\/seo\/ -->\n<title>Touchmed Foam Silicone Pansement \u00e0 bordure fine, st\u00e9rile<\/title>\n<meta name=\"description\" content=\"Touchmed Foam Pansement en silicone \u00e0 bordure fine, st\u00e9rile. Doux et souple. Retrait atraumatique. Gu\u00e9rison en environnement humide. Peut \u00eatre d\u00e9coup\u00e9.\" \/>\n<meta name=\"robots\" content=\"index, follow, max-snippet:-1, max-image-preview:large, max-video-preview:-1\" \/>\n<link rel=\"canonical\" href=\"https:\/\/fornimedical.ch\/fr\/produit\/touchmed-foam-silicone-pansement-a-bordure-fine-sterile\/\" \/>\n<meta property=\"og:locale\" content=\"fr_FR\" \/>\n<meta property=\"og:type\" content=\"article\" \/>\n<meta property=\"og:title\" content=\"Touchmed Foam Silicone Pansement \u00e0 bordure fine, st\u00e9rile\" \/>\n<meta property=\"og:description\" content=\"Touchmed Foam Pansement en silicone \u00e0 bordure fine, st\u00e9rile. Doux et souple. Retrait atraumatique. Gu\u00e9rison en environnement humide. Peut \u00eatre d\u00e9coup\u00e9.\" \/>\n<meta property=\"og:url\" content=\"https:\/\/fornimedical.ch\/fr\/produit\/touchmed-foam-silicone-pansement-a-bordure-fine-sterile\/\" \/>\n<meta property=\"og:site_name\" content=\"Forni Medical GmbH\" \/>\n<meta property=\"article:modified_time\" content=\"2024-08-29T13:10:39+00:00\" \/>\n<meta property=\"og:image\" content=\"https:\/\/fornimedical.ch\/wp-content\/uploads\/2024\/04\/forni-medical_dealfa_touchmed_polyurethanschaum-wundau\ufb02age_mit-silikon_mit-rand.jpg\" \/>\n\t<meta property=\"og:image:width\" content=\"2481\" \/>\n\t<meta property=\"og:image:height\" content=\"1487\" \/>\n\t<meta property=\"og:image:type\" content=\"image\/jpeg\" \/>\n<meta name=\"twitter:card\" content=\"summary_large_image\" \/>\n<meta name=\"twitter:label1\" content=\"Dur\u00e9e de lecture estim\u00e9e\" \/>\n\t<meta name=\"twitter:data1\" content=\"1 minute\" \/>\n<script type=\"application\/ld+json\" class=\"yoast-schema-graph\">{\"@context\":\"https:\/\/schema.org\",\"@graph\":[{\"@type\":\"WebPage\",\"@id\":\"https:\/\/fornimedical.ch\/fr\/produit\/touchmed-foam-silicone-pansement-a-bordure-fine-sterile\/\",\"url\":\"https:\/\/fornimedical.ch\/fr\/produit\/touchmed-foam-silicone-pansement-a-bordure-fine-sterile\/\",\"name\":\"Touchmed Foam Silicone Pansement \u00e0 bordure fine, st\u00e9rile\",\"isPartOf\":{\"@id\":\"https:\/\/fornimedical.ch\/fr\/#website\"},\"primaryImageOfPage\":{\"@id\":\"https:\/\/fornimedical.ch\/fr\/produit\/touchmed-foam-silicone-pansement-a-bordure-fine-sterile\/#primaryimage\"},\"image\":{\"@id\":\"https:\/\/fornimedical.ch\/fr\/produit\/touchmed-foam-silicone-pansement-a-bordure-fine-sterile\/#primaryimage\"},\"thumbnailUrl\":\"https:\/\/fornimedical.ch\/wp-content\/uploads\/2024\/04\/forni-medical_dealfa_touchmed_polyurethanschaum-wundau\ufb02age_mit-silikon_mit-rand.jpg\",\"datePublished\":\"2024-04-25T14:38:39+00:00\",\"dateModified\":\"2024-08-29T13:10:39+00:00\",\"description\":\"Touchmed Foam Pansement en silicone \u00e0 bordure fine, st\u00e9rile. Doux et souple. Retrait atraumatique. Gu\u00e9rison en environnement humide. Peut \u00eatre d\u00e9coup\u00e9.\",\"breadcrumb\":{\"@id\":\"https:\/\/fornimedical.ch\/fr\/produit\/touchmed-foam-silicone-pansement-a-bordure-fine-sterile\/#breadcrumb\"},\"inLanguage\":\"fr-FR\",\"potentialAction\":[{\"@type\":\"ReadAction\",\"target\":[\"https:\/\/fornimedical.ch\/fr\/produit\/touchmed-foam-silicone-pansement-a-bordure-fine-sterile\/\"]}]},{\"@type\":\"ImageObject\",\"inLanguage\":\"fr-FR\",\"@id\":\"https:\/\/fornimedical.ch\/fr\/produit\/touchmed-foam-silicone-pansement-a-bordure-fine-sterile\/#primaryimage\",\"url\":\"https:\/\/fornimedical.ch\/wp-content\/uploads\/2024\/04\/forni-medical_dealfa_touchmed_polyurethanschaum-wundau\ufb02age_mit-silikon_mit-rand.jpg\",\"contentUrl\":\"https:\/\/fornimedical.ch\/wp-content\/uploads\/2024\/04\/forni-medical_dealfa_touchmed_polyurethanschaum-wundau\ufb02age_mit-silikon_mit-rand.jpg\",\"width\":2481,\"height\":1487,\"caption\":\"Forni Medical Dealfa Touchmed Foam Silicone Wundau\ufb02age mit d\u00fcnnem Rand, steril\"},{\"@type\":\"BreadcrumbList\",\"@id\":\"https:\/\/fornimedical.ch\/fr\/produit\/touchmed-foam-silicone-pansement-a-bordure-fine-sterile\/#breadcrumb\",\"itemListElement\":[{\"@type\":\"ListItem\",\"position\":1,\"name\":\"Home\",\"item\":\"https:\/\/fornimedical.ch\/fr\/\"},{\"@type\":\"ListItem\",\"position\":2,\"name\":\"Archives boutique en ligne\",\"item\":\"https:\/\/fornimedical.ch\/fr\/archives-boutique-en-ligne\/\"},{\"@type\":\"ListItem\",\"position\":3,\"name\":\"Touchmed Foam Silicone Pansement \u00e0 bordure fine, st\u00e9rile\"}]},{\"@type\":\"WebSite\",\"@id\":\"https:\/\/fornimedical.ch\/fr\/#website\",\"url\":\"https:\/\/fornimedical.ch\/fr\/\",\"name\":\"Forni Medical GmbH\",\"description\":\"\",\"publisher\":{\"@id\":\"https:\/\/fornimedical.ch\/fr\/#organization\"},\"potentialAction\":[{\"@type\":\"SearchAction\",\"target\":{\"@type\":\"EntryPoint\",\"urlTemplate\":\"https:\/\/fornimedical.ch\/fr\/?s={search_term_string}\"},\"query-input\":{\"@type\":\"PropertyValueSpecification\",\"valueRequired\":true,\"valueName\":\"search_term_string\"}}],\"inLanguage\":\"fr-FR\"},{\"@type\":\"Organization\",\"@id\":\"https:\/\/fornimedical.ch\/fr\/#organization\",\"name\":\"Forni Medical GmbH\",\"url\":\"https:\/\/fornimedical.ch\/fr\/\",\"logo\":{\"@type\":\"ImageObject\",\"inLanguage\":\"fr-FR\",\"@id\":\"https:\/\/fornimedical.ch\/fr\/#\/schema\/logo\/image\/\",\"url\":\"https:\/\/fornimedical.ch\/wp-content\/uploads\/2023\/08\/logo.svg\",\"contentUrl\":\"https:\/\/fornimedical.ch\/wp-content\/uploads\/2023\/08\/logo.svg\",\"caption\":\"Forni Medical GmbH\"},\"image\":{\"@id\":\"https:\/\/fornimedical.ch\/fr\/#\/schema\/logo\/image\/\"}}]}<\/script>\n<!-- \/ Yoast SEO plugin. -->","yoast_head_json":{"title":"Touchmed Foam Silicone Pansement \u00e0 bordure fine, st\u00e9rile","description":"Touchmed Foam Pansement en silicone \u00e0 bordure fine, st\u00e9rile. Doux et souple. Retrait atraumatique. Gu\u00e9rison en environnement humide. Peut \u00eatre d\u00e9coup\u00e9.","robots":{"index":"index","follow":"follow","max-snippet":"max-snippet:-1","max-image-preview":"max-image-preview:large","max-video-preview":"max-video-preview:-1"},"canonical":"https:\/\/fornimedical.ch\/fr\/produit\/touchmed-foam-silicone-pansement-a-bordure-fine-sterile\/","og_locale":"fr_FR","og_type":"article","og_title":"Touchmed Foam Silicone Pansement \u00e0 bordure fine, st\u00e9rile","og_description":"Touchmed Foam Pansement en silicone \u00e0 bordure fine, st\u00e9rile. Doux et souple. Retrait atraumatique. Gu\u00e9rison en environnement humide. Peut \u00eatre d\u00e9coup\u00e9.","og_url":"https:\/\/fornimedical.ch\/fr\/produit\/touchmed-foam-silicone-pansement-a-bordure-fine-sterile\/","og_site_name":"Forni Medical GmbH","article_modified_time":"2024-08-29T13:10:39+00:00","og_image":[{"width":2481,"height":1487,"url":"https:\/\/fornimedical.ch\/wp-content\/uploads\/2024\/04\/forni-medical_dealfa_touchmed_polyurethanschaum-wundau\ufb02age_mit-silikon_mit-rand.jpg","type":"image\/jpeg"}],"twitter_card":"summary_large_image","twitter_misc":{"Dur\u00e9e de lecture estim\u00e9e":"1 minute"},"schema":{"@context":"https:\/\/schema.org","@graph":[{"@type":"WebPage","@id":"https:\/\/fornimedical.ch\/fr\/produit\/touchmed-foam-silicone-pansement-a-bordure-fine-sterile\/","url":"https:\/\/fornimedical.ch\/fr\/produit\/touchmed-foam-silicone-pansement-a-bordure-fine-sterile\/","name":"Touchmed Foam Silicone Pansement \u00e0 bordure fine, st\u00e9rile","isPartOf":{"@id":"https:\/\/fornimedical.ch\/fr\/#website"},"primaryImageOfPage":{"@id":"https:\/\/fornimedical.ch\/fr\/produit\/touchmed-foam-silicone-pansement-a-bordure-fine-sterile\/#primaryimage"},"image":{"@id":"https:\/\/fornimedical.ch\/fr\/produit\/touchmed-foam-silicone-pansement-a-bordure-fine-sterile\/#primaryimage"},"thumbnailUrl":"https:\/\/fornimedical.ch\/wp-content\/uploads\/2024\/04\/forni-medical_dealfa_touchmed_polyurethanschaum-wundau\ufb02age_mit-silikon_mit-rand.jpg","datePublished":"2024-04-25T14:38:39+00:00","dateModified":"2024-08-29T13:10:39+00:00","description":"Touchmed Foam Pansement en silicone \u00e0 bordure fine, st\u00e9rile. Doux et souple. Retrait atraumatique. Gu\u00e9rison en environnement humide. Peut \u00eatre d\u00e9coup\u00e9.","breadcrumb":{"@id":"https:\/\/fornimedical.ch\/fr\/produit\/touchmed-foam-silicone-pansement-a-bordure-fine-sterile\/#breadcrumb"},"inLanguage":"fr-FR","potentialAction":[{"@type":"ReadAction","target":["https:\/\/fornimedical.ch\/fr\/produit\/touchmed-foam-silicone-pansement-a-bordure-fine-sterile\/"]}]},{"@type":"ImageObject","inLanguage":"fr-FR","@id":"https:\/\/fornimedical.ch\/fr\/produit\/touchmed-foam-silicone-pansement-a-bordure-fine-sterile\/#primaryimage","url":"https:\/\/fornimedical.ch\/wp-content\/uploads\/2024\/04\/forni-medical_dealfa_touchmed_polyurethanschaum-wundau\ufb02age_mit-silikon_mit-rand.jpg","contentUrl":"https:\/\/fornimedical.ch\/wp-content\/uploads\/2024\/04\/forni-medical_dealfa_touchmed_polyurethanschaum-wundau\ufb02age_mit-silikon_mit-rand.jpg","width":2481,"height":1487,"caption":"Forni Medical Dealfa Touchmed Foam Silicone Wundau\ufb02age mit d\u00fcnnem Rand, steril"},{"@type":"BreadcrumbList","@id":"https:\/\/fornimedical.ch\/fr\/produit\/touchmed-foam-silicone-pansement-a-bordure-fine-sterile\/#breadcrumb","itemListElement":[{"@type":"ListItem","position":1,"name":"Home","item":"https:\/\/fornimedical.ch\/fr\/"},{"@type":"ListItem","position":2,"name":"Archives boutique en ligne","item":"https:\/\/fornimedical.ch\/fr\/archives-boutique-en-ligne\/"},{"@type":"ListItem","position":3,"name":"Touchmed Foam Silicone Pansement \u00e0 bordure fine, st\u00e9rile"}]},{"@type":"WebSite","@id":"https:\/\/fornimedical.ch\/fr\/#website","url":"https:\/\/fornimedical.ch\/fr\/","name":"Forni Medical GmbH","description":"","publisher":{"@id":"https:\/\/fornimedical.ch\/fr\/#organization"},"potentialAction":[{"@type":"SearchAction","target":{"@type":"EntryPoint","urlTemplate":"https:\/\/fornimedical.ch\/fr\/?s={search_term_string}"},"query-input":{"@type":"PropertyValueSpecification","valueRequired":true,"valueName":"search_term_string"}}],"inLanguage":"fr-FR"},{"@type":"Organization","@id":"https:\/\/fornimedical.ch\/fr\/#organization","name":"Forni Medical GmbH","url":"https:\/\/fornimedical.ch\/fr\/","logo":{"@type":"ImageObject","inLanguage":"fr-FR","@id":"https:\/\/fornimedical.ch\/fr\/#\/schema\/logo\/image\/","url":"https:\/\/fornimedical.ch\/wp-content\/uploads\/2023\/08\/logo.svg","contentUrl":"https:\/\/fornimedical.ch\/wp-content\/uploads\/2023\/08\/logo.svg","caption":"Forni Medical GmbH"},"image":{"@id":"https:\/\/fornimedical.ch\/fr\/#\/schema\/logo\/image\/"}}]}},"_links":{"self":[{"href":"https:\/\/fornimedical.ch\/fr\/wp-json\/wp\/v2\/product\/5624","targetHints":{"allow":["GET"]}}],"collection":[{"href":"https:\/\/fornimedical.ch\/fr\/wp-json\/wp\/v2\/product"}],"about":[{"href":"https:\/\/fornimedical.ch\/fr\/wp-json\/wp\/v2\/types\/product"}],"replies":[{"embeddable":true,"href":"https:\/\/fornimedical.ch\/fr\/wp-json\/wp\/v2\/comments?post=5624"}],"wp:featuredmedia":[{"embeddable":true,"href":"https:\/\/fornimedical.ch\/fr\/wp-json\/wp\/v2\/media\/4763"}],"wp:attachment":[{"href":"https:\/\/fornimedical.ch\/fr\/wp-json\/wp\/v2\/media?parent=5624"}],"wp:term":[{"taxonomy":"product_brand","embeddable":true,"href":"https:\/\/fornimedical.ch\/fr\/wp-json\/wp\/v2\/product_brand?post=5624"},{"taxonomy":"product_cat","embeddable":true,"href":"https:\/\/fornimedical.ch\/fr\/wp-json\/wp\/v2\/product_cat?post=5624"},{"taxonomy":"product_tag","embeddable":true,"href":"https:\/\/fornimedical.ch\/fr\/wp-json\/wp\/v2\/product_tag?post=5624"}],"curies":[{"name":"wp","href":"https:\/\/api.w.org\/{rel}","templated":true}]}}