{"id":5620,"date":"2024-04-07T09:52:53","date_gmt":"2024-04-07T09:52:53","guid":{"rendered":"https:\/\/fornimedical.ch\/product\/coussin-carre-viscoelastique-noir\/"},"modified":"2024-07-18T11:26:49","modified_gmt":"2024-07-18T11:26:49","slug":"coussin-carre-viscoelastique-noir","status":"publish","type":"product","link":"https:\/\/fornimedical.ch\/fr\/produit\/coussin-carre-viscoelastique-noir\/","title":{"rendered":"Coussin, carr\u00e9, visco\u00e9lastique, noir"},"content":{"rendered":"<p>Ce coussin r\u00e9duit la pression du corps sur l\u2019assise pour les personnes qui doivent rester longtemps assises. La r\u00e9partition du corps est uniforme et assure ainsi un grand confort. D\u00e9charge en alv\u00e9oles: La pression exerc\u00e9e sur les points de d\u00e9charge favorise la circulation de l\u2019air, r\u00e9duisant ainsi les points de mac\u00e9ration et la formation d\u2019ulc\u00e8res. Forme ergonomique pour un meilleur positionnement des hanches et davantage de stabilit\u00e9 pour plus de confort. Housse \u00e9tanche, lavable \u00e0 30\u00ba\u00a0C. Id\u00e9al pour la pr\u00e9vention d\u2019escarres dans les zones sensibles et pour les patients qui doivent rester longtemps assis, convient \u00e9galement pour les fauteuils roulants.<\/p>\n","protected":false},"excerpt":{"rendered":"<p>Visco\u00e9lastique (m\u00e9moire de forme), ergonomique, jusqu\u2019\u00e0 120\u00a0kg, \u00e9tanche. 42x42x8\u00a0cm.<\/p>\n","protected":false},"featured_media":3362,"comment_status":"closed","ping_status":"closed","template":"","meta":{"_acf_changed":false,"site-sidebar-layout":"default","site-content-layout":"","ast-site-content-layout":"default","site-content-style":"default","site-sidebar-style":"default","ast-global-header-display":"","ast-banner-title-visibility":"","ast-main-header-display":"","ast-hfb-above-header-display":"","ast-hfb-below-header-display":"","ast-hfb-mobile-header-display":"","site-post-title":"","ast-breadcrumbs-content":"","ast-featured-img":"","footer-sml-layout":"","theme-transparent-header-meta":"default","adv-header-id-meta":"","stick-header-meta":"","header-above-stick-meta":"","header-main-stick-meta":"","header-below-stick-meta":"","astra-migrate-meta-layouts":"default","ast-page-background-enabled":"default","ast-page-background-meta":{"desktop":{"background-color":"var(--ast-global-color-4)","background-image":"","background-repeat":"repeat","background-position":"center center","background-size":"auto","background-attachment":"scroll","background-type":"","background-media":"","overlay-type":"","overlay-color":"","overlay-opacity":"","overlay-gradient":""},"tablet":{"background-color":"","background-image":"","background-repeat":"repeat","background-position":"center center","background-size":"auto","background-attachment":"scroll","background-type":"","background-media":"","overlay-type":"","overlay-color":"","overlay-opacity":"","overlay-gradient":""},"mobile":{"background-color":"","background-image":"","background-repeat":"repeat","background-position":"center center","background-size":"auto","background-attachment":"scroll","background-type":"","background-media":"","overlay-type":"","overlay-color":"","overlay-opacity":"","overlay-gradient":""}},"ast-content-background-meta":{"desktop":{"background-color":"var(--ast-global-color-5)","background-image":"","background-repeat":"repeat","background-position":"center center","background-size":"auto","background-attachment":"scroll","background-type":"","background-media":"","overlay-type":"","overlay-color":"","overlay-opacity":"","overlay-gradient":""},"tablet":{"background-color":"var(--ast-global-color-5)","background-image":"","background-repeat":"repeat","background-position":"center center","background-size":"auto","background-attachment":"scroll","background-type":"","background-media":"","overlay-type":"","overlay-color":"","overlay-opacity":"","overlay-gradient":""},"mobile":{"background-color":"var(--ast-global-color-5)","background-image":"","background-repeat":"repeat","background-position":"center center","background-size":"auto","background-attachment":"scroll","background-type":"","background-media":"","overlay-type":"","overlay-color":"","overlay-opacity":"","overlay-gradient":""}}},"product_brand":[],"product_cat":[514],"product_tag":[],"class_list":{"0":"post-5620","1":"product","2":"type-product","3":"status-publish","4":"has-post-thumbnail","6":"product_cat-coussin","7":"desktop-align-left","8":"tablet-align-left","9":"mobile-align-left","11":"first","12":"instock","13":"taxable","14":"shipping-taxable","15":"purchasable","16":"product-type-variable","17":"has-default-attributes","18":"add-to-wishlist-before_image"},"acf":[],"yoast_head":"<!-- This site is optimized with the Yoast SEO plugin v26.5 - https:\/\/yoast.com\/wordpress\/plugins\/seo\/ -->\n<title>Coussin, carr\u00e9, visco\u00e9lastique, noir<\/title>\n<meta name=\"description\" content=\"Coussin anti-escarres, visco\u00e9lastique, noir, 47\u00a0% nylon &amp; 53\u00a0% polyur\u00e9thane, ergonomique, jusqu\u2019\u00e0 120\u00a0kg, \u00e9tanche\" \/>\n<meta name=\"robots\" content=\"index, follow, max-snippet:-1, max-image-preview:large, max-video-preview:-1\" \/>\n<link rel=\"canonical\" href=\"https:\/\/fornimedical.ch\/fr\/produit\/coussin-carre-viscoelastique-noir\/\" \/>\n<meta property=\"og:locale\" content=\"fr_FR\" \/>\n<meta property=\"og:type\" content=\"article\" \/>\n<meta property=\"og:title\" content=\"Coussin, carr\u00e9, visco\u00e9lastique, noir\" \/>\n<meta property=\"og:description\" content=\"Coussin anti-escarres, visco\u00e9lastique, noir, 47\u00a0% nylon &amp; 53\u00a0% polyur\u00e9thane, ergonomique, jusqu\u2019\u00e0 120\u00a0kg, \u00e9tanche\" \/>\n<meta property=\"og:url\" content=\"https:\/\/fornimedical.ch\/fr\/produit\/coussin-carre-viscoelastique-noir\/\" \/>\n<meta property=\"og:site_name\" content=\"Forni Medical GmbH\" \/>\n<meta property=\"article:modified_time\" content=\"2024-07-18T11:26:49+00:00\" \/>\n<meta property=\"og:image\" content=\"https:\/\/fornimedical.ch\/wp-content\/uploads\/2024\/04\/forni-medical_pavis_sitzkissen_quadratisch_schwarz_antidekubitus_viskoelastisch.jpg\" \/>\n\t<meta property=\"og:image:width\" content=\"2481\" \/>\n\t<meta property=\"og:image:height\" content=\"1487\" \/>\n\t<meta property=\"og:image:type\" content=\"image\/jpeg\" \/>\n<meta name=\"twitter:card\" content=\"summary_large_image\" \/>\n<meta name=\"twitter:label1\" content=\"Dur\u00e9e de lecture estim\u00e9e\" \/>\n\t<meta name=\"twitter:data1\" content=\"1 minute\" \/>\n<script type=\"application\/ld+json\" class=\"yoast-schema-graph\">{\"@context\":\"https:\/\/schema.org\",\"@graph\":[{\"@type\":\"WebPage\",\"@id\":\"https:\/\/fornimedical.ch\/fr\/produit\/coussin-carre-viscoelastique-noir\/\",\"url\":\"https:\/\/fornimedical.ch\/fr\/produit\/coussin-carre-viscoelastique-noir\/\",\"name\":\"Coussin, carr\u00e9, visco\u00e9lastique, noir\",\"isPartOf\":{\"@id\":\"https:\/\/fornimedical.ch\/fr\/#website\"},\"primaryImageOfPage\":{\"@id\":\"https:\/\/fornimedical.ch\/fr\/produit\/coussin-carre-viscoelastique-noir\/#primaryimage\"},\"image\":{\"@id\":\"https:\/\/fornimedical.ch\/fr\/produit\/coussin-carre-viscoelastique-noir\/#primaryimage\"},\"thumbnailUrl\":\"https:\/\/fornimedical.ch\/wp-content\/uploads\/2024\/04\/forni-medical_pavis_sitzkissen_quadratisch_schwarz_antidekubitus_viskoelastisch.jpg\",\"datePublished\":\"2024-04-07T09:52:53+00:00\",\"dateModified\":\"2024-07-18T11:26:49+00:00\",\"description\":\"Coussin anti-escarres, visco\u00e9lastique, noir, 47\u00a0% nylon & 53\u00a0% polyur\u00e9thane, ergonomique, jusqu\u2019\u00e0 120\u00a0kg, \u00e9tanche\",\"breadcrumb\":{\"@id\":\"https:\/\/fornimedical.ch\/fr\/produit\/coussin-carre-viscoelastique-noir\/#breadcrumb\"},\"inLanguage\":\"fr-FR\",\"potentialAction\":[{\"@type\":\"ReadAction\",\"target\":[\"https:\/\/fornimedical.ch\/fr\/produit\/coussin-carre-viscoelastique-noir\/\"]}]},{\"@type\":\"ImageObject\",\"inLanguage\":\"fr-FR\",\"@id\":\"https:\/\/fornimedical.ch\/fr\/produit\/coussin-carre-viscoelastique-noir\/#primaryimage\",\"url\":\"https:\/\/fornimedical.ch\/wp-content\/uploads\/2024\/04\/forni-medical_pavis_sitzkissen_quadratisch_schwarz_antidekubitus_viskoelastisch.jpg\",\"contentUrl\":\"https:\/\/fornimedical.ch\/wp-content\/uploads\/2024\/04\/forni-medical_pavis_sitzkissen_quadratisch_schwarz_antidekubitus_viskoelastisch.jpg\",\"width\":2481,\"height\":1487,\"caption\":\"Forni Medical Pavis Sitzkissen, quadratisch, schwarz, antidekubitus, viskoelastisch\"},{\"@type\":\"BreadcrumbList\",\"@id\":\"https:\/\/fornimedical.ch\/fr\/produit\/coussin-carre-viscoelastique-noir\/#breadcrumb\",\"itemListElement\":[{\"@type\":\"ListItem\",\"position\":1,\"name\":\"Home\",\"item\":\"https:\/\/fornimedical.ch\/fr\/\"},{\"@type\":\"ListItem\",\"position\":2,\"name\":\"Archives boutique en ligne\",\"item\":\"https:\/\/fornimedical.ch\/fr\/archives-boutique-en-ligne\/\"},{\"@type\":\"ListItem\",\"position\":3,\"name\":\"Coussin, carr\u00e9, visco\u00e9lastique, noir\"}]},{\"@type\":\"WebSite\",\"@id\":\"https:\/\/fornimedical.ch\/fr\/#website\",\"url\":\"https:\/\/fornimedical.ch\/fr\/\",\"name\":\"Forni Medical GmbH\",\"description\":\"\",\"publisher\":{\"@id\":\"https:\/\/fornimedical.ch\/fr\/#organization\"},\"potentialAction\":[{\"@type\":\"SearchAction\",\"target\":{\"@type\":\"EntryPoint\",\"urlTemplate\":\"https:\/\/fornimedical.ch\/fr\/?s={search_term_string}\"},\"query-input\":{\"@type\":\"PropertyValueSpecification\",\"valueRequired\":true,\"valueName\":\"search_term_string\"}}],\"inLanguage\":\"fr-FR\"},{\"@type\":\"Organization\",\"@id\":\"https:\/\/fornimedical.ch\/fr\/#organization\",\"name\":\"Forni Medical GmbH\",\"url\":\"https:\/\/fornimedical.ch\/fr\/\",\"logo\":{\"@type\":\"ImageObject\",\"inLanguage\":\"fr-FR\",\"@id\":\"https:\/\/fornimedical.ch\/fr\/#\/schema\/logo\/image\/\",\"url\":\"https:\/\/fornimedical.ch\/wp-content\/uploads\/2023\/08\/logo.svg\",\"contentUrl\":\"https:\/\/fornimedical.ch\/wp-content\/uploads\/2023\/08\/logo.svg\",\"caption\":\"Forni Medical GmbH\"},\"image\":{\"@id\":\"https:\/\/fornimedical.ch\/fr\/#\/schema\/logo\/image\/\"}}]}<\/script>\n<!-- \/ Yoast SEO plugin. -->","yoast_head_json":{"title":"Coussin, carr\u00e9, visco\u00e9lastique, noir","description":"Coussin anti-escarres, visco\u00e9lastique, noir, 47\u00a0% nylon & 53\u00a0% polyur\u00e9thane, ergonomique, jusqu\u2019\u00e0 120\u00a0kg, \u00e9tanche","robots":{"index":"index","follow":"follow","max-snippet":"max-snippet:-1","max-image-preview":"max-image-preview:large","max-video-preview":"max-video-preview:-1"},"canonical":"https:\/\/fornimedical.ch\/fr\/produit\/coussin-carre-viscoelastique-noir\/","og_locale":"fr_FR","og_type":"article","og_title":"Coussin, carr\u00e9, visco\u00e9lastique, noir","og_description":"Coussin anti-escarres, visco\u00e9lastique, noir, 47\u00a0% nylon & 53\u00a0% polyur\u00e9thane, ergonomique, jusqu\u2019\u00e0 120\u00a0kg, \u00e9tanche","og_url":"https:\/\/fornimedical.ch\/fr\/produit\/coussin-carre-viscoelastique-noir\/","og_site_name":"Forni Medical GmbH","article_modified_time":"2024-07-18T11:26:49+00:00","og_image":[{"width":2481,"height":1487,"url":"https:\/\/fornimedical.ch\/wp-content\/uploads\/2024\/04\/forni-medical_pavis_sitzkissen_quadratisch_schwarz_antidekubitus_viskoelastisch.jpg","type":"image\/jpeg"}],"twitter_card":"summary_large_image","twitter_misc":{"Dur\u00e9e de lecture estim\u00e9e":"1 minute"},"schema":{"@context":"https:\/\/schema.org","@graph":[{"@type":"WebPage","@id":"https:\/\/fornimedical.ch\/fr\/produit\/coussin-carre-viscoelastique-noir\/","url":"https:\/\/fornimedical.ch\/fr\/produit\/coussin-carre-viscoelastique-noir\/","name":"Coussin, carr\u00e9, visco\u00e9lastique, noir","isPartOf":{"@id":"https:\/\/fornimedical.ch\/fr\/#website"},"primaryImageOfPage":{"@id":"https:\/\/fornimedical.ch\/fr\/produit\/coussin-carre-viscoelastique-noir\/#primaryimage"},"image":{"@id":"https:\/\/fornimedical.ch\/fr\/produit\/coussin-carre-viscoelastique-noir\/#primaryimage"},"thumbnailUrl":"https:\/\/fornimedical.ch\/wp-content\/uploads\/2024\/04\/forni-medical_pavis_sitzkissen_quadratisch_schwarz_antidekubitus_viskoelastisch.jpg","datePublished":"2024-04-07T09:52:53+00:00","dateModified":"2024-07-18T11:26:49+00:00","description":"Coussin anti-escarres, visco\u00e9lastique, noir, 47\u00a0% nylon & 53\u00a0% polyur\u00e9thane, ergonomique, jusqu\u2019\u00e0 120\u00a0kg, \u00e9tanche","breadcrumb":{"@id":"https:\/\/fornimedical.ch\/fr\/produit\/coussin-carre-viscoelastique-noir\/#breadcrumb"},"inLanguage":"fr-FR","potentialAction":[{"@type":"ReadAction","target":["https:\/\/fornimedical.ch\/fr\/produit\/coussin-carre-viscoelastique-noir\/"]}]},{"@type":"ImageObject","inLanguage":"fr-FR","@id":"https:\/\/fornimedical.ch\/fr\/produit\/coussin-carre-viscoelastique-noir\/#primaryimage","url":"https:\/\/fornimedical.ch\/wp-content\/uploads\/2024\/04\/forni-medical_pavis_sitzkissen_quadratisch_schwarz_antidekubitus_viskoelastisch.jpg","contentUrl":"https:\/\/fornimedical.ch\/wp-content\/uploads\/2024\/04\/forni-medical_pavis_sitzkissen_quadratisch_schwarz_antidekubitus_viskoelastisch.jpg","width":2481,"height":1487,"caption":"Forni Medical Pavis Sitzkissen, quadratisch, schwarz, antidekubitus, viskoelastisch"},{"@type":"BreadcrumbList","@id":"https:\/\/fornimedical.ch\/fr\/produit\/coussin-carre-viscoelastique-noir\/#breadcrumb","itemListElement":[{"@type":"ListItem","position":1,"name":"Home","item":"https:\/\/fornimedical.ch\/fr\/"},{"@type":"ListItem","position":2,"name":"Archives boutique en ligne","item":"https:\/\/fornimedical.ch\/fr\/archives-boutique-en-ligne\/"},{"@type":"ListItem","position":3,"name":"Coussin, carr\u00e9, visco\u00e9lastique, noir"}]},{"@type":"WebSite","@id":"https:\/\/fornimedical.ch\/fr\/#website","url":"https:\/\/fornimedical.ch\/fr\/","name":"Forni Medical GmbH","description":"","publisher":{"@id":"https:\/\/fornimedical.ch\/fr\/#organization"},"potentialAction":[{"@type":"SearchAction","target":{"@type":"EntryPoint","urlTemplate":"https:\/\/fornimedical.ch\/fr\/?s={search_term_string}"},"query-input":{"@type":"PropertyValueSpecification","valueRequired":true,"valueName":"search_term_string"}}],"inLanguage":"fr-FR"},{"@type":"Organization","@id":"https:\/\/fornimedical.ch\/fr\/#organization","name":"Forni Medical GmbH","url":"https:\/\/fornimedical.ch\/fr\/","logo":{"@type":"ImageObject","inLanguage":"fr-FR","@id":"https:\/\/fornimedical.ch\/fr\/#\/schema\/logo\/image\/","url":"https:\/\/fornimedical.ch\/wp-content\/uploads\/2023\/08\/logo.svg","contentUrl":"https:\/\/fornimedical.ch\/wp-content\/uploads\/2023\/08\/logo.svg","caption":"Forni Medical GmbH"},"image":{"@id":"https:\/\/fornimedical.ch\/fr\/#\/schema\/logo\/image\/"}}]}},"_links":{"self":[{"href":"https:\/\/fornimedical.ch\/fr\/wp-json\/wp\/v2\/product\/5620","targetHints":{"allow":["GET"]}}],"collection":[{"href":"https:\/\/fornimedical.ch\/fr\/wp-json\/wp\/v2\/product"}],"about":[{"href":"https:\/\/fornimedical.ch\/fr\/wp-json\/wp\/v2\/types\/product"}],"replies":[{"embeddable":true,"href":"https:\/\/fornimedical.ch\/fr\/wp-json\/wp\/v2\/comments?post=5620"}],"wp:featuredmedia":[{"embeddable":true,"href":"https:\/\/fornimedical.ch\/fr\/wp-json\/wp\/v2\/media\/3362"}],"wp:attachment":[{"href":"https:\/\/fornimedical.ch\/fr\/wp-json\/wp\/v2\/media?parent=5620"}],"wp:term":[{"taxonomy":"product_brand","embeddable":true,"href":"https:\/\/fornimedical.ch\/fr\/wp-json\/wp\/v2\/product_brand?post=5620"},{"taxonomy":"product_cat","embeddable":true,"href":"https:\/\/fornimedical.ch\/fr\/wp-json\/wp\/v2\/product_cat?post=5620"},{"taxonomy":"product_tag","embeddable":true,"href":"https:\/\/fornimedical.ch\/fr\/wp-json\/wp\/v2\/product_tag?post=5620"}],"curies":[{"name":"wp","href":"https:\/\/api.w.org\/{rel}","templated":true}]}}