{"id":5606,"date":"2024-02-20T12:25:42","date_gmt":"2024-02-20T12:25:42","guid":{"rendered":"https:\/\/fornimedical.ch\/product\/forni-sock-g-chaussettes-chirurgicales-a-usage-unique-pliees-blanches\/"},"modified":"2024-08-14T11:40:37","modified_gmt":"2024-08-14T11:40:37","slug":"forni-sock-g-chaussettes-chirurgicales-a-usage-unique-pliees-blanches","status":"publish","type":"product","link":"https:\/\/fornimedical.ch\/fr\/produit\/forni-sock-g-chaussettes-chirurgicales-a-usage-unique-pliees-blanches\/","title":{"rendered":"forni Sock \u00abG\u00bb\u00a0\u2013 chaussettes chirurgicales \u00e0 usage unique pli\u00e9es, blanches"},"content":{"rendered":"<p>Forni-sock \u00abG\u00bb Chaussettes chirurgicales, \u00e0 usage unique pli\u00e9es, taille universelle, blanches. Convient aussi bien au personnel du bloc op\u00e9ratoire (confort de port agr\u00e9able et bon maintien gr\u00e2ce \u00e0 la bande \u00e9lastique) que pour la pr\u00e9paration pr\u00e9op\u00e9ratoire des patients (en compl\u00e9ment des v\u00eatements du bloc OP). Composition: 45,5\u00a0% coton, 54\u00a0% polyester + 0,5\u00a0% caoutchouc (caoutchouc recouvert), pas de contact direct avec la peau.<\/p>\n","protected":false},"excerpt":{"rendered":"<p>Chaussettes chirurgicales \u00e0 usage unique pli\u00e9es, taille universelle, blanches, 4\u00a0sachets de 200\u00a0unit\u00e9s par carton<\/p>\n","protected":false},"featured_media":3066,"comment_status":"closed","ping_status":"closed","template":"","meta":{"_acf_changed":false,"site-sidebar-layout":"default","site-content-layout":"","ast-site-content-layout":"default","site-content-style":"default","site-sidebar-style":"default","ast-global-header-display":"","ast-banner-title-visibility":"","ast-main-header-display":"","ast-hfb-above-header-display":"","ast-hfb-below-header-display":"","ast-hfb-mobile-header-display":"","site-post-title":"","ast-breadcrumbs-content":"","ast-featured-img":"","footer-sml-layout":"","theme-transparent-header-meta":"default","adv-header-id-meta":"","stick-header-meta":"","header-above-stick-meta":"","header-main-stick-meta":"","header-below-stick-meta":"","astra-migrate-meta-layouts":"set","ast-page-background-enabled":"default","ast-page-background-meta":{"desktop":{"background-color":"var(--ast-global-color-4)","background-image":"","background-repeat":"repeat","background-position":"center center","background-size":"auto","background-attachment":"scroll","background-type":"","background-media":"","overlay-type":"","overlay-color":"","overlay-opacity":"","overlay-gradient":""},"tablet":{"background-color":"","background-image":"","background-repeat":"repeat","background-position":"center center","background-size":"auto","background-attachment":"scroll","background-type":"","background-media":"","overlay-type":"","overlay-color":"","overlay-opacity":"","overlay-gradient":""},"mobile":{"background-color":"","background-image":"","background-repeat":"repeat","background-position":"center center","background-size":"auto","background-attachment":"scroll","background-type":"","background-media":"","overlay-type":"","overlay-color":"","overlay-opacity":"","overlay-gradient":""}},"ast-content-background-meta":{"desktop":{"background-color":"var(--ast-global-color-5)","background-image":"","background-repeat":"repeat","background-position":"center center","background-size":"auto","background-attachment":"scroll","background-type":"","background-media":"","overlay-type":"","overlay-color":"","overlay-opacity":"","overlay-gradient":""},"tablet":{"background-color":"var(--ast-global-color-5)","background-image":"","background-repeat":"repeat","background-position":"center center","background-size":"auto","background-attachment":"scroll","background-type":"","background-media":"","overlay-type":"","overlay-color":"","overlay-opacity":"","overlay-gradient":""},"mobile":{"background-color":"var(--ast-global-color-5)","background-image":"","background-repeat":"repeat","background-position":"center center","background-size":"auto","background-attachment":"scroll","background-type":"","background-media":"","overlay-type":"","overlay-color":"","overlay-opacity":"","overlay-gradient":""}}},"product_brand":[],"product_cat":[581],"product_tag":[],"class_list":{"0":"post-5606","1":"product","2":"type-product","3":"status-publish","4":"has-post-thumbnail","6":"product_cat-chaussettes-chirurgicales","7":"desktop-align-left","8":"tablet-align-left","9":"mobile-align-left","11":"first","12":"instock","13":"taxable","14":"shipping-taxable","15":"purchasable","16":"product-type-variable","17":"has-default-attributes","18":"add-to-wishlist-before_image"},"acf":[],"yoast_head":"<!-- This site is optimized with the Yoast SEO plugin v26.5 - https:\/\/yoast.com\/wordpress\/plugins\/seo\/ -->\n<title>Forni Sock \u00abG\u00bb\u00a0\u2013 chaussettes chirurgicales \u00e0 usage unique pli\u00e9es, blanches<\/title>\n<meta name=\"description\" content=\"Chaussettes chirurgicales \u00e0 usage unique, pli\u00e9es, taille universelle, blanches. Convient pour le personnel du bloc op\u00e9ratoire et pour la pr\u00e9paration pr\u00e9op\u00e9ratoire des patients\" \/>\n<meta name=\"robots\" content=\"index, follow, max-snippet:-1, max-image-preview:large, max-video-preview:-1\" \/>\n<link rel=\"canonical\" href=\"https:\/\/fornimedical.ch\/fr\/produit\/forni-sock-g-chaussettes-chirurgicales-a-usage-unique-pliees-blanches\/\" \/>\n<meta property=\"og:locale\" content=\"fr_FR\" \/>\n<meta property=\"og:type\" content=\"article\" \/>\n<meta property=\"og:title\" content=\"Forni Sock \u00abG\u00bb\u00a0\u2013 chaussettes chirurgicales \u00e0 usage unique pli\u00e9es, blanches\" \/>\n<meta property=\"og:description\" content=\"Chaussettes chirurgicales \u00e0 usage unique, pli\u00e9es, taille universelle, blanches. Convient pour le personnel du bloc op\u00e9ratoire et pour la pr\u00e9paration pr\u00e9op\u00e9ratoire des patients\" \/>\n<meta property=\"og:url\" content=\"https:\/\/fornimedical.ch\/fr\/produit\/forni-sock-g-chaussettes-chirurgicales-a-usage-unique-pliees-blanches\/\" \/>\n<meta property=\"og:site_name\" content=\"Forni Medical GmbH\" \/>\n<meta property=\"article:modified_time\" content=\"2024-08-14T11:40:37+00:00\" \/>\n<meta property=\"og:image\" content=\"https:\/\/fornimedical.ch\/wp-content\/uploads\/2024\/02\/forni-medial_miro_op-einmalsocken-gelegt.jpg\" \/>\n\t<meta property=\"og:image:width\" content=\"2481\" \/>\n\t<meta property=\"og:image:height\" content=\"1487\" \/>\n\t<meta property=\"og:image:type\" content=\"image\/jpeg\" \/>\n<meta name=\"twitter:card\" content=\"summary_large_image\" \/>\n<meta name=\"twitter:label1\" content=\"Dur\u00e9e de lecture estim\u00e9e\" \/>\n\t<meta name=\"twitter:data1\" content=\"1 minute\" \/>\n<script type=\"application\/ld+json\" class=\"yoast-schema-graph\">{\"@context\":\"https:\/\/schema.org\",\"@graph\":[{\"@type\":\"WebPage\",\"@id\":\"https:\/\/fornimedical.ch\/fr\/produit\/forni-sock-g-chaussettes-chirurgicales-a-usage-unique-pliees-blanches\/\",\"url\":\"https:\/\/fornimedical.ch\/fr\/produit\/forni-sock-g-chaussettes-chirurgicales-a-usage-unique-pliees-blanches\/\",\"name\":\"Forni Sock \u00abG\u00bb\u00a0\u2013 chaussettes chirurgicales \u00e0 usage unique pli\u00e9es, blanches\",\"isPartOf\":{\"@id\":\"https:\/\/fornimedical.ch\/fr\/#website\"},\"primaryImageOfPage\":{\"@id\":\"https:\/\/fornimedical.ch\/fr\/produit\/forni-sock-g-chaussettes-chirurgicales-a-usage-unique-pliees-blanches\/#primaryimage\"},\"image\":{\"@id\":\"https:\/\/fornimedical.ch\/fr\/produit\/forni-sock-g-chaussettes-chirurgicales-a-usage-unique-pliees-blanches\/#primaryimage\"},\"thumbnailUrl\":\"https:\/\/fornimedical.ch\/wp-content\/uploads\/2024\/02\/forni-medial_miro_op-einmalsocken-gelegt.jpg\",\"datePublished\":\"2024-02-20T12:25:42+00:00\",\"dateModified\":\"2024-08-14T11:40:37+00:00\",\"description\":\"Chaussettes chirurgicales \u00e0 usage unique, pli\u00e9es, taille universelle, blanches. Convient pour le personnel du bloc op\u00e9ratoire et pour la pr\u00e9paration pr\u00e9op\u00e9ratoire des patients\",\"breadcrumb\":{\"@id\":\"https:\/\/fornimedical.ch\/fr\/produit\/forni-sock-g-chaussettes-chirurgicales-a-usage-unique-pliees-blanches\/#breadcrumb\"},\"inLanguage\":\"fr-FR\",\"potentialAction\":[{\"@type\":\"ReadAction\",\"target\":[\"https:\/\/fornimedical.ch\/fr\/produit\/forni-sock-g-chaussettes-chirurgicales-a-usage-unique-pliees-blanches\/\"]}]},{\"@type\":\"ImageObject\",\"inLanguage\":\"fr-FR\",\"@id\":\"https:\/\/fornimedical.ch\/fr\/produit\/forni-sock-g-chaussettes-chirurgicales-a-usage-unique-pliees-blanches\/#primaryimage\",\"url\":\"https:\/\/fornimedical.ch\/wp-content\/uploads\/2024\/02\/forni-medial_miro_op-einmalsocken-gelegt.jpg\",\"contentUrl\":\"https:\/\/fornimedical.ch\/wp-content\/uploads\/2024\/02\/forni-medial_miro_op-einmalsocken-gelegt.jpg\",\"width\":2481,\"height\":1487,\"caption\":\"Forni Medical OP-Einmalsocken, gelegt\"},{\"@type\":\"BreadcrumbList\",\"@id\":\"https:\/\/fornimedical.ch\/fr\/produit\/forni-sock-g-chaussettes-chirurgicales-a-usage-unique-pliees-blanches\/#breadcrumb\",\"itemListElement\":[{\"@type\":\"ListItem\",\"position\":1,\"name\":\"Home\",\"item\":\"https:\/\/fornimedical.ch\/fr\/\"},{\"@type\":\"ListItem\",\"position\":2,\"name\":\"Archives boutique en ligne\",\"item\":\"https:\/\/fornimedical.ch\/fr\/archives-boutique-en-ligne\/\"},{\"@type\":\"ListItem\",\"position\":3,\"name\":\"forni Sock \u00abG\u00bb\u00a0\u2013 chaussettes chirurgicales \u00e0 usage unique pli\u00e9es, blanches\"}]},{\"@type\":\"WebSite\",\"@id\":\"https:\/\/fornimedical.ch\/fr\/#website\",\"url\":\"https:\/\/fornimedical.ch\/fr\/\",\"name\":\"Forni Medical GmbH\",\"description\":\"\",\"publisher\":{\"@id\":\"https:\/\/fornimedical.ch\/fr\/#organization\"},\"potentialAction\":[{\"@type\":\"SearchAction\",\"target\":{\"@type\":\"EntryPoint\",\"urlTemplate\":\"https:\/\/fornimedical.ch\/fr\/?s={search_term_string}\"},\"query-input\":{\"@type\":\"PropertyValueSpecification\",\"valueRequired\":true,\"valueName\":\"search_term_string\"}}],\"inLanguage\":\"fr-FR\"},{\"@type\":\"Organization\",\"@id\":\"https:\/\/fornimedical.ch\/fr\/#organization\",\"name\":\"Forni Medical GmbH\",\"url\":\"https:\/\/fornimedical.ch\/fr\/\",\"logo\":{\"@type\":\"ImageObject\",\"inLanguage\":\"fr-FR\",\"@id\":\"https:\/\/fornimedical.ch\/fr\/#\/schema\/logo\/image\/\",\"url\":\"https:\/\/fornimedical.ch\/wp-content\/uploads\/2023\/08\/logo.svg\",\"contentUrl\":\"https:\/\/fornimedical.ch\/wp-content\/uploads\/2023\/08\/logo.svg\",\"caption\":\"Forni Medical GmbH\"},\"image\":{\"@id\":\"https:\/\/fornimedical.ch\/fr\/#\/schema\/logo\/image\/\"}}]}<\/script>\n<!-- \/ Yoast SEO plugin. -->","yoast_head_json":{"title":"Forni Sock \u00abG\u00bb\u00a0\u2013 chaussettes chirurgicales \u00e0 usage unique pli\u00e9es, blanches","description":"Chaussettes chirurgicales \u00e0 usage unique, pli\u00e9es, taille universelle, blanches. Convient pour le personnel du bloc op\u00e9ratoire et pour la pr\u00e9paration pr\u00e9op\u00e9ratoire des patients","robots":{"index":"index","follow":"follow","max-snippet":"max-snippet:-1","max-image-preview":"max-image-preview:large","max-video-preview":"max-video-preview:-1"},"canonical":"https:\/\/fornimedical.ch\/fr\/produit\/forni-sock-g-chaussettes-chirurgicales-a-usage-unique-pliees-blanches\/","og_locale":"fr_FR","og_type":"article","og_title":"Forni Sock \u00abG\u00bb\u00a0\u2013 chaussettes chirurgicales \u00e0 usage unique pli\u00e9es, blanches","og_description":"Chaussettes chirurgicales \u00e0 usage unique, pli\u00e9es, taille universelle, blanches. Convient pour le personnel du bloc op\u00e9ratoire et pour la pr\u00e9paration pr\u00e9op\u00e9ratoire des patients","og_url":"https:\/\/fornimedical.ch\/fr\/produit\/forni-sock-g-chaussettes-chirurgicales-a-usage-unique-pliees-blanches\/","og_site_name":"Forni Medical GmbH","article_modified_time":"2024-08-14T11:40:37+00:00","og_image":[{"width":2481,"height":1487,"url":"https:\/\/fornimedical.ch\/wp-content\/uploads\/2024\/02\/forni-medial_miro_op-einmalsocken-gelegt.jpg","type":"image\/jpeg"}],"twitter_card":"summary_large_image","twitter_misc":{"Dur\u00e9e de lecture estim\u00e9e":"1 minute"},"schema":{"@context":"https:\/\/schema.org","@graph":[{"@type":"WebPage","@id":"https:\/\/fornimedical.ch\/fr\/produit\/forni-sock-g-chaussettes-chirurgicales-a-usage-unique-pliees-blanches\/","url":"https:\/\/fornimedical.ch\/fr\/produit\/forni-sock-g-chaussettes-chirurgicales-a-usage-unique-pliees-blanches\/","name":"Forni Sock \u00abG\u00bb\u00a0\u2013 chaussettes chirurgicales \u00e0 usage unique pli\u00e9es, blanches","isPartOf":{"@id":"https:\/\/fornimedical.ch\/fr\/#website"},"primaryImageOfPage":{"@id":"https:\/\/fornimedical.ch\/fr\/produit\/forni-sock-g-chaussettes-chirurgicales-a-usage-unique-pliees-blanches\/#primaryimage"},"image":{"@id":"https:\/\/fornimedical.ch\/fr\/produit\/forni-sock-g-chaussettes-chirurgicales-a-usage-unique-pliees-blanches\/#primaryimage"},"thumbnailUrl":"https:\/\/fornimedical.ch\/wp-content\/uploads\/2024\/02\/forni-medial_miro_op-einmalsocken-gelegt.jpg","datePublished":"2024-02-20T12:25:42+00:00","dateModified":"2024-08-14T11:40:37+00:00","description":"Chaussettes chirurgicales \u00e0 usage unique, pli\u00e9es, taille universelle, blanches. Convient pour le personnel du bloc op\u00e9ratoire et pour la pr\u00e9paration pr\u00e9op\u00e9ratoire des patients","breadcrumb":{"@id":"https:\/\/fornimedical.ch\/fr\/produit\/forni-sock-g-chaussettes-chirurgicales-a-usage-unique-pliees-blanches\/#breadcrumb"},"inLanguage":"fr-FR","potentialAction":[{"@type":"ReadAction","target":["https:\/\/fornimedical.ch\/fr\/produit\/forni-sock-g-chaussettes-chirurgicales-a-usage-unique-pliees-blanches\/"]}]},{"@type":"ImageObject","inLanguage":"fr-FR","@id":"https:\/\/fornimedical.ch\/fr\/produit\/forni-sock-g-chaussettes-chirurgicales-a-usage-unique-pliees-blanches\/#primaryimage","url":"https:\/\/fornimedical.ch\/wp-content\/uploads\/2024\/02\/forni-medial_miro_op-einmalsocken-gelegt.jpg","contentUrl":"https:\/\/fornimedical.ch\/wp-content\/uploads\/2024\/02\/forni-medial_miro_op-einmalsocken-gelegt.jpg","width":2481,"height":1487,"caption":"Forni Medical OP-Einmalsocken, gelegt"},{"@type":"BreadcrumbList","@id":"https:\/\/fornimedical.ch\/fr\/produit\/forni-sock-g-chaussettes-chirurgicales-a-usage-unique-pliees-blanches\/#breadcrumb","itemListElement":[{"@type":"ListItem","position":1,"name":"Home","item":"https:\/\/fornimedical.ch\/fr\/"},{"@type":"ListItem","position":2,"name":"Archives boutique en ligne","item":"https:\/\/fornimedical.ch\/fr\/archives-boutique-en-ligne\/"},{"@type":"ListItem","position":3,"name":"forni Sock \u00abG\u00bb\u00a0\u2013 chaussettes chirurgicales \u00e0 usage unique pli\u00e9es, blanches"}]},{"@type":"WebSite","@id":"https:\/\/fornimedical.ch\/fr\/#website","url":"https:\/\/fornimedical.ch\/fr\/","name":"Forni Medical GmbH","description":"","publisher":{"@id":"https:\/\/fornimedical.ch\/fr\/#organization"},"potentialAction":[{"@type":"SearchAction","target":{"@type":"EntryPoint","urlTemplate":"https:\/\/fornimedical.ch\/fr\/?s={search_term_string}"},"query-input":{"@type":"PropertyValueSpecification","valueRequired":true,"valueName":"search_term_string"}}],"inLanguage":"fr-FR"},{"@type":"Organization","@id":"https:\/\/fornimedical.ch\/fr\/#organization","name":"Forni Medical GmbH","url":"https:\/\/fornimedical.ch\/fr\/","logo":{"@type":"ImageObject","inLanguage":"fr-FR","@id":"https:\/\/fornimedical.ch\/fr\/#\/schema\/logo\/image\/","url":"https:\/\/fornimedical.ch\/wp-content\/uploads\/2023\/08\/logo.svg","contentUrl":"https:\/\/fornimedical.ch\/wp-content\/uploads\/2023\/08\/logo.svg","caption":"Forni Medical GmbH"},"image":{"@id":"https:\/\/fornimedical.ch\/fr\/#\/schema\/logo\/image\/"}}]}},"_links":{"self":[{"href":"https:\/\/fornimedical.ch\/fr\/wp-json\/wp\/v2\/product\/5606","targetHints":{"allow":["GET"]}}],"collection":[{"href":"https:\/\/fornimedical.ch\/fr\/wp-json\/wp\/v2\/product"}],"about":[{"href":"https:\/\/fornimedical.ch\/fr\/wp-json\/wp\/v2\/types\/product"}],"replies":[{"embeddable":true,"href":"https:\/\/fornimedical.ch\/fr\/wp-json\/wp\/v2\/comments?post=5606"}],"wp:featuredmedia":[{"embeddable":true,"href":"https:\/\/fornimedical.ch\/fr\/wp-json\/wp\/v2\/media\/3066"}],"wp:attachment":[{"href":"https:\/\/fornimedical.ch\/fr\/wp-json\/wp\/v2\/media?parent=5606"}],"wp:term":[{"taxonomy":"product_brand","embeddable":true,"href":"https:\/\/fornimedical.ch\/fr\/wp-json\/wp\/v2\/product_brand?post=5606"},{"taxonomy":"product_cat","embeddable":true,"href":"https:\/\/fornimedical.ch\/fr\/wp-json\/wp\/v2\/product_cat?post=5606"},{"taxonomy":"product_tag","embeddable":true,"href":"https:\/\/fornimedical.ch\/fr\/wp-json\/wp\/v2\/product_tag?post=5606"}],"curies":[{"name":"wp","href":"https:\/\/api.w.org\/{rel}","templated":true}]}}