{"id":5605,"date":"2024-04-06T09:21:38","date_gmt":"2024-04-06T09:21:38","guid":{"rendered":"https:\/\/fornimedical.ch\/product\/forni-crepe-l-bande-elastique-blanc-casse-emballage-individuel-sous-cellophane\/"},"modified":"2024-08-14T14:32:37","modified_gmt":"2024-08-14T14:32:37","slug":"forni-crepe-l-bande-elastique-blanc-ecru-emballage-individuel-sous-cellophane","status":"publish","type":"product","link":"https:\/\/fornimedical.ch\/fr\/produit\/forni-crepe-l-bande-elastique-blanc-ecru-emballage-individuel-sous-cellophane\/","title":{"rendered":"Forni Cr\u00eape L\u00a0\u2013 bande \u00e9lastique, blanc \u00e9cru, emballage individuel sous cellophane"},"content":{"rendered":"<p>La bande \u00e9lastique Forni Cr\u00eape L est disponible dans un emballage individuel sous cellophane. Elle pr\u00e9sente une bordure bleue, est tr\u00e8s bien tol\u00e9r\u00e9e par la peau en plus d\u2019\u00eatre respirante. S\u2019utilise comme pansement pour toutes les extr\u00e9mit\u00e9s, \u00e9galement comme fixation de tous types de pansements (p.\u00a0ex., pl\u00e2tres).<\/p>\n","protected":false},"excerpt":{"rendered":"<p>Sans latex ni PHT, bordure bleue, avec agrafe, 2 agrafes \u00e0 partir de 10 cm, la bande est bien tol\u00e9r\u00e9e par la peau en plus d\u2019\u00eatre respirante<\/p>\n","protected":false},"featured_media":3272,"comment_status":"closed","ping_status":"closed","template":"","meta":{"_acf_changed":false,"site-sidebar-layout":"default","site-content-layout":"","ast-site-content-layout":"default","site-content-style":"default","site-sidebar-style":"default","ast-global-header-display":"","ast-banner-title-visibility":"","ast-main-header-display":"","ast-hfb-above-header-display":"","ast-hfb-below-header-display":"","ast-hfb-mobile-header-display":"","site-post-title":"","ast-breadcrumbs-content":"","ast-featured-img":"","footer-sml-layout":"","theme-transparent-header-meta":"default","adv-header-id-meta":"","stick-header-meta":"","header-above-stick-meta":"","header-main-stick-meta":"","header-below-stick-meta":"","astra-migrate-meta-layouts":"set","ast-page-background-enabled":"default","ast-page-background-meta":{"desktop":{"background-color":"var(--ast-global-color-4)","background-image":"","background-repeat":"repeat","background-position":"center center","background-size":"auto","background-attachment":"scroll","background-type":"","background-media":"","overlay-type":"","overlay-color":"","overlay-opacity":"","overlay-gradient":""},"tablet":{"background-color":"","background-image":"","background-repeat":"repeat","background-position":"center center","background-size":"auto","background-attachment":"scroll","background-type":"","background-media":"","overlay-type":"","overlay-color":"","overlay-opacity":"","overlay-gradient":""},"mobile":{"background-color":"","background-image":"","background-repeat":"repeat","background-position":"center center","background-size":"auto","background-attachment":"scroll","background-type":"","background-media":"","overlay-type":"","overlay-color":"","overlay-opacity":"","overlay-gradient":""}},"ast-content-background-meta":{"desktop":{"background-color":"var(--ast-global-color-5)","background-image":"","background-repeat":"repeat","background-position":"center center","background-size":"auto","background-attachment":"scroll","background-type":"","background-media":"","overlay-type":"","overlay-color":"","overlay-opacity":"","overlay-gradient":""},"tablet":{"background-color":"var(--ast-global-color-5)","background-image":"","background-repeat":"repeat","background-position":"center center","background-size":"auto","background-attachment":"scroll","background-type":"","background-media":"","overlay-type":"","overlay-color":"","overlay-opacity":"","overlay-gradient":""},"mobile":{"background-color":"var(--ast-global-color-5)","background-image":"","background-repeat":"repeat","background-position":"center center","background-size":"auto","background-attachment":"scroll","background-type":"","background-media":"","overlay-type":"","overlay-color":"","overlay-opacity":"","overlay-gradient":""}}},"product_brand":[],"product_cat":[595,611],"product_tag":[],"class_list":{"0":"post-5605","1":"product","2":"type-product","3":"status-publish","4":"has-post-thumbnail","6":"product_cat-bandes-crepe-elastiques-l","7":"product_cat-bandes-crepe-elastiques-l-fr","8":"desktop-align-left","9":"tablet-align-left","10":"mobile-align-left","12":"first","13":"instock","14":"taxable","15":"shipping-taxable","16":"purchasable","17":"product-type-variable","18":"has-default-attributes","19":"add-to-wishlist-before_image"},"acf":[],"yoast_head":"<!-- This site is optimized with the Yoast SEO plugin v26.5 - https:\/\/yoast.com\/wordpress\/plugins\/seo\/ -->\n<title>Forni Cr\u00eape L\u00a0\u2013 bande \u00e9lastique, emballage individuel sous cellophane<\/title>\n<meta name=\"description\" content=\"Forni Cr\u00eape L\u00a0\u2013 bande \u00e9lastique, blanc \u00e9cru, emballage individuel sous cellophane, sans latex ni PHT, bordure bleue, avec agrafe\" \/>\n<meta name=\"robots\" content=\"index, follow, max-snippet:-1, max-image-preview:large, max-video-preview:-1\" \/>\n<link rel=\"canonical\" href=\"https:\/\/fornimedical.ch\/fr\/produit\/forni-crepe-l-bande-elastique-blanc-ecru-emballage-individuel-sous-cellophane\/\" \/>\n<meta property=\"og:locale\" content=\"fr_FR\" \/>\n<meta property=\"og:type\" content=\"article\" \/>\n<meta property=\"og:title\" content=\"Forni Cr\u00eape L\u00a0\u2013 bande \u00e9lastique, emballage individuel sous cellophane\" \/>\n<meta property=\"og:description\" content=\"Forni Cr\u00eape L\u00a0\u2013 bande \u00e9lastique, blanc \u00e9cru, emballage individuel sous cellophane, sans latex ni PHT, bordure bleue, avec agrafe\" \/>\n<meta property=\"og:url\" content=\"https:\/\/fornimedical.ch\/fr\/produit\/forni-crepe-l-bande-elastique-blanc-ecru-emballage-individuel-sous-cellophane\/\" \/>\n<meta property=\"og:site_name\" content=\"Forni Medical GmbH\" \/>\n<meta property=\"article:modified_time\" content=\"2024-08-14T14:32:37+00:00\" \/>\n<meta property=\"og:image\" content=\"https:\/\/fornimedical.ch\/wp-content\/uploads\/2024\/04\/forni-medical_elastische-kreppbinde-l_in-cellophan-verpackt_rohweiss.jpg\" \/>\n\t<meta property=\"og:image:width\" content=\"2481\" \/>\n\t<meta property=\"og:image:height\" content=\"1487\" \/>\n\t<meta property=\"og:image:type\" content=\"image\/jpeg\" \/>\n<meta name=\"twitter:card\" content=\"summary_large_image\" \/>\n<meta name=\"twitter:label1\" content=\"Dur\u00e9e de lecture estim\u00e9e\" \/>\n\t<meta name=\"twitter:data1\" content=\"1 minute\" \/>\n<script type=\"application\/ld+json\" class=\"yoast-schema-graph\">{\"@context\":\"https:\/\/schema.org\",\"@graph\":[{\"@type\":\"WebPage\",\"@id\":\"https:\/\/fornimedical.ch\/fr\/produit\/forni-crepe-l-bande-elastique-blanc-ecru-emballage-individuel-sous-cellophane\/\",\"url\":\"https:\/\/fornimedical.ch\/fr\/produit\/forni-crepe-l-bande-elastique-blanc-ecru-emballage-individuel-sous-cellophane\/\",\"name\":\"Forni Cr\u00eape L\u00a0\u2013 bande \u00e9lastique, emballage individuel sous cellophane\",\"isPartOf\":{\"@id\":\"https:\/\/fornimedical.ch\/fr\/#website\"},\"primaryImageOfPage\":{\"@id\":\"https:\/\/fornimedical.ch\/fr\/produit\/forni-crepe-l-bande-elastique-blanc-ecru-emballage-individuel-sous-cellophane\/#primaryimage\"},\"image\":{\"@id\":\"https:\/\/fornimedical.ch\/fr\/produit\/forni-crepe-l-bande-elastique-blanc-ecru-emballage-individuel-sous-cellophane\/#primaryimage\"},\"thumbnailUrl\":\"https:\/\/fornimedical.ch\/wp-content\/uploads\/2024\/04\/forni-medical_elastische-kreppbinde-l_in-cellophan-verpackt_rohweiss.jpg\",\"datePublished\":\"2024-04-06T09:21:38+00:00\",\"dateModified\":\"2024-08-14T14:32:37+00:00\",\"description\":\"Forni Cr\u00eape L\u00a0\u2013 bande \u00e9lastique, blanc \u00e9cru, emballage individuel sous cellophane, sans latex ni PHT, bordure bleue, avec agrafe\",\"breadcrumb\":{\"@id\":\"https:\/\/fornimedical.ch\/fr\/produit\/forni-crepe-l-bande-elastique-blanc-ecru-emballage-individuel-sous-cellophane\/#breadcrumb\"},\"inLanguage\":\"fr-FR\",\"potentialAction\":[{\"@type\":\"ReadAction\",\"target\":[\"https:\/\/fornimedical.ch\/fr\/produit\/forni-crepe-l-bande-elastique-blanc-ecru-emballage-individuel-sous-cellophane\/\"]}]},{\"@type\":\"ImageObject\",\"inLanguage\":\"fr-FR\",\"@id\":\"https:\/\/fornimedical.ch\/fr\/produit\/forni-crepe-l-bande-elastique-blanc-ecru-emballage-individuel-sous-cellophane\/#primaryimage\",\"url\":\"https:\/\/fornimedical.ch\/wp-content\/uploads\/2024\/04\/forni-medical_elastische-kreppbinde-l_in-cellophan-verpackt_rohweiss.jpg\",\"contentUrl\":\"https:\/\/fornimedical.ch\/wp-content\/uploads\/2024\/04\/forni-medical_elastische-kreppbinde-l_in-cellophan-verpackt_rohweiss.jpg\",\"width\":2481,\"height\":1487,\"caption\":\"Forni Medical Forni-Cr\u00eape L - Elastische Binde, rohweiss, einzeln in Zellophan verpackt\"},{\"@type\":\"BreadcrumbList\",\"@id\":\"https:\/\/fornimedical.ch\/fr\/produit\/forni-crepe-l-bande-elastique-blanc-ecru-emballage-individuel-sous-cellophane\/#breadcrumb\",\"itemListElement\":[{\"@type\":\"ListItem\",\"position\":1,\"name\":\"Home\",\"item\":\"https:\/\/fornimedical.ch\/fr\/\"},{\"@type\":\"ListItem\",\"position\":2,\"name\":\"Archives boutique en ligne\",\"item\":\"https:\/\/fornimedical.ch\/fr\/archives-boutique-en-ligne\/\"},{\"@type\":\"ListItem\",\"position\":3,\"name\":\"Forni Cr\u00eape L\u00a0\u2013 bande \u00e9lastique, blanc \u00e9cru, emballage individuel sous cellophane\"}]},{\"@type\":\"WebSite\",\"@id\":\"https:\/\/fornimedical.ch\/fr\/#website\",\"url\":\"https:\/\/fornimedical.ch\/fr\/\",\"name\":\"Forni Medical GmbH\",\"description\":\"\",\"publisher\":{\"@id\":\"https:\/\/fornimedical.ch\/fr\/#organization\"},\"potentialAction\":[{\"@type\":\"SearchAction\",\"target\":{\"@type\":\"EntryPoint\",\"urlTemplate\":\"https:\/\/fornimedical.ch\/fr\/?s={search_term_string}\"},\"query-input\":{\"@type\":\"PropertyValueSpecification\",\"valueRequired\":true,\"valueName\":\"search_term_string\"}}],\"inLanguage\":\"fr-FR\"},{\"@type\":\"Organization\",\"@id\":\"https:\/\/fornimedical.ch\/fr\/#organization\",\"name\":\"Forni Medical GmbH\",\"url\":\"https:\/\/fornimedical.ch\/fr\/\",\"logo\":{\"@type\":\"ImageObject\",\"inLanguage\":\"fr-FR\",\"@id\":\"https:\/\/fornimedical.ch\/fr\/#\/schema\/logo\/image\/\",\"url\":\"https:\/\/fornimedical.ch\/wp-content\/uploads\/2023\/08\/logo.svg\",\"contentUrl\":\"https:\/\/fornimedical.ch\/wp-content\/uploads\/2023\/08\/logo.svg\",\"caption\":\"Forni Medical GmbH\"},\"image\":{\"@id\":\"https:\/\/fornimedical.ch\/fr\/#\/schema\/logo\/image\/\"}}]}<\/script>\n<!-- \/ Yoast SEO plugin. -->","yoast_head_json":{"title":"Forni Cr\u00eape L\u00a0\u2013 bande \u00e9lastique, emballage individuel sous cellophane","description":"Forni Cr\u00eape L\u00a0\u2013 bande \u00e9lastique, blanc \u00e9cru, emballage individuel sous cellophane, sans latex ni PHT, bordure bleue, avec agrafe","robots":{"index":"index","follow":"follow","max-snippet":"max-snippet:-1","max-image-preview":"max-image-preview:large","max-video-preview":"max-video-preview:-1"},"canonical":"https:\/\/fornimedical.ch\/fr\/produit\/forni-crepe-l-bande-elastique-blanc-ecru-emballage-individuel-sous-cellophane\/","og_locale":"fr_FR","og_type":"article","og_title":"Forni Cr\u00eape L\u00a0\u2013 bande \u00e9lastique, emballage individuel sous cellophane","og_description":"Forni Cr\u00eape L\u00a0\u2013 bande \u00e9lastique, blanc \u00e9cru, emballage individuel sous cellophane, sans latex ni PHT, bordure bleue, avec agrafe","og_url":"https:\/\/fornimedical.ch\/fr\/produit\/forni-crepe-l-bande-elastique-blanc-ecru-emballage-individuel-sous-cellophane\/","og_site_name":"Forni Medical GmbH","article_modified_time":"2024-08-14T14:32:37+00:00","og_image":[{"width":2481,"height":1487,"url":"https:\/\/fornimedical.ch\/wp-content\/uploads\/2024\/04\/forni-medical_elastische-kreppbinde-l_in-cellophan-verpackt_rohweiss.jpg","type":"image\/jpeg"}],"twitter_card":"summary_large_image","twitter_misc":{"Dur\u00e9e de lecture estim\u00e9e":"1 minute"},"schema":{"@context":"https:\/\/schema.org","@graph":[{"@type":"WebPage","@id":"https:\/\/fornimedical.ch\/fr\/produit\/forni-crepe-l-bande-elastique-blanc-ecru-emballage-individuel-sous-cellophane\/","url":"https:\/\/fornimedical.ch\/fr\/produit\/forni-crepe-l-bande-elastique-blanc-ecru-emballage-individuel-sous-cellophane\/","name":"Forni Cr\u00eape L\u00a0\u2013 bande \u00e9lastique, emballage individuel sous cellophane","isPartOf":{"@id":"https:\/\/fornimedical.ch\/fr\/#website"},"primaryImageOfPage":{"@id":"https:\/\/fornimedical.ch\/fr\/produit\/forni-crepe-l-bande-elastique-blanc-ecru-emballage-individuel-sous-cellophane\/#primaryimage"},"image":{"@id":"https:\/\/fornimedical.ch\/fr\/produit\/forni-crepe-l-bande-elastique-blanc-ecru-emballage-individuel-sous-cellophane\/#primaryimage"},"thumbnailUrl":"https:\/\/fornimedical.ch\/wp-content\/uploads\/2024\/04\/forni-medical_elastische-kreppbinde-l_in-cellophan-verpackt_rohweiss.jpg","datePublished":"2024-04-06T09:21:38+00:00","dateModified":"2024-08-14T14:32:37+00:00","description":"Forni Cr\u00eape L\u00a0\u2013 bande \u00e9lastique, blanc \u00e9cru, emballage individuel sous cellophane, sans latex ni PHT, bordure bleue, avec agrafe","breadcrumb":{"@id":"https:\/\/fornimedical.ch\/fr\/produit\/forni-crepe-l-bande-elastique-blanc-ecru-emballage-individuel-sous-cellophane\/#breadcrumb"},"inLanguage":"fr-FR","potentialAction":[{"@type":"ReadAction","target":["https:\/\/fornimedical.ch\/fr\/produit\/forni-crepe-l-bande-elastique-blanc-ecru-emballage-individuel-sous-cellophane\/"]}]},{"@type":"ImageObject","inLanguage":"fr-FR","@id":"https:\/\/fornimedical.ch\/fr\/produit\/forni-crepe-l-bande-elastique-blanc-ecru-emballage-individuel-sous-cellophane\/#primaryimage","url":"https:\/\/fornimedical.ch\/wp-content\/uploads\/2024\/04\/forni-medical_elastische-kreppbinde-l_in-cellophan-verpackt_rohweiss.jpg","contentUrl":"https:\/\/fornimedical.ch\/wp-content\/uploads\/2024\/04\/forni-medical_elastische-kreppbinde-l_in-cellophan-verpackt_rohweiss.jpg","width":2481,"height":1487,"caption":"Forni Medical Forni-Cr\u00eape L - Elastische Binde, rohweiss, einzeln in Zellophan verpackt"},{"@type":"BreadcrumbList","@id":"https:\/\/fornimedical.ch\/fr\/produit\/forni-crepe-l-bande-elastique-blanc-ecru-emballage-individuel-sous-cellophane\/#breadcrumb","itemListElement":[{"@type":"ListItem","position":1,"name":"Home","item":"https:\/\/fornimedical.ch\/fr\/"},{"@type":"ListItem","position":2,"name":"Archives boutique en ligne","item":"https:\/\/fornimedical.ch\/fr\/archives-boutique-en-ligne\/"},{"@type":"ListItem","position":3,"name":"Forni Cr\u00eape L\u00a0\u2013 bande \u00e9lastique, blanc \u00e9cru, emballage individuel sous cellophane"}]},{"@type":"WebSite","@id":"https:\/\/fornimedical.ch\/fr\/#website","url":"https:\/\/fornimedical.ch\/fr\/","name":"Forni Medical GmbH","description":"","publisher":{"@id":"https:\/\/fornimedical.ch\/fr\/#organization"},"potentialAction":[{"@type":"SearchAction","target":{"@type":"EntryPoint","urlTemplate":"https:\/\/fornimedical.ch\/fr\/?s={search_term_string}"},"query-input":{"@type":"PropertyValueSpecification","valueRequired":true,"valueName":"search_term_string"}}],"inLanguage":"fr-FR"},{"@type":"Organization","@id":"https:\/\/fornimedical.ch\/fr\/#organization","name":"Forni Medical GmbH","url":"https:\/\/fornimedical.ch\/fr\/","logo":{"@type":"ImageObject","inLanguage":"fr-FR","@id":"https:\/\/fornimedical.ch\/fr\/#\/schema\/logo\/image\/","url":"https:\/\/fornimedical.ch\/wp-content\/uploads\/2023\/08\/logo.svg","contentUrl":"https:\/\/fornimedical.ch\/wp-content\/uploads\/2023\/08\/logo.svg","caption":"Forni Medical GmbH"},"image":{"@id":"https:\/\/fornimedical.ch\/fr\/#\/schema\/logo\/image\/"}}]}},"_links":{"self":[{"href":"https:\/\/fornimedical.ch\/fr\/wp-json\/wp\/v2\/product\/5605","targetHints":{"allow":["GET"]}}],"collection":[{"href":"https:\/\/fornimedical.ch\/fr\/wp-json\/wp\/v2\/product"}],"about":[{"href":"https:\/\/fornimedical.ch\/fr\/wp-json\/wp\/v2\/types\/product"}],"replies":[{"embeddable":true,"href":"https:\/\/fornimedical.ch\/fr\/wp-json\/wp\/v2\/comments?post=5605"}],"wp:featuredmedia":[{"embeddable":true,"href":"https:\/\/fornimedical.ch\/fr\/wp-json\/wp\/v2\/media\/3272"}],"wp:attachment":[{"href":"https:\/\/fornimedical.ch\/fr\/wp-json\/wp\/v2\/media?parent=5605"}],"wp:term":[{"taxonomy":"product_brand","embeddable":true,"href":"https:\/\/fornimedical.ch\/fr\/wp-json\/wp\/v2\/product_brand?post=5605"},{"taxonomy":"product_cat","embeddable":true,"href":"https:\/\/fornimedical.ch\/fr\/wp-json\/wp\/v2\/product_cat?post=5605"},{"taxonomy":"product_tag","embeddable":true,"href":"https:\/\/fornimedical.ch\/fr\/wp-json\/wp\/v2\/product_tag?post=5605"}],"curies":[{"name":"wp","href":"https:\/\/api.w.org\/{rel}","templated":true}]}}