{"id":5603,"date":"2024-04-24T11:37:39","date_gmt":"2024-04-24T11:37:39","guid":{"rendered":"https:\/\/fornimedical.ch\/product\/pavis-bandage-pour-le-genou-avec-ouverture-rotulienne-bleu\/"},"modified":"2025-06-27T10:11:36","modified_gmt":"2025-06-27T08:11:36","slug":"pavis-bandage-pour-le-genou-avec-ouverture-rotulienne-bleu","status":"publish","type":"product","link":"https:\/\/fornimedical.ch\/fr\/produit\/pavis-bandage-pour-le-genou-avec-ouverture-rotulienne-bleu\/","title":{"rendered":"Pavis Bandage pour le genou avec ouverture rotulienne, bleu"},"content":{"rendered":"<p>Aide \u00e0 se r\u00e9tablir le plus rapidement et le mieux possible: Trou rotulien avec anneau en silicone souple pour stabiliser la rotule. Zone poplit\u00e9e libre pour \u00e9viter toute pression dans cette zone sensible et assurer une circulation sanguine normale. Deux tiges lat\u00e9rales l\u00e9g\u00e8res et souples apportent au genou une stabilit\u00e9 lat\u00e9rale suppl\u00e9mentaire. Facile \u00e0 utiliser: Ambidextre. Confort: Mat\u00e9riau respirant. Hygi\u00e9nique: 100\u00a0% coton sur la peau.<\/p>\n<p><strong>INDICATIONS:<\/strong><\/p>\n<ul>\n<li>Gonalgie<\/li>\n<li>Arthrite<\/li>\n<li>\u00c9panchement articulaire<\/li>\n<li>Tendinite<\/li>\n<li>Subluxation de la rotule<\/li>\n<li>L\u00e9sions du m\u00e9nisque<\/li>\n<\/ul>\n","protected":false},"excerpt":{"rendered":"<p>L\u2019ouverture \u00e9pouse parfaitement la rotule et la stabilise sans exercer aucune pression sur le mollet. L\u2019ouverture rotulienne stabilise la rotule sans exercer aucune pression dans le creux poplit\u00e9. Ambidextre. Hauteur: 28\u00a0cm.<\/p>\n","protected":false},"featured_media":4208,"comment_status":"closed","ping_status":"closed","template":"","meta":{"_acf_changed":false,"site-sidebar-layout":"default","site-content-layout":"","ast-site-content-layout":"default","site-content-style":"default","site-sidebar-style":"default","ast-global-header-display":"","ast-banner-title-visibility":"","ast-main-header-display":"","ast-hfb-above-header-display":"","ast-hfb-below-header-display":"","ast-hfb-mobile-header-display":"","site-post-title":"","ast-breadcrumbs-content":"","ast-featured-img":"","footer-sml-layout":"","theme-transparent-header-meta":"default","adv-header-id-meta":"","stick-header-meta":"","header-above-stick-meta":"","header-main-stick-meta":"","header-below-stick-meta":"","astra-migrate-meta-layouts":"set","ast-page-background-enabled":"default","ast-page-background-meta":{"desktop":{"background-color":"var(--ast-global-color-4)","background-image":"","background-repeat":"repeat","background-position":"center center","background-size":"auto","background-attachment":"scroll","background-type":"","background-media":"","overlay-type":"","overlay-color":"","overlay-opacity":"","overlay-gradient":""},"tablet":{"background-color":"","background-image":"","background-repeat":"repeat","background-position":"center center","background-size":"auto","background-attachment":"scroll","background-type":"","background-media":"","overlay-type":"","overlay-color":"","overlay-opacity":"","overlay-gradient":""},"mobile":{"background-color":"","background-image":"","background-repeat":"repeat","background-position":"center center","background-size":"auto","background-attachment":"scroll","background-type":"","background-media":"","overlay-type":"","overlay-color":"","overlay-opacity":"","overlay-gradient":""}},"ast-content-background-meta":{"desktop":{"background-color":"var(--ast-global-color-5)","background-image":"","background-repeat":"repeat","background-position":"center center","background-size":"auto","background-attachment":"scroll","background-type":"","background-media":"","overlay-type":"","overlay-color":"","overlay-opacity":"","overlay-gradient":""},"tablet":{"background-color":"var(--ast-global-color-5)","background-image":"","background-repeat":"repeat","background-position":"center center","background-size":"auto","background-attachment":"scroll","background-type":"","background-media":"","overlay-type":"","overlay-color":"","overlay-opacity":"","overlay-gradient":""},"mobile":{"background-color":"var(--ast-global-color-5)","background-image":"","background-repeat":"repeat","background-position":"center center","background-size":"auto","background-attachment":"scroll","background-type":"","background-media":"","overlay-type":"","overlay-color":"","overlay-opacity":"","overlay-gradient":""}}},"product_brand":[],"product_cat":[89],"product_tag":[],"class_list":{"0":"post-5603","1":"product","2":"type-product","3":"status-publish","4":"has-post-thumbnail","6":"product_cat-kniebandagen","7":"desktop-align-left","8":"tablet-align-left","9":"mobile-align-left","11":"first","12":"instock","13":"taxable","14":"shipping-taxable","15":"purchasable","16":"product-type-variable","17":"has-default-attributes","18":"add-to-wishlist-before_image"},"acf":[],"yoast_head":"<!-- This site is optimized with the Yoast SEO plugin v26.5 - https:\/\/yoast.com\/wordpress\/plugins\/seo\/ -->\n<title>Bandage pour le genou avec ouverture rotulienne, bleu<\/title>\n<meta name=\"description\" content=\"Pavis Bandage pour le genou avec ouverture rotulienne, bleu. Hauteur: 28\u00a0cm. Facile \u00e0 utiliser: Ambidextre. Confort: Mat\u00e9riau respirant. Hygi\u00e9nique.\" \/>\n<meta name=\"robots\" content=\"index, follow, max-snippet:-1, max-image-preview:large, max-video-preview:-1\" \/>\n<link rel=\"canonical\" href=\"https:\/\/fornimedical.ch\/fr\/produit\/pavis-bandage-pour-le-genou-avec-ouverture-rotulienne-bleu\/\" \/>\n<meta property=\"og:locale\" content=\"fr_FR\" \/>\n<meta property=\"og:type\" content=\"article\" \/>\n<meta property=\"og:title\" content=\"Bandage pour le genou avec ouverture rotulienne, bleu\" \/>\n<meta property=\"og:description\" content=\"Pavis Bandage pour le genou avec ouverture rotulienne, bleu. Hauteur: 28\u00a0cm. Facile \u00e0 utiliser: Ambidextre. Confort: Mat\u00e9riau respirant. Hygi\u00e9nique.\" \/>\n<meta property=\"og:url\" content=\"https:\/\/fornimedical.ch\/fr\/produit\/pavis-bandage-pour-le-genou-avec-ouverture-rotulienne-bleu\/\" \/>\n<meta property=\"og:site_name\" content=\"Forni Medical GmbH\" \/>\n<meta property=\"article:modified_time\" content=\"2025-06-27T08:11:36+00:00\" \/>\n<meta property=\"og:image\" content=\"https:\/\/fornimedical.ch\/wp-content\/uploads\/2024\/04\/forni-medical_pavis_kniebandage_mit-patellaaussparung_blau.jpg\" \/>\n\t<meta property=\"og:image:width\" content=\"2481\" \/>\n\t<meta property=\"og:image:height\" content=\"1487\" \/>\n\t<meta property=\"og:image:type\" content=\"image\/jpeg\" \/>\n<meta name=\"twitter:card\" content=\"summary_large_image\" \/>\n<meta name=\"twitter:label1\" content=\"Dur\u00e9e de lecture estim\u00e9e\" \/>\n\t<meta name=\"twitter:data1\" content=\"1 minute\" \/>\n<script type=\"application\/ld+json\" class=\"yoast-schema-graph\">{\"@context\":\"https:\/\/schema.org\",\"@graph\":[{\"@type\":\"WebPage\",\"@id\":\"https:\/\/fornimedical.ch\/fr\/produit\/pavis-bandage-pour-le-genou-avec-ouverture-rotulienne-bleu\/\",\"url\":\"https:\/\/fornimedical.ch\/fr\/produit\/pavis-bandage-pour-le-genou-avec-ouverture-rotulienne-bleu\/\",\"name\":\"Bandage pour le genou avec ouverture rotulienne, bleu\",\"isPartOf\":{\"@id\":\"https:\/\/fornimedical.ch\/fr\/#website\"},\"primaryImageOfPage\":{\"@id\":\"https:\/\/fornimedical.ch\/fr\/produit\/pavis-bandage-pour-le-genou-avec-ouverture-rotulienne-bleu\/#primaryimage\"},\"image\":{\"@id\":\"https:\/\/fornimedical.ch\/fr\/produit\/pavis-bandage-pour-le-genou-avec-ouverture-rotulienne-bleu\/#primaryimage\"},\"thumbnailUrl\":\"https:\/\/fornimedical.ch\/wp-content\/uploads\/2024\/04\/forni-medical_pavis_kniebandage_mit-patellaaussparung_blau.jpg\",\"datePublished\":\"2024-04-24T11:37:39+00:00\",\"dateModified\":\"2025-06-27T08:11:36+00:00\",\"description\":\"Pavis Bandage pour le genou avec ouverture rotulienne, bleu. Hauteur: 28\u00a0cm. Facile \u00e0 utiliser: Ambidextre. Confort: Mat\u00e9riau respirant. Hygi\u00e9nique.\",\"breadcrumb\":{\"@id\":\"https:\/\/fornimedical.ch\/fr\/produit\/pavis-bandage-pour-le-genou-avec-ouverture-rotulienne-bleu\/#breadcrumb\"},\"inLanguage\":\"fr-FR\",\"potentialAction\":[{\"@type\":\"ReadAction\",\"target\":[\"https:\/\/fornimedical.ch\/fr\/produit\/pavis-bandage-pour-le-genou-avec-ouverture-rotulienne-bleu\/\"]}]},{\"@type\":\"ImageObject\",\"inLanguage\":\"fr-FR\",\"@id\":\"https:\/\/fornimedical.ch\/fr\/produit\/pavis-bandage-pour-le-genou-avec-ouverture-rotulienne-bleu\/#primaryimage\",\"url\":\"https:\/\/fornimedical.ch\/wp-content\/uploads\/2024\/04\/forni-medical_pavis_kniebandage_mit-patellaaussparung_blau.jpg\",\"contentUrl\":\"https:\/\/fornimedical.ch\/wp-content\/uploads\/2024\/04\/forni-medical_pavis_kniebandage_mit-patellaaussparung_blau.jpg\",\"width\":2481,\"height\":1487,\"caption\":\"Forni Medical Pavis Kniebandage mit Patellaaussparung, blau\"},{\"@type\":\"BreadcrumbList\",\"@id\":\"https:\/\/fornimedical.ch\/fr\/produit\/pavis-bandage-pour-le-genou-avec-ouverture-rotulienne-bleu\/#breadcrumb\",\"itemListElement\":[{\"@type\":\"ListItem\",\"position\":1,\"name\":\"Home\",\"item\":\"https:\/\/fornimedical.ch\/fr\/\"},{\"@type\":\"ListItem\",\"position\":2,\"name\":\"Archives boutique en ligne\",\"item\":\"https:\/\/fornimedical.ch\/fr\/archives-boutique-en-ligne\/\"},{\"@type\":\"ListItem\",\"position\":3,\"name\":\"Pavis Bandage pour le genou avec ouverture rotulienne, bleu\"}]},{\"@type\":\"WebSite\",\"@id\":\"https:\/\/fornimedical.ch\/fr\/#website\",\"url\":\"https:\/\/fornimedical.ch\/fr\/\",\"name\":\"Forni Medical GmbH\",\"description\":\"\",\"publisher\":{\"@id\":\"https:\/\/fornimedical.ch\/fr\/#organization\"},\"potentialAction\":[{\"@type\":\"SearchAction\",\"target\":{\"@type\":\"EntryPoint\",\"urlTemplate\":\"https:\/\/fornimedical.ch\/fr\/?s={search_term_string}\"},\"query-input\":{\"@type\":\"PropertyValueSpecification\",\"valueRequired\":true,\"valueName\":\"search_term_string\"}}],\"inLanguage\":\"fr-FR\"},{\"@type\":\"Organization\",\"@id\":\"https:\/\/fornimedical.ch\/fr\/#organization\",\"name\":\"Forni Medical GmbH\",\"url\":\"https:\/\/fornimedical.ch\/fr\/\",\"logo\":{\"@type\":\"ImageObject\",\"inLanguage\":\"fr-FR\",\"@id\":\"https:\/\/fornimedical.ch\/fr\/#\/schema\/logo\/image\/\",\"url\":\"https:\/\/fornimedical.ch\/wp-content\/uploads\/2023\/08\/logo.svg\",\"contentUrl\":\"https:\/\/fornimedical.ch\/wp-content\/uploads\/2023\/08\/logo.svg\",\"caption\":\"Forni Medical GmbH\"},\"image\":{\"@id\":\"https:\/\/fornimedical.ch\/fr\/#\/schema\/logo\/image\/\"}}]}<\/script>\n<!-- \/ Yoast SEO plugin. -->","yoast_head_json":{"title":"Bandage pour le genou avec ouverture rotulienne, bleu","description":"Pavis Bandage pour le genou avec ouverture rotulienne, bleu. Hauteur: 28\u00a0cm. Facile \u00e0 utiliser: Ambidextre. Confort: Mat\u00e9riau respirant. Hygi\u00e9nique.","robots":{"index":"index","follow":"follow","max-snippet":"max-snippet:-1","max-image-preview":"max-image-preview:large","max-video-preview":"max-video-preview:-1"},"canonical":"https:\/\/fornimedical.ch\/fr\/produit\/pavis-bandage-pour-le-genou-avec-ouverture-rotulienne-bleu\/","og_locale":"fr_FR","og_type":"article","og_title":"Bandage pour le genou avec ouverture rotulienne, bleu","og_description":"Pavis Bandage pour le genou avec ouverture rotulienne, bleu. Hauteur: 28\u00a0cm. Facile \u00e0 utiliser: Ambidextre. Confort: Mat\u00e9riau respirant. Hygi\u00e9nique.","og_url":"https:\/\/fornimedical.ch\/fr\/produit\/pavis-bandage-pour-le-genou-avec-ouverture-rotulienne-bleu\/","og_site_name":"Forni Medical GmbH","article_modified_time":"2025-06-27T08:11:36+00:00","og_image":[{"width":2481,"height":1487,"url":"https:\/\/fornimedical.ch\/wp-content\/uploads\/2024\/04\/forni-medical_pavis_kniebandage_mit-patellaaussparung_blau.jpg","type":"image\/jpeg"}],"twitter_card":"summary_large_image","twitter_misc":{"Dur\u00e9e de lecture estim\u00e9e":"1 minute"},"schema":{"@context":"https:\/\/schema.org","@graph":[{"@type":"WebPage","@id":"https:\/\/fornimedical.ch\/fr\/produit\/pavis-bandage-pour-le-genou-avec-ouverture-rotulienne-bleu\/","url":"https:\/\/fornimedical.ch\/fr\/produit\/pavis-bandage-pour-le-genou-avec-ouverture-rotulienne-bleu\/","name":"Bandage pour le genou avec ouverture rotulienne, bleu","isPartOf":{"@id":"https:\/\/fornimedical.ch\/fr\/#website"},"primaryImageOfPage":{"@id":"https:\/\/fornimedical.ch\/fr\/produit\/pavis-bandage-pour-le-genou-avec-ouverture-rotulienne-bleu\/#primaryimage"},"image":{"@id":"https:\/\/fornimedical.ch\/fr\/produit\/pavis-bandage-pour-le-genou-avec-ouverture-rotulienne-bleu\/#primaryimage"},"thumbnailUrl":"https:\/\/fornimedical.ch\/wp-content\/uploads\/2024\/04\/forni-medical_pavis_kniebandage_mit-patellaaussparung_blau.jpg","datePublished":"2024-04-24T11:37:39+00:00","dateModified":"2025-06-27T08:11:36+00:00","description":"Pavis Bandage pour le genou avec ouverture rotulienne, bleu. Hauteur: 28\u00a0cm. Facile \u00e0 utiliser: Ambidextre. Confort: Mat\u00e9riau respirant. Hygi\u00e9nique.","breadcrumb":{"@id":"https:\/\/fornimedical.ch\/fr\/produit\/pavis-bandage-pour-le-genou-avec-ouverture-rotulienne-bleu\/#breadcrumb"},"inLanguage":"fr-FR","potentialAction":[{"@type":"ReadAction","target":["https:\/\/fornimedical.ch\/fr\/produit\/pavis-bandage-pour-le-genou-avec-ouverture-rotulienne-bleu\/"]}]},{"@type":"ImageObject","inLanguage":"fr-FR","@id":"https:\/\/fornimedical.ch\/fr\/produit\/pavis-bandage-pour-le-genou-avec-ouverture-rotulienne-bleu\/#primaryimage","url":"https:\/\/fornimedical.ch\/wp-content\/uploads\/2024\/04\/forni-medical_pavis_kniebandage_mit-patellaaussparung_blau.jpg","contentUrl":"https:\/\/fornimedical.ch\/wp-content\/uploads\/2024\/04\/forni-medical_pavis_kniebandage_mit-patellaaussparung_blau.jpg","width":2481,"height":1487,"caption":"Forni Medical Pavis Kniebandage mit Patellaaussparung, blau"},{"@type":"BreadcrumbList","@id":"https:\/\/fornimedical.ch\/fr\/produit\/pavis-bandage-pour-le-genou-avec-ouverture-rotulienne-bleu\/#breadcrumb","itemListElement":[{"@type":"ListItem","position":1,"name":"Home","item":"https:\/\/fornimedical.ch\/fr\/"},{"@type":"ListItem","position":2,"name":"Archives boutique en ligne","item":"https:\/\/fornimedical.ch\/fr\/archives-boutique-en-ligne\/"},{"@type":"ListItem","position":3,"name":"Pavis Bandage pour le genou avec ouverture rotulienne, bleu"}]},{"@type":"WebSite","@id":"https:\/\/fornimedical.ch\/fr\/#website","url":"https:\/\/fornimedical.ch\/fr\/","name":"Forni Medical GmbH","description":"","publisher":{"@id":"https:\/\/fornimedical.ch\/fr\/#organization"},"potentialAction":[{"@type":"SearchAction","target":{"@type":"EntryPoint","urlTemplate":"https:\/\/fornimedical.ch\/fr\/?s={search_term_string}"},"query-input":{"@type":"PropertyValueSpecification","valueRequired":true,"valueName":"search_term_string"}}],"inLanguage":"fr-FR"},{"@type":"Organization","@id":"https:\/\/fornimedical.ch\/fr\/#organization","name":"Forni Medical GmbH","url":"https:\/\/fornimedical.ch\/fr\/","logo":{"@type":"ImageObject","inLanguage":"fr-FR","@id":"https:\/\/fornimedical.ch\/fr\/#\/schema\/logo\/image\/","url":"https:\/\/fornimedical.ch\/wp-content\/uploads\/2023\/08\/logo.svg","contentUrl":"https:\/\/fornimedical.ch\/wp-content\/uploads\/2023\/08\/logo.svg","caption":"Forni Medical GmbH"},"image":{"@id":"https:\/\/fornimedical.ch\/fr\/#\/schema\/logo\/image\/"}}]}},"_links":{"self":[{"href":"https:\/\/fornimedical.ch\/fr\/wp-json\/wp\/v2\/product\/5603","targetHints":{"allow":["GET"]}}],"collection":[{"href":"https:\/\/fornimedical.ch\/fr\/wp-json\/wp\/v2\/product"}],"about":[{"href":"https:\/\/fornimedical.ch\/fr\/wp-json\/wp\/v2\/types\/product"}],"replies":[{"embeddable":true,"href":"https:\/\/fornimedical.ch\/fr\/wp-json\/wp\/v2\/comments?post=5603"}],"wp:featuredmedia":[{"embeddable":true,"href":"https:\/\/fornimedical.ch\/fr\/wp-json\/wp\/v2\/media\/4208"}],"wp:attachment":[{"href":"https:\/\/fornimedical.ch\/fr\/wp-json\/wp\/v2\/media?parent=5603"}],"wp:term":[{"taxonomy":"product_brand","embeddable":true,"href":"https:\/\/fornimedical.ch\/fr\/wp-json\/wp\/v2\/product_brand?post=5603"},{"taxonomy":"product_cat","embeddable":true,"href":"https:\/\/fornimedical.ch\/fr\/wp-json\/wp\/v2\/product_cat?post=5603"},{"taxonomy":"product_tag","embeddable":true,"href":"https:\/\/fornimedical.ch\/fr\/wp-json\/wp\/v2\/product_tag?post=5603"}],"curies":[{"name":"wp","href":"https:\/\/api.w.org\/{rel}","templated":true}]}}