{"id":5601,"date":"2024-04-25T19:17:05","date_gmt":"2024-04-25T19:17:05","guid":{"rendered":"https:\/\/fornimedical.ch\/product\/touchmed-foam-pansement-fin-sans-bordure-sterile\/"},"modified":"2024-08-29T13:01:47","modified_gmt":"2024-08-29T13:01:47","slug":"touchmed-foam-pansement-fin-sans-bordure-sterile","status":"publish","type":"product","link":"https:\/\/fornimedical.ch\/fr\/produit\/touchmed-foam-pansement-fin-sans-bordure-sterile\/","title":{"rendered":"Touchmed Foam Pansement fin sans bordure, st\u00e9rile"},"content":{"rendered":"<p>Touchmed\u00ae Foam est un pansement hydroactif de pointe, compos\u00e9 de mousse de polyur\u00e9thane \u00e0 cellules m\u00e9lang\u00e9es. Il s\u2019agit d\u2019un pansement absorbant indiqu\u00e9 pour exsuder des plaies de nature diff\u00e9rente. La composition structurelle particuli\u00e8re de sa mousse favorise une absorption verticale rapide de l\u2019exsudat et facilite son maintien \u00e0 l\u2019int\u00e9rieur. Le format sans bordure peut \u00eatre coup\u00e9 et adapt\u00e9 confortablement \u00e0 chaque zone du corps, tandis que la version avec bordure est un pansement complet et tr\u00e8s absorbant qui associe une couche hydrocollo\u00efde souple \u00e0 la mousse de polyur\u00e9thane. La vaste gamme de produits Touchmed\u00ae Foam permet au personnel m\u00e9dical de choisir non seulement la taille qui convient le mieux, mais \u00e9galement l\u2019\u00e9paisseur souhait\u00e9e ou la forme id\u00e9ale.<\/p>\n","protected":false},"excerpt":{"rendered":"<p>Pansement en mousse de polyur\u00e9thane, sans bordure, ne colle pas \u00e0 la plaie, gu\u00e9rison en environnement humide<\/p>\n","protected":false},"featured_media":5033,"comment_status":"closed","ping_status":"closed","template":"","meta":{"_acf_changed":false,"site-sidebar-layout":"default","site-content-layout":"","ast-site-content-layout":"default","site-content-style":"default","site-sidebar-style":"default","ast-global-header-display":"","ast-banner-title-visibility":"","ast-main-header-display":"","ast-hfb-above-header-display":"","ast-hfb-below-header-display":"","ast-hfb-mobile-header-display":"","site-post-title":"","ast-breadcrumbs-content":"","ast-featured-img":"","footer-sml-layout":"","theme-transparent-header-meta":"default","adv-header-id-meta":"","stick-header-meta":"","header-above-stick-meta":"","header-main-stick-meta":"","header-below-stick-meta":"","astra-migrate-meta-layouts":"set","ast-page-background-enabled":"default","ast-page-background-meta":{"desktop":{"background-color":"var(--ast-global-color-4)","background-image":"","background-repeat":"repeat","background-position":"center center","background-size":"auto","background-attachment":"scroll","background-type":"","background-media":"","overlay-type":"","overlay-color":"","overlay-opacity":"","overlay-gradient":""},"tablet":{"background-color":"","background-image":"","background-repeat":"repeat","background-position":"center center","background-size":"auto","background-attachment":"scroll","background-type":"","background-media":"","overlay-type":"","overlay-color":"","overlay-opacity":"","overlay-gradient":""},"mobile":{"background-color":"","background-image":"","background-repeat":"repeat","background-position":"center center","background-size":"auto","background-attachment":"scroll","background-type":"","background-media":"","overlay-type":"","overlay-color":"","overlay-opacity":"","overlay-gradient":""}},"ast-content-background-meta":{"desktop":{"background-color":"var(--ast-global-color-5)","background-image":"","background-repeat":"repeat","background-position":"center center","background-size":"auto","background-attachment":"scroll","background-type":"","background-media":"","overlay-type":"","overlay-color":"","overlay-opacity":"","overlay-gradient":""},"tablet":{"background-color":"var(--ast-global-color-5)","background-image":"","background-repeat":"repeat","background-position":"center center","background-size":"auto","background-attachment":"scroll","background-type":"","background-media":"","overlay-type":"","overlay-color":"","overlay-opacity":"","overlay-gradient":""},"mobile":{"background-color":"var(--ast-global-color-5)","background-image":"","background-repeat":"repeat","background-position":"center center","background-size":"auto","background-attachment":"scroll","background-type":"","background-media":"","overlay-type":"","overlay-color":"","overlay-opacity":"","overlay-gradient":""}}},"product_brand":[],"product_cat":[624],"product_tag":[],"class_list":{"0":"post-5601","1":"product","2":"type-product","3":"status-publish","4":"has-post-thumbnail","6":"product_cat-pansements-en-mousse-de-polyurethane","7":"desktop-align-left","8":"tablet-align-left","9":"mobile-align-left","11":"first","12":"instock","13":"taxable","14":"shipping-taxable","15":"purchasable","16":"product-type-variable","17":"has-default-attributes","18":"add-to-wishlist-before_image"},"acf":[],"yoast_head":"<!-- This site is optimized with the Yoast SEO plugin v26.5 - https:\/\/yoast.com\/wordpress\/plugins\/seo\/ -->\n<title>Touchmed Foam Pansement fin sans bordure, st\u00e9rile<\/title>\n<meta name=\"description\" content=\"Pansement fin Touchmed Foam en mousse de polyur\u00e9thane, sans bordure, ne colle pas \u00e0 la plaie, pour l\u00e9sions chroniques\" \/>\n<meta name=\"robots\" content=\"index, follow, max-snippet:-1, max-image-preview:large, max-video-preview:-1\" \/>\n<link rel=\"canonical\" href=\"https:\/\/fornimedical.ch\/fr\/produit\/touchmed-foam-pansement-fin-sans-bordure-sterile\/\" \/>\n<meta property=\"og:locale\" content=\"fr_FR\" \/>\n<meta property=\"og:type\" content=\"article\" \/>\n<meta property=\"og:title\" content=\"Touchmed Foam Pansement fin sans bordure, st\u00e9rile\" \/>\n<meta property=\"og:description\" content=\"Pansement fin Touchmed Foam en mousse de polyur\u00e9thane, sans bordure, ne colle pas \u00e0 la plaie, pour l\u00e9sions chroniques\" \/>\n<meta property=\"og:url\" content=\"https:\/\/fornimedical.ch\/fr\/produit\/touchmed-foam-pansement-fin-sans-bordure-sterile\/\" \/>\n<meta property=\"og:site_name\" content=\"Forni Medical GmbH\" \/>\n<meta property=\"article:modified_time\" content=\"2024-08-29T13:01:47+00:00\" \/>\n<meta property=\"og:image\" content=\"https:\/\/fornimedical.ch\/wp-content\/uploads\/2024\/04\/forni-medical_dealfa_touchmed_duenne-wundau\ufb02age_ohne-rand_02-scaled.jpg\" \/>\n\t<meta property=\"og:image:width\" content=\"2560\" \/>\n\t<meta property=\"og:image:height\" content=\"1496\" \/>\n\t<meta property=\"og:image:type\" content=\"image\/jpeg\" \/>\n<meta name=\"twitter:card\" content=\"summary_large_image\" \/>\n<meta name=\"twitter:label1\" content=\"Dur\u00e9e de lecture estim\u00e9e\" \/>\n\t<meta name=\"twitter:data1\" content=\"1 minute\" \/>\n<script type=\"application\/ld+json\" class=\"yoast-schema-graph\">{\"@context\":\"https:\/\/schema.org\",\"@graph\":[{\"@type\":\"WebPage\",\"@id\":\"https:\/\/fornimedical.ch\/fr\/produit\/touchmed-foam-pansement-fin-sans-bordure-sterile\/\",\"url\":\"https:\/\/fornimedical.ch\/fr\/produit\/touchmed-foam-pansement-fin-sans-bordure-sterile\/\",\"name\":\"Touchmed Foam Pansement fin sans bordure, st\u00e9rile\",\"isPartOf\":{\"@id\":\"https:\/\/fornimedical.ch\/fr\/#website\"},\"primaryImageOfPage\":{\"@id\":\"https:\/\/fornimedical.ch\/fr\/produit\/touchmed-foam-pansement-fin-sans-bordure-sterile\/#primaryimage\"},\"image\":{\"@id\":\"https:\/\/fornimedical.ch\/fr\/produit\/touchmed-foam-pansement-fin-sans-bordure-sterile\/#primaryimage\"},\"thumbnailUrl\":\"https:\/\/fornimedical.ch\/wp-content\/uploads\/2024\/04\/forni-medical_dealfa_touchmed_duenne-wundau\ufb02age_ohne-rand_02-scaled.jpg\",\"datePublished\":\"2024-04-25T19:17:05+00:00\",\"dateModified\":\"2024-08-29T13:01:47+00:00\",\"description\":\"Pansement fin Touchmed Foam en mousse de polyur\u00e9thane, sans bordure, ne colle pas \u00e0 la plaie, pour l\u00e9sions chroniques\",\"breadcrumb\":{\"@id\":\"https:\/\/fornimedical.ch\/fr\/produit\/touchmed-foam-pansement-fin-sans-bordure-sterile\/#breadcrumb\"},\"inLanguage\":\"fr-FR\",\"potentialAction\":[{\"@type\":\"ReadAction\",\"target\":[\"https:\/\/fornimedical.ch\/fr\/produit\/touchmed-foam-pansement-fin-sans-bordure-sterile\/\"]}]},{\"@type\":\"ImageObject\",\"inLanguage\":\"fr-FR\",\"@id\":\"https:\/\/fornimedical.ch\/fr\/produit\/touchmed-foam-pansement-fin-sans-bordure-sterile\/#primaryimage\",\"url\":\"https:\/\/fornimedical.ch\/wp-content\/uploads\/2024\/04\/forni-medical_dealfa_touchmed_duenne-wundau\ufb02age_ohne-rand_02-scaled.jpg\",\"contentUrl\":\"https:\/\/fornimedical.ch\/wp-content\/uploads\/2024\/04\/forni-medical_dealfa_touchmed_duenne-wundau\ufb02age_ohne-rand_02-scaled.jpg\",\"width\":2560,\"height\":1496,\"caption\":\"Touchmed Foam D\u00fcnnes Wundpflaster ohne Rand, steril\"},{\"@type\":\"BreadcrumbList\",\"@id\":\"https:\/\/fornimedical.ch\/fr\/produit\/touchmed-foam-pansement-fin-sans-bordure-sterile\/#breadcrumb\",\"itemListElement\":[{\"@type\":\"ListItem\",\"position\":1,\"name\":\"Home\",\"item\":\"https:\/\/fornimedical.ch\/fr\/\"},{\"@type\":\"ListItem\",\"position\":2,\"name\":\"Archives boutique en ligne\",\"item\":\"https:\/\/fornimedical.ch\/fr\/archives-boutique-en-ligne\/\"},{\"@type\":\"ListItem\",\"position\":3,\"name\":\"Touchmed Foam Pansement fin sans bordure, st\u00e9rile\"}]},{\"@type\":\"WebSite\",\"@id\":\"https:\/\/fornimedical.ch\/fr\/#website\",\"url\":\"https:\/\/fornimedical.ch\/fr\/\",\"name\":\"Forni Medical GmbH\",\"description\":\"\",\"publisher\":{\"@id\":\"https:\/\/fornimedical.ch\/fr\/#organization\"},\"potentialAction\":[{\"@type\":\"SearchAction\",\"target\":{\"@type\":\"EntryPoint\",\"urlTemplate\":\"https:\/\/fornimedical.ch\/fr\/?s={search_term_string}\"},\"query-input\":{\"@type\":\"PropertyValueSpecification\",\"valueRequired\":true,\"valueName\":\"search_term_string\"}}],\"inLanguage\":\"fr-FR\"},{\"@type\":\"Organization\",\"@id\":\"https:\/\/fornimedical.ch\/fr\/#organization\",\"name\":\"Forni Medical GmbH\",\"url\":\"https:\/\/fornimedical.ch\/fr\/\",\"logo\":{\"@type\":\"ImageObject\",\"inLanguage\":\"fr-FR\",\"@id\":\"https:\/\/fornimedical.ch\/fr\/#\/schema\/logo\/image\/\",\"url\":\"https:\/\/fornimedical.ch\/wp-content\/uploads\/2023\/08\/logo.svg\",\"contentUrl\":\"https:\/\/fornimedical.ch\/wp-content\/uploads\/2023\/08\/logo.svg\",\"caption\":\"Forni Medical GmbH\"},\"image\":{\"@id\":\"https:\/\/fornimedical.ch\/fr\/#\/schema\/logo\/image\/\"}}]}<\/script>\n<!-- \/ Yoast SEO plugin. -->","yoast_head_json":{"title":"Touchmed Foam Pansement fin sans bordure, st\u00e9rile","description":"Pansement fin Touchmed Foam en mousse de polyur\u00e9thane, sans bordure, ne colle pas \u00e0 la plaie, pour l\u00e9sions chroniques","robots":{"index":"index","follow":"follow","max-snippet":"max-snippet:-1","max-image-preview":"max-image-preview:large","max-video-preview":"max-video-preview:-1"},"canonical":"https:\/\/fornimedical.ch\/fr\/produit\/touchmed-foam-pansement-fin-sans-bordure-sterile\/","og_locale":"fr_FR","og_type":"article","og_title":"Touchmed Foam Pansement fin sans bordure, st\u00e9rile","og_description":"Pansement fin Touchmed Foam en mousse de polyur\u00e9thane, sans bordure, ne colle pas \u00e0 la plaie, pour l\u00e9sions chroniques","og_url":"https:\/\/fornimedical.ch\/fr\/produit\/touchmed-foam-pansement-fin-sans-bordure-sterile\/","og_site_name":"Forni Medical GmbH","article_modified_time":"2024-08-29T13:01:47+00:00","og_image":[{"width":2560,"height":1496,"url":"https:\/\/fornimedical.ch\/wp-content\/uploads\/2024\/04\/forni-medical_dealfa_touchmed_duenne-wundau\ufb02age_ohne-rand_02-scaled.jpg","type":"image\/jpeg"}],"twitter_card":"summary_large_image","twitter_misc":{"Dur\u00e9e de lecture estim\u00e9e":"1 minute"},"schema":{"@context":"https:\/\/schema.org","@graph":[{"@type":"WebPage","@id":"https:\/\/fornimedical.ch\/fr\/produit\/touchmed-foam-pansement-fin-sans-bordure-sterile\/","url":"https:\/\/fornimedical.ch\/fr\/produit\/touchmed-foam-pansement-fin-sans-bordure-sterile\/","name":"Touchmed Foam Pansement fin sans bordure, st\u00e9rile","isPartOf":{"@id":"https:\/\/fornimedical.ch\/fr\/#website"},"primaryImageOfPage":{"@id":"https:\/\/fornimedical.ch\/fr\/produit\/touchmed-foam-pansement-fin-sans-bordure-sterile\/#primaryimage"},"image":{"@id":"https:\/\/fornimedical.ch\/fr\/produit\/touchmed-foam-pansement-fin-sans-bordure-sterile\/#primaryimage"},"thumbnailUrl":"https:\/\/fornimedical.ch\/wp-content\/uploads\/2024\/04\/forni-medical_dealfa_touchmed_duenne-wundau\ufb02age_ohne-rand_02-scaled.jpg","datePublished":"2024-04-25T19:17:05+00:00","dateModified":"2024-08-29T13:01:47+00:00","description":"Pansement fin Touchmed Foam en mousse de polyur\u00e9thane, sans bordure, ne colle pas \u00e0 la plaie, pour l\u00e9sions chroniques","breadcrumb":{"@id":"https:\/\/fornimedical.ch\/fr\/produit\/touchmed-foam-pansement-fin-sans-bordure-sterile\/#breadcrumb"},"inLanguage":"fr-FR","potentialAction":[{"@type":"ReadAction","target":["https:\/\/fornimedical.ch\/fr\/produit\/touchmed-foam-pansement-fin-sans-bordure-sterile\/"]}]},{"@type":"ImageObject","inLanguage":"fr-FR","@id":"https:\/\/fornimedical.ch\/fr\/produit\/touchmed-foam-pansement-fin-sans-bordure-sterile\/#primaryimage","url":"https:\/\/fornimedical.ch\/wp-content\/uploads\/2024\/04\/forni-medical_dealfa_touchmed_duenne-wundau\ufb02age_ohne-rand_02-scaled.jpg","contentUrl":"https:\/\/fornimedical.ch\/wp-content\/uploads\/2024\/04\/forni-medical_dealfa_touchmed_duenne-wundau\ufb02age_ohne-rand_02-scaled.jpg","width":2560,"height":1496,"caption":"Touchmed Foam D\u00fcnnes Wundpflaster ohne Rand, steril"},{"@type":"BreadcrumbList","@id":"https:\/\/fornimedical.ch\/fr\/produit\/touchmed-foam-pansement-fin-sans-bordure-sterile\/#breadcrumb","itemListElement":[{"@type":"ListItem","position":1,"name":"Home","item":"https:\/\/fornimedical.ch\/fr\/"},{"@type":"ListItem","position":2,"name":"Archives boutique en ligne","item":"https:\/\/fornimedical.ch\/fr\/archives-boutique-en-ligne\/"},{"@type":"ListItem","position":3,"name":"Touchmed Foam Pansement fin sans bordure, st\u00e9rile"}]},{"@type":"WebSite","@id":"https:\/\/fornimedical.ch\/fr\/#website","url":"https:\/\/fornimedical.ch\/fr\/","name":"Forni Medical GmbH","description":"","publisher":{"@id":"https:\/\/fornimedical.ch\/fr\/#organization"},"potentialAction":[{"@type":"SearchAction","target":{"@type":"EntryPoint","urlTemplate":"https:\/\/fornimedical.ch\/fr\/?s={search_term_string}"},"query-input":{"@type":"PropertyValueSpecification","valueRequired":true,"valueName":"search_term_string"}}],"inLanguage":"fr-FR"},{"@type":"Organization","@id":"https:\/\/fornimedical.ch\/fr\/#organization","name":"Forni Medical GmbH","url":"https:\/\/fornimedical.ch\/fr\/","logo":{"@type":"ImageObject","inLanguage":"fr-FR","@id":"https:\/\/fornimedical.ch\/fr\/#\/schema\/logo\/image\/","url":"https:\/\/fornimedical.ch\/wp-content\/uploads\/2023\/08\/logo.svg","contentUrl":"https:\/\/fornimedical.ch\/wp-content\/uploads\/2023\/08\/logo.svg","caption":"Forni Medical GmbH"},"image":{"@id":"https:\/\/fornimedical.ch\/fr\/#\/schema\/logo\/image\/"}}]}},"_links":{"self":[{"href":"https:\/\/fornimedical.ch\/fr\/wp-json\/wp\/v2\/product\/5601","targetHints":{"allow":["GET"]}}],"collection":[{"href":"https:\/\/fornimedical.ch\/fr\/wp-json\/wp\/v2\/product"}],"about":[{"href":"https:\/\/fornimedical.ch\/fr\/wp-json\/wp\/v2\/types\/product"}],"replies":[{"embeddable":true,"href":"https:\/\/fornimedical.ch\/fr\/wp-json\/wp\/v2\/comments?post=5601"}],"wp:featuredmedia":[{"embeddable":true,"href":"https:\/\/fornimedical.ch\/fr\/wp-json\/wp\/v2\/media\/5033"}],"wp:attachment":[{"href":"https:\/\/fornimedical.ch\/fr\/wp-json\/wp\/v2\/media?parent=5601"}],"wp:term":[{"taxonomy":"product_brand","embeddable":true,"href":"https:\/\/fornimedical.ch\/fr\/wp-json\/wp\/v2\/product_brand?post=5601"},{"taxonomy":"product_cat","embeddable":true,"href":"https:\/\/fornimedical.ch\/fr\/wp-json\/wp\/v2\/product_cat?post=5601"},{"taxonomy":"product_tag","embeddable":true,"href":"https:\/\/fornimedical.ch\/fr\/wp-json\/wp\/v2\/product_tag?post=5601"}],"curies":[{"name":"wp","href":"https:\/\/api.w.org\/{rel}","templated":true}]}}