{"id":5599,"date":"2024-04-08T14:36:04","date_gmt":"2024-04-08T12:36:04","guid":{"rendered":"https:\/\/fornimedical.ch\/product\/novabetafix-ag-ligne-argent-bandage-pour-fistule-avec-argent-sterile\/"},"modified":"2024-08-27T11:02:58","modified_gmt":"2024-08-27T11:02:58","slug":"novabetafix-ag-ligne-argent-bandage-pour-fistule-avec-argent-sterile","status":"publish","type":"product","link":"https:\/\/fornimedical.ch\/fr\/produit\/novabetafix-ag-ligne-argent-bandage-pour-fistule-avec-argent-sterile\/","title":{"rendered":"NOVABETAFIX AG (ligne argent), bandage pour fistule avec argent, st\u00e9rile"},"content":{"rendered":"<p>NOVABETAFIX AG est un pansement \u00e9lastique compos\u00e9 d\u2019un pad absorbant et d\u2019un film non adh\u00e9sif lib\u00e9rant des ions d\u2019argent, dont l\u2019une des extr\u00e9mit\u00e9s est munie d\u2019un pansement pour assurer l\u2019\u00e9tanch\u00e9it\u00e9. Le bandage pour fistule a un effet h\u00e9mostatique compressif des fistules art\u00e9rio-veineuses (FAV) et sert \u00e0 contenir les exsudats \u00e0 la fin des traitements de dialyse, des traitements intraveineux, des transfusions sanguines, ainsi qu\u2019\u00e0 prot\u00e9ger l\u2019acc\u00e8s aux vaisseaux dans la p\u00e9riode post-traitement. Autres dimensions ou mod\u00e8les sur demande.<\/p>\n","protected":false},"excerpt":{"rendered":"<p>Pad non adh\u00e9rent, multicouches \u00e0 grande capacit\u00e9 d\u2019absorption \u2300 2,6\u00a0cm sur bande \u00e9lastique 45 x 6\u00a0cm<\/p>\n","protected":false},"featured_media":3551,"comment_status":"closed","ping_status":"closed","template":"","meta":{"_acf_changed":false,"site-sidebar-layout":"default","site-content-layout":"","ast-site-content-layout":"default","site-content-style":"default","site-sidebar-style":"default","ast-global-header-display":"","ast-banner-title-visibility":"","ast-main-header-display":"","ast-hfb-above-header-display":"","ast-hfb-below-header-display":"","ast-hfb-mobile-header-display":"","site-post-title":"","ast-breadcrumbs-content":"","ast-featured-img":"","footer-sml-layout":"","theme-transparent-header-meta":"default","adv-header-id-meta":"","stick-header-meta":"","header-above-stick-meta":"","header-main-stick-meta":"","header-below-stick-meta":"","astra-migrate-meta-layouts":"set","ast-page-background-enabled":"default","ast-page-background-meta":{"desktop":{"background-color":"var(--ast-global-color-4)","background-image":"","background-repeat":"repeat","background-position":"center center","background-size":"auto","background-attachment":"scroll","background-type":"","background-media":"","overlay-type":"","overlay-color":"","overlay-opacity":"","overlay-gradient":""},"tablet":{"background-color":"","background-image":"","background-repeat":"repeat","background-position":"center center","background-size":"auto","background-attachment":"scroll","background-type":"","background-media":"","overlay-type":"","overlay-color":"","overlay-opacity":"","overlay-gradient":""},"mobile":{"background-color":"","background-image":"","background-repeat":"repeat","background-position":"center center","background-size":"auto","background-attachment":"scroll","background-type":"","background-media":"","overlay-type":"","overlay-color":"","overlay-opacity":"","overlay-gradient":""}},"ast-content-background-meta":{"desktop":{"background-color":"var(--ast-global-color-5)","background-image":"","background-repeat":"repeat","background-position":"center center","background-size":"auto","background-attachment":"scroll","background-type":"","background-media":"","overlay-type":"","overlay-color":"","overlay-opacity":"","overlay-gradient":""},"tablet":{"background-color":"var(--ast-global-color-5)","background-image":"","background-repeat":"repeat","background-position":"center center","background-size":"auto","background-attachment":"scroll","background-type":"","background-media":"","overlay-type":"","overlay-color":"","overlay-opacity":"","overlay-gradient":""},"mobile":{"background-color":"var(--ast-global-color-5)","background-image":"","background-repeat":"repeat","background-position":"center center","background-size":"auto","background-attachment":"scroll","background-type":"","background-media":"","overlay-type":"","overlay-color":"","overlay-opacity":"","overlay-gradient":""}}},"product_brand":[],"product_cat":[102],"product_tag":[],"class_list":{"0":"post-5599","1":"product","2":"type-product","3":"status-publish","4":"has-post-thumbnail","6":"product_cat-fistelverband-mit-silber","7":"desktop-align-left","8":"tablet-align-left","9":"mobile-align-left","11":"first","12":"instock","13":"taxable","14":"shipping-taxable","15":"purchasable","16":"product-type-variable","17":"has-default-attributes","18":"add-to-wishlist-before_image"},"acf":[],"yoast_head":"<!-- This site is optimized with the Yoast SEO plugin v26.5 - https:\/\/yoast.com\/wordpress\/plugins\/seo\/ -->\n<title>NOVABETAFIX AG (ligne argent), bandage pour fistule avec argent, st\u00e9rile<\/title>\n<meta name=\"description\" content=\"NOVABETAFIX AG Bandage pour fistule (ligne argent), st\u00e9rile. Pad absorbant (2,5 x 2,5\u00a0cm) sur bande \u00e9lastique 50 x 6\u00a0cm, non tiss\u00e9 viscose-poly\u00e9thyl\u00e8ne\" \/>\n<meta name=\"robots\" content=\"index, follow, max-snippet:-1, max-image-preview:large, max-video-preview:-1\" \/>\n<link rel=\"canonical\" href=\"https:\/\/fornimedical.ch\/fr\/produit\/novabetafix-ag-ligne-argent-bandage-pour-fistule-avec-argent-sterile\/\" \/>\n<meta property=\"og:locale\" content=\"fr_FR\" \/>\n<meta property=\"og:type\" content=\"article\" \/>\n<meta property=\"og:title\" content=\"NOVABETAFIX AG (ligne argent), bandage pour fistule avec argent, st\u00e9rile\" \/>\n<meta property=\"og:description\" content=\"NOVABETAFIX AG Bandage pour fistule (ligne argent), st\u00e9rile. Pad absorbant (2,5 x 2,5\u00a0cm) sur bande \u00e9lastique 50 x 6\u00a0cm, non tiss\u00e9 viscose-poly\u00e9thyl\u00e8ne\" \/>\n<meta property=\"og:url\" content=\"https:\/\/fornimedical.ch\/fr\/produit\/novabetafix-ag-ligne-argent-bandage-pour-fistule-avec-argent-sterile\/\" \/>\n<meta property=\"og:site_name\" content=\"Forni Medical GmbH\" \/>\n<meta property=\"article:modified_time\" content=\"2024-08-27T11:02:58+00:00\" \/>\n<meta property=\"og:image\" content=\"https:\/\/fornimedical.ch\/wp-content\/uploads\/2024\/04\/forni-medical_emodial_novabetafix_fistelverband-mit-silber_steril.jpg\" \/>\n\t<meta property=\"og:image:width\" content=\"2481\" \/>\n\t<meta property=\"og:image:height\" content=\"1487\" \/>\n\t<meta property=\"og:image:type\" content=\"image\/jpeg\" \/>\n<meta name=\"twitter:card\" content=\"summary_large_image\" \/>\n<meta name=\"twitter:label1\" content=\"Dur\u00e9e de lecture estim\u00e9e\" \/>\n\t<meta name=\"twitter:data1\" content=\"1 minute\" \/>\n<script type=\"application\/ld+json\" class=\"yoast-schema-graph\">{\"@context\":\"https:\/\/schema.org\",\"@graph\":[{\"@type\":\"WebPage\",\"@id\":\"https:\/\/fornimedical.ch\/fr\/produit\/novabetafix-ag-ligne-argent-bandage-pour-fistule-avec-argent-sterile\/\",\"url\":\"https:\/\/fornimedical.ch\/fr\/produit\/novabetafix-ag-ligne-argent-bandage-pour-fistule-avec-argent-sterile\/\",\"name\":\"NOVABETAFIX AG (ligne argent), bandage pour fistule avec argent, st\u00e9rile\",\"isPartOf\":{\"@id\":\"https:\/\/fornimedical.ch\/fr\/#website\"},\"primaryImageOfPage\":{\"@id\":\"https:\/\/fornimedical.ch\/fr\/produit\/novabetafix-ag-ligne-argent-bandage-pour-fistule-avec-argent-sterile\/#primaryimage\"},\"image\":{\"@id\":\"https:\/\/fornimedical.ch\/fr\/produit\/novabetafix-ag-ligne-argent-bandage-pour-fistule-avec-argent-sterile\/#primaryimage\"},\"thumbnailUrl\":\"https:\/\/fornimedical.ch\/wp-content\/uploads\/2024\/04\/forni-medical_emodial_novabetafix_fistelverband-mit-silber_steril.jpg\",\"datePublished\":\"2024-04-08T12:36:04+00:00\",\"dateModified\":\"2024-08-27T11:02:58+00:00\",\"description\":\"NOVABETAFIX AG Bandage pour fistule (ligne argent), st\u00e9rile. Pad absorbant (2,5 x 2,5\u00a0cm) sur bande \u00e9lastique 50 x 6\u00a0cm, non tiss\u00e9 viscose-poly\u00e9thyl\u00e8ne\",\"breadcrumb\":{\"@id\":\"https:\/\/fornimedical.ch\/fr\/produit\/novabetafix-ag-ligne-argent-bandage-pour-fistule-avec-argent-sterile\/#breadcrumb\"},\"inLanguage\":\"fr-FR\",\"potentialAction\":[{\"@type\":\"ReadAction\",\"target\":[\"https:\/\/fornimedical.ch\/fr\/produit\/novabetafix-ag-ligne-argent-bandage-pour-fistule-avec-argent-sterile\/\"]}]},{\"@type\":\"ImageObject\",\"inLanguage\":\"fr-FR\",\"@id\":\"https:\/\/fornimedical.ch\/fr\/produit\/novabetafix-ag-ligne-argent-bandage-pour-fistule-avec-argent-sterile\/#primaryimage\",\"url\":\"https:\/\/fornimedical.ch\/wp-content\/uploads\/2024\/04\/forni-medical_emodial_novabetafix_fistelverband-mit-silber_steril.jpg\",\"contentUrl\":\"https:\/\/fornimedical.ch\/wp-content\/uploads\/2024\/04\/forni-medical_emodial_novabetafix_fistelverband-mit-silber_steril.jpg\",\"width\":2481,\"height\":1487,\"caption\":\"Forni Medical Emodial NOVABETAFIX AG (Silverline), Fistelverband mit Silber, steril\"},{\"@type\":\"BreadcrumbList\",\"@id\":\"https:\/\/fornimedical.ch\/fr\/produit\/novabetafix-ag-ligne-argent-bandage-pour-fistule-avec-argent-sterile\/#breadcrumb\",\"itemListElement\":[{\"@type\":\"ListItem\",\"position\":1,\"name\":\"Home\",\"item\":\"https:\/\/fornimedical.ch\/fr\/\"},{\"@type\":\"ListItem\",\"position\":2,\"name\":\"Archives boutique en ligne\",\"item\":\"https:\/\/fornimedical.ch\/fr\/archives-boutique-en-ligne\/\"},{\"@type\":\"ListItem\",\"position\":3,\"name\":\"NOVABETAFIX AG (ligne argent), bandage pour fistule avec argent, st\u00e9rile\"}]},{\"@type\":\"WebSite\",\"@id\":\"https:\/\/fornimedical.ch\/fr\/#website\",\"url\":\"https:\/\/fornimedical.ch\/fr\/\",\"name\":\"Forni Medical GmbH\",\"description\":\"\",\"publisher\":{\"@id\":\"https:\/\/fornimedical.ch\/fr\/#organization\"},\"potentialAction\":[{\"@type\":\"SearchAction\",\"target\":{\"@type\":\"EntryPoint\",\"urlTemplate\":\"https:\/\/fornimedical.ch\/fr\/?s={search_term_string}\"},\"query-input\":{\"@type\":\"PropertyValueSpecification\",\"valueRequired\":true,\"valueName\":\"search_term_string\"}}],\"inLanguage\":\"fr-FR\"},{\"@type\":\"Organization\",\"@id\":\"https:\/\/fornimedical.ch\/fr\/#organization\",\"name\":\"Forni Medical GmbH\",\"url\":\"https:\/\/fornimedical.ch\/fr\/\",\"logo\":{\"@type\":\"ImageObject\",\"inLanguage\":\"fr-FR\",\"@id\":\"https:\/\/fornimedical.ch\/fr\/#\/schema\/logo\/image\/\",\"url\":\"https:\/\/fornimedical.ch\/wp-content\/uploads\/2023\/08\/logo.svg\",\"contentUrl\":\"https:\/\/fornimedical.ch\/wp-content\/uploads\/2023\/08\/logo.svg\",\"caption\":\"Forni Medical GmbH\"},\"image\":{\"@id\":\"https:\/\/fornimedical.ch\/fr\/#\/schema\/logo\/image\/\"}}]}<\/script>\n<!-- \/ Yoast SEO plugin. -->","yoast_head_json":{"title":"NOVABETAFIX AG (ligne argent), bandage pour fistule avec argent, st\u00e9rile","description":"NOVABETAFIX AG Bandage pour fistule (ligne argent), st\u00e9rile. Pad absorbant (2,5 x 2,5\u00a0cm) sur bande \u00e9lastique 50 x 6\u00a0cm, non tiss\u00e9 viscose-poly\u00e9thyl\u00e8ne","robots":{"index":"index","follow":"follow","max-snippet":"max-snippet:-1","max-image-preview":"max-image-preview:large","max-video-preview":"max-video-preview:-1"},"canonical":"https:\/\/fornimedical.ch\/fr\/produit\/novabetafix-ag-ligne-argent-bandage-pour-fistule-avec-argent-sterile\/","og_locale":"fr_FR","og_type":"article","og_title":"NOVABETAFIX AG (ligne argent), bandage pour fistule avec argent, st\u00e9rile","og_description":"NOVABETAFIX AG Bandage pour fistule (ligne argent), st\u00e9rile. Pad absorbant (2,5 x 2,5\u00a0cm) sur bande \u00e9lastique 50 x 6\u00a0cm, non tiss\u00e9 viscose-poly\u00e9thyl\u00e8ne","og_url":"https:\/\/fornimedical.ch\/fr\/produit\/novabetafix-ag-ligne-argent-bandage-pour-fistule-avec-argent-sterile\/","og_site_name":"Forni Medical GmbH","article_modified_time":"2024-08-27T11:02:58+00:00","og_image":[{"width":2481,"height":1487,"url":"https:\/\/fornimedical.ch\/wp-content\/uploads\/2024\/04\/forni-medical_emodial_novabetafix_fistelverband-mit-silber_steril.jpg","type":"image\/jpeg"}],"twitter_card":"summary_large_image","twitter_misc":{"Dur\u00e9e de lecture estim\u00e9e":"1 minute"},"schema":{"@context":"https:\/\/schema.org","@graph":[{"@type":"WebPage","@id":"https:\/\/fornimedical.ch\/fr\/produit\/novabetafix-ag-ligne-argent-bandage-pour-fistule-avec-argent-sterile\/","url":"https:\/\/fornimedical.ch\/fr\/produit\/novabetafix-ag-ligne-argent-bandage-pour-fistule-avec-argent-sterile\/","name":"NOVABETAFIX AG (ligne argent), bandage pour fistule avec argent, st\u00e9rile","isPartOf":{"@id":"https:\/\/fornimedical.ch\/fr\/#website"},"primaryImageOfPage":{"@id":"https:\/\/fornimedical.ch\/fr\/produit\/novabetafix-ag-ligne-argent-bandage-pour-fistule-avec-argent-sterile\/#primaryimage"},"image":{"@id":"https:\/\/fornimedical.ch\/fr\/produit\/novabetafix-ag-ligne-argent-bandage-pour-fistule-avec-argent-sterile\/#primaryimage"},"thumbnailUrl":"https:\/\/fornimedical.ch\/wp-content\/uploads\/2024\/04\/forni-medical_emodial_novabetafix_fistelverband-mit-silber_steril.jpg","datePublished":"2024-04-08T12:36:04+00:00","dateModified":"2024-08-27T11:02:58+00:00","description":"NOVABETAFIX AG Bandage pour fistule (ligne argent), st\u00e9rile. Pad absorbant (2,5 x 2,5\u00a0cm) sur bande \u00e9lastique 50 x 6\u00a0cm, non tiss\u00e9 viscose-poly\u00e9thyl\u00e8ne","breadcrumb":{"@id":"https:\/\/fornimedical.ch\/fr\/produit\/novabetafix-ag-ligne-argent-bandage-pour-fistule-avec-argent-sterile\/#breadcrumb"},"inLanguage":"fr-FR","potentialAction":[{"@type":"ReadAction","target":["https:\/\/fornimedical.ch\/fr\/produit\/novabetafix-ag-ligne-argent-bandage-pour-fistule-avec-argent-sterile\/"]}]},{"@type":"ImageObject","inLanguage":"fr-FR","@id":"https:\/\/fornimedical.ch\/fr\/produit\/novabetafix-ag-ligne-argent-bandage-pour-fistule-avec-argent-sterile\/#primaryimage","url":"https:\/\/fornimedical.ch\/wp-content\/uploads\/2024\/04\/forni-medical_emodial_novabetafix_fistelverband-mit-silber_steril.jpg","contentUrl":"https:\/\/fornimedical.ch\/wp-content\/uploads\/2024\/04\/forni-medical_emodial_novabetafix_fistelverband-mit-silber_steril.jpg","width":2481,"height":1487,"caption":"Forni Medical Emodial NOVABETAFIX AG (Silverline), Fistelverband mit Silber, steril"},{"@type":"BreadcrumbList","@id":"https:\/\/fornimedical.ch\/fr\/produit\/novabetafix-ag-ligne-argent-bandage-pour-fistule-avec-argent-sterile\/#breadcrumb","itemListElement":[{"@type":"ListItem","position":1,"name":"Home","item":"https:\/\/fornimedical.ch\/fr\/"},{"@type":"ListItem","position":2,"name":"Archives boutique en ligne","item":"https:\/\/fornimedical.ch\/fr\/archives-boutique-en-ligne\/"},{"@type":"ListItem","position":3,"name":"NOVABETAFIX AG (ligne argent), bandage pour fistule avec argent, st\u00e9rile"}]},{"@type":"WebSite","@id":"https:\/\/fornimedical.ch\/fr\/#website","url":"https:\/\/fornimedical.ch\/fr\/","name":"Forni Medical GmbH","description":"","publisher":{"@id":"https:\/\/fornimedical.ch\/fr\/#organization"},"potentialAction":[{"@type":"SearchAction","target":{"@type":"EntryPoint","urlTemplate":"https:\/\/fornimedical.ch\/fr\/?s={search_term_string}"},"query-input":{"@type":"PropertyValueSpecification","valueRequired":true,"valueName":"search_term_string"}}],"inLanguage":"fr-FR"},{"@type":"Organization","@id":"https:\/\/fornimedical.ch\/fr\/#organization","name":"Forni Medical GmbH","url":"https:\/\/fornimedical.ch\/fr\/","logo":{"@type":"ImageObject","inLanguage":"fr-FR","@id":"https:\/\/fornimedical.ch\/fr\/#\/schema\/logo\/image\/","url":"https:\/\/fornimedical.ch\/wp-content\/uploads\/2023\/08\/logo.svg","contentUrl":"https:\/\/fornimedical.ch\/wp-content\/uploads\/2023\/08\/logo.svg","caption":"Forni Medical GmbH"},"image":{"@id":"https:\/\/fornimedical.ch\/fr\/#\/schema\/logo\/image\/"}}]}},"_links":{"self":[{"href":"https:\/\/fornimedical.ch\/fr\/wp-json\/wp\/v2\/product\/5599","targetHints":{"allow":["GET"]}}],"collection":[{"href":"https:\/\/fornimedical.ch\/fr\/wp-json\/wp\/v2\/product"}],"about":[{"href":"https:\/\/fornimedical.ch\/fr\/wp-json\/wp\/v2\/types\/product"}],"replies":[{"embeddable":true,"href":"https:\/\/fornimedical.ch\/fr\/wp-json\/wp\/v2\/comments?post=5599"}],"wp:featuredmedia":[{"embeddable":true,"href":"https:\/\/fornimedical.ch\/fr\/wp-json\/wp\/v2\/media\/3551"}],"wp:attachment":[{"href":"https:\/\/fornimedical.ch\/fr\/wp-json\/wp\/v2\/media?parent=5599"}],"wp:term":[{"taxonomy":"product_brand","embeddable":true,"href":"https:\/\/fornimedical.ch\/fr\/wp-json\/wp\/v2\/product_brand?post=5599"},{"taxonomy":"product_cat","embeddable":true,"href":"https:\/\/fornimedical.ch\/fr\/wp-json\/wp\/v2\/product_cat?post=5599"},{"taxonomy":"product_tag","embeddable":true,"href":"https:\/\/fornimedical.ch\/fr\/wp-json\/wp\/v2\/product_tag?post=5599"}],"curies":[{"name":"wp","href":"https:\/\/api.w.org\/{rel}","templated":true}]}}