{"id":5598,"date":"2024-03-29T14:10:00","date_gmt":"2024-03-29T13:10:00","guid":{"rendered":"https:\/\/fornimedical.ch\/product\/stax-attelle-de-protection-pour-le-doigt-en-matiere-plastique-couleur-chair-perforee\/"},"modified":"2025-01-13T06:37:25","modified_gmt":"2025-01-13T05:37:25","slug":"stax-attelle-de-protection-pour-le-doigt-en-matiere-plastique-couleur-chair-perforee","status":"publish","type":"product","link":"https:\/\/fornimedical.ch\/fr\/produit\/stax-attelle-de-protection-pour-le-doigt-en-matiere-plastique-couleur-chair-perforee\/","title":{"rendered":"Stax Attelle de protection pour le doigt, en mati\u00e8re plastique couleur chair, perfor\u00e9e"},"content":{"rendered":"<p>Les attelles de protection pour le doigt Stax soutiennent et stabilisent. Pour le traitement des blessures au doigt. Les attelles de protection pour le doigt sont perfor\u00e9es afin d\u2019assurer une circulation optimale de l\u2019air ainsi qu\u2019un confort de port. Elles peuvent \u00eatre r\u00e9utilis\u00e9es pendant longtemps et sont lavables.<\/p>\n","protected":false},"excerpt":{"rendered":"<p>couleur chair, 100\u00a0% polypropyl\u00e8ne, lavable, peut \u00eatre lav\u00e9e \u00e0 la main<\/p>\n","protected":false},"featured_media":2966,"comment_status":"closed","ping_status":"closed","template":"","meta":{"_acf_changed":false,"site-sidebar-layout":"default","site-content-layout":"","ast-site-content-layout":"default","site-content-style":"default","site-sidebar-style":"default","ast-global-header-display":"","ast-banner-title-visibility":"","ast-main-header-display":"","ast-hfb-above-header-display":"","ast-hfb-below-header-display":"","ast-hfb-mobile-header-display":"","site-post-title":"","ast-breadcrumbs-content":"","ast-featured-img":"","footer-sml-layout":"","theme-transparent-header-meta":"default","adv-header-id-meta":"","stick-header-meta":"","header-above-stick-meta":"","header-main-stick-meta":"","header-below-stick-meta":"","astra-migrate-meta-layouts":"set","ast-page-background-enabled":"default","ast-page-background-meta":{"desktop":{"background-color":"var(--ast-global-color-4)","background-image":"","background-repeat":"repeat","background-position":"center center","background-size":"auto","background-attachment":"scroll","background-type":"","background-media":"","overlay-type":"","overlay-color":"","overlay-opacity":"","overlay-gradient":""},"tablet":{"background-color":"","background-image":"","background-repeat":"repeat","background-position":"center center","background-size":"auto","background-attachment":"scroll","background-type":"","background-media":"","overlay-type":"","overlay-color":"","overlay-opacity":"","overlay-gradient":""},"mobile":{"background-color":"","background-image":"","background-repeat":"repeat","background-position":"center center","background-size":"auto","background-attachment":"scroll","background-type":"","background-media":"","overlay-type":"","overlay-color":"","overlay-opacity":"","overlay-gradient":""}},"ast-content-background-meta":{"desktop":{"background-color":"var(--ast-global-color-5)","background-image":"","background-repeat":"repeat","background-position":"center center","background-size":"auto","background-attachment":"scroll","background-type":"","background-media":"","overlay-type":"","overlay-color":"","overlay-opacity":"","overlay-gradient":""},"tablet":{"background-color":"var(--ast-global-color-5)","background-image":"","background-repeat":"repeat","background-position":"center center","background-size":"auto","background-attachment":"scroll","background-type":"","background-media":"","overlay-type":"","overlay-color":"","overlay-opacity":"","overlay-gradient":""},"mobile":{"background-color":"var(--ast-global-color-5)","background-image":"","background-repeat":"repeat","background-position":"center center","background-size":"auto","background-attachment":"scroll","background-type":"","background-media":"","overlay-type":"","overlay-color":"","overlay-opacity":"","overlay-gradient":""}}},"product_brand":[],"product_cat":[587],"product_tag":[],"class_list":{"0":"post-5598","1":"product","2":"type-product","3":"status-publish","4":"has-post-thumbnail","6":"product_cat-protection-pour-le-doigt","7":"desktop-align-left","8":"tablet-align-left","9":"mobile-align-left","11":"first","12":"instock","13":"taxable","14":"shipping-taxable","15":"purchasable","16":"product-type-variable","17":"has-default-attributes","18":"add-to-wishlist-before_image"},"acf":[],"yoast_head":"<!-- This site is optimized with the Yoast SEO plugin v26.5 - https:\/\/yoast.com\/wordpress\/plugins\/seo\/ -->\n<title>Stax Attelle de protection pour le doigt, couleur chair, mati\u00e8re plastique, perfor\u00e9e<\/title>\n<meta name=\"description\" content=\"Stax Attelle de protection pour le doigt, en mati\u00e8re plastique couleur chair, perfor\u00e9e, 100\u00a0% polypropyl\u00e8ne, lavable, peut \u00eatre lav\u00e9e \u00e0 la main\" \/>\n<meta name=\"robots\" content=\"index, follow, max-snippet:-1, max-image-preview:large, max-video-preview:-1\" \/>\n<link rel=\"canonical\" href=\"https:\/\/fornimedical.ch\/fr\/produit\/stax-attelle-de-protection-pour-le-doigt-en-matiere-plastique-couleur-chair-perforee\/\" \/>\n<meta property=\"og:locale\" content=\"fr_FR\" \/>\n<meta property=\"og:type\" content=\"article\" \/>\n<meta property=\"og:title\" content=\"Stax Attelle de protection pour le doigt, couleur chair, mati\u00e8re plastique, perfor\u00e9e\" \/>\n<meta property=\"og:description\" content=\"Stax Attelle de protection pour le doigt, en mati\u00e8re plastique couleur chair, perfor\u00e9e, 100\u00a0% polypropyl\u00e8ne, lavable, peut \u00eatre lav\u00e9e \u00e0 la main\" \/>\n<meta property=\"og:url\" content=\"https:\/\/fornimedical.ch\/fr\/produit\/stax-attelle-de-protection-pour-le-doigt-en-matiere-plastique-couleur-chair-perforee\/\" \/>\n<meta property=\"og:site_name\" content=\"Forni Medical GmbH\" \/>\n<meta property=\"article:modified_time\" content=\"2025-01-13T05:37:25+00:00\" \/>\n<meta property=\"og:image\" content=\"https:\/\/fornimedical.ch\/wp-content\/uploads\/2024\/03\/forni-medical_stax-fingerschutzkappe_hautfarben.jpg\" \/>\n\t<meta property=\"og:image:width\" content=\"2481\" \/>\n\t<meta property=\"og:image:height\" content=\"1487\" \/>\n\t<meta property=\"og:image:type\" content=\"image\/jpeg\" \/>\n<meta name=\"twitter:card\" content=\"summary_large_image\" \/>\n<meta name=\"twitter:label1\" content=\"Dur\u00e9e de lecture estim\u00e9e\" \/>\n\t<meta name=\"twitter:data1\" content=\"1 minute\" \/>\n<script type=\"application\/ld+json\" class=\"yoast-schema-graph\">{\"@context\":\"https:\/\/schema.org\",\"@graph\":[{\"@type\":\"WebPage\",\"@id\":\"https:\/\/fornimedical.ch\/fr\/produit\/stax-attelle-de-protection-pour-le-doigt-en-matiere-plastique-couleur-chair-perforee\/\",\"url\":\"https:\/\/fornimedical.ch\/fr\/produit\/stax-attelle-de-protection-pour-le-doigt-en-matiere-plastique-couleur-chair-perforee\/\",\"name\":\"Stax Attelle de protection pour le doigt, couleur chair, mati\u00e8re plastique, perfor\u00e9e\",\"isPartOf\":{\"@id\":\"https:\/\/fornimedical.ch\/fr\/#website\"},\"primaryImageOfPage\":{\"@id\":\"https:\/\/fornimedical.ch\/fr\/produit\/stax-attelle-de-protection-pour-le-doigt-en-matiere-plastique-couleur-chair-perforee\/#primaryimage\"},\"image\":{\"@id\":\"https:\/\/fornimedical.ch\/fr\/produit\/stax-attelle-de-protection-pour-le-doigt-en-matiere-plastique-couleur-chair-perforee\/#primaryimage\"},\"thumbnailUrl\":\"https:\/\/fornimedical.ch\/wp-content\/uploads\/2024\/03\/forni-medical_stax-fingerschutzkappe_hautfarben.jpg\",\"datePublished\":\"2024-03-29T13:10:00+00:00\",\"dateModified\":\"2025-01-13T05:37:25+00:00\",\"description\":\"Stax Attelle de protection pour le doigt, en mati\u00e8re plastique couleur chair, perfor\u00e9e, 100\u00a0% polypropyl\u00e8ne, lavable, peut \u00eatre lav\u00e9e \u00e0 la main\",\"breadcrumb\":{\"@id\":\"https:\/\/fornimedical.ch\/fr\/produit\/stax-attelle-de-protection-pour-le-doigt-en-matiere-plastique-couleur-chair-perforee\/#breadcrumb\"},\"inLanguage\":\"fr-FR\",\"potentialAction\":[{\"@type\":\"ReadAction\",\"target\":[\"https:\/\/fornimedical.ch\/fr\/produit\/stax-attelle-de-protection-pour-le-doigt-en-matiere-plastique-couleur-chair-perforee\/\"]}]},{\"@type\":\"ImageObject\",\"inLanguage\":\"fr-FR\",\"@id\":\"https:\/\/fornimedical.ch\/fr\/produit\/stax-attelle-de-protection-pour-le-doigt-en-matiere-plastique-couleur-chair-perforee\/#primaryimage\",\"url\":\"https:\/\/fornimedical.ch\/wp-content\/uploads\/2024\/03\/forni-medical_stax-fingerschutzkappe_hautfarben.jpg\",\"contentUrl\":\"https:\/\/fornimedical.ch\/wp-content\/uploads\/2024\/03\/forni-medical_stax-fingerschutzkappe_hautfarben.jpg\",\"width\":2481,\"height\":1487,\"caption\":\"Forni Medical Stax Fingerschutzkappe, aus hautfarbenem Kunststoffmaterial, perforiert\"},{\"@type\":\"BreadcrumbList\",\"@id\":\"https:\/\/fornimedical.ch\/fr\/produit\/stax-attelle-de-protection-pour-le-doigt-en-matiere-plastique-couleur-chair-perforee\/#breadcrumb\",\"itemListElement\":[{\"@type\":\"ListItem\",\"position\":1,\"name\":\"Home\",\"item\":\"https:\/\/fornimedical.ch\/fr\/\"},{\"@type\":\"ListItem\",\"position\":2,\"name\":\"Archives boutique en ligne\",\"item\":\"https:\/\/fornimedical.ch\/fr\/archives-boutique-en-ligne\/\"},{\"@type\":\"ListItem\",\"position\":3,\"name\":\"Stax Attelle de protection pour le doigt, en mati\u00e8re plastique couleur chair, perfor\u00e9e\"}]},{\"@type\":\"WebSite\",\"@id\":\"https:\/\/fornimedical.ch\/fr\/#website\",\"url\":\"https:\/\/fornimedical.ch\/fr\/\",\"name\":\"Forni Medical GmbH\",\"description\":\"\",\"publisher\":{\"@id\":\"https:\/\/fornimedical.ch\/fr\/#organization\"},\"potentialAction\":[{\"@type\":\"SearchAction\",\"target\":{\"@type\":\"EntryPoint\",\"urlTemplate\":\"https:\/\/fornimedical.ch\/fr\/?s={search_term_string}\"},\"query-input\":{\"@type\":\"PropertyValueSpecification\",\"valueRequired\":true,\"valueName\":\"search_term_string\"}}],\"inLanguage\":\"fr-FR\"},{\"@type\":\"Organization\",\"@id\":\"https:\/\/fornimedical.ch\/fr\/#organization\",\"name\":\"Forni Medical GmbH\",\"url\":\"https:\/\/fornimedical.ch\/fr\/\",\"logo\":{\"@type\":\"ImageObject\",\"inLanguage\":\"fr-FR\",\"@id\":\"https:\/\/fornimedical.ch\/fr\/#\/schema\/logo\/image\/\",\"url\":\"https:\/\/fornimedical.ch\/wp-content\/uploads\/2023\/08\/logo.svg\",\"contentUrl\":\"https:\/\/fornimedical.ch\/wp-content\/uploads\/2023\/08\/logo.svg\",\"caption\":\"Forni Medical GmbH\"},\"image\":{\"@id\":\"https:\/\/fornimedical.ch\/fr\/#\/schema\/logo\/image\/\"}}]}<\/script>\n<!-- \/ Yoast SEO plugin. -->","yoast_head_json":{"title":"Stax Attelle de protection pour le doigt, couleur chair, mati\u00e8re plastique, perfor\u00e9e","description":"Stax Attelle de protection pour le doigt, en mati\u00e8re plastique couleur chair, perfor\u00e9e, 100\u00a0% polypropyl\u00e8ne, lavable, peut \u00eatre lav\u00e9e \u00e0 la main","robots":{"index":"index","follow":"follow","max-snippet":"max-snippet:-1","max-image-preview":"max-image-preview:large","max-video-preview":"max-video-preview:-1"},"canonical":"https:\/\/fornimedical.ch\/fr\/produit\/stax-attelle-de-protection-pour-le-doigt-en-matiere-plastique-couleur-chair-perforee\/","og_locale":"fr_FR","og_type":"article","og_title":"Stax Attelle de protection pour le doigt, couleur chair, mati\u00e8re plastique, perfor\u00e9e","og_description":"Stax Attelle de protection pour le doigt, en mati\u00e8re plastique couleur chair, perfor\u00e9e, 100\u00a0% polypropyl\u00e8ne, lavable, peut \u00eatre lav\u00e9e \u00e0 la main","og_url":"https:\/\/fornimedical.ch\/fr\/produit\/stax-attelle-de-protection-pour-le-doigt-en-matiere-plastique-couleur-chair-perforee\/","og_site_name":"Forni Medical GmbH","article_modified_time":"2025-01-13T05:37:25+00:00","og_image":[{"width":2481,"height":1487,"url":"https:\/\/fornimedical.ch\/wp-content\/uploads\/2024\/03\/forni-medical_stax-fingerschutzkappe_hautfarben.jpg","type":"image\/jpeg"}],"twitter_card":"summary_large_image","twitter_misc":{"Dur\u00e9e de lecture estim\u00e9e":"1 minute"},"schema":{"@context":"https:\/\/schema.org","@graph":[{"@type":"WebPage","@id":"https:\/\/fornimedical.ch\/fr\/produit\/stax-attelle-de-protection-pour-le-doigt-en-matiere-plastique-couleur-chair-perforee\/","url":"https:\/\/fornimedical.ch\/fr\/produit\/stax-attelle-de-protection-pour-le-doigt-en-matiere-plastique-couleur-chair-perforee\/","name":"Stax Attelle de protection pour le doigt, couleur chair, mati\u00e8re plastique, perfor\u00e9e","isPartOf":{"@id":"https:\/\/fornimedical.ch\/fr\/#website"},"primaryImageOfPage":{"@id":"https:\/\/fornimedical.ch\/fr\/produit\/stax-attelle-de-protection-pour-le-doigt-en-matiere-plastique-couleur-chair-perforee\/#primaryimage"},"image":{"@id":"https:\/\/fornimedical.ch\/fr\/produit\/stax-attelle-de-protection-pour-le-doigt-en-matiere-plastique-couleur-chair-perforee\/#primaryimage"},"thumbnailUrl":"https:\/\/fornimedical.ch\/wp-content\/uploads\/2024\/03\/forni-medical_stax-fingerschutzkappe_hautfarben.jpg","datePublished":"2024-03-29T13:10:00+00:00","dateModified":"2025-01-13T05:37:25+00:00","description":"Stax Attelle de protection pour le doigt, en mati\u00e8re plastique couleur chair, perfor\u00e9e, 100\u00a0% polypropyl\u00e8ne, lavable, peut \u00eatre lav\u00e9e \u00e0 la main","breadcrumb":{"@id":"https:\/\/fornimedical.ch\/fr\/produit\/stax-attelle-de-protection-pour-le-doigt-en-matiere-plastique-couleur-chair-perforee\/#breadcrumb"},"inLanguage":"fr-FR","potentialAction":[{"@type":"ReadAction","target":["https:\/\/fornimedical.ch\/fr\/produit\/stax-attelle-de-protection-pour-le-doigt-en-matiere-plastique-couleur-chair-perforee\/"]}]},{"@type":"ImageObject","inLanguage":"fr-FR","@id":"https:\/\/fornimedical.ch\/fr\/produit\/stax-attelle-de-protection-pour-le-doigt-en-matiere-plastique-couleur-chair-perforee\/#primaryimage","url":"https:\/\/fornimedical.ch\/wp-content\/uploads\/2024\/03\/forni-medical_stax-fingerschutzkappe_hautfarben.jpg","contentUrl":"https:\/\/fornimedical.ch\/wp-content\/uploads\/2024\/03\/forni-medical_stax-fingerschutzkappe_hautfarben.jpg","width":2481,"height":1487,"caption":"Forni Medical Stax Fingerschutzkappe, aus hautfarbenem Kunststoffmaterial, perforiert"},{"@type":"BreadcrumbList","@id":"https:\/\/fornimedical.ch\/fr\/produit\/stax-attelle-de-protection-pour-le-doigt-en-matiere-plastique-couleur-chair-perforee\/#breadcrumb","itemListElement":[{"@type":"ListItem","position":1,"name":"Home","item":"https:\/\/fornimedical.ch\/fr\/"},{"@type":"ListItem","position":2,"name":"Archives boutique en ligne","item":"https:\/\/fornimedical.ch\/fr\/archives-boutique-en-ligne\/"},{"@type":"ListItem","position":3,"name":"Stax Attelle de protection pour le doigt, en mati\u00e8re plastique couleur chair, perfor\u00e9e"}]},{"@type":"WebSite","@id":"https:\/\/fornimedical.ch\/fr\/#website","url":"https:\/\/fornimedical.ch\/fr\/","name":"Forni Medical GmbH","description":"","publisher":{"@id":"https:\/\/fornimedical.ch\/fr\/#organization"},"potentialAction":[{"@type":"SearchAction","target":{"@type":"EntryPoint","urlTemplate":"https:\/\/fornimedical.ch\/fr\/?s={search_term_string}"},"query-input":{"@type":"PropertyValueSpecification","valueRequired":true,"valueName":"search_term_string"}}],"inLanguage":"fr-FR"},{"@type":"Organization","@id":"https:\/\/fornimedical.ch\/fr\/#organization","name":"Forni Medical GmbH","url":"https:\/\/fornimedical.ch\/fr\/","logo":{"@type":"ImageObject","inLanguage":"fr-FR","@id":"https:\/\/fornimedical.ch\/fr\/#\/schema\/logo\/image\/","url":"https:\/\/fornimedical.ch\/wp-content\/uploads\/2023\/08\/logo.svg","contentUrl":"https:\/\/fornimedical.ch\/wp-content\/uploads\/2023\/08\/logo.svg","caption":"Forni Medical GmbH"},"image":{"@id":"https:\/\/fornimedical.ch\/fr\/#\/schema\/logo\/image\/"}}]}},"_links":{"self":[{"href":"https:\/\/fornimedical.ch\/fr\/wp-json\/wp\/v2\/product\/5598","targetHints":{"allow":["GET"]}}],"collection":[{"href":"https:\/\/fornimedical.ch\/fr\/wp-json\/wp\/v2\/product"}],"about":[{"href":"https:\/\/fornimedical.ch\/fr\/wp-json\/wp\/v2\/types\/product"}],"replies":[{"embeddable":true,"href":"https:\/\/fornimedical.ch\/fr\/wp-json\/wp\/v2\/comments?post=5598"}],"wp:featuredmedia":[{"embeddable":true,"href":"https:\/\/fornimedical.ch\/fr\/wp-json\/wp\/v2\/media\/2966"}],"wp:attachment":[{"href":"https:\/\/fornimedical.ch\/fr\/wp-json\/wp\/v2\/media?parent=5598"}],"wp:term":[{"taxonomy":"product_brand","embeddable":true,"href":"https:\/\/fornimedical.ch\/fr\/wp-json\/wp\/v2\/product_brand?post=5598"},{"taxonomy":"product_cat","embeddable":true,"href":"https:\/\/fornimedical.ch\/fr\/wp-json\/wp\/v2\/product_cat?post=5598"},{"taxonomy":"product_tag","embeddable":true,"href":"https:\/\/fornimedical.ch\/fr\/wp-json\/wp\/v2\/product_tag?post=5598"}],"curies":[{"name":"wp","href":"https:\/\/api.w.org\/{rel}","templated":true}]}}