{"id":5595,"date":"2024-04-12T08:12:22","date_gmt":"2024-04-12T08:12:22","guid":{"rendered":"https:\/\/fornimedical.ch\/product\/forni-pore-pansement-rapide-hypoallergique-en-non-tisse\/"},"modified":"2024-08-09T13:56:32","modified_gmt":"2024-08-09T13:56:32","slug":"forni-pore-pansement-rapide-hypoallergique-en-non-tisse","status":"publish","type":"product","link":"https:\/\/fornimedical.ch\/fr\/produit\/forni-pore-pansement-rapide-hypoallergique-en-non-tisse\/","title":{"rendered":"Forni \u2013 Pore, pansement rapide hypoallergique en non-tiss\u00e9"},"content":{"rendered":"<p>Tr\u00e8s bien tol\u00e9r\u00e9 par la peau et tr\u00e8s agr\u00e9able, retrait du pansement quasi indolore, mat\u00e9riau respirant et perm\u00e9able \u00e0 l\u2019air. Mieux adapt\u00e9 aux peaux sensibles par rapport aux pansements traditionnels pour les b\u00e9b\u00e9s \u00e0 la peau sensible, pour les personnes \u00e2g\u00e9es \u00e0 la peau s\u00e8che et sensible, pour les patients soumis \u00e0 des radioth\u00e9rapies<\/p>\n","protected":false},"excerpt":{"rendered":"<p>Pansement hypoallerg\u00e9nique, auto-adh\u00e9sif en non-tiss\u00e9 microporeux<\/p>\n","protected":false},"featured_media":3666,"comment_status":"closed","ping_status":"closed","template":"","meta":{"_acf_changed":false,"site-sidebar-layout":"default","site-content-layout":"","ast-site-content-layout":"default","site-content-style":"default","site-sidebar-style":"default","ast-global-header-display":"","ast-banner-title-visibility":"","ast-main-header-display":"","ast-hfb-above-header-display":"","ast-hfb-below-header-display":"","ast-hfb-mobile-header-display":"","site-post-title":"","ast-breadcrumbs-content":"","ast-featured-img":"","footer-sml-layout":"","theme-transparent-header-meta":"default","adv-header-id-meta":"","stick-header-meta":"","header-above-stick-meta":"","header-main-stick-meta":"","header-below-stick-meta":"","astra-migrate-meta-layouts":"set","ast-page-background-enabled":"default","ast-page-background-meta":{"desktop":{"background-color":"var(--ast-global-color-4)","background-image":"","background-repeat":"repeat","background-position":"center center","background-size":"auto","background-attachment":"scroll","background-type":"","background-media":"","overlay-type":"","overlay-color":"","overlay-opacity":"","overlay-gradient":""},"tablet":{"background-color":"","background-image":"","background-repeat":"repeat","background-position":"center center","background-size":"auto","background-attachment":"scroll","background-type":"","background-media":"","overlay-type":"","overlay-color":"","overlay-opacity":"","overlay-gradient":""},"mobile":{"background-color":"","background-image":"","background-repeat":"repeat","background-position":"center center","background-size":"auto","background-attachment":"scroll","background-type":"","background-media":"","overlay-type":"","overlay-color":"","overlay-opacity":"","overlay-gradient":""}},"ast-content-background-meta":{"desktop":{"background-color":"var(--ast-global-color-5)","background-image":"","background-repeat":"repeat","background-position":"center center","background-size":"auto","background-attachment":"scroll","background-type":"","background-media":"","overlay-type":"","overlay-color":"","overlay-opacity":"","overlay-gradient":""},"tablet":{"background-color":"var(--ast-global-color-5)","background-image":"","background-repeat":"repeat","background-position":"center center","background-size":"auto","background-attachment":"scroll","background-type":"","background-media":"","overlay-type":"","overlay-color":"","overlay-opacity":"","overlay-gradient":""},"mobile":{"background-color":"var(--ast-global-color-5)","background-image":"","background-repeat":"repeat","background-position":"center center","background-size":"auto","background-attachment":"scroll","background-type":"","background-media":"","overlay-type":"","overlay-color":"","overlay-opacity":"","overlay-gradient":""}}},"product_brand":[],"product_cat":[512],"product_tag":[],"class_list":{"0":"post-5595","1":"product","2":"type-product","3":"status-publish","4":"has-post-thumbnail","6":"product_cat-pansements-bandes-adhesives","7":"desktop-align-left","8":"tablet-align-left","9":"mobile-align-left","11":"first","12":"instock","13":"taxable","14":"shipping-taxable","15":"purchasable","16":"product-type-variable","17":"has-default-attributes","18":"add-to-wishlist-before_image"},"acf":[],"yoast_head":"<!-- This site is optimized with the Yoast SEO plugin v26.5 - https:\/\/yoast.com\/wordpress\/plugins\/seo\/ -->\n<title>Forni \u2013 Pore, pansement rapide hypoallergique en non-tiss\u00e9<\/title>\n<meta name=\"description\" content=\"Forni \u2013 Pore, pansement rapide hypoallergique en non-tiss\u00e9, auto-adh\u00e9sif. Tr\u00e8s bien tol\u00e9r\u00e9 par la peau et tr\u00e8s agr\u00e9able, mat\u00e9riau respirant et perm\u00e9able \u00e0 l\u2019air\" \/>\n<meta name=\"robots\" content=\"index, follow, max-snippet:-1, max-image-preview:large, max-video-preview:-1\" \/>\n<link rel=\"canonical\" href=\"https:\/\/fornimedical.ch\/fr\/produit\/forni-pore-pansement-rapide-hypoallergique-en-non-tisse\/\" \/>\n<meta property=\"og:locale\" content=\"fr_FR\" \/>\n<meta property=\"og:type\" content=\"article\" \/>\n<meta property=\"og:title\" content=\"Forni \u2013 Pore, pansement rapide hypoallergique en non-tiss\u00e9\" \/>\n<meta property=\"og:description\" content=\"Forni \u2013 Pore, pansement rapide hypoallergique en non-tiss\u00e9, auto-adh\u00e9sif. Tr\u00e8s bien tol\u00e9r\u00e9 par la peau et tr\u00e8s agr\u00e9able, mat\u00e9riau respirant et perm\u00e9able \u00e0 l\u2019air\" \/>\n<meta property=\"og:url\" content=\"https:\/\/fornimedical.ch\/fr\/produit\/forni-pore-pansement-rapide-hypoallergique-en-non-tisse\/\" \/>\n<meta property=\"og:site_name\" content=\"Forni Medical GmbH\" \/>\n<meta property=\"article:modified_time\" content=\"2024-08-09T13:56:32+00:00\" \/>\n<meta property=\"og:image\" content=\"https:\/\/fornimedical.ch\/wp-content\/uploads\/2024\/04\/forni-medical_forni-pore_vliespflaster.jpg\" \/>\n\t<meta property=\"og:image:width\" content=\"2481\" \/>\n\t<meta property=\"og:image:height\" content=\"1487\" \/>\n\t<meta property=\"og:image:type\" content=\"image\/jpeg\" \/>\n<meta name=\"twitter:card\" content=\"summary_large_image\" \/>\n<meta name=\"twitter:label1\" content=\"Dur\u00e9e de lecture estim\u00e9e\" \/>\n\t<meta name=\"twitter:data1\" content=\"1 minute\" \/>\n<script type=\"application\/ld+json\" class=\"yoast-schema-graph\">{\"@context\":\"https:\/\/schema.org\",\"@graph\":[{\"@type\":\"WebPage\",\"@id\":\"https:\/\/fornimedical.ch\/fr\/produit\/forni-pore-pansement-rapide-hypoallergique-en-non-tisse\/\",\"url\":\"https:\/\/fornimedical.ch\/fr\/produit\/forni-pore-pansement-rapide-hypoallergique-en-non-tisse\/\",\"name\":\"Forni \u2013 Pore, pansement rapide hypoallergique en non-tiss\u00e9\",\"isPartOf\":{\"@id\":\"https:\/\/fornimedical.ch\/fr\/#website\"},\"primaryImageOfPage\":{\"@id\":\"https:\/\/fornimedical.ch\/fr\/produit\/forni-pore-pansement-rapide-hypoallergique-en-non-tisse\/#primaryimage\"},\"image\":{\"@id\":\"https:\/\/fornimedical.ch\/fr\/produit\/forni-pore-pansement-rapide-hypoallergique-en-non-tisse\/#primaryimage\"},\"thumbnailUrl\":\"https:\/\/fornimedical.ch\/wp-content\/uploads\/2024\/04\/forni-medical_forni-pore_vliespflaster.jpg\",\"datePublished\":\"2024-04-12T08:12:22+00:00\",\"dateModified\":\"2024-08-09T13:56:32+00:00\",\"description\":\"Forni \u2013 Pore, pansement rapide hypoallergique en non-tiss\u00e9, auto-adh\u00e9sif. Tr\u00e8s bien tol\u00e9r\u00e9 par la peau et tr\u00e8s agr\u00e9able, mat\u00e9riau respirant et perm\u00e9able \u00e0 l\u2019air\",\"breadcrumb\":{\"@id\":\"https:\/\/fornimedical.ch\/fr\/produit\/forni-pore-pansement-rapide-hypoallergique-en-non-tisse\/#breadcrumb\"},\"inLanguage\":\"fr-FR\",\"potentialAction\":[{\"@type\":\"ReadAction\",\"target\":[\"https:\/\/fornimedical.ch\/fr\/produit\/forni-pore-pansement-rapide-hypoallergique-en-non-tisse\/\"]}]},{\"@type\":\"ImageObject\",\"inLanguage\":\"fr-FR\",\"@id\":\"https:\/\/fornimedical.ch\/fr\/produit\/forni-pore-pansement-rapide-hypoallergique-en-non-tisse\/#primaryimage\",\"url\":\"https:\/\/fornimedical.ch\/wp-content\/uploads\/2024\/04\/forni-medical_forni-pore_vliespflaster.jpg\",\"contentUrl\":\"https:\/\/fornimedical.ch\/wp-content\/uploads\/2024\/04\/forni-medical_forni-pore_vliespflaster.jpg\",\"width\":2481,\"height\":1487,\"caption\":\"Forni Medical Forni \u2013 Pore, hypoallergenes Tape aus Vlies\"},{\"@type\":\"BreadcrumbList\",\"@id\":\"https:\/\/fornimedical.ch\/fr\/produit\/forni-pore-pansement-rapide-hypoallergique-en-non-tisse\/#breadcrumb\",\"itemListElement\":[{\"@type\":\"ListItem\",\"position\":1,\"name\":\"Home\",\"item\":\"https:\/\/fornimedical.ch\/fr\/\"},{\"@type\":\"ListItem\",\"position\":2,\"name\":\"Archives boutique en ligne\",\"item\":\"https:\/\/fornimedical.ch\/fr\/archives-boutique-en-ligne\/\"},{\"@type\":\"ListItem\",\"position\":3,\"name\":\"Forni \u2013 Pore, pansement rapide hypoallergique en non-tiss\u00e9\"}]},{\"@type\":\"WebSite\",\"@id\":\"https:\/\/fornimedical.ch\/fr\/#website\",\"url\":\"https:\/\/fornimedical.ch\/fr\/\",\"name\":\"Forni Medical GmbH\",\"description\":\"\",\"publisher\":{\"@id\":\"https:\/\/fornimedical.ch\/fr\/#organization\"},\"potentialAction\":[{\"@type\":\"SearchAction\",\"target\":{\"@type\":\"EntryPoint\",\"urlTemplate\":\"https:\/\/fornimedical.ch\/fr\/?s={search_term_string}\"},\"query-input\":{\"@type\":\"PropertyValueSpecification\",\"valueRequired\":true,\"valueName\":\"search_term_string\"}}],\"inLanguage\":\"fr-FR\"},{\"@type\":\"Organization\",\"@id\":\"https:\/\/fornimedical.ch\/fr\/#organization\",\"name\":\"Forni Medical GmbH\",\"url\":\"https:\/\/fornimedical.ch\/fr\/\",\"logo\":{\"@type\":\"ImageObject\",\"inLanguage\":\"fr-FR\",\"@id\":\"https:\/\/fornimedical.ch\/fr\/#\/schema\/logo\/image\/\",\"url\":\"https:\/\/fornimedical.ch\/wp-content\/uploads\/2023\/08\/logo.svg\",\"contentUrl\":\"https:\/\/fornimedical.ch\/wp-content\/uploads\/2023\/08\/logo.svg\",\"caption\":\"Forni Medical GmbH\"},\"image\":{\"@id\":\"https:\/\/fornimedical.ch\/fr\/#\/schema\/logo\/image\/\"}}]}<\/script>\n<!-- \/ Yoast SEO plugin. -->","yoast_head_json":{"title":"Forni \u2013 Pore, pansement rapide hypoallergique en non-tiss\u00e9","description":"Forni \u2013 Pore, pansement rapide hypoallergique en non-tiss\u00e9, auto-adh\u00e9sif. Tr\u00e8s bien tol\u00e9r\u00e9 par la peau et tr\u00e8s agr\u00e9able, mat\u00e9riau respirant et perm\u00e9able \u00e0 l\u2019air","robots":{"index":"index","follow":"follow","max-snippet":"max-snippet:-1","max-image-preview":"max-image-preview:large","max-video-preview":"max-video-preview:-1"},"canonical":"https:\/\/fornimedical.ch\/fr\/produit\/forni-pore-pansement-rapide-hypoallergique-en-non-tisse\/","og_locale":"fr_FR","og_type":"article","og_title":"Forni \u2013 Pore, pansement rapide hypoallergique en non-tiss\u00e9","og_description":"Forni \u2013 Pore, pansement rapide hypoallergique en non-tiss\u00e9, auto-adh\u00e9sif. Tr\u00e8s bien tol\u00e9r\u00e9 par la peau et tr\u00e8s agr\u00e9able, mat\u00e9riau respirant et perm\u00e9able \u00e0 l\u2019air","og_url":"https:\/\/fornimedical.ch\/fr\/produit\/forni-pore-pansement-rapide-hypoallergique-en-non-tisse\/","og_site_name":"Forni Medical GmbH","article_modified_time":"2024-08-09T13:56:32+00:00","og_image":[{"width":2481,"height":1487,"url":"https:\/\/fornimedical.ch\/wp-content\/uploads\/2024\/04\/forni-medical_forni-pore_vliespflaster.jpg","type":"image\/jpeg"}],"twitter_card":"summary_large_image","twitter_misc":{"Dur\u00e9e de lecture estim\u00e9e":"1 minute"},"schema":{"@context":"https:\/\/schema.org","@graph":[{"@type":"WebPage","@id":"https:\/\/fornimedical.ch\/fr\/produit\/forni-pore-pansement-rapide-hypoallergique-en-non-tisse\/","url":"https:\/\/fornimedical.ch\/fr\/produit\/forni-pore-pansement-rapide-hypoallergique-en-non-tisse\/","name":"Forni \u2013 Pore, pansement rapide hypoallergique en non-tiss\u00e9","isPartOf":{"@id":"https:\/\/fornimedical.ch\/fr\/#website"},"primaryImageOfPage":{"@id":"https:\/\/fornimedical.ch\/fr\/produit\/forni-pore-pansement-rapide-hypoallergique-en-non-tisse\/#primaryimage"},"image":{"@id":"https:\/\/fornimedical.ch\/fr\/produit\/forni-pore-pansement-rapide-hypoallergique-en-non-tisse\/#primaryimage"},"thumbnailUrl":"https:\/\/fornimedical.ch\/wp-content\/uploads\/2024\/04\/forni-medical_forni-pore_vliespflaster.jpg","datePublished":"2024-04-12T08:12:22+00:00","dateModified":"2024-08-09T13:56:32+00:00","description":"Forni \u2013 Pore, pansement rapide hypoallergique en non-tiss\u00e9, auto-adh\u00e9sif. Tr\u00e8s bien tol\u00e9r\u00e9 par la peau et tr\u00e8s agr\u00e9able, mat\u00e9riau respirant et perm\u00e9able \u00e0 l\u2019air","breadcrumb":{"@id":"https:\/\/fornimedical.ch\/fr\/produit\/forni-pore-pansement-rapide-hypoallergique-en-non-tisse\/#breadcrumb"},"inLanguage":"fr-FR","potentialAction":[{"@type":"ReadAction","target":["https:\/\/fornimedical.ch\/fr\/produit\/forni-pore-pansement-rapide-hypoallergique-en-non-tisse\/"]}]},{"@type":"ImageObject","inLanguage":"fr-FR","@id":"https:\/\/fornimedical.ch\/fr\/produit\/forni-pore-pansement-rapide-hypoallergique-en-non-tisse\/#primaryimage","url":"https:\/\/fornimedical.ch\/wp-content\/uploads\/2024\/04\/forni-medical_forni-pore_vliespflaster.jpg","contentUrl":"https:\/\/fornimedical.ch\/wp-content\/uploads\/2024\/04\/forni-medical_forni-pore_vliespflaster.jpg","width":2481,"height":1487,"caption":"Forni Medical Forni \u2013 Pore, hypoallergenes Tape aus Vlies"},{"@type":"BreadcrumbList","@id":"https:\/\/fornimedical.ch\/fr\/produit\/forni-pore-pansement-rapide-hypoallergique-en-non-tisse\/#breadcrumb","itemListElement":[{"@type":"ListItem","position":1,"name":"Home","item":"https:\/\/fornimedical.ch\/fr\/"},{"@type":"ListItem","position":2,"name":"Archives boutique en ligne","item":"https:\/\/fornimedical.ch\/fr\/archives-boutique-en-ligne\/"},{"@type":"ListItem","position":3,"name":"Forni \u2013 Pore, pansement rapide hypoallergique en non-tiss\u00e9"}]},{"@type":"WebSite","@id":"https:\/\/fornimedical.ch\/fr\/#website","url":"https:\/\/fornimedical.ch\/fr\/","name":"Forni Medical GmbH","description":"","publisher":{"@id":"https:\/\/fornimedical.ch\/fr\/#organization"},"potentialAction":[{"@type":"SearchAction","target":{"@type":"EntryPoint","urlTemplate":"https:\/\/fornimedical.ch\/fr\/?s={search_term_string}"},"query-input":{"@type":"PropertyValueSpecification","valueRequired":true,"valueName":"search_term_string"}}],"inLanguage":"fr-FR"},{"@type":"Organization","@id":"https:\/\/fornimedical.ch\/fr\/#organization","name":"Forni Medical GmbH","url":"https:\/\/fornimedical.ch\/fr\/","logo":{"@type":"ImageObject","inLanguage":"fr-FR","@id":"https:\/\/fornimedical.ch\/fr\/#\/schema\/logo\/image\/","url":"https:\/\/fornimedical.ch\/wp-content\/uploads\/2023\/08\/logo.svg","contentUrl":"https:\/\/fornimedical.ch\/wp-content\/uploads\/2023\/08\/logo.svg","caption":"Forni Medical GmbH"},"image":{"@id":"https:\/\/fornimedical.ch\/fr\/#\/schema\/logo\/image\/"}}]}},"_links":{"self":[{"href":"https:\/\/fornimedical.ch\/fr\/wp-json\/wp\/v2\/product\/5595","targetHints":{"allow":["GET"]}}],"collection":[{"href":"https:\/\/fornimedical.ch\/fr\/wp-json\/wp\/v2\/product"}],"about":[{"href":"https:\/\/fornimedical.ch\/fr\/wp-json\/wp\/v2\/types\/product"}],"replies":[{"embeddable":true,"href":"https:\/\/fornimedical.ch\/fr\/wp-json\/wp\/v2\/comments?post=5595"}],"wp:featuredmedia":[{"embeddable":true,"href":"https:\/\/fornimedical.ch\/fr\/wp-json\/wp\/v2\/media\/3666"}],"wp:attachment":[{"href":"https:\/\/fornimedical.ch\/fr\/wp-json\/wp\/v2\/media?parent=5595"}],"wp:term":[{"taxonomy":"product_brand","embeddable":true,"href":"https:\/\/fornimedical.ch\/fr\/wp-json\/wp\/v2\/product_brand?post=5595"},{"taxonomy":"product_cat","embeddable":true,"href":"https:\/\/fornimedical.ch\/fr\/wp-json\/wp\/v2\/product_cat?post=5595"},{"taxonomy":"product_tag","embeddable":true,"href":"https:\/\/fornimedical.ch\/fr\/wp-json\/wp\/v2\/product_tag?post=5595"}],"curies":[{"name":"wp","href":"https:\/\/api.w.org\/{rel}","templated":true}]}}