{"id":5587,"date":"2024-04-20T04:13:43","date_gmt":"2024-04-20T04:13:43","guid":{"rendered":"https:\/\/fornimedical.ch\/product\/petermann-alpha-magic-aide-au-lever\/"},"modified":"2024-08-27T09:02:31","modified_gmt":"2024-08-27T09:02:31","slug":"petermann-alpha-magic-aide-au-lever","status":"publish","type":"product","link":"https:\/\/fornimedical.ch\/fr\/produit\/petermann-alpha-magic-aide-au-lever\/","title":{"rendered":"Petermann Alpha Magic Aide au lever"},"content":{"rendered":"<p>Les diverses poign\u00e9es permettent une pr\u00e9hension toujours adapt\u00e9e \u00e0 la situation. La sangle souple assure la s\u00e9curit\u00e9 pendant le transfert. La facilit\u00e9 d\u2019utilisation permet de pr\u00e9server le dos du personnel soignant. L\u2019aide au lever peut \u00eatre associ\u00e9e divers dispositifs de soins. L\u2019aide au lever Magic se combine parfaitement avec d\u2019autres accessoires tels que la rondelle de transfert, la ceinture de soutien et la ceinture de jambe. La partie int\u00e9rieure peut \u00eatre enlev\u00e9e au moyen d\u2019une fermeture velcro int\u00e9gr\u00e9e. Le produit peut \u00eatre utilis\u00e9 dans les h\u00f4pitaux et dans d\u2019autres \u00e9tablissements de soins de sant\u00e9 ainsi que pour les soins \u00e0 domicile. Veuillez observer le mode d&#8217;emploi!<\/p>\n","protected":false},"excerpt":{"rendered":"<p>Aide au lever 65\u00a0x\u00a025\u00a0cm. Les diverses poign\u00e9es permettent une pr\u00e9hension toujours adapt\u00e9e \u00e0 la situation. La sangle souple assure la s\u00e9curit\u00e9 pendant le transfert. Capacit\u00e9 de charge max.: 200\u00a0kg.<\/p>\n","protected":false},"featured_media":3866,"comment_status":"closed","ping_status":"closed","template":"","meta":{"_acf_changed":false,"site-sidebar-layout":"default","site-content-layout":"","ast-site-content-layout":"default","site-content-style":"default","site-sidebar-style":"default","ast-global-header-display":"","ast-banner-title-visibility":"","ast-main-header-display":"","ast-hfb-above-header-display":"","ast-hfb-below-header-display":"","ast-hfb-mobile-header-display":"","site-post-title":"","ast-breadcrumbs-content":"","ast-featured-img":"","footer-sml-layout":"","theme-transparent-header-meta":"default","adv-header-id-meta":"","stick-header-meta":"","header-above-stick-meta":"","header-main-stick-meta":"","header-below-stick-meta":"","astra-migrate-meta-layouts":"set","ast-page-background-enabled":"default","ast-page-background-meta":{"desktop":{"background-color":"var(--ast-global-color-4)","background-image":"","background-repeat":"repeat","background-position":"center center","background-size":"auto","background-attachment":"scroll","background-type":"","background-media":"","overlay-type":"","overlay-color":"","overlay-opacity":"","overlay-gradient":""},"tablet":{"background-color":"","background-image":"","background-repeat":"repeat","background-position":"center center","background-size":"auto","background-attachment":"scroll","background-type":"","background-media":"","overlay-type":"","overlay-color":"","overlay-opacity":"","overlay-gradient":""},"mobile":{"background-color":"","background-image":"","background-repeat":"repeat","background-position":"center center","background-size":"auto","background-attachment":"scroll","background-type":"","background-media":"","overlay-type":"","overlay-color":"","overlay-opacity":"","overlay-gradient":""}},"ast-content-background-meta":{"desktop":{"background-color":"var(--ast-global-color-5)","background-image":"","background-repeat":"repeat","background-position":"center center","background-size":"auto","background-attachment":"scroll","background-type":"","background-media":"","overlay-type":"","overlay-color":"","overlay-opacity":"","overlay-gradient":""},"tablet":{"background-color":"var(--ast-global-color-5)","background-image":"","background-repeat":"repeat","background-position":"center center","background-size":"auto","background-attachment":"scroll","background-type":"","background-media":"","overlay-type":"","overlay-color":"","overlay-opacity":"","overlay-gradient":""},"mobile":{"background-color":"var(--ast-global-color-5)","background-image":"","background-repeat":"repeat","background-position":"center center","background-size":"auto","background-attachment":"scroll","background-type":"","background-media":"","overlay-type":"","overlay-color":"","overlay-opacity":"","overlay-gradient":""}}},"product_brand":[],"product_cat":[631],"product_tag":[],"class_list":{"0":"post-5587","1":"product","2":"type-product","3":"status-publish","4":"has-post-thumbnail","6":"product_cat-aides-au-lever","7":"desktop-align-left","8":"tablet-align-left","9":"mobile-align-left","11":"first","12":"instock","13":"taxable","14":"shipping-taxable","15":"purchasable","16":"product-type-variable","17":"has-default-attributes","18":"add-to-wishlist-before_image"},"acf":[],"yoast_head":"<!-- This site is optimized with the Yoast SEO plugin v26.5 - https:\/\/yoast.com\/wordpress\/plugins\/seo\/ -->\n<title>Petermann Alpha Magic Aide au lever<\/title>\n<meta name=\"description\" content=\"Aide au lever 65\u00a0x\u00a025\u00a0cm. Diverses poign\u00e9es permettent une pr\u00e9hension toujours adapt\u00e9e \u00e0 la situation. La sangle souple assure la s\u00e9curit\u00e9 pendant le transfert.\" \/>\n<meta name=\"robots\" content=\"index, follow, max-snippet:-1, max-image-preview:large, max-video-preview:-1\" \/>\n<link rel=\"canonical\" href=\"https:\/\/fornimedical.ch\/fr\/produit\/petermann-alpha-magic-aide-au-lever\/\" \/>\n<meta property=\"og:locale\" content=\"fr_FR\" \/>\n<meta property=\"og:type\" content=\"article\" \/>\n<meta property=\"og:title\" content=\"Petermann Alpha Magic Aide au lever\" \/>\n<meta property=\"og:description\" content=\"Aide au lever 65\u00a0x\u00a025\u00a0cm. Diverses poign\u00e9es permettent une pr\u00e9hension toujours adapt\u00e9e \u00e0 la situation. La sangle souple assure la s\u00e9curit\u00e9 pendant le transfert.\" \/>\n<meta property=\"og:url\" content=\"https:\/\/fornimedical.ch\/fr\/produit\/petermann-alpha-magic-aide-au-lever\/\" \/>\n<meta property=\"og:site_name\" content=\"Forni Medical GmbH\" \/>\n<meta property=\"article:modified_time\" content=\"2024-08-27T09:02:31+00:00\" \/>\n<meta property=\"og:image\" content=\"https:\/\/fornimedical.ch\/wp-content\/uploads\/2024\/04\/forni-medical_petermann_alpha-magic_aufrichthilfe.jpg\" \/>\n\t<meta property=\"og:image:width\" content=\"2481\" \/>\n\t<meta property=\"og:image:height\" content=\"1487\" \/>\n\t<meta property=\"og:image:type\" content=\"image\/jpeg\" \/>\n<meta name=\"twitter:card\" content=\"summary_large_image\" \/>\n<meta name=\"twitter:label1\" content=\"Dur\u00e9e de lecture estim\u00e9e\" \/>\n\t<meta name=\"twitter:data1\" content=\"1 minute\" \/>\n<script type=\"application\/ld+json\" class=\"yoast-schema-graph\">{\"@context\":\"https:\/\/schema.org\",\"@graph\":[{\"@type\":\"WebPage\",\"@id\":\"https:\/\/fornimedical.ch\/fr\/produit\/petermann-alpha-magic-aide-au-lever\/\",\"url\":\"https:\/\/fornimedical.ch\/fr\/produit\/petermann-alpha-magic-aide-au-lever\/\",\"name\":\"Petermann Alpha Magic Aide au lever\",\"isPartOf\":{\"@id\":\"https:\/\/fornimedical.ch\/fr\/#website\"},\"primaryImageOfPage\":{\"@id\":\"https:\/\/fornimedical.ch\/fr\/produit\/petermann-alpha-magic-aide-au-lever\/#primaryimage\"},\"image\":{\"@id\":\"https:\/\/fornimedical.ch\/fr\/produit\/petermann-alpha-magic-aide-au-lever\/#primaryimage\"},\"thumbnailUrl\":\"https:\/\/fornimedical.ch\/wp-content\/uploads\/2024\/04\/forni-medical_petermann_alpha-magic_aufrichthilfe.jpg\",\"datePublished\":\"2024-04-20T04:13:43+00:00\",\"dateModified\":\"2024-08-27T09:02:31+00:00\",\"description\":\"Aide au lever 65\u00a0x\u00a025\u00a0cm. Diverses poign\u00e9es permettent une pr\u00e9hension toujours adapt\u00e9e \u00e0 la situation. La sangle souple assure la s\u00e9curit\u00e9 pendant le transfert.\",\"breadcrumb\":{\"@id\":\"https:\/\/fornimedical.ch\/fr\/produit\/petermann-alpha-magic-aide-au-lever\/#breadcrumb\"},\"inLanguage\":\"fr-FR\",\"potentialAction\":[{\"@type\":\"ReadAction\",\"target\":[\"https:\/\/fornimedical.ch\/fr\/produit\/petermann-alpha-magic-aide-au-lever\/\"]}]},{\"@type\":\"ImageObject\",\"inLanguage\":\"fr-FR\",\"@id\":\"https:\/\/fornimedical.ch\/fr\/produit\/petermann-alpha-magic-aide-au-lever\/#primaryimage\",\"url\":\"https:\/\/fornimedical.ch\/wp-content\/uploads\/2024\/04\/forni-medical_petermann_alpha-magic_aufrichthilfe.jpg\",\"contentUrl\":\"https:\/\/fornimedical.ch\/wp-content\/uploads\/2024\/04\/forni-medical_petermann_alpha-magic_aufrichthilfe.jpg\",\"width\":2481,\"height\":1487,\"caption\":\"Forni Medical Aufrichthilfe Petermann Alpha Magic\"},{\"@type\":\"BreadcrumbList\",\"@id\":\"https:\/\/fornimedical.ch\/fr\/produit\/petermann-alpha-magic-aide-au-lever\/#breadcrumb\",\"itemListElement\":[{\"@type\":\"ListItem\",\"position\":1,\"name\":\"Home\",\"item\":\"https:\/\/fornimedical.ch\/fr\/\"},{\"@type\":\"ListItem\",\"position\":2,\"name\":\"Archives boutique en ligne\",\"item\":\"https:\/\/fornimedical.ch\/fr\/archives-boutique-en-ligne\/\"},{\"@type\":\"ListItem\",\"position\":3,\"name\":\"Petermann Alpha Magic Aide au lever\"}]},{\"@type\":\"WebSite\",\"@id\":\"https:\/\/fornimedical.ch\/fr\/#website\",\"url\":\"https:\/\/fornimedical.ch\/fr\/\",\"name\":\"Forni Medical GmbH\",\"description\":\"\",\"publisher\":{\"@id\":\"https:\/\/fornimedical.ch\/fr\/#organization\"},\"potentialAction\":[{\"@type\":\"SearchAction\",\"target\":{\"@type\":\"EntryPoint\",\"urlTemplate\":\"https:\/\/fornimedical.ch\/fr\/?s={search_term_string}\"},\"query-input\":{\"@type\":\"PropertyValueSpecification\",\"valueRequired\":true,\"valueName\":\"search_term_string\"}}],\"inLanguage\":\"fr-FR\"},{\"@type\":\"Organization\",\"@id\":\"https:\/\/fornimedical.ch\/fr\/#organization\",\"name\":\"Forni Medical GmbH\",\"url\":\"https:\/\/fornimedical.ch\/fr\/\",\"logo\":{\"@type\":\"ImageObject\",\"inLanguage\":\"fr-FR\",\"@id\":\"https:\/\/fornimedical.ch\/fr\/#\/schema\/logo\/image\/\",\"url\":\"https:\/\/fornimedical.ch\/wp-content\/uploads\/2023\/08\/logo.svg\",\"contentUrl\":\"https:\/\/fornimedical.ch\/wp-content\/uploads\/2023\/08\/logo.svg\",\"caption\":\"Forni Medical GmbH\"},\"image\":{\"@id\":\"https:\/\/fornimedical.ch\/fr\/#\/schema\/logo\/image\/\"}}]}<\/script>\n<!-- \/ Yoast SEO plugin. -->","yoast_head_json":{"title":"Petermann Alpha Magic Aide au lever","description":"Aide au lever 65\u00a0x\u00a025\u00a0cm. Diverses poign\u00e9es permettent une pr\u00e9hension toujours adapt\u00e9e \u00e0 la situation. La sangle souple assure la s\u00e9curit\u00e9 pendant le transfert.","robots":{"index":"index","follow":"follow","max-snippet":"max-snippet:-1","max-image-preview":"max-image-preview:large","max-video-preview":"max-video-preview:-1"},"canonical":"https:\/\/fornimedical.ch\/fr\/produit\/petermann-alpha-magic-aide-au-lever\/","og_locale":"fr_FR","og_type":"article","og_title":"Petermann Alpha Magic Aide au lever","og_description":"Aide au lever 65\u00a0x\u00a025\u00a0cm. Diverses poign\u00e9es permettent une pr\u00e9hension toujours adapt\u00e9e \u00e0 la situation. La sangle souple assure la s\u00e9curit\u00e9 pendant le transfert.","og_url":"https:\/\/fornimedical.ch\/fr\/produit\/petermann-alpha-magic-aide-au-lever\/","og_site_name":"Forni Medical GmbH","article_modified_time":"2024-08-27T09:02:31+00:00","og_image":[{"width":2481,"height":1487,"url":"https:\/\/fornimedical.ch\/wp-content\/uploads\/2024\/04\/forni-medical_petermann_alpha-magic_aufrichthilfe.jpg","type":"image\/jpeg"}],"twitter_card":"summary_large_image","twitter_misc":{"Dur\u00e9e de lecture estim\u00e9e":"1 minute"},"schema":{"@context":"https:\/\/schema.org","@graph":[{"@type":"WebPage","@id":"https:\/\/fornimedical.ch\/fr\/produit\/petermann-alpha-magic-aide-au-lever\/","url":"https:\/\/fornimedical.ch\/fr\/produit\/petermann-alpha-magic-aide-au-lever\/","name":"Petermann Alpha Magic Aide au lever","isPartOf":{"@id":"https:\/\/fornimedical.ch\/fr\/#website"},"primaryImageOfPage":{"@id":"https:\/\/fornimedical.ch\/fr\/produit\/petermann-alpha-magic-aide-au-lever\/#primaryimage"},"image":{"@id":"https:\/\/fornimedical.ch\/fr\/produit\/petermann-alpha-magic-aide-au-lever\/#primaryimage"},"thumbnailUrl":"https:\/\/fornimedical.ch\/wp-content\/uploads\/2024\/04\/forni-medical_petermann_alpha-magic_aufrichthilfe.jpg","datePublished":"2024-04-20T04:13:43+00:00","dateModified":"2024-08-27T09:02:31+00:00","description":"Aide au lever 65\u00a0x\u00a025\u00a0cm. Diverses poign\u00e9es permettent une pr\u00e9hension toujours adapt\u00e9e \u00e0 la situation. La sangle souple assure la s\u00e9curit\u00e9 pendant le transfert.","breadcrumb":{"@id":"https:\/\/fornimedical.ch\/fr\/produit\/petermann-alpha-magic-aide-au-lever\/#breadcrumb"},"inLanguage":"fr-FR","potentialAction":[{"@type":"ReadAction","target":["https:\/\/fornimedical.ch\/fr\/produit\/petermann-alpha-magic-aide-au-lever\/"]}]},{"@type":"ImageObject","inLanguage":"fr-FR","@id":"https:\/\/fornimedical.ch\/fr\/produit\/petermann-alpha-magic-aide-au-lever\/#primaryimage","url":"https:\/\/fornimedical.ch\/wp-content\/uploads\/2024\/04\/forni-medical_petermann_alpha-magic_aufrichthilfe.jpg","contentUrl":"https:\/\/fornimedical.ch\/wp-content\/uploads\/2024\/04\/forni-medical_petermann_alpha-magic_aufrichthilfe.jpg","width":2481,"height":1487,"caption":"Forni Medical Aufrichthilfe Petermann Alpha Magic"},{"@type":"BreadcrumbList","@id":"https:\/\/fornimedical.ch\/fr\/produit\/petermann-alpha-magic-aide-au-lever\/#breadcrumb","itemListElement":[{"@type":"ListItem","position":1,"name":"Home","item":"https:\/\/fornimedical.ch\/fr\/"},{"@type":"ListItem","position":2,"name":"Archives boutique en ligne","item":"https:\/\/fornimedical.ch\/fr\/archives-boutique-en-ligne\/"},{"@type":"ListItem","position":3,"name":"Petermann Alpha Magic Aide au lever"}]},{"@type":"WebSite","@id":"https:\/\/fornimedical.ch\/fr\/#website","url":"https:\/\/fornimedical.ch\/fr\/","name":"Forni Medical GmbH","description":"","publisher":{"@id":"https:\/\/fornimedical.ch\/fr\/#organization"},"potentialAction":[{"@type":"SearchAction","target":{"@type":"EntryPoint","urlTemplate":"https:\/\/fornimedical.ch\/fr\/?s={search_term_string}"},"query-input":{"@type":"PropertyValueSpecification","valueRequired":true,"valueName":"search_term_string"}}],"inLanguage":"fr-FR"},{"@type":"Organization","@id":"https:\/\/fornimedical.ch\/fr\/#organization","name":"Forni Medical GmbH","url":"https:\/\/fornimedical.ch\/fr\/","logo":{"@type":"ImageObject","inLanguage":"fr-FR","@id":"https:\/\/fornimedical.ch\/fr\/#\/schema\/logo\/image\/","url":"https:\/\/fornimedical.ch\/wp-content\/uploads\/2023\/08\/logo.svg","contentUrl":"https:\/\/fornimedical.ch\/wp-content\/uploads\/2023\/08\/logo.svg","caption":"Forni Medical GmbH"},"image":{"@id":"https:\/\/fornimedical.ch\/fr\/#\/schema\/logo\/image\/"}}]}},"_links":{"self":[{"href":"https:\/\/fornimedical.ch\/fr\/wp-json\/wp\/v2\/product\/5587","targetHints":{"allow":["GET"]}}],"collection":[{"href":"https:\/\/fornimedical.ch\/fr\/wp-json\/wp\/v2\/product"}],"about":[{"href":"https:\/\/fornimedical.ch\/fr\/wp-json\/wp\/v2\/types\/product"}],"replies":[{"embeddable":true,"href":"https:\/\/fornimedical.ch\/fr\/wp-json\/wp\/v2\/comments?post=5587"}],"wp:featuredmedia":[{"embeddable":true,"href":"https:\/\/fornimedical.ch\/fr\/wp-json\/wp\/v2\/media\/3866"}],"wp:attachment":[{"href":"https:\/\/fornimedical.ch\/fr\/wp-json\/wp\/v2\/media?parent=5587"}],"wp:term":[{"taxonomy":"product_brand","embeddable":true,"href":"https:\/\/fornimedical.ch\/fr\/wp-json\/wp\/v2\/product_brand?post=5587"},{"taxonomy":"product_cat","embeddable":true,"href":"https:\/\/fornimedical.ch\/fr\/wp-json\/wp\/v2\/product_cat?post=5587"},{"taxonomy":"product_tag","embeddable":true,"href":"https:\/\/fornimedical.ch\/fr\/wp-json\/wp\/v2\/product_tag?post=5587"}],"curies":[{"name":"wp","href":"https:\/\/api.w.org\/{rel}","templated":true}]}}