{"id":5585,"date":"2024-04-24T04:05:25","date_gmt":"2024-04-24T02:05:25","guid":{"rendered":"https:\/\/fornimedical.ch\/product\/blouse-de-protection-a-usage-unique-jaune\/"},"modified":"2025-03-03T09:47:55","modified_gmt":"2025-03-03T08:47:55","slug":"blouse-de-protection-a-usage-unique-jaune","status":"publish","type":"product","link":"https:\/\/fornimedical.ch\/fr\/produit\/blouse-de-protection-a-usage-unique-jaune\/","title":{"rendered":"Blouse de protection \u00e0 usage unique, jaune"},"content":{"rendered":"<p>Blouse de protection jaune \u00e0 usage unique (blouse) en mat\u00e9riau non-tiss\u00e9 PP (polypropyl\u00e8ne) et PE (poly\u00e9thyl\u00e8ne). Hydrofuge, prot\u00e8ge contre les insectes, se ferme \u00e0 l\u2019arri\u00e8re, \u00e9lastique \u00e0 la manche, prot\u00e8ge contre les agents pathog\u00e8nes contagieux avec lesquels le patient est infect\u00e9. Est port\u00e9e par le personnel m\u00e9dical ou les visiteurs dans les \u00e9tablissements de soins de sant\u00e9 pour se prot\u00e9ger \u00e0 l\u2019\u00e9gard du patient. Sert de protection contre la transmission d\u2019agents pathog\u00e8nes ou d\u2019infections.<\/p>\n","protected":false},"excerpt":{"rendered":"<p>Taille universelle, longueur 110\u00a0cm, largeur 137\u00a0cm, se ferme \u00e0 l\u2019arri\u00e8re, \u00e9lastique aux manches, hydrofuge en PP\/PE, poids: PP 20\u00a0gr\/m2 &amp; PE 10\u00a0gr\/m2<\/p>\n","protected":false},"featured_media":4193,"comment_status":"closed","ping_status":"closed","template":"","meta":{"_acf_changed":false,"site-sidebar-layout":"default","site-content-layout":"","ast-site-content-layout":"default","site-content-style":"default","site-sidebar-style":"default","ast-global-header-display":"","ast-banner-title-visibility":"","ast-main-header-display":"","ast-hfb-above-header-display":"","ast-hfb-below-header-display":"","ast-hfb-mobile-header-display":"","site-post-title":"","ast-breadcrumbs-content":"","ast-featured-img":"","footer-sml-layout":"","theme-transparent-header-meta":"default","adv-header-id-meta":"","stick-header-meta":"","header-above-stick-meta":"","header-main-stick-meta":"","header-below-stick-meta":"","astra-migrate-meta-layouts":"set","ast-page-background-enabled":"default","ast-page-background-meta":{"desktop":{"background-color":"var(--ast-global-color-4)","background-image":"","background-repeat":"repeat","background-position":"center center","background-size":"auto","background-attachment":"scroll","background-type":"","background-media":"","overlay-type":"","overlay-color":"","overlay-opacity":"","overlay-gradient":""},"tablet":{"background-color":"","background-image":"","background-repeat":"repeat","background-position":"center center","background-size":"auto","background-attachment":"scroll","background-type":"","background-media":"","overlay-type":"","overlay-color":"","overlay-opacity":"","overlay-gradient":""},"mobile":{"background-color":"","background-image":"","background-repeat":"repeat","background-position":"center center","background-size":"auto","background-attachment":"scroll","background-type":"","background-media":"","overlay-type":"","overlay-color":"","overlay-opacity":"","overlay-gradient":""}},"ast-content-background-meta":{"desktop":{"background-color":"var(--ast-global-color-5)","background-image":"","background-repeat":"repeat","background-position":"center center","background-size":"auto","background-attachment":"scroll","background-type":"","background-media":"","overlay-type":"","overlay-color":"","overlay-opacity":"","overlay-gradient":""},"tablet":{"background-color":"var(--ast-global-color-5)","background-image":"","background-repeat":"repeat","background-position":"center center","background-size":"auto","background-attachment":"scroll","background-type":"","background-media":"","overlay-type":"","overlay-color":"","overlay-opacity":"","overlay-gradient":""},"mobile":{"background-color":"var(--ast-global-color-5)","background-image":"","background-repeat":"repeat","background-position":"center center","background-size":"auto","background-attachment":"scroll","background-type":"","background-media":"","overlay-type":"","overlay-color":"","overlay-opacity":"","overlay-gradient":""}}},"product_brand":[],"product_cat":[640],"product_tag":[],"class_list":{"0":"post-5585","1":"product","2":"type-product","3":"status-publish","4":"has-post-thumbnail","6":"product_cat-materiel-de-protection","7":"desktop-align-left","8":"tablet-align-left","9":"mobile-align-left","11":"first","12":"instock","13":"taxable","14":"shipping-taxable","15":"purchasable","16":"product-type-variable","17":"has-default-attributes","18":"add-to-wishlist-before_image"},"acf":[],"yoast_head":"<!-- This site is optimized with the Yoast SEO plugin v26.5 - https:\/\/yoast.com\/wordpress\/plugins\/seo\/ -->\n<title>Blouse de protection \u00e0 usage unique, jaune<\/title>\n<meta name=\"description\" content=\"Blouse de protection \u00e0 usage unique, jaune, taille universelle, longueur 110\u00a0cm, largeur 137\u00a0cm, se ferme \u00e0 l\u2019arri\u00e8re, \u00e9lastique aux manches, hydrofuge en PP\/PE\" \/>\n<meta name=\"robots\" content=\"index, follow, max-snippet:-1, max-image-preview:large, max-video-preview:-1\" \/>\n<link rel=\"canonical\" href=\"https:\/\/fornimedical.ch\/fr\/produit\/blouse-de-protection-a-usage-unique-jaune\/\" \/>\n<meta property=\"og:locale\" content=\"fr_FR\" \/>\n<meta property=\"og:type\" content=\"article\" \/>\n<meta property=\"og:title\" content=\"Blouse de protection \u00e0 usage unique, jaune\" \/>\n<meta property=\"og:description\" content=\"Blouse de protection \u00e0 usage unique, jaune, taille universelle, longueur 110\u00a0cm, largeur 137\u00a0cm, se ferme \u00e0 l\u2019arri\u00e8re, \u00e9lastique aux manches, hydrofuge en PP\/PE\" \/>\n<meta property=\"og:url\" content=\"https:\/\/fornimedical.ch\/fr\/produit\/blouse-de-protection-a-usage-unique-jaune\/\" \/>\n<meta property=\"og:site_name\" content=\"Forni Medical GmbH\" \/>\n<meta property=\"article:modified_time\" content=\"2025-03-03T08:47:55+00:00\" \/>\n<meta property=\"og:image\" content=\"https:\/\/fornimedical.ch\/wp-content\/uploads\/2024\/04\/forni-medical_schutzkittel_einweggebrauch_gelb.jpg\" \/>\n\t<meta property=\"og:image:width\" content=\"2481\" \/>\n\t<meta property=\"og:image:height\" content=\"1487\" \/>\n\t<meta property=\"og:image:type\" content=\"image\/jpeg\" \/>\n<meta name=\"twitter:card\" content=\"summary_large_image\" \/>\n<script type=\"application\/ld+json\" class=\"yoast-schema-graph\">{\"@context\":\"https:\/\/schema.org\",\"@graph\":[{\"@type\":\"WebPage\",\"@id\":\"https:\/\/fornimedical.ch\/fr\/produit\/blouse-de-protection-a-usage-unique-jaune\/\",\"url\":\"https:\/\/fornimedical.ch\/fr\/produit\/blouse-de-protection-a-usage-unique-jaune\/\",\"name\":\"Blouse de protection \u00e0 usage unique, jaune\",\"isPartOf\":{\"@id\":\"https:\/\/fornimedical.ch\/fr\/#website\"},\"primaryImageOfPage\":{\"@id\":\"https:\/\/fornimedical.ch\/fr\/produit\/blouse-de-protection-a-usage-unique-jaune\/#primaryimage\"},\"image\":{\"@id\":\"https:\/\/fornimedical.ch\/fr\/produit\/blouse-de-protection-a-usage-unique-jaune\/#primaryimage\"},\"thumbnailUrl\":\"https:\/\/fornimedical.ch\/wp-content\/uploads\/2024\/04\/forni-medical_schutzkittel_einweggebrauch_gelb.jpg\",\"datePublished\":\"2024-04-24T02:05:25+00:00\",\"dateModified\":\"2025-03-03T08:47:55+00:00\",\"description\":\"Blouse de protection \u00e0 usage unique, jaune, taille universelle, longueur 110\u00a0cm, largeur 137\u00a0cm, se ferme \u00e0 l\u2019arri\u00e8re, \u00e9lastique aux manches, hydrofuge en PP\/PE\",\"breadcrumb\":{\"@id\":\"https:\/\/fornimedical.ch\/fr\/produit\/blouse-de-protection-a-usage-unique-jaune\/#breadcrumb\"},\"inLanguage\":\"fr-FR\",\"potentialAction\":[{\"@type\":\"ReadAction\",\"target\":[\"https:\/\/fornimedical.ch\/fr\/produit\/blouse-de-protection-a-usage-unique-jaune\/\"]}]},{\"@type\":\"ImageObject\",\"inLanguage\":\"fr-FR\",\"@id\":\"https:\/\/fornimedical.ch\/fr\/produit\/blouse-de-protection-a-usage-unique-jaune\/#primaryimage\",\"url\":\"https:\/\/fornimedical.ch\/wp-content\/uploads\/2024\/04\/forni-medical_schutzkittel_einweggebrauch_gelb.jpg\",\"contentUrl\":\"https:\/\/fornimedical.ch\/wp-content\/uploads\/2024\/04\/forni-medical_schutzkittel_einweggebrauch_gelb.jpg\",\"width\":2481,\"height\":1487,\"caption\":\"Forni Medical Schutzkittel, Einweggebrauch, gelb\"},{\"@type\":\"BreadcrumbList\",\"@id\":\"https:\/\/fornimedical.ch\/fr\/produit\/blouse-de-protection-a-usage-unique-jaune\/#breadcrumb\",\"itemListElement\":[{\"@type\":\"ListItem\",\"position\":1,\"name\":\"Home\",\"item\":\"https:\/\/fornimedical.ch\/fr\/\"},{\"@type\":\"ListItem\",\"position\":2,\"name\":\"Archives boutique en ligne\",\"item\":\"https:\/\/fornimedical.ch\/fr\/archives-boutique-en-ligne\/\"},{\"@type\":\"ListItem\",\"position\":3,\"name\":\"Blouse de protection \u00e0 usage unique, jaune\"}]},{\"@type\":\"WebSite\",\"@id\":\"https:\/\/fornimedical.ch\/fr\/#website\",\"url\":\"https:\/\/fornimedical.ch\/fr\/\",\"name\":\"Forni Medical GmbH\",\"description\":\"\",\"publisher\":{\"@id\":\"https:\/\/fornimedical.ch\/fr\/#organization\"},\"potentialAction\":[{\"@type\":\"SearchAction\",\"target\":{\"@type\":\"EntryPoint\",\"urlTemplate\":\"https:\/\/fornimedical.ch\/fr\/?s={search_term_string}\"},\"query-input\":{\"@type\":\"PropertyValueSpecification\",\"valueRequired\":true,\"valueName\":\"search_term_string\"}}],\"inLanguage\":\"fr-FR\"},{\"@type\":\"Organization\",\"@id\":\"https:\/\/fornimedical.ch\/fr\/#organization\",\"name\":\"Forni Medical GmbH\",\"url\":\"https:\/\/fornimedical.ch\/fr\/\",\"logo\":{\"@type\":\"ImageObject\",\"inLanguage\":\"fr-FR\",\"@id\":\"https:\/\/fornimedical.ch\/fr\/#\/schema\/logo\/image\/\",\"url\":\"https:\/\/fornimedical.ch\/wp-content\/uploads\/2023\/08\/logo.svg\",\"contentUrl\":\"https:\/\/fornimedical.ch\/wp-content\/uploads\/2023\/08\/logo.svg\",\"caption\":\"Forni Medical GmbH\"},\"image\":{\"@id\":\"https:\/\/fornimedical.ch\/fr\/#\/schema\/logo\/image\/\"}}]}<\/script>\n<!-- \/ Yoast SEO plugin. -->","yoast_head_json":{"title":"Blouse de protection \u00e0 usage unique, jaune","description":"Blouse de protection \u00e0 usage unique, jaune, taille universelle, longueur 110\u00a0cm, largeur 137\u00a0cm, se ferme \u00e0 l\u2019arri\u00e8re, \u00e9lastique aux manches, hydrofuge en PP\/PE","robots":{"index":"index","follow":"follow","max-snippet":"max-snippet:-1","max-image-preview":"max-image-preview:large","max-video-preview":"max-video-preview:-1"},"canonical":"https:\/\/fornimedical.ch\/fr\/produit\/blouse-de-protection-a-usage-unique-jaune\/","og_locale":"fr_FR","og_type":"article","og_title":"Blouse de protection \u00e0 usage unique, jaune","og_description":"Blouse de protection \u00e0 usage unique, jaune, taille universelle, longueur 110\u00a0cm, largeur 137\u00a0cm, se ferme \u00e0 l\u2019arri\u00e8re, \u00e9lastique aux manches, hydrofuge en PP\/PE","og_url":"https:\/\/fornimedical.ch\/fr\/produit\/blouse-de-protection-a-usage-unique-jaune\/","og_site_name":"Forni Medical GmbH","article_modified_time":"2025-03-03T08:47:55+00:00","og_image":[{"width":2481,"height":1487,"url":"https:\/\/fornimedical.ch\/wp-content\/uploads\/2024\/04\/forni-medical_schutzkittel_einweggebrauch_gelb.jpg","type":"image\/jpeg"}],"twitter_card":"summary_large_image","schema":{"@context":"https:\/\/schema.org","@graph":[{"@type":"WebPage","@id":"https:\/\/fornimedical.ch\/fr\/produit\/blouse-de-protection-a-usage-unique-jaune\/","url":"https:\/\/fornimedical.ch\/fr\/produit\/blouse-de-protection-a-usage-unique-jaune\/","name":"Blouse de protection \u00e0 usage unique, jaune","isPartOf":{"@id":"https:\/\/fornimedical.ch\/fr\/#website"},"primaryImageOfPage":{"@id":"https:\/\/fornimedical.ch\/fr\/produit\/blouse-de-protection-a-usage-unique-jaune\/#primaryimage"},"image":{"@id":"https:\/\/fornimedical.ch\/fr\/produit\/blouse-de-protection-a-usage-unique-jaune\/#primaryimage"},"thumbnailUrl":"https:\/\/fornimedical.ch\/wp-content\/uploads\/2024\/04\/forni-medical_schutzkittel_einweggebrauch_gelb.jpg","datePublished":"2024-04-24T02:05:25+00:00","dateModified":"2025-03-03T08:47:55+00:00","description":"Blouse de protection \u00e0 usage unique, jaune, taille universelle, longueur 110\u00a0cm, largeur 137\u00a0cm, se ferme \u00e0 l\u2019arri\u00e8re, \u00e9lastique aux manches, hydrofuge en PP\/PE","breadcrumb":{"@id":"https:\/\/fornimedical.ch\/fr\/produit\/blouse-de-protection-a-usage-unique-jaune\/#breadcrumb"},"inLanguage":"fr-FR","potentialAction":[{"@type":"ReadAction","target":["https:\/\/fornimedical.ch\/fr\/produit\/blouse-de-protection-a-usage-unique-jaune\/"]}]},{"@type":"ImageObject","inLanguage":"fr-FR","@id":"https:\/\/fornimedical.ch\/fr\/produit\/blouse-de-protection-a-usage-unique-jaune\/#primaryimage","url":"https:\/\/fornimedical.ch\/wp-content\/uploads\/2024\/04\/forni-medical_schutzkittel_einweggebrauch_gelb.jpg","contentUrl":"https:\/\/fornimedical.ch\/wp-content\/uploads\/2024\/04\/forni-medical_schutzkittel_einweggebrauch_gelb.jpg","width":2481,"height":1487,"caption":"Forni Medical Schutzkittel, Einweggebrauch, gelb"},{"@type":"BreadcrumbList","@id":"https:\/\/fornimedical.ch\/fr\/produit\/blouse-de-protection-a-usage-unique-jaune\/#breadcrumb","itemListElement":[{"@type":"ListItem","position":1,"name":"Home","item":"https:\/\/fornimedical.ch\/fr\/"},{"@type":"ListItem","position":2,"name":"Archives boutique en ligne","item":"https:\/\/fornimedical.ch\/fr\/archives-boutique-en-ligne\/"},{"@type":"ListItem","position":3,"name":"Blouse de protection \u00e0 usage unique, jaune"}]},{"@type":"WebSite","@id":"https:\/\/fornimedical.ch\/fr\/#website","url":"https:\/\/fornimedical.ch\/fr\/","name":"Forni Medical GmbH","description":"","publisher":{"@id":"https:\/\/fornimedical.ch\/fr\/#organization"},"potentialAction":[{"@type":"SearchAction","target":{"@type":"EntryPoint","urlTemplate":"https:\/\/fornimedical.ch\/fr\/?s={search_term_string}"},"query-input":{"@type":"PropertyValueSpecification","valueRequired":true,"valueName":"search_term_string"}}],"inLanguage":"fr-FR"},{"@type":"Organization","@id":"https:\/\/fornimedical.ch\/fr\/#organization","name":"Forni Medical GmbH","url":"https:\/\/fornimedical.ch\/fr\/","logo":{"@type":"ImageObject","inLanguage":"fr-FR","@id":"https:\/\/fornimedical.ch\/fr\/#\/schema\/logo\/image\/","url":"https:\/\/fornimedical.ch\/wp-content\/uploads\/2023\/08\/logo.svg","contentUrl":"https:\/\/fornimedical.ch\/wp-content\/uploads\/2023\/08\/logo.svg","caption":"Forni Medical GmbH"},"image":{"@id":"https:\/\/fornimedical.ch\/fr\/#\/schema\/logo\/image\/"}}]}},"_links":{"self":[{"href":"https:\/\/fornimedical.ch\/fr\/wp-json\/wp\/v2\/product\/5585","targetHints":{"allow":["GET"]}}],"collection":[{"href":"https:\/\/fornimedical.ch\/fr\/wp-json\/wp\/v2\/product"}],"about":[{"href":"https:\/\/fornimedical.ch\/fr\/wp-json\/wp\/v2\/types\/product"}],"replies":[{"embeddable":true,"href":"https:\/\/fornimedical.ch\/fr\/wp-json\/wp\/v2\/comments?post=5585"}],"wp:featuredmedia":[{"embeddable":true,"href":"https:\/\/fornimedical.ch\/fr\/wp-json\/wp\/v2\/media\/4193"}],"wp:attachment":[{"href":"https:\/\/fornimedical.ch\/fr\/wp-json\/wp\/v2\/media?parent=5585"}],"wp:term":[{"taxonomy":"product_brand","embeddable":true,"href":"https:\/\/fornimedical.ch\/fr\/wp-json\/wp\/v2\/product_brand?post=5585"},{"taxonomy":"product_cat","embeddable":true,"href":"https:\/\/fornimedical.ch\/fr\/wp-json\/wp\/v2\/product_cat?post=5585"},{"taxonomy":"product_tag","embeddable":true,"href":"https:\/\/fornimedical.ch\/fr\/wp-json\/wp\/v2\/product_tag?post=5585"}],"curies":[{"name":"wp","href":"https:\/\/api.w.org\/{rel}","templated":true}]}}