{"id":5584,"date":"2024-04-14T07:05:39","date_gmt":"2024-04-14T07:05:39","guid":{"rendered":"https:\/\/fornimedical.ch\/product\/salvafast-transfer-systeme-de-fixation-et-transfert\/"},"modified":"2024-08-15T09:56:13","modified_gmt":"2024-08-15T09:56:13","slug":"salvafast-transfer-systeme-de-fixation-et-transfert","status":"publish","type":"product","link":"https:\/\/fornimedical.ch\/fr\/produit\/salvafast-transfer-systeme-de-fixation-et-transfert\/","title":{"rendered":"Salvafast Transfer Syst\u00e8me de fixation et transfert"},"content":{"rendered":"<p>Syst\u00e8me innovant pour la contention et le transfert rapides et s\u00fbrs de patients alt\u00e9r\u00e9s, violents, agressifs ou d\u00e9sorient\u00e9s pour civi\u00e8res d\u2019urgence. Il permet, en cas d\u2019urgence, le transfert du patient vers une autre civi\u00e8re ou un autre lit sans qu\u2019il soit n\u00e9cessaire d\u2019enlever la contention. Il se compose d\u2019une base coulissante r\u00e9sistante avec un ensemble de harnais, de bracelets et d\u2019attaches-chevilles avec un syst\u00e8me de double fermeture velcro. Il est fabriqu\u00e9 d\u2019une seule pi\u00e8ce et sp\u00e9cialement con\u00e7u pour \u00eatre utilis\u00e9 dans tous les types de civi\u00e8res d\u2019urgence.<\/p>\n","protected":false},"excerpt":{"rendered":"<p>M3710 Syst\u00e8me de fixation et transfert Salvafast, syst\u00e8me de transfert pour civi\u00e8res d\u2019urgence. Modifi\u00e9 pour les brancards d\u2019ambulance utilis\u00e9s en Suisse, avec 1 sangle suppl\u00e9mentaire 20 cm plus bas pour ne pas g\u00eaner le moteur<\/p>\n","protected":false},"featured_media":3825,"comment_status":"closed","ping_status":"closed","template":"","meta":{"_acf_changed":false,"site-sidebar-layout":"default","site-content-layout":"","ast-site-content-layout":"default","site-content-style":"default","site-sidebar-style":"default","ast-global-header-display":"","ast-banner-title-visibility":"","ast-main-header-display":"","ast-hfb-above-header-display":"","ast-hfb-below-header-display":"","ast-hfb-mobile-header-display":"","site-post-title":"","ast-breadcrumbs-content":"","ast-featured-img":"","footer-sml-layout":"","theme-transparent-header-meta":"default","adv-header-id-meta":"","stick-header-meta":"","header-above-stick-meta":"","header-main-stick-meta":"","header-below-stick-meta":"","astra-migrate-meta-layouts":"set","ast-page-background-enabled":"default","ast-page-background-meta":{"desktop":{"background-color":"var(--ast-global-color-4)","background-image":"","background-repeat":"repeat","background-position":"center center","background-size":"auto","background-attachment":"scroll","background-type":"","background-media":"","overlay-type":"","overlay-color":"","overlay-opacity":"","overlay-gradient":""},"tablet":{"background-color":"","background-image":"","background-repeat":"repeat","background-position":"center center","background-size":"auto","background-attachment":"scroll","background-type":"","background-media":"","overlay-type":"","overlay-color":"","overlay-opacity":"","overlay-gradient":""},"mobile":{"background-color":"","background-image":"","background-repeat":"repeat","background-position":"center center","background-size":"auto","background-attachment":"scroll","background-type":"","background-media":"","overlay-type":"","overlay-color":"","overlay-opacity":"","overlay-gradient":""}},"ast-content-background-meta":{"desktop":{"background-color":"var(--ast-global-color-5)","background-image":"","background-repeat":"repeat","background-position":"center center","background-size":"auto","background-attachment":"scroll","background-type":"","background-media":"","overlay-type":"","overlay-color":"","overlay-opacity":"","overlay-gradient":""},"tablet":{"background-color":"var(--ast-global-color-5)","background-image":"","background-repeat":"repeat","background-position":"center center","background-size":"auto","background-attachment":"scroll","background-type":"","background-media":"","overlay-type":"","overlay-color":"","overlay-opacity":"","overlay-gradient":""},"mobile":{"background-color":"var(--ast-global-color-5)","background-image":"","background-repeat":"repeat","background-position":"center center","background-size":"auto","background-attachment":"scroll","background-type":"","background-media":"","overlay-type":"","overlay-color":"","overlay-opacity":"","overlay-gradient":""}}},"product_brand":[],"product_cat":[658],"product_tag":[],"class_list":{"0":"post-5584","1":"product","2":"type-product","3":"status-publish","4":"has-post-thumbnail","6":"product_cat-transfert-de-patients","7":"desktop-align-left","8":"tablet-align-left","9":"mobile-align-left","11":"first","12":"instock","13":"taxable","14":"shipping-taxable","15":"purchasable","16":"product-type-variable","17":"has-default-attributes","18":"add-to-wishlist-before_image"},"acf":[],"yoast_head":"<!-- This site is optimized with the Yoast SEO plugin v26.5 - https:\/\/yoast.com\/wordpress\/plugins\/seo\/ -->\n<title>Salvafast Transfer Syst\u00e8me de fixation et transfert<\/title>\n<meta name=\"description\" content=\"Salvafast Transfer, syst\u00e8me innovant pour la contention et le transfert rapides et s\u00fbrs de patients pour civi\u00e8res d\u2019urgence.\" \/>\n<meta name=\"robots\" content=\"index, follow, max-snippet:-1, max-image-preview:large, max-video-preview:-1\" \/>\n<link rel=\"canonical\" href=\"https:\/\/fornimedical.ch\/fr\/produit\/salvafast-transfer-systeme-de-fixation-et-transfert\/\" \/>\n<meta property=\"og:locale\" content=\"fr_FR\" \/>\n<meta property=\"og:type\" content=\"article\" \/>\n<meta property=\"og:title\" content=\"Salvafast Transfer Syst\u00e8me de fixation et transfert\" \/>\n<meta property=\"og:description\" content=\"Salvafast Transfer, syst\u00e8me innovant pour la contention et le transfert rapides et s\u00fbrs de patients pour civi\u00e8res d\u2019urgence.\" \/>\n<meta property=\"og:url\" content=\"https:\/\/fornimedical.ch\/fr\/produit\/salvafast-transfer-systeme-de-fixation-et-transfert\/\" \/>\n<meta property=\"og:site_name\" content=\"Forni Medical GmbH\" \/>\n<meta property=\"article:modified_time\" content=\"2024-08-15T09:56:13+00:00\" \/>\n<meta property=\"og:image\" content=\"https:\/\/fornimedical.ch\/wp-content\/uploads\/2024\/04\/forni-medical_medicare_salvafast-fixier-und-transfersystem_01-scaled.jpg\" \/>\n\t<meta property=\"og:image:width\" content=\"2560\" \/>\n\t<meta property=\"og:image:height\" content=\"1479\" \/>\n\t<meta property=\"og:image:type\" content=\"image\/jpeg\" \/>\n<meta name=\"twitter:card\" content=\"summary_large_image\" \/>\n<meta name=\"twitter:label1\" content=\"Dur\u00e9e de lecture estim\u00e9e\" \/>\n\t<meta name=\"twitter:data1\" content=\"1 minute\" \/>\n<script type=\"application\/ld+json\" class=\"yoast-schema-graph\">{\"@context\":\"https:\/\/schema.org\",\"@graph\":[{\"@type\":\"WebPage\",\"@id\":\"https:\/\/fornimedical.ch\/fr\/produit\/salvafast-transfer-systeme-de-fixation-et-transfert\/\",\"url\":\"https:\/\/fornimedical.ch\/fr\/produit\/salvafast-transfer-systeme-de-fixation-et-transfert\/\",\"name\":\"Salvafast Transfer Syst\u00e8me de fixation et transfert\",\"isPartOf\":{\"@id\":\"https:\/\/fornimedical.ch\/fr\/#website\"},\"primaryImageOfPage\":{\"@id\":\"https:\/\/fornimedical.ch\/fr\/produit\/salvafast-transfer-systeme-de-fixation-et-transfert\/#primaryimage\"},\"image\":{\"@id\":\"https:\/\/fornimedical.ch\/fr\/produit\/salvafast-transfer-systeme-de-fixation-et-transfert\/#primaryimage\"},\"thumbnailUrl\":\"https:\/\/fornimedical.ch\/wp-content\/uploads\/2024\/04\/forni-medical_medicare_salvafast-fixier-und-transfersystem_01-scaled.jpg\",\"datePublished\":\"2024-04-14T07:05:39+00:00\",\"dateModified\":\"2024-08-15T09:56:13+00:00\",\"description\":\"Salvafast Transfer, syst\u00e8me innovant pour la contention et le transfert rapides et s\u00fbrs de patients pour civi\u00e8res d\u2019urgence.\",\"breadcrumb\":{\"@id\":\"https:\/\/fornimedical.ch\/fr\/produit\/salvafast-transfer-systeme-de-fixation-et-transfert\/#breadcrumb\"},\"inLanguage\":\"fr-FR\",\"potentialAction\":[{\"@type\":\"ReadAction\",\"target\":[\"https:\/\/fornimedical.ch\/fr\/produit\/salvafast-transfer-systeme-de-fixation-et-transfert\/\"]}]},{\"@type\":\"ImageObject\",\"inLanguage\":\"fr-FR\",\"@id\":\"https:\/\/fornimedical.ch\/fr\/produit\/salvafast-transfer-systeme-de-fixation-et-transfert\/#primaryimage\",\"url\":\"https:\/\/fornimedical.ch\/wp-content\/uploads\/2024\/04\/forni-medical_medicare_salvafast-fixier-und-transfersystem_01-scaled.jpg\",\"contentUrl\":\"https:\/\/fornimedical.ch\/wp-content\/uploads\/2024\/04\/forni-medical_medicare_salvafast-fixier-und-transfersystem_01-scaled.jpg\",\"width\":2560,\"height\":1479,\"caption\":\"Salvafast Transfer Fixier- und Transfersystem\"},{\"@type\":\"BreadcrumbList\",\"@id\":\"https:\/\/fornimedical.ch\/fr\/produit\/salvafast-transfer-systeme-de-fixation-et-transfert\/#breadcrumb\",\"itemListElement\":[{\"@type\":\"ListItem\",\"position\":1,\"name\":\"Home\",\"item\":\"https:\/\/fornimedical.ch\/fr\/\"},{\"@type\":\"ListItem\",\"position\":2,\"name\":\"Archives boutique en ligne\",\"item\":\"https:\/\/fornimedical.ch\/fr\/archives-boutique-en-ligne\/\"},{\"@type\":\"ListItem\",\"position\":3,\"name\":\"Salvafast Transfer Syst\u00e8me de fixation et transfert\"}]},{\"@type\":\"WebSite\",\"@id\":\"https:\/\/fornimedical.ch\/fr\/#website\",\"url\":\"https:\/\/fornimedical.ch\/fr\/\",\"name\":\"Forni Medical GmbH\",\"description\":\"\",\"publisher\":{\"@id\":\"https:\/\/fornimedical.ch\/fr\/#organization\"},\"potentialAction\":[{\"@type\":\"SearchAction\",\"target\":{\"@type\":\"EntryPoint\",\"urlTemplate\":\"https:\/\/fornimedical.ch\/fr\/?s={search_term_string}\"},\"query-input\":{\"@type\":\"PropertyValueSpecification\",\"valueRequired\":true,\"valueName\":\"search_term_string\"}}],\"inLanguage\":\"fr-FR\"},{\"@type\":\"Organization\",\"@id\":\"https:\/\/fornimedical.ch\/fr\/#organization\",\"name\":\"Forni Medical GmbH\",\"url\":\"https:\/\/fornimedical.ch\/fr\/\",\"logo\":{\"@type\":\"ImageObject\",\"inLanguage\":\"fr-FR\",\"@id\":\"https:\/\/fornimedical.ch\/fr\/#\/schema\/logo\/image\/\",\"url\":\"https:\/\/fornimedical.ch\/wp-content\/uploads\/2023\/08\/logo.svg\",\"contentUrl\":\"https:\/\/fornimedical.ch\/wp-content\/uploads\/2023\/08\/logo.svg\",\"caption\":\"Forni Medical GmbH\"},\"image\":{\"@id\":\"https:\/\/fornimedical.ch\/fr\/#\/schema\/logo\/image\/\"}}]}<\/script>\n<!-- \/ Yoast SEO plugin. -->","yoast_head_json":{"title":"Salvafast Transfer Syst\u00e8me de fixation et transfert","description":"Salvafast Transfer, syst\u00e8me innovant pour la contention et le transfert rapides et s\u00fbrs de patients pour civi\u00e8res d\u2019urgence.","robots":{"index":"index","follow":"follow","max-snippet":"max-snippet:-1","max-image-preview":"max-image-preview:large","max-video-preview":"max-video-preview:-1"},"canonical":"https:\/\/fornimedical.ch\/fr\/produit\/salvafast-transfer-systeme-de-fixation-et-transfert\/","og_locale":"fr_FR","og_type":"article","og_title":"Salvafast Transfer Syst\u00e8me de fixation et transfert","og_description":"Salvafast Transfer, syst\u00e8me innovant pour la contention et le transfert rapides et s\u00fbrs de patients pour civi\u00e8res d\u2019urgence.","og_url":"https:\/\/fornimedical.ch\/fr\/produit\/salvafast-transfer-systeme-de-fixation-et-transfert\/","og_site_name":"Forni Medical GmbH","article_modified_time":"2024-08-15T09:56:13+00:00","og_image":[{"width":2560,"height":1479,"url":"https:\/\/fornimedical.ch\/wp-content\/uploads\/2024\/04\/forni-medical_medicare_salvafast-fixier-und-transfersystem_01-scaled.jpg","type":"image\/jpeg"}],"twitter_card":"summary_large_image","twitter_misc":{"Dur\u00e9e de lecture estim\u00e9e":"1 minute"},"schema":{"@context":"https:\/\/schema.org","@graph":[{"@type":"WebPage","@id":"https:\/\/fornimedical.ch\/fr\/produit\/salvafast-transfer-systeme-de-fixation-et-transfert\/","url":"https:\/\/fornimedical.ch\/fr\/produit\/salvafast-transfer-systeme-de-fixation-et-transfert\/","name":"Salvafast Transfer Syst\u00e8me de fixation et transfert","isPartOf":{"@id":"https:\/\/fornimedical.ch\/fr\/#website"},"primaryImageOfPage":{"@id":"https:\/\/fornimedical.ch\/fr\/produit\/salvafast-transfer-systeme-de-fixation-et-transfert\/#primaryimage"},"image":{"@id":"https:\/\/fornimedical.ch\/fr\/produit\/salvafast-transfer-systeme-de-fixation-et-transfert\/#primaryimage"},"thumbnailUrl":"https:\/\/fornimedical.ch\/wp-content\/uploads\/2024\/04\/forni-medical_medicare_salvafast-fixier-und-transfersystem_01-scaled.jpg","datePublished":"2024-04-14T07:05:39+00:00","dateModified":"2024-08-15T09:56:13+00:00","description":"Salvafast Transfer, syst\u00e8me innovant pour la contention et le transfert rapides et s\u00fbrs de patients pour civi\u00e8res d\u2019urgence.","breadcrumb":{"@id":"https:\/\/fornimedical.ch\/fr\/produit\/salvafast-transfer-systeme-de-fixation-et-transfert\/#breadcrumb"},"inLanguage":"fr-FR","potentialAction":[{"@type":"ReadAction","target":["https:\/\/fornimedical.ch\/fr\/produit\/salvafast-transfer-systeme-de-fixation-et-transfert\/"]}]},{"@type":"ImageObject","inLanguage":"fr-FR","@id":"https:\/\/fornimedical.ch\/fr\/produit\/salvafast-transfer-systeme-de-fixation-et-transfert\/#primaryimage","url":"https:\/\/fornimedical.ch\/wp-content\/uploads\/2024\/04\/forni-medical_medicare_salvafast-fixier-und-transfersystem_01-scaled.jpg","contentUrl":"https:\/\/fornimedical.ch\/wp-content\/uploads\/2024\/04\/forni-medical_medicare_salvafast-fixier-und-transfersystem_01-scaled.jpg","width":2560,"height":1479,"caption":"Salvafast Transfer Fixier- und Transfersystem"},{"@type":"BreadcrumbList","@id":"https:\/\/fornimedical.ch\/fr\/produit\/salvafast-transfer-systeme-de-fixation-et-transfert\/#breadcrumb","itemListElement":[{"@type":"ListItem","position":1,"name":"Home","item":"https:\/\/fornimedical.ch\/fr\/"},{"@type":"ListItem","position":2,"name":"Archives boutique en ligne","item":"https:\/\/fornimedical.ch\/fr\/archives-boutique-en-ligne\/"},{"@type":"ListItem","position":3,"name":"Salvafast Transfer Syst\u00e8me de fixation et transfert"}]},{"@type":"WebSite","@id":"https:\/\/fornimedical.ch\/fr\/#website","url":"https:\/\/fornimedical.ch\/fr\/","name":"Forni Medical GmbH","description":"","publisher":{"@id":"https:\/\/fornimedical.ch\/fr\/#organization"},"potentialAction":[{"@type":"SearchAction","target":{"@type":"EntryPoint","urlTemplate":"https:\/\/fornimedical.ch\/fr\/?s={search_term_string}"},"query-input":{"@type":"PropertyValueSpecification","valueRequired":true,"valueName":"search_term_string"}}],"inLanguage":"fr-FR"},{"@type":"Organization","@id":"https:\/\/fornimedical.ch\/fr\/#organization","name":"Forni Medical GmbH","url":"https:\/\/fornimedical.ch\/fr\/","logo":{"@type":"ImageObject","inLanguage":"fr-FR","@id":"https:\/\/fornimedical.ch\/fr\/#\/schema\/logo\/image\/","url":"https:\/\/fornimedical.ch\/wp-content\/uploads\/2023\/08\/logo.svg","contentUrl":"https:\/\/fornimedical.ch\/wp-content\/uploads\/2023\/08\/logo.svg","caption":"Forni Medical GmbH"},"image":{"@id":"https:\/\/fornimedical.ch\/fr\/#\/schema\/logo\/image\/"}}]}},"_links":{"self":[{"href":"https:\/\/fornimedical.ch\/fr\/wp-json\/wp\/v2\/product\/5584","targetHints":{"allow":["GET"]}}],"collection":[{"href":"https:\/\/fornimedical.ch\/fr\/wp-json\/wp\/v2\/product"}],"about":[{"href":"https:\/\/fornimedical.ch\/fr\/wp-json\/wp\/v2\/types\/product"}],"replies":[{"embeddable":true,"href":"https:\/\/fornimedical.ch\/fr\/wp-json\/wp\/v2\/comments?post=5584"}],"wp:featuredmedia":[{"embeddable":true,"href":"https:\/\/fornimedical.ch\/fr\/wp-json\/wp\/v2\/media\/3825"}],"wp:attachment":[{"href":"https:\/\/fornimedical.ch\/fr\/wp-json\/wp\/v2\/media?parent=5584"}],"wp:term":[{"taxonomy":"product_brand","embeddable":true,"href":"https:\/\/fornimedical.ch\/fr\/wp-json\/wp\/v2\/product_brand?post=5584"},{"taxonomy":"product_cat","embeddable":true,"href":"https:\/\/fornimedical.ch\/fr\/wp-json\/wp\/v2\/product_cat?post=5584"},{"taxonomy":"product_tag","embeddable":true,"href":"https:\/\/fornimedical.ch\/fr\/wp-json\/wp\/v2\/product_tag?post=5584"}],"curies":[{"name":"wp","href":"https:\/\/api.w.org\/{rel}","templated":true}]}}