{"id":5579,"date":"2024-02-13T11:02:52","date_gmt":"2024-02-13T11:02:52","guid":{"rendered":"https:\/\/fornimedical.ch\/product\/forni-bandage-de-fixation-pour-lepaule-gil-christ-bleu-plus-avec-large-ruban-en-mousse\/"},"modified":"2024-07-18T11:30:34","modified_gmt":"2024-07-18T11:30:34","slug":"forni-bandage-de-fixation-pour-lepaule-gil-christ-bleu-plus-avec-large-ruban-en-mousse","status":"publish","type":"product","link":"https:\/\/fornimedical.ch\/fr\/produit\/forni-bandage-de-fixation-pour-lepaule-gil-christ-bleu-plus-avec-large-ruban-en-mousse\/","title":{"rendered":"Forni Bandage de fixation pour l\u2019\u00e9paule \u00abGil Christ\u00bb, bleu, \u00abPlus\u00bb avec large ruban en mousse"},"content":{"rendered":"<p>Bandage de fixation pour l\u2019\u00e9paule \u00abGil Christ\u00bb, bleu, \u00abPlus\u00bb avec large ruban en mousse, composition 100\u00a0% polyamide, utilisable des deux c\u00f4t\u00e9s. Utilis\u00e9 pour l\u2019immobilisation de l\u2019\u00e9paule apr\u00e8s une fracture. Les deux\u00a0rubans s\u2019ajustent, un autour du cou pour ajuster la longueur, et un autour de la taille. Lavage \u00e0 la main jusqu\u2019\u00e0 30\u00a0\u00b0C, ne pas faire s\u00e9cher au s\u00e8che-linge.<\/p>\n","protected":false},"excerpt":{"rendered":"<p>bleu, avec large ruban en mousse, utilisable des deux c\u00f4t\u00e9s<\/p>\n","protected":false},"featured_media":2914,"comment_status":"closed","ping_status":"closed","template":"","meta":{"_acf_changed":false,"site-sidebar-layout":"default","site-content-layout":"","ast-site-content-layout":"default","site-content-style":"default","site-sidebar-style":"default","ast-global-header-display":"","ast-banner-title-visibility":"","ast-main-header-display":"","ast-hfb-above-header-display":"","ast-hfb-below-header-display":"","ast-hfb-mobile-header-display":"","site-post-title":"","ast-breadcrumbs-content":"","ast-featured-img":"","footer-sml-layout":"","theme-transparent-header-meta":"default","adv-header-id-meta":"","stick-header-meta":"","header-above-stick-meta":"","header-main-stick-meta":"","header-below-stick-meta":"","astra-migrate-meta-layouts":"default","ast-page-background-enabled":"default","ast-page-background-meta":{"desktop":{"background-color":"var(--ast-global-color-4)","background-image":"","background-repeat":"repeat","background-position":"center center","background-size":"auto","background-attachment":"scroll","background-type":"","background-media":"","overlay-type":"","overlay-color":"","overlay-opacity":"","overlay-gradient":""},"tablet":{"background-color":"","background-image":"","background-repeat":"repeat","background-position":"center center","background-size":"auto","background-attachment":"scroll","background-type":"","background-media":"","overlay-type":"","overlay-color":"","overlay-opacity":"","overlay-gradient":""},"mobile":{"background-color":"","background-image":"","background-repeat":"repeat","background-position":"center center","background-size":"auto","background-attachment":"scroll","background-type":"","background-media":"","overlay-type":"","overlay-color":"","overlay-opacity":"","overlay-gradient":""}},"ast-content-background-meta":{"desktop":{"background-color":"var(--ast-global-color-5)","background-image":"","background-repeat":"repeat","background-position":"center center","background-size":"auto","background-attachment":"scroll","background-type":"","background-media":"","overlay-type":"","overlay-color":"","overlay-opacity":"","overlay-gradient":""},"tablet":{"background-color":"var(--ast-global-color-5)","background-image":"","background-repeat":"repeat","background-position":"center center","background-size":"auto","background-attachment":"scroll","background-type":"","background-media":"","overlay-type":"","overlay-color":"","overlay-opacity":"","overlay-gradient":""},"mobile":{"background-color":"var(--ast-global-color-5)","background-image":"","background-repeat":"repeat","background-position":"center center","background-size":"auto","background-attachment":"scroll","background-type":"","background-media":"","overlay-type":"","overlay-color":"","overlay-opacity":"","overlay-gradient":""}}},"product_brand":[],"product_cat":[592],"product_tag":[],"class_list":{"0":"post-5579","1":"product","2":"type-product","3":"status-publish","4":"has-post-thumbnail","6":"product_cat-bandages-de-fixation-pour-lepaule","7":"desktop-align-left","8":"tablet-align-left","9":"mobile-align-left","11":"first","12":"instock","13":"taxable","14":"shipping-taxable","15":"purchasable","16":"product-type-variable","17":"has-default-attributes","18":"add-to-wishlist-before_image"},"acf":[],"yoast_head":"<!-- This site is optimized with the Yoast SEO plugin v26.5 - https:\/\/yoast.com\/wordpress\/plugins\/seo\/ -->\n<title>Forni Bandage de fixation pour l\u2019\u00e9paule \u00abGil Christ\u00bb, bleu \u00abPlus\u00bb<\/title>\n<meta name=\"description\" content=\"Forni Bandage de fixation pour l\u2019\u00e9paule \u00abGil Christ\u00bb, bleu, \u00abPlus\u00bb avec large ruban en mousse, composition 100\u00a0% polyamide, utilisable des deux c\u00f4t\u00e9s\" \/>\n<meta name=\"robots\" content=\"index, follow, max-snippet:-1, max-image-preview:large, max-video-preview:-1\" \/>\n<link rel=\"canonical\" href=\"https:\/\/fornimedical.ch\/fr\/produit\/forni-bandage-de-fixation-pour-lepaule-gil-christ-bleu-plus-avec-large-ruban-en-mousse\/\" \/>\n<meta property=\"og:locale\" content=\"fr_FR\" \/>\n<meta property=\"og:type\" content=\"article\" \/>\n<meta property=\"og:title\" content=\"Forni Bandage de fixation pour l\u2019\u00e9paule \u00abGil Christ\u00bb, bleu \u00abPlus\u00bb\" \/>\n<meta property=\"og:description\" content=\"Forni Bandage de fixation pour l\u2019\u00e9paule \u00abGil Christ\u00bb, bleu, \u00abPlus\u00bb avec large ruban en mousse, composition 100\u00a0% polyamide, utilisable des deux c\u00f4t\u00e9s\" \/>\n<meta property=\"og:url\" content=\"https:\/\/fornimedical.ch\/fr\/produit\/forni-bandage-de-fixation-pour-lepaule-gil-christ-bleu-plus-avec-large-ruban-en-mousse\/\" \/>\n<meta property=\"og:site_name\" content=\"Forni Medical GmbH\" \/>\n<meta property=\"article:modified_time\" content=\"2024-07-18T11:30:34+00:00\" \/>\n<meta property=\"og:image\" content=\"https:\/\/fornimedical.ch\/wp-content\/uploads\/2024\/03\/forni-medical_schulterbandage_gilchrist_blau-mit-schulterband-foam-scaled.jpg\" \/>\n\t<meta property=\"og:image:width\" content=\"1707\" \/>\n\t<meta property=\"og:image:height\" content=\"2560\" \/>\n\t<meta property=\"og:image:type\" content=\"image\/jpeg\" \/>\n<meta name=\"twitter:card\" content=\"summary_large_image\" \/>\n<script type=\"application\/ld+json\" class=\"yoast-schema-graph\">{\"@context\":\"https:\/\/schema.org\",\"@graph\":[{\"@type\":\"WebPage\",\"@id\":\"https:\/\/fornimedical.ch\/fr\/produit\/forni-bandage-de-fixation-pour-lepaule-gil-christ-bleu-plus-avec-large-ruban-en-mousse\/\",\"url\":\"https:\/\/fornimedical.ch\/fr\/produit\/forni-bandage-de-fixation-pour-lepaule-gil-christ-bleu-plus-avec-large-ruban-en-mousse\/\",\"name\":\"Forni Bandage de fixation pour l\u2019\u00e9paule \u00abGil Christ\u00bb, bleu \u00abPlus\u00bb\",\"isPartOf\":{\"@id\":\"https:\/\/fornimedical.ch\/fr\/#website\"},\"primaryImageOfPage\":{\"@id\":\"https:\/\/fornimedical.ch\/fr\/produit\/forni-bandage-de-fixation-pour-lepaule-gil-christ-bleu-plus-avec-large-ruban-en-mousse\/#primaryimage\"},\"image\":{\"@id\":\"https:\/\/fornimedical.ch\/fr\/produit\/forni-bandage-de-fixation-pour-lepaule-gil-christ-bleu-plus-avec-large-ruban-en-mousse\/#primaryimage\"},\"thumbnailUrl\":\"https:\/\/fornimedical.ch\/wp-content\/uploads\/2024\/03\/forni-medical_schulterbandage_gilchrist_blau-mit-schulterband-foam-scaled.jpg\",\"datePublished\":\"2024-02-13T11:02:52+00:00\",\"dateModified\":\"2024-07-18T11:30:34+00:00\",\"description\":\"Forni Bandage de fixation pour l\u2019\u00e9paule \u00abGil Christ\u00bb, bleu, \u00abPlus\u00bb avec large ruban en mousse, composition 100\u00a0% polyamide, utilisable des deux c\u00f4t\u00e9s\",\"breadcrumb\":{\"@id\":\"https:\/\/fornimedical.ch\/fr\/produit\/forni-bandage-de-fixation-pour-lepaule-gil-christ-bleu-plus-avec-large-ruban-en-mousse\/#breadcrumb\"},\"inLanguage\":\"fr-FR\",\"potentialAction\":[{\"@type\":\"ReadAction\",\"target\":[\"https:\/\/fornimedical.ch\/fr\/produit\/forni-bandage-de-fixation-pour-lepaule-gil-christ-bleu-plus-avec-large-ruban-en-mousse\/\"]}]},{\"@type\":\"ImageObject\",\"inLanguage\":\"fr-FR\",\"@id\":\"https:\/\/fornimedical.ch\/fr\/produit\/forni-bandage-de-fixation-pour-lepaule-gil-christ-bleu-plus-avec-large-ruban-en-mousse\/#primaryimage\",\"url\":\"https:\/\/fornimedical.ch\/wp-content\/uploads\/2024\/03\/forni-medical_schulterbandage_gilchrist_blau-mit-schulterband-foam-scaled.jpg\",\"contentUrl\":\"https:\/\/fornimedical.ch\/wp-content\/uploads\/2024\/03\/forni-medical_schulterbandage_gilchrist_blau-mit-schulterband-foam-scaled.jpg\",\"width\":1707,\"height\":2560,\"caption\":\"Forni Medical Schulterbandage \\\"Gil Christ\\\", blau, \\\"Plus\\\" mit breitem Schulterband aus Foam\"},{\"@type\":\"BreadcrumbList\",\"@id\":\"https:\/\/fornimedical.ch\/fr\/produit\/forni-bandage-de-fixation-pour-lepaule-gil-christ-bleu-plus-avec-large-ruban-en-mousse\/#breadcrumb\",\"itemListElement\":[{\"@type\":\"ListItem\",\"position\":1,\"name\":\"Home\",\"item\":\"https:\/\/fornimedical.ch\/fr\/\"},{\"@type\":\"ListItem\",\"position\":2,\"name\":\"Archives boutique en ligne\",\"item\":\"https:\/\/fornimedical.ch\/fr\/archives-boutique-en-ligne\/\"},{\"@type\":\"ListItem\",\"position\":3,\"name\":\"Forni Bandage de fixation pour l\u2019\u00e9paule \u00abGil Christ\u00bb, bleu, \u00abPlus\u00bb avec large ruban en mousse\"}]},{\"@type\":\"WebSite\",\"@id\":\"https:\/\/fornimedical.ch\/fr\/#website\",\"url\":\"https:\/\/fornimedical.ch\/fr\/\",\"name\":\"Forni Medical GmbH\",\"description\":\"\",\"publisher\":{\"@id\":\"https:\/\/fornimedical.ch\/fr\/#organization\"},\"potentialAction\":[{\"@type\":\"SearchAction\",\"target\":{\"@type\":\"EntryPoint\",\"urlTemplate\":\"https:\/\/fornimedical.ch\/fr\/?s={search_term_string}\"},\"query-input\":{\"@type\":\"PropertyValueSpecification\",\"valueRequired\":true,\"valueName\":\"search_term_string\"}}],\"inLanguage\":\"fr-FR\"},{\"@type\":\"Organization\",\"@id\":\"https:\/\/fornimedical.ch\/fr\/#organization\",\"name\":\"Forni Medical GmbH\",\"url\":\"https:\/\/fornimedical.ch\/fr\/\",\"logo\":{\"@type\":\"ImageObject\",\"inLanguage\":\"fr-FR\",\"@id\":\"https:\/\/fornimedical.ch\/fr\/#\/schema\/logo\/image\/\",\"url\":\"https:\/\/fornimedical.ch\/wp-content\/uploads\/2023\/08\/logo.svg\",\"contentUrl\":\"https:\/\/fornimedical.ch\/wp-content\/uploads\/2023\/08\/logo.svg\",\"caption\":\"Forni Medical GmbH\"},\"image\":{\"@id\":\"https:\/\/fornimedical.ch\/fr\/#\/schema\/logo\/image\/\"}}]}<\/script>\n<!-- \/ Yoast SEO plugin. -->","yoast_head_json":{"title":"Forni Bandage de fixation pour l\u2019\u00e9paule \u00abGil Christ\u00bb, bleu \u00abPlus\u00bb","description":"Forni Bandage de fixation pour l\u2019\u00e9paule \u00abGil Christ\u00bb, bleu, \u00abPlus\u00bb avec large ruban en mousse, composition 100\u00a0% polyamide, utilisable des deux c\u00f4t\u00e9s","robots":{"index":"index","follow":"follow","max-snippet":"max-snippet:-1","max-image-preview":"max-image-preview:large","max-video-preview":"max-video-preview:-1"},"canonical":"https:\/\/fornimedical.ch\/fr\/produit\/forni-bandage-de-fixation-pour-lepaule-gil-christ-bleu-plus-avec-large-ruban-en-mousse\/","og_locale":"fr_FR","og_type":"article","og_title":"Forni Bandage de fixation pour l\u2019\u00e9paule \u00abGil Christ\u00bb, bleu \u00abPlus\u00bb","og_description":"Forni Bandage de fixation pour l\u2019\u00e9paule \u00abGil Christ\u00bb, bleu, \u00abPlus\u00bb avec large ruban en mousse, composition 100\u00a0% polyamide, utilisable des deux c\u00f4t\u00e9s","og_url":"https:\/\/fornimedical.ch\/fr\/produit\/forni-bandage-de-fixation-pour-lepaule-gil-christ-bleu-plus-avec-large-ruban-en-mousse\/","og_site_name":"Forni Medical GmbH","article_modified_time":"2024-07-18T11:30:34+00:00","og_image":[{"width":1707,"height":2560,"url":"https:\/\/fornimedical.ch\/wp-content\/uploads\/2024\/03\/forni-medical_schulterbandage_gilchrist_blau-mit-schulterband-foam-scaled.jpg","type":"image\/jpeg"}],"twitter_card":"summary_large_image","schema":{"@context":"https:\/\/schema.org","@graph":[{"@type":"WebPage","@id":"https:\/\/fornimedical.ch\/fr\/produit\/forni-bandage-de-fixation-pour-lepaule-gil-christ-bleu-plus-avec-large-ruban-en-mousse\/","url":"https:\/\/fornimedical.ch\/fr\/produit\/forni-bandage-de-fixation-pour-lepaule-gil-christ-bleu-plus-avec-large-ruban-en-mousse\/","name":"Forni Bandage de fixation pour l\u2019\u00e9paule \u00abGil Christ\u00bb, bleu \u00abPlus\u00bb","isPartOf":{"@id":"https:\/\/fornimedical.ch\/fr\/#website"},"primaryImageOfPage":{"@id":"https:\/\/fornimedical.ch\/fr\/produit\/forni-bandage-de-fixation-pour-lepaule-gil-christ-bleu-plus-avec-large-ruban-en-mousse\/#primaryimage"},"image":{"@id":"https:\/\/fornimedical.ch\/fr\/produit\/forni-bandage-de-fixation-pour-lepaule-gil-christ-bleu-plus-avec-large-ruban-en-mousse\/#primaryimage"},"thumbnailUrl":"https:\/\/fornimedical.ch\/wp-content\/uploads\/2024\/03\/forni-medical_schulterbandage_gilchrist_blau-mit-schulterband-foam-scaled.jpg","datePublished":"2024-02-13T11:02:52+00:00","dateModified":"2024-07-18T11:30:34+00:00","description":"Forni Bandage de fixation pour l\u2019\u00e9paule \u00abGil Christ\u00bb, bleu, \u00abPlus\u00bb avec large ruban en mousse, composition 100\u00a0% polyamide, utilisable des deux c\u00f4t\u00e9s","breadcrumb":{"@id":"https:\/\/fornimedical.ch\/fr\/produit\/forni-bandage-de-fixation-pour-lepaule-gil-christ-bleu-plus-avec-large-ruban-en-mousse\/#breadcrumb"},"inLanguage":"fr-FR","potentialAction":[{"@type":"ReadAction","target":["https:\/\/fornimedical.ch\/fr\/produit\/forni-bandage-de-fixation-pour-lepaule-gil-christ-bleu-plus-avec-large-ruban-en-mousse\/"]}]},{"@type":"ImageObject","inLanguage":"fr-FR","@id":"https:\/\/fornimedical.ch\/fr\/produit\/forni-bandage-de-fixation-pour-lepaule-gil-christ-bleu-plus-avec-large-ruban-en-mousse\/#primaryimage","url":"https:\/\/fornimedical.ch\/wp-content\/uploads\/2024\/03\/forni-medical_schulterbandage_gilchrist_blau-mit-schulterband-foam-scaled.jpg","contentUrl":"https:\/\/fornimedical.ch\/wp-content\/uploads\/2024\/03\/forni-medical_schulterbandage_gilchrist_blau-mit-schulterband-foam-scaled.jpg","width":1707,"height":2560,"caption":"Forni Medical Schulterbandage \"Gil Christ\", blau, \"Plus\" mit breitem Schulterband aus Foam"},{"@type":"BreadcrumbList","@id":"https:\/\/fornimedical.ch\/fr\/produit\/forni-bandage-de-fixation-pour-lepaule-gil-christ-bleu-plus-avec-large-ruban-en-mousse\/#breadcrumb","itemListElement":[{"@type":"ListItem","position":1,"name":"Home","item":"https:\/\/fornimedical.ch\/fr\/"},{"@type":"ListItem","position":2,"name":"Archives boutique en ligne","item":"https:\/\/fornimedical.ch\/fr\/archives-boutique-en-ligne\/"},{"@type":"ListItem","position":3,"name":"Forni Bandage de fixation pour l\u2019\u00e9paule \u00abGil Christ\u00bb, bleu, \u00abPlus\u00bb avec large ruban en mousse"}]},{"@type":"WebSite","@id":"https:\/\/fornimedical.ch\/fr\/#website","url":"https:\/\/fornimedical.ch\/fr\/","name":"Forni Medical GmbH","description":"","publisher":{"@id":"https:\/\/fornimedical.ch\/fr\/#organization"},"potentialAction":[{"@type":"SearchAction","target":{"@type":"EntryPoint","urlTemplate":"https:\/\/fornimedical.ch\/fr\/?s={search_term_string}"},"query-input":{"@type":"PropertyValueSpecification","valueRequired":true,"valueName":"search_term_string"}}],"inLanguage":"fr-FR"},{"@type":"Organization","@id":"https:\/\/fornimedical.ch\/fr\/#organization","name":"Forni Medical GmbH","url":"https:\/\/fornimedical.ch\/fr\/","logo":{"@type":"ImageObject","inLanguage":"fr-FR","@id":"https:\/\/fornimedical.ch\/fr\/#\/schema\/logo\/image\/","url":"https:\/\/fornimedical.ch\/wp-content\/uploads\/2023\/08\/logo.svg","contentUrl":"https:\/\/fornimedical.ch\/wp-content\/uploads\/2023\/08\/logo.svg","caption":"Forni Medical GmbH"},"image":{"@id":"https:\/\/fornimedical.ch\/fr\/#\/schema\/logo\/image\/"}}]}},"_links":{"self":[{"href":"https:\/\/fornimedical.ch\/fr\/wp-json\/wp\/v2\/product\/5579","targetHints":{"allow":["GET"]}}],"collection":[{"href":"https:\/\/fornimedical.ch\/fr\/wp-json\/wp\/v2\/product"}],"about":[{"href":"https:\/\/fornimedical.ch\/fr\/wp-json\/wp\/v2\/types\/product"}],"replies":[{"embeddable":true,"href":"https:\/\/fornimedical.ch\/fr\/wp-json\/wp\/v2\/comments?post=5579"}],"wp:featuredmedia":[{"embeddable":true,"href":"https:\/\/fornimedical.ch\/fr\/wp-json\/wp\/v2\/media\/2914"}],"wp:attachment":[{"href":"https:\/\/fornimedical.ch\/fr\/wp-json\/wp\/v2\/media?parent=5579"}],"wp:term":[{"taxonomy":"product_brand","embeddable":true,"href":"https:\/\/fornimedical.ch\/fr\/wp-json\/wp\/v2\/product_brand?post=5579"},{"taxonomy":"product_cat","embeddable":true,"href":"https:\/\/fornimedical.ch\/fr\/wp-json\/wp\/v2\/product_cat?post=5579"},{"taxonomy":"product_tag","embeddable":true,"href":"https:\/\/fornimedical.ch\/fr\/wp-json\/wp\/v2\/product_tag?post=5579"}],"curies":[{"name":"wp","href":"https:\/\/api.w.org\/{rel}","templated":true}]}}