{"id":5577,"date":"2024-04-08T13:03:41","date_gmt":"2024-04-08T11:03:41","guid":{"rendered":"https:\/\/fornimedical.ch\/product\/novasovan-ag-ligne-argent-pansement-pour-fistule-avec-argent-non-tisse-ou-pu-sterile-10-x-5-cm\/"},"modified":"2024-08-27T10:28:39","modified_gmt":"2024-08-27T10:28:39","slug":"novasovan-ag-ligne-argent-pansement-pour-fistule-avec-argent-non-tisse-ou-pu-sterile-10-x-5-cm","status":"publish","type":"product","link":"https:\/\/fornimedical.ch\/fr\/produit\/novasovan-ag-ligne-argent-pansement-pour-fistule-avec-argent-non-tisse-ou-pu-sterile-10-x-5-cm\/","title":{"rendered":"NOVASOVAN AG (ligne argent), pansement pour fistule avec argent, non tiss\u00e9 ou PU, st\u00e9rile, 10 x 5\u00a0cm"},"content":{"rendered":"<p>NOVASOVAN AG est un tampon absorbant dot\u00e9 d\u2019un film non adh\u00e9rent qui lib\u00e8re des ions argent. Il est plac\u00e9 sur un support adh\u00e9sif respirant et hypoallerg\u00e9nique, et est disponible en deux\u00a0versions:<\/p>\n<ul>\n<li>Non tiss\u00e9<\/li>\n<li>Film transparent, imperm\u00e9able en polyur\u00e9thane (PU)<\/li>\n<\/ul>\n<p>Le pansement pour fistule a un effet h\u00e9mostatique compressif des fistules art\u00e9rio-veineuses (FAV) et sert \u00e0 contenir les exsudats \u00e0 la fin des traitements de dialyse, des traitements intraveineux, des transfusions sanguines, ainsi qu\u2019\u00e0 prot\u00e9ger l\u2019acc\u00e8s aux vaisseaux dans la p\u00e9riode post-traitement.<\/p>\n","protected":false},"excerpt":{"rendered":"<p>Pansement absorbant (2,5 x 2,5\u00a0cm) avec film lib\u00e9rant des ions argent, non adh\u00e9rent (10 x 5\u00a0cm) en non-tiss\u00e9 ou PU imperm\u00e9able<\/p>\n","protected":false},"featured_media":3531,"comment_status":"closed","ping_status":"closed","template":"","meta":{"_acf_changed":false,"site-sidebar-layout":"default","site-content-layout":"","ast-site-content-layout":"default","site-content-style":"default","site-sidebar-style":"default","ast-global-header-display":"","ast-banner-title-visibility":"","ast-main-header-display":"","ast-hfb-above-header-display":"","ast-hfb-below-header-display":"","ast-hfb-mobile-header-display":"","site-post-title":"","ast-breadcrumbs-content":"","ast-featured-img":"","footer-sml-layout":"","theme-transparent-header-meta":"default","adv-header-id-meta":"","stick-header-meta":"","header-above-stick-meta":"","header-main-stick-meta":"","header-below-stick-meta":"","astra-migrate-meta-layouts":"set","ast-page-background-enabled":"default","ast-page-background-meta":{"desktop":{"background-color":"var(--ast-global-color-4)","background-image":"","background-repeat":"repeat","background-position":"center center","background-size":"auto","background-attachment":"scroll","background-type":"","background-media":"","overlay-type":"","overlay-color":"","overlay-opacity":"","overlay-gradient":""},"tablet":{"background-color":"","background-image":"","background-repeat":"repeat","background-position":"center center","background-size":"auto","background-attachment":"scroll","background-type":"","background-media":"","overlay-type":"","overlay-color":"","overlay-opacity":"","overlay-gradient":""},"mobile":{"background-color":"","background-image":"","background-repeat":"repeat","background-position":"center center","background-size":"auto","background-attachment":"scroll","background-type":"","background-media":"","overlay-type":"","overlay-color":"","overlay-opacity":"","overlay-gradient":""}},"ast-content-background-meta":{"desktop":{"background-color":"var(--ast-global-color-5)","background-image":"","background-repeat":"repeat","background-position":"center center","background-size":"auto","background-attachment":"scroll","background-type":"","background-media":"","overlay-type":"","overlay-color":"","overlay-opacity":"","overlay-gradient":""},"tablet":{"background-color":"var(--ast-global-color-5)","background-image":"","background-repeat":"repeat","background-position":"center center","background-size":"auto","background-attachment":"scroll","background-type":"","background-media":"","overlay-type":"","overlay-color":"","overlay-opacity":"","overlay-gradient":""},"mobile":{"background-color":"var(--ast-global-color-5)","background-image":"","background-repeat":"repeat","background-position":"center center","background-size":"auto","background-attachment":"scroll","background-type":"","background-media":"","overlay-type":"","overlay-color":"","overlay-opacity":"","overlay-gradient":""}}},"product_brand":[],"product_cat":[99],"product_tag":[],"class_list":{"0":"post-5577","1":"product","2":"type-product","3":"status-publish","4":"has-post-thumbnail","6":"product_cat-fistelpflaster-mit-silber","7":"desktop-align-left","8":"tablet-align-left","9":"mobile-align-left","11":"first","12":"instock","13":"taxable","14":"shipping-taxable","15":"purchasable","16":"product-type-variable","17":"add-to-wishlist-before_image"},"acf":[],"yoast_head":"<!-- This site is optimized with the Yoast SEO plugin v26.5 - https:\/\/yoast.com\/wordpress\/plugins\/seo\/ -->\n<title>NOVASOVAN AG (ligne argent), pansement pour fistule avec argent, non tiss\u00e9, st\u00e9rile<\/title>\n<meta name=\"description\" content=\"NOVASOVAN AG (ligne argent), pansement pour fistule avec argent, non tiss\u00e9 ou polyur\u00e9thane, st\u00e9rile, absorbant avec film lib\u00e9rant des ions argent, non adh\u00e9rent\" \/>\n<meta name=\"robots\" content=\"index, follow, max-snippet:-1, max-image-preview:large, max-video-preview:-1\" \/>\n<link rel=\"canonical\" href=\"https:\/\/fornimedical.ch\/fr\/produit\/novasovan-ag-ligne-argent-pansement-pour-fistule-avec-argent-non-tisse-ou-pu-sterile-10-x-5-cm\/\" \/>\n<meta property=\"og:locale\" content=\"fr_FR\" \/>\n<meta property=\"og:type\" content=\"article\" \/>\n<meta property=\"og:title\" content=\"NOVASOVAN AG (ligne argent), pansement pour fistule avec argent, non tiss\u00e9, st\u00e9rile\" \/>\n<meta property=\"og:description\" content=\"NOVASOVAN AG (ligne argent), pansement pour fistule avec argent, non tiss\u00e9 ou polyur\u00e9thane, st\u00e9rile, absorbant avec film lib\u00e9rant des ions argent, non adh\u00e9rent\" \/>\n<meta property=\"og:url\" content=\"https:\/\/fornimedical.ch\/fr\/produit\/novasovan-ag-ligne-argent-pansement-pour-fistule-avec-argent-non-tisse-ou-pu-sterile-10-x-5-cm\/\" \/>\n<meta property=\"og:site_name\" content=\"Forni Medical GmbH\" \/>\n<meta property=\"article:modified_time\" content=\"2024-08-27T10:28:39+00:00\" \/>\n<meta property=\"og:image\" content=\"https:\/\/fornimedical.ch\/wp-content\/uploads\/2024\/04\/forni-medical_emodial_novasovan-tnt_fistelpflaster_mit-silber_steril_01.jpg\" \/>\n\t<meta property=\"og:image:width\" content=\"2481\" \/>\n\t<meta property=\"og:image:height\" content=\"1487\" \/>\n\t<meta property=\"og:image:type\" content=\"image\/jpeg\" \/>\n<meta name=\"twitter:card\" content=\"summary_large_image\" \/>\n<meta name=\"twitter:label1\" content=\"Dur\u00e9e de lecture estim\u00e9e\" \/>\n\t<meta name=\"twitter:data1\" content=\"1 minute\" \/>\n<script type=\"application\/ld+json\" class=\"yoast-schema-graph\">{\"@context\":\"https:\/\/schema.org\",\"@graph\":[{\"@type\":\"WebPage\",\"@id\":\"https:\/\/fornimedical.ch\/fr\/produit\/novasovan-ag-ligne-argent-pansement-pour-fistule-avec-argent-non-tisse-ou-pu-sterile-10-x-5-cm\/\",\"url\":\"https:\/\/fornimedical.ch\/fr\/produit\/novasovan-ag-ligne-argent-pansement-pour-fistule-avec-argent-non-tisse-ou-pu-sterile-10-x-5-cm\/\",\"name\":\"NOVASOVAN AG (ligne argent), pansement pour fistule avec argent, non tiss\u00e9, st\u00e9rile\",\"isPartOf\":{\"@id\":\"https:\/\/fornimedical.ch\/fr\/#website\"},\"primaryImageOfPage\":{\"@id\":\"https:\/\/fornimedical.ch\/fr\/produit\/novasovan-ag-ligne-argent-pansement-pour-fistule-avec-argent-non-tisse-ou-pu-sterile-10-x-5-cm\/#primaryimage\"},\"image\":{\"@id\":\"https:\/\/fornimedical.ch\/fr\/produit\/novasovan-ag-ligne-argent-pansement-pour-fistule-avec-argent-non-tisse-ou-pu-sterile-10-x-5-cm\/#primaryimage\"},\"thumbnailUrl\":\"https:\/\/fornimedical.ch\/wp-content\/uploads\/2024\/04\/forni-medical_emodial_novasovan-tnt_fistelpflaster_mit-silber_steril_01.jpg\",\"datePublished\":\"2024-04-08T11:03:41+00:00\",\"dateModified\":\"2024-08-27T10:28:39+00:00\",\"description\":\"NOVASOVAN AG (ligne argent), pansement pour fistule avec argent, non tiss\u00e9 ou polyur\u00e9thane, st\u00e9rile, absorbant avec film lib\u00e9rant des ions argent, non adh\u00e9rent\",\"breadcrumb\":{\"@id\":\"https:\/\/fornimedical.ch\/fr\/produit\/novasovan-ag-ligne-argent-pansement-pour-fistule-avec-argent-non-tisse-ou-pu-sterile-10-x-5-cm\/#breadcrumb\"},\"inLanguage\":\"fr-FR\",\"potentialAction\":[{\"@type\":\"ReadAction\",\"target\":[\"https:\/\/fornimedical.ch\/fr\/produit\/novasovan-ag-ligne-argent-pansement-pour-fistule-avec-argent-non-tisse-ou-pu-sterile-10-x-5-cm\/\"]}]},{\"@type\":\"ImageObject\",\"inLanguage\":\"fr-FR\",\"@id\":\"https:\/\/fornimedical.ch\/fr\/produit\/novasovan-ag-ligne-argent-pansement-pour-fistule-avec-argent-non-tisse-ou-pu-sterile-10-x-5-cm\/#primaryimage\",\"url\":\"https:\/\/fornimedical.ch\/wp-content\/uploads\/2024\/04\/forni-medical_emodial_novasovan-tnt_fistelpflaster_mit-silber_steril_01.jpg\",\"contentUrl\":\"https:\/\/fornimedical.ch\/wp-content\/uploads\/2024\/04\/forni-medical_emodial_novasovan-tnt_fistelpflaster_mit-silber_steril_01.jpg\",\"width\":2481,\"height\":1487,\"caption\":\"Forni Medical Emodial NOVASOVAN AG (Silverline), Fistelpflaster mit Silber, Vlies, steril\"},{\"@type\":\"BreadcrumbList\",\"@id\":\"https:\/\/fornimedical.ch\/fr\/produit\/novasovan-ag-ligne-argent-pansement-pour-fistule-avec-argent-non-tisse-ou-pu-sterile-10-x-5-cm\/#breadcrumb\",\"itemListElement\":[{\"@type\":\"ListItem\",\"position\":1,\"name\":\"Home\",\"item\":\"https:\/\/fornimedical.ch\/fr\/\"},{\"@type\":\"ListItem\",\"position\":2,\"name\":\"Archives boutique en ligne\",\"item\":\"https:\/\/fornimedical.ch\/fr\/archives-boutique-en-ligne\/\"},{\"@type\":\"ListItem\",\"position\":3,\"name\":\"NOVASOVAN AG (ligne argent), pansement pour fistule avec argent, non tiss\u00e9 ou PU, st\u00e9rile, 10 x 5\u00a0cm\"}]},{\"@type\":\"WebSite\",\"@id\":\"https:\/\/fornimedical.ch\/fr\/#website\",\"url\":\"https:\/\/fornimedical.ch\/fr\/\",\"name\":\"Forni Medical GmbH\",\"description\":\"\",\"publisher\":{\"@id\":\"https:\/\/fornimedical.ch\/fr\/#organization\"},\"potentialAction\":[{\"@type\":\"SearchAction\",\"target\":{\"@type\":\"EntryPoint\",\"urlTemplate\":\"https:\/\/fornimedical.ch\/fr\/?s={search_term_string}\"},\"query-input\":{\"@type\":\"PropertyValueSpecification\",\"valueRequired\":true,\"valueName\":\"search_term_string\"}}],\"inLanguage\":\"fr-FR\"},{\"@type\":\"Organization\",\"@id\":\"https:\/\/fornimedical.ch\/fr\/#organization\",\"name\":\"Forni Medical GmbH\",\"url\":\"https:\/\/fornimedical.ch\/fr\/\",\"logo\":{\"@type\":\"ImageObject\",\"inLanguage\":\"fr-FR\",\"@id\":\"https:\/\/fornimedical.ch\/fr\/#\/schema\/logo\/image\/\",\"url\":\"https:\/\/fornimedical.ch\/wp-content\/uploads\/2023\/08\/logo.svg\",\"contentUrl\":\"https:\/\/fornimedical.ch\/wp-content\/uploads\/2023\/08\/logo.svg\",\"caption\":\"Forni Medical GmbH\"},\"image\":{\"@id\":\"https:\/\/fornimedical.ch\/fr\/#\/schema\/logo\/image\/\"}}]}<\/script>\n<!-- \/ Yoast SEO plugin. -->","yoast_head_json":{"title":"NOVASOVAN AG (ligne argent), pansement pour fistule avec argent, non tiss\u00e9, st\u00e9rile","description":"NOVASOVAN AG (ligne argent), pansement pour fistule avec argent, non tiss\u00e9 ou polyur\u00e9thane, st\u00e9rile, absorbant avec film lib\u00e9rant des ions argent, non adh\u00e9rent","robots":{"index":"index","follow":"follow","max-snippet":"max-snippet:-1","max-image-preview":"max-image-preview:large","max-video-preview":"max-video-preview:-1"},"canonical":"https:\/\/fornimedical.ch\/fr\/produit\/novasovan-ag-ligne-argent-pansement-pour-fistule-avec-argent-non-tisse-ou-pu-sterile-10-x-5-cm\/","og_locale":"fr_FR","og_type":"article","og_title":"NOVASOVAN AG (ligne argent), pansement pour fistule avec argent, non tiss\u00e9, st\u00e9rile","og_description":"NOVASOVAN AG (ligne argent), pansement pour fistule avec argent, non tiss\u00e9 ou polyur\u00e9thane, st\u00e9rile, absorbant avec film lib\u00e9rant des ions argent, non adh\u00e9rent","og_url":"https:\/\/fornimedical.ch\/fr\/produit\/novasovan-ag-ligne-argent-pansement-pour-fistule-avec-argent-non-tisse-ou-pu-sterile-10-x-5-cm\/","og_site_name":"Forni Medical GmbH","article_modified_time":"2024-08-27T10:28:39+00:00","og_image":[{"width":2481,"height":1487,"url":"https:\/\/fornimedical.ch\/wp-content\/uploads\/2024\/04\/forni-medical_emodial_novasovan-tnt_fistelpflaster_mit-silber_steril_01.jpg","type":"image\/jpeg"}],"twitter_card":"summary_large_image","twitter_misc":{"Dur\u00e9e de lecture estim\u00e9e":"1 minute"},"schema":{"@context":"https:\/\/schema.org","@graph":[{"@type":"WebPage","@id":"https:\/\/fornimedical.ch\/fr\/produit\/novasovan-ag-ligne-argent-pansement-pour-fistule-avec-argent-non-tisse-ou-pu-sterile-10-x-5-cm\/","url":"https:\/\/fornimedical.ch\/fr\/produit\/novasovan-ag-ligne-argent-pansement-pour-fistule-avec-argent-non-tisse-ou-pu-sterile-10-x-5-cm\/","name":"NOVASOVAN AG (ligne argent), pansement pour fistule avec argent, non tiss\u00e9, st\u00e9rile","isPartOf":{"@id":"https:\/\/fornimedical.ch\/fr\/#website"},"primaryImageOfPage":{"@id":"https:\/\/fornimedical.ch\/fr\/produit\/novasovan-ag-ligne-argent-pansement-pour-fistule-avec-argent-non-tisse-ou-pu-sterile-10-x-5-cm\/#primaryimage"},"image":{"@id":"https:\/\/fornimedical.ch\/fr\/produit\/novasovan-ag-ligne-argent-pansement-pour-fistule-avec-argent-non-tisse-ou-pu-sterile-10-x-5-cm\/#primaryimage"},"thumbnailUrl":"https:\/\/fornimedical.ch\/wp-content\/uploads\/2024\/04\/forni-medical_emodial_novasovan-tnt_fistelpflaster_mit-silber_steril_01.jpg","datePublished":"2024-04-08T11:03:41+00:00","dateModified":"2024-08-27T10:28:39+00:00","description":"NOVASOVAN AG (ligne argent), pansement pour fistule avec argent, non tiss\u00e9 ou polyur\u00e9thane, st\u00e9rile, absorbant avec film lib\u00e9rant des ions argent, non adh\u00e9rent","breadcrumb":{"@id":"https:\/\/fornimedical.ch\/fr\/produit\/novasovan-ag-ligne-argent-pansement-pour-fistule-avec-argent-non-tisse-ou-pu-sterile-10-x-5-cm\/#breadcrumb"},"inLanguage":"fr-FR","potentialAction":[{"@type":"ReadAction","target":["https:\/\/fornimedical.ch\/fr\/produit\/novasovan-ag-ligne-argent-pansement-pour-fistule-avec-argent-non-tisse-ou-pu-sterile-10-x-5-cm\/"]}]},{"@type":"ImageObject","inLanguage":"fr-FR","@id":"https:\/\/fornimedical.ch\/fr\/produit\/novasovan-ag-ligne-argent-pansement-pour-fistule-avec-argent-non-tisse-ou-pu-sterile-10-x-5-cm\/#primaryimage","url":"https:\/\/fornimedical.ch\/wp-content\/uploads\/2024\/04\/forni-medical_emodial_novasovan-tnt_fistelpflaster_mit-silber_steril_01.jpg","contentUrl":"https:\/\/fornimedical.ch\/wp-content\/uploads\/2024\/04\/forni-medical_emodial_novasovan-tnt_fistelpflaster_mit-silber_steril_01.jpg","width":2481,"height":1487,"caption":"Forni Medical Emodial NOVASOVAN AG (Silverline), Fistelpflaster mit Silber, Vlies, steril"},{"@type":"BreadcrumbList","@id":"https:\/\/fornimedical.ch\/fr\/produit\/novasovan-ag-ligne-argent-pansement-pour-fistule-avec-argent-non-tisse-ou-pu-sterile-10-x-5-cm\/#breadcrumb","itemListElement":[{"@type":"ListItem","position":1,"name":"Home","item":"https:\/\/fornimedical.ch\/fr\/"},{"@type":"ListItem","position":2,"name":"Archives boutique en ligne","item":"https:\/\/fornimedical.ch\/fr\/archives-boutique-en-ligne\/"},{"@type":"ListItem","position":3,"name":"NOVASOVAN AG (ligne argent), pansement pour fistule avec argent, non tiss\u00e9 ou PU, st\u00e9rile, 10 x 5\u00a0cm"}]},{"@type":"WebSite","@id":"https:\/\/fornimedical.ch\/fr\/#website","url":"https:\/\/fornimedical.ch\/fr\/","name":"Forni Medical GmbH","description":"","publisher":{"@id":"https:\/\/fornimedical.ch\/fr\/#organization"},"potentialAction":[{"@type":"SearchAction","target":{"@type":"EntryPoint","urlTemplate":"https:\/\/fornimedical.ch\/fr\/?s={search_term_string}"},"query-input":{"@type":"PropertyValueSpecification","valueRequired":true,"valueName":"search_term_string"}}],"inLanguage":"fr-FR"},{"@type":"Organization","@id":"https:\/\/fornimedical.ch\/fr\/#organization","name":"Forni Medical GmbH","url":"https:\/\/fornimedical.ch\/fr\/","logo":{"@type":"ImageObject","inLanguage":"fr-FR","@id":"https:\/\/fornimedical.ch\/fr\/#\/schema\/logo\/image\/","url":"https:\/\/fornimedical.ch\/wp-content\/uploads\/2023\/08\/logo.svg","contentUrl":"https:\/\/fornimedical.ch\/wp-content\/uploads\/2023\/08\/logo.svg","caption":"Forni Medical GmbH"},"image":{"@id":"https:\/\/fornimedical.ch\/fr\/#\/schema\/logo\/image\/"}}]}},"_links":{"self":[{"href":"https:\/\/fornimedical.ch\/fr\/wp-json\/wp\/v2\/product\/5577","targetHints":{"allow":["GET"]}}],"collection":[{"href":"https:\/\/fornimedical.ch\/fr\/wp-json\/wp\/v2\/product"}],"about":[{"href":"https:\/\/fornimedical.ch\/fr\/wp-json\/wp\/v2\/types\/product"}],"replies":[{"embeddable":true,"href":"https:\/\/fornimedical.ch\/fr\/wp-json\/wp\/v2\/comments?post=5577"}],"wp:featuredmedia":[{"embeddable":true,"href":"https:\/\/fornimedical.ch\/fr\/wp-json\/wp\/v2\/media\/3531"}],"wp:attachment":[{"href":"https:\/\/fornimedical.ch\/fr\/wp-json\/wp\/v2\/media?parent=5577"}],"wp:term":[{"taxonomy":"product_brand","embeddable":true,"href":"https:\/\/fornimedical.ch\/fr\/wp-json\/wp\/v2\/product_brand?post=5577"},{"taxonomy":"product_cat","embeddable":true,"href":"https:\/\/fornimedical.ch\/fr\/wp-json\/wp\/v2\/product_cat?post=5577"},{"taxonomy":"product_tag","embeddable":true,"href":"https:\/\/fornimedical.ch\/fr\/wp-json\/wp\/v2\/product_tag?post=5577"}],"curies":[{"name":"wp","href":"https:\/\/api.w.org\/{rel}","templated":true}]}}