{"id":5196,"date":"2024-04-21T12:36:21","date_gmt":"2024-04-21T10:36:21","guid":{"rendered":"https:\/\/fornimedical.ch\/product\/transatlantic-transafix-support-nasal-en-hydrocolloide-transparent-non-sterile\/"},"modified":"2024-08-09T09:54:40","modified_gmt":"2024-08-09T09:54:40","slug":"transatlantic-transafix-support-nasal-en-hydrocolloide-transparent-non-sterile","status":"publish","type":"product","link":"https:\/\/fornimedical.ch\/fr\/produit\/transatlantic-transafix-support-nasal-en-hydrocolloide-transparent-non-sterile\/","title":{"rendered":"TRANSATLANTIC Transafix Support nasal en hydrocollo\u00efde transparent, non st\u00e9rile"},"content":{"rendered":"<p>Pour la fixation de sondes nasales sur l\u2019ar\u00eate du nez.<\/p>\n<ul>\n<li>Fixation et retrait simples du support nasal et de la bande nasale par fermeture velcro<\/li>\n<li>S\u2019adapte aux besoins du patient<\/li>\n<li>Retrait simple sans laisser de r\u00e9sidus<\/li>\n<li>Respecte la peau, m\u00eame en cas de peau sensible<\/li>\n<li>Norme de qualit\u00e9 la plus \u00e9lev\u00e9e<\/li>\n<li>Le support nasal NE s\u2019enl\u00e8ve PAS lors du changement de sonde, seule la bande nasale est chang\u00e9e<\/li>\n<li>La sonde est mobile, ce qui permet de pr\u00e9venir les escarres sur la paroi interne du nez<\/li>\n<li>Sans latex\u00a0\u2013 sans DEHP\u00a0\u2013 sans PVC.<\/li>\n<\/ul>\n<p>1\u00a0unit\u00e9 emball\u00e9e individuellement dans un sachet \u00e0 fermeture \u00e0 pression. 50\u00a0sachets \u00e0 fermeture \u00e0 pression par carton distributeur<\/p>\n","protected":false},"excerpt":{"rendered":"<p>Pour la fixation de sondes nasales sur l\u2019ar\u00eate du nez. Tr\u00e8s bien tol\u00e9r\u00e9 par la peau, lors du changement de la sonde nasale ou gastrique, seule la bande nasale doit \u00eatre chang\u00e9e. Le support nasal peut \u00eatre utilis\u00e9 sur le nez pendant 3 \u00e0 5\u00a0jours.<\/p>\n","protected":false},"featured_media":4088,"comment_status":"closed","ping_status":"closed","template":"","meta":{"_acf_changed":false,"site-sidebar-layout":"default","site-content-layout":"","ast-site-content-layout":"default","site-content-style":"default","site-sidebar-style":"default","ast-global-header-display":"","ast-banner-title-visibility":"","ast-main-header-display":"","ast-hfb-above-header-display":"","ast-hfb-below-header-display":"","ast-hfb-mobile-header-display":"","site-post-title":"","ast-breadcrumbs-content":"","ast-featured-img":"","footer-sml-layout":"","theme-transparent-header-meta":"default","adv-header-id-meta":"","stick-header-meta":"","header-above-stick-meta":"","header-main-stick-meta":"","header-below-stick-meta":"","astra-migrate-meta-layouts":"set","ast-page-background-enabled":"default","ast-page-background-meta":{"desktop":{"background-color":"var(--ast-global-color-4)","background-image":"","background-repeat":"repeat","background-position":"center center","background-size":"auto","background-attachment":"scroll","background-type":"","background-media":"","overlay-type":"","overlay-color":"","overlay-opacity":"","overlay-gradient":""},"tablet":{"background-color":"","background-image":"","background-repeat":"repeat","background-position":"center center","background-size":"auto","background-attachment":"scroll","background-type":"","background-media":"","overlay-type":"","overlay-color":"","overlay-opacity":"","overlay-gradient":""},"mobile":{"background-color":"","background-image":"","background-repeat":"repeat","background-position":"center center","background-size":"auto","background-attachment":"scroll","background-type":"","background-media":"","overlay-type":"","overlay-color":"","overlay-opacity":"","overlay-gradient":""}},"ast-content-background-meta":{"desktop":{"background-color":"var(--ast-global-color-5)","background-image":"","background-repeat":"repeat","background-position":"center center","background-size":"auto","background-attachment":"scroll","background-type":"","background-media":"","overlay-type":"","overlay-color":"","overlay-opacity":"","overlay-gradient":""},"tablet":{"background-color":"var(--ast-global-color-5)","background-image":"","background-repeat":"repeat","background-position":"center center","background-size":"auto","background-attachment":"scroll","background-type":"","background-media":"","overlay-type":"","overlay-color":"","overlay-opacity":"","overlay-gradient":""},"mobile":{"background-color":"var(--ast-global-color-5)","background-image":"","background-repeat":"repeat","background-position":"center center","background-size":"auto","background-attachment":"scroll","background-type":"","background-media":"","overlay-type":"","overlay-color":"","overlay-opacity":"","overlay-gradient":""}}},"product_brand":[],"product_cat":[541],"product_tag":[],"class_list":{"0":"post-5196","1":"product","2":"type-product","3":"status-publish","4":"has-post-thumbnail","6":"product_cat-fixation-nasale","7":"desktop-align-left","8":"tablet-align-left","9":"mobile-align-left","11":"first","12":"instock","13":"taxable","14":"shipping-taxable","15":"purchasable","16":"product-type-variable","17":"has-default-attributes","18":"add-to-wishlist-before_image"},"acf":[],"yoast_head":"<!-- This site is optimized with the Yoast SEO plugin v26.5 - https:\/\/yoast.com\/wordpress\/plugins\/seo\/ -->\n<title>Transafix Support nasal en hydrocollo\u00efde transparent, non st\u00e9rile<\/title>\n<meta name=\"description\" content=\"TRANSATLANTIC Transafix Support nasal en hydrocollo\u00efde transparent, non st\u00e9rile. Pour la fixation de sondes nasales sur l\u2019ar\u00eate du nez\" \/>\n<meta name=\"robots\" content=\"index, follow, max-snippet:-1, max-image-preview:large, max-video-preview:-1\" \/>\n<link rel=\"canonical\" href=\"https:\/\/fornimedical.ch\/fr\/produit\/transatlantic-transafix-support-nasal-en-hydrocolloide-transparent-non-sterile\/\" \/>\n<meta property=\"og:locale\" content=\"fr_FR\" \/>\n<meta property=\"og:type\" content=\"article\" \/>\n<meta property=\"og:title\" content=\"Transafix Support nasal en hydrocollo\u00efde transparent, non st\u00e9rile\" \/>\n<meta property=\"og:description\" content=\"TRANSATLANTIC Transafix Support nasal en hydrocollo\u00efde transparent, non st\u00e9rile. Pour la fixation de sondes nasales sur l\u2019ar\u00eate du nez\" \/>\n<meta property=\"og:url\" content=\"https:\/\/fornimedical.ch\/fr\/produit\/transatlantic-transafix-support-nasal-en-hydrocolloide-transparent-non-sterile\/\" \/>\n<meta property=\"og:site_name\" content=\"Forni Medical GmbH\" \/>\n<meta property=\"article:modified_time\" content=\"2024-08-09T09:54:40+00:00\" \/>\n<meta property=\"og:image\" content=\"https:\/\/fornimedical.ch\/wp-content\/uploads\/2024\/04\/forni-medical_transatlantic-transafix_nasalhalter-hydrocolloid-transparent_unsteril.jpg\" \/>\n\t<meta property=\"og:image:width\" content=\"2481\" \/>\n\t<meta property=\"og:image:height\" content=\"1487\" \/>\n\t<meta property=\"og:image:type\" content=\"image\/jpeg\" \/>\n<meta name=\"twitter:card\" content=\"summary_large_image\" \/>\n<meta name=\"twitter:label1\" content=\"Dur\u00e9e de lecture estim\u00e9e\" \/>\n\t<meta name=\"twitter:data1\" content=\"1 minute\" \/>\n<script type=\"application\/ld+json\" class=\"yoast-schema-graph\">{\"@context\":\"https:\/\/schema.org\",\"@graph\":[{\"@type\":\"WebPage\",\"@id\":\"https:\/\/fornimedical.ch\/fr\/produit\/transatlantic-transafix-support-nasal-en-hydrocolloide-transparent-non-sterile\/\",\"url\":\"https:\/\/fornimedical.ch\/fr\/produit\/transatlantic-transafix-support-nasal-en-hydrocolloide-transparent-non-sterile\/\",\"name\":\"Transafix Support nasal en hydrocollo\u00efde transparent, non st\u00e9rile\",\"isPartOf\":{\"@id\":\"https:\/\/fornimedical.ch\/fr\/#website\"},\"primaryImageOfPage\":{\"@id\":\"https:\/\/fornimedical.ch\/fr\/produit\/transatlantic-transafix-support-nasal-en-hydrocolloide-transparent-non-sterile\/#primaryimage\"},\"image\":{\"@id\":\"https:\/\/fornimedical.ch\/fr\/produit\/transatlantic-transafix-support-nasal-en-hydrocolloide-transparent-non-sterile\/#primaryimage\"},\"thumbnailUrl\":\"https:\/\/fornimedical.ch\/wp-content\/uploads\/2024\/04\/forni-medical_transatlantic-transafix_nasalhalter-hydrocolloid-transparent_unsteril.jpg\",\"datePublished\":\"2024-04-21T10:36:21+00:00\",\"dateModified\":\"2024-08-09T09:54:40+00:00\",\"description\":\"TRANSATLANTIC Transafix Support nasal en hydrocollo\u00efde transparent, non st\u00e9rile. Pour la fixation de sondes nasales sur l\u2019ar\u00eate du nez\",\"breadcrumb\":{\"@id\":\"https:\/\/fornimedical.ch\/fr\/produit\/transatlantic-transafix-support-nasal-en-hydrocolloide-transparent-non-sterile\/#breadcrumb\"},\"inLanguage\":\"fr-FR\",\"potentialAction\":[{\"@type\":\"ReadAction\",\"target\":[\"https:\/\/fornimedical.ch\/fr\/produit\/transatlantic-transafix-support-nasal-en-hydrocolloide-transparent-non-sterile\/\"]}]},{\"@type\":\"ImageObject\",\"inLanguage\":\"fr-FR\",\"@id\":\"https:\/\/fornimedical.ch\/fr\/produit\/transatlantic-transafix-support-nasal-en-hydrocolloide-transparent-non-sterile\/#primaryimage\",\"url\":\"https:\/\/fornimedical.ch\/wp-content\/uploads\/2024\/04\/forni-medical_transatlantic-transafix_nasalhalter-hydrocolloid-transparent_unsteril.jpg\",\"contentUrl\":\"https:\/\/fornimedical.ch\/wp-content\/uploads\/2024\/04\/forni-medical_transatlantic-transafix_nasalhalter-hydrocolloid-transparent_unsteril.jpg\",\"width\":2481,\"height\":1487,\"caption\":\"Forni Medical TRANSATLANTIC Transafix Nasalhalter aus Hydrocolloid transparent, unsteril\"},{\"@type\":\"BreadcrumbList\",\"@id\":\"https:\/\/fornimedical.ch\/fr\/produit\/transatlantic-transafix-support-nasal-en-hydrocolloide-transparent-non-sterile\/#breadcrumb\",\"itemListElement\":[{\"@type\":\"ListItem\",\"position\":1,\"name\":\"Home\",\"item\":\"https:\/\/fornimedical.ch\/fr\/\"},{\"@type\":\"ListItem\",\"position\":2,\"name\":\"Archives boutique en ligne\",\"item\":\"https:\/\/fornimedical.ch\/fr\/archives-boutique-en-ligne\/\"},{\"@type\":\"ListItem\",\"position\":3,\"name\":\"TRANSATLANTIC Transafix Support nasal en hydrocollo\u00efde transparent, non st\u00e9rile\"}]},{\"@type\":\"WebSite\",\"@id\":\"https:\/\/fornimedical.ch\/fr\/#website\",\"url\":\"https:\/\/fornimedical.ch\/fr\/\",\"name\":\"Forni Medical GmbH\",\"description\":\"\",\"publisher\":{\"@id\":\"https:\/\/fornimedical.ch\/fr\/#organization\"},\"potentialAction\":[{\"@type\":\"SearchAction\",\"target\":{\"@type\":\"EntryPoint\",\"urlTemplate\":\"https:\/\/fornimedical.ch\/fr\/?s={search_term_string}\"},\"query-input\":{\"@type\":\"PropertyValueSpecification\",\"valueRequired\":true,\"valueName\":\"search_term_string\"}}],\"inLanguage\":\"fr-FR\"},{\"@type\":\"Organization\",\"@id\":\"https:\/\/fornimedical.ch\/fr\/#organization\",\"name\":\"Forni Medical GmbH\",\"url\":\"https:\/\/fornimedical.ch\/fr\/\",\"logo\":{\"@type\":\"ImageObject\",\"inLanguage\":\"fr-FR\",\"@id\":\"https:\/\/fornimedical.ch\/fr\/#\/schema\/logo\/image\/\",\"url\":\"https:\/\/fornimedical.ch\/wp-content\/uploads\/2023\/08\/logo.svg\",\"contentUrl\":\"https:\/\/fornimedical.ch\/wp-content\/uploads\/2023\/08\/logo.svg\",\"caption\":\"Forni Medical GmbH\"},\"image\":{\"@id\":\"https:\/\/fornimedical.ch\/fr\/#\/schema\/logo\/image\/\"}}]}<\/script>\n<!-- \/ Yoast SEO plugin. -->","yoast_head_json":{"title":"Transafix Support nasal en hydrocollo\u00efde transparent, non st\u00e9rile","description":"TRANSATLANTIC Transafix Support nasal en hydrocollo\u00efde transparent, non st\u00e9rile. Pour la fixation de sondes nasales sur l\u2019ar\u00eate du nez","robots":{"index":"index","follow":"follow","max-snippet":"max-snippet:-1","max-image-preview":"max-image-preview:large","max-video-preview":"max-video-preview:-1"},"canonical":"https:\/\/fornimedical.ch\/fr\/produit\/transatlantic-transafix-support-nasal-en-hydrocolloide-transparent-non-sterile\/","og_locale":"fr_FR","og_type":"article","og_title":"Transafix Support nasal en hydrocollo\u00efde transparent, non st\u00e9rile","og_description":"TRANSATLANTIC Transafix Support nasal en hydrocollo\u00efde transparent, non st\u00e9rile. Pour la fixation de sondes nasales sur l\u2019ar\u00eate du nez","og_url":"https:\/\/fornimedical.ch\/fr\/produit\/transatlantic-transafix-support-nasal-en-hydrocolloide-transparent-non-sterile\/","og_site_name":"Forni Medical GmbH","article_modified_time":"2024-08-09T09:54:40+00:00","og_image":[{"width":2481,"height":1487,"url":"https:\/\/fornimedical.ch\/wp-content\/uploads\/2024\/04\/forni-medical_transatlantic-transafix_nasalhalter-hydrocolloid-transparent_unsteril.jpg","type":"image\/jpeg"}],"twitter_card":"summary_large_image","twitter_misc":{"Dur\u00e9e de lecture estim\u00e9e":"1 minute"},"schema":{"@context":"https:\/\/schema.org","@graph":[{"@type":"WebPage","@id":"https:\/\/fornimedical.ch\/fr\/produit\/transatlantic-transafix-support-nasal-en-hydrocolloide-transparent-non-sterile\/","url":"https:\/\/fornimedical.ch\/fr\/produit\/transatlantic-transafix-support-nasal-en-hydrocolloide-transparent-non-sterile\/","name":"Transafix Support nasal en hydrocollo\u00efde transparent, non st\u00e9rile","isPartOf":{"@id":"https:\/\/fornimedical.ch\/fr\/#website"},"primaryImageOfPage":{"@id":"https:\/\/fornimedical.ch\/fr\/produit\/transatlantic-transafix-support-nasal-en-hydrocolloide-transparent-non-sterile\/#primaryimage"},"image":{"@id":"https:\/\/fornimedical.ch\/fr\/produit\/transatlantic-transafix-support-nasal-en-hydrocolloide-transparent-non-sterile\/#primaryimage"},"thumbnailUrl":"https:\/\/fornimedical.ch\/wp-content\/uploads\/2024\/04\/forni-medical_transatlantic-transafix_nasalhalter-hydrocolloid-transparent_unsteril.jpg","datePublished":"2024-04-21T10:36:21+00:00","dateModified":"2024-08-09T09:54:40+00:00","description":"TRANSATLANTIC Transafix Support nasal en hydrocollo\u00efde transparent, non st\u00e9rile. Pour la fixation de sondes nasales sur l\u2019ar\u00eate du nez","breadcrumb":{"@id":"https:\/\/fornimedical.ch\/fr\/produit\/transatlantic-transafix-support-nasal-en-hydrocolloide-transparent-non-sterile\/#breadcrumb"},"inLanguage":"fr-FR","potentialAction":[{"@type":"ReadAction","target":["https:\/\/fornimedical.ch\/fr\/produit\/transatlantic-transafix-support-nasal-en-hydrocolloide-transparent-non-sterile\/"]}]},{"@type":"ImageObject","inLanguage":"fr-FR","@id":"https:\/\/fornimedical.ch\/fr\/produit\/transatlantic-transafix-support-nasal-en-hydrocolloide-transparent-non-sterile\/#primaryimage","url":"https:\/\/fornimedical.ch\/wp-content\/uploads\/2024\/04\/forni-medical_transatlantic-transafix_nasalhalter-hydrocolloid-transparent_unsteril.jpg","contentUrl":"https:\/\/fornimedical.ch\/wp-content\/uploads\/2024\/04\/forni-medical_transatlantic-transafix_nasalhalter-hydrocolloid-transparent_unsteril.jpg","width":2481,"height":1487,"caption":"Forni Medical TRANSATLANTIC Transafix Nasalhalter aus Hydrocolloid transparent, unsteril"},{"@type":"BreadcrumbList","@id":"https:\/\/fornimedical.ch\/fr\/produit\/transatlantic-transafix-support-nasal-en-hydrocolloide-transparent-non-sterile\/#breadcrumb","itemListElement":[{"@type":"ListItem","position":1,"name":"Home","item":"https:\/\/fornimedical.ch\/fr\/"},{"@type":"ListItem","position":2,"name":"Archives boutique en ligne","item":"https:\/\/fornimedical.ch\/fr\/archives-boutique-en-ligne\/"},{"@type":"ListItem","position":3,"name":"TRANSATLANTIC Transafix Support nasal en hydrocollo\u00efde transparent, non st\u00e9rile"}]},{"@type":"WebSite","@id":"https:\/\/fornimedical.ch\/fr\/#website","url":"https:\/\/fornimedical.ch\/fr\/","name":"Forni Medical GmbH","description":"","publisher":{"@id":"https:\/\/fornimedical.ch\/fr\/#organization"},"potentialAction":[{"@type":"SearchAction","target":{"@type":"EntryPoint","urlTemplate":"https:\/\/fornimedical.ch\/fr\/?s={search_term_string}"},"query-input":{"@type":"PropertyValueSpecification","valueRequired":true,"valueName":"search_term_string"}}],"inLanguage":"fr-FR"},{"@type":"Organization","@id":"https:\/\/fornimedical.ch\/fr\/#organization","name":"Forni Medical GmbH","url":"https:\/\/fornimedical.ch\/fr\/","logo":{"@type":"ImageObject","inLanguage":"fr-FR","@id":"https:\/\/fornimedical.ch\/fr\/#\/schema\/logo\/image\/","url":"https:\/\/fornimedical.ch\/wp-content\/uploads\/2023\/08\/logo.svg","contentUrl":"https:\/\/fornimedical.ch\/wp-content\/uploads\/2023\/08\/logo.svg","caption":"Forni Medical GmbH"},"image":{"@id":"https:\/\/fornimedical.ch\/fr\/#\/schema\/logo\/image\/"}}]}},"_links":{"self":[{"href":"https:\/\/fornimedical.ch\/fr\/wp-json\/wp\/v2\/product\/5196","targetHints":{"allow":["GET"]}}],"collection":[{"href":"https:\/\/fornimedical.ch\/fr\/wp-json\/wp\/v2\/product"}],"about":[{"href":"https:\/\/fornimedical.ch\/fr\/wp-json\/wp\/v2\/types\/product"}],"replies":[{"embeddable":true,"href":"https:\/\/fornimedical.ch\/fr\/wp-json\/wp\/v2\/comments?post=5196"}],"wp:featuredmedia":[{"embeddable":true,"href":"https:\/\/fornimedical.ch\/fr\/wp-json\/wp\/v2\/media\/4088"}],"wp:attachment":[{"href":"https:\/\/fornimedical.ch\/fr\/wp-json\/wp\/v2\/media?parent=5196"}],"wp:term":[{"taxonomy":"product_brand","embeddable":true,"href":"https:\/\/fornimedical.ch\/fr\/wp-json\/wp\/v2\/product_brand?post=5196"},{"taxonomy":"product_cat","embeddable":true,"href":"https:\/\/fornimedical.ch\/fr\/wp-json\/wp\/v2\/product_cat?post=5196"},{"taxonomy":"product_tag","embeddable":true,"href":"https:\/\/fornimedical.ch\/fr\/wp-json\/wp\/v2\/product_tag?post=5196"}],"curies":[{"name":"wp","href":"https:\/\/api.w.org\/{rel}","templated":true}]}}