{"id":5161,"date":"2024-04-08T11:31:55","date_gmt":"2024-04-08T09:31:55","guid":{"rendered":"https:\/\/fornimedical.ch\/product\/sovan-pansement-hemostatique-sterile\/"},"modified":"2024-08-27T09:56:01","modified_gmt":"2024-08-27T09:56:01","slug":"sovan-pansement-hemostatique-sterile","status":"publish","type":"product","link":"https:\/\/fornimedical.ch\/fr\/produit\/sovan-pansement-hemostatique-sterile\/","title":{"rendered":"SOVAN Pansement h\u00e9mostatique, st\u00e9rile"},"content":{"rendered":"<p>SOVAN est un pad h\u00e9mostatique deux couches hautement absorbant dispos\u00e9 sur un pansement hypoallerg\u00e9nique, perm\u00e9able \u00e0 l\u2019air. Convient \u00e9galement aux patients qui n\u00e9cessitent un traitement intraveineux et une transfusion sanguine. Effet h\u00e9mostatique compressif sp\u00e9cialement adapt\u00e9 aux soins des voies art\u00e9rio-veineuses. Utilisation apr\u00e8s dialyse, apr\u00e8s retrait des aiguilles \u00e0 fistule.<\/p>\n","protected":false},"excerpt":{"rendered":"<p>Pad non adh\u00e9rent, deux couches \u00e0 grande capacit\u00e9 d\u2019absorption, \u00d8 2,6\u00a0cm sur pansement 15 x 5\u00a0cm ou 10 x 5\u00a0cm<\/p>\n","protected":false},"featured_media":3515,"comment_status":"closed","ping_status":"closed","template":"","meta":{"_acf_changed":false,"site-sidebar-layout":"default","site-content-layout":"","ast-site-content-layout":"default","site-content-style":"default","site-sidebar-style":"default","ast-global-header-display":"","ast-banner-title-visibility":"","ast-main-header-display":"","ast-hfb-above-header-display":"","ast-hfb-below-header-display":"","ast-hfb-mobile-header-display":"","site-post-title":"","ast-breadcrumbs-content":"","ast-featured-img":"","footer-sml-layout":"","theme-transparent-header-meta":"default","adv-header-id-meta":"","stick-header-meta":"","header-above-stick-meta":"","header-main-stick-meta":"","header-below-stick-meta":"","astra-migrate-meta-layouts":"set","ast-page-background-enabled":"default","ast-page-background-meta":{"desktop":{"background-color":"var(--ast-global-color-4)","background-image":"","background-repeat":"repeat","background-position":"center center","background-size":"auto","background-attachment":"scroll","background-type":"","background-media":"","overlay-type":"","overlay-color":"","overlay-opacity":"","overlay-gradient":""},"tablet":{"background-color":"","background-image":"","background-repeat":"repeat","background-position":"center center","background-size":"auto","background-attachment":"scroll","background-type":"","background-media":"","overlay-type":"","overlay-color":"","overlay-opacity":"","overlay-gradient":""},"mobile":{"background-color":"","background-image":"","background-repeat":"repeat","background-position":"center center","background-size":"auto","background-attachment":"scroll","background-type":"","background-media":"","overlay-type":"","overlay-color":"","overlay-opacity":"","overlay-gradient":""}},"ast-content-background-meta":{"desktop":{"background-color":"var(--ast-global-color-5)","background-image":"","background-repeat":"repeat","background-position":"center center","background-size":"auto","background-attachment":"scroll","background-type":"","background-media":"","overlay-type":"","overlay-color":"","overlay-opacity":"","overlay-gradient":""},"tablet":{"background-color":"var(--ast-global-color-5)","background-image":"","background-repeat":"repeat","background-position":"center center","background-size":"auto","background-attachment":"scroll","background-type":"","background-media":"","overlay-type":"","overlay-color":"","overlay-opacity":"","overlay-gradient":""},"mobile":{"background-color":"var(--ast-global-color-5)","background-image":"","background-repeat":"repeat","background-position":"center center","background-size":"auto","background-attachment":"scroll","background-type":"","background-media":"","overlay-type":"","overlay-color":"","overlay-opacity":"","overlay-gradient":""}}},"product_brand":[],"product_cat":[531],"product_tag":[],"class_list":{"0":"post-5161","1":"product","2":"type-product","3":"status-publish","4":"has-post-thumbnail","6":"product_cat-pads-et-pansements-hemostatiques","7":"desktop-align-left","8":"tablet-align-left","9":"mobile-align-left","11":"first","12":"instock","13":"taxable","14":"shipping-taxable","15":"purchasable","16":"product-type-variable","17":"has-default-attributes","18":"add-to-wishlist-before_image"},"acf":[],"yoast_head":"<!-- This site is optimized with the Yoast SEO plugin v26.5 - https:\/\/yoast.com\/wordpress\/plugins\/seo\/ -->\n<title>SOVAN Pansement h\u00e9mostatique, st\u00e9rile<\/title>\n<meta name=\"description\" content=\"SOVAN Pansement h\u00e9mostatique, st\u00e9rile. Pad non adh\u00e9rent, deux couches \u00e0 grande capacit\u00e9 d\u2019absorption, \u00d8 2,6\u00a0cm sur pansement 15 x 5\u00a0cm ou 10 x 5\u00a0cm\" \/>\n<meta name=\"robots\" content=\"index, follow, max-snippet:-1, max-image-preview:large, max-video-preview:-1\" \/>\n<link rel=\"canonical\" href=\"https:\/\/fornimedical.ch\/fr\/produit\/sovan-pansement-hemostatique-sterile\/\" \/>\n<meta property=\"og:locale\" content=\"fr_FR\" \/>\n<meta property=\"og:type\" content=\"article\" \/>\n<meta property=\"og:title\" content=\"SOVAN Pansement h\u00e9mostatique, st\u00e9rile\" \/>\n<meta property=\"og:description\" content=\"SOVAN Pansement h\u00e9mostatique, st\u00e9rile. Pad non adh\u00e9rent, deux couches \u00e0 grande capacit\u00e9 d\u2019absorption, \u00d8 2,6\u00a0cm sur pansement 15 x 5\u00a0cm ou 10 x 5\u00a0cm\" \/>\n<meta property=\"og:url\" content=\"https:\/\/fornimedical.ch\/fr\/produit\/sovan-pansement-hemostatique-sterile\/\" \/>\n<meta property=\"og:site_name\" content=\"Forni Medical GmbH\" \/>\n<meta property=\"article:modified_time\" content=\"2024-08-27T09:56:01+00:00\" \/>\n<meta property=\"og:image\" content=\"https:\/\/fornimedical.ch\/wp-content\/uploads\/2024\/04\/forni-medical_emodial_sovan_blutstillendes-pflaster_steril.jpg\" \/>\n\t<meta property=\"og:image:width\" content=\"2481\" \/>\n\t<meta property=\"og:image:height\" content=\"1487\" \/>\n\t<meta property=\"og:image:type\" content=\"image\/jpeg\" \/>\n<meta name=\"twitter:card\" content=\"summary_large_image\" \/>\n<meta name=\"twitter:label1\" content=\"Dur\u00e9e de lecture estim\u00e9e\" \/>\n\t<meta name=\"twitter:data1\" content=\"1 minute\" \/>\n<script type=\"application\/ld+json\" class=\"yoast-schema-graph\">{\"@context\":\"https:\/\/schema.org\",\"@graph\":[{\"@type\":\"WebPage\",\"@id\":\"https:\/\/fornimedical.ch\/fr\/produit\/sovan-pansement-hemostatique-sterile\/\",\"url\":\"https:\/\/fornimedical.ch\/fr\/produit\/sovan-pansement-hemostatique-sterile\/\",\"name\":\"SOVAN Pansement h\u00e9mostatique, st\u00e9rile\",\"isPartOf\":{\"@id\":\"https:\/\/fornimedical.ch\/fr\/#website\"},\"primaryImageOfPage\":{\"@id\":\"https:\/\/fornimedical.ch\/fr\/produit\/sovan-pansement-hemostatique-sterile\/#primaryimage\"},\"image\":{\"@id\":\"https:\/\/fornimedical.ch\/fr\/produit\/sovan-pansement-hemostatique-sterile\/#primaryimage\"},\"thumbnailUrl\":\"https:\/\/fornimedical.ch\/wp-content\/uploads\/2024\/04\/forni-medical_emodial_sovan_blutstillendes-pflaster_steril.jpg\",\"datePublished\":\"2024-04-08T09:31:55+00:00\",\"dateModified\":\"2024-08-27T09:56:01+00:00\",\"description\":\"SOVAN Pansement h\u00e9mostatique, st\u00e9rile. Pad non adh\u00e9rent, deux couches \u00e0 grande capacit\u00e9 d\u2019absorption, \u00d8 2,6\u00a0cm sur pansement 15 x 5\u00a0cm ou 10 x 5\u00a0cm\",\"breadcrumb\":{\"@id\":\"https:\/\/fornimedical.ch\/fr\/produit\/sovan-pansement-hemostatique-sterile\/#breadcrumb\"},\"inLanguage\":\"fr-FR\",\"potentialAction\":[{\"@type\":\"ReadAction\",\"target\":[\"https:\/\/fornimedical.ch\/fr\/produit\/sovan-pansement-hemostatique-sterile\/\"]}]},{\"@type\":\"ImageObject\",\"inLanguage\":\"fr-FR\",\"@id\":\"https:\/\/fornimedical.ch\/fr\/produit\/sovan-pansement-hemostatique-sterile\/#primaryimage\",\"url\":\"https:\/\/fornimedical.ch\/wp-content\/uploads\/2024\/04\/forni-medical_emodial_sovan_blutstillendes-pflaster_steril.jpg\",\"contentUrl\":\"https:\/\/fornimedical.ch\/wp-content\/uploads\/2024\/04\/forni-medical_emodial_sovan_blutstillendes-pflaster_steril.jpg\",\"width\":2481,\"height\":1487,\"caption\":\"Forni Medical Emodial SOVAN Blutstillendes Pflaster, steril\"},{\"@type\":\"BreadcrumbList\",\"@id\":\"https:\/\/fornimedical.ch\/fr\/produit\/sovan-pansement-hemostatique-sterile\/#breadcrumb\",\"itemListElement\":[{\"@type\":\"ListItem\",\"position\":1,\"name\":\"Home\",\"item\":\"https:\/\/fornimedical.ch\/fr\/\"},{\"@type\":\"ListItem\",\"position\":2,\"name\":\"Archives boutique en ligne\",\"item\":\"https:\/\/fornimedical.ch\/fr\/archives-boutique-en-ligne\/\"},{\"@type\":\"ListItem\",\"position\":3,\"name\":\"SOVAN Pansement h\u00e9mostatique, st\u00e9rile\"}]},{\"@type\":\"WebSite\",\"@id\":\"https:\/\/fornimedical.ch\/fr\/#website\",\"url\":\"https:\/\/fornimedical.ch\/fr\/\",\"name\":\"Forni Medical GmbH\",\"description\":\"\",\"publisher\":{\"@id\":\"https:\/\/fornimedical.ch\/fr\/#organization\"},\"potentialAction\":[{\"@type\":\"SearchAction\",\"target\":{\"@type\":\"EntryPoint\",\"urlTemplate\":\"https:\/\/fornimedical.ch\/fr\/?s={search_term_string}\"},\"query-input\":{\"@type\":\"PropertyValueSpecification\",\"valueRequired\":true,\"valueName\":\"search_term_string\"}}],\"inLanguage\":\"fr-FR\"},{\"@type\":\"Organization\",\"@id\":\"https:\/\/fornimedical.ch\/fr\/#organization\",\"name\":\"Forni Medical GmbH\",\"url\":\"https:\/\/fornimedical.ch\/fr\/\",\"logo\":{\"@type\":\"ImageObject\",\"inLanguage\":\"fr-FR\",\"@id\":\"https:\/\/fornimedical.ch\/fr\/#\/schema\/logo\/image\/\",\"url\":\"https:\/\/fornimedical.ch\/wp-content\/uploads\/2023\/08\/logo.svg\",\"contentUrl\":\"https:\/\/fornimedical.ch\/wp-content\/uploads\/2023\/08\/logo.svg\",\"caption\":\"Forni Medical GmbH\"},\"image\":{\"@id\":\"https:\/\/fornimedical.ch\/fr\/#\/schema\/logo\/image\/\"}}]}<\/script>\n<!-- \/ Yoast SEO plugin. -->","yoast_head_json":{"title":"SOVAN Pansement h\u00e9mostatique, st\u00e9rile","description":"SOVAN Pansement h\u00e9mostatique, st\u00e9rile. Pad non adh\u00e9rent, deux couches \u00e0 grande capacit\u00e9 d\u2019absorption, \u00d8 2,6\u00a0cm sur pansement 15 x 5\u00a0cm ou 10 x 5\u00a0cm","robots":{"index":"index","follow":"follow","max-snippet":"max-snippet:-1","max-image-preview":"max-image-preview:large","max-video-preview":"max-video-preview:-1"},"canonical":"https:\/\/fornimedical.ch\/fr\/produit\/sovan-pansement-hemostatique-sterile\/","og_locale":"fr_FR","og_type":"article","og_title":"SOVAN Pansement h\u00e9mostatique, st\u00e9rile","og_description":"SOVAN Pansement h\u00e9mostatique, st\u00e9rile. Pad non adh\u00e9rent, deux couches \u00e0 grande capacit\u00e9 d\u2019absorption, \u00d8 2,6\u00a0cm sur pansement 15 x 5\u00a0cm ou 10 x 5\u00a0cm","og_url":"https:\/\/fornimedical.ch\/fr\/produit\/sovan-pansement-hemostatique-sterile\/","og_site_name":"Forni Medical GmbH","article_modified_time":"2024-08-27T09:56:01+00:00","og_image":[{"width":2481,"height":1487,"url":"https:\/\/fornimedical.ch\/wp-content\/uploads\/2024\/04\/forni-medical_emodial_sovan_blutstillendes-pflaster_steril.jpg","type":"image\/jpeg"}],"twitter_card":"summary_large_image","twitter_misc":{"Dur\u00e9e de lecture estim\u00e9e":"1 minute"},"schema":{"@context":"https:\/\/schema.org","@graph":[{"@type":"WebPage","@id":"https:\/\/fornimedical.ch\/fr\/produit\/sovan-pansement-hemostatique-sterile\/","url":"https:\/\/fornimedical.ch\/fr\/produit\/sovan-pansement-hemostatique-sterile\/","name":"SOVAN Pansement h\u00e9mostatique, st\u00e9rile","isPartOf":{"@id":"https:\/\/fornimedical.ch\/fr\/#website"},"primaryImageOfPage":{"@id":"https:\/\/fornimedical.ch\/fr\/produit\/sovan-pansement-hemostatique-sterile\/#primaryimage"},"image":{"@id":"https:\/\/fornimedical.ch\/fr\/produit\/sovan-pansement-hemostatique-sterile\/#primaryimage"},"thumbnailUrl":"https:\/\/fornimedical.ch\/wp-content\/uploads\/2024\/04\/forni-medical_emodial_sovan_blutstillendes-pflaster_steril.jpg","datePublished":"2024-04-08T09:31:55+00:00","dateModified":"2024-08-27T09:56:01+00:00","description":"SOVAN Pansement h\u00e9mostatique, st\u00e9rile. Pad non adh\u00e9rent, deux couches \u00e0 grande capacit\u00e9 d\u2019absorption, \u00d8 2,6\u00a0cm sur pansement 15 x 5\u00a0cm ou 10 x 5\u00a0cm","breadcrumb":{"@id":"https:\/\/fornimedical.ch\/fr\/produit\/sovan-pansement-hemostatique-sterile\/#breadcrumb"},"inLanguage":"fr-FR","potentialAction":[{"@type":"ReadAction","target":["https:\/\/fornimedical.ch\/fr\/produit\/sovan-pansement-hemostatique-sterile\/"]}]},{"@type":"ImageObject","inLanguage":"fr-FR","@id":"https:\/\/fornimedical.ch\/fr\/produit\/sovan-pansement-hemostatique-sterile\/#primaryimage","url":"https:\/\/fornimedical.ch\/wp-content\/uploads\/2024\/04\/forni-medical_emodial_sovan_blutstillendes-pflaster_steril.jpg","contentUrl":"https:\/\/fornimedical.ch\/wp-content\/uploads\/2024\/04\/forni-medical_emodial_sovan_blutstillendes-pflaster_steril.jpg","width":2481,"height":1487,"caption":"Forni Medical Emodial SOVAN Blutstillendes Pflaster, steril"},{"@type":"BreadcrumbList","@id":"https:\/\/fornimedical.ch\/fr\/produit\/sovan-pansement-hemostatique-sterile\/#breadcrumb","itemListElement":[{"@type":"ListItem","position":1,"name":"Home","item":"https:\/\/fornimedical.ch\/fr\/"},{"@type":"ListItem","position":2,"name":"Archives boutique en ligne","item":"https:\/\/fornimedical.ch\/fr\/archives-boutique-en-ligne\/"},{"@type":"ListItem","position":3,"name":"SOVAN Pansement h\u00e9mostatique, st\u00e9rile"}]},{"@type":"WebSite","@id":"https:\/\/fornimedical.ch\/fr\/#website","url":"https:\/\/fornimedical.ch\/fr\/","name":"Forni Medical GmbH","description":"","publisher":{"@id":"https:\/\/fornimedical.ch\/fr\/#organization"},"potentialAction":[{"@type":"SearchAction","target":{"@type":"EntryPoint","urlTemplate":"https:\/\/fornimedical.ch\/fr\/?s={search_term_string}"},"query-input":{"@type":"PropertyValueSpecification","valueRequired":true,"valueName":"search_term_string"}}],"inLanguage":"fr-FR"},{"@type":"Organization","@id":"https:\/\/fornimedical.ch\/fr\/#organization","name":"Forni Medical GmbH","url":"https:\/\/fornimedical.ch\/fr\/","logo":{"@type":"ImageObject","inLanguage":"fr-FR","@id":"https:\/\/fornimedical.ch\/fr\/#\/schema\/logo\/image\/","url":"https:\/\/fornimedical.ch\/wp-content\/uploads\/2023\/08\/logo.svg","contentUrl":"https:\/\/fornimedical.ch\/wp-content\/uploads\/2023\/08\/logo.svg","caption":"Forni Medical GmbH"},"image":{"@id":"https:\/\/fornimedical.ch\/fr\/#\/schema\/logo\/image\/"}}]}},"_links":{"self":[{"href":"https:\/\/fornimedical.ch\/fr\/wp-json\/wp\/v2\/product\/5161","targetHints":{"allow":["GET"]}}],"collection":[{"href":"https:\/\/fornimedical.ch\/fr\/wp-json\/wp\/v2\/product"}],"about":[{"href":"https:\/\/fornimedical.ch\/fr\/wp-json\/wp\/v2\/types\/product"}],"replies":[{"embeddable":true,"href":"https:\/\/fornimedical.ch\/fr\/wp-json\/wp\/v2\/comments?post=5161"}],"wp:featuredmedia":[{"embeddable":true,"href":"https:\/\/fornimedical.ch\/fr\/wp-json\/wp\/v2\/media\/3515"}],"wp:attachment":[{"href":"https:\/\/fornimedical.ch\/fr\/wp-json\/wp\/v2\/media?parent=5161"}],"wp:term":[{"taxonomy":"product_brand","embeddable":true,"href":"https:\/\/fornimedical.ch\/fr\/wp-json\/wp\/v2\/product_brand?post=5161"},{"taxonomy":"product_cat","embeddable":true,"href":"https:\/\/fornimedical.ch\/fr\/wp-json\/wp\/v2\/product_cat?post=5161"},{"taxonomy":"product_tag","embeddable":true,"href":"https:\/\/fornimedical.ch\/fr\/wp-json\/wp\/v2\/product_tag?post=5161"}],"curies":[{"name":"wp","href":"https:\/\/api.w.org\/{rel}","templated":true}]}}