{"id":5148,"date":"2024-04-24T13:38:05","date_gmt":"2024-04-24T13:38:05","guid":{"rendered":"https:\/\/fornimedical.ch\/product\/pavis-orthese-stabilisatrice-de-la-rotule-bleue\/"},"modified":"2024-08-27T13:59:29","modified_gmt":"2024-08-27T13:59:29","slug":"pavis-orthese-stabilisatrice-de-la-rotule-bleue","status":"publish","type":"product","link":"https:\/\/fornimedical.ch\/fr\/produit\/pavis-orthese-stabilisatrice-de-la-rotule-bleue\/","title":{"rendered":"Pavis Orth\u00e8se stabilisatrice de la rotule, bleue"},"content":{"rendered":"<p>Aide \u00e0 se r\u00e9tablir le plus rapidement et le mieux possible: Deux coussinets en forme de \u00abC\u00bb, amovibles qui, en combinaison avec les sangles centrales, permettent une stabilisation optimale de la rotule (m\u00e9dialisation, centralisation ou lat\u00e9ralisation). 3 bandes \u00e9lastiques pour ajuster la pression \u00e0 la forme de la jambe et au besoin de r\u00e9cup\u00e9ration. Deux tiges lat\u00e9rales amovibles, l\u00e9g\u00e8res et souples am\u00e9liorent la stabilit\u00e9 de l\u2019orth\u00e8se. Zone poplit\u00e9e libre pour \u00e9viter toute pression dans cette zone sensible et assurer une circulation sanguine normale. Facile \u00e0 utiliser: Ambidextre. Confort: Mat\u00e9riau respirant. Hygi\u00e9nique: 100 % coton sur la peau<\/p>\n<p><strong>INDICATIONS:<\/strong><\/p>\n<ul>\n<li>Subluxation de la rotule<\/li>\n<li>Instabilit\u00e9 pr\u00e9 ou postop\u00e9ratoire de la rotule<\/li>\n<\/ul>\n","protected":false},"excerpt":{"rendered":"<p>Hauteur: 31\u00a0cm. Extr\u00eamement pratique, tr\u00e8s confortable et facile \u00e0 utiliser. Tissu sp\u00e9cial innovant, allerg\u00e9nique, respirant et 100\u00a0% coton hypoallerg\u00e9nique.<\/p>\n","protected":false},"featured_media":4242,"comment_status":"closed","ping_status":"closed","template":"","meta":{"_acf_changed":false,"site-sidebar-layout":"default","site-content-layout":"","ast-site-content-layout":"default","site-content-style":"default","site-sidebar-style":"default","ast-global-header-display":"","ast-banner-title-visibility":"","ast-main-header-display":"","ast-hfb-above-header-display":"","ast-hfb-below-header-display":"","ast-hfb-mobile-header-display":"","site-post-title":"","ast-breadcrumbs-content":"","ast-featured-img":"","footer-sml-layout":"","theme-transparent-header-meta":"default","adv-header-id-meta":"","stick-header-meta":"","header-above-stick-meta":"","header-main-stick-meta":"","header-below-stick-meta":"","astra-migrate-meta-layouts":"set","ast-page-background-enabled":"default","ast-page-background-meta":{"desktop":{"background-color":"var(--ast-global-color-4)","background-image":"","background-repeat":"repeat","background-position":"center center","background-size":"auto","background-attachment":"scroll","background-type":"","background-media":"","overlay-type":"","overlay-color":"","overlay-opacity":"","overlay-gradient":""},"tablet":{"background-color":"","background-image":"","background-repeat":"repeat","background-position":"center center","background-size":"auto","background-attachment":"scroll","background-type":"","background-media":"","overlay-type":"","overlay-color":"","overlay-opacity":"","overlay-gradient":""},"mobile":{"background-color":"","background-image":"","background-repeat":"repeat","background-position":"center center","background-size":"auto","background-attachment":"scroll","background-type":"","background-media":"","overlay-type":"","overlay-color":"","overlay-opacity":"","overlay-gradient":""}},"ast-content-background-meta":{"desktop":{"background-color":"var(--ast-global-color-5)","background-image":"","background-repeat":"repeat","background-position":"center center","background-size":"auto","background-attachment":"scroll","background-type":"","background-media":"","overlay-type":"","overlay-color":"","overlay-opacity":"","overlay-gradient":""},"tablet":{"background-color":"var(--ast-global-color-5)","background-image":"","background-repeat":"repeat","background-position":"center center","background-size":"auto","background-attachment":"scroll","background-type":"","background-media":"","overlay-type":"","overlay-color":"","overlay-opacity":"","overlay-gradient":""},"mobile":{"background-color":"var(--ast-global-color-5)","background-image":"","background-repeat":"repeat","background-position":"center center","background-size":"auto","background-attachment":"scroll","background-type":"","background-media":"","overlay-type":"","overlay-color":"","overlay-opacity":"","overlay-gradient":""}}},"product_brand":[],"product_cat":[519],"product_tag":[],"class_list":{"0":"post-5148","1":"product","2":"type-product","3":"status-publish","4":"has-post-thumbnail","6":"product_cat-bandages-pour-le-genou","7":"desktop-align-left","8":"tablet-align-left","9":"mobile-align-left","11":"first","12":"instock","13":"taxable","14":"shipping-taxable","15":"purchasable","16":"product-type-variable","17":"has-default-attributes","18":"add-to-wishlist-before_image"},"acf":[],"yoast_head":"<!-- This site is optimized with the Yoast SEO plugin v26.5 - https:\/\/yoast.com\/wordpress\/plugins\/seo\/ -->\n<title>Pavis Orth\u00e8se stabilisatrice de la rotule, bleue<\/title>\n<meta name=\"description\" content=\"Pavis Orth\u00e8se stabilisatrice de la rotule, bleue. Hauteur: 31\u00a0cm. Facile \u00e0 utiliser: Ambidextre. Confort: Mat\u00e9riau respirant. Hygi\u00e9nique\" \/>\n<meta name=\"robots\" content=\"index, follow, max-snippet:-1, max-image-preview:large, max-video-preview:-1\" \/>\n<link rel=\"canonical\" href=\"https:\/\/fornimedical.ch\/fr\/produit\/pavis-orthese-stabilisatrice-de-la-rotule-bleue\/\" \/>\n<meta property=\"og:locale\" content=\"fr_FR\" \/>\n<meta property=\"og:type\" content=\"article\" \/>\n<meta property=\"og:title\" content=\"Pavis Orth\u00e8se stabilisatrice de la rotule, bleue\" \/>\n<meta property=\"og:description\" content=\"Pavis Orth\u00e8se stabilisatrice de la rotule, bleue. Hauteur: 31\u00a0cm. Facile \u00e0 utiliser: Ambidextre. Confort: Mat\u00e9riau respirant. Hygi\u00e9nique\" \/>\n<meta property=\"og:url\" content=\"https:\/\/fornimedical.ch\/fr\/produit\/pavis-orthese-stabilisatrice-de-la-rotule-bleue\/\" \/>\n<meta property=\"og:site_name\" content=\"Forni Medical GmbH\" \/>\n<meta property=\"article:modified_time\" content=\"2024-08-27T13:59:29+00:00\" \/>\n<meta property=\"og:image\" content=\"https:\/\/fornimedical.ch\/wp-content\/uploads\/2024\/04\/forni-medical_pavis_kniescheibenstuetzbandage_blau.jpg\" \/>\n\t<meta property=\"og:image:width\" content=\"1551\" \/>\n\t<meta property=\"og:image:height\" content=\"1487\" \/>\n\t<meta property=\"og:image:type\" content=\"image\/jpeg\" \/>\n<meta name=\"twitter:card\" content=\"summary_large_image\" \/>\n<meta name=\"twitter:label1\" content=\"Dur\u00e9e de lecture estim\u00e9e\" \/>\n\t<meta name=\"twitter:data1\" content=\"1 minute\" \/>\n<script type=\"application\/ld+json\" class=\"yoast-schema-graph\">{\"@context\":\"https:\/\/schema.org\",\"@graph\":[{\"@type\":\"WebPage\",\"@id\":\"https:\/\/fornimedical.ch\/fr\/produit\/pavis-orthese-stabilisatrice-de-la-rotule-bleue\/\",\"url\":\"https:\/\/fornimedical.ch\/fr\/produit\/pavis-orthese-stabilisatrice-de-la-rotule-bleue\/\",\"name\":\"Pavis Orth\u00e8se stabilisatrice de la rotule, bleue\",\"isPartOf\":{\"@id\":\"https:\/\/fornimedical.ch\/fr\/#website\"},\"primaryImageOfPage\":{\"@id\":\"https:\/\/fornimedical.ch\/fr\/produit\/pavis-orthese-stabilisatrice-de-la-rotule-bleue\/#primaryimage\"},\"image\":{\"@id\":\"https:\/\/fornimedical.ch\/fr\/produit\/pavis-orthese-stabilisatrice-de-la-rotule-bleue\/#primaryimage\"},\"thumbnailUrl\":\"https:\/\/fornimedical.ch\/wp-content\/uploads\/2024\/04\/forni-medical_pavis_kniescheibenstuetzbandage_blau.jpg\",\"datePublished\":\"2024-04-24T13:38:05+00:00\",\"dateModified\":\"2024-08-27T13:59:29+00:00\",\"description\":\"Pavis Orth\u00e8se stabilisatrice de la rotule, bleue. Hauteur: 31\u00a0cm. Facile \u00e0 utiliser: Ambidextre. Confort: Mat\u00e9riau respirant. Hygi\u00e9nique\",\"breadcrumb\":{\"@id\":\"https:\/\/fornimedical.ch\/fr\/produit\/pavis-orthese-stabilisatrice-de-la-rotule-bleue\/#breadcrumb\"},\"inLanguage\":\"fr-FR\",\"potentialAction\":[{\"@type\":\"ReadAction\",\"target\":[\"https:\/\/fornimedical.ch\/fr\/produit\/pavis-orthese-stabilisatrice-de-la-rotule-bleue\/\"]}]},{\"@type\":\"ImageObject\",\"inLanguage\":\"fr-FR\",\"@id\":\"https:\/\/fornimedical.ch\/fr\/produit\/pavis-orthese-stabilisatrice-de-la-rotule-bleue\/#primaryimage\",\"url\":\"https:\/\/fornimedical.ch\/wp-content\/uploads\/2024\/04\/forni-medical_pavis_kniescheibenstuetzbandage_blau.jpg\",\"contentUrl\":\"https:\/\/fornimedical.ch\/wp-content\/uploads\/2024\/04\/forni-medical_pavis_kniescheibenstuetzbandage_blau.jpg\",\"width\":1551,\"height\":1487,\"caption\":\"Forni Medical Pavis Kniescheibenst\u00fctzbandage, blau\"},{\"@type\":\"BreadcrumbList\",\"@id\":\"https:\/\/fornimedical.ch\/fr\/produit\/pavis-orthese-stabilisatrice-de-la-rotule-bleue\/#breadcrumb\",\"itemListElement\":[{\"@type\":\"ListItem\",\"position\":1,\"name\":\"Home\",\"item\":\"https:\/\/fornimedical.ch\/fr\/\"},{\"@type\":\"ListItem\",\"position\":2,\"name\":\"Archives boutique en ligne\",\"item\":\"https:\/\/fornimedical.ch\/fr\/archives-boutique-en-ligne\/\"},{\"@type\":\"ListItem\",\"position\":3,\"name\":\"Pavis Orth\u00e8se stabilisatrice de la rotule, bleue\"}]},{\"@type\":\"WebSite\",\"@id\":\"https:\/\/fornimedical.ch\/fr\/#website\",\"url\":\"https:\/\/fornimedical.ch\/fr\/\",\"name\":\"Forni Medical GmbH\",\"description\":\"\",\"publisher\":{\"@id\":\"https:\/\/fornimedical.ch\/fr\/#organization\"},\"potentialAction\":[{\"@type\":\"SearchAction\",\"target\":{\"@type\":\"EntryPoint\",\"urlTemplate\":\"https:\/\/fornimedical.ch\/fr\/?s={search_term_string}\"},\"query-input\":{\"@type\":\"PropertyValueSpecification\",\"valueRequired\":true,\"valueName\":\"search_term_string\"}}],\"inLanguage\":\"fr-FR\"},{\"@type\":\"Organization\",\"@id\":\"https:\/\/fornimedical.ch\/fr\/#organization\",\"name\":\"Forni Medical GmbH\",\"url\":\"https:\/\/fornimedical.ch\/fr\/\",\"logo\":{\"@type\":\"ImageObject\",\"inLanguage\":\"fr-FR\",\"@id\":\"https:\/\/fornimedical.ch\/fr\/#\/schema\/logo\/image\/\",\"url\":\"https:\/\/fornimedical.ch\/wp-content\/uploads\/2023\/08\/logo.svg\",\"contentUrl\":\"https:\/\/fornimedical.ch\/wp-content\/uploads\/2023\/08\/logo.svg\",\"caption\":\"Forni Medical GmbH\"},\"image\":{\"@id\":\"https:\/\/fornimedical.ch\/fr\/#\/schema\/logo\/image\/\"}}]}<\/script>\n<!-- \/ Yoast SEO plugin. -->","yoast_head_json":{"title":"Pavis Orth\u00e8se stabilisatrice de la rotule, bleue","description":"Pavis Orth\u00e8se stabilisatrice de la rotule, bleue. Hauteur: 31\u00a0cm. Facile \u00e0 utiliser: Ambidextre. Confort: Mat\u00e9riau respirant. Hygi\u00e9nique","robots":{"index":"index","follow":"follow","max-snippet":"max-snippet:-1","max-image-preview":"max-image-preview:large","max-video-preview":"max-video-preview:-1"},"canonical":"https:\/\/fornimedical.ch\/fr\/produit\/pavis-orthese-stabilisatrice-de-la-rotule-bleue\/","og_locale":"fr_FR","og_type":"article","og_title":"Pavis Orth\u00e8se stabilisatrice de la rotule, bleue","og_description":"Pavis Orth\u00e8se stabilisatrice de la rotule, bleue. Hauteur: 31\u00a0cm. Facile \u00e0 utiliser: Ambidextre. Confort: Mat\u00e9riau respirant. Hygi\u00e9nique","og_url":"https:\/\/fornimedical.ch\/fr\/produit\/pavis-orthese-stabilisatrice-de-la-rotule-bleue\/","og_site_name":"Forni Medical GmbH","article_modified_time":"2024-08-27T13:59:29+00:00","og_image":[{"width":1551,"height":1487,"url":"https:\/\/fornimedical.ch\/wp-content\/uploads\/2024\/04\/forni-medical_pavis_kniescheibenstuetzbandage_blau.jpg","type":"image\/jpeg"}],"twitter_card":"summary_large_image","twitter_misc":{"Dur\u00e9e de lecture estim\u00e9e":"1 minute"},"schema":{"@context":"https:\/\/schema.org","@graph":[{"@type":"WebPage","@id":"https:\/\/fornimedical.ch\/fr\/produit\/pavis-orthese-stabilisatrice-de-la-rotule-bleue\/","url":"https:\/\/fornimedical.ch\/fr\/produit\/pavis-orthese-stabilisatrice-de-la-rotule-bleue\/","name":"Pavis Orth\u00e8se stabilisatrice de la rotule, bleue","isPartOf":{"@id":"https:\/\/fornimedical.ch\/fr\/#website"},"primaryImageOfPage":{"@id":"https:\/\/fornimedical.ch\/fr\/produit\/pavis-orthese-stabilisatrice-de-la-rotule-bleue\/#primaryimage"},"image":{"@id":"https:\/\/fornimedical.ch\/fr\/produit\/pavis-orthese-stabilisatrice-de-la-rotule-bleue\/#primaryimage"},"thumbnailUrl":"https:\/\/fornimedical.ch\/wp-content\/uploads\/2024\/04\/forni-medical_pavis_kniescheibenstuetzbandage_blau.jpg","datePublished":"2024-04-24T13:38:05+00:00","dateModified":"2024-08-27T13:59:29+00:00","description":"Pavis Orth\u00e8se stabilisatrice de la rotule, bleue. Hauteur: 31\u00a0cm. Facile \u00e0 utiliser: Ambidextre. Confort: Mat\u00e9riau respirant. Hygi\u00e9nique","breadcrumb":{"@id":"https:\/\/fornimedical.ch\/fr\/produit\/pavis-orthese-stabilisatrice-de-la-rotule-bleue\/#breadcrumb"},"inLanguage":"fr-FR","potentialAction":[{"@type":"ReadAction","target":["https:\/\/fornimedical.ch\/fr\/produit\/pavis-orthese-stabilisatrice-de-la-rotule-bleue\/"]}]},{"@type":"ImageObject","inLanguage":"fr-FR","@id":"https:\/\/fornimedical.ch\/fr\/produit\/pavis-orthese-stabilisatrice-de-la-rotule-bleue\/#primaryimage","url":"https:\/\/fornimedical.ch\/wp-content\/uploads\/2024\/04\/forni-medical_pavis_kniescheibenstuetzbandage_blau.jpg","contentUrl":"https:\/\/fornimedical.ch\/wp-content\/uploads\/2024\/04\/forni-medical_pavis_kniescheibenstuetzbandage_blau.jpg","width":1551,"height":1487,"caption":"Forni Medical Pavis Kniescheibenst\u00fctzbandage, blau"},{"@type":"BreadcrumbList","@id":"https:\/\/fornimedical.ch\/fr\/produit\/pavis-orthese-stabilisatrice-de-la-rotule-bleue\/#breadcrumb","itemListElement":[{"@type":"ListItem","position":1,"name":"Home","item":"https:\/\/fornimedical.ch\/fr\/"},{"@type":"ListItem","position":2,"name":"Archives boutique en ligne","item":"https:\/\/fornimedical.ch\/fr\/archives-boutique-en-ligne\/"},{"@type":"ListItem","position":3,"name":"Pavis Orth\u00e8se stabilisatrice de la rotule, bleue"}]},{"@type":"WebSite","@id":"https:\/\/fornimedical.ch\/fr\/#website","url":"https:\/\/fornimedical.ch\/fr\/","name":"Forni Medical GmbH","description":"","publisher":{"@id":"https:\/\/fornimedical.ch\/fr\/#organization"},"potentialAction":[{"@type":"SearchAction","target":{"@type":"EntryPoint","urlTemplate":"https:\/\/fornimedical.ch\/fr\/?s={search_term_string}"},"query-input":{"@type":"PropertyValueSpecification","valueRequired":true,"valueName":"search_term_string"}}],"inLanguage":"fr-FR"},{"@type":"Organization","@id":"https:\/\/fornimedical.ch\/fr\/#organization","name":"Forni Medical GmbH","url":"https:\/\/fornimedical.ch\/fr\/","logo":{"@type":"ImageObject","inLanguage":"fr-FR","@id":"https:\/\/fornimedical.ch\/fr\/#\/schema\/logo\/image\/","url":"https:\/\/fornimedical.ch\/wp-content\/uploads\/2023\/08\/logo.svg","contentUrl":"https:\/\/fornimedical.ch\/wp-content\/uploads\/2023\/08\/logo.svg","caption":"Forni Medical GmbH"},"image":{"@id":"https:\/\/fornimedical.ch\/fr\/#\/schema\/logo\/image\/"}}]}},"_links":{"self":[{"href":"https:\/\/fornimedical.ch\/fr\/wp-json\/wp\/v2\/product\/5148","targetHints":{"allow":["GET"]}}],"collection":[{"href":"https:\/\/fornimedical.ch\/fr\/wp-json\/wp\/v2\/product"}],"about":[{"href":"https:\/\/fornimedical.ch\/fr\/wp-json\/wp\/v2\/types\/product"}],"replies":[{"embeddable":true,"href":"https:\/\/fornimedical.ch\/fr\/wp-json\/wp\/v2\/comments?post=5148"}],"wp:featuredmedia":[{"embeddable":true,"href":"https:\/\/fornimedical.ch\/fr\/wp-json\/wp\/v2\/media\/4242"}],"wp:attachment":[{"href":"https:\/\/fornimedical.ch\/fr\/wp-json\/wp\/v2\/media?parent=5148"}],"wp:term":[{"taxonomy":"product_brand","embeddable":true,"href":"https:\/\/fornimedical.ch\/fr\/wp-json\/wp\/v2\/product_brand?post=5148"},{"taxonomy":"product_cat","embeddable":true,"href":"https:\/\/fornimedical.ch\/fr\/wp-json\/wp\/v2\/product_cat?post=5148"},{"taxonomy":"product_tag","embeddable":true,"href":"https:\/\/fornimedical.ch\/fr\/wp-json\/wp\/v2\/product_tag?post=5148"}],"curies":[{"name":"wp","href":"https:\/\/api.w.org\/{rel}","templated":true}]}}